{"id":14586,"date":"2025-08-16T14:11:52","date_gmt":"2025-08-16T20:11:52","guid":{"rendered":"https:\/\/acuariosupremus.com\/?post_type=product&#038;p=14586"},"modified":"2025-12-26T15:44:26","modified_gmt":"2025-12-26T21:44:26","slug":"acuario-marino-equipado-boyu-hb-1000-con-gabinete-108-lts","status":"publish","type":"product","link":"https:\/\/acuariosupremus.com\/?product=acuario-marino-equipado-boyu-hb-1000-con-gabinete-108-lts","title":{"rendered":"Acuario Marino equipado BOYU HB-1000 con gabinete 108 lts."},"content":{"rendered":"<p>El sistema de filtraci\u00f3n \u201cBack Filter\u201d del Acuario BOYU Serie HB tiene la ventaja de simplificar al m\u00e1ximo su mantenimiento, con un m\u00ednimo \u00edndice de evaporaci\u00f3n de agua y dejando libre todo el espacio que nos ofrece su gabinete de serie.<\/p>\n<p>Presentaciones Acuarios BOYU Serie HB :<\/p>\n<p>Clave Modelo: HB-1000,\u00a0 \u00a0Medidas exteriores aproximadas: 995 x 330 x 1290(l x a x h, mm) Capacidad aproximada: 108<br \/>\n(litros) Color: <strong>Blanco<\/strong>.<\/p>\n","protected":false},"excerpt":{"rendered":"<p>Acuario de arrecife con sistema de filtraci\u00f3n \u201cBack Filter\u201d.El Acuario BOYU HB-1000 esta dise\u00f1ado para mantener los sistemas de arrecife m\u00e1s ambiciosos y exigentes.<\/p>\n<p>Re\u00fane en un solo KIT el equipamiento necesario usando los mejores materiales y acabados perfectos, todo ello con dise\u00f1o minimalista muy depurado, moderno y pr\u00e1ctico.<\/p>\n<p>El Acuario BOYU HB-1000 se caracteriza por no incluir biseles, tirantes o refuerzos en su recipiente de vidrio, para obtener una imagen sobria que deja todo el protagonismo a su contenido.<\/p>\n<p>Esta l\u00ednea presenta sus acuarios desprovistos de una cubierta, dejando a libre elecci\u00f3n la iluminaci\u00f3n m\u00e1s adecuada para nuestro proyecto.Ofrece un sistema de filtraci\u00f3n \u201cBack Filter\u201d y un espumador.<\/p>\n<p>El gabinete incluido est\u00e1 construido en madera MDF\u00a0 de color blanco.<\/p>\n","protected":false},"featured_media":14587,"template":"","meta":[],"product_brand":[122],"product_cat":[40,53],"product_tag":[613,971,972,178,185],"class_list":{"0":"post-14586","1":"product","2":"type-product","3":"status-publish","4":"has-post-thumbnail","6":"product_brand-boyu","7":"product_cat-peces","8":"product_cat-peceras","9":"product_tag-acuario-boyu","10":"product_tag-acuario-boyu-hb","11":"product_tag-acuario-marino","12":"product_tag-arrecife","13":"product_tag-peces-marinos","15":"first","16":"instock","17":"sale","18":"shipping-taxable","19":"purchasable","20":"product-type-simple"},"yoast_head":"<!-- This site is optimized with the Yoast SEO plugin v27.4 - https:\/\/yoast.com\/product\/yoast-seo-wordpress\/ -->\n<title>Acuario Marino equipado BOYU HB-1000 con gabinete 108 lts. | Acuario Supremus<\/title>\n<meta name=\"description\" content=\"Acuario de arrecife filtraci\u00f3n \u201cBack Filter\u201d.El Acuario BOYU HB-1000 esta dise\u00f1ado para mantener los sistemas de arrecife m\u00e1s ambiciosos y exigentes..\" \/>\n<meta name=\"robots\" content=\"index, follow, max-snippet:-1, max-image-preview:large, max-video-preview:-1\" \/>\n<link rel=\"canonical\" href=\"https:\/\/acuariosupremus.com\/?product=acuario-marino-equipado-boyu-hb-1000-con-gabinete-108-lts\" \/>\n<meta property=\"og:locale\" content=\"es_MX\" \/>\n<meta property=\"og:type\" content=\"article\" \/>\n<meta property=\"og:title\" content=\"Acuario Marino equipado BOYU HB-1000 con gabinete 108 lts. | Acuario Supremus\" \/>\n<meta property=\"og:description\" content=\"Acuario de arrecife filtraci\u00f3n \u201cBack Filter\u201d.El Acuario BOYU HB-1000 esta dise\u00f1ado para mantener los sistemas de arrecife m\u00e1s ambiciosos y exigentes..\" \/>\n<meta property=\"og:url\" content=\"https:\/\/acuariosupremus.com\/?product=acuario-marino-equipado-boyu-hb-1000-con-gabinete-108-lts\" \/>\n<meta property=\"og:site_name\" content=\"Acuario Supremus\" \/>\n<meta property=\"article:publisher\" content=\"https:\/\/www.facebook.com\/AcuarioSupremus\" \/>\n<meta property=\"article:modified_time\" content=\"2025-12-26T21:44:26+00:00\" \/>\n<meta property=\"og:image\" content=\"https:\/\/acuariosupremus.com\/wp-content\/uploads\/2025\/08\/HB1000_01.jpg\" \/>\n\t<meta property=\"og:image:width\" content=\"800\" \/>\n\t<meta property=\"og:image:height\" content=\"800\" \/>\n\t<meta property=\"og:image:type\" content=\"image\/jpeg\" \/>\n<meta name=\"twitter:card\" content=\"summary_large_image\" \/>\n<meta name=\"twitter:site\" content=\"@AcuarioSupremus\" \/>\n<meta name=\"twitter:label1\" content=\"Tiempo de lectura\" \/>\n\t<meta name=\"twitter:data1\" content=\"1 minuto\" \/>\n<script type=\"application\/ld+json\" class=\"yoast-schema-graph\">{\"@context\":\"https:\\\/\\\/schema.org\",\"@graph\":[{\"@type\":\"WebPage\",\"@id\":\"https:\\\/\\\/acuariosupremus.com\\\/?product=acuario-marino-equipado-boyu-hb-1000-con-gabinete-108-lts\",\"url\":\"https:\\\/\\\/acuariosupremus.com\\\/?product=acuario-marino-equipado-boyu-hb-1000-con-gabinete-108-lts\",\"name\":\"Acuario Marino equipado BOYU HB-1000 con gabinete 108 lts. | Acuario Supremus\",\"isPartOf\":{\"@id\":\"https:\\\/\\\/acuariosupremus.com\\\/#website\"},\"primaryImageOfPage\":{\"@id\":\"https:\\\/\\\/acuariosupremus.com\\\/?product=acuario-marino-equipado-boyu-hb-1000-con-gabinete-108-lts#primaryimage\"},\"image\":{\"@id\":\"https:\\\/\\\/acuariosupremus.com\\\/?product=acuario-marino-equipado-boyu-hb-1000-con-gabinete-108-lts#primaryimage\"},\"thumbnailUrl\":\"https:\\\/\\\/acuariosupremus.com\\\/wp-content\\\/uploads\\\/2025\\\/08\\\/HB1000_01.jpg\",\"datePublished\":\"2025-08-16T20:11:52+00:00\",\"dateModified\":\"2025-12-26T21:44:26+00:00\",\"description\":\"Acuario de arrecife filtraci\u00f3n \u201cBack Filter\u201d.El Acuario BOYU HB-1000 esta dise\u00f1ado para mantener los sistemas de arrecife m\u00e1s ambiciosos y exigentes..\",\"breadcrumb\":{\"@id\":\"https:\\\/\\\/acuariosupremus.com\\\/?product=acuario-marino-equipado-boyu-hb-1000-con-gabinete-108-lts#breadcrumb\"},\"inLanguage\":\"es\",\"potentialAction\":[{\"@type\":\"ReadAction\",\"target\":[\"https:\\\/\\\/acuariosupremus.com\\\/?product=acuario-marino-equipado-boyu-hb-1000-con-gabinete-108-lts\"]}]},{\"@type\":\"ImageObject\",\"inLanguage\":\"es\",\"@id\":\"https:\\\/\\\/acuariosupremus.com\\\/?product=acuario-marino-equipado-boyu-hb-1000-con-gabinete-108-lts#primaryimage\",\"url\":\"https:\\\/\\\/acuariosupremus.com\\\/wp-content\\\/uploads\\\/2025\\\/08\\\/HB1000_01.jpg\",\"contentUrl\":\"https:\\\/\\\/acuariosupremus.com\\\/wp-content\\\/uploads\\\/2025\\\/08\\\/HB1000_01.jpg\",\"width\":800,\"height\":800},{\"@type\":\"BreadcrumbList\",\"@id\":\"https:\\\/\\\/acuariosupremus.com\\\/?product=acuario-marino-equipado-boyu-hb-1000-con-gabinete-108-lts#breadcrumb\",\"itemListElement\":[{\"@type\":\"ListItem\",\"position\":1,\"name\":\"Portada\",\"item\":\"https:\\\/\\\/acuariosupremus.com\\\/\"},{\"@type\":\"ListItem\",\"position\":2,\"name\":\"Tienda\",\"item\":\"https:\\\/\\\/acuariosupremus.com\\\/tienda\\\/\"},{\"@type\":\"ListItem\",\"position\":3,\"name\":\"Acuario Marino equipado BOYU HB-1000 con gabinete 108 lts.\"}]},{\"@type\":\"WebSite\",\"@id\":\"https:\\\/\\\/acuariosupremus.com\\\/#website\",\"url\":\"https:\\\/\\\/acuariosupremus.com\\\/\",\"name\":\"Acuario Supremus\",\"description\":\"Peces, Peceras y Mascotas.\",\"publisher\":{\"@id\":\"https:\\\/\\\/acuariosupremus.com\\\/#organization\"},\"potentialAction\":[{\"@type\":\"SearchAction\",\"target\":{\"@type\":\"EntryPoint\",\"urlTemplate\":\"https:\\\/\\\/acuariosupremus.com\\\/?s={search_term_string}\"},\"query-input\":{\"@type\":\"PropertyValueSpecification\",\"valueRequired\":true,\"valueName\":\"search_term_string\"}}],\"inLanguage\":\"es\"},{\"@type\":\"Organization\",\"@id\":\"https:\\\/\\\/acuariosupremus.com\\\/#organization\",\"name\":\"Acuario Supremus\",\"url\":\"https:\\\/\\\/acuariosupremus.com\\\/\",\"logo\":{\"@type\":\"ImageObject\",\"inLanguage\":\"es\",\"@id\":\"https:\\\/\\\/acuariosupremus.com\\\/#\\\/schema\\\/logo\\\/image\\\/\",\"url\":\"https:\\\/\\\/acuariosupremus.com\\\/wp-content\\\/uploads\\\/2021\\\/12\\\/cropped-logo_acuario_supremus_fn-2.png\",\"contentUrl\":\"https:\\\/\\\/acuariosupremus.com\\\/wp-content\\\/uploads\\\/2021\\\/12\\\/cropped-logo_acuario_supremus_fn-2.png\",\"width\":1000,\"height\":318,\"caption\":\"Acuario Supremus\"},\"image\":{\"@id\":\"https:\\\/\\\/acuariosupremus.com\\\/#\\\/schema\\\/logo\\\/image\\\/\"},\"sameAs\":[\"https:\\\/\\\/www.facebook.com\\\/AcuarioSupremus\",\"https:\\\/\\\/x.com\\\/AcuarioSupremus\",\"https:\\\/\\\/www.instagram.com\\\/acuariosupremus\\\/?hl=es\"]}]}<\/script>\n<!-- \/ Yoast SEO plugin. -->","yoast_head_json":{"title":"Acuario Marino equipado BOYU HB-1000 con gabinete 108 lts. | Acuario Supremus","description":"Acuario de arrecife filtraci\u00f3n \u201cBack Filter\u201d.El Acuario BOYU HB-1000 esta dise\u00f1ado para mantener los sistemas de arrecife m\u00e1s ambiciosos y exigentes..","robots":{"index":"index","follow":"follow","max-snippet":"max-snippet:-1","max-image-preview":"max-image-preview:large","max-video-preview":"max-video-preview:-1"},"canonical":"https:\/\/acuariosupremus.com\/?product=acuario-marino-equipado-boyu-hb-1000-con-gabinete-108-lts","og_locale":"es_MX","og_type":"article","og_title":"Acuario Marino equipado BOYU HB-1000 con gabinete 108 lts. | Acuario Supremus","og_description":"Acuario de arrecife filtraci\u00f3n \u201cBack Filter\u201d.El Acuario BOYU HB-1000 esta dise\u00f1ado para mantener los sistemas de arrecife m\u00e1s ambiciosos y exigentes..","og_url":"https:\/\/acuariosupremus.com\/?product=acuario-marino-equipado-boyu-hb-1000-con-gabinete-108-lts","og_site_name":"Acuario Supremus","article_publisher":"https:\/\/www.facebook.com\/AcuarioSupremus","article_modified_time":"2025-12-26T21:44:26+00:00","og_image":[{"width":800,"height":800,"url":"https:\/\/acuariosupremus.com\/wp-content\/uploads\/2025\/08\/HB1000_01.jpg","type":"image\/jpeg"}],"twitter_card":"summary_large_image","twitter_site":"@AcuarioSupremus","twitter_misc":{"Tiempo de lectura":"1 minuto"},"schema":{"@context":"https:\/\/schema.org","@graph":[{"@type":"WebPage","@id":"https:\/\/acuariosupremus.com\/?product=acuario-marino-equipado-boyu-hb-1000-con-gabinete-108-lts","url":"https:\/\/acuariosupremus.com\/?product=acuario-marino-equipado-boyu-hb-1000-con-gabinete-108-lts","name":"Acuario Marino equipado BOYU HB-1000 con gabinete 108 lts. | Acuario Supremus","isPartOf":{"@id":"https:\/\/acuariosupremus.com\/#website"},"primaryImageOfPage":{"@id":"https:\/\/acuariosupremus.com\/?product=acuario-marino-equipado-boyu-hb-1000-con-gabinete-108-lts#primaryimage"},"image":{"@id":"https:\/\/acuariosupremus.com\/?product=acuario-marino-equipado-boyu-hb-1000-con-gabinete-108-lts#primaryimage"},"thumbnailUrl":"https:\/\/acuariosupremus.com\/wp-content\/uploads\/2025\/08\/HB1000_01.jpg","datePublished":"2025-08-16T20:11:52+00:00","dateModified":"2025-12-26T21:44:26+00:00","description":"Acuario de arrecife filtraci\u00f3n \u201cBack Filter\u201d.El Acuario BOYU HB-1000 esta dise\u00f1ado para mantener los sistemas de arrecife m\u00e1s ambiciosos y exigentes..","breadcrumb":{"@id":"https:\/\/acuariosupremus.com\/?product=acuario-marino-equipado-boyu-hb-1000-con-gabinete-108-lts#breadcrumb"},"inLanguage":"es","potentialAction":[{"@type":"ReadAction","target":["https:\/\/acuariosupremus.com\/?product=acuario-marino-equipado-boyu-hb-1000-con-gabinete-108-lts"]}]},{"@type":"ImageObject","inLanguage":"es","@id":"https:\/\/acuariosupremus.com\/?product=acuario-marino-equipado-boyu-hb-1000-con-gabinete-108-lts#primaryimage","url":"https:\/\/acuariosupremus.com\/wp-content\/uploads\/2025\/08\/HB1000_01.jpg","contentUrl":"https:\/\/acuariosupremus.com\/wp-content\/uploads\/2025\/08\/HB1000_01.jpg","width":800,"height":800},{"@type":"BreadcrumbList","@id":"https:\/\/acuariosupremus.com\/?product=acuario-marino-equipado-boyu-hb-1000-con-gabinete-108-lts#breadcrumb","itemListElement":[{"@type":"ListItem","position":1,"name":"Portada","item":"https:\/\/acuariosupremus.com\/"},{"@type":"ListItem","position":2,"name":"Tienda","item":"https:\/\/acuariosupremus.com\/tienda\/"},{"@type":"ListItem","position":3,"name":"Acuario Marino equipado BOYU HB-1000 con gabinete 108 lts."}]},{"@type":"WebSite","@id":"https:\/\/acuariosupremus.com\/#website","url":"https:\/\/acuariosupremus.com\/","name":"Acuario Supremus","description":"Peces, Peceras y Mascotas.","publisher":{"@id":"https:\/\/acuariosupremus.com\/#organization"},"potentialAction":[{"@type":"SearchAction","target":{"@type":"EntryPoint","urlTemplate":"https:\/\/acuariosupremus.com\/?s={search_term_string}"},"query-input":{"@type":"PropertyValueSpecification","valueRequired":true,"valueName":"search_term_string"}}],"inLanguage":"es"},{"@type":"Organization","@id":"https:\/\/acuariosupremus.com\/#organization","name":"Acuario Supremus","url":"https:\/\/acuariosupremus.com\/","logo":{"@type":"ImageObject","inLanguage":"es","@id":"https:\/\/acuariosupremus.com\/#\/schema\/logo\/image\/","url":"https:\/\/acuariosupremus.com\/wp-content\/uploads\/2021\/12\/cropped-logo_acuario_supremus_fn-2.png","contentUrl":"https:\/\/acuariosupremus.com\/wp-content\/uploads\/2021\/12\/cropped-logo_acuario_supremus_fn-2.png","width":1000,"height":318,"caption":"Acuario Supremus"},"image":{"@id":"https:\/\/acuariosupremus.com\/#\/schema\/logo\/image\/"},"sameAs":["https:\/\/www.facebook.com\/AcuarioSupremus","https:\/\/x.com\/AcuarioSupremus","https:\/\/www.instagram.com\/acuariosupremus\/?hl=es"]}]}},"jetpack_sharing_enabled":true,"_links":{"self":[{"href":"https:\/\/acuariosupremus.com\/index.php?rest_route=\/wp\/v2\/product\/14586","targetHints":{"allow":["GET"]}}],"collection":[{"href":"https:\/\/acuariosupremus.com\/index.php?rest_route=\/wp\/v2\/product"}],"about":[{"href":"https:\/\/acuariosupremus.com\/index.php?rest_route=\/wp\/v2\/types\/product"}],"wp:featuredmedia":[{"embeddable":true,"href":"https:\/\/acuariosupremus.com\/index.php?rest_route=\/wp\/v2\/media\/14587"}],"wp:attachment":[{"href":"https:\/\/acuariosupremus.com\/index.php?rest_route=%2Fwp%2Fv2%2Fmedia&parent=14586"}],"wp:term":[{"taxonomy":"product_brand","embeddable":true,"href":"https:\/\/acuariosupremus.com\/index.php?rest_route=%2Fwp%2Fv2%2Fproduct_brand&post=14586"},{"taxonomy":"product_cat","embeddable":true,"href":"https:\/\/acuariosupremus.com\/index.php?rest_route=%2Fwp%2Fv2%2Fproduct_cat&post=14586"},{"taxonomy":"product_tag","embeddable":true,"href":"https:\/\/acuariosupremus.com\/index.php?rest_route=%2Fwp%2Fv2%2Fproduct_tag&post=14586"}],"curies":[{"name":"wp","href":"https:\/\/api.w.org\/{rel}","templated":true}]}}