{"id":14680,"date":"2025-09-24T17:31:19","date_gmt":"2025-09-24T23:31:19","guid":{"rendered":"https:\/\/acuariosupremus.com\/?post_type=product&#038;p=14680"},"modified":"2026-02-11T17:28:30","modified_gmt":"2026-02-11T23:28:30","slug":"refrescante-de-aliento-concentrado-30-ml","status":"publish","type":"product","link":"https:\/\/acuariosupremus.com\/?product=refrescante-de-aliento-concentrado-30-ml","title":{"rendered":"REFRESCANTE DE ALIENTO CONCENTRADO 30 ML"},"content":{"rendered":"<div id=\"tab-label-product.info.beneficios\" class=\"data item title active\" tabindex=\"0\" role=\"tab\" aria-labeledby=\"tab-label-product.info.beneficios-title\" data-role=\"collapsible\" data-collapsible=\"true\" aria-controls=\"product.info.beneficios\" aria-selected=\"true\" aria-expanded=\"true\">BENEFICIOS<\/div>\n<div id=\"product.info.beneficios\" class=\"data item content\" role=\"tabpanel\" data-role=\"content\" aria-labelledby=\"tab-label-product.info.beneficios\" aria-hidden=\"false\">\n<div class=\"product attribute beneficios\">\n<div class=\"value\">Mejora el aliento de tu perro: Sus ingredientes naturales ayudan a mantener un aliento fresco por mas tiempo. Disminuye la placa bacteriana: Contribuye a la higiene oral diaria, reduciendo la acumulaci\u00f3n de placa y sarro. Cuidado natural y seguro: Su f\u00f3rmula contiene extracto de romero, aloe vera y aceite de gaulteria, conocidos por sus propiedades antibacterianas y refrescantes. F\u00e1cil de usar: Ideal para complementar la rutina de limpieza dental de tu mascota sin complicaciones. Compatible con otros productos dentales: Puede combinarse con otros art\u00edculos de la l\u00ednea de cuidado dental de Fancy Pets para una optima salud bucal.<\/div>\n<div>Sabor: Frutos rojos,\u00a0 Marca:Fancy Pets,\u00a0 Especie: Perros,\u00a0 Contenido neto:\u00a0 30 ml.<\/div>\n<div>\n<div id=\"tab-label-product.info.ingredientes.formulacion\" class=\"data item title active\" tabindex=\"0\" role=\"tab\" aria-labeledby=\"tab-label-product.info.ingredientes.formulacion-title\" data-role=\"collapsible\" data-collapsible=\"true\" aria-controls=\"product.info.ingredientes.formulacion\" aria-selected=\"true\" aria-expanded=\"true\">INGREDIENTES\/FORMULACI\u00d3N<\/div>\n<div id=\"product.info.ingredientes.formulacion\" class=\"data item content\" role=\"tabpanel\" data-role=\"content\" aria-labelledby=\"tab-label-product.info.ingredientes.formulacion\" aria-hidden=\"false\">\n<div class=\"product attribute ingredientes_formulacion\">\n<div class=\"value\">Glucitol, extracto de romero, aloe vera, aceite de ricino hidrogenado, saborizante, sorbato de potasio, vitamina C, aceite de gaulteria, azul 1, Veh\u00edculo c.b.p 30 ml.<\/div>\n<div>\n<div id=\"tab-label-product.info.ingredientes.modo.de.uso\" class=\"data item title active\" tabindex=\"0\" role=\"tab\" aria-labeledby=\"tab-label-product.info.ingredientes.modo.de.uso-title\" data-role=\"collapsible\" data-collapsible=\"true\" aria-controls=\"product.info.ingredientes.modo.de.uso\" aria-selected=\"true\" aria-expanded=\"true\">MODO DE USO \/ PRECAUCIONES Y ADVERTENCIAS<\/div>\n<div id=\"product.info.ingredientes.modo.de.uso\" class=\"data item content\" role=\"tabpanel\" data-role=\"content\" aria-labelledby=\"tab-label-product.info.ingredientes.modo.de.uso\" aria-hidden=\"false\">\n<div class=\"product attribute modo_de_uso_precuaciones_y_adv\">\n<div class=\"value\">Oral. Ag\u00edtese antes de usar, Diluya 20 gotas del enjuague oral concentrado en 500 ml de agua y ofrezca durante todo el d\u00eda, una vez transcurridas 24 hrs de haber realizado la mezcla, elimine los residuos y prepare nuevamente la soluci\u00f3n.MANT\u00c9NGASE FUERA DEL ALCANCE DE NI\u00d1OS Y MASCOTAS. Este producto es un coadyuvante, no sustituye ning\u00fan tratamiento indicado por el M\u00e9dico Veterinario. Conserve el producto en su envase original. El consumo en exceso de este producto puede causar efectos adversos a la salud de las mascotas. Conserve el producto bien cerrado y alejado de la luz solar. Si observa cambios de color u olor del producto, des\u00e9chelo. PRODUCTO NO APTO PARA CONSUMO HUMANO.CONSULTE AL M\u00c9DICO VETERINARIO.<\/div>\n<\/div>\n<\/div>\n<\/div>\n<\/div>\n<\/div>\n<\/div>\n<\/div>\n<\/div>\n","protected":false},"excerpt":{"rendered":"<p>Fancy Pets\u00ae Refrescante de aliento CONCENTRADO es un producto de higiene oral diaria para perros. Ayudar\u00e1 a mejorar el aliento y a disminuir la placa bacteriana con base en sus ingredientes de origen natural. RECOMENDACIONES: Puede usarse en combinaci\u00f3n de otros productos de la l\u00ednea de cuidado dental de Fancy Pets\u00ae. Acudir con un M\u00e9dico Veterinario para mantener una \u00f3ptima salud oral. No de autorizaci\u00f3n: Q &#8211; 7290 &#8211; 115.<\/p>\n","protected":false},"featured_media":14681,"template":"","meta":[],"product_brand":[106],"product_cat":[73,83],"product_tag":[503],"class_list":{"0":"post-14680","1":"product","2":"type-product","3":"status-publish","4":"has-post-thumbnail","6":"product_brand-fancypets","7":"product_cat-perros","8":"product_cat-salud-perros","9":"product_tag-refrescante-aliento-perros","11":"first","12":"instock","13":"sale","14":"shipping-taxable","15":"purchasable","16":"product-type-simple"},"yoast_head":"<!-- This site is optimized with the Yoast SEO plugin v27.4 - https:\/\/yoast.com\/product\/yoast-seo-wordpress\/ -->\n<title>REFRESCANTE DE ALIENTO CONCENTRADO 30 ML | Acuario Supremus<\/title>\n<meta name=\"description\" content=\"Refrescante de aliento CONCENTRADO es un producto de higiene oral diaria para perros. Ayudar\u00e1 a mejorar el aliento y a disminuir la placa bacteriana\" \/>\n<meta name=\"robots\" content=\"index, follow, max-snippet:-1, max-image-preview:large, max-video-preview:-1\" \/>\n<link rel=\"canonical\" href=\"https:\/\/acuariosupremus.com\/?product=refrescante-de-aliento-concentrado-30-ml\" \/>\n<meta property=\"og:locale\" content=\"es_MX\" \/>\n<meta property=\"og:type\" content=\"article\" \/>\n<meta property=\"og:title\" content=\"REFRESCANTE DE ALIENTO CONCENTRADO 30 ML | Acuario Supremus\" \/>\n<meta property=\"og:description\" content=\"Refrescante de aliento CONCENTRADO es un producto de higiene oral diaria para perros. Ayudar\u00e1 a mejorar el aliento y a disminuir la placa bacteriana\" \/>\n<meta property=\"og:url\" content=\"https:\/\/acuariosupremus.com\/?product=refrescante-de-aliento-concentrado-30-ml\" \/>\n<meta property=\"og:site_name\" content=\"Acuario Supremus\" \/>\n<meta property=\"article:publisher\" content=\"https:\/\/www.facebook.com\/AcuarioSupremus\" \/>\n<meta property=\"article:modified_time\" content=\"2026-02-11T23:28:30+00:00\" \/>\n<meta property=\"og:image\" content=\"https:\/\/acuariosupremus.com\/wp-content\/uploads\/2025\/09\/FL3903_C.jpg\" \/>\n\t<meta property=\"og:image:width\" content=\"800\" \/>\n\t<meta property=\"og:image:height\" content=\"800\" \/>\n\t<meta property=\"og:image:type\" content=\"image\/jpeg\" \/>\n<meta name=\"twitter:card\" content=\"summary_large_image\" \/>\n<meta name=\"twitter:site\" content=\"@AcuarioSupremus\" \/>\n<meta name=\"twitter:label1\" content=\"Tiempo de lectura\" \/>\n\t<meta name=\"twitter:data1\" content=\"2 minutos\" \/>\n<script type=\"application\/ld+json\" class=\"yoast-schema-graph\">{\"@context\":\"https:\\\/\\\/schema.org\",\"@graph\":[{\"@type\":\"WebPage\",\"@id\":\"https:\\\/\\\/acuariosupremus.com\\\/?product=refrescante-de-aliento-concentrado-30-ml\",\"url\":\"https:\\\/\\\/acuariosupremus.com\\\/?product=refrescante-de-aliento-concentrado-30-ml\",\"name\":\"REFRESCANTE DE ALIENTO CONCENTRADO 30 ML | Acuario Supremus\",\"isPartOf\":{\"@id\":\"https:\\\/\\\/acuariosupremus.com\\\/#website\"},\"primaryImageOfPage\":{\"@id\":\"https:\\\/\\\/acuariosupremus.com\\\/?product=refrescante-de-aliento-concentrado-30-ml#primaryimage\"},\"image\":{\"@id\":\"https:\\\/\\\/acuariosupremus.com\\\/?product=refrescante-de-aliento-concentrado-30-ml#primaryimage\"},\"thumbnailUrl\":\"https:\\\/\\\/acuariosupremus.com\\\/wp-content\\\/uploads\\\/2025\\\/09\\\/FL3903_C.jpg\",\"datePublished\":\"2025-09-24T23:31:19+00:00\",\"dateModified\":\"2026-02-11T23:28:30+00:00\",\"description\":\"Refrescante de aliento CONCENTRADO es un producto de higiene oral diaria para perros. Ayudar\u00e1 a mejorar el aliento y a disminuir la placa bacteriana\",\"breadcrumb\":{\"@id\":\"https:\\\/\\\/acuariosupremus.com\\\/?product=refrescante-de-aliento-concentrado-30-ml#breadcrumb\"},\"inLanguage\":\"es\",\"potentialAction\":[{\"@type\":\"ReadAction\",\"target\":[\"https:\\\/\\\/acuariosupremus.com\\\/?product=refrescante-de-aliento-concentrado-30-ml\"]}]},{\"@type\":\"ImageObject\",\"inLanguage\":\"es\",\"@id\":\"https:\\\/\\\/acuariosupremus.com\\\/?product=refrescante-de-aliento-concentrado-30-ml#primaryimage\",\"url\":\"https:\\\/\\\/acuariosupremus.com\\\/wp-content\\\/uploads\\\/2025\\\/09\\\/FL3903_C.jpg\",\"contentUrl\":\"https:\\\/\\\/acuariosupremus.com\\\/wp-content\\\/uploads\\\/2025\\\/09\\\/FL3903_C.jpg\",\"width\":800,\"height\":800},{\"@type\":\"BreadcrumbList\",\"@id\":\"https:\\\/\\\/acuariosupremus.com\\\/?product=refrescante-de-aliento-concentrado-30-ml#breadcrumb\",\"itemListElement\":[{\"@type\":\"ListItem\",\"position\":1,\"name\":\"Portada\",\"item\":\"https:\\\/\\\/acuariosupremus.com\\\/\"},{\"@type\":\"ListItem\",\"position\":2,\"name\":\"Tienda\",\"item\":\"https:\\\/\\\/acuariosupremus.com\\\/tienda\\\/\"},{\"@type\":\"ListItem\",\"position\":3,\"name\":\"REFRESCANTE DE ALIENTO CONCENTRADO 30 ML\"}]},{\"@type\":\"WebSite\",\"@id\":\"https:\\\/\\\/acuariosupremus.com\\\/#website\",\"url\":\"https:\\\/\\\/acuariosupremus.com\\\/\",\"name\":\"Acuario Supremus\",\"description\":\"Peces, Peceras y Mascotas.\",\"publisher\":{\"@id\":\"https:\\\/\\\/acuariosupremus.com\\\/#organization\"},\"potentialAction\":[{\"@type\":\"SearchAction\",\"target\":{\"@type\":\"EntryPoint\",\"urlTemplate\":\"https:\\\/\\\/acuariosupremus.com\\\/?s={search_term_string}\"},\"query-input\":{\"@type\":\"PropertyValueSpecification\",\"valueRequired\":true,\"valueName\":\"search_term_string\"}}],\"inLanguage\":\"es\"},{\"@type\":\"Organization\",\"@id\":\"https:\\\/\\\/acuariosupremus.com\\\/#organization\",\"name\":\"Acuario Supremus\",\"url\":\"https:\\\/\\\/acuariosupremus.com\\\/\",\"logo\":{\"@type\":\"ImageObject\",\"inLanguage\":\"es\",\"@id\":\"https:\\\/\\\/acuariosupremus.com\\\/#\\\/schema\\\/logo\\\/image\\\/\",\"url\":\"https:\\\/\\\/acuariosupremus.com\\\/wp-content\\\/uploads\\\/2021\\\/12\\\/cropped-logo_acuario_supremus_fn-2.png\",\"contentUrl\":\"https:\\\/\\\/acuariosupremus.com\\\/wp-content\\\/uploads\\\/2021\\\/12\\\/cropped-logo_acuario_supremus_fn-2.png\",\"width\":1000,\"height\":318,\"caption\":\"Acuario Supremus\"},\"image\":{\"@id\":\"https:\\\/\\\/acuariosupremus.com\\\/#\\\/schema\\\/logo\\\/image\\\/\"},\"sameAs\":[\"https:\\\/\\\/www.facebook.com\\\/AcuarioSupremus\",\"https:\\\/\\\/x.com\\\/AcuarioSupremus\",\"https:\\\/\\\/www.instagram.com\\\/acuariosupremus\\\/?hl=es\"]}]}<\/script>\n<!-- \/ Yoast SEO plugin. -->","yoast_head_json":{"title":"REFRESCANTE DE ALIENTO CONCENTRADO 30 ML | Acuario Supremus","description":"Refrescante de aliento CONCENTRADO es un producto de higiene oral diaria para perros. Ayudar\u00e1 a mejorar el aliento y a disminuir la placa bacteriana","robots":{"index":"index","follow":"follow","max-snippet":"max-snippet:-1","max-image-preview":"max-image-preview:large","max-video-preview":"max-video-preview:-1"},"canonical":"https:\/\/acuariosupremus.com\/?product=refrescante-de-aliento-concentrado-30-ml","og_locale":"es_MX","og_type":"article","og_title":"REFRESCANTE DE ALIENTO CONCENTRADO 30 ML | Acuario Supremus","og_description":"Refrescante de aliento CONCENTRADO es un producto de higiene oral diaria para perros. Ayudar\u00e1 a mejorar el aliento y a disminuir la placa bacteriana","og_url":"https:\/\/acuariosupremus.com\/?product=refrescante-de-aliento-concentrado-30-ml","og_site_name":"Acuario Supremus","article_publisher":"https:\/\/www.facebook.com\/AcuarioSupremus","article_modified_time":"2026-02-11T23:28:30+00:00","og_image":[{"width":800,"height":800,"url":"https:\/\/acuariosupremus.com\/wp-content\/uploads\/2025\/09\/FL3903_C.jpg","type":"image\/jpeg"}],"twitter_card":"summary_large_image","twitter_site":"@AcuarioSupremus","twitter_misc":{"Tiempo de lectura":"2 minutos"},"schema":{"@context":"https:\/\/schema.org","@graph":[{"@type":"WebPage","@id":"https:\/\/acuariosupremus.com\/?product=refrescante-de-aliento-concentrado-30-ml","url":"https:\/\/acuariosupremus.com\/?product=refrescante-de-aliento-concentrado-30-ml","name":"REFRESCANTE DE ALIENTO CONCENTRADO 30 ML | Acuario Supremus","isPartOf":{"@id":"https:\/\/acuariosupremus.com\/#website"},"primaryImageOfPage":{"@id":"https:\/\/acuariosupremus.com\/?product=refrescante-de-aliento-concentrado-30-ml#primaryimage"},"image":{"@id":"https:\/\/acuariosupremus.com\/?product=refrescante-de-aliento-concentrado-30-ml#primaryimage"},"thumbnailUrl":"https:\/\/acuariosupremus.com\/wp-content\/uploads\/2025\/09\/FL3903_C.jpg","datePublished":"2025-09-24T23:31:19+00:00","dateModified":"2026-02-11T23:28:30+00:00","description":"Refrescante de aliento CONCENTRADO es un producto de higiene oral diaria para perros. Ayudar\u00e1 a mejorar el aliento y a disminuir la placa bacteriana","breadcrumb":{"@id":"https:\/\/acuariosupremus.com\/?product=refrescante-de-aliento-concentrado-30-ml#breadcrumb"},"inLanguage":"es","potentialAction":[{"@type":"ReadAction","target":["https:\/\/acuariosupremus.com\/?product=refrescante-de-aliento-concentrado-30-ml"]}]},{"@type":"ImageObject","inLanguage":"es","@id":"https:\/\/acuariosupremus.com\/?product=refrescante-de-aliento-concentrado-30-ml#primaryimage","url":"https:\/\/acuariosupremus.com\/wp-content\/uploads\/2025\/09\/FL3903_C.jpg","contentUrl":"https:\/\/acuariosupremus.com\/wp-content\/uploads\/2025\/09\/FL3903_C.jpg","width":800,"height":800},{"@type":"BreadcrumbList","@id":"https:\/\/acuariosupremus.com\/?product=refrescante-de-aliento-concentrado-30-ml#breadcrumb","itemListElement":[{"@type":"ListItem","position":1,"name":"Portada","item":"https:\/\/acuariosupremus.com\/"},{"@type":"ListItem","position":2,"name":"Tienda","item":"https:\/\/acuariosupremus.com\/tienda\/"},{"@type":"ListItem","position":3,"name":"REFRESCANTE DE ALIENTO CONCENTRADO 30 ML"}]},{"@type":"WebSite","@id":"https:\/\/acuariosupremus.com\/#website","url":"https:\/\/acuariosupremus.com\/","name":"Acuario Supremus","description":"Peces, Peceras y Mascotas.","publisher":{"@id":"https:\/\/acuariosupremus.com\/#organization"},"potentialAction":[{"@type":"SearchAction","target":{"@type":"EntryPoint","urlTemplate":"https:\/\/acuariosupremus.com\/?s={search_term_string}"},"query-input":{"@type":"PropertyValueSpecification","valueRequired":true,"valueName":"search_term_string"}}],"inLanguage":"es"},{"@type":"Organization","@id":"https:\/\/acuariosupremus.com\/#organization","name":"Acuario Supremus","url":"https:\/\/acuariosupremus.com\/","logo":{"@type":"ImageObject","inLanguage":"es","@id":"https:\/\/acuariosupremus.com\/#\/schema\/logo\/image\/","url":"https:\/\/acuariosupremus.com\/wp-content\/uploads\/2021\/12\/cropped-logo_acuario_supremus_fn-2.png","contentUrl":"https:\/\/acuariosupremus.com\/wp-content\/uploads\/2021\/12\/cropped-logo_acuario_supremus_fn-2.png","width":1000,"height":318,"caption":"Acuario Supremus"},"image":{"@id":"https:\/\/acuariosupremus.com\/#\/schema\/logo\/image\/"},"sameAs":["https:\/\/www.facebook.com\/AcuarioSupremus","https:\/\/x.com\/AcuarioSupremus","https:\/\/www.instagram.com\/acuariosupremus\/?hl=es"]}]}},"jetpack_sharing_enabled":true,"_links":{"self":[{"href":"https:\/\/acuariosupremus.com\/index.php?rest_route=\/wp\/v2\/product\/14680","targetHints":{"allow":["GET"]}}],"collection":[{"href":"https:\/\/acuariosupremus.com\/index.php?rest_route=\/wp\/v2\/product"}],"about":[{"href":"https:\/\/acuariosupremus.com\/index.php?rest_route=\/wp\/v2\/types\/product"}],"wp:featuredmedia":[{"embeddable":true,"href":"https:\/\/acuariosupremus.com\/index.php?rest_route=\/wp\/v2\/media\/14681"}],"wp:attachment":[{"href":"https:\/\/acuariosupremus.com\/index.php?rest_route=%2Fwp%2Fv2%2Fmedia&parent=14680"}],"wp:term":[{"taxonomy":"product_brand","embeddable":true,"href":"https:\/\/acuariosupremus.com\/index.php?rest_route=%2Fwp%2Fv2%2Fproduct_brand&post=14680"},{"taxonomy":"product_cat","embeddable":true,"href":"https:\/\/acuariosupremus.com\/index.php?rest_route=%2Fwp%2Fv2%2Fproduct_cat&post=14680"},{"taxonomy":"product_tag","embeddable":true,"href":"https:\/\/acuariosupremus.com\/index.php?rest_route=%2Fwp%2Fv2%2Fproduct_tag&post=14680"}],"curies":[{"name":"wp","href":"https:\/\/api.w.org\/{rel}","templated":true}]}}