{"id":14724,"date":"2025-09-25T18:02:50","date_gmt":"2025-09-26T00:02:50","guid":{"rendered":"https:\/\/acuariosupremus.com\/?post_type=product&#038;p=14724"},"modified":"2026-01-31T15:43:52","modified_gmt":"2026-01-31T21:43:52","slug":"juguete-pelotas-de-tenis-11-pzas","status":"publish","type":"product","link":"https:\/\/acuariosupremus.com\/?product=juguete-pelotas-de-tenis-11-pzas","title":{"rendered":"JUGUETE PELOTAS DE TENIS 11 PZAS"},"content":{"rendered":"<div id=\"tab-label-product.info.beneficios\" class=\"data item title active\" tabindex=\"0\" role=\"tab\" aria-labeledby=\"tab-label-product.info.beneficios-title\" data-role=\"collapsible\" data-collapsible=\"true\" aria-controls=\"product.info.beneficios\" aria-selected=\"true\" aria-expanded=\"true\">BENEFICIOS<\/div>\n<div id=\"product.info.beneficios\" class=\"data item content\" role=\"tabpanel\" data-role=\"content\" aria-labelledby=\"tab-label-product.info.beneficios\" aria-hidden=\"false\">\n<div class=\"product attribute beneficios\">\n<div class=\"value\">-Los juegos activos ayudan a la coordinaci\u00f3n y a mantenerse en buena forma.-El juego con tu perro ayuda a reforzar el v\u00ednculo emocional entre los dos.-Ayuda a reducir el estr\u00e9s y la ansiedad.<\/div>\n<div>Marca: Fancy Pets,\u00a0 Especie: Perros\u00a0 Medidas: 6.5 cm de di\u00e1metro,\u00a0 \u00a0Contenido neto:11 PZAS,\u00a0 Material: 70 % caucho natural + 30% poli\u00e9ster.<\/div>\n<div>\n<div id=\"tab-label-product.info.ingredientes.modo.de.uso\" class=\"data item title active\" tabindex=\"0\" role=\"tab\" aria-labeledby=\"tab-label-product.info.ingredientes.modo.de.uso-title\" data-role=\"collapsible\" data-collapsible=\"true\" aria-controls=\"product.info.ingredientes.modo.de.uso\" aria-selected=\"true\" aria-expanded=\"true\">MODO DE USO \/ PRECAUCIONES Y ADVERTENCIAS<\/div>\n<div id=\"product.info.ingredientes.modo.de.uso\" class=\"data item content\" role=\"tabpanel\" data-role=\"content\" aria-labelledby=\"tab-label-product.info.ingredientes.modo.de.uso\" aria-hidden=\"false\">\n<div class=\"product attribute modo_de_uso_precuaciones_y_adv\">\n<div class=\"value\">Por seguridad, si el juguete se da\u00f1a o rompe, debe reemplazarse. Este juguete no es apto para ni\u00f1os pues contiene piezas peque\u00f1as que pueden ingerirse. El uso de este producto es responsabilidad de due\u00f1o de la mascota. Limpiar con un trapo h\u00famedo.<\/div>\n<\/div>\n<\/div>\n<\/div>\n<\/div>\n<\/div>\n","protected":false},"excerpt":{"rendered":"<p>Set de pelotas con divertidos dise\u00f1os que pondr\u00e1n a prueba las habilidades y agilidad de tu canino, con su alto impacto lo tendr\u00e1n atento en todo momento. Adecuadas para juegos de b\u00fasqueda qu\u00e9 ejerciten sus m\u00fasculos y destreza.<\/p>\n","protected":false},"featured_media":14725,"template":"","meta":[],"product_brand":[106],"product_cat":[73,77],"product_tag":[328,455],"class_list":{"0":"post-14724","1":"product","2":"type-product","3":"status-publish","4":"has-post-thumbnail","6":"product_brand-fancypets","7":"product_cat-perros","8":"product_cat-juguetes-perros","9":"product_tag-juguete-para-perro","10":"product_tag-juguete-pelota","12":"first","13":"instock","14":"sale","15":"shipping-taxable","16":"purchasable","17":"product-type-simple"},"yoast_head":"<!-- This site is optimized with the Yoast SEO plugin v27.4 - https:\/\/yoast.com\/product\/yoast-seo-wordpress\/ -->\n<title>JUGUETE PELOTAS DE TENIS 11 PZAS | Acuario Supremus<\/title>\n<meta name=\"description\" content=\"Set de pelotas que pondr\u00e1n a prueba las habilidades y agilidad de tu canino,Adecuadas para juegos de b\u00fasqueda qu\u00e9 ejerciten sus m\u00fasculos y destreza.\" \/>\n<meta name=\"robots\" content=\"index, follow, max-snippet:-1, max-image-preview:large, max-video-preview:-1\" \/>\n<link rel=\"canonical\" href=\"https:\/\/acuariosupremus.com\/?product=juguete-pelotas-de-tenis-11-pzas\" \/>\n<meta property=\"og:locale\" content=\"es_MX\" \/>\n<meta property=\"og:type\" content=\"article\" \/>\n<meta property=\"og:title\" content=\"JUGUETE PELOTAS DE TENIS 11 PZAS | Acuario Supremus\" \/>\n<meta property=\"og:description\" content=\"Set de pelotas que pondr\u00e1n a prueba las habilidades y agilidad de tu canino,Adecuadas para juegos de b\u00fasqueda qu\u00e9 ejerciten sus m\u00fasculos y destreza.\" \/>\n<meta property=\"og:url\" content=\"https:\/\/acuariosupremus.com\/?product=juguete-pelotas-de-tenis-11-pzas\" \/>\n<meta property=\"og:site_name\" content=\"Acuario Supremus\" \/>\n<meta property=\"article:publisher\" content=\"https:\/\/www.facebook.com\/AcuarioSupremus\" \/>\n<meta property=\"article:modified_time\" content=\"2026-01-31T21:43:52+00:00\" \/>\n<meta property=\"og:image\" content=\"https:\/\/acuariosupremus.com\/wp-content\/uploads\/2025\/09\/FL8278.jpg\" \/>\n\t<meta property=\"og:image:width\" content=\"600\" \/>\n\t<meta property=\"og:image:height\" content=\"600\" \/>\n\t<meta property=\"og:image:type\" content=\"image\/jpeg\" \/>\n<meta name=\"twitter:card\" content=\"summary_large_image\" \/>\n<meta name=\"twitter:site\" content=\"@AcuarioSupremus\" \/>\n<meta name=\"twitter:label1\" content=\"Tiempo de lectura\" \/>\n\t<meta name=\"twitter:data1\" content=\"1 minuto\" \/>\n<script type=\"application\/ld+json\" class=\"yoast-schema-graph\">{\"@context\":\"https:\\\/\\\/schema.org\",\"@graph\":[{\"@type\":\"WebPage\",\"@id\":\"https:\\\/\\\/acuariosupremus.com\\\/?product=juguete-pelotas-de-tenis-11-pzas\",\"url\":\"https:\\\/\\\/acuariosupremus.com\\\/?product=juguete-pelotas-de-tenis-11-pzas\",\"name\":\"JUGUETE PELOTAS DE TENIS 11 PZAS | Acuario Supremus\",\"isPartOf\":{\"@id\":\"https:\\\/\\\/acuariosupremus.com\\\/#website\"},\"primaryImageOfPage\":{\"@id\":\"https:\\\/\\\/acuariosupremus.com\\\/?product=juguete-pelotas-de-tenis-11-pzas#primaryimage\"},\"image\":{\"@id\":\"https:\\\/\\\/acuariosupremus.com\\\/?product=juguete-pelotas-de-tenis-11-pzas#primaryimage\"},\"thumbnailUrl\":\"https:\\\/\\\/acuariosupremus.com\\\/wp-content\\\/uploads\\\/2025\\\/09\\\/FL8278.jpg\",\"datePublished\":\"2025-09-26T00:02:50+00:00\",\"dateModified\":\"2026-01-31T21:43:52+00:00\",\"description\":\"Set de pelotas que pondr\u00e1n a prueba las habilidades y agilidad de tu canino,Adecuadas para juegos de b\u00fasqueda qu\u00e9 ejerciten sus m\u00fasculos y destreza.\",\"breadcrumb\":{\"@id\":\"https:\\\/\\\/acuariosupremus.com\\\/?product=juguete-pelotas-de-tenis-11-pzas#breadcrumb\"},\"inLanguage\":\"es\",\"potentialAction\":[{\"@type\":\"ReadAction\",\"target\":[\"https:\\\/\\\/acuariosupremus.com\\\/?product=juguete-pelotas-de-tenis-11-pzas\"]}]},{\"@type\":\"ImageObject\",\"inLanguage\":\"es\",\"@id\":\"https:\\\/\\\/acuariosupremus.com\\\/?product=juguete-pelotas-de-tenis-11-pzas#primaryimage\",\"url\":\"https:\\\/\\\/acuariosupremus.com\\\/wp-content\\\/uploads\\\/2025\\\/09\\\/FL8278.jpg\",\"contentUrl\":\"https:\\\/\\\/acuariosupremus.com\\\/wp-content\\\/uploads\\\/2025\\\/09\\\/FL8278.jpg\",\"width\":600,\"height\":600},{\"@type\":\"BreadcrumbList\",\"@id\":\"https:\\\/\\\/acuariosupremus.com\\\/?product=juguete-pelotas-de-tenis-11-pzas#breadcrumb\",\"itemListElement\":[{\"@type\":\"ListItem\",\"position\":1,\"name\":\"Portada\",\"item\":\"https:\\\/\\\/acuariosupremus.com\\\/\"},{\"@type\":\"ListItem\",\"position\":2,\"name\":\"Tienda\",\"item\":\"https:\\\/\\\/acuariosupremus.com\\\/tienda\\\/\"},{\"@type\":\"ListItem\",\"position\":3,\"name\":\"JUGUETE PELOTAS DE TENIS 11 PZAS\"}]},{\"@type\":\"WebSite\",\"@id\":\"https:\\\/\\\/acuariosupremus.com\\\/#website\",\"url\":\"https:\\\/\\\/acuariosupremus.com\\\/\",\"name\":\"Acuario Supremus\",\"description\":\"Peces, Peceras y Mascotas.\",\"publisher\":{\"@id\":\"https:\\\/\\\/acuariosupremus.com\\\/#organization\"},\"potentialAction\":[{\"@type\":\"SearchAction\",\"target\":{\"@type\":\"EntryPoint\",\"urlTemplate\":\"https:\\\/\\\/acuariosupremus.com\\\/?s={search_term_string}\"},\"query-input\":{\"@type\":\"PropertyValueSpecification\",\"valueRequired\":true,\"valueName\":\"search_term_string\"}}],\"inLanguage\":\"es\"},{\"@type\":\"Organization\",\"@id\":\"https:\\\/\\\/acuariosupremus.com\\\/#organization\",\"name\":\"Acuario Supremus\",\"url\":\"https:\\\/\\\/acuariosupremus.com\\\/\",\"logo\":{\"@type\":\"ImageObject\",\"inLanguage\":\"es\",\"@id\":\"https:\\\/\\\/acuariosupremus.com\\\/#\\\/schema\\\/logo\\\/image\\\/\",\"url\":\"https:\\\/\\\/acuariosupremus.com\\\/wp-content\\\/uploads\\\/2021\\\/12\\\/cropped-logo_acuario_supremus_fn-2.png\",\"contentUrl\":\"https:\\\/\\\/acuariosupremus.com\\\/wp-content\\\/uploads\\\/2021\\\/12\\\/cropped-logo_acuario_supremus_fn-2.png\",\"width\":1000,\"height\":318,\"caption\":\"Acuario Supremus\"},\"image\":{\"@id\":\"https:\\\/\\\/acuariosupremus.com\\\/#\\\/schema\\\/logo\\\/image\\\/\"},\"sameAs\":[\"https:\\\/\\\/www.facebook.com\\\/AcuarioSupremus\",\"https:\\\/\\\/x.com\\\/AcuarioSupremus\",\"https:\\\/\\\/www.instagram.com\\\/acuariosupremus\\\/?hl=es\"]}]}<\/script>\n<!-- \/ Yoast SEO plugin. -->","yoast_head_json":{"title":"JUGUETE PELOTAS DE TENIS 11 PZAS | Acuario Supremus","description":"Set de pelotas que pondr\u00e1n a prueba las habilidades y agilidad de tu canino,Adecuadas para juegos de b\u00fasqueda qu\u00e9 ejerciten sus m\u00fasculos y destreza.","robots":{"index":"index","follow":"follow","max-snippet":"max-snippet:-1","max-image-preview":"max-image-preview:large","max-video-preview":"max-video-preview:-1"},"canonical":"https:\/\/acuariosupremus.com\/?product=juguete-pelotas-de-tenis-11-pzas","og_locale":"es_MX","og_type":"article","og_title":"JUGUETE PELOTAS DE TENIS 11 PZAS | Acuario Supremus","og_description":"Set de pelotas que pondr\u00e1n a prueba las habilidades y agilidad de tu canino,Adecuadas para juegos de b\u00fasqueda qu\u00e9 ejerciten sus m\u00fasculos y destreza.","og_url":"https:\/\/acuariosupremus.com\/?product=juguete-pelotas-de-tenis-11-pzas","og_site_name":"Acuario Supremus","article_publisher":"https:\/\/www.facebook.com\/AcuarioSupremus","article_modified_time":"2026-01-31T21:43:52+00:00","og_image":[{"width":600,"height":600,"url":"https:\/\/acuariosupremus.com\/wp-content\/uploads\/2025\/09\/FL8278.jpg","type":"image\/jpeg"}],"twitter_card":"summary_large_image","twitter_site":"@AcuarioSupremus","twitter_misc":{"Tiempo de lectura":"1 minuto"},"schema":{"@context":"https:\/\/schema.org","@graph":[{"@type":"WebPage","@id":"https:\/\/acuariosupremus.com\/?product=juguete-pelotas-de-tenis-11-pzas","url":"https:\/\/acuariosupremus.com\/?product=juguete-pelotas-de-tenis-11-pzas","name":"JUGUETE PELOTAS DE TENIS 11 PZAS | Acuario Supremus","isPartOf":{"@id":"https:\/\/acuariosupremus.com\/#website"},"primaryImageOfPage":{"@id":"https:\/\/acuariosupremus.com\/?product=juguete-pelotas-de-tenis-11-pzas#primaryimage"},"image":{"@id":"https:\/\/acuariosupremus.com\/?product=juguete-pelotas-de-tenis-11-pzas#primaryimage"},"thumbnailUrl":"https:\/\/acuariosupremus.com\/wp-content\/uploads\/2025\/09\/FL8278.jpg","datePublished":"2025-09-26T00:02:50+00:00","dateModified":"2026-01-31T21:43:52+00:00","description":"Set de pelotas que pondr\u00e1n a prueba las habilidades y agilidad de tu canino,Adecuadas para juegos de b\u00fasqueda qu\u00e9 ejerciten sus m\u00fasculos y destreza.","breadcrumb":{"@id":"https:\/\/acuariosupremus.com\/?product=juguete-pelotas-de-tenis-11-pzas#breadcrumb"},"inLanguage":"es","potentialAction":[{"@type":"ReadAction","target":["https:\/\/acuariosupremus.com\/?product=juguete-pelotas-de-tenis-11-pzas"]}]},{"@type":"ImageObject","inLanguage":"es","@id":"https:\/\/acuariosupremus.com\/?product=juguete-pelotas-de-tenis-11-pzas#primaryimage","url":"https:\/\/acuariosupremus.com\/wp-content\/uploads\/2025\/09\/FL8278.jpg","contentUrl":"https:\/\/acuariosupremus.com\/wp-content\/uploads\/2025\/09\/FL8278.jpg","width":600,"height":600},{"@type":"BreadcrumbList","@id":"https:\/\/acuariosupremus.com\/?product=juguete-pelotas-de-tenis-11-pzas#breadcrumb","itemListElement":[{"@type":"ListItem","position":1,"name":"Portada","item":"https:\/\/acuariosupremus.com\/"},{"@type":"ListItem","position":2,"name":"Tienda","item":"https:\/\/acuariosupremus.com\/tienda\/"},{"@type":"ListItem","position":3,"name":"JUGUETE PELOTAS DE TENIS 11 PZAS"}]},{"@type":"WebSite","@id":"https:\/\/acuariosupremus.com\/#website","url":"https:\/\/acuariosupremus.com\/","name":"Acuario Supremus","description":"Peces, Peceras y Mascotas.","publisher":{"@id":"https:\/\/acuariosupremus.com\/#organization"},"potentialAction":[{"@type":"SearchAction","target":{"@type":"EntryPoint","urlTemplate":"https:\/\/acuariosupremus.com\/?s={search_term_string}"},"query-input":{"@type":"PropertyValueSpecification","valueRequired":true,"valueName":"search_term_string"}}],"inLanguage":"es"},{"@type":"Organization","@id":"https:\/\/acuariosupremus.com\/#organization","name":"Acuario Supremus","url":"https:\/\/acuariosupremus.com\/","logo":{"@type":"ImageObject","inLanguage":"es","@id":"https:\/\/acuariosupremus.com\/#\/schema\/logo\/image\/","url":"https:\/\/acuariosupremus.com\/wp-content\/uploads\/2021\/12\/cropped-logo_acuario_supremus_fn-2.png","contentUrl":"https:\/\/acuariosupremus.com\/wp-content\/uploads\/2021\/12\/cropped-logo_acuario_supremus_fn-2.png","width":1000,"height":318,"caption":"Acuario Supremus"},"image":{"@id":"https:\/\/acuariosupremus.com\/#\/schema\/logo\/image\/"},"sameAs":["https:\/\/www.facebook.com\/AcuarioSupremus","https:\/\/x.com\/AcuarioSupremus","https:\/\/www.instagram.com\/acuariosupremus\/?hl=es"]}]}},"jetpack_sharing_enabled":true,"_links":{"self":[{"href":"https:\/\/acuariosupremus.com\/index.php?rest_route=\/wp\/v2\/product\/14724","targetHints":{"allow":["GET"]}}],"collection":[{"href":"https:\/\/acuariosupremus.com\/index.php?rest_route=\/wp\/v2\/product"}],"about":[{"href":"https:\/\/acuariosupremus.com\/index.php?rest_route=\/wp\/v2\/types\/product"}],"wp:featuredmedia":[{"embeddable":true,"href":"https:\/\/acuariosupremus.com\/index.php?rest_route=\/wp\/v2\/media\/14725"}],"wp:attachment":[{"href":"https:\/\/acuariosupremus.com\/index.php?rest_route=%2Fwp%2Fv2%2Fmedia&parent=14724"}],"wp:term":[{"taxonomy":"product_brand","embeddable":true,"href":"https:\/\/acuariosupremus.com\/index.php?rest_route=%2Fwp%2Fv2%2Fproduct_brand&post=14724"},{"taxonomy":"product_cat","embeddable":true,"href":"https:\/\/acuariosupremus.com\/index.php?rest_route=%2Fwp%2Fv2%2Fproduct_cat&post=14724"},{"taxonomy":"product_tag","embeddable":true,"href":"https:\/\/acuariosupremus.com\/index.php?rest_route=%2Fwp%2Fv2%2Fproduct_tag&post=14724"}],"curies":[{"name":"wp","href":"https:\/\/api.w.org\/{rel}","templated":true}]}}