{"id":14779,"date":"2025-09-27T16:49:07","date_gmt":"2025-09-27T22:49:07","guid":{"rendered":"https:\/\/acuariosupremus.com\/?post_type=product&#038;p=14779"},"modified":"2025-12-30T16:50:09","modified_gmt":"2025-12-30T22:50:09","slug":"calentador-de-inmersion-de-titanio-300-w","status":"publish","type":"product","link":"https:\/\/acuariosupremus.com\/?product=calentador-de-inmersion-de-titanio-300-w","title":{"rendered":"Calentador de inmersi\u00f3n de titanio 300 W"},"content":{"rendered":"<p data-start=\"2268\" data-end=\"2300\"><strong>ESPECIFICACIONES T\u00c9CNICAS<\/strong><\/p>\n<ul>\n<li data-start=\"2791\" data-end=\"2820\"><strong data-start=\"2791\" data-end=\"2803\">Voltaje:<\/strong>\u00a0AC 115V \/ 60Hz<\/li>\n<li style=\"list-style-type: none;\">\n<ul data-start=\"2789\" data-end=\"3070\">\n<li data-start=\"2821\" data-end=\"2855\">\n<p data-start=\"2823\" data-end=\"2855\"><strong data-start=\"2823\" data-end=\"2848\">Precisi\u00f3n de ajuste\u00a0<\/strong>\u00a0\u00b11\u00b0C<\/p>\n<\/li>\n<li data-start=\"2856\" data-end=\"2897\">\n<p data-start=\"2858\" data-end=\"2897\"><strong data-start=\"2858\" data-end=\"2883\">Rango de temperatura:<\/strong>\u00a020\u00b0C a 35\u00b0C<\/p>\n<\/li>\n<li data-start=\"2898\" data-end=\"2946\">\n<p data-start=\"2900\" data-end=\"2946\"><strong data-start=\"2900\" data-end=\"2936\">Profundidad m\u00e1xima de inmersi\u00f3n:<\/strong>\u00a01 metro<\/p>\n<\/li>\n<li data-start=\"2947\" data-end=\"3001\">\n<p data-start=\"2949\" data-end=\"3001\"><strong data-start=\"2949\" data-end=\"2964\">Materiales:<\/strong>\u00a0Aleaci\u00f3n de titanio + pl\u00e1stico ABS<\/p>\n<\/li>\n<li data-start=\"3002\" data-end=\"3070\">\n<p data-start=\"3004\" data-end=\"3070\"><strong data-start=\"3004\" data-end=\"3024\">Uso recomendado:<\/strong> S\u00f3lo para acuarios en interiores<\/p>\n<\/li>\n<\/ul>\n<\/li>\n<\/ul>\n<p data-start=\"2995\" data-end=\"3024\"><strong>RECOMENDACIONES DE USO<\/strong><\/p>\n<ul data-start=\"3026\" data-end=\"3300\">\n<li data-start=\"3026\" data-end=\"3069\">\n<p data-start=\"3028\" data-end=\"3069\">No enterrar el calentador en el sustrato.<\/p>\n<\/li>\n<li data-start=\"3070\" data-end=\"3120\">\n<p data-start=\"3072\" data-end=\"3120\">Instalar en zonas con buena circulaci\u00f3n de agua.<\/p>\n<\/li>\n<li data-start=\"3121\" data-end=\"3188\">\n<p data-start=\"3123\" data-end=\"3188\">Asegurarse de que el tubo de cuarzo est\u00e9 completamente sumergido.<\/p>\n<\/li>\n<li data-start=\"3189\" data-end=\"3300\">\n<p data-start=\"3191\" data-end=\"3300\">Colocar en una zona accesible para el mantenimiento y evitando zonas con poca circulaci\u00f3n.<\/p>\n<\/li>\n<\/ul>\n","protected":false},"excerpt":{"rendered":"<p data-start=\"369\" data-end=\"686\">Los calentadores sumergibles I-H975 (300W) e I-H976 (500W) est\u00e1n dise\u00f1ados para acuarios que requieren\u00a0<strong data-start=\"472\" data-end=\"493\">precisi\u00f3n t\u00e9rmica<\/strong>, seguridad y alta durabilidad. Fabricados en\u00a0<strong data-start=\"539\" data-end=\"582\">aleaci\u00f3n de titanio<\/strong>, cuentan con\u00a0<strong data-start=\"593\" data-end=\"621\">doble termostato digital<\/strong>\u00a0con pantallas LED que muestran la temperatura real y la deseada.<\/p>\n<p data-start=\"688\" data-end=\"894\">Cuentan con\u00a0<strong data-start=\"700\" data-end=\"740\">protecci\u00f3n contra sobrecalentamiento<\/strong>, autoapagado al retirarse del agua y reinicio autom\u00e1tico al enfriarse. Son ideales para acuarios interiores con vol\u00famenes de 160 a 500 litros.<\/p>\n<p data-start=\"1531\" data-end=\"1583\"><strong data-start=\"1531\" data-end=\"1581\">1. Termostato doble con protecci\u00f3n inteligente<\/strong><\/p>\n<ul data-start=\"1584\" data-end=\"1810\">\n<li data-start=\"1584\" data-end=\"1685\">\n<p data-start=\"1586\" data-end=\"1685\">Termostato principal: permite ajustar la temperatura entre\u00a0<strong data-start=\"1645\" data-end=\"1660\">20\u00b0C y 35\u00b0C<\/strong>\u00a0con precisi\u00f3n de \u00b11\u00b0C.<\/p>\n<\/li>\n<li data-start=\"1686\" data-end=\"1810\">\n<p data-start=\"1688\" data-end=\"1810\">Termostato de seguridad: apaga autom\u00e1ticamente el calentador si el agua excede los\u00a0<strong data-start=\"1771\" data-end=\"1779\">36\u00b0C<\/strong>, evitando sobrecalentamientos.<\/p>\n<\/li>\n<\/ul>\n<p data-start=\"1812\" data-end=\"1995\"><strong data-start=\"1812\" data-end=\"1844\">2. Doble display digital LED<\/strong><br data-start=\"1844\" data-end=\"1847\" \/>Muestra simult\u00e1neamente la temperatura\u00a0<strong data-start=\"1886\" data-end=\"1905\">actual del agua<\/strong>\u00a0(superior) y la temperatura\u00a0<strong data-start=\"1934\" data-end=\"1945\">deseada<\/strong>\u00a0(inferior), para facilitar el monitoreo y ajuste.<\/p>\n<p data-start=\"1997\" data-end=\"2190\"><strong data-start=\"1997\" data-end=\"2038\">3. Construcci\u00f3n con aleaci\u00f3n de titanio<\/strong><br data-start=\"2038\" data-end=\"2041\" \/>El tubo calefactor est\u00e1 fabricado en aleaci\u00f3n de titanio, resistente a la corrosi\u00f3n y altas temperaturas. Ideal para acuarios de agua dulce o salada.<\/p>\n<p data-start=\"2192\" data-end=\"2366\"><strong data-start=\"2192\" data-end=\"2230\">4. Autoapagado al retirar del agua<\/strong><br data-start=\"2230\" data-end=\"2233\" \/>El calentador se apaga autom\u00e1ticamente si es retirado del agua, y reanuda su operaci\u00f3n segura cuando se enfr\u00eda y vuelve a sumergirse.<\/p>\n<p data-start=\"2368\" data-end=\"2404\"><strong data-start=\"2368\" data-end=\"2402\">5. Luces indicadoras de estado<\/strong><\/p>\n<ul data-start=\"2405\" data-end=\"2522\">\n<li data-start=\"2405\" data-end=\"2432\">\n<p data-start=\"2407\" data-end=\"2432\"><img decoding=\"async\" class=\"emoji lazyload\" role=\"img\" draggable=\"false\" data-src=\"https:\/\/s.w.org\/images\/core\/emoji\/16.0.1\/svg\/1f7e2.svg\" alt=\"\ud83d\udfe2\" src=\"data:image\/svg+xml;base64,PHN2ZyB3aWR0aD0iMSIgaGVpZ2h0PSIxIiB4bWxucz0iaHR0cDovL3d3dy53My5vcmcvMjAwMC9zdmciPjwvc3ZnPg==\" \/>\u00a0Luz verde: Encendido<\/p>\n<\/li>\n<li data-start=\"2433\" data-end=\"2460\">\n<p data-start=\"2435\" data-end=\"2460\"><img decoding=\"async\" class=\"emoji lazyload\" role=\"img\" draggable=\"false\" data-src=\"https:\/\/s.w.org\/images\/core\/emoji\/16.0.1\/svg\/1f534.svg\" alt=\"\ud83d\udd34\" src=\"data:image\/svg+xml;base64,PHN2ZyB3aWR0aD0iMSIgaGVpZ2h0PSIxIiB4bWxucz0iaHR0cDovL3d3dy53My5vcmcvMjAwMC9zdmciPjwvc3ZnPg==\" \/>\u00a0Luz roja: Calentando<\/p>\n<\/li>\n<li data-start=\"2461\" data-end=\"2522\">\n<p data-start=\"2463\" data-end=\"2522\"><img decoding=\"async\" class=\"emoji lazyload\" role=\"img\" draggable=\"false\" data-src=\"https:\/\/s.w.org\/images\/core\/emoji\/16.0.1\/svg\/1f7e1.svg\" alt=\"\ud83d\udfe1\" src=\"data:image\/svg+xml;base64,PHN2ZyB3aWR0aD0iMSIgaGVpZ2h0PSIxIiB4bWxucz0iaHR0cDovL3d3dy53My5vcmcvMjAwMC9zdmciPjwvc3ZnPg==\" \/>\u00a0Luz amarilla: Protecci\u00f3n por sobrecalentamiento activada<\/p>\n<\/li>\n<\/ul>\n","protected":false},"featured_media":14780,"template":"","meta":[],"product_brand":[127],"product_cat":[40,65],"product_tag":[246],"class_list":{"0":"post-14779","1":"product","2":"type-product","3":"status-publish","4":"has-post-thumbnail","6":"product_brand-ista","7":"product_cat-peces","8":"product_cat-termostatos-y-calentadores","9":"product_tag-termostato-peces","11":"first","12":"instock","13":"sale","14":"shipping-taxable","15":"purchasable","16":"product-type-simple"},"yoast_head":"<!-- This site is optimized with the Yoast SEO plugin v27.4 - https:\/\/yoast.com\/product\/yoast-seo-wordpress\/ -->\n<title>Calentador de inmersi\u00f3n de titanio 300 W | Acuario Supremus<\/title>\n<meta name=\"description\" content=\"Los calentadores sumergibles I-H975 (300W) dise\u00f1ados para acuarios que requieren\u00a0precisi\u00f3n t\u00e9rmica, seguridad y alta durabilidad.\" \/>\n<meta name=\"robots\" content=\"index, follow, max-snippet:-1, max-image-preview:large, max-video-preview:-1\" \/>\n<link rel=\"canonical\" href=\"https:\/\/acuariosupremus.com\/?product=calentador-de-inmersion-de-titanio-300-w\" \/>\n<meta property=\"og:locale\" content=\"es_MX\" \/>\n<meta property=\"og:type\" content=\"article\" \/>\n<meta property=\"og:title\" content=\"Calentador de inmersi\u00f3n de titanio 300 W | Acuario Supremus\" \/>\n<meta property=\"og:description\" content=\"Los calentadores sumergibles I-H975 (300W) dise\u00f1ados para acuarios que requieren\u00a0precisi\u00f3n t\u00e9rmica, seguridad y alta durabilidad.\" \/>\n<meta property=\"og:url\" content=\"https:\/\/acuariosupremus.com\/?product=calentador-de-inmersion-de-titanio-300-w\" \/>\n<meta property=\"og:site_name\" content=\"Acuario Supremus\" \/>\n<meta property=\"article:publisher\" content=\"https:\/\/www.facebook.com\/AcuarioSupremus\" \/>\n<meta property=\"article:modified_time\" content=\"2025-12-30T22:50:09+00:00\" \/>\n<meta property=\"og:image\" content=\"https:\/\/acuariosupremus.com\/wp-content\/uploads\/2025\/09\/foto_I-H975_01.jpg\" \/>\n\t<meta property=\"og:image:width\" content=\"800\" \/>\n\t<meta property=\"og:image:height\" content=\"800\" \/>\n\t<meta property=\"og:image:type\" content=\"image\/jpeg\" \/>\n<meta name=\"twitter:card\" content=\"summary_large_image\" \/>\n<meta name=\"twitter:site\" content=\"@AcuarioSupremus\" \/>\n<meta name=\"twitter:label1\" content=\"Tiempo de lectura\" \/>\n\t<meta name=\"twitter:data1\" content=\"1 minuto\" \/>\n<script type=\"application\/ld+json\" class=\"yoast-schema-graph\">{\"@context\":\"https:\\\/\\\/schema.org\",\"@graph\":[{\"@type\":\"WebPage\",\"@id\":\"https:\\\/\\\/acuariosupremus.com\\\/?product=calentador-de-inmersion-de-titanio-300-w\",\"url\":\"https:\\\/\\\/acuariosupremus.com\\\/?product=calentador-de-inmersion-de-titanio-300-w\",\"name\":\"Calentador de inmersi\u00f3n de titanio 300 W | Acuario Supremus\",\"isPartOf\":{\"@id\":\"https:\\\/\\\/acuariosupremus.com\\\/#website\"},\"primaryImageOfPage\":{\"@id\":\"https:\\\/\\\/acuariosupremus.com\\\/?product=calentador-de-inmersion-de-titanio-300-w#primaryimage\"},\"image\":{\"@id\":\"https:\\\/\\\/acuariosupremus.com\\\/?product=calentador-de-inmersion-de-titanio-300-w#primaryimage\"},\"thumbnailUrl\":\"https:\\\/\\\/acuariosupremus.com\\\/wp-content\\\/uploads\\\/2025\\\/09\\\/foto_I-H975_01.jpg\",\"datePublished\":\"2025-09-27T22:49:07+00:00\",\"dateModified\":\"2025-12-30T22:50:09+00:00\",\"description\":\"Los calentadores sumergibles I-H975 (300W) dise\u00f1ados para acuarios que requieren\u00a0precisi\u00f3n t\u00e9rmica, seguridad y alta durabilidad.\",\"breadcrumb\":{\"@id\":\"https:\\\/\\\/acuariosupremus.com\\\/?product=calentador-de-inmersion-de-titanio-300-w#breadcrumb\"},\"inLanguage\":\"es\",\"potentialAction\":[{\"@type\":\"ReadAction\",\"target\":[\"https:\\\/\\\/acuariosupremus.com\\\/?product=calentador-de-inmersion-de-titanio-300-w\"]}]},{\"@type\":\"ImageObject\",\"inLanguage\":\"es\",\"@id\":\"https:\\\/\\\/acuariosupremus.com\\\/?product=calentador-de-inmersion-de-titanio-300-w#primaryimage\",\"url\":\"https:\\\/\\\/acuariosupremus.com\\\/wp-content\\\/uploads\\\/2025\\\/09\\\/foto_I-H975_01.jpg\",\"contentUrl\":\"https:\\\/\\\/acuariosupremus.com\\\/wp-content\\\/uploads\\\/2025\\\/09\\\/foto_I-H975_01.jpg\",\"width\":800,\"height\":800},{\"@type\":\"BreadcrumbList\",\"@id\":\"https:\\\/\\\/acuariosupremus.com\\\/?product=calentador-de-inmersion-de-titanio-300-w#breadcrumb\",\"itemListElement\":[{\"@type\":\"ListItem\",\"position\":1,\"name\":\"Portada\",\"item\":\"https:\\\/\\\/acuariosupremus.com\\\/\"},{\"@type\":\"ListItem\",\"position\":2,\"name\":\"Tienda\",\"item\":\"https:\\\/\\\/acuariosupremus.com\\\/tienda\\\/\"},{\"@type\":\"ListItem\",\"position\":3,\"name\":\"Calentador de inmersi\u00f3n de titanio 300 W\"}]},{\"@type\":\"WebSite\",\"@id\":\"https:\\\/\\\/acuariosupremus.com\\\/#website\",\"url\":\"https:\\\/\\\/acuariosupremus.com\\\/\",\"name\":\"Acuario Supremus\",\"description\":\"Peces, Peceras y Mascotas.\",\"publisher\":{\"@id\":\"https:\\\/\\\/acuariosupremus.com\\\/#organization\"},\"potentialAction\":[{\"@type\":\"SearchAction\",\"target\":{\"@type\":\"EntryPoint\",\"urlTemplate\":\"https:\\\/\\\/acuariosupremus.com\\\/?s={search_term_string}\"},\"query-input\":{\"@type\":\"PropertyValueSpecification\",\"valueRequired\":true,\"valueName\":\"search_term_string\"}}],\"inLanguage\":\"es\"},{\"@type\":\"Organization\",\"@id\":\"https:\\\/\\\/acuariosupremus.com\\\/#organization\",\"name\":\"Acuario Supremus\",\"url\":\"https:\\\/\\\/acuariosupremus.com\\\/\",\"logo\":{\"@type\":\"ImageObject\",\"inLanguage\":\"es\",\"@id\":\"https:\\\/\\\/acuariosupremus.com\\\/#\\\/schema\\\/logo\\\/image\\\/\",\"url\":\"https:\\\/\\\/acuariosupremus.com\\\/wp-content\\\/uploads\\\/2021\\\/12\\\/cropped-logo_acuario_supremus_fn-2.png\",\"contentUrl\":\"https:\\\/\\\/acuariosupremus.com\\\/wp-content\\\/uploads\\\/2021\\\/12\\\/cropped-logo_acuario_supremus_fn-2.png\",\"width\":1000,\"height\":318,\"caption\":\"Acuario Supremus\"},\"image\":{\"@id\":\"https:\\\/\\\/acuariosupremus.com\\\/#\\\/schema\\\/logo\\\/image\\\/\"},\"sameAs\":[\"https:\\\/\\\/www.facebook.com\\\/AcuarioSupremus\",\"https:\\\/\\\/x.com\\\/AcuarioSupremus\",\"https:\\\/\\\/www.instagram.com\\\/acuariosupremus\\\/?hl=es\"]}]}<\/script>\n<!-- \/ Yoast SEO plugin. -->","yoast_head_json":{"title":"Calentador de inmersi\u00f3n de titanio 300 W | Acuario Supremus","description":"Los calentadores sumergibles I-H975 (300W) dise\u00f1ados para acuarios que requieren\u00a0precisi\u00f3n t\u00e9rmica, seguridad y alta durabilidad.","robots":{"index":"index","follow":"follow","max-snippet":"max-snippet:-1","max-image-preview":"max-image-preview:large","max-video-preview":"max-video-preview:-1"},"canonical":"https:\/\/acuariosupremus.com\/?product=calentador-de-inmersion-de-titanio-300-w","og_locale":"es_MX","og_type":"article","og_title":"Calentador de inmersi\u00f3n de titanio 300 W | Acuario Supremus","og_description":"Los calentadores sumergibles I-H975 (300W) dise\u00f1ados para acuarios que requieren\u00a0precisi\u00f3n t\u00e9rmica, seguridad y alta durabilidad.","og_url":"https:\/\/acuariosupremus.com\/?product=calentador-de-inmersion-de-titanio-300-w","og_site_name":"Acuario Supremus","article_publisher":"https:\/\/www.facebook.com\/AcuarioSupremus","article_modified_time":"2025-12-30T22:50:09+00:00","og_image":[{"width":800,"height":800,"url":"https:\/\/acuariosupremus.com\/wp-content\/uploads\/2025\/09\/foto_I-H975_01.jpg","type":"image\/jpeg"}],"twitter_card":"summary_large_image","twitter_site":"@AcuarioSupremus","twitter_misc":{"Tiempo de lectura":"1 minuto"},"schema":{"@context":"https:\/\/schema.org","@graph":[{"@type":"WebPage","@id":"https:\/\/acuariosupremus.com\/?product=calentador-de-inmersion-de-titanio-300-w","url":"https:\/\/acuariosupremus.com\/?product=calentador-de-inmersion-de-titanio-300-w","name":"Calentador de inmersi\u00f3n de titanio 300 W | Acuario Supremus","isPartOf":{"@id":"https:\/\/acuariosupremus.com\/#website"},"primaryImageOfPage":{"@id":"https:\/\/acuariosupremus.com\/?product=calentador-de-inmersion-de-titanio-300-w#primaryimage"},"image":{"@id":"https:\/\/acuariosupremus.com\/?product=calentador-de-inmersion-de-titanio-300-w#primaryimage"},"thumbnailUrl":"https:\/\/acuariosupremus.com\/wp-content\/uploads\/2025\/09\/foto_I-H975_01.jpg","datePublished":"2025-09-27T22:49:07+00:00","dateModified":"2025-12-30T22:50:09+00:00","description":"Los calentadores sumergibles I-H975 (300W) dise\u00f1ados para acuarios que requieren\u00a0precisi\u00f3n t\u00e9rmica, seguridad y alta durabilidad.","breadcrumb":{"@id":"https:\/\/acuariosupremus.com\/?product=calentador-de-inmersion-de-titanio-300-w#breadcrumb"},"inLanguage":"es","potentialAction":[{"@type":"ReadAction","target":["https:\/\/acuariosupremus.com\/?product=calentador-de-inmersion-de-titanio-300-w"]}]},{"@type":"ImageObject","inLanguage":"es","@id":"https:\/\/acuariosupremus.com\/?product=calentador-de-inmersion-de-titanio-300-w#primaryimage","url":"https:\/\/acuariosupremus.com\/wp-content\/uploads\/2025\/09\/foto_I-H975_01.jpg","contentUrl":"https:\/\/acuariosupremus.com\/wp-content\/uploads\/2025\/09\/foto_I-H975_01.jpg","width":800,"height":800},{"@type":"BreadcrumbList","@id":"https:\/\/acuariosupremus.com\/?product=calentador-de-inmersion-de-titanio-300-w#breadcrumb","itemListElement":[{"@type":"ListItem","position":1,"name":"Portada","item":"https:\/\/acuariosupremus.com\/"},{"@type":"ListItem","position":2,"name":"Tienda","item":"https:\/\/acuariosupremus.com\/tienda\/"},{"@type":"ListItem","position":3,"name":"Calentador de inmersi\u00f3n de titanio 300 W"}]},{"@type":"WebSite","@id":"https:\/\/acuariosupremus.com\/#website","url":"https:\/\/acuariosupremus.com\/","name":"Acuario Supremus","description":"Peces, Peceras y Mascotas.","publisher":{"@id":"https:\/\/acuariosupremus.com\/#organization"},"potentialAction":[{"@type":"SearchAction","target":{"@type":"EntryPoint","urlTemplate":"https:\/\/acuariosupremus.com\/?s={search_term_string}"},"query-input":{"@type":"PropertyValueSpecification","valueRequired":true,"valueName":"search_term_string"}}],"inLanguage":"es"},{"@type":"Organization","@id":"https:\/\/acuariosupremus.com\/#organization","name":"Acuario Supremus","url":"https:\/\/acuariosupremus.com\/","logo":{"@type":"ImageObject","inLanguage":"es","@id":"https:\/\/acuariosupremus.com\/#\/schema\/logo\/image\/","url":"https:\/\/acuariosupremus.com\/wp-content\/uploads\/2021\/12\/cropped-logo_acuario_supremus_fn-2.png","contentUrl":"https:\/\/acuariosupremus.com\/wp-content\/uploads\/2021\/12\/cropped-logo_acuario_supremus_fn-2.png","width":1000,"height":318,"caption":"Acuario Supremus"},"image":{"@id":"https:\/\/acuariosupremus.com\/#\/schema\/logo\/image\/"},"sameAs":["https:\/\/www.facebook.com\/AcuarioSupremus","https:\/\/x.com\/AcuarioSupremus","https:\/\/www.instagram.com\/acuariosupremus\/?hl=es"]}]}},"jetpack_sharing_enabled":true,"_links":{"self":[{"href":"https:\/\/acuariosupremus.com\/index.php?rest_route=\/wp\/v2\/product\/14779","targetHints":{"allow":["GET"]}}],"collection":[{"href":"https:\/\/acuariosupremus.com\/index.php?rest_route=\/wp\/v2\/product"}],"about":[{"href":"https:\/\/acuariosupremus.com\/index.php?rest_route=\/wp\/v2\/types\/product"}],"wp:featuredmedia":[{"embeddable":true,"href":"https:\/\/acuariosupremus.com\/index.php?rest_route=\/wp\/v2\/media\/14780"}],"wp:attachment":[{"href":"https:\/\/acuariosupremus.com\/index.php?rest_route=%2Fwp%2Fv2%2Fmedia&parent=14779"}],"wp:term":[{"taxonomy":"product_brand","embeddable":true,"href":"https:\/\/acuariosupremus.com\/index.php?rest_route=%2Fwp%2Fv2%2Fproduct_brand&post=14779"},{"taxonomy":"product_cat","embeddable":true,"href":"https:\/\/acuariosupremus.com\/index.php?rest_route=%2Fwp%2Fv2%2Fproduct_cat&post=14779"},{"taxonomy":"product_tag","embeddable":true,"href":"https:\/\/acuariosupremus.com\/index.php?rest_route=%2Fwp%2Fv2%2Fproduct_tag&post=14779"}],"curies":[{"name":"wp","href":"https:\/\/api.w.org\/{rel}","templated":true}]}}