{"id":14809,"date":"2025-09-29T16:51:27","date_gmt":"2025-09-29T22:51:27","guid":{"rendered":"https:\/\/acuariosupremus.com\/?post_type=product&#038;p=14809"},"modified":"2025-12-19T17:54:07","modified_gmt":"2025-12-19T23:54:07","slug":"kit-acuario-spectrum-333-lt","status":"publish","type":"product","link":"https:\/\/acuariosupremus.com\/?product=kit-acuario-spectrum-333-lt","title":{"rendered":"KIT ACUARIO SPECTRUM 333 LT"},"content":{"rendered":"<p><strong><span class=\"fontstyle0\">Beneficios:<\/span><\/strong><\/p>\n<p><span class=\"fontstyle1\">Ecosistema saludable desde el primer d\u00eda: Equipados con <\/span><span class=\"fontstyle1\">filtraci\u00f3n de tres etapas (mec\u00e1nica, biol\u00f3gica y qu\u00edmica) y <\/span><span class=\"fontstyle1\">materiales filtrantes incluidos, los kits garantizan agua limpia, <\/span><span class=\"fontstyle1\">libre de toxinas y adecuadas para peces y plantas desde el inicio. <\/span><span class=\"fontstyle1\">Iluminaci\u00f3n personalizable y decorativa: La l\u00e1mpara LED RGB <\/span><span class=\"fontstyle1\">incluida permite ajustar el modo de iluminaci\u00f3n, mejorando la <\/span><span class=\"fontstyle1\">est\u00e9tica del acuario y resaltando la belleza natural de los peces. <\/span><span class=\"fontstyle1\">Dise\u00f1o moderno y de alta calidad: Fabricados en vidrio resistente <\/span><span class=\"fontstyle1\">y de acabado limpio, los acuarios Spectrum ofrecen una visi\u00f3n <\/span><span class=\"fontstyle1\">n\u00edtida del interior y se integran con elegancia en hogares, oficinas <\/span><span class=\"fontstyle1\">o espacios comerciales. Todo en uno, listos para usar: Al incluir <\/span><span class=\"fontstyle1\">todos los componentes esenciales, los kits Spectrum facilitan el <\/span><span class=\"fontstyle1\">montaje, ideales para acuaristas de todos los niveles.<\/span><\/p>\n<p><span class=\"fontstyle0\">Capacidad: <\/span><strong><span class=\"fontstyle2\">333 L <\/span><\/strong><span class=\"fontstyle0\">Contenido neto: <\/span><span class=\"fontstyle2\">Luminario L<\/span><span class=\"fontstyle2\">uz LED\u00a0<\/span><span class=\"fontstyle2\">RGB con 3 <\/span><span class=\"fontstyle2\">modos de <\/span><span class=\"fontstyle2\">iluminaci\u00f3n, <\/span><span class=\"fontstyle2\">Calentador <\/span><span class=\"fontstyle2\">sumergible <\/span><span class=\"fontstyle2\">Thermal <\/span><span class=\"fontstyle2\">Balance <\/span><span class=\"fontstyle2\">marca <\/span><span class=\"fontstyle2\">LOMAS\u00ae de <\/span><span class=\"fontstyle2\">la capacidad <\/span><span class=\"fontstyle2\">del acuario <\/span><span class=\"fontstyle2\">con\u00a0<\/span><span class=\"fontstyle2\">termostato <\/span><span class=\"fontstyle2\">integrado y <\/span><span class=\"fontstyle2\">n\u00facleo de <\/span><span class=\"fontstyle2\">cuarzo. Com<\/span><span class=\"fontstyle2\">partimento <\/span><span class=\"fontstyle2\">integrado <\/span><span class=\"fontstyle2\">para colocar <\/span><span class=\"fontstyle2\">sistema de <\/span><span class=\"fontstyle2\">filtraci\u00f3n y <\/span><span class=\"fontstyle2\">calentador; C<\/span><span class=\"fontstyle0\">olor: <\/span><span class=\"fontstyle2\">Negro <\/span><span class=\"fontstyle0\">Marca: <\/span><span class=\"fontstyle2\">Lomas <\/span><span class=\"fontstyle0\">Especie: <\/span><span class=\"fontstyle2\">Peces <\/span><span class=\"fontstyle0\">Material: <\/span><span class=\"fontstyle2\">Vidrio, <\/span><span class=\"fontstyle0\">Medidas: <strong>150<\/strong><\/span><strong><span class=\"fontstyle2\"><strong>\u00a0<\/strong>x 37 x 60 CM.<\/span><\/strong><\/p>\n","protected":false},"excerpt":{"rendered":"<p><strong><span class=\"fontstyle0\">Descripci\u00f3n:<\/span><\/strong><\/p>\n<p><span class=\"fontstyle1\">La l\u00ednea de Kits de acuario Spectrum combina elegancia, <\/span><span class=\"fontstyle1\">tecnolog\u00eda y funcionalidad en un solo sistema. Fabricados en <\/span><span class=\"fontstyle1\">cristal de alta calidad, estos acuarios ofrecen una vista clara y <\/span><span class=\"fontstyle1\">envolvente del entorno acu\u00e1tico, mientras que su dise\u00f1o <\/span><span class=\"fontstyle1\">moderno los convierte en un elemento decorativo ideal para <\/span><span class=\"fontstyle1\">cualquier espacio. Cada kit incluye iluminaci\u00f3n led RGB que <\/span><span class=\"fontstyle1\">realza los colores de los peces y plantas, creando un efecto visual <\/span><span class=\"fontstyle1\">impactante y personalizable. Incorpora un eficiente filtro interno <\/span><span class=\"fontstyle1\">tipo sumidero con tres etapas de filtraci\u00f3n, mediante canastillas\u00a0<\/span><span class=\"fontstyle1\">con materiales filtrantes de alto rendimiento que garantizan un <\/span><span class=\"fontstyle1\">agua limpia y saludable. adem\u00e1s, est\u00e1n equipados con un <\/span><span class=\"fontstyle1\">calentador Thermal Balance con n\u00facleo de cuarzo y termostato <\/span><span class=\"fontstyle1\">integrado, adecuado para mantener la temperatura \u00f3ptima que <\/span><span class=\"fontstyle1\">buscan confiabilidad, est\u00e9tica y un ecosistema acu\u00e1tico <\/span><span class=\"fontstyle1\">equilibrado desde el primer d\u00eda.<\/span><\/p>\n","protected":false},"featured_media":14810,"template":"","meta":[],"product_brand":[105],"product_cat":[40,53],"product_tag":[943,980],"class_list":{"0":"post-14809","1":"product","2":"type-product","3":"status-publish","4":"has-post-thumbnail","6":"product_brand-lomas","7":"product_cat-peces","8":"product_cat-peceras","9":"product_tag-acuario-300-litros","10":"product_tag-kit-acuario-spectrum","12":"first","13":"instock","14":"sale","15":"shipping-taxable","16":"purchasable","17":"product-type-simple"},"yoast_head":"<!-- This site is optimized with the Yoast SEO plugin v27.4 - https:\/\/yoast.com\/product\/yoast-seo-wordpress\/ -->\n<title>KIT ACUARIO SPECTRUM 333 LT | Acuario Supremus<\/title>\n<meta name=\"description\" content=\"La l\u00ednea de Kits de acuario Spectrum 333 litros combina elegancia, tecnolog\u00eda y funcionalidad en un solo sistema. Fabricados en cristal de alta calidad.\" \/>\n<meta name=\"robots\" content=\"index, follow, max-snippet:-1, max-image-preview:large, max-video-preview:-1\" \/>\n<link rel=\"canonical\" href=\"https:\/\/acuariosupremus.com\/?product=kit-acuario-spectrum-333-lt\" \/>\n<meta property=\"og:locale\" content=\"es_MX\" \/>\n<meta property=\"og:type\" content=\"article\" \/>\n<meta property=\"og:title\" content=\"KIT ACUARIO SPECTRUM 333 LT | Acuario Supremus\" \/>\n<meta property=\"og:description\" content=\"La l\u00ednea de Kits de acuario Spectrum 333 litros combina elegancia, tecnolog\u00eda y funcionalidad en un solo sistema. Fabricados en cristal de alta calidad.\" \/>\n<meta property=\"og:url\" content=\"https:\/\/acuariosupremus.com\/?product=kit-acuario-spectrum-333-lt\" \/>\n<meta property=\"og:site_name\" content=\"Acuario Supremus\" \/>\n<meta property=\"article:publisher\" content=\"https:\/\/www.facebook.com\/AcuarioSupremus\" \/>\n<meta property=\"article:modified_time\" content=\"2025-12-19T23:54:07+00:00\" \/>\n<meta property=\"og:image\" content=\"https:\/\/acuariosupremus.com\/wp-content\/uploads\/2025\/09\/FL9085_F.jpg\" \/>\n\t<meta property=\"og:image:width\" content=\"800\" \/>\n\t<meta property=\"og:image:height\" content=\"800\" \/>\n\t<meta property=\"og:image:type\" content=\"image\/jpeg\" \/>\n<meta name=\"twitter:card\" content=\"summary_large_image\" \/>\n<meta name=\"twitter:site\" content=\"@AcuarioSupremus\" \/>\n<meta name=\"twitter:label1\" content=\"Tiempo de lectura\" \/>\n\t<meta name=\"twitter:data1\" content=\"2 minutos\" \/>\n<script type=\"application\/ld+json\" class=\"yoast-schema-graph\">{\"@context\":\"https:\\\/\\\/schema.org\",\"@graph\":[{\"@type\":\"WebPage\",\"@id\":\"https:\\\/\\\/acuariosupremus.com\\\/?product=kit-acuario-spectrum-333-lt\",\"url\":\"https:\\\/\\\/acuariosupremus.com\\\/?product=kit-acuario-spectrum-333-lt\",\"name\":\"KIT ACUARIO SPECTRUM 333 LT | Acuario Supremus\",\"isPartOf\":{\"@id\":\"https:\\\/\\\/acuariosupremus.com\\\/#website\"},\"primaryImageOfPage\":{\"@id\":\"https:\\\/\\\/acuariosupremus.com\\\/?product=kit-acuario-spectrum-333-lt#primaryimage\"},\"image\":{\"@id\":\"https:\\\/\\\/acuariosupremus.com\\\/?product=kit-acuario-spectrum-333-lt#primaryimage\"},\"thumbnailUrl\":\"https:\\\/\\\/acuariosupremus.com\\\/wp-content\\\/uploads\\\/2025\\\/09\\\/FL9085_F.jpg\",\"datePublished\":\"2025-09-29T22:51:27+00:00\",\"dateModified\":\"2025-12-19T23:54:07+00:00\",\"description\":\"La l\u00ednea de Kits de acuario Spectrum 333 litros combina elegancia, tecnolog\u00eda y funcionalidad en un solo sistema. Fabricados en cristal de alta calidad.\",\"breadcrumb\":{\"@id\":\"https:\\\/\\\/acuariosupremus.com\\\/?product=kit-acuario-spectrum-333-lt#breadcrumb\"},\"inLanguage\":\"es\",\"potentialAction\":[{\"@type\":\"ReadAction\",\"target\":[\"https:\\\/\\\/acuariosupremus.com\\\/?product=kit-acuario-spectrum-333-lt\"]}]},{\"@type\":\"ImageObject\",\"inLanguage\":\"es\",\"@id\":\"https:\\\/\\\/acuariosupremus.com\\\/?product=kit-acuario-spectrum-333-lt#primaryimage\",\"url\":\"https:\\\/\\\/acuariosupremus.com\\\/wp-content\\\/uploads\\\/2025\\\/09\\\/FL9085_F.jpg\",\"contentUrl\":\"https:\\\/\\\/acuariosupremus.com\\\/wp-content\\\/uploads\\\/2025\\\/09\\\/FL9085_F.jpg\",\"width\":800,\"height\":800},{\"@type\":\"BreadcrumbList\",\"@id\":\"https:\\\/\\\/acuariosupremus.com\\\/?product=kit-acuario-spectrum-333-lt#breadcrumb\",\"itemListElement\":[{\"@type\":\"ListItem\",\"position\":1,\"name\":\"Portada\",\"item\":\"https:\\\/\\\/acuariosupremus.com\\\/\"},{\"@type\":\"ListItem\",\"position\":2,\"name\":\"Tienda\",\"item\":\"https:\\\/\\\/acuariosupremus.com\\\/tienda\\\/\"},{\"@type\":\"ListItem\",\"position\":3,\"name\":\"KIT ACUARIO SPECTRUM 333 LT\"}]},{\"@type\":\"WebSite\",\"@id\":\"https:\\\/\\\/acuariosupremus.com\\\/#website\",\"url\":\"https:\\\/\\\/acuariosupremus.com\\\/\",\"name\":\"Acuario Supremus\",\"description\":\"Peces, Peceras y Mascotas.\",\"publisher\":{\"@id\":\"https:\\\/\\\/acuariosupremus.com\\\/#organization\"},\"potentialAction\":[{\"@type\":\"SearchAction\",\"target\":{\"@type\":\"EntryPoint\",\"urlTemplate\":\"https:\\\/\\\/acuariosupremus.com\\\/?s={search_term_string}\"},\"query-input\":{\"@type\":\"PropertyValueSpecification\",\"valueRequired\":true,\"valueName\":\"search_term_string\"}}],\"inLanguage\":\"es\"},{\"@type\":\"Organization\",\"@id\":\"https:\\\/\\\/acuariosupremus.com\\\/#organization\",\"name\":\"Acuario Supremus\",\"url\":\"https:\\\/\\\/acuariosupremus.com\\\/\",\"logo\":{\"@type\":\"ImageObject\",\"inLanguage\":\"es\",\"@id\":\"https:\\\/\\\/acuariosupremus.com\\\/#\\\/schema\\\/logo\\\/image\\\/\",\"url\":\"https:\\\/\\\/acuariosupremus.com\\\/wp-content\\\/uploads\\\/2021\\\/12\\\/cropped-logo_acuario_supremus_fn-2.png\",\"contentUrl\":\"https:\\\/\\\/acuariosupremus.com\\\/wp-content\\\/uploads\\\/2021\\\/12\\\/cropped-logo_acuario_supremus_fn-2.png\",\"width\":1000,\"height\":318,\"caption\":\"Acuario Supremus\"},\"image\":{\"@id\":\"https:\\\/\\\/acuariosupremus.com\\\/#\\\/schema\\\/logo\\\/image\\\/\"},\"sameAs\":[\"https:\\\/\\\/www.facebook.com\\\/AcuarioSupremus\",\"https:\\\/\\\/x.com\\\/AcuarioSupremus\",\"https:\\\/\\\/www.instagram.com\\\/acuariosupremus\\\/?hl=es\"]}]}<\/script>\n<!-- \/ Yoast SEO plugin. -->","yoast_head_json":{"title":"KIT ACUARIO SPECTRUM 333 LT | Acuario Supremus","description":"La l\u00ednea de Kits de acuario Spectrum 333 litros combina elegancia, tecnolog\u00eda y funcionalidad en un solo sistema. Fabricados en cristal de alta calidad.","robots":{"index":"index","follow":"follow","max-snippet":"max-snippet:-1","max-image-preview":"max-image-preview:large","max-video-preview":"max-video-preview:-1"},"canonical":"https:\/\/acuariosupremus.com\/?product=kit-acuario-spectrum-333-lt","og_locale":"es_MX","og_type":"article","og_title":"KIT ACUARIO SPECTRUM 333 LT | Acuario Supremus","og_description":"La l\u00ednea de Kits de acuario Spectrum 333 litros combina elegancia, tecnolog\u00eda y funcionalidad en un solo sistema. Fabricados en cristal de alta calidad.","og_url":"https:\/\/acuariosupremus.com\/?product=kit-acuario-spectrum-333-lt","og_site_name":"Acuario Supremus","article_publisher":"https:\/\/www.facebook.com\/AcuarioSupremus","article_modified_time":"2025-12-19T23:54:07+00:00","og_image":[{"width":800,"height":800,"url":"https:\/\/acuariosupremus.com\/wp-content\/uploads\/2025\/09\/FL9085_F.jpg","type":"image\/jpeg"}],"twitter_card":"summary_large_image","twitter_site":"@AcuarioSupremus","twitter_misc":{"Tiempo de lectura":"2 minutos"},"schema":{"@context":"https:\/\/schema.org","@graph":[{"@type":"WebPage","@id":"https:\/\/acuariosupremus.com\/?product=kit-acuario-spectrum-333-lt","url":"https:\/\/acuariosupremus.com\/?product=kit-acuario-spectrum-333-lt","name":"KIT ACUARIO SPECTRUM 333 LT | Acuario Supremus","isPartOf":{"@id":"https:\/\/acuariosupremus.com\/#website"},"primaryImageOfPage":{"@id":"https:\/\/acuariosupremus.com\/?product=kit-acuario-spectrum-333-lt#primaryimage"},"image":{"@id":"https:\/\/acuariosupremus.com\/?product=kit-acuario-spectrum-333-lt#primaryimage"},"thumbnailUrl":"https:\/\/acuariosupremus.com\/wp-content\/uploads\/2025\/09\/FL9085_F.jpg","datePublished":"2025-09-29T22:51:27+00:00","dateModified":"2025-12-19T23:54:07+00:00","description":"La l\u00ednea de Kits de acuario Spectrum 333 litros combina elegancia, tecnolog\u00eda y funcionalidad en un solo sistema. Fabricados en cristal de alta calidad.","breadcrumb":{"@id":"https:\/\/acuariosupremus.com\/?product=kit-acuario-spectrum-333-lt#breadcrumb"},"inLanguage":"es","potentialAction":[{"@type":"ReadAction","target":["https:\/\/acuariosupremus.com\/?product=kit-acuario-spectrum-333-lt"]}]},{"@type":"ImageObject","inLanguage":"es","@id":"https:\/\/acuariosupremus.com\/?product=kit-acuario-spectrum-333-lt#primaryimage","url":"https:\/\/acuariosupremus.com\/wp-content\/uploads\/2025\/09\/FL9085_F.jpg","contentUrl":"https:\/\/acuariosupremus.com\/wp-content\/uploads\/2025\/09\/FL9085_F.jpg","width":800,"height":800},{"@type":"BreadcrumbList","@id":"https:\/\/acuariosupremus.com\/?product=kit-acuario-spectrum-333-lt#breadcrumb","itemListElement":[{"@type":"ListItem","position":1,"name":"Portada","item":"https:\/\/acuariosupremus.com\/"},{"@type":"ListItem","position":2,"name":"Tienda","item":"https:\/\/acuariosupremus.com\/tienda\/"},{"@type":"ListItem","position":3,"name":"KIT ACUARIO SPECTRUM 333 LT"}]},{"@type":"WebSite","@id":"https:\/\/acuariosupremus.com\/#website","url":"https:\/\/acuariosupremus.com\/","name":"Acuario Supremus","description":"Peces, Peceras y Mascotas.","publisher":{"@id":"https:\/\/acuariosupremus.com\/#organization"},"potentialAction":[{"@type":"SearchAction","target":{"@type":"EntryPoint","urlTemplate":"https:\/\/acuariosupremus.com\/?s={search_term_string}"},"query-input":{"@type":"PropertyValueSpecification","valueRequired":true,"valueName":"search_term_string"}}],"inLanguage":"es"},{"@type":"Organization","@id":"https:\/\/acuariosupremus.com\/#organization","name":"Acuario Supremus","url":"https:\/\/acuariosupremus.com\/","logo":{"@type":"ImageObject","inLanguage":"es","@id":"https:\/\/acuariosupremus.com\/#\/schema\/logo\/image\/","url":"https:\/\/acuariosupremus.com\/wp-content\/uploads\/2021\/12\/cropped-logo_acuario_supremus_fn-2.png","contentUrl":"https:\/\/acuariosupremus.com\/wp-content\/uploads\/2021\/12\/cropped-logo_acuario_supremus_fn-2.png","width":1000,"height":318,"caption":"Acuario Supremus"},"image":{"@id":"https:\/\/acuariosupremus.com\/#\/schema\/logo\/image\/"},"sameAs":["https:\/\/www.facebook.com\/AcuarioSupremus","https:\/\/x.com\/AcuarioSupremus","https:\/\/www.instagram.com\/acuariosupremus\/?hl=es"]}]}},"jetpack_sharing_enabled":true,"_links":{"self":[{"href":"https:\/\/acuariosupremus.com\/index.php?rest_route=\/wp\/v2\/product\/14809","targetHints":{"allow":["GET"]}}],"collection":[{"href":"https:\/\/acuariosupremus.com\/index.php?rest_route=\/wp\/v2\/product"}],"about":[{"href":"https:\/\/acuariosupremus.com\/index.php?rest_route=\/wp\/v2\/types\/product"}],"wp:featuredmedia":[{"embeddable":true,"href":"https:\/\/acuariosupremus.com\/index.php?rest_route=\/wp\/v2\/media\/14810"}],"wp:attachment":[{"href":"https:\/\/acuariosupremus.com\/index.php?rest_route=%2Fwp%2Fv2%2Fmedia&parent=14809"}],"wp:term":[{"taxonomy":"product_brand","embeddable":true,"href":"https:\/\/acuariosupremus.com\/index.php?rest_route=%2Fwp%2Fv2%2Fproduct_brand&post=14809"},{"taxonomy":"product_cat","embeddable":true,"href":"https:\/\/acuariosupremus.com\/index.php?rest_route=%2Fwp%2Fv2%2Fproduct_cat&post=14809"},{"taxonomy":"product_tag","embeddable":true,"href":"https:\/\/acuariosupremus.com\/index.php?rest_route=%2Fwp%2Fv2%2Fproduct_tag&post=14809"}],"curies":[{"name":"wp","href":"https:\/\/api.w.org\/{rel}","templated":true}]}}