{"id":14864,"date":"2025-09-29T18:18:23","date_gmt":"2025-09-30T00:18:23","guid":{"rendered":"https:\/\/acuariosupremus.com\/?post_type=product&#038;p=14864"},"modified":"2025-12-19T17:58:53","modified_gmt":"2025-12-19T23:58:53","slug":"gabinete-spectrum-negro-333-lt","status":"publish","type":"product","link":"https:\/\/acuariosupremus.com\/?product=gabinete-spectrum-negro-333-lt","title":{"rendered":"GABINETE SPECTRUM NEGRO 333 LT"},"content":{"rendered":"<div id=\"tab-label-product.info.beneficios\" class=\"data item title active\" tabindex=\"0\" role=\"tab\" aria-labeledby=\"tab-label-product.info.beneficios-title\" data-role=\"collapsible\" data-collapsible=\"true\" aria-controls=\"product.info.beneficios\" aria-selected=\"true\" aria-expanded=\"true\">BENEFICIOS:<\/div>\n<div id=\"product.info.beneficios\" class=\"data item content\" role=\"tabpanel\" data-role=\"content\" aria-labelledby=\"tab-label-product.info.beneficios\" aria-hidden=\"false\">\n<div class=\"product attribute beneficios\">\n<div class=\"value\">Soporte seguro y resistente: Fabricados en MDF de alta calidad, ofrecen la estabilidad y resistencia necesarias para soportar acuarios de gran capacidad, brindando seguridad y durabilidad a largo plazo. Espacio de almacenamiento funcional: Dise\u00f1ados con espacio interior suficiente para guardar alimentos, herramientas, tratamientos y otros accesorios esenciales para el mantenimiento del acuario. Compatibles con filtros externos o sumideros: Su estructura permite alojar equipos de filtraci\u00f3n externos o tipo sumidero, facilitando instalaciones avanzadas sin comprometer la est\u00e9tica del espacio. Instalaci\u00f3n sencilla y completa: Incluyen todas las piezas necesarias para su armado, lo que permite una instalaci\u00f3n pr\u00e1ctica y r\u00e1pida, sin necesidad de herramientas especializadas. Dise\u00f1o pr\u00e1ctico y est\u00e9tico: Con aperturas traseras para el paso de mangueras y conexiones, el gabinete mantiene la instalaci\u00f3n ordenada y limpia, a la vez que complementa visualmente la apariencia del acuario.<\/div>\n<div>Contenido neto: 4 \u2013 Jaladeras con tornillos 10 \u2013 Tornillos largos punta plana. 10\u2013 Patas10 \u2013 Tornillos con punta39 \u2013 Exc\u00e9ntricos minifix. 50 \u2013 Tornillo corto para bisagras. 39 \u2013 Tornillos minifix.8 Bisagras; Color: Negro Marca: Lomas, Especie: Peces, Material:MDF, Medidas: <strong>150 x 37 x 70 cm.<\/strong><\/div>\n<\/div>\n<\/div>\n","protected":false},"excerpt":{"rendered":"<div id=\"tab-label-description\" class=\"data item title active\" tabindex=\"0\" role=\"tab\" aria-labeledby=\"tab-label-description-title\" data-role=\"collapsible\" data-collapsible=\"true\" aria-controls=\"description\" aria-selected=\"false\" aria-expanded=\"true\">DESCRIPCI\u00d3N:<\/div>\n<div id=\"description\" class=\"data item content\" role=\"tabpanel\" data-role=\"content\" aria-labelledby=\"tab-label-description\" aria-hidden=\"false\">\n<div class=\"product attribute description\">\n<div class=\"value\">\n<p>Los gabinetes dise\u00f1ados para los kits de Acuario Spectrum complementan perfectamente la funcionalidad y est\u00e9tica del sistema. Est\u00e1n elaborados en MDF de alta calidad, con acabados duraderos y resistentes a la humedad, ideales para soportar el peso del acuario y mantener la estabilidad del conjunto. Cada gabinete incluye todas las piezas necesarias para un armado sencillo y seguro. Su interior est\u00e1 pensado para ofrecer un espacio practico de almacenamiento, ideal para organizar aditamentos como alimentos, productos de mantenimiento o herramientas de limpieza. Adem\u00e1s, su dise\u00f1o contempla el uso de filtros externos o de tipo sumidero de ser necesario, cuenta con aperturas traseras estrat\u00e9gicamente ubicadas que facilitan la instalaci\u00f3n de mangueras y conexiones hacia el acuario. Est\u00e9ticos, funcionales y resistentes, los gabinetes Spectrum permiten mantener el entorno limpio, ordenado y visualmente armonioso.<\/p>\n<\/div>\n<\/div>\n<\/div>\n","protected":false},"featured_media":14865,"template":"","meta":[],"product_brand":[105],"product_cat":[40,54],"product_tag":[985],"class_list":{"0":"post-14864","1":"product","2":"type-product","3":"status-publish","4":"has-post-thumbnail","6":"product_brand-lomas","7":"product_cat-peces","8":"product_cat-muebles-peces","9":"product_tag-gabinete-spectrum","11":"first","12":"instock","13":"sale","14":"shipping-taxable","15":"purchasable","16":"product-type-simple"},"yoast_head":"<!-- This site is optimized with the Yoast SEO plugin v27.4 - https:\/\/yoast.com\/product\/yoast-seo-wordpress\/ -->\n<title>GABINETE SPECTRUM NEGRO 333 LT | Acuario Supremus<\/title>\n<meta name=\"description\" content=\"Gabinetes dise\u00f1ado para Acuario Spectrum 333 L, complementan perfectamente la funcionalidad y est\u00e9tica del sistema. Est\u00e1n elaborados en MDF de alta calidad.\" \/>\n<meta name=\"robots\" content=\"index, follow, max-snippet:-1, max-image-preview:large, max-video-preview:-1\" \/>\n<link rel=\"canonical\" href=\"https:\/\/acuariosupremus.com\/?product=gabinete-spectrum-negro-333-lt\" \/>\n<meta property=\"og:locale\" content=\"es_MX\" \/>\n<meta property=\"og:type\" content=\"article\" \/>\n<meta property=\"og:title\" content=\"GABINETE SPECTRUM NEGRO 333 LT | Acuario Supremus\" \/>\n<meta property=\"og:description\" content=\"Gabinetes dise\u00f1ado para Acuario Spectrum 333 L, complementan perfectamente la funcionalidad y est\u00e9tica del sistema. Est\u00e1n elaborados en MDF de alta calidad.\" \/>\n<meta property=\"og:url\" content=\"https:\/\/acuariosupremus.com\/?product=gabinete-spectrum-negro-333-lt\" \/>\n<meta property=\"og:site_name\" content=\"Acuario Supremus\" \/>\n<meta property=\"article:publisher\" content=\"https:\/\/www.facebook.com\/AcuarioSupremus\" \/>\n<meta property=\"article:modified_time\" content=\"2025-12-19T23:58:53+00:00\" \/>\n<meta property=\"og:image\" content=\"https:\/\/acuariosupremus.com\/wp-content\/uploads\/2025\/09\/FL9095_F.jpg\" \/>\n\t<meta property=\"og:image:width\" content=\"1000\" \/>\n\t<meta property=\"og:image:height\" content=\"1000\" \/>\n\t<meta property=\"og:image:type\" content=\"image\/jpeg\" \/>\n<meta name=\"twitter:card\" content=\"summary_large_image\" \/>\n<meta name=\"twitter:site\" content=\"@AcuarioSupremus\" \/>\n<meta name=\"twitter:label1\" content=\"Tiempo de lectura\" \/>\n\t<meta name=\"twitter:data1\" content=\"2 minutos\" \/>\n<script type=\"application\/ld+json\" class=\"yoast-schema-graph\">{\"@context\":\"https:\\\/\\\/schema.org\",\"@graph\":[{\"@type\":\"WebPage\",\"@id\":\"https:\\\/\\\/acuariosupremus.com\\\/?product=gabinete-spectrum-negro-333-lt\",\"url\":\"https:\\\/\\\/acuariosupremus.com\\\/?product=gabinete-spectrum-negro-333-lt\",\"name\":\"GABINETE SPECTRUM NEGRO 333 LT | Acuario Supremus\",\"isPartOf\":{\"@id\":\"https:\\\/\\\/acuariosupremus.com\\\/#website\"},\"primaryImageOfPage\":{\"@id\":\"https:\\\/\\\/acuariosupremus.com\\\/?product=gabinete-spectrum-negro-333-lt#primaryimage\"},\"image\":{\"@id\":\"https:\\\/\\\/acuariosupremus.com\\\/?product=gabinete-spectrum-negro-333-lt#primaryimage\"},\"thumbnailUrl\":\"https:\\\/\\\/acuariosupremus.com\\\/wp-content\\\/uploads\\\/2025\\\/09\\\/FL9095_F.jpg\",\"datePublished\":\"2025-09-30T00:18:23+00:00\",\"dateModified\":\"2025-12-19T23:58:53+00:00\",\"description\":\"Gabinetes dise\u00f1ado para Acuario Spectrum 333 L, complementan perfectamente la funcionalidad y est\u00e9tica del sistema. Est\u00e1n elaborados en MDF de alta calidad.\",\"breadcrumb\":{\"@id\":\"https:\\\/\\\/acuariosupremus.com\\\/?product=gabinete-spectrum-negro-333-lt#breadcrumb\"},\"inLanguage\":\"es\",\"potentialAction\":[{\"@type\":\"ReadAction\",\"target\":[\"https:\\\/\\\/acuariosupremus.com\\\/?product=gabinete-spectrum-negro-333-lt\"]}]},{\"@type\":\"ImageObject\",\"inLanguage\":\"es\",\"@id\":\"https:\\\/\\\/acuariosupremus.com\\\/?product=gabinete-spectrum-negro-333-lt#primaryimage\",\"url\":\"https:\\\/\\\/acuariosupremus.com\\\/wp-content\\\/uploads\\\/2025\\\/09\\\/FL9095_F.jpg\",\"contentUrl\":\"https:\\\/\\\/acuariosupremus.com\\\/wp-content\\\/uploads\\\/2025\\\/09\\\/FL9095_F.jpg\",\"width\":1000,\"height\":1000},{\"@type\":\"BreadcrumbList\",\"@id\":\"https:\\\/\\\/acuariosupremus.com\\\/?product=gabinete-spectrum-negro-333-lt#breadcrumb\",\"itemListElement\":[{\"@type\":\"ListItem\",\"position\":1,\"name\":\"Portada\",\"item\":\"https:\\\/\\\/acuariosupremus.com\\\/\"},{\"@type\":\"ListItem\",\"position\":2,\"name\":\"Tienda\",\"item\":\"https:\\\/\\\/acuariosupremus.com\\\/tienda\\\/\"},{\"@type\":\"ListItem\",\"position\":3,\"name\":\"GABINETE SPECTRUM NEGRO 333 LT\"}]},{\"@type\":\"WebSite\",\"@id\":\"https:\\\/\\\/acuariosupremus.com\\\/#website\",\"url\":\"https:\\\/\\\/acuariosupremus.com\\\/\",\"name\":\"Acuario Supremus\",\"description\":\"Peces, Peceras y Mascotas.\",\"publisher\":{\"@id\":\"https:\\\/\\\/acuariosupremus.com\\\/#organization\"},\"potentialAction\":[{\"@type\":\"SearchAction\",\"target\":{\"@type\":\"EntryPoint\",\"urlTemplate\":\"https:\\\/\\\/acuariosupremus.com\\\/?s={search_term_string}\"},\"query-input\":{\"@type\":\"PropertyValueSpecification\",\"valueRequired\":true,\"valueName\":\"search_term_string\"}}],\"inLanguage\":\"es\"},{\"@type\":\"Organization\",\"@id\":\"https:\\\/\\\/acuariosupremus.com\\\/#organization\",\"name\":\"Acuario Supremus\",\"url\":\"https:\\\/\\\/acuariosupremus.com\\\/\",\"logo\":{\"@type\":\"ImageObject\",\"inLanguage\":\"es\",\"@id\":\"https:\\\/\\\/acuariosupremus.com\\\/#\\\/schema\\\/logo\\\/image\\\/\",\"url\":\"https:\\\/\\\/acuariosupremus.com\\\/wp-content\\\/uploads\\\/2021\\\/12\\\/cropped-logo_acuario_supremus_fn-2.png\",\"contentUrl\":\"https:\\\/\\\/acuariosupremus.com\\\/wp-content\\\/uploads\\\/2021\\\/12\\\/cropped-logo_acuario_supremus_fn-2.png\",\"width\":1000,\"height\":318,\"caption\":\"Acuario Supremus\"},\"image\":{\"@id\":\"https:\\\/\\\/acuariosupremus.com\\\/#\\\/schema\\\/logo\\\/image\\\/\"},\"sameAs\":[\"https:\\\/\\\/www.facebook.com\\\/AcuarioSupremus\",\"https:\\\/\\\/x.com\\\/AcuarioSupremus\",\"https:\\\/\\\/www.instagram.com\\\/acuariosupremus\\\/?hl=es\"]}]}<\/script>\n<!-- \/ Yoast SEO plugin. -->","yoast_head_json":{"title":"GABINETE SPECTRUM NEGRO 333 LT | Acuario Supremus","description":"Gabinetes dise\u00f1ado para Acuario Spectrum 333 L, complementan perfectamente la funcionalidad y est\u00e9tica del sistema. Est\u00e1n elaborados en MDF de alta calidad.","robots":{"index":"index","follow":"follow","max-snippet":"max-snippet:-1","max-image-preview":"max-image-preview:large","max-video-preview":"max-video-preview:-1"},"canonical":"https:\/\/acuariosupremus.com\/?product=gabinete-spectrum-negro-333-lt","og_locale":"es_MX","og_type":"article","og_title":"GABINETE SPECTRUM NEGRO 333 LT | Acuario Supremus","og_description":"Gabinetes dise\u00f1ado para Acuario Spectrum 333 L, complementan perfectamente la funcionalidad y est\u00e9tica del sistema. Est\u00e1n elaborados en MDF de alta calidad.","og_url":"https:\/\/acuariosupremus.com\/?product=gabinete-spectrum-negro-333-lt","og_site_name":"Acuario Supremus","article_publisher":"https:\/\/www.facebook.com\/AcuarioSupremus","article_modified_time":"2025-12-19T23:58:53+00:00","og_image":[{"width":1000,"height":1000,"url":"https:\/\/acuariosupremus.com\/wp-content\/uploads\/2025\/09\/FL9095_F.jpg","type":"image\/jpeg"}],"twitter_card":"summary_large_image","twitter_site":"@AcuarioSupremus","twitter_misc":{"Tiempo de lectura":"2 minutos"},"schema":{"@context":"https:\/\/schema.org","@graph":[{"@type":"WebPage","@id":"https:\/\/acuariosupremus.com\/?product=gabinete-spectrum-negro-333-lt","url":"https:\/\/acuariosupremus.com\/?product=gabinete-spectrum-negro-333-lt","name":"GABINETE SPECTRUM NEGRO 333 LT | Acuario Supremus","isPartOf":{"@id":"https:\/\/acuariosupremus.com\/#website"},"primaryImageOfPage":{"@id":"https:\/\/acuariosupremus.com\/?product=gabinete-spectrum-negro-333-lt#primaryimage"},"image":{"@id":"https:\/\/acuariosupremus.com\/?product=gabinete-spectrum-negro-333-lt#primaryimage"},"thumbnailUrl":"https:\/\/acuariosupremus.com\/wp-content\/uploads\/2025\/09\/FL9095_F.jpg","datePublished":"2025-09-30T00:18:23+00:00","dateModified":"2025-12-19T23:58:53+00:00","description":"Gabinetes dise\u00f1ado para Acuario Spectrum 333 L, complementan perfectamente la funcionalidad y est\u00e9tica del sistema. Est\u00e1n elaborados en MDF de alta calidad.","breadcrumb":{"@id":"https:\/\/acuariosupremus.com\/?product=gabinete-spectrum-negro-333-lt#breadcrumb"},"inLanguage":"es","potentialAction":[{"@type":"ReadAction","target":["https:\/\/acuariosupremus.com\/?product=gabinete-spectrum-negro-333-lt"]}]},{"@type":"ImageObject","inLanguage":"es","@id":"https:\/\/acuariosupremus.com\/?product=gabinete-spectrum-negro-333-lt#primaryimage","url":"https:\/\/acuariosupremus.com\/wp-content\/uploads\/2025\/09\/FL9095_F.jpg","contentUrl":"https:\/\/acuariosupremus.com\/wp-content\/uploads\/2025\/09\/FL9095_F.jpg","width":1000,"height":1000},{"@type":"BreadcrumbList","@id":"https:\/\/acuariosupremus.com\/?product=gabinete-spectrum-negro-333-lt#breadcrumb","itemListElement":[{"@type":"ListItem","position":1,"name":"Portada","item":"https:\/\/acuariosupremus.com\/"},{"@type":"ListItem","position":2,"name":"Tienda","item":"https:\/\/acuariosupremus.com\/tienda\/"},{"@type":"ListItem","position":3,"name":"GABINETE SPECTRUM NEGRO 333 LT"}]},{"@type":"WebSite","@id":"https:\/\/acuariosupremus.com\/#website","url":"https:\/\/acuariosupremus.com\/","name":"Acuario Supremus","description":"Peces, Peceras y Mascotas.","publisher":{"@id":"https:\/\/acuariosupremus.com\/#organization"},"potentialAction":[{"@type":"SearchAction","target":{"@type":"EntryPoint","urlTemplate":"https:\/\/acuariosupremus.com\/?s={search_term_string}"},"query-input":{"@type":"PropertyValueSpecification","valueRequired":true,"valueName":"search_term_string"}}],"inLanguage":"es"},{"@type":"Organization","@id":"https:\/\/acuariosupremus.com\/#organization","name":"Acuario Supremus","url":"https:\/\/acuariosupremus.com\/","logo":{"@type":"ImageObject","inLanguage":"es","@id":"https:\/\/acuariosupremus.com\/#\/schema\/logo\/image\/","url":"https:\/\/acuariosupremus.com\/wp-content\/uploads\/2021\/12\/cropped-logo_acuario_supremus_fn-2.png","contentUrl":"https:\/\/acuariosupremus.com\/wp-content\/uploads\/2021\/12\/cropped-logo_acuario_supremus_fn-2.png","width":1000,"height":318,"caption":"Acuario Supremus"},"image":{"@id":"https:\/\/acuariosupremus.com\/#\/schema\/logo\/image\/"},"sameAs":["https:\/\/www.facebook.com\/AcuarioSupremus","https:\/\/x.com\/AcuarioSupremus","https:\/\/www.instagram.com\/acuariosupremus\/?hl=es"]}]}},"jetpack_sharing_enabled":true,"_links":{"self":[{"href":"https:\/\/acuariosupremus.com\/index.php?rest_route=\/wp\/v2\/product\/14864","targetHints":{"allow":["GET"]}}],"collection":[{"href":"https:\/\/acuariosupremus.com\/index.php?rest_route=\/wp\/v2\/product"}],"about":[{"href":"https:\/\/acuariosupremus.com\/index.php?rest_route=\/wp\/v2\/types\/product"}],"wp:featuredmedia":[{"embeddable":true,"href":"https:\/\/acuariosupremus.com\/index.php?rest_route=\/wp\/v2\/media\/14865"}],"wp:attachment":[{"href":"https:\/\/acuariosupremus.com\/index.php?rest_route=%2Fwp%2Fv2%2Fmedia&parent=14864"}],"wp:term":[{"taxonomy":"product_brand","embeddable":true,"href":"https:\/\/acuariosupremus.com\/index.php?rest_route=%2Fwp%2Fv2%2Fproduct_brand&post=14864"},{"taxonomy":"product_cat","embeddable":true,"href":"https:\/\/acuariosupremus.com\/index.php?rest_route=%2Fwp%2Fv2%2Fproduct_cat&post=14864"},{"taxonomy":"product_tag","embeddable":true,"href":"https:\/\/acuariosupremus.com\/index.php?rest_route=%2Fwp%2Fv2%2Fproduct_tag&post=14864"}],"curies":[{"name":"wp","href":"https:\/\/api.w.org\/{rel}","templated":true}]}}