{"id":1497,"date":"2022-01-30T19:31:17","date_gmt":"2022-01-31T01:31:17","guid":{"rendered":"https:\/\/acuariosupremus.com\/?post_type=product&#038;p=1497"},"modified":"2026-04-21T19:59:03","modified_gmt":"2026-04-22T01:59:03","slug":"bomba-de-aire-elite-optima-mas-113-6-lts","status":"publish","type":"product","link":"https:\/\/acuariosupremus.com\/?product=bomba-de-aire-elite-optima-mas-113-6-lts","title":{"rendered":"Bomba de Aire Elite OPTIMA (mas 113.6 Lts)."},"content":{"rendered":"<p>Instale la bomba de aire al nivel de la superficie por encima del acuario. Si se pone la bomba de aire por debajo de la manguera de agua, utilice siempre una v\u00e1lvula de retenci\u00f3n (FL8915). Nunca ponga la bomba de aire en un lugar donde<br \/>\npueda mojarse. Constate que la manguera de aire no est\u00e9 enroscada y que todos los accesorios est\u00e9n limpios y no restrinjan el flujo de aire. Fije la manguera de aire a la salida de la bomba de aire ELITE y despu\u00e9s con\u00e9ctela a un tomacorriente. Antes de quitar la manguera de aire siempre desconecte el aparato.<\/p>\n<p><strong>Medidas:<\/strong><br \/>\n19.5 cm x 9 cm x 11.5 cm<\/p>\n","protected":false},"excerpt":{"rendered":"<p><em><strong>REGULABLE<\/strong><\/em><\/p>\n<p>Las bombas de aire ELITE son una fuente confiable de aire para art\u00edculos operados por aire como las rocas vivas ELITE, las burbujas de aire ELITE, los adornos accionados por aire, o los separadores de urea que funcionan con aire para a\u00f1adir movimiento u oxigeno a cualquier acuario.<br \/>\nCubierta para amortiguar el ruido.<br \/>\nLa placa de la base impide la vibraci\u00f3n y el movimiento de la bomba.<br \/>\nBobinas que no se calientan de larga vida \u00fatil.<br \/>\nBisagra de brazo oscilante integrada al ensamble del diafragma Tensible Flex.<br \/>\nEnsamble de la salida de aire integrado al cuerpo de la v\u00e1lvula.<\/p>\n<p><strong>Silenciosa, poderosa, durable.<\/strong><\/p>\n","protected":false},"featured_media":1500,"template":"","meta":[],"product_brand":[112],"product_cat":[40,44],"product_tag":[181,183],"class_list":{"0":"post-1497","1":"product","2":"type-product","3":"status-publish","4":"has-post-thumbnail","6":"product_brand-hagen","7":"product_cat-peces","8":"product_cat-compresores-de-aire","9":"product_tag-compresor-de-aire","10":"product_tag-hagen","12":"first","13":"instock","14":"sale","15":"shipping-taxable","16":"purchasable","17":"product-type-simple"},"yoast_head":"<!-- This site is optimized with the Yoast SEO plugin v27.4 - https:\/\/yoast.com\/product\/yoast-seo-wordpress\/ -->\n<title>Bomba de Aire Elite OPTIMA (mas 113.6 Lts). | Acuario Supremus<\/title>\n<meta name=\"description\" content=\"Las bombas de aire ELITE son una fuente confiable de aire para a\u00f1adir movimiento u oxigeno a cualquier acuario,Silenciosa, poderosa, durable.\" \/>\n<meta name=\"robots\" content=\"index, follow, max-snippet:-1, max-image-preview:large, max-video-preview:-1\" \/>\n<link rel=\"canonical\" href=\"https:\/\/acuariosupremus.com\/?product=bomba-de-aire-elite-optima-mas-113-6-lts\" \/>\n<meta property=\"og:locale\" content=\"es_MX\" \/>\n<meta property=\"og:type\" content=\"article\" \/>\n<meta property=\"og:title\" content=\"Bomba de Aire Elite OPTIMA (mas 113.6 Lts). | Acuario Supremus\" \/>\n<meta property=\"og:description\" content=\"Las bombas de aire ELITE son una fuente confiable de aire para a\u00f1adir movimiento u oxigeno a cualquier acuario,Silenciosa, poderosa, durable.\" \/>\n<meta property=\"og:url\" content=\"https:\/\/acuariosupremus.com\/?product=bomba-de-aire-elite-optima-mas-113-6-lts\" \/>\n<meta property=\"og:site_name\" content=\"Acuario Supremus\" \/>\n<meta property=\"article:publisher\" content=\"https:\/\/www.facebook.com\/AcuarioSupremus\" \/>\n<meta property=\"article:modified_time\" content=\"2026-04-22T01:59:03+00:00\" \/>\n<meta property=\"og:image\" content=\"https:\/\/acuariosupremus.com\/wp-content\/uploads\/2022\/01\/HA807.jpg\" \/>\n\t<meta property=\"og:image:width\" content=\"1000\" \/>\n\t<meta property=\"og:image:height\" content=\"1000\" \/>\n\t<meta property=\"og:image:type\" content=\"image\/jpeg\" \/>\n<meta name=\"twitter:card\" content=\"summary_large_image\" \/>\n<meta name=\"twitter:site\" content=\"@AcuarioSupremus\" \/>\n<meta name=\"twitter:label1\" content=\"Tiempo de lectura\" \/>\n\t<meta name=\"twitter:data1\" content=\"1 minuto\" \/>\n<script type=\"application\/ld+json\" class=\"yoast-schema-graph\">{\"@context\":\"https:\\\/\\\/schema.org\",\"@graph\":[{\"@type\":\"WebPage\",\"@id\":\"https:\\\/\\\/acuariosupremus.com\\\/?product=bomba-de-aire-elite-optima-mas-113-6-lts\",\"url\":\"https:\\\/\\\/acuariosupremus.com\\\/?product=bomba-de-aire-elite-optima-mas-113-6-lts\",\"name\":\"Bomba de Aire Elite OPTIMA (mas 113.6 Lts). | Acuario Supremus\",\"isPartOf\":{\"@id\":\"https:\\\/\\\/acuariosupremus.com\\\/#website\"},\"primaryImageOfPage\":{\"@id\":\"https:\\\/\\\/acuariosupremus.com\\\/?product=bomba-de-aire-elite-optima-mas-113-6-lts#primaryimage\"},\"image\":{\"@id\":\"https:\\\/\\\/acuariosupremus.com\\\/?product=bomba-de-aire-elite-optima-mas-113-6-lts#primaryimage\"},\"thumbnailUrl\":\"https:\\\/\\\/acuariosupremus.com\\\/wp-content\\\/uploads\\\/2022\\\/01\\\/HA807.jpg\",\"datePublished\":\"2022-01-31T01:31:17+00:00\",\"dateModified\":\"2026-04-22T01:59:03+00:00\",\"description\":\"Las bombas de aire ELITE son una fuente confiable de aire para a\u00f1adir movimiento u oxigeno a cualquier acuario,Silenciosa, poderosa, durable.\",\"breadcrumb\":{\"@id\":\"https:\\\/\\\/acuariosupremus.com\\\/?product=bomba-de-aire-elite-optima-mas-113-6-lts#breadcrumb\"},\"inLanguage\":\"es\",\"potentialAction\":[{\"@type\":\"ReadAction\",\"target\":[\"https:\\\/\\\/acuariosupremus.com\\\/?product=bomba-de-aire-elite-optima-mas-113-6-lts\"]}]},{\"@type\":\"ImageObject\",\"inLanguage\":\"es\",\"@id\":\"https:\\\/\\\/acuariosupremus.com\\\/?product=bomba-de-aire-elite-optima-mas-113-6-lts#primaryimage\",\"url\":\"https:\\\/\\\/acuariosupremus.com\\\/wp-content\\\/uploads\\\/2022\\\/01\\\/HA807.jpg\",\"contentUrl\":\"https:\\\/\\\/acuariosupremus.com\\\/wp-content\\\/uploads\\\/2022\\\/01\\\/HA807.jpg\",\"width\":1000,\"height\":1000},{\"@type\":\"BreadcrumbList\",\"@id\":\"https:\\\/\\\/acuariosupremus.com\\\/?product=bomba-de-aire-elite-optima-mas-113-6-lts#breadcrumb\",\"itemListElement\":[{\"@type\":\"ListItem\",\"position\":1,\"name\":\"Portada\",\"item\":\"https:\\\/\\\/acuariosupremus.com\\\/\"},{\"@type\":\"ListItem\",\"position\":2,\"name\":\"Tienda\",\"item\":\"https:\\\/\\\/acuariosupremus.com\\\/tienda\\\/\"},{\"@type\":\"ListItem\",\"position\":3,\"name\":\"Bomba de Aire Elite OPTIMA (mas 113.6 Lts).\"}]},{\"@type\":\"WebSite\",\"@id\":\"https:\\\/\\\/acuariosupremus.com\\\/#website\",\"url\":\"https:\\\/\\\/acuariosupremus.com\\\/\",\"name\":\"Acuario Supremus\",\"description\":\"Peces, Peceras y Mascotas.\",\"publisher\":{\"@id\":\"https:\\\/\\\/acuariosupremus.com\\\/#organization\"},\"potentialAction\":[{\"@type\":\"SearchAction\",\"target\":{\"@type\":\"EntryPoint\",\"urlTemplate\":\"https:\\\/\\\/acuariosupremus.com\\\/?s={search_term_string}\"},\"query-input\":{\"@type\":\"PropertyValueSpecification\",\"valueRequired\":true,\"valueName\":\"search_term_string\"}}],\"inLanguage\":\"es\"},{\"@type\":\"Organization\",\"@id\":\"https:\\\/\\\/acuariosupremus.com\\\/#organization\",\"name\":\"Acuario Supremus\",\"url\":\"https:\\\/\\\/acuariosupremus.com\\\/\",\"logo\":{\"@type\":\"ImageObject\",\"inLanguage\":\"es\",\"@id\":\"https:\\\/\\\/acuariosupremus.com\\\/#\\\/schema\\\/logo\\\/image\\\/\",\"url\":\"https:\\\/\\\/acuariosupremus.com\\\/wp-content\\\/uploads\\\/2021\\\/12\\\/cropped-logo_acuario_supremus_fn-2.png\",\"contentUrl\":\"https:\\\/\\\/acuariosupremus.com\\\/wp-content\\\/uploads\\\/2021\\\/12\\\/cropped-logo_acuario_supremus_fn-2.png\",\"width\":1000,\"height\":318,\"caption\":\"Acuario Supremus\"},\"image\":{\"@id\":\"https:\\\/\\\/acuariosupremus.com\\\/#\\\/schema\\\/logo\\\/image\\\/\"},\"sameAs\":[\"https:\\\/\\\/www.facebook.com\\\/AcuarioSupremus\",\"https:\\\/\\\/x.com\\\/AcuarioSupremus\",\"https:\\\/\\\/www.instagram.com\\\/acuariosupremus\\\/?hl=es\"]}]}<\/script>\n<!-- \/ Yoast SEO plugin. -->","yoast_head_json":{"title":"Bomba de Aire Elite OPTIMA (mas 113.6 Lts). | Acuario Supremus","description":"Las bombas de aire ELITE son una fuente confiable de aire para a\u00f1adir movimiento u oxigeno a cualquier acuario,Silenciosa, poderosa, durable.","robots":{"index":"index","follow":"follow","max-snippet":"max-snippet:-1","max-image-preview":"max-image-preview:large","max-video-preview":"max-video-preview:-1"},"canonical":"https:\/\/acuariosupremus.com\/?product=bomba-de-aire-elite-optima-mas-113-6-lts","og_locale":"es_MX","og_type":"article","og_title":"Bomba de Aire Elite OPTIMA (mas 113.6 Lts). | Acuario Supremus","og_description":"Las bombas de aire ELITE son una fuente confiable de aire para a\u00f1adir movimiento u oxigeno a cualquier acuario,Silenciosa, poderosa, durable.","og_url":"https:\/\/acuariosupremus.com\/?product=bomba-de-aire-elite-optima-mas-113-6-lts","og_site_name":"Acuario Supremus","article_publisher":"https:\/\/www.facebook.com\/AcuarioSupremus","article_modified_time":"2026-04-22T01:59:03+00:00","og_image":[{"width":1000,"height":1000,"url":"https:\/\/acuariosupremus.com\/wp-content\/uploads\/2022\/01\/HA807.jpg","type":"image\/jpeg"}],"twitter_card":"summary_large_image","twitter_site":"@AcuarioSupremus","twitter_misc":{"Tiempo de lectura":"1 minuto"},"schema":{"@context":"https:\/\/schema.org","@graph":[{"@type":"WebPage","@id":"https:\/\/acuariosupremus.com\/?product=bomba-de-aire-elite-optima-mas-113-6-lts","url":"https:\/\/acuariosupremus.com\/?product=bomba-de-aire-elite-optima-mas-113-6-lts","name":"Bomba de Aire Elite OPTIMA (mas 113.6 Lts). | Acuario Supremus","isPartOf":{"@id":"https:\/\/acuariosupremus.com\/#website"},"primaryImageOfPage":{"@id":"https:\/\/acuariosupremus.com\/?product=bomba-de-aire-elite-optima-mas-113-6-lts#primaryimage"},"image":{"@id":"https:\/\/acuariosupremus.com\/?product=bomba-de-aire-elite-optima-mas-113-6-lts#primaryimage"},"thumbnailUrl":"https:\/\/acuariosupremus.com\/wp-content\/uploads\/2022\/01\/HA807.jpg","datePublished":"2022-01-31T01:31:17+00:00","dateModified":"2026-04-22T01:59:03+00:00","description":"Las bombas de aire ELITE son una fuente confiable de aire para a\u00f1adir movimiento u oxigeno a cualquier acuario,Silenciosa, poderosa, durable.","breadcrumb":{"@id":"https:\/\/acuariosupremus.com\/?product=bomba-de-aire-elite-optima-mas-113-6-lts#breadcrumb"},"inLanguage":"es","potentialAction":[{"@type":"ReadAction","target":["https:\/\/acuariosupremus.com\/?product=bomba-de-aire-elite-optima-mas-113-6-lts"]}]},{"@type":"ImageObject","inLanguage":"es","@id":"https:\/\/acuariosupremus.com\/?product=bomba-de-aire-elite-optima-mas-113-6-lts#primaryimage","url":"https:\/\/acuariosupremus.com\/wp-content\/uploads\/2022\/01\/HA807.jpg","contentUrl":"https:\/\/acuariosupremus.com\/wp-content\/uploads\/2022\/01\/HA807.jpg","width":1000,"height":1000},{"@type":"BreadcrumbList","@id":"https:\/\/acuariosupremus.com\/?product=bomba-de-aire-elite-optima-mas-113-6-lts#breadcrumb","itemListElement":[{"@type":"ListItem","position":1,"name":"Portada","item":"https:\/\/acuariosupremus.com\/"},{"@type":"ListItem","position":2,"name":"Tienda","item":"https:\/\/acuariosupremus.com\/tienda\/"},{"@type":"ListItem","position":3,"name":"Bomba de Aire Elite OPTIMA (mas 113.6 Lts)."}]},{"@type":"WebSite","@id":"https:\/\/acuariosupremus.com\/#website","url":"https:\/\/acuariosupremus.com\/","name":"Acuario Supremus","description":"Peces, Peceras y Mascotas.","publisher":{"@id":"https:\/\/acuariosupremus.com\/#organization"},"potentialAction":[{"@type":"SearchAction","target":{"@type":"EntryPoint","urlTemplate":"https:\/\/acuariosupremus.com\/?s={search_term_string}"},"query-input":{"@type":"PropertyValueSpecification","valueRequired":true,"valueName":"search_term_string"}}],"inLanguage":"es"},{"@type":"Organization","@id":"https:\/\/acuariosupremus.com\/#organization","name":"Acuario Supremus","url":"https:\/\/acuariosupremus.com\/","logo":{"@type":"ImageObject","inLanguage":"es","@id":"https:\/\/acuariosupremus.com\/#\/schema\/logo\/image\/","url":"https:\/\/acuariosupremus.com\/wp-content\/uploads\/2021\/12\/cropped-logo_acuario_supremus_fn-2.png","contentUrl":"https:\/\/acuariosupremus.com\/wp-content\/uploads\/2021\/12\/cropped-logo_acuario_supremus_fn-2.png","width":1000,"height":318,"caption":"Acuario Supremus"},"image":{"@id":"https:\/\/acuariosupremus.com\/#\/schema\/logo\/image\/"},"sameAs":["https:\/\/www.facebook.com\/AcuarioSupremus","https:\/\/x.com\/AcuarioSupremus","https:\/\/www.instagram.com\/acuariosupremus\/?hl=es"]}]}},"jetpack_sharing_enabled":true,"_links":{"self":[{"href":"https:\/\/acuariosupremus.com\/index.php?rest_route=\/wp\/v2\/product\/1497","targetHints":{"allow":["GET"]}}],"collection":[{"href":"https:\/\/acuariosupremus.com\/index.php?rest_route=\/wp\/v2\/product"}],"about":[{"href":"https:\/\/acuariosupremus.com\/index.php?rest_route=\/wp\/v2\/types\/product"}],"wp:featuredmedia":[{"embeddable":true,"href":"https:\/\/acuariosupremus.com\/index.php?rest_route=\/wp\/v2\/media\/1500"}],"wp:attachment":[{"href":"https:\/\/acuariosupremus.com\/index.php?rest_route=%2Fwp%2Fv2%2Fmedia&parent=1497"}],"wp:term":[{"taxonomy":"product_brand","embeddable":true,"href":"https:\/\/acuariosupremus.com\/index.php?rest_route=%2Fwp%2Fv2%2Fproduct_brand&post=1497"},{"taxonomy":"product_cat","embeddable":true,"href":"https:\/\/acuariosupremus.com\/index.php?rest_route=%2Fwp%2Fv2%2Fproduct_cat&post=1497"},{"taxonomy":"product_tag","embeddable":true,"href":"https:\/\/acuariosupremus.com\/index.php?rest_route=%2Fwp%2Fv2%2Fproduct_tag&post=1497"}],"curies":[{"name":"wp","href":"https:\/\/api.w.org\/{rel}","templated":true}]}}