{"id":1505,"date":"2022-01-31T13:32:57","date_gmt":"2022-01-31T19:32:57","guid":{"rendered":"https:\/\/acuariosupremus.com\/?post_type=product&#038;p=1505"},"modified":"2026-04-21T20:02:49","modified_gmt":"2026-04-22T02:02:49","slug":"separador-de-proteina-skimmer-600-lt","status":"publish","type":"product","link":"https:\/\/acuariosupremus.com\/?product=separador-de-proteina-skimmer-600-lt","title":{"rendered":"SEPARADOR DE PROTEINA (SKIMMER) 600 LT."},"content":{"rendered":"<p>Ventajas:<br \/>\nF\u00e1cil instalaci\u00f3n.<br \/>\nMantiene estables los par\u00e1metros fundamentales para la vida marina.<br \/>\nUso interno o externo.<br \/>\nDe uso f\u00e1cil y r\u00e1pido.<\/p>\n<p>Medidas:<br \/>\n21.5 cm x 19.5 cm x 55.5 cm<\/p>\n<p>Capacidad:<br \/>\n<strong>600 LT.<\/strong><\/p>\n<p>Contenido:<br \/>\nBomba el\u00e9ctrica aspiradora incorporada (800 L\/H).<br \/>\nCon una altura m\u00e1xima 1.1 m columna de agua.<br \/>\nV\u00e1lvula de regulaci\u00f3n de flujo de agua.<br \/>\nSistema Venturi.<br \/>\nCopa recolectora removible de alta capacidad y dise\u00f1o \u00fanico.<br \/>\nAjuste de altura en el soporte de la parte superior del separador.<br \/>\nC\u00e1mara de reacci\u00f3n de acr\u00edlico.<br \/>\nTubos y conectores incluidos.<\/p>\n","protected":false},"excerpt":{"rendered":"<p>Separador de prote\u00ednas para acuario marino o de arrecife.<br \/>\nInstrumento clave para el acuario, para el control de calidad del agua ya que elimina materia org\u00e1nica antes de que sea metabolizada, adem\u00e1s de que oxigena el agua.<br \/>\nEs un espumador o separador de prote\u00edna multifuncional que por medio de micro burbujas atrae prote\u00ednas y residuos<br \/>\norg\u00e1nicos; luego se eliminan en la copa recolectora. Posee una c\u00e1mara de reacci\u00f3n de acr\u00edlico, con doble capa que reduce la cantidad de micro burbujas cuando el agua regresa o se devuelve en el acuario.<br \/>\nTambi\u00e9n se incluye un silenciador de admisi\u00f3n de aire para reducir el ruido inesperado.<\/p>\n<p>Repuesto bomba:<\/p>\n<p><a href=\"https:\/\/acuariosupremus.com\/producto\/bomba-p-skimmer-600-lts\/\">BOMBA P\/SKIMMER 600 LTS.<\/a><\/p>\n<p>&nbsp;<\/p>\n","protected":false},"featured_media":1507,"template":"","meta":[],"product_brand":[105],"product_cat":[40,49],"product_tag":[178,636,634,185,176],"class_list":{"0":"post-1505","1":"product","2":"type-product","3":"status-publish","4":"has-post-thumbnail","6":"product_brand-lomas","7":"product_cat-peces","8":"product_cat-espumadores-y-desnatadores","9":"product_tag-arrecife","10":"product_tag-espumador","11":"product_tag-espumador-desmontable","12":"product_tag-peces-marinos","13":"product_tag-skimmer","15":"first","16":"instock","17":"sale","18":"shipping-taxable","19":"purchasable","20":"product-type-simple"},"yoast_head":"<!-- This site is optimized with the Yoast SEO plugin v27.4 - https:\/\/yoast.com\/product\/yoast-seo-wordpress\/ -->\n<title>SEPARADOR DE PROTEINA (SKIMMER) 600 LT. | Acuario Supremus<\/title>\n<meta name=\"description\" content=\"Instrumento clave para el control de calidad del agua ya que elimina materia org\u00e1nica antes de que sea metabolizada, adem\u00e1s oxigena el agua.\" \/>\n<meta name=\"robots\" content=\"index, follow, max-snippet:-1, max-image-preview:large, max-video-preview:-1\" \/>\n<link rel=\"canonical\" href=\"https:\/\/acuariosupremus.com\/?product=separador-de-proteina-skimmer-600-lt\" \/>\n<meta property=\"og:locale\" content=\"es_MX\" \/>\n<meta property=\"og:type\" content=\"article\" \/>\n<meta property=\"og:title\" content=\"SEPARADOR DE PROTEINA (SKIMMER) 600 LT. | Acuario Supremus\" \/>\n<meta property=\"og:description\" content=\"Instrumento clave para el control de calidad del agua ya que elimina materia org\u00e1nica antes de que sea metabolizada, adem\u00e1s oxigena el agua.\" \/>\n<meta property=\"og:url\" content=\"https:\/\/acuariosupremus.com\/?product=separador-de-proteina-skimmer-600-lt\" \/>\n<meta property=\"og:site_name\" content=\"Acuario Supremus\" \/>\n<meta property=\"article:publisher\" content=\"https:\/\/www.facebook.com\/AcuarioSupremus\" \/>\n<meta property=\"article:modified_time\" content=\"2026-04-22T02:02:49+00:00\" \/>\n<meta property=\"og:image\" content=\"https:\/\/acuariosupremus.com\/wp-content\/uploads\/2022\/01\/FL7782.jpg\" \/>\n\t<meta property=\"og:image:width\" content=\"1000\" \/>\n\t<meta property=\"og:image:height\" content=\"1000\" \/>\n\t<meta property=\"og:image:type\" content=\"image\/jpeg\" \/>\n<meta name=\"twitter:card\" content=\"summary_large_image\" \/>\n<meta name=\"twitter:site\" content=\"@AcuarioSupremus\" \/>\n<meta name=\"twitter:label1\" content=\"Tiempo de lectura\" \/>\n\t<meta name=\"twitter:data1\" content=\"1 minuto\" \/>\n<script type=\"application\/ld+json\" class=\"yoast-schema-graph\">{\"@context\":\"https:\\\/\\\/schema.org\",\"@graph\":[{\"@type\":\"WebPage\",\"@id\":\"https:\\\/\\\/acuariosupremus.com\\\/?product=separador-de-proteina-skimmer-600-lt\",\"url\":\"https:\\\/\\\/acuariosupremus.com\\\/?product=separador-de-proteina-skimmer-600-lt\",\"name\":\"SEPARADOR DE PROTEINA (SKIMMER) 600 LT. | Acuario Supremus\",\"isPartOf\":{\"@id\":\"https:\\\/\\\/acuariosupremus.com\\\/#website\"},\"primaryImageOfPage\":{\"@id\":\"https:\\\/\\\/acuariosupremus.com\\\/?product=separador-de-proteina-skimmer-600-lt#primaryimage\"},\"image\":{\"@id\":\"https:\\\/\\\/acuariosupremus.com\\\/?product=separador-de-proteina-skimmer-600-lt#primaryimage\"},\"thumbnailUrl\":\"https:\\\/\\\/acuariosupremus.com\\\/wp-content\\\/uploads\\\/2022\\\/01\\\/FL7782.jpg\",\"datePublished\":\"2022-01-31T19:32:57+00:00\",\"dateModified\":\"2026-04-22T02:02:49+00:00\",\"description\":\"Instrumento clave para el control de calidad del agua ya que elimina materia org\u00e1nica antes de que sea metabolizada, adem\u00e1s oxigena el agua.\",\"breadcrumb\":{\"@id\":\"https:\\\/\\\/acuariosupremus.com\\\/?product=separador-de-proteina-skimmer-600-lt#breadcrumb\"},\"inLanguage\":\"es\",\"potentialAction\":[{\"@type\":\"ReadAction\",\"target\":[\"https:\\\/\\\/acuariosupremus.com\\\/?product=separador-de-proteina-skimmer-600-lt\"]}]},{\"@type\":\"ImageObject\",\"inLanguage\":\"es\",\"@id\":\"https:\\\/\\\/acuariosupremus.com\\\/?product=separador-de-proteina-skimmer-600-lt#primaryimage\",\"url\":\"https:\\\/\\\/acuariosupremus.com\\\/wp-content\\\/uploads\\\/2022\\\/01\\\/FL7782.jpg\",\"contentUrl\":\"https:\\\/\\\/acuariosupremus.com\\\/wp-content\\\/uploads\\\/2022\\\/01\\\/FL7782.jpg\",\"width\":1000,\"height\":1000},{\"@type\":\"BreadcrumbList\",\"@id\":\"https:\\\/\\\/acuariosupremus.com\\\/?product=separador-de-proteina-skimmer-600-lt#breadcrumb\",\"itemListElement\":[{\"@type\":\"ListItem\",\"position\":1,\"name\":\"Portada\",\"item\":\"https:\\\/\\\/acuariosupremus.com\\\/\"},{\"@type\":\"ListItem\",\"position\":2,\"name\":\"Tienda\",\"item\":\"https:\\\/\\\/acuariosupremus.com\\\/tienda\\\/\"},{\"@type\":\"ListItem\",\"position\":3,\"name\":\"SEPARADOR DE PROTEINA (SKIMMER) 600 LT.\"}]},{\"@type\":\"WebSite\",\"@id\":\"https:\\\/\\\/acuariosupremus.com\\\/#website\",\"url\":\"https:\\\/\\\/acuariosupremus.com\\\/\",\"name\":\"Acuario Supremus\",\"description\":\"Peces, Peceras y Mascotas.\",\"publisher\":{\"@id\":\"https:\\\/\\\/acuariosupremus.com\\\/#organization\"},\"potentialAction\":[{\"@type\":\"SearchAction\",\"target\":{\"@type\":\"EntryPoint\",\"urlTemplate\":\"https:\\\/\\\/acuariosupremus.com\\\/?s={search_term_string}\"},\"query-input\":{\"@type\":\"PropertyValueSpecification\",\"valueRequired\":true,\"valueName\":\"search_term_string\"}}],\"inLanguage\":\"es\"},{\"@type\":\"Organization\",\"@id\":\"https:\\\/\\\/acuariosupremus.com\\\/#organization\",\"name\":\"Acuario Supremus\",\"url\":\"https:\\\/\\\/acuariosupremus.com\\\/\",\"logo\":{\"@type\":\"ImageObject\",\"inLanguage\":\"es\",\"@id\":\"https:\\\/\\\/acuariosupremus.com\\\/#\\\/schema\\\/logo\\\/image\\\/\",\"url\":\"https:\\\/\\\/acuariosupremus.com\\\/wp-content\\\/uploads\\\/2021\\\/12\\\/cropped-logo_acuario_supremus_fn-2.png\",\"contentUrl\":\"https:\\\/\\\/acuariosupremus.com\\\/wp-content\\\/uploads\\\/2021\\\/12\\\/cropped-logo_acuario_supremus_fn-2.png\",\"width\":1000,\"height\":318,\"caption\":\"Acuario Supremus\"},\"image\":{\"@id\":\"https:\\\/\\\/acuariosupremus.com\\\/#\\\/schema\\\/logo\\\/image\\\/\"},\"sameAs\":[\"https:\\\/\\\/www.facebook.com\\\/AcuarioSupremus\",\"https:\\\/\\\/x.com\\\/AcuarioSupremus\",\"https:\\\/\\\/www.instagram.com\\\/acuariosupremus\\\/?hl=es\"]}]}<\/script>\n<!-- \/ Yoast SEO plugin. -->","yoast_head_json":{"title":"SEPARADOR DE PROTEINA (SKIMMER) 600 LT. | Acuario Supremus","description":"Instrumento clave para el control de calidad del agua ya que elimina materia org\u00e1nica antes de que sea metabolizada, adem\u00e1s oxigena el agua.","robots":{"index":"index","follow":"follow","max-snippet":"max-snippet:-1","max-image-preview":"max-image-preview:large","max-video-preview":"max-video-preview:-1"},"canonical":"https:\/\/acuariosupremus.com\/?product=separador-de-proteina-skimmer-600-lt","og_locale":"es_MX","og_type":"article","og_title":"SEPARADOR DE PROTEINA (SKIMMER) 600 LT. | Acuario Supremus","og_description":"Instrumento clave para el control de calidad del agua ya que elimina materia org\u00e1nica antes de que sea metabolizada, adem\u00e1s oxigena el agua.","og_url":"https:\/\/acuariosupremus.com\/?product=separador-de-proteina-skimmer-600-lt","og_site_name":"Acuario Supremus","article_publisher":"https:\/\/www.facebook.com\/AcuarioSupremus","article_modified_time":"2026-04-22T02:02:49+00:00","og_image":[{"width":1000,"height":1000,"url":"https:\/\/acuariosupremus.com\/wp-content\/uploads\/2022\/01\/FL7782.jpg","type":"image\/jpeg"}],"twitter_card":"summary_large_image","twitter_site":"@AcuarioSupremus","twitter_misc":{"Tiempo de lectura":"1 minuto"},"schema":{"@context":"https:\/\/schema.org","@graph":[{"@type":"WebPage","@id":"https:\/\/acuariosupremus.com\/?product=separador-de-proteina-skimmer-600-lt","url":"https:\/\/acuariosupremus.com\/?product=separador-de-proteina-skimmer-600-lt","name":"SEPARADOR DE PROTEINA (SKIMMER) 600 LT. | Acuario Supremus","isPartOf":{"@id":"https:\/\/acuariosupremus.com\/#website"},"primaryImageOfPage":{"@id":"https:\/\/acuariosupremus.com\/?product=separador-de-proteina-skimmer-600-lt#primaryimage"},"image":{"@id":"https:\/\/acuariosupremus.com\/?product=separador-de-proteina-skimmer-600-lt#primaryimage"},"thumbnailUrl":"https:\/\/acuariosupremus.com\/wp-content\/uploads\/2022\/01\/FL7782.jpg","datePublished":"2022-01-31T19:32:57+00:00","dateModified":"2026-04-22T02:02:49+00:00","description":"Instrumento clave para el control de calidad del agua ya que elimina materia org\u00e1nica antes de que sea metabolizada, adem\u00e1s oxigena el agua.","breadcrumb":{"@id":"https:\/\/acuariosupremus.com\/?product=separador-de-proteina-skimmer-600-lt#breadcrumb"},"inLanguage":"es","potentialAction":[{"@type":"ReadAction","target":["https:\/\/acuariosupremus.com\/?product=separador-de-proteina-skimmer-600-lt"]}]},{"@type":"ImageObject","inLanguage":"es","@id":"https:\/\/acuariosupremus.com\/?product=separador-de-proteina-skimmer-600-lt#primaryimage","url":"https:\/\/acuariosupremus.com\/wp-content\/uploads\/2022\/01\/FL7782.jpg","contentUrl":"https:\/\/acuariosupremus.com\/wp-content\/uploads\/2022\/01\/FL7782.jpg","width":1000,"height":1000},{"@type":"BreadcrumbList","@id":"https:\/\/acuariosupremus.com\/?product=separador-de-proteina-skimmer-600-lt#breadcrumb","itemListElement":[{"@type":"ListItem","position":1,"name":"Portada","item":"https:\/\/acuariosupremus.com\/"},{"@type":"ListItem","position":2,"name":"Tienda","item":"https:\/\/acuariosupremus.com\/tienda\/"},{"@type":"ListItem","position":3,"name":"SEPARADOR DE PROTEINA (SKIMMER) 600 LT."}]},{"@type":"WebSite","@id":"https:\/\/acuariosupremus.com\/#website","url":"https:\/\/acuariosupremus.com\/","name":"Acuario Supremus","description":"Peces, Peceras y Mascotas.","publisher":{"@id":"https:\/\/acuariosupremus.com\/#organization"},"potentialAction":[{"@type":"SearchAction","target":{"@type":"EntryPoint","urlTemplate":"https:\/\/acuariosupremus.com\/?s={search_term_string}"},"query-input":{"@type":"PropertyValueSpecification","valueRequired":true,"valueName":"search_term_string"}}],"inLanguage":"es"},{"@type":"Organization","@id":"https:\/\/acuariosupremus.com\/#organization","name":"Acuario Supremus","url":"https:\/\/acuariosupremus.com\/","logo":{"@type":"ImageObject","inLanguage":"es","@id":"https:\/\/acuariosupremus.com\/#\/schema\/logo\/image\/","url":"https:\/\/acuariosupremus.com\/wp-content\/uploads\/2021\/12\/cropped-logo_acuario_supremus_fn-2.png","contentUrl":"https:\/\/acuariosupremus.com\/wp-content\/uploads\/2021\/12\/cropped-logo_acuario_supremus_fn-2.png","width":1000,"height":318,"caption":"Acuario Supremus"},"image":{"@id":"https:\/\/acuariosupremus.com\/#\/schema\/logo\/image\/"},"sameAs":["https:\/\/www.facebook.com\/AcuarioSupremus","https:\/\/x.com\/AcuarioSupremus","https:\/\/www.instagram.com\/acuariosupremus\/?hl=es"]}]}},"jetpack_sharing_enabled":true,"_links":{"self":[{"href":"https:\/\/acuariosupremus.com\/index.php?rest_route=\/wp\/v2\/product\/1505","targetHints":{"allow":["GET"]}}],"collection":[{"href":"https:\/\/acuariosupremus.com\/index.php?rest_route=\/wp\/v2\/product"}],"about":[{"href":"https:\/\/acuariosupremus.com\/index.php?rest_route=\/wp\/v2\/types\/product"}],"wp:featuredmedia":[{"embeddable":true,"href":"https:\/\/acuariosupremus.com\/index.php?rest_route=\/wp\/v2\/media\/1507"}],"wp:attachment":[{"href":"https:\/\/acuariosupremus.com\/index.php?rest_route=%2Fwp%2Fv2%2Fmedia&parent=1505"}],"wp:term":[{"taxonomy":"product_brand","embeddable":true,"href":"https:\/\/acuariosupremus.com\/index.php?rest_route=%2Fwp%2Fv2%2Fproduct_brand&post=1505"},{"taxonomy":"product_cat","embeddable":true,"href":"https:\/\/acuariosupremus.com\/index.php?rest_route=%2Fwp%2Fv2%2Fproduct_cat&post=1505"},{"taxonomy":"product_tag","embeddable":true,"href":"https:\/\/acuariosupremus.com\/index.php?rest_route=%2Fwp%2Fv2%2Fproduct_tag&post=1505"}],"curies":[{"name":"wp","href":"https:\/\/api.w.org\/{rel}","templated":true}]}}