{"id":1508,"date":"2022-01-31T13:44:37","date_gmt":"2022-01-31T19:44:37","guid":{"rendered":"https:\/\/acuariosupremus.com\/?post_type=product&#038;p=1508"},"modified":"2025-12-12T19:46:42","modified_gmt":"2025-12-13T01:46:42","slug":"separador-de-proteina-nano-skimmer-40-lt","status":"publish","type":"product","link":"https:\/\/acuariosupremus.com\/?product=separador-de-proteina-nano-skimmer-40-lt","title":{"rendered":"SEPARADOR DE PROTEINA NANO (SKIMMER) 40 LT"},"content":{"rendered":"<p>Especificaciones el\u00e9ctricas:<br \/>\nEspecificaciones el\u00e9ctricas: 110-120 V ~ 60Hz 5.3W<br \/>\nFlujo m\u00e1ximo: 60 L\/H<\/p>\n<p>Instrucciones:<br \/>\nFuncionamiento:<br \/>\nEl nuevo espumador para acuario marino de arrecife marca AquaJet extrae eficazmente del agua sustancias indeseables,<br \/>\nevitando la contaminaci\u00f3n del acuario.<br \/>\nEl aire es introducido en el cuerpo del reactor (espumador) en forma de microburbujas. Una bomba compuesta de un motor de rueda de agujas se encarga de romper el aire tomando a trav\u00e9s del sistema Venturi instalado a la entrada de la bomba. El<br \/>\nresultado es la emisi\u00f3n de millones de microburbujas en forma de turbulencia que ascienden cargas de electricidad hacia el<br \/>\npunto m\u00e1s alto del espumador. Por la diferencia de cargas positivas\/negativas las burbujas atraen hacia su superficie las<br \/>\nprote\u00ednas y residuos org\u00e1nicos, que posteriormente son eliminados f\u00edsicamente de la copa recolectora desmontable.<br \/>\nEl espumador marca AquaJet de fijaci\u00f3n interna cuenta con un soporte y un par de ventosas para su f\u00e1cil instalaci\u00f3n.<\/p>\n<p>Medidas:<br \/>\n5.4 cm di\u00e1metro x 25 cm altura<\/p>\n<p>Capacidad:<br \/>\n<strong>40 L.<\/strong><\/p>\n","protected":false},"excerpt":{"rendered":"<p>Dise\u00f1o compacto para acuario marino y de arrecife tipo NANO.<br \/>\nEspumador o separador de prote\u00ednas tipo NANO.<br \/>\nBomba con sistema Venturi.<br \/>\nCopa recolectora desmontable.<br \/>\nManguera para ajustar el flujo de aire.<br \/>\nSoporte para colgar y ventosas.<br \/>\nAdecuado para acuarios de hasta 40 litros.<\/p>\n","protected":false},"featured_media":1509,"template":"","meta":[],"product_brand":[105],"product_cat":[40,49],"product_tag":[178,636,634,185,176,641],"class_list":{"0":"post-1508","1":"product","2":"type-product","3":"status-publish","4":"has-post-thumbnail","6":"product_brand-lomas","7":"product_cat-peces","8":"product_cat-espumadores-y-desnatadores","9":"product_tag-arrecife","10":"product_tag-espumador","11":"product_tag-espumador-desmontable","12":"product_tag-peces-marinos","13":"product_tag-skimmer","14":"product_tag-skimer-mini","16":"first","17":"instock","18":"sale","19":"shipping-taxable","20":"purchasable","21":"product-type-simple"},"yoast_head":"<!-- This site is optimized with the Yoast SEO plugin v27.4 - https:\/\/yoast.com\/product\/yoast-seo-wordpress\/ -->\n<title>SEPARADOR DE PROTEINA NANO (SKIMMER) 40 LT | Acuario Supremus<\/title>\n<meta name=\"description\" content=\"Espumador o separador de prote\u00ednas tipo NANO, Bomba con sistema Venturi, Copa recolectora desmontable, para acuarios de hasta 40 litros.\" \/>\n<meta name=\"robots\" content=\"index, follow, max-snippet:-1, max-image-preview:large, max-video-preview:-1\" \/>\n<link rel=\"canonical\" href=\"https:\/\/acuariosupremus.com\/?product=separador-de-proteina-nano-skimmer-40-lt\" \/>\n<meta property=\"og:locale\" content=\"es_MX\" \/>\n<meta property=\"og:type\" content=\"article\" \/>\n<meta property=\"og:title\" content=\"SEPARADOR DE PROTEINA NANO (SKIMMER) 40 LT | Acuario Supremus\" \/>\n<meta property=\"og:description\" content=\"Espumador o separador de prote\u00ednas tipo NANO, Bomba con sistema Venturi, Copa recolectora desmontable, para acuarios de hasta 40 litros.\" \/>\n<meta property=\"og:url\" content=\"https:\/\/acuariosupremus.com\/?product=separador-de-proteina-nano-skimmer-40-lt\" \/>\n<meta property=\"og:site_name\" content=\"Acuario Supremus\" \/>\n<meta property=\"article:publisher\" content=\"https:\/\/www.facebook.com\/AcuarioSupremus\" \/>\n<meta property=\"article:modified_time\" content=\"2025-12-13T01:46:42+00:00\" \/>\n<meta property=\"og:image\" content=\"https:\/\/acuariosupremus.com\/wp-content\/uploads\/2022\/01\/FL7789.jpg\" \/>\n\t<meta property=\"og:image:width\" content=\"1000\" \/>\n\t<meta property=\"og:image:height\" content=\"1000\" \/>\n\t<meta property=\"og:image:type\" content=\"image\/jpeg\" \/>\n<meta name=\"twitter:card\" content=\"summary_large_image\" \/>\n<meta name=\"twitter:site\" content=\"@AcuarioSupremus\" \/>\n<meta name=\"twitter:label1\" content=\"Tiempo de lectura\" \/>\n\t<meta name=\"twitter:data1\" content=\"1 minuto\" \/>\n<script type=\"application\/ld+json\" class=\"yoast-schema-graph\">{\"@context\":\"https:\\\/\\\/schema.org\",\"@graph\":[{\"@type\":\"WebPage\",\"@id\":\"https:\\\/\\\/acuariosupremus.com\\\/?product=separador-de-proteina-nano-skimmer-40-lt\",\"url\":\"https:\\\/\\\/acuariosupremus.com\\\/?product=separador-de-proteina-nano-skimmer-40-lt\",\"name\":\"SEPARADOR DE PROTEINA NANO (SKIMMER) 40 LT | Acuario Supremus\",\"isPartOf\":{\"@id\":\"https:\\\/\\\/acuariosupremus.com\\\/#website\"},\"primaryImageOfPage\":{\"@id\":\"https:\\\/\\\/acuariosupremus.com\\\/?product=separador-de-proteina-nano-skimmer-40-lt#primaryimage\"},\"image\":{\"@id\":\"https:\\\/\\\/acuariosupremus.com\\\/?product=separador-de-proteina-nano-skimmer-40-lt#primaryimage\"},\"thumbnailUrl\":\"https:\\\/\\\/acuariosupremus.com\\\/wp-content\\\/uploads\\\/2022\\\/01\\\/FL7789.jpg\",\"datePublished\":\"2022-01-31T19:44:37+00:00\",\"dateModified\":\"2025-12-13T01:46:42+00:00\",\"description\":\"Espumador o separador de prote\u00ednas tipo NANO, Bomba con sistema Venturi, Copa recolectora desmontable, para acuarios de hasta 40 litros.\",\"breadcrumb\":{\"@id\":\"https:\\\/\\\/acuariosupremus.com\\\/?product=separador-de-proteina-nano-skimmer-40-lt#breadcrumb\"},\"inLanguage\":\"es\",\"potentialAction\":[{\"@type\":\"ReadAction\",\"target\":[\"https:\\\/\\\/acuariosupremus.com\\\/?product=separador-de-proteina-nano-skimmer-40-lt\"]}]},{\"@type\":\"ImageObject\",\"inLanguage\":\"es\",\"@id\":\"https:\\\/\\\/acuariosupremus.com\\\/?product=separador-de-proteina-nano-skimmer-40-lt#primaryimage\",\"url\":\"https:\\\/\\\/acuariosupremus.com\\\/wp-content\\\/uploads\\\/2022\\\/01\\\/FL7789.jpg\",\"contentUrl\":\"https:\\\/\\\/acuariosupremus.com\\\/wp-content\\\/uploads\\\/2022\\\/01\\\/FL7789.jpg\",\"width\":1000,\"height\":1000},{\"@type\":\"BreadcrumbList\",\"@id\":\"https:\\\/\\\/acuariosupremus.com\\\/?product=separador-de-proteina-nano-skimmer-40-lt#breadcrumb\",\"itemListElement\":[{\"@type\":\"ListItem\",\"position\":1,\"name\":\"Portada\",\"item\":\"https:\\\/\\\/acuariosupremus.com\\\/\"},{\"@type\":\"ListItem\",\"position\":2,\"name\":\"Tienda\",\"item\":\"https:\\\/\\\/acuariosupremus.com\\\/tienda\\\/\"},{\"@type\":\"ListItem\",\"position\":3,\"name\":\"SEPARADOR DE PROTEINA NANO (SKIMMER) 40 LT\"}]},{\"@type\":\"WebSite\",\"@id\":\"https:\\\/\\\/acuariosupremus.com\\\/#website\",\"url\":\"https:\\\/\\\/acuariosupremus.com\\\/\",\"name\":\"Acuario Supremus\",\"description\":\"Peces, Peceras y Mascotas.\",\"publisher\":{\"@id\":\"https:\\\/\\\/acuariosupremus.com\\\/#organization\"},\"potentialAction\":[{\"@type\":\"SearchAction\",\"target\":{\"@type\":\"EntryPoint\",\"urlTemplate\":\"https:\\\/\\\/acuariosupremus.com\\\/?s={search_term_string}\"},\"query-input\":{\"@type\":\"PropertyValueSpecification\",\"valueRequired\":true,\"valueName\":\"search_term_string\"}}],\"inLanguage\":\"es\"},{\"@type\":\"Organization\",\"@id\":\"https:\\\/\\\/acuariosupremus.com\\\/#organization\",\"name\":\"Acuario Supremus\",\"url\":\"https:\\\/\\\/acuariosupremus.com\\\/\",\"logo\":{\"@type\":\"ImageObject\",\"inLanguage\":\"es\",\"@id\":\"https:\\\/\\\/acuariosupremus.com\\\/#\\\/schema\\\/logo\\\/image\\\/\",\"url\":\"https:\\\/\\\/acuariosupremus.com\\\/wp-content\\\/uploads\\\/2021\\\/12\\\/cropped-logo_acuario_supremus_fn-2.png\",\"contentUrl\":\"https:\\\/\\\/acuariosupremus.com\\\/wp-content\\\/uploads\\\/2021\\\/12\\\/cropped-logo_acuario_supremus_fn-2.png\",\"width\":1000,\"height\":318,\"caption\":\"Acuario Supremus\"},\"image\":{\"@id\":\"https:\\\/\\\/acuariosupremus.com\\\/#\\\/schema\\\/logo\\\/image\\\/\"},\"sameAs\":[\"https:\\\/\\\/www.facebook.com\\\/AcuarioSupremus\",\"https:\\\/\\\/x.com\\\/AcuarioSupremus\",\"https:\\\/\\\/www.instagram.com\\\/acuariosupremus\\\/?hl=es\"]}]}<\/script>\n<!-- \/ Yoast SEO plugin. -->","yoast_head_json":{"title":"SEPARADOR DE PROTEINA NANO (SKIMMER) 40 LT | Acuario Supremus","description":"Espumador o separador de prote\u00ednas tipo NANO, Bomba con sistema Venturi, Copa recolectora desmontable, para acuarios de hasta 40 litros.","robots":{"index":"index","follow":"follow","max-snippet":"max-snippet:-1","max-image-preview":"max-image-preview:large","max-video-preview":"max-video-preview:-1"},"canonical":"https:\/\/acuariosupremus.com\/?product=separador-de-proteina-nano-skimmer-40-lt","og_locale":"es_MX","og_type":"article","og_title":"SEPARADOR DE PROTEINA NANO (SKIMMER) 40 LT | Acuario Supremus","og_description":"Espumador o separador de prote\u00ednas tipo NANO, Bomba con sistema Venturi, Copa recolectora desmontable, para acuarios de hasta 40 litros.","og_url":"https:\/\/acuariosupremus.com\/?product=separador-de-proteina-nano-skimmer-40-lt","og_site_name":"Acuario Supremus","article_publisher":"https:\/\/www.facebook.com\/AcuarioSupremus","article_modified_time":"2025-12-13T01:46:42+00:00","og_image":[{"width":1000,"height":1000,"url":"https:\/\/acuariosupremus.com\/wp-content\/uploads\/2022\/01\/FL7789.jpg","type":"image\/jpeg"}],"twitter_card":"summary_large_image","twitter_site":"@AcuarioSupremus","twitter_misc":{"Tiempo de lectura":"1 minuto"},"schema":{"@context":"https:\/\/schema.org","@graph":[{"@type":"WebPage","@id":"https:\/\/acuariosupremus.com\/?product=separador-de-proteina-nano-skimmer-40-lt","url":"https:\/\/acuariosupremus.com\/?product=separador-de-proteina-nano-skimmer-40-lt","name":"SEPARADOR DE PROTEINA NANO (SKIMMER) 40 LT | Acuario Supremus","isPartOf":{"@id":"https:\/\/acuariosupremus.com\/#website"},"primaryImageOfPage":{"@id":"https:\/\/acuariosupremus.com\/?product=separador-de-proteina-nano-skimmer-40-lt#primaryimage"},"image":{"@id":"https:\/\/acuariosupremus.com\/?product=separador-de-proteina-nano-skimmer-40-lt#primaryimage"},"thumbnailUrl":"https:\/\/acuariosupremus.com\/wp-content\/uploads\/2022\/01\/FL7789.jpg","datePublished":"2022-01-31T19:44:37+00:00","dateModified":"2025-12-13T01:46:42+00:00","description":"Espumador o separador de prote\u00ednas tipo NANO, Bomba con sistema Venturi, Copa recolectora desmontable, para acuarios de hasta 40 litros.","breadcrumb":{"@id":"https:\/\/acuariosupremus.com\/?product=separador-de-proteina-nano-skimmer-40-lt#breadcrumb"},"inLanguage":"es","potentialAction":[{"@type":"ReadAction","target":["https:\/\/acuariosupremus.com\/?product=separador-de-proteina-nano-skimmer-40-lt"]}]},{"@type":"ImageObject","inLanguage":"es","@id":"https:\/\/acuariosupremus.com\/?product=separador-de-proteina-nano-skimmer-40-lt#primaryimage","url":"https:\/\/acuariosupremus.com\/wp-content\/uploads\/2022\/01\/FL7789.jpg","contentUrl":"https:\/\/acuariosupremus.com\/wp-content\/uploads\/2022\/01\/FL7789.jpg","width":1000,"height":1000},{"@type":"BreadcrumbList","@id":"https:\/\/acuariosupremus.com\/?product=separador-de-proteina-nano-skimmer-40-lt#breadcrumb","itemListElement":[{"@type":"ListItem","position":1,"name":"Portada","item":"https:\/\/acuariosupremus.com\/"},{"@type":"ListItem","position":2,"name":"Tienda","item":"https:\/\/acuariosupremus.com\/tienda\/"},{"@type":"ListItem","position":3,"name":"SEPARADOR DE PROTEINA NANO (SKIMMER) 40 LT"}]},{"@type":"WebSite","@id":"https:\/\/acuariosupremus.com\/#website","url":"https:\/\/acuariosupremus.com\/","name":"Acuario Supremus","description":"Peces, Peceras y Mascotas.","publisher":{"@id":"https:\/\/acuariosupremus.com\/#organization"},"potentialAction":[{"@type":"SearchAction","target":{"@type":"EntryPoint","urlTemplate":"https:\/\/acuariosupremus.com\/?s={search_term_string}"},"query-input":{"@type":"PropertyValueSpecification","valueRequired":true,"valueName":"search_term_string"}}],"inLanguage":"es"},{"@type":"Organization","@id":"https:\/\/acuariosupremus.com\/#organization","name":"Acuario Supremus","url":"https:\/\/acuariosupremus.com\/","logo":{"@type":"ImageObject","inLanguage":"es","@id":"https:\/\/acuariosupremus.com\/#\/schema\/logo\/image\/","url":"https:\/\/acuariosupremus.com\/wp-content\/uploads\/2021\/12\/cropped-logo_acuario_supremus_fn-2.png","contentUrl":"https:\/\/acuariosupremus.com\/wp-content\/uploads\/2021\/12\/cropped-logo_acuario_supremus_fn-2.png","width":1000,"height":318,"caption":"Acuario Supremus"},"image":{"@id":"https:\/\/acuariosupremus.com\/#\/schema\/logo\/image\/"},"sameAs":["https:\/\/www.facebook.com\/AcuarioSupremus","https:\/\/x.com\/AcuarioSupremus","https:\/\/www.instagram.com\/acuariosupremus\/?hl=es"]}]}},"jetpack_sharing_enabled":true,"_links":{"self":[{"href":"https:\/\/acuariosupremus.com\/index.php?rest_route=\/wp\/v2\/product\/1508","targetHints":{"allow":["GET"]}}],"collection":[{"href":"https:\/\/acuariosupremus.com\/index.php?rest_route=\/wp\/v2\/product"}],"about":[{"href":"https:\/\/acuariosupremus.com\/index.php?rest_route=\/wp\/v2\/types\/product"}],"wp:featuredmedia":[{"embeddable":true,"href":"https:\/\/acuariosupremus.com\/index.php?rest_route=\/wp\/v2\/media\/1509"}],"wp:attachment":[{"href":"https:\/\/acuariosupremus.com\/index.php?rest_route=%2Fwp%2Fv2%2Fmedia&parent=1508"}],"wp:term":[{"taxonomy":"product_brand","embeddable":true,"href":"https:\/\/acuariosupremus.com\/index.php?rest_route=%2Fwp%2Fv2%2Fproduct_brand&post=1508"},{"taxonomy":"product_cat","embeddable":true,"href":"https:\/\/acuariosupremus.com\/index.php?rest_route=%2Fwp%2Fv2%2Fproduct_cat&post=1508"},{"taxonomy":"product_tag","embeddable":true,"href":"https:\/\/acuariosupremus.com\/index.php?rest_route=%2Fwp%2Fv2%2Fproduct_tag&post=1508"}],"curies":[{"name":"wp","href":"https:\/\/api.w.org\/{rel}","templated":true}]}}