{"id":15155,"date":"2025-10-04T19:58:58","date_gmt":"2025-10-05T01:58:58","guid":{"rendered":"https:\/\/acuariosupremus.com\/?post_type=product&#038;p=15155"},"modified":"2026-02-04T15:26:03","modified_gmt":"2026-02-04T21:26:03","slug":"deslanador-curvo-essentials-med","status":"publish","type":"product","link":"https:\/\/acuariosupremus.com\/?product=deslanador-curvo-essentials-med","title":{"rendered":"DESLANADOR CURVO ESSENTIALS MED"},"content":{"rendered":"<div id=\"tab-label-product.info.ingredientes.modo.de.uso\" class=\"data item title active\" tabindex=\"0\" role=\"tab\" aria-labeledby=\"tab-label-product.info.ingredientes.modo.de.uso-title\" data-role=\"collapsible\" data-collapsible=\"true\" aria-controls=\"product.info.ingredientes.modo.de.uso\" aria-selected=\"true\" aria-expanded=\"true\">MODO DE USO \/ PRECAUCIONES Y ADVERTENCIAS:<\/div>\n<div id=\"product.info.ingredientes.modo.de.uso\" class=\"data item content\" role=\"tabpanel\" data-role=\"content\" aria-labelledby=\"tab-label-product.info.ingredientes.modo.de.uso\" aria-hidden=\"false\">\n<div class=\"product attribute modo_de_uso_precuaciones_y_adv\">\n<div class=\"value\">Cepilla en seco: Aseg\u00farate de que el peaje est\u00e9 completamente seco y sin productos antes de usar el deslanador. Revisa el pelaje: Pasa los dedos o un cepillo suave para detectar nudos grandes. Desenreda antes de usar el desalanador. Usa movimientos suaves: Pasa el deslanador siguiendo la direcci\u00f3n natural del crecimiento del pelo, aplicando presi\u00f3n ligera y constante. Evita zonas sensibles: No lo utilices directamente sobre heridas, zonas irritadas o inflamadas. Limpia el deslanador: Retira el pelo acumulado de la cuchilla despu\u00e9s de cada uso para mantener su eficacia.No use el deslanador sobre piel mojada, irritada o con lesiones visibles. Evita la presi\u00f3n excesiva, ya que puede causar incomodidad o da\u00f1ar la piel. No uses el deslanador en zonas con poco pelo o muy sensibles como rostros, orejas, abdomen o genitales. Mant\u00e9n el deslanador fuera del alcance de los ni\u00f1os.Producto con chuchilla met\u00e1lica: utilisese solo bajo supervisi\u00f3n. El uso excesivo o incorrecto puede provocar irritaci\u00f3n o enrojecimiento de la piel. No es un juguete. No permitas que tu mascota lo muerda o juegue con el. Revisa regularmente el estado de la cuchilla. Si est\u00e1 da\u00f1ada o desafilada, reemplaza el producto para evitar lesiones.<\/div>\n<div>Especie: Perros y Gatos,\u00a0 Material: ABS + TPR + Acero inoxidable,\u00a0 Medidas:15.5 cm x cuchilla 7.5 cm.<\/div>\n<\/div>\n<\/div>\n","protected":false},"excerpt":{"rendered":"<div id=\"tab-label-description\" class=\"data item title active\" tabindex=\"0\" role=\"tab\" aria-labeledby=\"tab-label-description-title\" data-role=\"collapsible\" data-collapsible=\"true\" aria-controls=\"description\" aria-selected=\"false\" aria-expanded=\"true\">DESCRIPCI\u00d3N:<\/div>\n<div id=\"description\" class=\"data item content\" role=\"tabpanel\" data-role=\"content\" aria-labelledby=\"tab-label-description\" aria-hidden=\"false\">\n<div class=\"product attribute description\">\n<div class=\"value\">\n<p>Dise\u00f1ados para brindar una experiencia de Cepillado m\u00e1s c\u00f3moda y eficiente, los deslanadores curvos se adaptan mejor a las zonas redondeadas del cuerpo de tu mascota, como pecho, costados, cuello y parte trasera. Su forma ergon\u00f3mica permite seguir la silueta del cuerpo con mayor precisi\u00f3n, eliminando eficazmente el pelo muerto del subpelaje sin da\u00f1ar la piel ni cortar el pelo sano. Perfectos para razas de pelo medio, largo o con doble capa estos deslanadores reducen la ca\u00edda de pelo en el hogar, previenen enredos y nudos dif\u00edciles, favorecen la ventilaci\u00f3n de la piel, reduciendo el riesgo de dermatitis, mejoran el aspecto general del pelaje dej\u00e1ndolo m\u00e1s brillante y manejable. Facilitan el acceso a zonas curvas, brindando un acabado mas uniforme y c\u00f3modo para tu mascota. Fabricados con materiales resistentes y cuchilla met\u00e1lica fina de alta precisi\u00f3n. Ideal para complementar tu rutina de cepillado y mantener el pelaje de tu perro en optimas condiciones durante todo el a\u00f1o.<\/p>\n<\/div>\n<\/div>\n<\/div>\n","protected":false},"featured_media":15156,"template":"","meta":[],"product_brand":[106],"product_cat":[30,73,31,74],"product_tag":[311,312],"class_list":{"0":"post-15155","1":"product","2":"type-product","3":"status-publish","4":"has-post-thumbnail","6":"product_brand-fancypets","7":"product_cat-gatos","8":"product_cat-perros","9":"product_cat-belleza-e-higiene","10":"product_cat-belleza-e-higiene-perros","11":"product_tag-deslanador-gato","12":"product_tag-deslanador-perros","14":"first","15":"instock","16":"sale","17":"shipping-taxable","18":"purchasable","19":"product-type-simple"},"yoast_head":"<!-- This site is optimized with the Yoast SEO plugin v27.4 - https:\/\/yoast.com\/product\/yoast-seo-wordpress\/ -->\n<title>DESLANADOR CURVO ESSENTIALS MED | Acuario Supremus<\/title>\n<meta name=\"description\" content=\"Deslanador curvo MED se adapta mejor a las zonas redondeadas del cuerpo de tu mascota, para brindar una experiencia de cepillado m\u00e1s c\u00f3moda y eficiente.\" \/>\n<meta name=\"robots\" content=\"index, follow, max-snippet:-1, max-image-preview:large, max-video-preview:-1\" \/>\n<link rel=\"canonical\" href=\"https:\/\/acuariosupremus.com\/?product=deslanador-curvo-essentials-med\" \/>\n<meta property=\"og:locale\" content=\"es_MX\" \/>\n<meta property=\"og:type\" content=\"article\" \/>\n<meta property=\"og:title\" content=\"DESLANADOR CURVO ESSENTIALS MED | Acuario Supremus\" \/>\n<meta property=\"og:description\" content=\"Deslanador curvo MED se adapta mejor a las zonas redondeadas del cuerpo de tu mascota, para brindar una experiencia de cepillado m\u00e1s c\u00f3moda y eficiente.\" \/>\n<meta property=\"og:url\" content=\"https:\/\/acuariosupremus.com\/?product=deslanador-curvo-essentials-med\" \/>\n<meta property=\"og:site_name\" content=\"Acuario Supremus\" \/>\n<meta property=\"article:publisher\" content=\"https:\/\/www.facebook.com\/AcuarioSupremus\" \/>\n<meta property=\"article:modified_time\" content=\"2026-02-04T21:26:03+00:00\" \/>\n<meta property=\"og:image\" content=\"https:\/\/acuariosupremus.com\/wp-content\/uploads\/2025\/10\/FL9656_1.jpg\" \/>\n\t<meta property=\"og:image:width\" content=\"800\" \/>\n\t<meta property=\"og:image:height\" content=\"800\" \/>\n\t<meta property=\"og:image:type\" content=\"image\/jpeg\" \/>\n<meta name=\"twitter:card\" content=\"summary_large_image\" \/>\n<meta name=\"twitter:site\" content=\"@AcuarioSupremus\" \/>\n<meta name=\"twitter:label1\" content=\"Tiempo de lectura\" \/>\n\t<meta name=\"twitter:data1\" content=\"2 minutos\" \/>\n<script type=\"application\/ld+json\" class=\"yoast-schema-graph\">{\"@context\":\"https:\\\/\\\/schema.org\",\"@graph\":[{\"@type\":\"WebPage\",\"@id\":\"https:\\\/\\\/acuariosupremus.com\\\/?product=deslanador-curvo-essentials-med\",\"url\":\"https:\\\/\\\/acuariosupremus.com\\\/?product=deslanador-curvo-essentials-med\",\"name\":\"DESLANADOR CURVO ESSENTIALS MED | Acuario Supremus\",\"isPartOf\":{\"@id\":\"https:\\\/\\\/acuariosupremus.com\\\/#website\"},\"primaryImageOfPage\":{\"@id\":\"https:\\\/\\\/acuariosupremus.com\\\/?product=deslanador-curvo-essentials-med#primaryimage\"},\"image\":{\"@id\":\"https:\\\/\\\/acuariosupremus.com\\\/?product=deslanador-curvo-essentials-med#primaryimage\"},\"thumbnailUrl\":\"https:\\\/\\\/acuariosupremus.com\\\/wp-content\\\/uploads\\\/2025\\\/10\\\/FL9656_1.jpg\",\"datePublished\":\"2025-10-05T01:58:58+00:00\",\"dateModified\":\"2026-02-04T21:26:03+00:00\",\"description\":\"Deslanador curvo MED se adapta mejor a las zonas redondeadas del cuerpo de tu mascota, para brindar una experiencia de cepillado m\u00e1s c\u00f3moda y eficiente.\",\"breadcrumb\":{\"@id\":\"https:\\\/\\\/acuariosupremus.com\\\/?product=deslanador-curvo-essentials-med#breadcrumb\"},\"inLanguage\":\"es\",\"potentialAction\":[{\"@type\":\"ReadAction\",\"target\":[\"https:\\\/\\\/acuariosupremus.com\\\/?product=deslanador-curvo-essentials-med\"]}]},{\"@type\":\"ImageObject\",\"inLanguage\":\"es\",\"@id\":\"https:\\\/\\\/acuariosupremus.com\\\/?product=deslanador-curvo-essentials-med#primaryimage\",\"url\":\"https:\\\/\\\/acuariosupremus.com\\\/wp-content\\\/uploads\\\/2025\\\/10\\\/FL9656_1.jpg\",\"contentUrl\":\"https:\\\/\\\/acuariosupremus.com\\\/wp-content\\\/uploads\\\/2025\\\/10\\\/FL9656_1.jpg\",\"width\":800,\"height\":800},{\"@type\":\"BreadcrumbList\",\"@id\":\"https:\\\/\\\/acuariosupremus.com\\\/?product=deslanador-curvo-essentials-med#breadcrumb\",\"itemListElement\":[{\"@type\":\"ListItem\",\"position\":1,\"name\":\"Portada\",\"item\":\"https:\\\/\\\/acuariosupremus.com\\\/\"},{\"@type\":\"ListItem\",\"position\":2,\"name\":\"Tienda\",\"item\":\"https:\\\/\\\/acuariosupremus.com\\\/tienda\\\/\"},{\"@type\":\"ListItem\",\"position\":3,\"name\":\"DESLANADOR CURVO ESSENTIALS MED\"}]},{\"@type\":\"WebSite\",\"@id\":\"https:\\\/\\\/acuariosupremus.com\\\/#website\",\"url\":\"https:\\\/\\\/acuariosupremus.com\\\/\",\"name\":\"Acuario Supremus\",\"description\":\"Peces, Peceras y Mascotas.\",\"publisher\":{\"@id\":\"https:\\\/\\\/acuariosupremus.com\\\/#organization\"},\"potentialAction\":[{\"@type\":\"SearchAction\",\"target\":{\"@type\":\"EntryPoint\",\"urlTemplate\":\"https:\\\/\\\/acuariosupremus.com\\\/?s={search_term_string}\"},\"query-input\":{\"@type\":\"PropertyValueSpecification\",\"valueRequired\":true,\"valueName\":\"search_term_string\"}}],\"inLanguage\":\"es\"},{\"@type\":\"Organization\",\"@id\":\"https:\\\/\\\/acuariosupremus.com\\\/#organization\",\"name\":\"Acuario Supremus\",\"url\":\"https:\\\/\\\/acuariosupremus.com\\\/\",\"logo\":{\"@type\":\"ImageObject\",\"inLanguage\":\"es\",\"@id\":\"https:\\\/\\\/acuariosupremus.com\\\/#\\\/schema\\\/logo\\\/image\\\/\",\"url\":\"https:\\\/\\\/acuariosupremus.com\\\/wp-content\\\/uploads\\\/2021\\\/12\\\/cropped-logo_acuario_supremus_fn-2.png\",\"contentUrl\":\"https:\\\/\\\/acuariosupremus.com\\\/wp-content\\\/uploads\\\/2021\\\/12\\\/cropped-logo_acuario_supremus_fn-2.png\",\"width\":1000,\"height\":318,\"caption\":\"Acuario Supremus\"},\"image\":{\"@id\":\"https:\\\/\\\/acuariosupremus.com\\\/#\\\/schema\\\/logo\\\/image\\\/\"},\"sameAs\":[\"https:\\\/\\\/www.facebook.com\\\/AcuarioSupremus\",\"https:\\\/\\\/x.com\\\/AcuarioSupremus\",\"https:\\\/\\\/www.instagram.com\\\/acuariosupremus\\\/?hl=es\"]}]}<\/script>\n<!-- \/ Yoast SEO plugin. -->","yoast_head_json":{"title":"DESLANADOR CURVO ESSENTIALS MED | Acuario Supremus","description":"Deslanador curvo MED se adapta mejor a las zonas redondeadas del cuerpo de tu mascota, para brindar una experiencia de cepillado m\u00e1s c\u00f3moda y eficiente.","robots":{"index":"index","follow":"follow","max-snippet":"max-snippet:-1","max-image-preview":"max-image-preview:large","max-video-preview":"max-video-preview:-1"},"canonical":"https:\/\/acuariosupremus.com\/?product=deslanador-curvo-essentials-med","og_locale":"es_MX","og_type":"article","og_title":"DESLANADOR CURVO ESSENTIALS MED | Acuario Supremus","og_description":"Deslanador curvo MED se adapta mejor a las zonas redondeadas del cuerpo de tu mascota, para brindar una experiencia de cepillado m\u00e1s c\u00f3moda y eficiente.","og_url":"https:\/\/acuariosupremus.com\/?product=deslanador-curvo-essentials-med","og_site_name":"Acuario Supremus","article_publisher":"https:\/\/www.facebook.com\/AcuarioSupremus","article_modified_time":"2026-02-04T21:26:03+00:00","og_image":[{"width":800,"height":800,"url":"https:\/\/acuariosupremus.com\/wp-content\/uploads\/2025\/10\/FL9656_1.jpg","type":"image\/jpeg"}],"twitter_card":"summary_large_image","twitter_site":"@AcuarioSupremus","twitter_misc":{"Tiempo de lectura":"2 minutos"},"schema":{"@context":"https:\/\/schema.org","@graph":[{"@type":"WebPage","@id":"https:\/\/acuariosupremus.com\/?product=deslanador-curvo-essentials-med","url":"https:\/\/acuariosupremus.com\/?product=deslanador-curvo-essentials-med","name":"DESLANADOR CURVO ESSENTIALS MED | Acuario Supremus","isPartOf":{"@id":"https:\/\/acuariosupremus.com\/#website"},"primaryImageOfPage":{"@id":"https:\/\/acuariosupremus.com\/?product=deslanador-curvo-essentials-med#primaryimage"},"image":{"@id":"https:\/\/acuariosupremus.com\/?product=deslanador-curvo-essentials-med#primaryimage"},"thumbnailUrl":"https:\/\/acuariosupremus.com\/wp-content\/uploads\/2025\/10\/FL9656_1.jpg","datePublished":"2025-10-05T01:58:58+00:00","dateModified":"2026-02-04T21:26:03+00:00","description":"Deslanador curvo MED se adapta mejor a las zonas redondeadas del cuerpo de tu mascota, para brindar una experiencia de cepillado m\u00e1s c\u00f3moda y eficiente.","breadcrumb":{"@id":"https:\/\/acuariosupremus.com\/?product=deslanador-curvo-essentials-med#breadcrumb"},"inLanguage":"es","potentialAction":[{"@type":"ReadAction","target":["https:\/\/acuariosupremus.com\/?product=deslanador-curvo-essentials-med"]}]},{"@type":"ImageObject","inLanguage":"es","@id":"https:\/\/acuariosupremus.com\/?product=deslanador-curvo-essentials-med#primaryimage","url":"https:\/\/acuariosupremus.com\/wp-content\/uploads\/2025\/10\/FL9656_1.jpg","contentUrl":"https:\/\/acuariosupremus.com\/wp-content\/uploads\/2025\/10\/FL9656_1.jpg","width":800,"height":800},{"@type":"BreadcrumbList","@id":"https:\/\/acuariosupremus.com\/?product=deslanador-curvo-essentials-med#breadcrumb","itemListElement":[{"@type":"ListItem","position":1,"name":"Portada","item":"https:\/\/acuariosupremus.com\/"},{"@type":"ListItem","position":2,"name":"Tienda","item":"https:\/\/acuariosupremus.com\/tienda\/"},{"@type":"ListItem","position":3,"name":"DESLANADOR CURVO ESSENTIALS MED"}]},{"@type":"WebSite","@id":"https:\/\/acuariosupremus.com\/#website","url":"https:\/\/acuariosupremus.com\/","name":"Acuario Supremus","description":"Peces, Peceras y Mascotas.","publisher":{"@id":"https:\/\/acuariosupremus.com\/#organization"},"potentialAction":[{"@type":"SearchAction","target":{"@type":"EntryPoint","urlTemplate":"https:\/\/acuariosupremus.com\/?s={search_term_string}"},"query-input":{"@type":"PropertyValueSpecification","valueRequired":true,"valueName":"search_term_string"}}],"inLanguage":"es"},{"@type":"Organization","@id":"https:\/\/acuariosupremus.com\/#organization","name":"Acuario Supremus","url":"https:\/\/acuariosupremus.com\/","logo":{"@type":"ImageObject","inLanguage":"es","@id":"https:\/\/acuariosupremus.com\/#\/schema\/logo\/image\/","url":"https:\/\/acuariosupremus.com\/wp-content\/uploads\/2021\/12\/cropped-logo_acuario_supremus_fn-2.png","contentUrl":"https:\/\/acuariosupremus.com\/wp-content\/uploads\/2021\/12\/cropped-logo_acuario_supremus_fn-2.png","width":1000,"height":318,"caption":"Acuario Supremus"},"image":{"@id":"https:\/\/acuariosupremus.com\/#\/schema\/logo\/image\/"},"sameAs":["https:\/\/www.facebook.com\/AcuarioSupremus","https:\/\/x.com\/AcuarioSupremus","https:\/\/www.instagram.com\/acuariosupremus\/?hl=es"]}]}},"jetpack_sharing_enabled":true,"_links":{"self":[{"href":"https:\/\/acuariosupremus.com\/index.php?rest_route=\/wp\/v2\/product\/15155","targetHints":{"allow":["GET"]}}],"collection":[{"href":"https:\/\/acuariosupremus.com\/index.php?rest_route=\/wp\/v2\/product"}],"about":[{"href":"https:\/\/acuariosupremus.com\/index.php?rest_route=\/wp\/v2\/types\/product"}],"wp:featuredmedia":[{"embeddable":true,"href":"https:\/\/acuariosupremus.com\/index.php?rest_route=\/wp\/v2\/media\/15156"}],"wp:attachment":[{"href":"https:\/\/acuariosupremus.com\/index.php?rest_route=%2Fwp%2Fv2%2Fmedia&parent=15155"}],"wp:term":[{"taxonomy":"product_brand","embeddable":true,"href":"https:\/\/acuariosupremus.com\/index.php?rest_route=%2Fwp%2Fv2%2Fproduct_brand&post=15155"},{"taxonomy":"product_cat","embeddable":true,"href":"https:\/\/acuariosupremus.com\/index.php?rest_route=%2Fwp%2Fv2%2Fproduct_cat&post=15155"},{"taxonomy":"product_tag","embeddable":true,"href":"https:\/\/acuariosupremus.com\/index.php?rest_route=%2Fwp%2Fv2%2Fproduct_tag&post=15155"}],"curies":[{"name":"wp","href":"https:\/\/api.w.org\/{rel}","templated":true}]}}