{"id":15196,"date":"2025-10-06T15:48:26","date_gmt":"2025-10-06T21:48:26","guid":{"rendered":"https:\/\/acuariosupremus.com\/?post_type=product&#038;p=15196"},"modified":"2026-02-04T20:01:08","modified_gmt":"2026-02-05T02:01:08","slug":"nutri-bark-galletas-c-crema-de-cacahuate","status":"publish","type":"product","link":"https:\/\/acuariosupremus.com\/?product=nutri-bark-galletas-c-crema-de-cacahuate","title":{"rendered":"NUTRI BARK GALLETAS C\/CREMA DE CACAHUATE"},"content":{"rendered":"<div id=\"tab-label-product.info.ingredientes.formulacion\" class=\"data item title active\" tabindex=\"0\" role=\"tab\" aria-labeledby=\"tab-label-product.info.ingredientes.formulacion-title\" data-role=\"collapsible\" data-collapsible=\"true\" aria-controls=\"product.info.ingredientes.formulacion\" aria-selected=\"true\" aria-expanded=\"true\">INGREDIENTES\/FORMULACI\u00d3N:<\/div>\n<div id=\"product.info.ingredientes.formulacion\" class=\"data item content\" role=\"tabpanel\" data-role=\"content\" aria-labelledby=\"tab-label-product.info.ingredientes.formulacion\" aria-hidden=\"false\">\n<div class=\"product attribute ingredientes_formulacion\">\n<div class=\"value\">Avena, glucosa, crema de cacahuate, agua, az\u00facar, fibra del \u00e1rbol de Acacia, zanahoria deshidratada, manzana deshidratada, BHA, BHT, benzoato de sodio y sorbato de potasio como conservadores.<\/div>\n<div>\n<div id=\"tab-label-additional\" class=\"data item title active\" tabindex=\"0\" role=\"tab\" aria-labeledby=\"tab-label-additional-title\" data-role=\"collapsible\" data-collapsible=\"true\" aria-controls=\"additional\" aria-selected=\"true\" aria-expanded=\"true\">CARACTER\u00cdSTICAS:<\/div>\n<div class=\"data item title active\" tabindex=\"0\" role=\"tab\" aria-labeledby=\"tab-label-additional-title\" data-role=\"collapsible\" data-collapsible=\"true\" aria-controls=\"additional\" aria-selected=\"true\" aria-expanded=\"true\">Sabor: Avena, manzana, zanahoria.\u00a0 \u00a0Marca:\u00a0 Fancy Pets,\u00a0 Especie: Perros,\u00a0 Contenido neto: 150 gr.<\/div>\n<div tabindex=\"0\" role=\"tab\" aria-labeledby=\"tab-label-additional-title\" data-role=\"collapsible\" data-collapsible=\"true\" aria-controls=\"additional\" aria-selected=\"true\" aria-expanded=\"true\">\n<div id=\"tab-label-product.info.ingredientes.modo.de.uso\" class=\"data item title active\" tabindex=\"0\" role=\"tab\" aria-labeledby=\"tab-label-product.info.ingredientes.modo.de.uso-title\" data-role=\"collapsible\" data-collapsible=\"true\" aria-controls=\"product.info.ingredientes.modo.de.uso\" aria-selected=\"true\" aria-expanded=\"true\">MODO DE USO \/ PRECAUCIONES Y ADVERTENCIAS<\/div>\n<div id=\"product.info.ingredientes.modo.de.uso\" class=\"data item content\" role=\"tabpanel\" data-role=\"content\" aria-labelledby=\"tab-label-product.info.ingredientes.modo.de.uso\" aria-hidden=\"false\">\n<div class=\"product attribute modo_de_uso_precuaciones_y_adv\">\n<div class=\"value\">Cantidad diaria sugerida: Talla ch (5 \u2013 10 kg) \u2013 \u00bd galleta. Talla Md (11 \u2013 25 kg) \u2013 1 galleta. Talla gde (26 kg \u2013 40 kg) \u2013 2 galletas. Gigante (41 kg en adelante) \u2013 3 galletas.<strong>No se administre a:Perros con un peso corporal menor a 5 kg.Razas miniatura.Razas chicas menores a 9 meses de edad.Razas medianas y grandes menores a 6 meses de edad.Perras en gestaci\u00f3n y lactancia.<\/strong> El uso de este producto es responsabilidad del due\u00f1o de la mascota. Ofrezca bajo supervisi\u00f3n. Este producto no sustituye la alimentaci\u00f3n diaria de la mascota. No exceder la dosis recomendada por d\u00eda. Ofrezca agua fresca a su mascota en todo momento. Conservar en un lugar limpio, fresco y seco. No apto para consumo humano.<\/div>\n<\/div>\n<\/div>\n<\/div>\n<div id=\"additional\" class=\"data item content\" role=\"tabpanel\" data-role=\"content\" aria-labelledby=\"tab-label-additional\" aria-hidden=\"false\">\n<div class=\"additional-attributes-wrapper table-wrapper\"><\/div>\n<\/div>\n<\/div>\n<\/div>\n<\/div>\n","protected":false},"excerpt":{"rendered":"<div id=\"tab-label-description\" class=\"data item title active\" tabindex=\"0\" role=\"tab\" aria-labeledby=\"tab-label-description-title\" data-role=\"collapsible\" data-collapsible=\"true\" aria-controls=\"description\" aria-selected=\"false\" aria-expanded=\"true\">DESCRIPCI\u00d3N<\/div>\n<div id=\"description\" class=\"data item content\" role=\"tabpanel\" data-role=\"content\" aria-labelledby=\"tab-label-description\" aria-hidden=\"false\">\n<div class=\"product attribute description\">\n<div class=\"value\">\n<p>Consiente a tu mejor amigo con las Galletas Nutribarck de Fancy Pets, una forma sabrosa y saludable de entretenerlo. Est\u00e1n elaboradas con ingredientes seleccionados como avena, crema de cacahuate, zanahoria y manzana deshidratadas, que no solo conquistan su paladar, sino que tambi\u00e9n aportan beneficios funcionales. Ayudan a satisfacer el instinto natural de mordisqueo, reducen el estr\u00e9s y contribuyen a la liberaci\u00f3n de energ\u00eda acumulada, favoreciendo el bienestar f\u00edsico y emocional de tu mascota.Prote\u00edna cruda (m\u00edn.) 12%Grasa cruda (m\u00edn.) 8%Fibra cruda (m\u00e1x.) 3%Humedad (m\u00e1x.) 10%<\/p>\n<div id=\"tab-label-product.info.beneficios\" class=\"data item title active\" tabindex=\"0\" role=\"tab\" aria-labeledby=\"tab-label-product.info.beneficios-title\" data-role=\"collapsible\" data-collapsible=\"true\" aria-controls=\"product.info.beneficios\" aria-selected=\"true\" aria-expanded=\"true\">BENEFICIOS:<\/div>\n<div id=\"product.info.beneficios\" class=\"data item content\" role=\"tabpanel\" data-role=\"content\" aria-labelledby=\"tab-label-product.info.beneficios\" aria-hidden=\"false\">\n<div class=\"product attribute beneficios\">\n<div class=\"value\">Satisfacen el instinto natural de mordisqueo: Ayudan a reducir el estr\u00e9s y la ansiedad, manteniendo al perro entretenido de forma saludable. Aportan energ\u00eda de forma natural: La avena y la glucosa brindan energ\u00eda sostenida, ideal para perros activos. Ingredientes funcionales y deliciosos: Con crema de cacahuate, zanahoria y manzanas deshidratadas, que aportan sabor, fibra y nutrientes naturales. Favorecen la salud digestiva: Gracias a la fibra del \u00e1rbol de acacia, que promueve una digesti\u00f3n saludable y el equilibrio intestinal. Snack seguro y pr\u00e1ctico: F\u00f3rmula conservada con ingredientes aprobados para mantener su frescura y calidad por m\u00e1s tiempo.<\/div>\n<\/div>\n<\/div>\n<\/div>\n<\/div>\n<\/div>\n","protected":false},"featured_media":15197,"template":"","meta":[],"product_brand":[106],"product_cat":[73,80],"product_tag":[989,480],"class_list":{"0":"post-15196","1":"product","2":"type-product","3":"status-publish","4":"has-post-thumbnail","6":"product_brand-fancypets","7":"product_cat-perros","8":"product_cat-premios","9":"product_tag-galletas-cacahuete","10":"product_tag-premios-para-perros","12":"first","13":"instock","14":"sale","15":"shipping-taxable","16":"purchasable","17":"product-type-simple"},"yoast_head":"<!-- This site is optimized with the Yoast SEO plugin v27.4 - https:\/\/yoast.com\/product\/yoast-seo-wordpress\/ -->\n<title>NUTRI BARK GALLETAS C\/CREMA DE CACAHUATE | Acuario Supremus<\/title>\n<meta name=\"description\" content=\"Las Galletas Nutribarck para PERRO, una forma sabrosa y saludable de entretenerlo. Est\u00e1n elaboradas con ingredientes seleccionados y beneficios funcionales.\" \/>\n<meta name=\"robots\" content=\"index, follow, max-snippet:-1, max-image-preview:large, max-video-preview:-1\" \/>\n<link rel=\"canonical\" href=\"https:\/\/acuariosupremus.com\/?product=nutri-bark-galletas-c-crema-de-cacahuate\" \/>\n<meta property=\"og:locale\" content=\"es_MX\" \/>\n<meta property=\"og:type\" content=\"article\" \/>\n<meta property=\"og:title\" content=\"NUTRI BARK GALLETAS C\/CREMA DE CACAHUATE | Acuario Supremus\" \/>\n<meta property=\"og:description\" content=\"Las Galletas Nutribarck para PERRO, una forma sabrosa y saludable de entretenerlo. Est\u00e1n elaboradas con ingredientes seleccionados y beneficios funcionales.\" \/>\n<meta property=\"og:url\" content=\"https:\/\/acuariosupremus.com\/?product=nutri-bark-galletas-c-crema-de-cacahuate\" \/>\n<meta property=\"og:site_name\" content=\"Acuario Supremus\" \/>\n<meta property=\"article:publisher\" content=\"https:\/\/www.facebook.com\/AcuarioSupremus\" \/>\n<meta property=\"article:modified_time\" content=\"2026-02-05T02:01:08+00:00\" \/>\n<meta property=\"og:image\" content=\"https:\/\/acuariosupremus.com\/wp-content\/uploads\/2025\/10\/FL3848.jpg\" \/>\n\t<meta property=\"og:image:width\" content=\"800\" \/>\n\t<meta property=\"og:image:height\" content=\"800\" \/>\n\t<meta property=\"og:image:type\" content=\"image\/jpeg\" \/>\n<meta name=\"twitter:card\" content=\"summary_large_image\" \/>\n<meta name=\"twitter:site\" content=\"@AcuarioSupremus\" \/>\n<meta name=\"twitter:label1\" content=\"Tiempo de lectura\" \/>\n\t<meta name=\"twitter:data1\" content=\"1 minuto\" \/>\n<script type=\"application\/ld+json\" class=\"yoast-schema-graph\">{\"@context\":\"https:\\\/\\\/schema.org\",\"@graph\":[{\"@type\":\"WebPage\",\"@id\":\"https:\\\/\\\/acuariosupremus.com\\\/?product=nutri-bark-galletas-c-crema-de-cacahuate\",\"url\":\"https:\\\/\\\/acuariosupremus.com\\\/?product=nutri-bark-galletas-c-crema-de-cacahuate\",\"name\":\"NUTRI BARK GALLETAS C\\\/CREMA DE CACAHUATE | Acuario Supremus\",\"isPartOf\":{\"@id\":\"https:\\\/\\\/acuariosupremus.com\\\/#website\"},\"primaryImageOfPage\":{\"@id\":\"https:\\\/\\\/acuariosupremus.com\\\/?product=nutri-bark-galletas-c-crema-de-cacahuate#primaryimage\"},\"image\":{\"@id\":\"https:\\\/\\\/acuariosupremus.com\\\/?product=nutri-bark-galletas-c-crema-de-cacahuate#primaryimage\"},\"thumbnailUrl\":\"https:\\\/\\\/acuariosupremus.com\\\/wp-content\\\/uploads\\\/2025\\\/10\\\/FL3848.jpg\",\"datePublished\":\"2025-10-06T21:48:26+00:00\",\"dateModified\":\"2026-02-05T02:01:08+00:00\",\"description\":\"Las Galletas Nutribarck para PERRO, una forma sabrosa y saludable de entretenerlo. Est\u00e1n elaboradas con ingredientes seleccionados y beneficios funcionales.\",\"breadcrumb\":{\"@id\":\"https:\\\/\\\/acuariosupremus.com\\\/?product=nutri-bark-galletas-c-crema-de-cacahuate#breadcrumb\"},\"inLanguage\":\"es\",\"potentialAction\":[{\"@type\":\"ReadAction\",\"target\":[\"https:\\\/\\\/acuariosupremus.com\\\/?product=nutri-bark-galletas-c-crema-de-cacahuate\"]}]},{\"@type\":\"ImageObject\",\"inLanguage\":\"es\",\"@id\":\"https:\\\/\\\/acuariosupremus.com\\\/?product=nutri-bark-galletas-c-crema-de-cacahuate#primaryimage\",\"url\":\"https:\\\/\\\/acuariosupremus.com\\\/wp-content\\\/uploads\\\/2025\\\/10\\\/FL3848.jpg\",\"contentUrl\":\"https:\\\/\\\/acuariosupremus.com\\\/wp-content\\\/uploads\\\/2025\\\/10\\\/FL3848.jpg\",\"width\":800,\"height\":800},{\"@type\":\"BreadcrumbList\",\"@id\":\"https:\\\/\\\/acuariosupremus.com\\\/?product=nutri-bark-galletas-c-crema-de-cacahuate#breadcrumb\",\"itemListElement\":[{\"@type\":\"ListItem\",\"position\":1,\"name\":\"Portada\",\"item\":\"https:\\\/\\\/acuariosupremus.com\\\/\"},{\"@type\":\"ListItem\",\"position\":2,\"name\":\"Tienda\",\"item\":\"https:\\\/\\\/acuariosupremus.com\\\/tienda\\\/\"},{\"@type\":\"ListItem\",\"position\":3,\"name\":\"NUTRI BARK GALLETAS C\\\/CREMA DE CACAHUATE\"}]},{\"@type\":\"WebSite\",\"@id\":\"https:\\\/\\\/acuariosupremus.com\\\/#website\",\"url\":\"https:\\\/\\\/acuariosupremus.com\\\/\",\"name\":\"Acuario Supremus\",\"description\":\"Peces, Peceras y Mascotas.\",\"publisher\":{\"@id\":\"https:\\\/\\\/acuariosupremus.com\\\/#organization\"},\"potentialAction\":[{\"@type\":\"SearchAction\",\"target\":{\"@type\":\"EntryPoint\",\"urlTemplate\":\"https:\\\/\\\/acuariosupremus.com\\\/?s={search_term_string}\"},\"query-input\":{\"@type\":\"PropertyValueSpecification\",\"valueRequired\":true,\"valueName\":\"search_term_string\"}}],\"inLanguage\":\"es\"},{\"@type\":\"Organization\",\"@id\":\"https:\\\/\\\/acuariosupremus.com\\\/#organization\",\"name\":\"Acuario Supremus\",\"url\":\"https:\\\/\\\/acuariosupremus.com\\\/\",\"logo\":{\"@type\":\"ImageObject\",\"inLanguage\":\"es\",\"@id\":\"https:\\\/\\\/acuariosupremus.com\\\/#\\\/schema\\\/logo\\\/image\\\/\",\"url\":\"https:\\\/\\\/acuariosupremus.com\\\/wp-content\\\/uploads\\\/2021\\\/12\\\/cropped-logo_acuario_supremus_fn-2.png\",\"contentUrl\":\"https:\\\/\\\/acuariosupremus.com\\\/wp-content\\\/uploads\\\/2021\\\/12\\\/cropped-logo_acuario_supremus_fn-2.png\",\"width\":1000,\"height\":318,\"caption\":\"Acuario Supremus\"},\"image\":{\"@id\":\"https:\\\/\\\/acuariosupremus.com\\\/#\\\/schema\\\/logo\\\/image\\\/\"},\"sameAs\":[\"https:\\\/\\\/www.facebook.com\\\/AcuarioSupremus\",\"https:\\\/\\\/x.com\\\/AcuarioSupremus\",\"https:\\\/\\\/www.instagram.com\\\/acuariosupremus\\\/?hl=es\"]}]}<\/script>\n<!-- \/ Yoast SEO plugin. -->","yoast_head_json":{"title":"NUTRI BARK GALLETAS C\/CREMA DE CACAHUATE | Acuario Supremus","description":"Las Galletas Nutribarck para PERRO, una forma sabrosa y saludable de entretenerlo. Est\u00e1n elaboradas con ingredientes seleccionados y beneficios funcionales.","robots":{"index":"index","follow":"follow","max-snippet":"max-snippet:-1","max-image-preview":"max-image-preview:large","max-video-preview":"max-video-preview:-1"},"canonical":"https:\/\/acuariosupremus.com\/?product=nutri-bark-galletas-c-crema-de-cacahuate","og_locale":"es_MX","og_type":"article","og_title":"NUTRI BARK GALLETAS C\/CREMA DE CACAHUATE | Acuario Supremus","og_description":"Las Galletas Nutribarck para PERRO, una forma sabrosa y saludable de entretenerlo. Est\u00e1n elaboradas con ingredientes seleccionados y beneficios funcionales.","og_url":"https:\/\/acuariosupremus.com\/?product=nutri-bark-galletas-c-crema-de-cacahuate","og_site_name":"Acuario Supremus","article_publisher":"https:\/\/www.facebook.com\/AcuarioSupremus","article_modified_time":"2026-02-05T02:01:08+00:00","og_image":[{"width":800,"height":800,"url":"https:\/\/acuariosupremus.com\/wp-content\/uploads\/2025\/10\/FL3848.jpg","type":"image\/jpeg"}],"twitter_card":"summary_large_image","twitter_site":"@AcuarioSupremus","twitter_misc":{"Tiempo de lectura":"1 minuto"},"schema":{"@context":"https:\/\/schema.org","@graph":[{"@type":"WebPage","@id":"https:\/\/acuariosupremus.com\/?product=nutri-bark-galletas-c-crema-de-cacahuate","url":"https:\/\/acuariosupremus.com\/?product=nutri-bark-galletas-c-crema-de-cacahuate","name":"NUTRI BARK GALLETAS C\/CREMA DE CACAHUATE | Acuario Supremus","isPartOf":{"@id":"https:\/\/acuariosupremus.com\/#website"},"primaryImageOfPage":{"@id":"https:\/\/acuariosupremus.com\/?product=nutri-bark-galletas-c-crema-de-cacahuate#primaryimage"},"image":{"@id":"https:\/\/acuariosupremus.com\/?product=nutri-bark-galletas-c-crema-de-cacahuate#primaryimage"},"thumbnailUrl":"https:\/\/acuariosupremus.com\/wp-content\/uploads\/2025\/10\/FL3848.jpg","datePublished":"2025-10-06T21:48:26+00:00","dateModified":"2026-02-05T02:01:08+00:00","description":"Las Galletas Nutribarck para PERRO, una forma sabrosa y saludable de entretenerlo. Est\u00e1n elaboradas con ingredientes seleccionados y beneficios funcionales.","breadcrumb":{"@id":"https:\/\/acuariosupremus.com\/?product=nutri-bark-galletas-c-crema-de-cacahuate#breadcrumb"},"inLanguage":"es","potentialAction":[{"@type":"ReadAction","target":["https:\/\/acuariosupremus.com\/?product=nutri-bark-galletas-c-crema-de-cacahuate"]}]},{"@type":"ImageObject","inLanguage":"es","@id":"https:\/\/acuariosupremus.com\/?product=nutri-bark-galletas-c-crema-de-cacahuate#primaryimage","url":"https:\/\/acuariosupremus.com\/wp-content\/uploads\/2025\/10\/FL3848.jpg","contentUrl":"https:\/\/acuariosupremus.com\/wp-content\/uploads\/2025\/10\/FL3848.jpg","width":800,"height":800},{"@type":"BreadcrumbList","@id":"https:\/\/acuariosupremus.com\/?product=nutri-bark-galletas-c-crema-de-cacahuate#breadcrumb","itemListElement":[{"@type":"ListItem","position":1,"name":"Portada","item":"https:\/\/acuariosupremus.com\/"},{"@type":"ListItem","position":2,"name":"Tienda","item":"https:\/\/acuariosupremus.com\/tienda\/"},{"@type":"ListItem","position":3,"name":"NUTRI BARK GALLETAS C\/CREMA DE CACAHUATE"}]},{"@type":"WebSite","@id":"https:\/\/acuariosupremus.com\/#website","url":"https:\/\/acuariosupremus.com\/","name":"Acuario Supremus","description":"Peces, Peceras y Mascotas.","publisher":{"@id":"https:\/\/acuariosupremus.com\/#organization"},"potentialAction":[{"@type":"SearchAction","target":{"@type":"EntryPoint","urlTemplate":"https:\/\/acuariosupremus.com\/?s={search_term_string}"},"query-input":{"@type":"PropertyValueSpecification","valueRequired":true,"valueName":"search_term_string"}}],"inLanguage":"es"},{"@type":"Organization","@id":"https:\/\/acuariosupremus.com\/#organization","name":"Acuario Supremus","url":"https:\/\/acuariosupremus.com\/","logo":{"@type":"ImageObject","inLanguage":"es","@id":"https:\/\/acuariosupremus.com\/#\/schema\/logo\/image\/","url":"https:\/\/acuariosupremus.com\/wp-content\/uploads\/2021\/12\/cropped-logo_acuario_supremus_fn-2.png","contentUrl":"https:\/\/acuariosupremus.com\/wp-content\/uploads\/2021\/12\/cropped-logo_acuario_supremus_fn-2.png","width":1000,"height":318,"caption":"Acuario Supremus"},"image":{"@id":"https:\/\/acuariosupremus.com\/#\/schema\/logo\/image\/"},"sameAs":["https:\/\/www.facebook.com\/AcuarioSupremus","https:\/\/x.com\/AcuarioSupremus","https:\/\/www.instagram.com\/acuariosupremus\/?hl=es"]}]}},"jetpack_sharing_enabled":true,"_links":{"self":[{"href":"https:\/\/acuariosupremus.com\/index.php?rest_route=\/wp\/v2\/product\/15196","targetHints":{"allow":["GET"]}}],"collection":[{"href":"https:\/\/acuariosupremus.com\/index.php?rest_route=\/wp\/v2\/product"}],"about":[{"href":"https:\/\/acuariosupremus.com\/index.php?rest_route=\/wp\/v2\/types\/product"}],"wp:featuredmedia":[{"embeddable":true,"href":"https:\/\/acuariosupremus.com\/index.php?rest_route=\/wp\/v2\/media\/15197"}],"wp:attachment":[{"href":"https:\/\/acuariosupremus.com\/index.php?rest_route=%2Fwp%2Fv2%2Fmedia&parent=15196"}],"wp:term":[{"taxonomy":"product_brand","embeddable":true,"href":"https:\/\/acuariosupremus.com\/index.php?rest_route=%2Fwp%2Fv2%2Fproduct_brand&post=15196"},{"taxonomy":"product_cat","embeddable":true,"href":"https:\/\/acuariosupremus.com\/index.php?rest_route=%2Fwp%2Fv2%2Fproduct_cat&post=15196"},{"taxonomy":"product_tag","embeddable":true,"href":"https:\/\/acuariosupremus.com\/index.php?rest_route=%2Fwp%2Fv2%2Fproduct_tag&post=15196"}],"curies":[{"name":"wp","href":"https:\/\/api.w.org\/{rel}","templated":true}]}}