{"id":15202,"date":"2025-10-06T16:16:38","date_gmt":"2025-10-06T22:16:38","guid":{"rendered":"https:\/\/acuariosupremus.com\/?post_type=product&#038;p=15202"},"modified":"2026-01-12T19:58:58","modified_gmt":"2026-01-13T01:58:58","slug":"funbites-p-cacatuas-loros-loritos-y-ninfas","status":"publish","type":"product","link":"https:\/\/acuariosupremus.com\/?product=funbites-p-cacatuas-loros-loritos-y-ninfas","title":{"rendered":"FUNBITES P CACATUAS, LOROS, LORITOS Y NINFAS"},"content":{"rendered":"<div id=\"product.info.beneficios\" class=\"data item content\" role=\"tabpanel\" data-role=\"content\" aria-labelledby=\"tab-label-product.info.beneficios\" aria-hidden=\"false\">\n<div class=\"product attribute beneficios\">\n<div tabindex=\"0\" role=\"tab\" aria-labeledby=\"tab-label-additional-title\" data-role=\"collapsible\" data-collapsible=\"true\" aria-controls=\"additional\" aria-selected=\"true\" aria-expanded=\"true\">\n<div id=\"product.info.ingredientes.formulacion\" class=\"data item content\" role=\"tabpanel\" data-role=\"content\" aria-labelledby=\"tab-label-product.info.ingredientes.formulacion\" aria-hidden=\"false\">\n<div class=\"product attribute ingredientes_formulacion\">\n<div id=\"product.info.ingredientes.modo.de.uso\" class=\"data item content\" role=\"tabpanel\" data-role=\"content\" aria-labelledby=\"tab-label-product.info.ingredientes.modo.de.uso\" aria-hidden=\"false\">\n<div class=\"product attribute modo_de_uso_precuaciones_y_adv\">\n<div class=\"value\">\n<div id=\"tab-label-product.info.ingredientes.formulacion\" class=\"data item title active\" tabindex=\"0\" role=\"tab\" aria-labeledby=\"tab-label-product.info.ingredientes.formulacion-title\" data-role=\"collapsible\" data-collapsible=\"true\" aria-controls=\"product.info.ingredientes.formulacion\" aria-selected=\"true\" aria-expanded=\"true\">INGREDIENTES\/FORMULACI\u00d3N:<\/div>\n<div id=\"product.info.ingredientes.formulacion\" class=\"data item content\" role=\"tabpanel\" data-role=\"content\" aria-labelledby=\"tab-label-product.info.ingredientes.formulacion\" aria-hidden=\"false\">\n<div class=\"product attribute ingredientes_formulacion\">\n<div class=\"value\">Alpiste, canola, n\u00edger, mijo blanco, avena en grano y alimento balanceado en migajas (granos molidos, subproductos de cereales, pastas de oleaginosas, aceite vegetal, melaza de ca\u00f1a, carbonato de calcio, ortofosfato de calcio, cloruro de sodio, hierro, magnesio, zinc, manganeso, f\u00f3sforo, cobre, selenio, vitamina A, vitamina B1, vitamina B2, vitamina B6, vitamina B12, \u00e1cido f\u00f3lico, biotina, niacina, \u00e1cido pantot\u00e9nico, cloruro de colina, lisina y metionina) glucosa, fibra soluble del \u00e1rbol de Acacia, benzoato de sodio y sorbato de potasio como conservadores.<\/div>\n<div>\n<div id=\"tab-label-product.info.ingredientes.modo.de.uso\" class=\"data item title active\" tabindex=\"0\" role=\"tab\" aria-labeledby=\"tab-label-product.info.ingredientes.modo.de.uso-title\" data-role=\"collapsible\" data-collapsible=\"true\" aria-controls=\"product.info.ingredientes.modo.de.uso\" aria-selected=\"true\" aria-expanded=\"true\">MODO DE USO \/ PRECAUCIONES Y ADVERTENCIAS:<\/div>\n<div id=\"product.info.ingredientes.modo.de.uso\" class=\"data item content\" role=\"tabpanel\" data-role=\"content\" aria-labelledby=\"tab-label-product.info.ingredientes.modo.de.uso\" aria-hidden=\"false\">\n<div class=\"product attribute modo_de_uso_precuaciones_y_adv\">\n<div class=\"value\">Coloque las figuritas dentro de la jaula del lado contrario al agua de bebida en un platito independiente o distribuidas por la jaula. La curiosidad de las aves har\u00e1 que se acerquen poco a poco y prueben las semillas. Reempl\u00e1celas cuando se terminen, dependiendo de la cantidad de aves o tama\u00f1o de ellas variar\u00e1 la frecuencia de alimentaci\u00f3n. Si observa alg\u00fan cambio en el aroma, color o textura de las semillas, ret\u00edrelas de la jaula y proporcione figuras nuevas.Conserve en un lugar fresco y seco. No consumir el producto despu\u00e9s de la fecha de caducidad. Proporcione agua en abundancia a sus aves en todo momento. Monitoree peri\u00f3dicamente el peso de sus aves. Esta botana es exclusiva para aves de ornato, no emplear en aves de corral. El uso de este producto no sustituye la alimentaci\u00f3n diaria del ave, ofrezca como botana. Las aves son muy sensibles a las sustancias qu\u00edmicas. Evite proporcionar mezclas o tratamientos caseros que no est\u00e9n autorizados por su M\u00e9dico Veterinario para evitar el riesgo de envenenamiento.<\/div>\n<\/div>\n<\/div>\n<\/div>\n<\/div>\n<\/div>\n<\/div>\n<\/div>\n<\/div>\n<\/div>\n<\/div>\n<\/div>\n<\/div>\n<\/div>\n","protected":false},"excerpt":{"rendered":"<div id=\"tab-label-description\" class=\"data item title active\" tabindex=\"0\" role=\"tab\" aria-labeledby=\"tab-label-description-title\" data-role=\"collapsible\" data-collapsible=\"true\" aria-controls=\"description\" aria-selected=\"false\" aria-expanded=\"true\">DESCRIPCI\u00d3N:<\/div>\n<div id=\"description\" class=\"data item content\" role=\"tabpanel\" data-role=\"content\" aria-labelledby=\"tab-label-description\" aria-hidden=\"false\">\n<div class=\"product attribute description\">\n<div class=\"value\">\n<p>FunBites para loros, cacat\u00faas, loritos y ninfas de Redkite\u00ae es la botana perfecta para consentir y estimular a tus aves. Elaborada con una mezcla balanceada de semillas y granos seleccionados, no solo aporta nutrici\u00f3n esencial para mantenerlas activas y saludables, sino que tambi\u00e9n promueve el enriquecimiento ambiental, despertando su curiosidad y manteni\u00e9ndolas entretenidas mientras ejercitan su pico. Con su delicioso sabor natural, FunBites contribuye al bienestar diario de tus aves, combinando alimentaci\u00f3n, juego y cuidado en un solo producto. Prote\u00edna cruda (m\u00edn.) 13%Grasa (m\u00edn.) 8%Fibra cruda (m\u00e1x.) 10%Cenizas (m\u00e1x.) 5%Humedad (m\u00e1x.) 12%<\/p>\n<div id=\"tab-label-product.info.beneficios\" class=\"data item title active\" tabindex=\"0\" role=\"tab\" aria-labeledby=\"tab-label-product.info.beneficios-title\" data-role=\"collapsible\" data-collapsible=\"true\" aria-controls=\"product.info.beneficios\" aria-selected=\"true\" aria-expanded=\"true\">BENEFICIOS:<\/div>\n<div id=\"product.info.beneficios\" class=\"data item content\" role=\"tabpanel\" data-role=\"content\" aria-labelledby=\"tab-label-product.info.beneficios\" aria-hidden=\"false\">\n<div class=\"product attribute beneficios\">\n<div class=\"value\">Nutrici\u00f3n balanceada: Aporta prote\u00ednas, grasas y fibra para mantener a tus aves activas y saludables. Estimula la curiosidad y el juego: Su mezcla de semillas fomenta el enriquecimiento ambiental, manteniendo a las aves entretenidas. Contribuye al desgaste natural del pico: Su textura y variedad de granos ayudan a mantener el pico en buen estado. Promueve el bienestar emocional: La interacci\u00f3n con las semillas reduce el aburrimiento y favorece conductas naturales de forrajeo. Delicioso y f\u00e1cil de ofrecer: Su sabor natural y tama\u00f1o ideal lo convierten en una botana atractiva y pr\u00e1ctica del d\u00eda a d\u00eda.<\/div>\n<\/div>\n<\/div>\n<\/div>\n<\/div>\n<\/div>\n","protected":false},"featured_media":15203,"template":"","meta":[],"product_brand":[104],"product_cat":[20,29],"product_tag":[272,990],"class_list":{"0":"post-15202","1":"product","2":"type-product","3":"status-publish","4":"has-post-thumbnail","6":"product_brand-redkite","7":"product_cat-aves","8":"product_cat-nutricion","9":"product_tag-alimento-aves","10":"product_tag-funbites","12":"first","13":"instock","14":"sale","15":"shipping-taxable","16":"purchasable","17":"product-type-simple"},"yoast_head":"<!-- This site is optimized with the Yoast SEO plugin v27.4 - https:\/\/yoast.com\/product\/yoast-seo-wordpress\/ -->\n<title>FUNBITES P CACATUAS, LOROS, LORITOS Y NINFAS | Acuario Supremus<\/title>\n<meta name=\"description\" content=\"FunBites para loros, cacat\u00faas, loritos y ninfas de Redkite es la botana perfecta para consentir y estimular a tus aves, mezcla balanceada de semillas\" \/>\n<meta name=\"robots\" content=\"index, follow, max-snippet:-1, max-image-preview:large, max-video-preview:-1\" \/>\n<link rel=\"canonical\" href=\"https:\/\/acuariosupremus.com\/?product=funbites-p-cacatuas-loros-loritos-y-ninfas\" \/>\n<meta property=\"og:locale\" content=\"es_MX\" \/>\n<meta property=\"og:type\" content=\"article\" \/>\n<meta property=\"og:title\" content=\"FUNBITES P CACATUAS, LOROS, LORITOS Y NINFAS | Acuario Supremus\" \/>\n<meta property=\"og:description\" content=\"FunBites para loros, cacat\u00faas, loritos y ninfas de Redkite es la botana perfecta para consentir y estimular a tus aves, mezcla balanceada de semillas\" \/>\n<meta property=\"og:url\" content=\"https:\/\/acuariosupremus.com\/?product=funbites-p-cacatuas-loros-loritos-y-ninfas\" \/>\n<meta property=\"og:site_name\" content=\"Acuario Supremus\" \/>\n<meta property=\"article:publisher\" content=\"https:\/\/www.facebook.com\/AcuarioSupremus\" \/>\n<meta property=\"article:modified_time\" content=\"2026-01-13T01:58:58+00:00\" \/>\n<meta property=\"og:image\" content=\"https:\/\/acuariosupremus.com\/wp-content\/uploads\/2025\/10\/FL4173.jpg\" \/>\n\t<meta property=\"og:image:width\" content=\"800\" \/>\n\t<meta property=\"og:image:height\" content=\"800\" \/>\n\t<meta property=\"og:image:type\" content=\"image\/jpeg\" \/>\n<meta name=\"twitter:card\" content=\"summary_large_image\" \/>\n<meta name=\"twitter:site\" content=\"@AcuarioSupremus\" \/>\n<meta name=\"twitter:label1\" content=\"Tiempo de lectura\" \/>\n\t<meta name=\"twitter:data1\" content=\"2 minutos\" \/>\n<script type=\"application\/ld+json\" class=\"yoast-schema-graph\">{\"@context\":\"https:\\\/\\\/schema.org\",\"@graph\":[{\"@type\":\"WebPage\",\"@id\":\"https:\\\/\\\/acuariosupremus.com\\\/?product=funbites-p-cacatuas-loros-loritos-y-ninfas\",\"url\":\"https:\\\/\\\/acuariosupremus.com\\\/?product=funbites-p-cacatuas-loros-loritos-y-ninfas\",\"name\":\"FUNBITES P CACATUAS, LOROS, LORITOS Y NINFAS | Acuario Supremus\",\"isPartOf\":{\"@id\":\"https:\\\/\\\/acuariosupremus.com\\\/#website\"},\"primaryImageOfPage\":{\"@id\":\"https:\\\/\\\/acuariosupremus.com\\\/?product=funbites-p-cacatuas-loros-loritos-y-ninfas#primaryimage\"},\"image\":{\"@id\":\"https:\\\/\\\/acuariosupremus.com\\\/?product=funbites-p-cacatuas-loros-loritos-y-ninfas#primaryimage\"},\"thumbnailUrl\":\"https:\\\/\\\/acuariosupremus.com\\\/wp-content\\\/uploads\\\/2025\\\/10\\\/FL4173.jpg\",\"datePublished\":\"2025-10-06T22:16:38+00:00\",\"dateModified\":\"2026-01-13T01:58:58+00:00\",\"description\":\"FunBites para loros, cacat\u00faas, loritos y ninfas de Redkite es la botana perfecta para consentir y estimular a tus aves, mezcla balanceada de semillas\",\"breadcrumb\":{\"@id\":\"https:\\\/\\\/acuariosupremus.com\\\/?product=funbites-p-cacatuas-loros-loritos-y-ninfas#breadcrumb\"},\"inLanguage\":\"es\",\"potentialAction\":[{\"@type\":\"ReadAction\",\"target\":[\"https:\\\/\\\/acuariosupremus.com\\\/?product=funbites-p-cacatuas-loros-loritos-y-ninfas\"]}]},{\"@type\":\"ImageObject\",\"inLanguage\":\"es\",\"@id\":\"https:\\\/\\\/acuariosupremus.com\\\/?product=funbites-p-cacatuas-loros-loritos-y-ninfas#primaryimage\",\"url\":\"https:\\\/\\\/acuariosupremus.com\\\/wp-content\\\/uploads\\\/2025\\\/10\\\/FL4173.jpg\",\"contentUrl\":\"https:\\\/\\\/acuariosupremus.com\\\/wp-content\\\/uploads\\\/2025\\\/10\\\/FL4173.jpg\",\"width\":800,\"height\":800},{\"@type\":\"BreadcrumbList\",\"@id\":\"https:\\\/\\\/acuariosupremus.com\\\/?product=funbites-p-cacatuas-loros-loritos-y-ninfas#breadcrumb\",\"itemListElement\":[{\"@type\":\"ListItem\",\"position\":1,\"name\":\"Portada\",\"item\":\"https:\\\/\\\/acuariosupremus.com\\\/\"},{\"@type\":\"ListItem\",\"position\":2,\"name\":\"Tienda\",\"item\":\"https:\\\/\\\/acuariosupremus.com\\\/tienda\\\/\"},{\"@type\":\"ListItem\",\"position\":3,\"name\":\"FUNBITES P CACATUAS, LOROS, LORITOS Y NINFAS\"}]},{\"@type\":\"WebSite\",\"@id\":\"https:\\\/\\\/acuariosupremus.com\\\/#website\",\"url\":\"https:\\\/\\\/acuariosupremus.com\\\/\",\"name\":\"Acuario Supremus\",\"description\":\"Peces, Peceras y Mascotas.\",\"publisher\":{\"@id\":\"https:\\\/\\\/acuariosupremus.com\\\/#organization\"},\"potentialAction\":[{\"@type\":\"SearchAction\",\"target\":{\"@type\":\"EntryPoint\",\"urlTemplate\":\"https:\\\/\\\/acuariosupremus.com\\\/?s={search_term_string}\"},\"query-input\":{\"@type\":\"PropertyValueSpecification\",\"valueRequired\":true,\"valueName\":\"search_term_string\"}}],\"inLanguage\":\"es\"},{\"@type\":\"Organization\",\"@id\":\"https:\\\/\\\/acuariosupremus.com\\\/#organization\",\"name\":\"Acuario Supremus\",\"url\":\"https:\\\/\\\/acuariosupremus.com\\\/\",\"logo\":{\"@type\":\"ImageObject\",\"inLanguage\":\"es\",\"@id\":\"https:\\\/\\\/acuariosupremus.com\\\/#\\\/schema\\\/logo\\\/image\\\/\",\"url\":\"https:\\\/\\\/acuariosupremus.com\\\/wp-content\\\/uploads\\\/2021\\\/12\\\/cropped-logo_acuario_supremus_fn-2.png\",\"contentUrl\":\"https:\\\/\\\/acuariosupremus.com\\\/wp-content\\\/uploads\\\/2021\\\/12\\\/cropped-logo_acuario_supremus_fn-2.png\",\"width\":1000,\"height\":318,\"caption\":\"Acuario Supremus\"},\"image\":{\"@id\":\"https:\\\/\\\/acuariosupremus.com\\\/#\\\/schema\\\/logo\\\/image\\\/\"},\"sameAs\":[\"https:\\\/\\\/www.facebook.com\\\/AcuarioSupremus\",\"https:\\\/\\\/x.com\\\/AcuarioSupremus\",\"https:\\\/\\\/www.instagram.com\\\/acuariosupremus\\\/?hl=es\"]}]}<\/script>\n<!-- \/ Yoast SEO plugin. -->","yoast_head_json":{"title":"FUNBITES P CACATUAS, LOROS, LORITOS Y NINFAS | Acuario Supremus","description":"FunBites para loros, cacat\u00faas, loritos y ninfas de Redkite es la botana perfecta para consentir y estimular a tus aves, mezcla balanceada de semillas","robots":{"index":"index","follow":"follow","max-snippet":"max-snippet:-1","max-image-preview":"max-image-preview:large","max-video-preview":"max-video-preview:-1"},"canonical":"https:\/\/acuariosupremus.com\/?product=funbites-p-cacatuas-loros-loritos-y-ninfas","og_locale":"es_MX","og_type":"article","og_title":"FUNBITES P CACATUAS, LOROS, LORITOS Y NINFAS | Acuario Supremus","og_description":"FunBites para loros, cacat\u00faas, loritos y ninfas de Redkite es la botana perfecta para consentir y estimular a tus aves, mezcla balanceada de semillas","og_url":"https:\/\/acuariosupremus.com\/?product=funbites-p-cacatuas-loros-loritos-y-ninfas","og_site_name":"Acuario Supremus","article_publisher":"https:\/\/www.facebook.com\/AcuarioSupremus","article_modified_time":"2026-01-13T01:58:58+00:00","og_image":[{"width":800,"height":800,"url":"https:\/\/acuariosupremus.com\/wp-content\/uploads\/2025\/10\/FL4173.jpg","type":"image\/jpeg"}],"twitter_card":"summary_large_image","twitter_site":"@AcuarioSupremus","twitter_misc":{"Tiempo de lectura":"2 minutos"},"schema":{"@context":"https:\/\/schema.org","@graph":[{"@type":"WebPage","@id":"https:\/\/acuariosupremus.com\/?product=funbites-p-cacatuas-loros-loritos-y-ninfas","url":"https:\/\/acuariosupremus.com\/?product=funbites-p-cacatuas-loros-loritos-y-ninfas","name":"FUNBITES P CACATUAS, LOROS, LORITOS Y NINFAS | Acuario Supremus","isPartOf":{"@id":"https:\/\/acuariosupremus.com\/#website"},"primaryImageOfPage":{"@id":"https:\/\/acuariosupremus.com\/?product=funbites-p-cacatuas-loros-loritos-y-ninfas#primaryimage"},"image":{"@id":"https:\/\/acuariosupremus.com\/?product=funbites-p-cacatuas-loros-loritos-y-ninfas#primaryimage"},"thumbnailUrl":"https:\/\/acuariosupremus.com\/wp-content\/uploads\/2025\/10\/FL4173.jpg","datePublished":"2025-10-06T22:16:38+00:00","dateModified":"2026-01-13T01:58:58+00:00","description":"FunBites para loros, cacat\u00faas, loritos y ninfas de Redkite es la botana perfecta para consentir y estimular a tus aves, mezcla balanceada de semillas","breadcrumb":{"@id":"https:\/\/acuariosupremus.com\/?product=funbites-p-cacatuas-loros-loritos-y-ninfas#breadcrumb"},"inLanguage":"es","potentialAction":[{"@type":"ReadAction","target":["https:\/\/acuariosupremus.com\/?product=funbites-p-cacatuas-loros-loritos-y-ninfas"]}]},{"@type":"ImageObject","inLanguage":"es","@id":"https:\/\/acuariosupremus.com\/?product=funbites-p-cacatuas-loros-loritos-y-ninfas#primaryimage","url":"https:\/\/acuariosupremus.com\/wp-content\/uploads\/2025\/10\/FL4173.jpg","contentUrl":"https:\/\/acuariosupremus.com\/wp-content\/uploads\/2025\/10\/FL4173.jpg","width":800,"height":800},{"@type":"BreadcrumbList","@id":"https:\/\/acuariosupremus.com\/?product=funbites-p-cacatuas-loros-loritos-y-ninfas#breadcrumb","itemListElement":[{"@type":"ListItem","position":1,"name":"Portada","item":"https:\/\/acuariosupremus.com\/"},{"@type":"ListItem","position":2,"name":"Tienda","item":"https:\/\/acuariosupremus.com\/tienda\/"},{"@type":"ListItem","position":3,"name":"FUNBITES P CACATUAS, LOROS, LORITOS Y NINFAS"}]},{"@type":"WebSite","@id":"https:\/\/acuariosupremus.com\/#website","url":"https:\/\/acuariosupremus.com\/","name":"Acuario Supremus","description":"Peces, Peceras y Mascotas.","publisher":{"@id":"https:\/\/acuariosupremus.com\/#organization"},"potentialAction":[{"@type":"SearchAction","target":{"@type":"EntryPoint","urlTemplate":"https:\/\/acuariosupremus.com\/?s={search_term_string}"},"query-input":{"@type":"PropertyValueSpecification","valueRequired":true,"valueName":"search_term_string"}}],"inLanguage":"es"},{"@type":"Organization","@id":"https:\/\/acuariosupremus.com\/#organization","name":"Acuario Supremus","url":"https:\/\/acuariosupremus.com\/","logo":{"@type":"ImageObject","inLanguage":"es","@id":"https:\/\/acuariosupremus.com\/#\/schema\/logo\/image\/","url":"https:\/\/acuariosupremus.com\/wp-content\/uploads\/2021\/12\/cropped-logo_acuario_supremus_fn-2.png","contentUrl":"https:\/\/acuariosupremus.com\/wp-content\/uploads\/2021\/12\/cropped-logo_acuario_supremus_fn-2.png","width":1000,"height":318,"caption":"Acuario Supremus"},"image":{"@id":"https:\/\/acuariosupremus.com\/#\/schema\/logo\/image\/"},"sameAs":["https:\/\/www.facebook.com\/AcuarioSupremus","https:\/\/x.com\/AcuarioSupremus","https:\/\/www.instagram.com\/acuariosupremus\/?hl=es"]}]}},"jetpack_sharing_enabled":true,"_links":{"self":[{"href":"https:\/\/acuariosupremus.com\/index.php?rest_route=\/wp\/v2\/product\/15202","targetHints":{"allow":["GET"]}}],"collection":[{"href":"https:\/\/acuariosupremus.com\/index.php?rest_route=\/wp\/v2\/product"}],"about":[{"href":"https:\/\/acuariosupremus.com\/index.php?rest_route=\/wp\/v2\/types\/product"}],"wp:featuredmedia":[{"embeddable":true,"href":"https:\/\/acuariosupremus.com\/index.php?rest_route=\/wp\/v2\/media\/15203"}],"wp:attachment":[{"href":"https:\/\/acuariosupremus.com\/index.php?rest_route=%2Fwp%2Fv2%2Fmedia&parent=15202"}],"wp:term":[{"taxonomy":"product_brand","embeddable":true,"href":"https:\/\/acuariosupremus.com\/index.php?rest_route=%2Fwp%2Fv2%2Fproduct_brand&post=15202"},{"taxonomy":"product_cat","embeddable":true,"href":"https:\/\/acuariosupremus.com\/index.php?rest_route=%2Fwp%2Fv2%2Fproduct_cat&post=15202"},{"taxonomy":"product_tag","embeddable":true,"href":"https:\/\/acuariosupremus.com\/index.php?rest_route=%2Fwp%2Fv2%2Fproduct_tag&post=15202"}],"curies":[{"name":"wp","href":"https:\/\/api.w.org\/{rel}","templated":true}]}}