{"id":15223,"date":"2025-10-06T20:01:49","date_gmt":"2025-10-07T02:01:49","guid":{"rendered":"https:\/\/acuariosupremus.com\/?post_type=product&#038;p=15223"},"modified":"2026-01-17T17:35:47","modified_gmt":"2026-01-17T23:35:47","slug":"rascador-c-juguete-caja-sorpresa-40-cm","status":"publish","type":"product","link":"https:\/\/acuariosupremus.com\/?product=rascador-c-juguete-caja-sorpresa-40-cm","title":{"rendered":"RASCADOR C\/JUGUETE CAJA SORPRESA 40 CM"},"content":{"rendered":"<div id=\"tab-label-product.info.beneficios\" class=\"data item title active\" tabindex=\"0\" role=\"tab\" aria-labeledby=\"tab-label-product.info.beneficios-title\" data-role=\"collapsible\" data-collapsible=\"true\" aria-controls=\"product.info.beneficios\" aria-selected=\"true\" aria-expanded=\"true\">\n<div id=\"tab-label-product.info.ingredientes.modo.de.uso\" class=\"data item title active\" tabindex=\"0\" role=\"tab\" aria-labeledby=\"tab-label-product.info.ingredientes.modo.de.uso-title\" data-role=\"collapsible\" data-collapsible=\"true\" aria-controls=\"product.info.ingredientes.modo.de.uso\" aria-selected=\"true\" aria-expanded=\"true\">MODO DE USO \/ PRECAUCIONES Y ADVERTENCIAS:<\/div>\n<div id=\"product.info.ingredientes.modo.de.uso\" class=\"data item content\" role=\"tabpanel\" data-role=\"content\" aria-labelledby=\"tab-label-product.info.ingredientes.modo.de.uso\" aria-hidden=\"false\">\n<div class=\"product attribute modo_de_uso_precuaciones_y_adv\">\n<div class=\"value\">Retire el pl\u00e1stico protector del rascador, abra la bolsa de catnip y espolvor\u00e9elo a lo largo del mismo. Col\u00f3quelo cerca de la cama o sill\u00f3n favorito de su gato y dele tiempo para que explore e interact\u00fae con su nuevo rascador. Se recomienda reemplazar este producto de acuerdo al uso y desgaste del mismo. ADVERTENCIAS: Para uso en interiores y exclusivo para mascotas.El uso de este producto es bajo responsabilidad y supervisi\u00f3n del due\u00f1o de la mascota.Rascador de cart\u00f3n corrugado. No t\u00f3xico.<\/div>\n<div>\n<div id=\"tab-label-additional\" class=\"data item title active\" tabindex=\"0\" role=\"tab\" aria-labeledby=\"tab-label-additional-title\" data-role=\"collapsible\" data-collapsible=\"true\" aria-controls=\"additional\" aria-selected=\"true\" aria-expanded=\"true\">CARACTER\u00cdSTICAS:<\/div>\n<div id=\"additional\" class=\"data item content\" role=\"tabpanel\" data-role=\"content\" aria-labelledby=\"tab-label-additional\" aria-hidden=\"false\">\n<div class=\"additional-attributes-wrapper table-wrapper\">Marca: Fancy Pets,\u00a0 Especie: Gatos;\u00a0 \u00a0Medidas: 40 x 16 x 8.5 cm,\u00a0 Contenido neto: 1 PZA, Bolsa con 5 g de catnip,\u00a0 Material:\u00a0 Cart\u00f3n corrugado (no t\u00f3xico)<\/div>\n<\/div>\n<\/div>\n<\/div>\n<\/div>\n<\/div>\n","protected":false},"excerpt":{"rendered":"<div id=\"tab-label-description\" class=\"data item title active\" tabindex=\"0\" role=\"tab\" aria-labeledby=\"tab-label-description-title\" data-role=\"collapsible\" data-collapsible=\"true\" aria-controls=\"description\" aria-selected=\"false\" aria-expanded=\"true\">DESCRIPCI\u00d3N:<\/div>\n<div id=\"description\" class=\"data item content\" role=\"tabpanel\" data-role=\"content\" aria-labelledby=\"tab-label-description\" aria-hidden=\"false\">\n<div class=\"product attribute description\">\n<div class=\"value\">\n<p>El rascador con juguete tipo \u201cCaja sorpresa\u201d es una experiencia sensorial completa para tu gato. Fabricada con cart\u00f3n resistente, esta caja multifuncional le permite rascar, explorar y al mismo tiempo. Su superficie superior act\u00faa como rascador y cuenta con dos orificios que invitan al juego interactivo. En el interior, dos sonajas capturan la atenci\u00f3n de tu felino con cada movimiento, mientas que los m\u00faltiples orificios distribuidos en los laterales y extremos estimulan su curiosidad natural, permiti\u00e9ndole acechar, meter la pata y mantenerse activo. Ideal para gatos inquietos, cazadores por naturaleza y amantes de o escondites misteriosos. Diversi\u00f3n y bienestar en un solo juguete.<\/p>\n<div id=\"tab-label-product.info.beneficios\" class=\"data item title active\" tabindex=\"0\" role=\"tab\" aria-labeledby=\"tab-label-product.info.beneficios-title\" data-role=\"collapsible\" data-collapsible=\"true\" aria-controls=\"product.info.beneficios\" aria-selected=\"true\" aria-expanded=\"true\">BENEFICIOS:<\/div>\n<div id=\"product.info.beneficios\" class=\"data item content\" role=\"tabpanel\" data-role=\"content\" aria-labelledby=\"tab-label-product.info.beneficios\" aria-hidden=\"false\">\n<div class=\"product attribute beneficios\">\n<div class=\"value\">Estimula el instinto de caza y exploraci\u00f3n: Los m\u00faltiples orificios y las sonajas internas despiertan la curiosidad natural del gato, fomentando el juego activo tipo \u201ccaza del tesoro\u201d. Fomenta el rascado saludable: La parte superior funciona como rascador, ayudando a mantener las u\u00f1as sanas y a canalizar el comportamiento de rascado de forma positiva. Ejercicio f\u00edsico y mental: El dise\u00f1o interactivo promueve el movimiento, la agilidad y la concentraci\u00f3n, mantenido a tu gato entretenido y mentalmente estimulado. Reduce el aburrimiento y el estr\u00e9s: Ideal para gatos que pasan tiempo solos en casa, ayuda a prevenir el aburrimiento y el comportamiento destructivo. Fabricado con materiales resistentes ecol\u00f3gicos y seguros: Hecho de cart\u00f3n resistente, no t\u00f3xico y reciclable, es una opci\u00f3n segura para tu mascota y responsable con el medio ambiente.<\/div>\n<\/div>\n<\/div>\n<\/div>\n<\/div>\n<\/div>\n","protected":false},"featured_media":15224,"template":"","meta":[],"product_brand":[106],"product_cat":[30,34],"product_tag":[317],"class_list":{"0":"post-15223","1":"product","2":"type-product","3":"status-publish","4":"has-post-thumbnail","6":"product_brand-fancypets","7":"product_cat-gatos","8":"product_cat-juguetes-gatos","9":"product_tag-rascador-para-gatos","11":"first","12":"instock","13":"sale","14":"shipping-taxable","15":"purchasable","16":"product-type-simple"},"yoast_head":"<!-- This site is optimized with the Yoast SEO plugin v27.4 - https:\/\/yoast.com\/product\/yoast-seo-wordpress\/ -->\n<title>RASCADOR C\/JUGUETE CAJA SORPRESA 40 CM | Acuario Supremus<\/title>\n<meta name=\"description\" content=\"El rascador con juguete tipo \u201cCaja sorpresa\u201d es una experiencia sensorial para tu gato. Fabricada con cart\u00f3n, multifuncional le permite rascar, explorar.\" \/>\n<meta name=\"robots\" content=\"index, follow, max-snippet:-1, max-image-preview:large, max-video-preview:-1\" \/>\n<link rel=\"canonical\" href=\"https:\/\/acuariosupremus.com\/?product=rascador-c-juguete-caja-sorpresa-40-cm\" \/>\n<meta property=\"og:locale\" content=\"es_MX\" \/>\n<meta property=\"og:type\" content=\"article\" \/>\n<meta property=\"og:title\" content=\"RASCADOR C\/JUGUETE CAJA SORPRESA 40 CM | Acuario Supremus\" \/>\n<meta property=\"og:description\" content=\"El rascador con juguete tipo \u201cCaja sorpresa\u201d es una experiencia sensorial para tu gato. Fabricada con cart\u00f3n, multifuncional le permite rascar, explorar.\" \/>\n<meta property=\"og:url\" content=\"https:\/\/acuariosupremus.com\/?product=rascador-c-juguete-caja-sorpresa-40-cm\" \/>\n<meta property=\"og:site_name\" content=\"Acuario Supremus\" \/>\n<meta property=\"article:publisher\" content=\"https:\/\/www.facebook.com\/AcuarioSupremus\" \/>\n<meta property=\"article:modified_time\" content=\"2026-01-17T23:35:47+00:00\" \/>\n<meta property=\"og:image\" content=\"https:\/\/acuariosupremus.com\/wp-content\/uploads\/2025\/10\/FL9661.jpg\" \/>\n\t<meta property=\"og:image:width\" content=\"800\" \/>\n\t<meta property=\"og:image:height\" content=\"800\" \/>\n\t<meta property=\"og:image:type\" content=\"image\/jpeg\" \/>\n<meta name=\"twitter:card\" content=\"summary_large_image\" \/>\n<meta name=\"twitter:site\" content=\"@AcuarioSupremus\" \/>\n<meta name=\"twitter:label1\" content=\"Tiempo de lectura\" \/>\n\t<meta name=\"twitter:data1\" content=\"1 minuto\" \/>\n<script type=\"application\/ld+json\" class=\"yoast-schema-graph\">{\"@context\":\"https:\\\/\\\/schema.org\",\"@graph\":[{\"@type\":\"WebPage\",\"@id\":\"https:\\\/\\\/acuariosupremus.com\\\/?product=rascador-c-juguete-caja-sorpresa-40-cm\",\"url\":\"https:\\\/\\\/acuariosupremus.com\\\/?product=rascador-c-juguete-caja-sorpresa-40-cm\",\"name\":\"RASCADOR C\\\/JUGUETE CAJA SORPRESA 40 CM | Acuario Supremus\",\"isPartOf\":{\"@id\":\"https:\\\/\\\/acuariosupremus.com\\\/#website\"},\"primaryImageOfPage\":{\"@id\":\"https:\\\/\\\/acuariosupremus.com\\\/?product=rascador-c-juguete-caja-sorpresa-40-cm#primaryimage\"},\"image\":{\"@id\":\"https:\\\/\\\/acuariosupremus.com\\\/?product=rascador-c-juguete-caja-sorpresa-40-cm#primaryimage\"},\"thumbnailUrl\":\"https:\\\/\\\/acuariosupremus.com\\\/wp-content\\\/uploads\\\/2025\\\/10\\\/FL9661.jpg\",\"datePublished\":\"2025-10-07T02:01:49+00:00\",\"dateModified\":\"2026-01-17T23:35:47+00:00\",\"description\":\"El rascador con juguete tipo \u201cCaja sorpresa\u201d es una experiencia sensorial para tu gato. Fabricada con cart\u00f3n, multifuncional le permite rascar, explorar.\",\"breadcrumb\":{\"@id\":\"https:\\\/\\\/acuariosupremus.com\\\/?product=rascador-c-juguete-caja-sorpresa-40-cm#breadcrumb\"},\"inLanguage\":\"es\",\"potentialAction\":[{\"@type\":\"ReadAction\",\"target\":[\"https:\\\/\\\/acuariosupremus.com\\\/?product=rascador-c-juguete-caja-sorpresa-40-cm\"]}]},{\"@type\":\"ImageObject\",\"inLanguage\":\"es\",\"@id\":\"https:\\\/\\\/acuariosupremus.com\\\/?product=rascador-c-juguete-caja-sorpresa-40-cm#primaryimage\",\"url\":\"https:\\\/\\\/acuariosupremus.com\\\/wp-content\\\/uploads\\\/2025\\\/10\\\/FL9661.jpg\",\"contentUrl\":\"https:\\\/\\\/acuariosupremus.com\\\/wp-content\\\/uploads\\\/2025\\\/10\\\/FL9661.jpg\",\"width\":800,\"height\":800},{\"@type\":\"BreadcrumbList\",\"@id\":\"https:\\\/\\\/acuariosupremus.com\\\/?product=rascador-c-juguete-caja-sorpresa-40-cm#breadcrumb\",\"itemListElement\":[{\"@type\":\"ListItem\",\"position\":1,\"name\":\"Portada\",\"item\":\"https:\\\/\\\/acuariosupremus.com\\\/\"},{\"@type\":\"ListItem\",\"position\":2,\"name\":\"Tienda\",\"item\":\"https:\\\/\\\/acuariosupremus.com\\\/tienda\\\/\"},{\"@type\":\"ListItem\",\"position\":3,\"name\":\"RASCADOR C\\\/JUGUETE CAJA SORPRESA 40 CM\"}]},{\"@type\":\"WebSite\",\"@id\":\"https:\\\/\\\/acuariosupremus.com\\\/#website\",\"url\":\"https:\\\/\\\/acuariosupremus.com\\\/\",\"name\":\"Acuario Supremus\",\"description\":\"Peces, Peceras y Mascotas.\",\"publisher\":{\"@id\":\"https:\\\/\\\/acuariosupremus.com\\\/#organization\"},\"potentialAction\":[{\"@type\":\"SearchAction\",\"target\":{\"@type\":\"EntryPoint\",\"urlTemplate\":\"https:\\\/\\\/acuariosupremus.com\\\/?s={search_term_string}\"},\"query-input\":{\"@type\":\"PropertyValueSpecification\",\"valueRequired\":true,\"valueName\":\"search_term_string\"}}],\"inLanguage\":\"es\"},{\"@type\":\"Organization\",\"@id\":\"https:\\\/\\\/acuariosupremus.com\\\/#organization\",\"name\":\"Acuario Supremus\",\"url\":\"https:\\\/\\\/acuariosupremus.com\\\/\",\"logo\":{\"@type\":\"ImageObject\",\"inLanguage\":\"es\",\"@id\":\"https:\\\/\\\/acuariosupremus.com\\\/#\\\/schema\\\/logo\\\/image\\\/\",\"url\":\"https:\\\/\\\/acuariosupremus.com\\\/wp-content\\\/uploads\\\/2021\\\/12\\\/cropped-logo_acuario_supremus_fn-2.png\",\"contentUrl\":\"https:\\\/\\\/acuariosupremus.com\\\/wp-content\\\/uploads\\\/2021\\\/12\\\/cropped-logo_acuario_supremus_fn-2.png\",\"width\":1000,\"height\":318,\"caption\":\"Acuario Supremus\"},\"image\":{\"@id\":\"https:\\\/\\\/acuariosupremus.com\\\/#\\\/schema\\\/logo\\\/image\\\/\"},\"sameAs\":[\"https:\\\/\\\/www.facebook.com\\\/AcuarioSupremus\",\"https:\\\/\\\/x.com\\\/AcuarioSupremus\",\"https:\\\/\\\/www.instagram.com\\\/acuariosupremus\\\/?hl=es\"]}]}<\/script>\n<!-- \/ Yoast SEO plugin. -->","yoast_head_json":{"title":"RASCADOR C\/JUGUETE CAJA SORPRESA 40 CM | Acuario Supremus","description":"El rascador con juguete tipo \u201cCaja sorpresa\u201d es una experiencia sensorial para tu gato. Fabricada con cart\u00f3n, multifuncional le permite rascar, explorar.","robots":{"index":"index","follow":"follow","max-snippet":"max-snippet:-1","max-image-preview":"max-image-preview:large","max-video-preview":"max-video-preview:-1"},"canonical":"https:\/\/acuariosupremus.com\/?product=rascador-c-juguete-caja-sorpresa-40-cm","og_locale":"es_MX","og_type":"article","og_title":"RASCADOR C\/JUGUETE CAJA SORPRESA 40 CM | Acuario Supremus","og_description":"El rascador con juguete tipo \u201cCaja sorpresa\u201d es una experiencia sensorial para tu gato. Fabricada con cart\u00f3n, multifuncional le permite rascar, explorar.","og_url":"https:\/\/acuariosupremus.com\/?product=rascador-c-juguete-caja-sorpresa-40-cm","og_site_name":"Acuario Supremus","article_publisher":"https:\/\/www.facebook.com\/AcuarioSupremus","article_modified_time":"2026-01-17T23:35:47+00:00","og_image":[{"width":800,"height":800,"url":"https:\/\/acuariosupremus.com\/wp-content\/uploads\/2025\/10\/FL9661.jpg","type":"image\/jpeg"}],"twitter_card":"summary_large_image","twitter_site":"@AcuarioSupremus","twitter_misc":{"Tiempo de lectura":"1 minuto"},"schema":{"@context":"https:\/\/schema.org","@graph":[{"@type":"WebPage","@id":"https:\/\/acuariosupremus.com\/?product=rascador-c-juguete-caja-sorpresa-40-cm","url":"https:\/\/acuariosupremus.com\/?product=rascador-c-juguete-caja-sorpresa-40-cm","name":"RASCADOR C\/JUGUETE CAJA SORPRESA 40 CM | Acuario Supremus","isPartOf":{"@id":"https:\/\/acuariosupremus.com\/#website"},"primaryImageOfPage":{"@id":"https:\/\/acuariosupremus.com\/?product=rascador-c-juguete-caja-sorpresa-40-cm#primaryimage"},"image":{"@id":"https:\/\/acuariosupremus.com\/?product=rascador-c-juguete-caja-sorpresa-40-cm#primaryimage"},"thumbnailUrl":"https:\/\/acuariosupremus.com\/wp-content\/uploads\/2025\/10\/FL9661.jpg","datePublished":"2025-10-07T02:01:49+00:00","dateModified":"2026-01-17T23:35:47+00:00","description":"El rascador con juguete tipo \u201cCaja sorpresa\u201d es una experiencia sensorial para tu gato. Fabricada con cart\u00f3n, multifuncional le permite rascar, explorar.","breadcrumb":{"@id":"https:\/\/acuariosupremus.com\/?product=rascador-c-juguete-caja-sorpresa-40-cm#breadcrumb"},"inLanguage":"es","potentialAction":[{"@type":"ReadAction","target":["https:\/\/acuariosupremus.com\/?product=rascador-c-juguete-caja-sorpresa-40-cm"]}]},{"@type":"ImageObject","inLanguage":"es","@id":"https:\/\/acuariosupremus.com\/?product=rascador-c-juguete-caja-sorpresa-40-cm#primaryimage","url":"https:\/\/acuariosupremus.com\/wp-content\/uploads\/2025\/10\/FL9661.jpg","contentUrl":"https:\/\/acuariosupremus.com\/wp-content\/uploads\/2025\/10\/FL9661.jpg","width":800,"height":800},{"@type":"BreadcrumbList","@id":"https:\/\/acuariosupremus.com\/?product=rascador-c-juguete-caja-sorpresa-40-cm#breadcrumb","itemListElement":[{"@type":"ListItem","position":1,"name":"Portada","item":"https:\/\/acuariosupremus.com\/"},{"@type":"ListItem","position":2,"name":"Tienda","item":"https:\/\/acuariosupremus.com\/tienda\/"},{"@type":"ListItem","position":3,"name":"RASCADOR C\/JUGUETE CAJA SORPRESA 40 CM"}]},{"@type":"WebSite","@id":"https:\/\/acuariosupremus.com\/#website","url":"https:\/\/acuariosupremus.com\/","name":"Acuario Supremus","description":"Peces, Peceras y Mascotas.","publisher":{"@id":"https:\/\/acuariosupremus.com\/#organization"},"potentialAction":[{"@type":"SearchAction","target":{"@type":"EntryPoint","urlTemplate":"https:\/\/acuariosupremus.com\/?s={search_term_string}"},"query-input":{"@type":"PropertyValueSpecification","valueRequired":true,"valueName":"search_term_string"}}],"inLanguage":"es"},{"@type":"Organization","@id":"https:\/\/acuariosupremus.com\/#organization","name":"Acuario Supremus","url":"https:\/\/acuariosupremus.com\/","logo":{"@type":"ImageObject","inLanguage":"es","@id":"https:\/\/acuariosupremus.com\/#\/schema\/logo\/image\/","url":"https:\/\/acuariosupremus.com\/wp-content\/uploads\/2021\/12\/cropped-logo_acuario_supremus_fn-2.png","contentUrl":"https:\/\/acuariosupremus.com\/wp-content\/uploads\/2021\/12\/cropped-logo_acuario_supremus_fn-2.png","width":1000,"height":318,"caption":"Acuario Supremus"},"image":{"@id":"https:\/\/acuariosupremus.com\/#\/schema\/logo\/image\/"},"sameAs":["https:\/\/www.facebook.com\/AcuarioSupremus","https:\/\/x.com\/AcuarioSupremus","https:\/\/www.instagram.com\/acuariosupremus\/?hl=es"]}]}},"jetpack_sharing_enabled":true,"_links":{"self":[{"href":"https:\/\/acuariosupremus.com\/index.php?rest_route=\/wp\/v2\/product\/15223","targetHints":{"allow":["GET"]}}],"collection":[{"href":"https:\/\/acuariosupremus.com\/index.php?rest_route=\/wp\/v2\/product"}],"about":[{"href":"https:\/\/acuariosupremus.com\/index.php?rest_route=\/wp\/v2\/types\/product"}],"wp:featuredmedia":[{"embeddable":true,"href":"https:\/\/acuariosupremus.com\/index.php?rest_route=\/wp\/v2\/media\/15224"}],"wp:attachment":[{"href":"https:\/\/acuariosupremus.com\/index.php?rest_route=%2Fwp%2Fv2%2Fmedia&parent=15223"}],"wp:term":[{"taxonomy":"product_brand","embeddable":true,"href":"https:\/\/acuariosupremus.com\/index.php?rest_route=%2Fwp%2Fv2%2Fproduct_brand&post=15223"},{"taxonomy":"product_cat","embeddable":true,"href":"https:\/\/acuariosupremus.com\/index.php?rest_route=%2Fwp%2Fv2%2Fproduct_cat&post=15223"},{"taxonomy":"product_tag","embeddable":true,"href":"https:\/\/acuariosupremus.com\/index.php?rest_route=%2Fwp%2Fv2%2Fproduct_tag&post=15223"}],"curies":[{"name":"wp","href":"https:\/\/api.w.org\/{rel}","templated":true}]}}