{"id":15254,"date":"2025-10-14T16:44:48","date_gmt":"2025-10-14T22:44:48","guid":{"rendered":"https:\/\/acuariosupremus.com\/?post_type=product&#038;p=15254"},"modified":"2026-03-08T20:35:44","modified_gmt":"2026-03-09T02:35:44","slug":"cueva-dona-gato-ch-gris-oxford","status":"publish","type":"product","link":"https:\/\/acuariosupremus.com\/?product=cueva-dona-gato-ch-gris-oxford","title":{"rendered":"CUEVA DONA GATO CH GRIS OXFORD."},"content":{"rendered":"<div id=\"tab-label-product.info.beneficios\" class=\"data item title active\" tabindex=\"0\" role=\"tab\" aria-labeledby=\"tab-label-product.info.beneficios-title\" data-role=\"collapsible\" data-collapsible=\"true\" aria-controls=\"product.info.beneficios\" aria-selected=\"true\" aria-expanded=\"true\">\n<div id=\"tab-label-product.info.ingredientes.modo.de.uso\" class=\"data item title active\" tabindex=\"0\" role=\"tab\" aria-labeledby=\"tab-label-product.info.ingredientes.modo.de.uso-title\" data-role=\"collapsible\" data-collapsible=\"true\" aria-controls=\"product.info.ingredientes.modo.de.uso\" aria-selected=\"true\" aria-expanded=\"true\">MODO DE USO \/ PRECAUCIONES Y ADVERTENCIAS:<\/div>\n<div id=\"product.info.ingredientes.modo.de.uso\" class=\"data item content\" role=\"tabpanel\" data-role=\"content\" aria-labelledby=\"tab-label-product.info.ingredientes.modo.de.uso\" aria-hidden=\"false\">\n<div class=\"product attribute modo_de_uso_precuaciones_y_adv\">\n<div class=\"value\">Armado: Saca la cueva de su empaque. Extiende las dos piezas semicirculares y \u00fanelas usando la cremallera de pl\u00e1stico, asegur\u00e1ndote de que los dientes encajen correctamente hasta formar una dona completa.Ubicaci\u00f3n: Coloca la cueva en un lugar tranquilo y seguro de la casa. Aseg\u00farate de que tenga una superficie plana para mantener su forma.Anima a tu gato a explorar su nuevo espacio colocando un juguete o con la ayuda de Catnip de Fancy Pets.Este producto no es un juguete para ni\u00f1os. Aunque el material es resistente, se debe supervisar el uso de la cueva. Pala la limpieza, se recomienda limpiar con un trapo h\u00famedo. No uses jab\u00f3n, detergente ni cloro, ya que podr\u00edan da\u00f1ar el material de fieltro. Si la cueva presenta alg\u00fan da\u00f1o, grietas o roturas, suspende su uso para evitar posibles accidentes. Mant\u00e9n este producto alejado del fuego o fuentes de calor.<\/div>\n<div>\n<div id=\"tab-label-additional\" class=\"data item title active\" tabindex=\"0\" role=\"tab\" aria-labeledby=\"tab-label-additional-title\" data-role=\"collapsible\" data-collapsible=\"true\" aria-controls=\"additional\" aria-selected=\"true\" aria-expanded=\"true\">CARACTER\u00cdSTICAS:<\/div>\n<div id=\"additional\" class=\"data item content\" role=\"tabpanel\" data-role=\"content\" aria-labelledby=\"tab-label-additional\" aria-hidden=\"false\">\n<div class=\"additional-attributes-wrapper table-wrapper\">Marca: Fancy Pets,\u00a0 Especie: Gatos, Material: 100% fieltro \u00a0Medidas: 50 cm di\u00e1metro x 20 cm altura,\u00a0 Color: gris oxford.<\/div>\n<\/div>\n<\/div>\n<\/div>\n<\/div>\n<\/div>\n","protected":false},"excerpt":{"rendered":"<div id=\"tab-label-description\" class=\"data item title active\" tabindex=\"0\" role=\"tab\" aria-labeledby=\"tab-label-description-title\" data-role=\"collapsible\" data-collapsible=\"true\" aria-controls=\"description\" aria-selected=\"false\" aria-expanded=\"true\">DESCRIPCI\u00d3N:<\/div>\n<div id=\"description\" class=\"data item content\" role=\"tabpanel\" data-role=\"content\" aria-labelledby=\"tab-label-description\" aria-hidden=\"false\">\n<div class=\"product attribute description\">\n<div class=\"value\">\n<p>Dale a tu gato el refugio perfecto con la Cueva Dona de Fancy Pets. Accesorio multifuncional dise\u00f1ado para satisfacer el instinto de escondite de cualquier gato. Fabricada con fieltro resistente y transpirable, esta cueva ofrece un espacio acogedor y seguro para descansar, jugar y relajarse. Su innovador dise\u00f1o circular, con forma de dona que evita que se colapse, la hace ideal para hogares con uno o varios gatos. Gracias a sus dos t\u00faneles semicirculares unidos por una cremallera pl\u00e1stica, puedes transformar f\u00e1cilmente el accesorio: \u00fasalo como una cueva cerrada para brindar privacidad, o desarmarlo para convertirlo en una cama abierta y c\u00f3moda. Su dise\u00f1o minimalista y en tonos neutros se adapta perfectamente a la decoraci\u00f3n de cualquier hogar.<\/p>\n<div id=\"product.info.beneficios\" class=\"data item content\" role=\"tabpanel\" data-role=\"content\" aria-labelledby=\"tab-label-product.info.beneficios\" aria-hidden=\"false\">\n<div class=\"product attribute beneficios\">\n<div class=\"value\">\n<div id=\"tab-label-product.info.beneficios\" class=\"data item title active\" tabindex=\"0\" role=\"tab\" aria-labeledby=\"tab-label-product.info.beneficios-title\" data-role=\"collapsible\" data-collapsible=\"true\" aria-controls=\"product.info.beneficios\" aria-selected=\"true\" aria-expanded=\"true\">BENEFICIOS:<\/div>\n<div id=\"product.info.beneficios\" class=\"data item content\" role=\"tabpanel\" data-role=\"content\" aria-labelledby=\"tab-label-product.info.beneficios\" aria-hidden=\"false\">\n<div class=\"product attribute beneficios\">\n<div class=\"value\">Triple funcionalidad: Este accesorio es una soluci\u00f3n vers\u00e1til que sirve como cueva acogedora, cama abierta y un divertido escondite para tu gato. Seguridad y confort garantizados: El dise\u00f1o en forma de dona, fabricado con fieltro resistente y anti \u2013 colapsable, proporciona a tu gato un espacio seguro y protegido para descansar, satisfaciendo su necesidad natural de refugio. Ideal para hogares con varios gatos: Su estructura s\u00f3lida y la forma de t\u00fanel permiten que sea utilizado c\u00f3modamente por mas de una mascota, ofreciendo m\u00faltiples espacios para el juego y el descanso. Dise\u00f1o que protege y decora: El material es resistente a los ara\u00f1azos, lo que garantiza una mayor durabilidad. Adem\u00e1s, sus colores neutros se integran sin problema a la decoraci\u00f3n de tu hogar. F\u00e1cil de limpiar y mantener: Se desmonta f\u00e1cilmente gracia a su cremallera, lo que simplifica su limpieza. Puedes mantenerla en perfectas condiciones con solo un pa\u00f1o h\u00famedo.<\/div>\n<\/div>\n<\/div>\n<\/div>\n<\/div>\n<\/div>\n<\/div>\n<\/div>\n<\/div>\n","protected":false},"featured_media":15259,"template":"","meta":[],"product_brand":[106],"product_cat":[30,34],"product_tag":[991,992,316],"class_list":{"0":"post-15254","1":"product","2":"type-product","3":"status-publish","4":"has-post-thumbnail","6":"product_brand-fancypets","7":"product_cat-gatos","8":"product_cat-juguetes-gatos","9":"product_tag-cueva-dona-gato","10":"product_tag-escondite-gatos","11":"product_tag-juguete-para-gato","13":"first","14":"instock","15":"sale","16":"shipping-taxable","17":"purchasable","18":"product-type-simple"},"yoast_head":"<!-- This site is optimized with the Yoast SEO plugin v27.4 - https:\/\/yoast.com\/product\/yoast-seo-wordpress\/ -->\n<title>CUEVA DONA GATO CH GRIS OXFORD. | Acuario Supremus<\/title>\n<meta name=\"description\" content=\"Refugio perfecto con la Cueva Dona gris oxford. Accesorio multifuncional dise\u00f1ado para satisfacer el instinto de escondite de cualquier gato.\" \/>\n<meta name=\"robots\" content=\"index, follow, max-snippet:-1, max-image-preview:large, max-video-preview:-1\" \/>\n<link rel=\"canonical\" href=\"https:\/\/acuariosupremus.com\/?product=cueva-dona-gato-ch-gris-oxford\" \/>\n<meta property=\"og:locale\" content=\"es_MX\" \/>\n<meta property=\"og:type\" content=\"article\" \/>\n<meta property=\"og:title\" content=\"CUEVA DONA GATO CH GRIS OXFORD. | Acuario Supremus\" \/>\n<meta property=\"og:description\" content=\"Refugio perfecto con la Cueva Dona gris oxford. Accesorio multifuncional dise\u00f1ado para satisfacer el instinto de escondite de cualquier gato.\" \/>\n<meta property=\"og:url\" content=\"https:\/\/acuariosupremus.com\/?product=cueva-dona-gato-ch-gris-oxford\" \/>\n<meta property=\"og:site_name\" content=\"Acuario Supremus\" \/>\n<meta property=\"article:publisher\" content=\"https:\/\/www.facebook.com\/AcuarioSupremus\" \/>\n<meta property=\"article:modified_time\" content=\"2026-03-09T02:35:44+00:00\" \/>\n<meta property=\"og:image\" content=\"https:\/\/acuariosupremus.com\/wp-content\/uploads\/2025\/10\/FL9702.jpg\" \/>\n\t<meta property=\"og:image:width\" content=\"800\" \/>\n\t<meta property=\"og:image:height\" content=\"800\" \/>\n\t<meta property=\"og:image:type\" content=\"image\/jpeg\" \/>\n<meta name=\"twitter:card\" content=\"summary_large_image\" \/>\n<meta name=\"twitter:site\" content=\"@AcuarioSupremus\" \/>\n<meta name=\"twitter:label1\" content=\"Tiempo de lectura\" \/>\n\t<meta name=\"twitter:data1\" content=\"1 minuto\" \/>\n<script type=\"application\/ld+json\" class=\"yoast-schema-graph\">{\"@context\":\"https:\\\/\\\/schema.org\",\"@graph\":[{\"@type\":\"WebPage\",\"@id\":\"https:\\\/\\\/acuariosupremus.com\\\/?product=cueva-dona-gato-ch-gris-oxford\",\"url\":\"https:\\\/\\\/acuariosupremus.com\\\/?product=cueva-dona-gato-ch-gris-oxford\",\"name\":\"CUEVA DONA GATO CH GRIS OXFORD. | Acuario Supremus\",\"isPartOf\":{\"@id\":\"https:\\\/\\\/acuariosupremus.com\\\/#website\"},\"primaryImageOfPage\":{\"@id\":\"https:\\\/\\\/acuariosupremus.com\\\/?product=cueva-dona-gato-ch-gris-oxford#primaryimage\"},\"image\":{\"@id\":\"https:\\\/\\\/acuariosupremus.com\\\/?product=cueva-dona-gato-ch-gris-oxford#primaryimage\"},\"thumbnailUrl\":\"https:\\\/\\\/acuariosupremus.com\\\/wp-content\\\/uploads\\\/2025\\\/10\\\/FL9702.jpg\",\"datePublished\":\"2025-10-14T22:44:48+00:00\",\"dateModified\":\"2026-03-09T02:35:44+00:00\",\"description\":\"Refugio perfecto con la Cueva Dona gris oxford. Accesorio multifuncional dise\u00f1ado para satisfacer el instinto de escondite de cualquier gato.\",\"breadcrumb\":{\"@id\":\"https:\\\/\\\/acuariosupremus.com\\\/?product=cueva-dona-gato-ch-gris-oxford#breadcrumb\"},\"inLanguage\":\"es\",\"potentialAction\":[{\"@type\":\"ReadAction\",\"target\":[\"https:\\\/\\\/acuariosupremus.com\\\/?product=cueva-dona-gato-ch-gris-oxford\"]}]},{\"@type\":\"ImageObject\",\"inLanguage\":\"es\",\"@id\":\"https:\\\/\\\/acuariosupremus.com\\\/?product=cueva-dona-gato-ch-gris-oxford#primaryimage\",\"url\":\"https:\\\/\\\/acuariosupremus.com\\\/wp-content\\\/uploads\\\/2025\\\/10\\\/FL9702.jpg\",\"contentUrl\":\"https:\\\/\\\/acuariosupremus.com\\\/wp-content\\\/uploads\\\/2025\\\/10\\\/FL9702.jpg\",\"width\":800,\"height\":800},{\"@type\":\"BreadcrumbList\",\"@id\":\"https:\\\/\\\/acuariosupremus.com\\\/?product=cueva-dona-gato-ch-gris-oxford#breadcrumb\",\"itemListElement\":[{\"@type\":\"ListItem\",\"position\":1,\"name\":\"Portada\",\"item\":\"https:\\\/\\\/acuariosupremus.com\\\/\"},{\"@type\":\"ListItem\",\"position\":2,\"name\":\"Tienda\",\"item\":\"https:\\\/\\\/acuariosupremus.com\\\/tienda\\\/\"},{\"@type\":\"ListItem\",\"position\":3,\"name\":\"CUEVA DONA GATO CH GRIS OXFORD.\"}]},{\"@type\":\"WebSite\",\"@id\":\"https:\\\/\\\/acuariosupremus.com\\\/#website\",\"url\":\"https:\\\/\\\/acuariosupremus.com\\\/\",\"name\":\"Acuario Supremus\",\"description\":\"Peces, Peceras y Mascotas.\",\"publisher\":{\"@id\":\"https:\\\/\\\/acuariosupremus.com\\\/#organization\"},\"potentialAction\":[{\"@type\":\"SearchAction\",\"target\":{\"@type\":\"EntryPoint\",\"urlTemplate\":\"https:\\\/\\\/acuariosupremus.com\\\/?s={search_term_string}\"},\"query-input\":{\"@type\":\"PropertyValueSpecification\",\"valueRequired\":true,\"valueName\":\"search_term_string\"}}],\"inLanguage\":\"es\"},{\"@type\":\"Organization\",\"@id\":\"https:\\\/\\\/acuariosupremus.com\\\/#organization\",\"name\":\"Acuario Supremus\",\"url\":\"https:\\\/\\\/acuariosupremus.com\\\/\",\"logo\":{\"@type\":\"ImageObject\",\"inLanguage\":\"es\",\"@id\":\"https:\\\/\\\/acuariosupremus.com\\\/#\\\/schema\\\/logo\\\/image\\\/\",\"url\":\"https:\\\/\\\/acuariosupremus.com\\\/wp-content\\\/uploads\\\/2021\\\/12\\\/cropped-logo_acuario_supremus_fn-2.png\",\"contentUrl\":\"https:\\\/\\\/acuariosupremus.com\\\/wp-content\\\/uploads\\\/2021\\\/12\\\/cropped-logo_acuario_supremus_fn-2.png\",\"width\":1000,\"height\":318,\"caption\":\"Acuario Supremus\"},\"image\":{\"@id\":\"https:\\\/\\\/acuariosupremus.com\\\/#\\\/schema\\\/logo\\\/image\\\/\"},\"sameAs\":[\"https:\\\/\\\/www.facebook.com\\\/AcuarioSupremus\",\"https:\\\/\\\/x.com\\\/AcuarioSupremus\",\"https:\\\/\\\/www.instagram.com\\\/acuariosupremus\\\/?hl=es\"]}]}<\/script>\n<!-- \/ Yoast SEO plugin. -->","yoast_head_json":{"title":"CUEVA DONA GATO CH GRIS OXFORD. | Acuario Supremus","description":"Refugio perfecto con la Cueva Dona gris oxford. Accesorio multifuncional dise\u00f1ado para satisfacer el instinto de escondite de cualquier gato.","robots":{"index":"index","follow":"follow","max-snippet":"max-snippet:-1","max-image-preview":"max-image-preview:large","max-video-preview":"max-video-preview:-1"},"canonical":"https:\/\/acuariosupremus.com\/?product=cueva-dona-gato-ch-gris-oxford","og_locale":"es_MX","og_type":"article","og_title":"CUEVA DONA GATO CH GRIS OXFORD. | Acuario Supremus","og_description":"Refugio perfecto con la Cueva Dona gris oxford. Accesorio multifuncional dise\u00f1ado para satisfacer el instinto de escondite de cualquier gato.","og_url":"https:\/\/acuariosupremus.com\/?product=cueva-dona-gato-ch-gris-oxford","og_site_name":"Acuario Supremus","article_publisher":"https:\/\/www.facebook.com\/AcuarioSupremus","article_modified_time":"2026-03-09T02:35:44+00:00","og_image":[{"width":800,"height":800,"url":"https:\/\/acuariosupremus.com\/wp-content\/uploads\/2025\/10\/FL9702.jpg","type":"image\/jpeg"}],"twitter_card":"summary_large_image","twitter_site":"@AcuarioSupremus","twitter_misc":{"Tiempo de lectura":"1 minuto"},"schema":{"@context":"https:\/\/schema.org","@graph":[{"@type":"WebPage","@id":"https:\/\/acuariosupremus.com\/?product=cueva-dona-gato-ch-gris-oxford","url":"https:\/\/acuariosupremus.com\/?product=cueva-dona-gato-ch-gris-oxford","name":"CUEVA DONA GATO CH GRIS OXFORD. | Acuario Supremus","isPartOf":{"@id":"https:\/\/acuariosupremus.com\/#website"},"primaryImageOfPage":{"@id":"https:\/\/acuariosupremus.com\/?product=cueva-dona-gato-ch-gris-oxford#primaryimage"},"image":{"@id":"https:\/\/acuariosupremus.com\/?product=cueva-dona-gato-ch-gris-oxford#primaryimage"},"thumbnailUrl":"https:\/\/acuariosupremus.com\/wp-content\/uploads\/2025\/10\/FL9702.jpg","datePublished":"2025-10-14T22:44:48+00:00","dateModified":"2026-03-09T02:35:44+00:00","description":"Refugio perfecto con la Cueva Dona gris oxford. Accesorio multifuncional dise\u00f1ado para satisfacer el instinto de escondite de cualquier gato.","breadcrumb":{"@id":"https:\/\/acuariosupremus.com\/?product=cueva-dona-gato-ch-gris-oxford#breadcrumb"},"inLanguage":"es","potentialAction":[{"@type":"ReadAction","target":["https:\/\/acuariosupremus.com\/?product=cueva-dona-gato-ch-gris-oxford"]}]},{"@type":"ImageObject","inLanguage":"es","@id":"https:\/\/acuariosupremus.com\/?product=cueva-dona-gato-ch-gris-oxford#primaryimage","url":"https:\/\/acuariosupremus.com\/wp-content\/uploads\/2025\/10\/FL9702.jpg","contentUrl":"https:\/\/acuariosupremus.com\/wp-content\/uploads\/2025\/10\/FL9702.jpg","width":800,"height":800},{"@type":"BreadcrumbList","@id":"https:\/\/acuariosupremus.com\/?product=cueva-dona-gato-ch-gris-oxford#breadcrumb","itemListElement":[{"@type":"ListItem","position":1,"name":"Portada","item":"https:\/\/acuariosupremus.com\/"},{"@type":"ListItem","position":2,"name":"Tienda","item":"https:\/\/acuariosupremus.com\/tienda\/"},{"@type":"ListItem","position":3,"name":"CUEVA DONA GATO CH GRIS OXFORD."}]},{"@type":"WebSite","@id":"https:\/\/acuariosupremus.com\/#website","url":"https:\/\/acuariosupremus.com\/","name":"Acuario Supremus","description":"Peces, Peceras y Mascotas.","publisher":{"@id":"https:\/\/acuariosupremus.com\/#organization"},"potentialAction":[{"@type":"SearchAction","target":{"@type":"EntryPoint","urlTemplate":"https:\/\/acuariosupremus.com\/?s={search_term_string}"},"query-input":{"@type":"PropertyValueSpecification","valueRequired":true,"valueName":"search_term_string"}}],"inLanguage":"es"},{"@type":"Organization","@id":"https:\/\/acuariosupremus.com\/#organization","name":"Acuario Supremus","url":"https:\/\/acuariosupremus.com\/","logo":{"@type":"ImageObject","inLanguage":"es","@id":"https:\/\/acuariosupremus.com\/#\/schema\/logo\/image\/","url":"https:\/\/acuariosupremus.com\/wp-content\/uploads\/2021\/12\/cropped-logo_acuario_supremus_fn-2.png","contentUrl":"https:\/\/acuariosupremus.com\/wp-content\/uploads\/2021\/12\/cropped-logo_acuario_supremus_fn-2.png","width":1000,"height":318,"caption":"Acuario Supremus"},"image":{"@id":"https:\/\/acuariosupremus.com\/#\/schema\/logo\/image\/"},"sameAs":["https:\/\/www.facebook.com\/AcuarioSupremus","https:\/\/x.com\/AcuarioSupremus","https:\/\/www.instagram.com\/acuariosupremus\/?hl=es"]}]}},"jetpack_sharing_enabled":true,"_links":{"self":[{"href":"https:\/\/acuariosupremus.com\/index.php?rest_route=\/wp\/v2\/product\/15254","targetHints":{"allow":["GET"]}}],"collection":[{"href":"https:\/\/acuariosupremus.com\/index.php?rest_route=\/wp\/v2\/product"}],"about":[{"href":"https:\/\/acuariosupremus.com\/index.php?rest_route=\/wp\/v2\/types\/product"}],"wp:featuredmedia":[{"embeddable":true,"href":"https:\/\/acuariosupremus.com\/index.php?rest_route=\/wp\/v2\/media\/15259"}],"wp:attachment":[{"href":"https:\/\/acuariosupremus.com\/index.php?rest_route=%2Fwp%2Fv2%2Fmedia&parent=15254"}],"wp:term":[{"taxonomy":"product_brand","embeddable":true,"href":"https:\/\/acuariosupremus.com\/index.php?rest_route=%2Fwp%2Fv2%2Fproduct_brand&post=15254"},{"taxonomy":"product_cat","embeddable":true,"href":"https:\/\/acuariosupremus.com\/index.php?rest_route=%2Fwp%2Fv2%2Fproduct_cat&post=15254"},{"taxonomy":"product_tag","embeddable":true,"href":"https:\/\/acuariosupremus.com\/index.php?rest_route=%2Fwp%2Fv2%2Fproduct_tag&post=15254"}],"curies":[{"name":"wp","href":"https:\/\/api.w.org\/{rel}","templated":true}]}}