{"id":15260,"date":"2025-10-14T17:34:11","date_gmt":"2025-10-14T23:34:11","guid":{"rendered":"https:\/\/acuariosupremus.com\/?post_type=product&#038;p=15260"},"modified":"2026-01-17T16:25:42","modified_gmt":"2026-01-17T22:25:42","slug":"cepillos-removedor-de-pelo-2-pzas","status":"publish","type":"product","link":"https:\/\/acuariosupremus.com\/?product=cepillos-removedor-de-pelo-2-pzas","title":{"rendered":"CEPILLOS REMOVEDOR DE PELO &#8211; 2 PZAS."},"content":{"rendered":"<div id=\"tab-label-product.info.ingredientes.modo.de.uso\" class=\"data item title active\" tabindex=\"0\" role=\"tab\" aria-labeledby=\"tab-label-product.info.ingredientes.modo.de.uso-title\" data-role=\"collapsible\" data-collapsible=\"true\" aria-controls=\"product.info.ingredientes.modo.de.uso\" aria-selected=\"true\" aria-expanded=\"true\">MODO DE USO \/ PRECAUCIONES Y ADVERTENCIAS:<\/div>\n<div id=\"product.info.ingredientes.modo.de.uso\" class=\"data item content\" role=\"tabpanel\" data-role=\"content\" aria-labelledby=\"tab-label-product.info.ingredientes.modo.de.uso\" aria-hidden=\"false\">\n<div class=\"product attribute modo_de_uso_precuaciones_y_adv\">\n<div class=\"value\">Para limpiar superficies: Desliza el cepillo firmemente sobre la tela o mueble en la direcci\u00f3n que presente resistencia. Esto implica que la superficie de poli\u00e9ster est\u00e1 funcionado correctamente y atrapando el pelo. Puedes usar ambos lados del cepillo para una mejor eficiencia.Para limpiar el cepillo: Introduce el cepillo en la base de autolimpieza. Al retirarlo, el pelo quedar\u00e1 atrapado en el interior del estuche.Para vaciar el estuche: Presiona y jala la tapa de la base por ambos lados para abrirla. Retira el pelo acumulado y vuelve a ensamblar la tapa ejerciendo presi\u00f3n hasta que encaje.Este producto est\u00e1 dise\u00f1ado exclusivamente para uso en superficies textiles y no debe ser utilizado directamente sobre la piel de mascotas o personas. Mant\u00e9n este producto fuera del alcance de los ni\u00f1os. No mojes el cepillo ni el estuche, ya que el agua puede da\u00f1ar el material y afectar su funcionamiento. Si el cepillo el estuche presentan alg\u00fan da\u00f1o o grita, suspende su uso para evitar cualquier riesgo.<\/div>\n<div>\n<div id=\"tab-label-additional\" class=\"data item title active\" tabindex=\"0\" role=\"tab\" aria-labeledby=\"tab-label-additional-title\" data-role=\"collapsible\" data-collapsible=\"true\" aria-controls=\"additional\" aria-selected=\"true\" aria-expanded=\"true\">CARACTER\u00cdSTICAS:<\/div>\n<div id=\"additional\" class=\"data item content\" role=\"tabpanel\" data-role=\"content\" aria-labelledby=\"tab-label-additional\" aria-hidden=\"false\">\n<div class=\"additional-attributes-wrapper table-wrapper\">Material: 80% polipropileno + 20% poliester,\u00a0 Contenido neto: 2 pz,\u00a0 Marca: Fancy Pets,\u00a0 Especie: Perros y Gatos, MedidasCepillo largo: 31 cm de largo x 5 cm ancho.Cepillo Chico 18 x 5 cm.<\/div>\n<\/div>\n<\/div>\n<\/div>\n<\/div>\n","protected":false},"excerpt":{"rendered":"<div id=\"tab-label-description\" class=\"data item title active\" tabindex=\"0\" role=\"tab\" aria-labeledby=\"tab-label-description-title\" data-role=\"collapsible\" data-collapsible=\"true\" aria-controls=\"description\" aria-selected=\"false\" aria-expanded=\"true\">DESCRIPCI\u00d3N:<\/div>\n<div id=\"description\" class=\"data item content\" role=\"tabpanel\" data-role=\"content\" aria-labelledby=\"tab-label-description\" aria-hidden=\"false\">\n<div class=\"product attribute description\">\n<div class=\"value\">\n<p>Dile adi\u00f3s al pelo de tus mascotas en tus muebles y ropa con el cepillo removedor de pelo de Fancy Pets. Este innovador accesorio, hecho de pl\u00e1stico resistente con superficie de poli\u00e9ster en ambos lados, utiliza el principio de adsorci\u00f3n electrost\u00e1tica para atrapar el pelo suelto de perros y gatos en un solo movimiento, sin necesidad de adhesivos ni bater\u00edas.El kit incluye un cepillo de tama\u00f1o est\u00e1ndar, ideal para limpiar grandes superficies como sof\u00e1s, camas y tapetes y un pr\u00e1ctico cepillo de tama\u00f1o mini o de bolsillo, perfecto para llevar contigo y mantener tu ropa impecable en todo momento. Su base de autolimpieza es la clave: simplemente introduce el cepillo en el estuche, y al retirarlo, quedar\u00e1 completamente limpio y listo para el siguiente uso. Ambos cepillos cuentan con un dise\u00f1o ergon\u00f3mico y superficies texturizadas en ambos lados para una m\u00e1xima eficiencia.<\/p>\n<div id=\"tab-label-product.info.beneficios\" class=\"data item title active\" tabindex=\"0\" role=\"tab\" aria-labeledby=\"tab-label-product.info.beneficios-title\" data-role=\"collapsible\" data-collapsible=\"true\" aria-controls=\"product.info.beneficios\" aria-selected=\"true\" aria-expanded=\"true\">BENEFICIOS:<\/div>\n<div id=\"product.info.beneficios\" class=\"data item content\" role=\"tabpanel\" data-role=\"content\" aria-labelledby=\"tab-label-product.info.beneficios\" aria-hidden=\"false\">\n<div class=\"product attribute beneficios\">\n<div class=\"value\">Eliminaci\u00f3n eficaz del pelo: Gracias a su tecnolog\u00eda de adsorci\u00f3n electrost\u00e1tica, este cepillo atrapa y remueve de manera eficiente el pelo de perros y gatos en todo tipo de superficies textiles, como ropa, muebles y camas. Sistema de autolimpieza: El estuche incluido act\u00faa como una base de limpieza autom\u00e1tica. Solo tienes que introducir el cepillo, y al sacarlo, el pelo quedar\u00e1 atrapado en el interior del estuche, dej\u00e1ndolo listo para su pr\u00f3ximo uso. Soluci\u00f3n 100% reutilizable: Olv\u00eddate de los rollos de papel adhesivo. Este cepillo es una alternativa ecol\u00f3gica y econ\u00f3mica que no necesita repuestos, electricidad ni bater\u00edas. Doble funcionalidad y tama\u00f1o: El paquete incluye dos cepillos, uno grande para el hogar y un pr\u00e1ctico tama\u00f1o de bolsillo para llevarlo contigo y mantener tu ropa impecable en cualquier lugar. F\u00e1cil y r\u00e1pido de usar: Su dise\u00f1o ergon\u00f3mico y las superficies de doble cara permiten una limpieza sin esfuerzo. Solo tienes que deslizarlo sobre la superficie para dejarla libre de pelo en segundos.<\/div>\n<\/div>\n<\/div>\n<\/div>\n<\/div>\n<\/div>\n","protected":false},"featured_media":15261,"template":"","meta":[],"product_brand":[106],"product_cat":[30,73,31,74],"product_tag":[993,380],"class_list":{"0":"post-15260","1":"product","2":"type-product","3":"status-publish","4":"has-post-thumbnail","6":"product_brand-fancypets","7":"product_cat-gatos","8":"product_cat-perros","9":"product_cat-belleza-e-higiene","10":"product_cat-belleza-e-higiene-perros","11":"product_tag-cepillos-removedor-de-pelo","12":"product_tag-removedor-de-pelo-gato-perro","14":"first","15":"instock","16":"sale","17":"shipping-taxable","18":"purchasable","19":"product-type-simple"},"yoast_head":"<!-- This site is optimized with the Yoast SEO plugin v27.4 - https:\/\/yoast.com\/product\/yoast-seo-wordpress\/ -->\n<title>CEPILLOS REMOVEDOR DE PELO - 2 PZAS. | Acuario Supremus<\/title>\n<meta name=\"description\" content=\"Con los 2 Cepillos Dile adi\u00f3s al pelo de tus mascotas en tus muebles y ropa con el cepillo Grande para muebles y cepillo Chico para ropa.\" \/>\n<meta name=\"robots\" content=\"index, follow, max-snippet:-1, max-image-preview:large, max-video-preview:-1\" \/>\n<link rel=\"canonical\" href=\"https:\/\/acuariosupremus.com\/?product=cepillos-removedor-de-pelo-2-pzas\" \/>\n<meta property=\"og:locale\" content=\"es_MX\" \/>\n<meta property=\"og:type\" content=\"article\" \/>\n<meta property=\"og:title\" content=\"CEPILLOS REMOVEDOR DE PELO - 2 PZAS. | Acuario Supremus\" \/>\n<meta property=\"og:description\" content=\"Con los 2 Cepillos Dile adi\u00f3s al pelo de tus mascotas en tus muebles y ropa con el cepillo Grande para muebles y cepillo Chico para ropa.\" \/>\n<meta property=\"og:url\" content=\"https:\/\/acuariosupremus.com\/?product=cepillos-removedor-de-pelo-2-pzas\" \/>\n<meta property=\"og:site_name\" content=\"Acuario Supremus\" \/>\n<meta property=\"article:publisher\" content=\"https:\/\/www.facebook.com\/AcuarioSupremus\" \/>\n<meta property=\"article:modified_time\" content=\"2026-01-17T22:25:42+00:00\" \/>\n<meta property=\"og:image\" content=\"https:\/\/acuariosupremus.com\/wp-content\/uploads\/2025\/10\/FL9703.jpg\" \/>\n\t<meta property=\"og:image:width\" content=\"800\" \/>\n\t<meta property=\"og:image:height\" content=\"800\" \/>\n\t<meta property=\"og:image:type\" content=\"image\/jpeg\" \/>\n<meta name=\"twitter:card\" content=\"summary_large_image\" \/>\n<meta name=\"twitter:site\" content=\"@AcuarioSupremus\" \/>\n<meta name=\"twitter:label1\" content=\"Tiempo de lectura\" \/>\n\t<meta name=\"twitter:data1\" content=\"2 minutos\" \/>\n<script type=\"application\/ld+json\" class=\"yoast-schema-graph\">{\"@context\":\"https:\\\/\\\/schema.org\",\"@graph\":[{\"@type\":\"WebPage\",\"@id\":\"https:\\\/\\\/acuariosupremus.com\\\/?product=cepillos-removedor-de-pelo-2-pzas\",\"url\":\"https:\\\/\\\/acuariosupremus.com\\\/?product=cepillos-removedor-de-pelo-2-pzas\",\"name\":\"CEPILLOS REMOVEDOR DE PELO - 2 PZAS. | Acuario Supremus\",\"isPartOf\":{\"@id\":\"https:\\\/\\\/acuariosupremus.com\\\/#website\"},\"primaryImageOfPage\":{\"@id\":\"https:\\\/\\\/acuariosupremus.com\\\/?product=cepillos-removedor-de-pelo-2-pzas#primaryimage\"},\"image\":{\"@id\":\"https:\\\/\\\/acuariosupremus.com\\\/?product=cepillos-removedor-de-pelo-2-pzas#primaryimage\"},\"thumbnailUrl\":\"https:\\\/\\\/acuariosupremus.com\\\/wp-content\\\/uploads\\\/2025\\\/10\\\/FL9703.jpg\",\"datePublished\":\"2025-10-14T23:34:11+00:00\",\"dateModified\":\"2026-01-17T22:25:42+00:00\",\"description\":\"Con los 2 Cepillos Dile adi\u00f3s al pelo de tus mascotas en tus muebles y ropa con el cepillo Grande para muebles y cepillo Chico para ropa.\",\"breadcrumb\":{\"@id\":\"https:\\\/\\\/acuariosupremus.com\\\/?product=cepillos-removedor-de-pelo-2-pzas#breadcrumb\"},\"inLanguage\":\"es\",\"potentialAction\":[{\"@type\":\"ReadAction\",\"target\":[\"https:\\\/\\\/acuariosupremus.com\\\/?product=cepillos-removedor-de-pelo-2-pzas\"]}]},{\"@type\":\"ImageObject\",\"inLanguage\":\"es\",\"@id\":\"https:\\\/\\\/acuariosupremus.com\\\/?product=cepillos-removedor-de-pelo-2-pzas#primaryimage\",\"url\":\"https:\\\/\\\/acuariosupremus.com\\\/wp-content\\\/uploads\\\/2025\\\/10\\\/FL9703.jpg\",\"contentUrl\":\"https:\\\/\\\/acuariosupremus.com\\\/wp-content\\\/uploads\\\/2025\\\/10\\\/FL9703.jpg\",\"width\":800,\"height\":800},{\"@type\":\"BreadcrumbList\",\"@id\":\"https:\\\/\\\/acuariosupremus.com\\\/?product=cepillos-removedor-de-pelo-2-pzas#breadcrumb\",\"itemListElement\":[{\"@type\":\"ListItem\",\"position\":1,\"name\":\"Portada\",\"item\":\"https:\\\/\\\/acuariosupremus.com\\\/\"},{\"@type\":\"ListItem\",\"position\":2,\"name\":\"Tienda\",\"item\":\"https:\\\/\\\/acuariosupremus.com\\\/tienda\\\/\"},{\"@type\":\"ListItem\",\"position\":3,\"name\":\"CEPILLOS REMOVEDOR DE PELO &#8211; 2 PZAS.\"}]},{\"@type\":\"WebSite\",\"@id\":\"https:\\\/\\\/acuariosupremus.com\\\/#website\",\"url\":\"https:\\\/\\\/acuariosupremus.com\\\/\",\"name\":\"Acuario Supremus\",\"description\":\"Peces, Peceras y Mascotas.\",\"publisher\":{\"@id\":\"https:\\\/\\\/acuariosupremus.com\\\/#organization\"},\"potentialAction\":[{\"@type\":\"SearchAction\",\"target\":{\"@type\":\"EntryPoint\",\"urlTemplate\":\"https:\\\/\\\/acuariosupremus.com\\\/?s={search_term_string}\"},\"query-input\":{\"@type\":\"PropertyValueSpecification\",\"valueRequired\":true,\"valueName\":\"search_term_string\"}}],\"inLanguage\":\"es\"},{\"@type\":\"Organization\",\"@id\":\"https:\\\/\\\/acuariosupremus.com\\\/#organization\",\"name\":\"Acuario Supremus\",\"url\":\"https:\\\/\\\/acuariosupremus.com\\\/\",\"logo\":{\"@type\":\"ImageObject\",\"inLanguage\":\"es\",\"@id\":\"https:\\\/\\\/acuariosupremus.com\\\/#\\\/schema\\\/logo\\\/image\\\/\",\"url\":\"https:\\\/\\\/acuariosupremus.com\\\/wp-content\\\/uploads\\\/2021\\\/12\\\/cropped-logo_acuario_supremus_fn-2.png\",\"contentUrl\":\"https:\\\/\\\/acuariosupremus.com\\\/wp-content\\\/uploads\\\/2021\\\/12\\\/cropped-logo_acuario_supremus_fn-2.png\",\"width\":1000,\"height\":318,\"caption\":\"Acuario Supremus\"},\"image\":{\"@id\":\"https:\\\/\\\/acuariosupremus.com\\\/#\\\/schema\\\/logo\\\/image\\\/\"},\"sameAs\":[\"https:\\\/\\\/www.facebook.com\\\/AcuarioSupremus\",\"https:\\\/\\\/x.com\\\/AcuarioSupremus\",\"https:\\\/\\\/www.instagram.com\\\/acuariosupremus\\\/?hl=es\"]}]}<\/script>\n<!-- \/ Yoast SEO plugin. -->","yoast_head_json":{"title":"CEPILLOS REMOVEDOR DE PELO - 2 PZAS. | Acuario Supremus","description":"Con los 2 Cepillos Dile adi\u00f3s al pelo de tus mascotas en tus muebles y ropa con el cepillo Grande para muebles y cepillo Chico para ropa.","robots":{"index":"index","follow":"follow","max-snippet":"max-snippet:-1","max-image-preview":"max-image-preview:large","max-video-preview":"max-video-preview:-1"},"canonical":"https:\/\/acuariosupremus.com\/?product=cepillos-removedor-de-pelo-2-pzas","og_locale":"es_MX","og_type":"article","og_title":"CEPILLOS REMOVEDOR DE PELO - 2 PZAS. | Acuario Supremus","og_description":"Con los 2 Cepillos Dile adi\u00f3s al pelo de tus mascotas en tus muebles y ropa con el cepillo Grande para muebles y cepillo Chico para ropa.","og_url":"https:\/\/acuariosupremus.com\/?product=cepillos-removedor-de-pelo-2-pzas","og_site_name":"Acuario Supremus","article_publisher":"https:\/\/www.facebook.com\/AcuarioSupremus","article_modified_time":"2026-01-17T22:25:42+00:00","og_image":[{"width":800,"height":800,"url":"https:\/\/acuariosupremus.com\/wp-content\/uploads\/2025\/10\/FL9703.jpg","type":"image\/jpeg"}],"twitter_card":"summary_large_image","twitter_site":"@AcuarioSupremus","twitter_misc":{"Tiempo de lectura":"2 minutos"},"schema":{"@context":"https:\/\/schema.org","@graph":[{"@type":"WebPage","@id":"https:\/\/acuariosupremus.com\/?product=cepillos-removedor-de-pelo-2-pzas","url":"https:\/\/acuariosupremus.com\/?product=cepillos-removedor-de-pelo-2-pzas","name":"CEPILLOS REMOVEDOR DE PELO - 2 PZAS. | Acuario Supremus","isPartOf":{"@id":"https:\/\/acuariosupremus.com\/#website"},"primaryImageOfPage":{"@id":"https:\/\/acuariosupremus.com\/?product=cepillos-removedor-de-pelo-2-pzas#primaryimage"},"image":{"@id":"https:\/\/acuariosupremus.com\/?product=cepillos-removedor-de-pelo-2-pzas#primaryimage"},"thumbnailUrl":"https:\/\/acuariosupremus.com\/wp-content\/uploads\/2025\/10\/FL9703.jpg","datePublished":"2025-10-14T23:34:11+00:00","dateModified":"2026-01-17T22:25:42+00:00","description":"Con los 2 Cepillos Dile adi\u00f3s al pelo de tus mascotas en tus muebles y ropa con el cepillo Grande para muebles y cepillo Chico para ropa.","breadcrumb":{"@id":"https:\/\/acuariosupremus.com\/?product=cepillos-removedor-de-pelo-2-pzas#breadcrumb"},"inLanguage":"es","potentialAction":[{"@type":"ReadAction","target":["https:\/\/acuariosupremus.com\/?product=cepillos-removedor-de-pelo-2-pzas"]}]},{"@type":"ImageObject","inLanguage":"es","@id":"https:\/\/acuariosupremus.com\/?product=cepillos-removedor-de-pelo-2-pzas#primaryimage","url":"https:\/\/acuariosupremus.com\/wp-content\/uploads\/2025\/10\/FL9703.jpg","contentUrl":"https:\/\/acuariosupremus.com\/wp-content\/uploads\/2025\/10\/FL9703.jpg","width":800,"height":800},{"@type":"BreadcrumbList","@id":"https:\/\/acuariosupremus.com\/?product=cepillos-removedor-de-pelo-2-pzas#breadcrumb","itemListElement":[{"@type":"ListItem","position":1,"name":"Portada","item":"https:\/\/acuariosupremus.com\/"},{"@type":"ListItem","position":2,"name":"Tienda","item":"https:\/\/acuariosupremus.com\/tienda\/"},{"@type":"ListItem","position":3,"name":"CEPILLOS REMOVEDOR DE PELO &#8211; 2 PZAS."}]},{"@type":"WebSite","@id":"https:\/\/acuariosupremus.com\/#website","url":"https:\/\/acuariosupremus.com\/","name":"Acuario Supremus","description":"Peces, Peceras y Mascotas.","publisher":{"@id":"https:\/\/acuariosupremus.com\/#organization"},"potentialAction":[{"@type":"SearchAction","target":{"@type":"EntryPoint","urlTemplate":"https:\/\/acuariosupremus.com\/?s={search_term_string}"},"query-input":{"@type":"PropertyValueSpecification","valueRequired":true,"valueName":"search_term_string"}}],"inLanguage":"es"},{"@type":"Organization","@id":"https:\/\/acuariosupremus.com\/#organization","name":"Acuario Supremus","url":"https:\/\/acuariosupremus.com\/","logo":{"@type":"ImageObject","inLanguage":"es","@id":"https:\/\/acuariosupremus.com\/#\/schema\/logo\/image\/","url":"https:\/\/acuariosupremus.com\/wp-content\/uploads\/2021\/12\/cropped-logo_acuario_supremus_fn-2.png","contentUrl":"https:\/\/acuariosupremus.com\/wp-content\/uploads\/2021\/12\/cropped-logo_acuario_supremus_fn-2.png","width":1000,"height":318,"caption":"Acuario Supremus"},"image":{"@id":"https:\/\/acuariosupremus.com\/#\/schema\/logo\/image\/"},"sameAs":["https:\/\/www.facebook.com\/AcuarioSupremus","https:\/\/x.com\/AcuarioSupremus","https:\/\/www.instagram.com\/acuariosupremus\/?hl=es"]}]}},"jetpack_sharing_enabled":true,"_links":{"self":[{"href":"https:\/\/acuariosupremus.com\/index.php?rest_route=\/wp\/v2\/product\/15260","targetHints":{"allow":["GET"]}}],"collection":[{"href":"https:\/\/acuariosupremus.com\/index.php?rest_route=\/wp\/v2\/product"}],"about":[{"href":"https:\/\/acuariosupremus.com\/index.php?rest_route=\/wp\/v2\/types\/product"}],"wp:featuredmedia":[{"embeddable":true,"href":"https:\/\/acuariosupremus.com\/index.php?rest_route=\/wp\/v2\/media\/15261"}],"wp:attachment":[{"href":"https:\/\/acuariosupremus.com\/index.php?rest_route=%2Fwp%2Fv2%2Fmedia&parent=15260"}],"wp:term":[{"taxonomy":"product_brand","embeddable":true,"href":"https:\/\/acuariosupremus.com\/index.php?rest_route=%2Fwp%2Fv2%2Fproduct_brand&post=15260"},{"taxonomy":"product_cat","embeddable":true,"href":"https:\/\/acuariosupremus.com\/index.php?rest_route=%2Fwp%2Fv2%2Fproduct_cat&post=15260"},{"taxonomy":"product_tag","embeddable":true,"href":"https:\/\/acuariosupremus.com\/index.php?rest_route=%2Fwp%2Fv2%2Fproduct_tag&post=15260"}],"curies":[{"name":"wp","href":"https:\/\/api.w.org\/{rel}","templated":true}]}}