{"id":15270,"date":"2025-10-14T17:51:28","date_gmt":"2025-10-14T23:51:28","guid":{"rendered":"https:\/\/acuariosupremus.com\/?post_type=product&#038;p=15270"},"modified":"2026-01-17T16:24:17","modified_gmt":"2026-01-17T22:24:17","slug":"juguete-collar-puntero-laser-gato","status":"publish","type":"product","link":"https:\/\/acuariosupremus.com\/?product=juguete-collar-puntero-laser-gato","title":{"rendered":"JUGUETE COLLAR PUNTERO LASER GATO"},"content":{"rendered":"<div id=\"tab-label-product.info.beneficios\" class=\"data item title active\" tabindex=\"0\" role=\"tab\" aria-labeledby=\"tab-label-product.info.beneficios-title\" data-role=\"collapsible\" data-collapsible=\"true\" aria-controls=\"product.info.beneficios\" aria-selected=\"true\" aria-expanded=\"true\">\n<div id=\"tab-label-product.info.beneficios\" class=\"data item title active\" tabindex=\"0\" role=\"tab\" aria-labeledby=\"tab-label-product.info.beneficios-title\" data-role=\"collapsible\" data-collapsible=\"true\" aria-controls=\"product.info.beneficios\" aria-selected=\"true\" aria-expanded=\"true\">BENEFICIOS:<\/div>\n<div id=\"product.info.beneficios\" class=\"data item content\" role=\"tabpanel\" data-role=\"content\" aria-labelledby=\"tab-label-product.info.beneficios\" aria-hidden=\"false\">\n<div class=\"product attribute beneficios\">\n<div class=\"value\">Estimula la actividad f\u00edsica y mental: El juguete incentiva el instinto natural de caza de tu gato al proyectar un punto de luz que debe perseguir, promoviendo el ejercicio y manteni\u00e9ndolo mentalmente activo. Entretenimiento autom\u00e1tico: Proporciona diversi\u00f3n para tu gato sin necesidad de que lo supervises constantemente, ideal para mantenerlo ocupado y activo incluso cuando no est\u00e1s en casa. Seguro y no estresante: El modo de reposo autom\u00e1tico se activa cada 10 \u2013 15 minutos para evitar la frustraci\u00f3n y el estr\u00e9s, asegurando que el juego sea una experiencia positiva para tu mascota. Bateria recargable y ecol\u00f3gica: Olvidate de comprar bater\u00edas desechables. El juguete se carga f\u00e1cilmente con un cable USB tipo C, ofreciendo una soluci\u00f3n sostenible y econ\u00f3mica. Dise\u00f1o c\u00f3modo y ligero: El collar, hecho de silic\u00f3n y ABS, es ligero y ajustable para adaptarse perfectamente a la circunferencia del cuello de tu gato, garantizando su comodidad durante el juego.<\/div>\n<\/div>\n<\/div>\n<\/div>\n<p>Medidas:<br \/>\n<strong>Circunferencia: 24 \u2013 34 cm.<\/strong><br \/>\nMaterial:<br \/>\n70% abs, 30% silic\u00f3n<br \/>\nAplicaci\u00f3n: 100% Poli\u00e9ster.<\/p>\n","protected":false},"excerpt":{"rendered":"<div id=\"tab-label-description\" class=\"data item title active\" tabindex=\"0\" role=\"tab\" aria-labeledby=\"tab-label-description-title\" data-role=\"collapsible\" data-collapsible=\"true\" aria-controls=\"description\" aria-selected=\"false\" aria-expanded=\"true\">DESCRIPCI\u00d3N:<\/div>\n<div id=\"description\" class=\"data item content\" role=\"tabpanel\" data-role=\"content\" aria-labelledby=\"tab-label-description\" aria-hidden=\"false\">\n<div class=\"product attribute description\">\n<div class=\"value\">\n<p>Estimula el instinto natural de caza de tu gato con el juguete collar puntero laser. Este innovador accesorio, es una herramienta de entretenimiento que promueve la actividad f\u00edsica y mental de tu mascota de forma segura y aut\u00f3noma. El laser proyecta un punto de luz roja que se mueve, incitando a tu gato a perseguirlo y cazarlo, manteni\u00e9ndolo activo y entretenido. El juguete cuenta con dos modos de luz: fija e intermitente, para evitar el aburrimiento, tiene un modo de reposo autom\u00e1tico que se activa cada 10 \u2013 15 minutos para prevenir la sobre \u2013 estimulaci\u00f3n. Adem\u00e1s, es un producto pr\u00e1ctico y ecol\u00f3gico con bater\u00eda recargable v\u00eda USB tipo C, lo que elimina la necesidad de bater\u00edas desechables. El collar es ligero y ajustable, ideal para la comodidad de tu mascota.<\/p>\n<\/div>\n<\/div>\n<\/div>\n","protected":false},"featured_media":15271,"template":"","meta":[],"product_brand":[106],"product_cat":[30,37,34],"product_tag":[314,994,316],"class_list":{"0":"post-15270","1":"product","2":"type-product","3":"status-publish","4":"has-post-thumbnail","6":"product_brand-fancypets","7":"product_cat-gatos","8":"product_cat-collares","9":"product_cat-juguetes-gatos","10":"product_tag-collar-para-gato","11":"product_tag-juguete-collar","12":"product_tag-juguete-para-gato","14":"first","15":"instock","16":"sale","17":"shipping-taxable","18":"purchasable","19":"product-type-simple"},"yoast_head":"<!-- This site is optimized with the Yoast SEO plugin v27.4 - https:\/\/yoast.com\/product\/yoast-seo-wordpress\/ -->\n<title>JUGUETE COLLAR PUNTERO LASER GATO | Acuario Supremus<\/title>\n<meta name=\"description\" content=\"El collar el\u00e1stico con cascabel para Gato es un accesorio \u00fatil para identificar a tu gato en especial para los gatos que gozan de salir de casa para cazar.\" \/>\n<meta name=\"robots\" content=\"index, follow, max-snippet:-1, max-image-preview:large, max-video-preview:-1\" \/>\n<link rel=\"canonical\" href=\"https:\/\/acuariosupremus.com\/?product=juguete-collar-puntero-laser-gato\" \/>\n<meta property=\"og:locale\" content=\"es_MX\" \/>\n<meta property=\"og:type\" content=\"article\" \/>\n<meta property=\"og:title\" content=\"JUGUETE COLLAR PUNTERO LASER GATO | Acuario Supremus\" \/>\n<meta property=\"og:description\" content=\"El collar el\u00e1stico con cascabel para Gato es un accesorio \u00fatil para identificar a tu gato en especial para los gatos que gozan de salir de casa para cazar.\" \/>\n<meta property=\"og:url\" content=\"https:\/\/acuariosupremus.com\/?product=juguete-collar-puntero-laser-gato\" \/>\n<meta property=\"og:site_name\" content=\"Acuario Supremus\" \/>\n<meta property=\"article:publisher\" content=\"https:\/\/www.facebook.com\/AcuarioSupremus\" \/>\n<meta property=\"article:modified_time\" content=\"2026-01-17T22:24:17+00:00\" \/>\n<meta property=\"og:image\" content=\"https:\/\/acuariosupremus.com\/wp-content\/uploads\/2025\/10\/FL9704.jpg\" \/>\n\t<meta property=\"og:image:width\" content=\"800\" \/>\n\t<meta property=\"og:image:height\" content=\"800\" \/>\n\t<meta property=\"og:image:type\" content=\"image\/jpeg\" \/>\n<meta name=\"twitter:card\" content=\"summary_large_image\" \/>\n<meta name=\"twitter:site\" content=\"@AcuarioSupremus\" \/>\n<meta name=\"twitter:label1\" content=\"Tiempo de lectura\" \/>\n\t<meta name=\"twitter:data1\" content=\"1 minuto\" \/>\n<script type=\"application\/ld+json\" class=\"yoast-schema-graph\">{\"@context\":\"https:\\\/\\\/schema.org\",\"@graph\":[{\"@type\":\"WebPage\",\"@id\":\"https:\\\/\\\/acuariosupremus.com\\\/?product=juguete-collar-puntero-laser-gato\",\"url\":\"https:\\\/\\\/acuariosupremus.com\\\/?product=juguete-collar-puntero-laser-gato\",\"name\":\"JUGUETE COLLAR PUNTERO LASER GATO | Acuario Supremus\",\"isPartOf\":{\"@id\":\"https:\\\/\\\/acuariosupremus.com\\\/#website\"},\"primaryImageOfPage\":{\"@id\":\"https:\\\/\\\/acuariosupremus.com\\\/?product=juguete-collar-puntero-laser-gato#primaryimage\"},\"image\":{\"@id\":\"https:\\\/\\\/acuariosupremus.com\\\/?product=juguete-collar-puntero-laser-gato#primaryimage\"},\"thumbnailUrl\":\"https:\\\/\\\/acuariosupremus.com\\\/wp-content\\\/uploads\\\/2025\\\/10\\\/FL9704.jpg\",\"datePublished\":\"2025-10-14T23:51:28+00:00\",\"dateModified\":\"2026-01-17T22:24:17+00:00\",\"description\":\"El collar el\u00e1stico con cascabel para Gato es un accesorio \u00fatil para identificar a tu gato en especial para los gatos que gozan de salir de casa para cazar.\",\"breadcrumb\":{\"@id\":\"https:\\\/\\\/acuariosupremus.com\\\/?product=juguete-collar-puntero-laser-gato#breadcrumb\"},\"inLanguage\":\"es\",\"potentialAction\":[{\"@type\":\"ReadAction\",\"target\":[\"https:\\\/\\\/acuariosupremus.com\\\/?product=juguete-collar-puntero-laser-gato\"]}]},{\"@type\":\"ImageObject\",\"inLanguage\":\"es\",\"@id\":\"https:\\\/\\\/acuariosupremus.com\\\/?product=juguete-collar-puntero-laser-gato#primaryimage\",\"url\":\"https:\\\/\\\/acuariosupremus.com\\\/wp-content\\\/uploads\\\/2025\\\/10\\\/FL9704.jpg\",\"contentUrl\":\"https:\\\/\\\/acuariosupremus.com\\\/wp-content\\\/uploads\\\/2025\\\/10\\\/FL9704.jpg\",\"width\":800,\"height\":800},{\"@type\":\"BreadcrumbList\",\"@id\":\"https:\\\/\\\/acuariosupremus.com\\\/?product=juguete-collar-puntero-laser-gato#breadcrumb\",\"itemListElement\":[{\"@type\":\"ListItem\",\"position\":1,\"name\":\"Portada\",\"item\":\"https:\\\/\\\/acuariosupremus.com\\\/\"},{\"@type\":\"ListItem\",\"position\":2,\"name\":\"Tienda\",\"item\":\"https:\\\/\\\/acuariosupremus.com\\\/tienda\\\/\"},{\"@type\":\"ListItem\",\"position\":3,\"name\":\"JUGUETE COLLAR PUNTERO LASER GATO\"}]},{\"@type\":\"WebSite\",\"@id\":\"https:\\\/\\\/acuariosupremus.com\\\/#website\",\"url\":\"https:\\\/\\\/acuariosupremus.com\\\/\",\"name\":\"Acuario Supremus\",\"description\":\"Peces, Peceras y Mascotas.\",\"publisher\":{\"@id\":\"https:\\\/\\\/acuariosupremus.com\\\/#organization\"},\"potentialAction\":[{\"@type\":\"SearchAction\",\"target\":{\"@type\":\"EntryPoint\",\"urlTemplate\":\"https:\\\/\\\/acuariosupremus.com\\\/?s={search_term_string}\"},\"query-input\":{\"@type\":\"PropertyValueSpecification\",\"valueRequired\":true,\"valueName\":\"search_term_string\"}}],\"inLanguage\":\"es\"},{\"@type\":\"Organization\",\"@id\":\"https:\\\/\\\/acuariosupremus.com\\\/#organization\",\"name\":\"Acuario Supremus\",\"url\":\"https:\\\/\\\/acuariosupremus.com\\\/\",\"logo\":{\"@type\":\"ImageObject\",\"inLanguage\":\"es\",\"@id\":\"https:\\\/\\\/acuariosupremus.com\\\/#\\\/schema\\\/logo\\\/image\\\/\",\"url\":\"https:\\\/\\\/acuariosupremus.com\\\/wp-content\\\/uploads\\\/2021\\\/12\\\/cropped-logo_acuario_supremus_fn-2.png\",\"contentUrl\":\"https:\\\/\\\/acuariosupremus.com\\\/wp-content\\\/uploads\\\/2021\\\/12\\\/cropped-logo_acuario_supremus_fn-2.png\",\"width\":1000,\"height\":318,\"caption\":\"Acuario Supremus\"},\"image\":{\"@id\":\"https:\\\/\\\/acuariosupremus.com\\\/#\\\/schema\\\/logo\\\/image\\\/\"},\"sameAs\":[\"https:\\\/\\\/www.facebook.com\\\/AcuarioSupremus\",\"https:\\\/\\\/x.com\\\/AcuarioSupremus\",\"https:\\\/\\\/www.instagram.com\\\/acuariosupremus\\\/?hl=es\"]}]}<\/script>\n<!-- \/ Yoast SEO plugin. -->","yoast_head_json":{"title":"JUGUETE COLLAR PUNTERO LASER GATO | Acuario Supremus","description":"El collar el\u00e1stico con cascabel para Gato es un accesorio \u00fatil para identificar a tu gato en especial para los gatos que gozan de salir de casa para cazar.","robots":{"index":"index","follow":"follow","max-snippet":"max-snippet:-1","max-image-preview":"max-image-preview:large","max-video-preview":"max-video-preview:-1"},"canonical":"https:\/\/acuariosupremus.com\/?product=juguete-collar-puntero-laser-gato","og_locale":"es_MX","og_type":"article","og_title":"JUGUETE COLLAR PUNTERO LASER GATO | Acuario Supremus","og_description":"El collar el\u00e1stico con cascabel para Gato es un accesorio \u00fatil para identificar a tu gato en especial para los gatos que gozan de salir de casa para cazar.","og_url":"https:\/\/acuariosupremus.com\/?product=juguete-collar-puntero-laser-gato","og_site_name":"Acuario Supremus","article_publisher":"https:\/\/www.facebook.com\/AcuarioSupremus","article_modified_time":"2026-01-17T22:24:17+00:00","og_image":[{"width":800,"height":800,"url":"https:\/\/acuariosupremus.com\/wp-content\/uploads\/2025\/10\/FL9704.jpg","type":"image\/jpeg"}],"twitter_card":"summary_large_image","twitter_site":"@AcuarioSupremus","twitter_misc":{"Tiempo de lectura":"1 minuto"},"schema":{"@context":"https:\/\/schema.org","@graph":[{"@type":"WebPage","@id":"https:\/\/acuariosupremus.com\/?product=juguete-collar-puntero-laser-gato","url":"https:\/\/acuariosupremus.com\/?product=juguete-collar-puntero-laser-gato","name":"JUGUETE COLLAR PUNTERO LASER GATO | Acuario Supremus","isPartOf":{"@id":"https:\/\/acuariosupremus.com\/#website"},"primaryImageOfPage":{"@id":"https:\/\/acuariosupremus.com\/?product=juguete-collar-puntero-laser-gato#primaryimage"},"image":{"@id":"https:\/\/acuariosupremus.com\/?product=juguete-collar-puntero-laser-gato#primaryimage"},"thumbnailUrl":"https:\/\/acuariosupremus.com\/wp-content\/uploads\/2025\/10\/FL9704.jpg","datePublished":"2025-10-14T23:51:28+00:00","dateModified":"2026-01-17T22:24:17+00:00","description":"El collar el\u00e1stico con cascabel para Gato es un accesorio \u00fatil para identificar a tu gato en especial para los gatos que gozan de salir de casa para cazar.","breadcrumb":{"@id":"https:\/\/acuariosupremus.com\/?product=juguete-collar-puntero-laser-gato#breadcrumb"},"inLanguage":"es","potentialAction":[{"@type":"ReadAction","target":["https:\/\/acuariosupremus.com\/?product=juguete-collar-puntero-laser-gato"]}]},{"@type":"ImageObject","inLanguage":"es","@id":"https:\/\/acuariosupremus.com\/?product=juguete-collar-puntero-laser-gato#primaryimage","url":"https:\/\/acuariosupremus.com\/wp-content\/uploads\/2025\/10\/FL9704.jpg","contentUrl":"https:\/\/acuariosupremus.com\/wp-content\/uploads\/2025\/10\/FL9704.jpg","width":800,"height":800},{"@type":"BreadcrumbList","@id":"https:\/\/acuariosupremus.com\/?product=juguete-collar-puntero-laser-gato#breadcrumb","itemListElement":[{"@type":"ListItem","position":1,"name":"Portada","item":"https:\/\/acuariosupremus.com\/"},{"@type":"ListItem","position":2,"name":"Tienda","item":"https:\/\/acuariosupremus.com\/tienda\/"},{"@type":"ListItem","position":3,"name":"JUGUETE COLLAR PUNTERO LASER GATO"}]},{"@type":"WebSite","@id":"https:\/\/acuariosupremus.com\/#website","url":"https:\/\/acuariosupremus.com\/","name":"Acuario Supremus","description":"Peces, Peceras y Mascotas.","publisher":{"@id":"https:\/\/acuariosupremus.com\/#organization"},"potentialAction":[{"@type":"SearchAction","target":{"@type":"EntryPoint","urlTemplate":"https:\/\/acuariosupremus.com\/?s={search_term_string}"},"query-input":{"@type":"PropertyValueSpecification","valueRequired":true,"valueName":"search_term_string"}}],"inLanguage":"es"},{"@type":"Organization","@id":"https:\/\/acuariosupremus.com\/#organization","name":"Acuario Supremus","url":"https:\/\/acuariosupremus.com\/","logo":{"@type":"ImageObject","inLanguage":"es","@id":"https:\/\/acuariosupremus.com\/#\/schema\/logo\/image\/","url":"https:\/\/acuariosupremus.com\/wp-content\/uploads\/2021\/12\/cropped-logo_acuario_supremus_fn-2.png","contentUrl":"https:\/\/acuariosupremus.com\/wp-content\/uploads\/2021\/12\/cropped-logo_acuario_supremus_fn-2.png","width":1000,"height":318,"caption":"Acuario Supremus"},"image":{"@id":"https:\/\/acuariosupremus.com\/#\/schema\/logo\/image\/"},"sameAs":["https:\/\/www.facebook.com\/AcuarioSupremus","https:\/\/x.com\/AcuarioSupremus","https:\/\/www.instagram.com\/acuariosupremus\/?hl=es"]}]}},"jetpack_sharing_enabled":true,"_links":{"self":[{"href":"https:\/\/acuariosupremus.com\/index.php?rest_route=\/wp\/v2\/product\/15270","targetHints":{"allow":["GET"]}}],"collection":[{"href":"https:\/\/acuariosupremus.com\/index.php?rest_route=\/wp\/v2\/product"}],"about":[{"href":"https:\/\/acuariosupremus.com\/index.php?rest_route=\/wp\/v2\/types\/product"}],"wp:featuredmedia":[{"embeddable":true,"href":"https:\/\/acuariosupremus.com\/index.php?rest_route=\/wp\/v2\/media\/15271"}],"wp:attachment":[{"href":"https:\/\/acuariosupremus.com\/index.php?rest_route=%2Fwp%2Fv2%2Fmedia&parent=15270"}],"wp:term":[{"taxonomy":"product_brand","embeddable":true,"href":"https:\/\/acuariosupremus.com\/index.php?rest_route=%2Fwp%2Fv2%2Fproduct_brand&post=15270"},{"taxonomy":"product_cat","embeddable":true,"href":"https:\/\/acuariosupremus.com\/index.php?rest_route=%2Fwp%2Fv2%2Fproduct_cat&post=15270"},{"taxonomy":"product_tag","embeddable":true,"href":"https:\/\/acuariosupremus.com\/index.php?rest_route=%2Fwp%2Fv2%2Fproduct_tag&post=15270"}],"curies":[{"name":"wp","href":"https:\/\/api.w.org\/{rel}","templated":true}]}}