{"id":15278,"date":"2025-10-14T18:17:48","date_gmt":"2025-10-15T00:17:48","guid":{"rendered":"https:\/\/acuariosupremus.com\/?post_type=product&#038;p=15278"},"modified":"2026-03-20T22:55:50","modified_gmt":"2026-03-21T04:55:50","slug":"pelota-crazy-gato-c-luz-y-movimiento","status":"publish","type":"product","link":"https:\/\/acuariosupremus.com\/?product=pelota-crazy-gato-c-luz-y-movimiento","title":{"rendered":"PELOTA CRAZY GATO C\/LUZ Y MOVIMIENTO."},"content":{"rendered":"<div id=\"tab-label-product.info.ingredientes.modo.de.uso\" class=\"data item title active\" tabindex=\"0\" role=\"tab\" aria-labeledby=\"tab-label-product.info.ingredientes.modo.de.uso-title\" data-role=\"collapsible\" data-collapsible=\"true\" aria-controls=\"product.info.ingredientes.modo.de.uso\" aria-selected=\"true\" aria-expanded=\"true\">MODO DE USO \/ PRECAUCIONES Y ADVERTENCIAS:<\/div>\n<div id=\"product.info.ingredientes.modo.de.uso\" class=\"data item content\" role=\"tabpanel\" data-role=\"content\" aria-labelledby=\"tab-label-product.info.ingredientes.modo.de.uso\" aria-hidden=\"false\">\n<div class=\"product attribute modo_de_uso_precuaciones_y_adv\">\n<div class=\"value\">Antes del primer uso, carga la pelota con el cable USB incluido. Una luz roja indicar\u00e1 que la bater\u00eda est\u00e1 baja y que necesita ser recargada. Presiona el bot\u00f3n de encendido hasta que las luces LED se enciendan. Selecciona el modo:\u2022tModo interactivo: Presiona una vez el bot\u00f3n de encendido hasta que la luz sea verde.\u2022tModo super r\u00e1pido: Con la pelota encendida presiona nuevamente el bot\u00f3n hasta que la luz sea azul.\u2022tModo lento: Presiona una vez mas el bot\u00f3n hasta que la luz sea morada.La pelota se detiene autom\u00e1ticamente despu\u00e9s de 5 minutos de inactividad. Para apagarla completamente, mant\u00e9n presionado el bot\u00f3n de encendido durante 3 segundos.Supervisa siempre a tu gato durante el uso. Aunque el juguete est\u00e1 dise\u00f1ado para la seguridad, ning\u00fan producto es indestructible. Si la pelota muestra signos de da\u00f1o, grietas o roturas, ret\u00edrala inmediatamente para evitar que tu gato ingiera alguna pieza. Utiliza el juguete solo en superficies lisas para asegurar un movimiento adecuado. Evita el uso en alfombras gruesas. Limpia la superficie del juguete con un pa\u00f1o h\u00famedo. No lo sumerjas en agua. Este producto es para uso exclusivo de mascotas y no debe usarse como un juguete para ni\u00f1os.<\/div>\n<div>CARACTER\u00cdSTICAS:<\/div>\n<div>Especie: Gatos,\u00a0 Medidas: 6.5 cm x 5.6 cm,\u00a0 Contenido neto: 1 pz,\u00a0 Material: 100% ABS, cord\u00f3n 50% algod\u00f3n y 50% poliester.<\/div>\n<\/div>\n<\/div>\n","protected":false},"excerpt":{"rendered":"<div id=\"tab-label-description\" class=\"data item title active\" tabindex=\"0\" role=\"tab\" aria-labeledby=\"tab-label-description-title\" data-role=\"collapsible\" data-collapsible=\"true\" aria-controls=\"description\" aria-selected=\"false\" aria-expanded=\"true\">DESCRIPCI\u00d3N:<\/div>\n<div id=\"description\" class=\"data item content\" role=\"tabpanel\" data-role=\"content\" aria-labelledby=\"tab-label-description\" aria-hidden=\"false\">\n<div class=\"product attribute description\">\n<div class=\"value\">\n<p>Despierta el instinto cazador de tu gato con la pelota interactiva crazy de Fancy Pets. Este innovador juguete, con un cuerpo de ABS resistente y una cola de cord\u00f3n que simula un rat\u00f3n, est\u00e1 dise\u00f1ado para mantener a tu felino activo y entretenido. Con solo presionar un bot\u00f3n, la pelota se mover\u00e1 de forma aleatoria, girando y saltando para captar su atenci\u00f3n e imitar el movimiento de una presa real.La pelota cuenta con tres modos de luz y movimiento que se activas con un solo toque: Luz verde: Movimiento din\u00e1mico con saltos. Luz Azul: M\u00e1xima velocidad para desafiar sus reflejos. Luz Morada: Movimiento suave, ideal para un juego relajado. Adem\u00e1s, es recargable por USB, lo que hace pr\u00e1ctica y ecol\u00f3gica y se detiene autom\u00e1ticamente despu\u00e9s de 5 minutos para evitar la sobre estimulaci\u00f3n. Un toque es suficiente para reactiva la diversi\u00f3n.<\/p>\n<div id=\"tab-label-product.info.beneficios\" class=\"data item title active\" tabindex=\"0\" role=\"tab\" aria-labeledby=\"tab-label-product.info.beneficios-title\" data-role=\"collapsible\" data-collapsible=\"true\" aria-controls=\"product.info.beneficios\" aria-selected=\"true\" aria-expanded=\"true\">BENEFICIOS:<\/div>\n<div id=\"product.info.beneficios\" class=\"data item content\" role=\"tabpanel\" data-role=\"content\" aria-labelledby=\"tab-label-product.info.beneficios\" aria-hidden=\"false\">\n<div class=\"product attribute beneficios\">\n<div class=\"value\">Estimula el instinto natural de caza: Los movimientos impredecibles y aleatorios de la pelota imitan los de una presa real, manteniendo a tu gato mental y f\u00edsicamente activo. M\u00faltiples modos de juego: Con tres modos de movimiento y luz (Lento, interactivo y super r\u00e1pido), la pelota ofrece variedad para desafiar a tu gato y evitar que se aburra. F\u00e1cil y c\u00f3modo de usar: Se activa con un solo toque y se apaga autom\u00e1ticamente despu\u00e9s de 5 minutos, permitiendo que tu gato juegue de forma aut\u00f3noma. Recargable por USB: No necesitas bater\u00edas desechables, lo que la hace una opci\u00f3n pr\u00e1ctica, econ\u00f3mica y ecol\u00f3gica. Dise\u00f1o que atrae y divierte: La combinaci\u00f3n de la forma de pelota y la cola de rat\u00f3n con luz LED la convierte en un juguete irresistible para cualquier felino.<\/div>\n<\/div>\n<\/div>\n<\/div>\n<\/div>\n<\/div>\n","protected":false},"featured_media":15279,"template":"","meta":[],"product_brand":[106],"product_cat":[30,34],"product_tag":[316,995],"class_list":{"0":"post-15278","1":"product","2":"type-product","3":"status-publish","4":"has-post-thumbnail","6":"product_brand-fancypets","7":"product_cat-gatos","8":"product_cat-juguetes-gatos","9":"product_tag-juguete-para-gato","10":"product_tag-pelota-crazy-gato","12":"first","13":"outofstock","14":"sale","15":"shipping-taxable","16":"purchasable","17":"product-type-simple"},"yoast_head":"<!-- This site is optimized with the Yoast SEO plugin v27.4 - https:\/\/yoast.com\/product\/yoast-seo-wordpress\/ -->\n<title>PELOTA CRAZY GATO C\/LUZ Y MOVIMIENTO. | Acuario Supremus<\/title>\n<meta name=\"description\" content=\"Pelota CRAZY con luz y movimiento est\u00e1 dise\u00f1ada para despierta el instinto cazador de tu gato y mantener a tu felino activo y entretenido.\" \/>\n<meta name=\"robots\" content=\"index, follow, max-snippet:-1, max-image-preview:large, max-video-preview:-1\" \/>\n<link rel=\"canonical\" href=\"https:\/\/acuariosupremus.com\/?product=pelota-crazy-gato-c-luz-y-movimiento\" \/>\n<meta property=\"og:locale\" content=\"es_MX\" \/>\n<meta property=\"og:type\" content=\"article\" \/>\n<meta property=\"og:title\" content=\"PELOTA CRAZY GATO C\/LUZ Y MOVIMIENTO. | Acuario Supremus\" \/>\n<meta property=\"og:description\" content=\"Pelota CRAZY con luz y movimiento est\u00e1 dise\u00f1ada para despierta el instinto cazador de tu gato y mantener a tu felino activo y entretenido.\" \/>\n<meta property=\"og:url\" content=\"https:\/\/acuariosupremus.com\/?product=pelota-crazy-gato-c-luz-y-movimiento\" \/>\n<meta property=\"og:site_name\" content=\"Acuario Supremus\" \/>\n<meta property=\"article:publisher\" content=\"https:\/\/www.facebook.com\/AcuarioSupremus\" \/>\n<meta property=\"article:modified_time\" content=\"2026-03-21T04:55:50+00:00\" \/>\n<meta property=\"og:image\" content=\"https:\/\/acuariosupremus.com\/wp-content\/uploads\/2025\/10\/FL9705.jpg\" \/>\n\t<meta property=\"og:image:width\" content=\"800\" \/>\n\t<meta property=\"og:image:height\" content=\"800\" \/>\n\t<meta property=\"og:image:type\" content=\"image\/jpeg\" \/>\n<meta name=\"twitter:card\" content=\"summary_large_image\" \/>\n<meta name=\"twitter:site\" content=\"@AcuarioSupremus\" \/>\n<meta name=\"twitter:label1\" content=\"Tiempo de lectura\" \/>\n\t<meta name=\"twitter:data1\" content=\"2 minutos\" \/>\n<script type=\"application\/ld+json\" class=\"yoast-schema-graph\">{\"@context\":\"https:\\\/\\\/schema.org\",\"@graph\":[{\"@type\":\"WebPage\",\"@id\":\"https:\\\/\\\/acuariosupremus.com\\\/?product=pelota-crazy-gato-c-luz-y-movimiento\",\"url\":\"https:\\\/\\\/acuariosupremus.com\\\/?product=pelota-crazy-gato-c-luz-y-movimiento\",\"name\":\"PELOTA CRAZY GATO C\\\/LUZ Y MOVIMIENTO. | Acuario Supremus\",\"isPartOf\":{\"@id\":\"https:\\\/\\\/acuariosupremus.com\\\/#website\"},\"primaryImageOfPage\":{\"@id\":\"https:\\\/\\\/acuariosupremus.com\\\/?product=pelota-crazy-gato-c-luz-y-movimiento#primaryimage\"},\"image\":{\"@id\":\"https:\\\/\\\/acuariosupremus.com\\\/?product=pelota-crazy-gato-c-luz-y-movimiento#primaryimage\"},\"thumbnailUrl\":\"https:\\\/\\\/acuariosupremus.com\\\/wp-content\\\/uploads\\\/2025\\\/10\\\/FL9705.jpg\",\"datePublished\":\"2025-10-15T00:17:48+00:00\",\"dateModified\":\"2026-03-21T04:55:50+00:00\",\"description\":\"Pelota CRAZY con luz y movimiento est\u00e1 dise\u00f1ada para despierta el instinto cazador de tu gato y mantener a tu felino activo y entretenido.\",\"breadcrumb\":{\"@id\":\"https:\\\/\\\/acuariosupremus.com\\\/?product=pelota-crazy-gato-c-luz-y-movimiento#breadcrumb\"},\"inLanguage\":\"es\",\"potentialAction\":[{\"@type\":\"ReadAction\",\"target\":[\"https:\\\/\\\/acuariosupremus.com\\\/?product=pelota-crazy-gato-c-luz-y-movimiento\"]}]},{\"@type\":\"ImageObject\",\"inLanguage\":\"es\",\"@id\":\"https:\\\/\\\/acuariosupremus.com\\\/?product=pelota-crazy-gato-c-luz-y-movimiento#primaryimage\",\"url\":\"https:\\\/\\\/acuariosupremus.com\\\/wp-content\\\/uploads\\\/2025\\\/10\\\/FL9705.jpg\",\"contentUrl\":\"https:\\\/\\\/acuariosupremus.com\\\/wp-content\\\/uploads\\\/2025\\\/10\\\/FL9705.jpg\",\"width\":800,\"height\":800},{\"@type\":\"BreadcrumbList\",\"@id\":\"https:\\\/\\\/acuariosupremus.com\\\/?product=pelota-crazy-gato-c-luz-y-movimiento#breadcrumb\",\"itemListElement\":[{\"@type\":\"ListItem\",\"position\":1,\"name\":\"Portada\",\"item\":\"https:\\\/\\\/acuariosupremus.com\\\/\"},{\"@type\":\"ListItem\",\"position\":2,\"name\":\"Tienda\",\"item\":\"https:\\\/\\\/acuariosupremus.com\\\/tienda\\\/\"},{\"@type\":\"ListItem\",\"position\":3,\"name\":\"PELOTA CRAZY GATO C\\\/LUZ Y MOVIMIENTO.\"}]},{\"@type\":\"WebSite\",\"@id\":\"https:\\\/\\\/acuariosupremus.com\\\/#website\",\"url\":\"https:\\\/\\\/acuariosupremus.com\\\/\",\"name\":\"Acuario Supremus\",\"description\":\"Peces, Peceras y Mascotas.\",\"publisher\":{\"@id\":\"https:\\\/\\\/acuariosupremus.com\\\/#organization\"},\"potentialAction\":[{\"@type\":\"SearchAction\",\"target\":{\"@type\":\"EntryPoint\",\"urlTemplate\":\"https:\\\/\\\/acuariosupremus.com\\\/?s={search_term_string}\"},\"query-input\":{\"@type\":\"PropertyValueSpecification\",\"valueRequired\":true,\"valueName\":\"search_term_string\"}}],\"inLanguage\":\"es\"},{\"@type\":\"Organization\",\"@id\":\"https:\\\/\\\/acuariosupremus.com\\\/#organization\",\"name\":\"Acuario Supremus\",\"url\":\"https:\\\/\\\/acuariosupremus.com\\\/\",\"logo\":{\"@type\":\"ImageObject\",\"inLanguage\":\"es\",\"@id\":\"https:\\\/\\\/acuariosupremus.com\\\/#\\\/schema\\\/logo\\\/image\\\/\",\"url\":\"https:\\\/\\\/acuariosupremus.com\\\/wp-content\\\/uploads\\\/2021\\\/12\\\/cropped-logo_acuario_supremus_fn-2.png\",\"contentUrl\":\"https:\\\/\\\/acuariosupremus.com\\\/wp-content\\\/uploads\\\/2021\\\/12\\\/cropped-logo_acuario_supremus_fn-2.png\",\"width\":1000,\"height\":318,\"caption\":\"Acuario Supremus\"},\"image\":{\"@id\":\"https:\\\/\\\/acuariosupremus.com\\\/#\\\/schema\\\/logo\\\/image\\\/\"},\"sameAs\":[\"https:\\\/\\\/www.facebook.com\\\/AcuarioSupremus\",\"https:\\\/\\\/x.com\\\/AcuarioSupremus\",\"https:\\\/\\\/www.instagram.com\\\/acuariosupremus\\\/?hl=es\"]}]}<\/script>\n<!-- \/ Yoast SEO plugin. -->","yoast_head_json":{"title":"PELOTA CRAZY GATO C\/LUZ Y MOVIMIENTO. | Acuario Supremus","description":"Pelota CRAZY con luz y movimiento est\u00e1 dise\u00f1ada para despierta el instinto cazador de tu gato y mantener a tu felino activo y entretenido.","robots":{"index":"index","follow":"follow","max-snippet":"max-snippet:-1","max-image-preview":"max-image-preview:large","max-video-preview":"max-video-preview:-1"},"canonical":"https:\/\/acuariosupremus.com\/?product=pelota-crazy-gato-c-luz-y-movimiento","og_locale":"es_MX","og_type":"article","og_title":"PELOTA CRAZY GATO C\/LUZ Y MOVIMIENTO. | Acuario Supremus","og_description":"Pelota CRAZY con luz y movimiento est\u00e1 dise\u00f1ada para despierta el instinto cazador de tu gato y mantener a tu felino activo y entretenido.","og_url":"https:\/\/acuariosupremus.com\/?product=pelota-crazy-gato-c-luz-y-movimiento","og_site_name":"Acuario Supremus","article_publisher":"https:\/\/www.facebook.com\/AcuarioSupremus","article_modified_time":"2026-03-21T04:55:50+00:00","og_image":[{"width":800,"height":800,"url":"https:\/\/acuariosupremus.com\/wp-content\/uploads\/2025\/10\/FL9705.jpg","type":"image\/jpeg"}],"twitter_card":"summary_large_image","twitter_site":"@AcuarioSupremus","twitter_misc":{"Tiempo de lectura":"2 minutos"},"schema":{"@context":"https:\/\/schema.org","@graph":[{"@type":"WebPage","@id":"https:\/\/acuariosupremus.com\/?product=pelota-crazy-gato-c-luz-y-movimiento","url":"https:\/\/acuariosupremus.com\/?product=pelota-crazy-gato-c-luz-y-movimiento","name":"PELOTA CRAZY GATO C\/LUZ Y MOVIMIENTO. | Acuario Supremus","isPartOf":{"@id":"https:\/\/acuariosupremus.com\/#website"},"primaryImageOfPage":{"@id":"https:\/\/acuariosupremus.com\/?product=pelota-crazy-gato-c-luz-y-movimiento#primaryimage"},"image":{"@id":"https:\/\/acuariosupremus.com\/?product=pelota-crazy-gato-c-luz-y-movimiento#primaryimage"},"thumbnailUrl":"https:\/\/acuariosupremus.com\/wp-content\/uploads\/2025\/10\/FL9705.jpg","datePublished":"2025-10-15T00:17:48+00:00","dateModified":"2026-03-21T04:55:50+00:00","description":"Pelota CRAZY con luz y movimiento est\u00e1 dise\u00f1ada para despierta el instinto cazador de tu gato y mantener a tu felino activo y entretenido.","breadcrumb":{"@id":"https:\/\/acuariosupremus.com\/?product=pelota-crazy-gato-c-luz-y-movimiento#breadcrumb"},"inLanguage":"es","potentialAction":[{"@type":"ReadAction","target":["https:\/\/acuariosupremus.com\/?product=pelota-crazy-gato-c-luz-y-movimiento"]}]},{"@type":"ImageObject","inLanguage":"es","@id":"https:\/\/acuariosupremus.com\/?product=pelota-crazy-gato-c-luz-y-movimiento#primaryimage","url":"https:\/\/acuariosupremus.com\/wp-content\/uploads\/2025\/10\/FL9705.jpg","contentUrl":"https:\/\/acuariosupremus.com\/wp-content\/uploads\/2025\/10\/FL9705.jpg","width":800,"height":800},{"@type":"BreadcrumbList","@id":"https:\/\/acuariosupremus.com\/?product=pelota-crazy-gato-c-luz-y-movimiento#breadcrumb","itemListElement":[{"@type":"ListItem","position":1,"name":"Portada","item":"https:\/\/acuariosupremus.com\/"},{"@type":"ListItem","position":2,"name":"Tienda","item":"https:\/\/acuariosupremus.com\/tienda\/"},{"@type":"ListItem","position":3,"name":"PELOTA CRAZY GATO C\/LUZ Y MOVIMIENTO."}]},{"@type":"WebSite","@id":"https:\/\/acuariosupremus.com\/#website","url":"https:\/\/acuariosupremus.com\/","name":"Acuario Supremus","description":"Peces, Peceras y Mascotas.","publisher":{"@id":"https:\/\/acuariosupremus.com\/#organization"},"potentialAction":[{"@type":"SearchAction","target":{"@type":"EntryPoint","urlTemplate":"https:\/\/acuariosupremus.com\/?s={search_term_string}"},"query-input":{"@type":"PropertyValueSpecification","valueRequired":true,"valueName":"search_term_string"}}],"inLanguage":"es"},{"@type":"Organization","@id":"https:\/\/acuariosupremus.com\/#organization","name":"Acuario Supremus","url":"https:\/\/acuariosupremus.com\/","logo":{"@type":"ImageObject","inLanguage":"es","@id":"https:\/\/acuariosupremus.com\/#\/schema\/logo\/image\/","url":"https:\/\/acuariosupremus.com\/wp-content\/uploads\/2021\/12\/cropped-logo_acuario_supremus_fn-2.png","contentUrl":"https:\/\/acuariosupremus.com\/wp-content\/uploads\/2021\/12\/cropped-logo_acuario_supremus_fn-2.png","width":1000,"height":318,"caption":"Acuario Supremus"},"image":{"@id":"https:\/\/acuariosupremus.com\/#\/schema\/logo\/image\/"},"sameAs":["https:\/\/www.facebook.com\/AcuarioSupremus","https:\/\/x.com\/AcuarioSupremus","https:\/\/www.instagram.com\/acuariosupremus\/?hl=es"]}]}},"jetpack_sharing_enabled":true,"_links":{"self":[{"href":"https:\/\/acuariosupremus.com\/index.php?rest_route=\/wp\/v2\/product\/15278","targetHints":{"allow":["GET"]}}],"collection":[{"href":"https:\/\/acuariosupremus.com\/index.php?rest_route=\/wp\/v2\/product"}],"about":[{"href":"https:\/\/acuariosupremus.com\/index.php?rest_route=\/wp\/v2\/types\/product"}],"wp:featuredmedia":[{"embeddable":true,"href":"https:\/\/acuariosupremus.com\/index.php?rest_route=\/wp\/v2\/media\/15279"}],"wp:attachment":[{"href":"https:\/\/acuariosupremus.com\/index.php?rest_route=%2Fwp%2Fv2%2Fmedia&parent=15278"}],"wp:term":[{"taxonomy":"product_brand","embeddable":true,"href":"https:\/\/acuariosupremus.com\/index.php?rest_route=%2Fwp%2Fv2%2Fproduct_brand&post=15278"},{"taxonomy":"product_cat","embeddable":true,"href":"https:\/\/acuariosupremus.com\/index.php?rest_route=%2Fwp%2Fv2%2Fproduct_cat&post=15278"},{"taxonomy":"product_tag","embeddable":true,"href":"https:\/\/acuariosupremus.com\/index.php?rest_route=%2Fwp%2Fv2%2Fproduct_tag&post=15278"}],"curies":[{"name":"wp","href":"https:\/\/api.w.org\/{rel}","templated":true}]}}