{"id":15321,"date":"2025-10-16T19:00:27","date_gmt":"2025-10-17T01:00:27","guid":{"rendered":"https:\/\/acuariosupremus.com\/?post_type=product&#038;p=15321"},"modified":"2026-02-04T15:48:59","modified_gmt":"2026-02-04T21:48:59","slug":"bebedero-fuente-de-agua-aqua-3l","status":"publish","type":"product","link":"https:\/\/acuariosupremus.com\/?product=bebedero-fuente-de-agua-aqua-3l","title":{"rendered":"BEBEDERO FUENTE DE AGUA AQUA 3L"},"content":{"rendered":"<p>Contenido neto: Cubierta del bebedero.Cartucho de tres etapas &#8211; (1 pieza)Bomba de agua.Contenedor con gomas antiderrapantes.Cable USB.Tubo conector flexible, Marca: FancyPets, Especie: Perros y Gatos,\u00a0 Capacidad: 3 Litros,\u00a0 Material: Pl\u00e1stico.<\/p>\n<div id=\"tab-label-product.info.ingredientes.modo.de.uso\" class=\"data item title active\" tabindex=\"0\" role=\"tab\" aria-labeledby=\"tab-label-product.info.ingredientes.modo.de.uso-title\" data-role=\"collapsible\" data-collapsible=\"true\" aria-controls=\"product.info.ingredientes.modo.de.uso\" aria-selected=\"true\" aria-expanded=\"true\">MODO DE USO \/ PRECAUCIONES Y ADVERTENCIAS:<\/div>\n<div id=\"product.info.ingredientes.modo.de.uso\" class=\"data item content\" role=\"tabpanel\" data-role=\"content\" aria-labelledby=\"tab-label-product.info.ingredientes.modo.de.uso\" aria-hidden=\"false\">\n<div class=\"product attribute modo_de_uso_precuaciones_y_adv\">\n<div class=\"value\">Antes de usar por primera vez el bebedero autom\u00e1tico cubo de Fancy Pets, enjuague el cartucho filtrante que viene incluido. Para ellos, saque el cartucho filtrante y enju\u00e1guelo directamente bajo el chorro de agua sin usar jab\u00f3n ni detergentes. Posteriormente coloque el cartucho filtrante en el compartimiento que se encuentra integrado en la cubierta del bebedero. La cubierta del bebedero consta por dos piezas: tapa con compartimiento y cubierta superior.Llene el bebedero con agua potable, preferentemente de garraf\u00f3n, asegur\u00e1ndose que ele nivel del agua sea suficiente para cubrir por completo la bomba de agua. IMPORTANTE: El bebedero NUNCA debe operar en seco, ya que la bomba podr\u00eda quemarse. Conecte el tubo flexible a la bomba y a la cubierta, como se muestra a continuaci\u00f3n. Una vez ensamblada col\u00f3quela dentro del contenedor y aseg\u00farese de que el cable pase correctamente por la ranura que est\u00e1 marcada en la parte superior del contenedor. La bomba se fijar\u00e1 autom\u00e1ticamente con ayuda de sus ventosas. Finalmente conecte el bebedero con ayuda de un cubo con entrada USB. Desconecte el bebedero cuando no se utilice.RECOMENDACIONES: Revise peri\u00f3dicamente que el agua llegue al m\u00e1ximo nivel de agua marcado en el interior del contenedor para evitar derrames. El bebedero nunca debe operar en seco. El agua debe cubrir por completo la bomba para un correcto funcionamiento y evitar que esta se quema. El cartucho con material filtrante ayuda a purificar el agua. Se recomiendo cambiarlo mensualmente dependiendo de la calidad del agua. Use solo repuestos originales, cartucho filtrante Fancy Pets FL9874.<\/div>\n<\/div>\n<\/div>\n","protected":false},"excerpt":{"rendered":"<p>Caracter\u00edsticas:<br \/>\nEs la soluci\u00f3n perfecta para promover la hidrataci\u00f3n en tu mascota. Con su dise\u00f1o en forma de cubo, este bebedero recircula el agua constantemente a trav\u00e9s de un filtro de 3 etapas: filtraci\u00f3n mecanica, quimica y cationica, este garantiza agua limpia y pura en todo momento. El suave movimiento del agua, no solo la mantiene fresca, sino que tambi\u00e9n estimula a tu mascota a beber m\u00e1s, promoviendo su bienestar y salud. Con capacidad de 3 litros, es ideal para mantener el agua disponible todo el d\u00eda.<br \/>\nBeneficios:<br \/>\nAGUA SIEMPRE FRESCA Y LIMPIA: El sistema de recirculaci\u00f3n continua mantiene el agua en movimiento, evitando estancamiento y reduciendo la acumulaci\u00f3n de bacterias. Adem\u00e1s, su filtro de 3 etapas elimina impurezas, residuos y olores, garantizando que tu mascota siempre tenga agua limpia y saludable. ESTIMULA LA HIDRATACI\u00d3N: El suave flujo de agua en movimiento atrae la atenci\u00f3n de tu mascota e incentiva su consumo, algo especialmente \u00fatil para gatos y perro que suelen beber poca agua. Una hidrataci\u00f3n adecuada favorece el funcionamiento renal y la digesti\u00f3n, ayudando a prevenir problemas de salud como infecciones urinarias o c\u00e1lculos renales.GRAN CAPACIDAD PARA MAYOR COMODIDAD: Con su dep\u00f3sito de 3 litros, este bebedero des ideal para que tu mascota tenga agua disponible durante todo el d\u00eda sin necesidad de rellenarlo constantemente. Perfecto para hogares con varias mascotas o para due\u00f1os con agendas ocupadas que buscan practicidad y tranquilidad. FUNCIONAMIENTO SILENCIOSO Y EFICIENTE: Gracias a su dise\u00f1o de bomba de bajo ruido, el bebedero ofrece una experiencia libre de ruidos molestos, asegurando que tu mascota se sienta c\u00f3moda al beber. DISE\u00d1O PR\u00c1CTICO Y F\u00c1CIL DE LIMPIAR: Su forma de cubo compacto y moderno se adapta a cualquier espacio, mientras que su estructura desmontable permite una limpieza r\u00e1pida y sencilla. El mantenimiento regular del filtro y del bebedero es f\u00e1cil, asegurando un funcionamiento \u00f3ptimo por m\u00e1s tiempo.<\/p>\n","protected":false},"featured_media":15322,"template":"","meta":[],"product_brand":[106],"product_cat":[30,73,36,78],"product_tag":[429],"class_list":{"0":"post-15321","1":"product","2":"type-product","3":"status-publish","4":"has-post-thumbnail","6":"product_brand-fancypets","7":"product_cat-gatos","8":"product_cat-perros","9":"product_cat-dispensadores-gatos","10":"product_cat-dispensadores-perros","11":"product_tag-bebedero-automatico","13":"first","14":"instock","15":"sale","16":"shipping-taxable","17":"purchasable","18":"product-type-simple"},"yoast_head":"<!-- This site is optimized with the Yoast SEO plugin v27.4 - https:\/\/yoast.com\/product\/yoast-seo-wordpress\/ -->\n<title>BEBEDERO FUENTE DE AGUA AQUA 3L | Acuario Supremus<\/title>\n<meta name=\"description\" content=\"Bebedero Fuente AQUA para mascotas sensibles a los ruidos, Cuenta con un cartucho filtrante reemplazable que ayuda a purificar el agua.\" \/>\n<meta name=\"robots\" content=\"index, follow, max-snippet:-1, max-image-preview:large, max-video-preview:-1\" \/>\n<link rel=\"canonical\" href=\"https:\/\/acuariosupremus.com\/?product=bebedero-fuente-de-agua-aqua-3l\" \/>\n<meta property=\"og:locale\" content=\"es_MX\" \/>\n<meta property=\"og:type\" content=\"article\" \/>\n<meta property=\"og:title\" content=\"BEBEDERO FUENTE DE AGUA AQUA 3L | Acuario Supremus\" \/>\n<meta property=\"og:description\" content=\"Bebedero Fuente AQUA para mascotas sensibles a los ruidos, Cuenta con un cartucho filtrante reemplazable que ayuda a purificar el agua.\" \/>\n<meta property=\"og:url\" content=\"https:\/\/acuariosupremus.com\/?product=bebedero-fuente-de-agua-aqua-3l\" \/>\n<meta property=\"og:site_name\" content=\"Acuario Supremus\" \/>\n<meta property=\"article:publisher\" content=\"https:\/\/www.facebook.com\/AcuarioSupremus\" \/>\n<meta property=\"article:modified_time\" content=\"2026-02-04T21:48:59+00:00\" \/>\n<meta property=\"og:image\" content=\"https:\/\/acuariosupremus.com\/wp-content\/uploads\/2025\/10\/FL9876.jpg\" \/>\n\t<meta property=\"og:image:width\" content=\"800\" \/>\n\t<meta property=\"og:image:height\" content=\"800\" \/>\n\t<meta property=\"og:image:type\" content=\"image\/jpeg\" \/>\n<meta name=\"twitter:card\" content=\"summary_large_image\" \/>\n<meta name=\"twitter:site\" content=\"@AcuarioSupremus\" \/>\n<meta name=\"twitter:label1\" content=\"Tiempo de lectura\" \/>\n\t<meta name=\"twitter:data1\" content=\"2 minutos\" \/>\n<script type=\"application\/ld+json\" class=\"yoast-schema-graph\">{\"@context\":\"https:\\\/\\\/schema.org\",\"@graph\":[{\"@type\":\"WebPage\",\"@id\":\"https:\\\/\\\/acuariosupremus.com\\\/?product=bebedero-fuente-de-agua-aqua-3l\",\"url\":\"https:\\\/\\\/acuariosupremus.com\\\/?product=bebedero-fuente-de-agua-aqua-3l\",\"name\":\"BEBEDERO FUENTE DE AGUA AQUA 3L | Acuario Supremus\",\"isPartOf\":{\"@id\":\"https:\\\/\\\/acuariosupremus.com\\\/#website\"},\"primaryImageOfPage\":{\"@id\":\"https:\\\/\\\/acuariosupremus.com\\\/?product=bebedero-fuente-de-agua-aqua-3l#primaryimage\"},\"image\":{\"@id\":\"https:\\\/\\\/acuariosupremus.com\\\/?product=bebedero-fuente-de-agua-aqua-3l#primaryimage\"},\"thumbnailUrl\":\"https:\\\/\\\/acuariosupremus.com\\\/wp-content\\\/uploads\\\/2025\\\/10\\\/FL9876.jpg\",\"datePublished\":\"2025-10-17T01:00:27+00:00\",\"dateModified\":\"2026-02-04T21:48:59+00:00\",\"description\":\"Bebedero Fuente AQUA para mascotas sensibles a los ruidos, Cuenta con un cartucho filtrante reemplazable que ayuda a purificar el agua.\",\"breadcrumb\":{\"@id\":\"https:\\\/\\\/acuariosupremus.com\\\/?product=bebedero-fuente-de-agua-aqua-3l#breadcrumb\"},\"inLanguage\":\"es\",\"potentialAction\":[{\"@type\":\"ReadAction\",\"target\":[\"https:\\\/\\\/acuariosupremus.com\\\/?product=bebedero-fuente-de-agua-aqua-3l\"]}]},{\"@type\":\"ImageObject\",\"inLanguage\":\"es\",\"@id\":\"https:\\\/\\\/acuariosupremus.com\\\/?product=bebedero-fuente-de-agua-aqua-3l#primaryimage\",\"url\":\"https:\\\/\\\/acuariosupremus.com\\\/wp-content\\\/uploads\\\/2025\\\/10\\\/FL9876.jpg\",\"contentUrl\":\"https:\\\/\\\/acuariosupremus.com\\\/wp-content\\\/uploads\\\/2025\\\/10\\\/FL9876.jpg\",\"width\":800,\"height\":800},{\"@type\":\"BreadcrumbList\",\"@id\":\"https:\\\/\\\/acuariosupremus.com\\\/?product=bebedero-fuente-de-agua-aqua-3l#breadcrumb\",\"itemListElement\":[{\"@type\":\"ListItem\",\"position\":1,\"name\":\"Portada\",\"item\":\"https:\\\/\\\/acuariosupremus.com\\\/\"},{\"@type\":\"ListItem\",\"position\":2,\"name\":\"Tienda\",\"item\":\"https:\\\/\\\/acuariosupremus.com\\\/tienda\\\/\"},{\"@type\":\"ListItem\",\"position\":3,\"name\":\"BEBEDERO FUENTE DE AGUA AQUA 3L\"}]},{\"@type\":\"WebSite\",\"@id\":\"https:\\\/\\\/acuariosupremus.com\\\/#website\",\"url\":\"https:\\\/\\\/acuariosupremus.com\\\/\",\"name\":\"Acuario Supremus\",\"description\":\"Peces, Peceras y Mascotas.\",\"publisher\":{\"@id\":\"https:\\\/\\\/acuariosupremus.com\\\/#organization\"},\"potentialAction\":[{\"@type\":\"SearchAction\",\"target\":{\"@type\":\"EntryPoint\",\"urlTemplate\":\"https:\\\/\\\/acuariosupremus.com\\\/?s={search_term_string}\"},\"query-input\":{\"@type\":\"PropertyValueSpecification\",\"valueRequired\":true,\"valueName\":\"search_term_string\"}}],\"inLanguage\":\"es\"},{\"@type\":\"Organization\",\"@id\":\"https:\\\/\\\/acuariosupremus.com\\\/#organization\",\"name\":\"Acuario Supremus\",\"url\":\"https:\\\/\\\/acuariosupremus.com\\\/\",\"logo\":{\"@type\":\"ImageObject\",\"inLanguage\":\"es\",\"@id\":\"https:\\\/\\\/acuariosupremus.com\\\/#\\\/schema\\\/logo\\\/image\\\/\",\"url\":\"https:\\\/\\\/acuariosupremus.com\\\/wp-content\\\/uploads\\\/2021\\\/12\\\/cropped-logo_acuario_supremus_fn-2.png\",\"contentUrl\":\"https:\\\/\\\/acuariosupremus.com\\\/wp-content\\\/uploads\\\/2021\\\/12\\\/cropped-logo_acuario_supremus_fn-2.png\",\"width\":1000,\"height\":318,\"caption\":\"Acuario Supremus\"},\"image\":{\"@id\":\"https:\\\/\\\/acuariosupremus.com\\\/#\\\/schema\\\/logo\\\/image\\\/\"},\"sameAs\":[\"https:\\\/\\\/www.facebook.com\\\/AcuarioSupremus\",\"https:\\\/\\\/x.com\\\/AcuarioSupremus\",\"https:\\\/\\\/www.instagram.com\\\/acuariosupremus\\\/?hl=es\"]}]}<\/script>\n<!-- \/ Yoast SEO plugin. -->","yoast_head_json":{"title":"BEBEDERO FUENTE DE AGUA AQUA 3L | Acuario Supremus","description":"Bebedero Fuente AQUA para mascotas sensibles a los ruidos, Cuenta con un cartucho filtrante reemplazable que ayuda a purificar el agua.","robots":{"index":"index","follow":"follow","max-snippet":"max-snippet:-1","max-image-preview":"max-image-preview:large","max-video-preview":"max-video-preview:-1"},"canonical":"https:\/\/acuariosupremus.com\/?product=bebedero-fuente-de-agua-aqua-3l","og_locale":"es_MX","og_type":"article","og_title":"BEBEDERO FUENTE DE AGUA AQUA 3L | Acuario Supremus","og_description":"Bebedero Fuente AQUA para mascotas sensibles a los ruidos, Cuenta con un cartucho filtrante reemplazable que ayuda a purificar el agua.","og_url":"https:\/\/acuariosupremus.com\/?product=bebedero-fuente-de-agua-aqua-3l","og_site_name":"Acuario Supremus","article_publisher":"https:\/\/www.facebook.com\/AcuarioSupremus","article_modified_time":"2026-02-04T21:48:59+00:00","og_image":[{"width":800,"height":800,"url":"https:\/\/acuariosupremus.com\/wp-content\/uploads\/2025\/10\/FL9876.jpg","type":"image\/jpeg"}],"twitter_card":"summary_large_image","twitter_site":"@AcuarioSupremus","twitter_misc":{"Tiempo de lectura":"2 minutos"},"schema":{"@context":"https:\/\/schema.org","@graph":[{"@type":"WebPage","@id":"https:\/\/acuariosupremus.com\/?product=bebedero-fuente-de-agua-aqua-3l","url":"https:\/\/acuariosupremus.com\/?product=bebedero-fuente-de-agua-aqua-3l","name":"BEBEDERO FUENTE DE AGUA AQUA 3L | Acuario Supremus","isPartOf":{"@id":"https:\/\/acuariosupremus.com\/#website"},"primaryImageOfPage":{"@id":"https:\/\/acuariosupremus.com\/?product=bebedero-fuente-de-agua-aqua-3l#primaryimage"},"image":{"@id":"https:\/\/acuariosupremus.com\/?product=bebedero-fuente-de-agua-aqua-3l#primaryimage"},"thumbnailUrl":"https:\/\/acuariosupremus.com\/wp-content\/uploads\/2025\/10\/FL9876.jpg","datePublished":"2025-10-17T01:00:27+00:00","dateModified":"2026-02-04T21:48:59+00:00","description":"Bebedero Fuente AQUA para mascotas sensibles a los ruidos, Cuenta con un cartucho filtrante reemplazable que ayuda a purificar el agua.","breadcrumb":{"@id":"https:\/\/acuariosupremus.com\/?product=bebedero-fuente-de-agua-aqua-3l#breadcrumb"},"inLanguage":"es","potentialAction":[{"@type":"ReadAction","target":["https:\/\/acuariosupremus.com\/?product=bebedero-fuente-de-agua-aqua-3l"]}]},{"@type":"ImageObject","inLanguage":"es","@id":"https:\/\/acuariosupremus.com\/?product=bebedero-fuente-de-agua-aqua-3l#primaryimage","url":"https:\/\/acuariosupremus.com\/wp-content\/uploads\/2025\/10\/FL9876.jpg","contentUrl":"https:\/\/acuariosupremus.com\/wp-content\/uploads\/2025\/10\/FL9876.jpg","width":800,"height":800},{"@type":"BreadcrumbList","@id":"https:\/\/acuariosupremus.com\/?product=bebedero-fuente-de-agua-aqua-3l#breadcrumb","itemListElement":[{"@type":"ListItem","position":1,"name":"Portada","item":"https:\/\/acuariosupremus.com\/"},{"@type":"ListItem","position":2,"name":"Tienda","item":"https:\/\/acuariosupremus.com\/tienda\/"},{"@type":"ListItem","position":3,"name":"BEBEDERO FUENTE DE AGUA AQUA 3L"}]},{"@type":"WebSite","@id":"https:\/\/acuariosupremus.com\/#website","url":"https:\/\/acuariosupremus.com\/","name":"Acuario Supremus","description":"Peces, Peceras y Mascotas.","publisher":{"@id":"https:\/\/acuariosupremus.com\/#organization"},"potentialAction":[{"@type":"SearchAction","target":{"@type":"EntryPoint","urlTemplate":"https:\/\/acuariosupremus.com\/?s={search_term_string}"},"query-input":{"@type":"PropertyValueSpecification","valueRequired":true,"valueName":"search_term_string"}}],"inLanguage":"es"},{"@type":"Organization","@id":"https:\/\/acuariosupremus.com\/#organization","name":"Acuario Supremus","url":"https:\/\/acuariosupremus.com\/","logo":{"@type":"ImageObject","inLanguage":"es","@id":"https:\/\/acuariosupremus.com\/#\/schema\/logo\/image\/","url":"https:\/\/acuariosupremus.com\/wp-content\/uploads\/2021\/12\/cropped-logo_acuario_supremus_fn-2.png","contentUrl":"https:\/\/acuariosupremus.com\/wp-content\/uploads\/2021\/12\/cropped-logo_acuario_supremus_fn-2.png","width":1000,"height":318,"caption":"Acuario Supremus"},"image":{"@id":"https:\/\/acuariosupremus.com\/#\/schema\/logo\/image\/"},"sameAs":["https:\/\/www.facebook.com\/AcuarioSupremus","https:\/\/x.com\/AcuarioSupremus","https:\/\/www.instagram.com\/acuariosupremus\/?hl=es"]}]}},"jetpack_sharing_enabled":true,"_links":{"self":[{"href":"https:\/\/acuariosupremus.com\/index.php?rest_route=\/wp\/v2\/product\/15321","targetHints":{"allow":["GET"]}}],"collection":[{"href":"https:\/\/acuariosupremus.com\/index.php?rest_route=\/wp\/v2\/product"}],"about":[{"href":"https:\/\/acuariosupremus.com\/index.php?rest_route=\/wp\/v2\/types\/product"}],"wp:featuredmedia":[{"embeddable":true,"href":"https:\/\/acuariosupremus.com\/index.php?rest_route=\/wp\/v2\/media\/15322"}],"wp:attachment":[{"href":"https:\/\/acuariosupremus.com\/index.php?rest_route=%2Fwp%2Fv2%2Fmedia&parent=15321"}],"wp:term":[{"taxonomy":"product_brand","embeddable":true,"href":"https:\/\/acuariosupremus.com\/index.php?rest_route=%2Fwp%2Fv2%2Fproduct_brand&post=15321"},{"taxonomy":"product_cat","embeddable":true,"href":"https:\/\/acuariosupremus.com\/index.php?rest_route=%2Fwp%2Fv2%2Fproduct_cat&post=15321"},{"taxonomy":"product_tag","embeddable":true,"href":"https:\/\/acuariosupremus.com\/index.php?rest_route=%2Fwp%2Fv2%2Fproduct_tag&post=15321"}],"curies":[{"name":"wp","href":"https:\/\/api.w.org\/{rel}","templated":true}]}}