{"id":15400,"date":"2025-10-22T18:57:34","date_gmt":"2025-10-23T00:57:34","guid":{"rendered":"https:\/\/acuariosupremus.com\/?post_type=product&#038;p=15400"},"modified":"2025-12-24T16:54:59","modified_gmt":"2025-12-24T22:54:59","slug":"pellet-de-crecimiento-y-color-apex-goldfish-1-kg","status":"publish","type":"product","link":"https:\/\/acuariosupremus.com\/?product=pellet-de-crecimiento-y-color-apex-goldfish-1-kg","title":{"rendered":"Pellet de crecimiento y color Apex Goldfish 1 Kg."},"content":{"rendered":"<p><strong>INGREDIENTES CUIDADOSAMENTE SELECCIONADOS<\/strong><\/p>\n<p>Sardinas, camarones espada, tapioca, ma\u00edz, anchoas, espirulina, tubifex, bloodworms, algas marinas, levadura de cerveza, ajo, hongo Reishi, aceite de h\u00edgado de bacalao.<\/p>\n<p><strong>Aditivos:<\/strong>\u00a0Probi\u00f3ticos, carotenoides naturales, vitaminas de alta concentraci\u00f3n (A, D3, C y E) en f\u00f3rmulas estables, complejo de vitamina B (B1, B2, B6, B12, niacina, \u00e1cido pantot\u00e9nico, \u00e1cido f\u00f3lico, biotina e inositol).<\/p>\n<p>&nbsp;<\/p>\n<p><strong>AN\u00c1LISIS GARANTIZADO:\u00a0<\/strong><\/p>\n<p><strong>\u00a0<\/strong><\/p>\n<table>\n<tbody>\n<tr>\n<td colspan=\"2\" width=\"235\"><strong>COMPOSICI\u00d3N<\/strong><\/td>\n<td rowspan=\"7\" width=\"20\"><strong>\u00a0<\/strong><\/td>\n<td colspan=\"2\" width=\"255\"><strong>VITAMINAS<\/strong><\/td>\n<\/tr>\n<tr>\n<td width=\"142\">Prote\u00edna cruda:<\/td>\n<td width=\"94\">45% (M\u00edn.)<\/td>\n<td width=\"132\">Vitamina A:<\/td>\n<td width=\"123\">47,500 IU\/kg<\/td>\n<\/tr>\n<tr>\n<td width=\"142\">Grasa cruda:<\/td>\n<td width=\"94\">8% (M\u00edn.)<\/td>\n<td width=\"132\">Vitamina D<sub>3<\/sub>:<\/td>\n<td width=\"123\">9,500 IU\/kg<\/td>\n<\/tr>\n<tr>\n<td width=\"142\">Fibra cruda:<\/td>\n<td width=\"94\">3.8% (M\u00e1x.)<\/td>\n<td width=\"132\">Vitamina C:<\/td>\n<td width=\"123\">\u00a0 1200 mg\/kg<\/td>\n<\/tr>\n<tr>\n<td width=\"142\">Humedad:<\/td>\n<td width=\"94\">5% (M\u00e1x.)<\/td>\n<td width=\"132\">Vitamina E:<\/td>\n<td width=\"123\">3000 mg\/kg<\/td>\n<\/tr>\n<tr>\n<td width=\"142\">F\u00f3sforo:<\/td>\n<td width=\"94\">1% (M\u00edn.)<\/td>\n<td colspan=\"2\" width=\"255\"><strong>Porcentaje de Camar\u00f3n:<\/strong>\u00a0\u00a0\u00a0\u00a0\u00a0\u00a0\u00a0\u00a0\u00a0\u00a0\u00a0 62%<\/td>\n<\/tr>\n<tr>\n<td width=\"142\">E.L.N.:<\/td>\n<td width=\"94\">45.8%<\/td>\n<td colspan=\"2\" width=\"255\"><strong>TIPO:<\/strong>\u00a0\u00a0\u00a0\u00a0\u00a0\u00a0\u00a0\u00a0\u00a0\u00a0\u00a0\u00a0 Pellet Flotante<\/td>\n<\/tr>\n<\/tbody>\n<\/table>\n<p>NO ES APTO PARA PECES DE CONSUMO HUMANO.\u00a0 S\u00d3LO PARA PECES ORNAMENTALES DE ACUARIO.<\/p>\n<p>P\/V Neto:<br \/>\n(ml. \/grs.) &#8211; \/ 1 kg.<br \/>\nTama\u00f1o mm.<br \/>\n<span class=\"fontstyle0\"> 230 x 110 x 295 <\/span>(l x a x h)<br \/>\nPeso total: 1.055 (g)<\/p>\n","protected":false},"excerpt":{"rendered":"<p>Azoo Plus Ultra Fresh: Pellet de crecimiento y color Apex para Goldfish es un alimento premium en chips de hundimiento lento, dise\u00f1ado para realzar los colores vibrantes y acelerar el crecimiento de peces Ranchu, Cabeza de Le\u00f3n, Escama de Perla y otras variedades de peces Goldfish de gama Alta. Est\u00e1 formulado con camarones espada salvajes, sardinas, anchoas, bloodworms y extractos bot\u00e1nicos con carotenoides naturales que potencian los tonos vivos y profundos. Gracias a sus probi\u00f3ticos BS, mejora la digesti\u00f3n, reduce olores y contaminaci\u00f3n del agua. Este alimento balanceado 100% natural ofrece nutrici\u00f3n completa durante todo el a\u00f1o, sin qu\u00edmicos ni colorantes artificiales.<\/p>\n<p><strong>CARACTER\u00cdSTICAS:<\/strong><\/p>\n<ol>\n<li><strong>Peque\u00f1os chips con un excelente dise\u00f1o de hundimiento lento, que mejoran la tasa de crecimiento en 1,35 veces.<\/strong><\/li>\n<\/ol>\n<p>Especialmente desarrollados para peces Goldfish, estos peque\u00f1os chips presentan excelentes cualidades de hundimiento lento que se derriten en la boca del pez. Compuestos por un 62 % de camarones espada salvajes de primera calidad, sardinas, anchoas y bloodworms, proporcionan una fuente de prote\u00ednas diversas con un bajo contenido en grasas que mejoran significativamente la eficiencia alimentaria y la digesti\u00f3n. Esto da como resultado un aumento de la tasa de crecimiento de hasta 1,35 veces. Adecuados para la alimentaci\u00f3n durante todo el a\u00f1o, mantienen una palatabilidad excepcional incluso a bajas temperaturas, lo que los convierte en un alimento b\u00e1sico y nutricional ideal para cualquier temporada para peces Ranchu, Cabeza de Le\u00f3n, Escama de Perla y otras variedades de peces Goldfish.<\/p>\n<ol start=\"2\">\n<li><strong>Realza los colores m\u00e1s profundos revelando por completo la vibrante belleza de su pez Goldfish<\/strong><\/li>\n<\/ol>\n<p>Utilizando altas concentraciones de carotenoides extra\u00eddos de varias plantas, combinados con espirulina y camarones espada salvajes de primera calidad, esta f\u00f3rmula presenta m\u00faltiples ingredientes que mejoran el color y funcionan de manera sin\u00e9rgica. Ayuda a los peces Goldfish a lograr una riqueza y saturaci\u00f3n de color sin precedentes, con tonos vivos, profundos y libres de cualquier interferencia. Supera ampliamente las f\u00f3rmulas tradicionales de una sola espirulina.<\/p>\n<ol start=\"3\">\n<li><strong>Probi\u00f3ticos BS: Reducen significativamente la contaminaci\u00f3n y el olor del agua en un 50%<\/strong><\/li>\n<\/ol>\n<p>Los probi\u00f3ticos BS dise\u00f1ados espec\u00edficamente para peces pueden formar r\u00e1pidamente un microbioma intestinal saludable, mejorando la absorci\u00f3n de nutrientes en los peces. No solo puede inhibir eficazmente las bacterias da\u00f1inas y putrefactas, sino que tambi\u00e9n puede descomponer el amon\u00edaco y el sulfuro de hidr\u00f3geno en los excrementos, reduciendo el olor y la contaminaci\u00f3n del agua hasta en un 50 %. \u00a1Deje que sus peces tengan un entorno de vida m\u00e1s saludable!<\/p>\n<ol start=\"4\">\n<li><strong>Hongo Reishi x espirulina x multivitaminas: \u00a1Mejora por completo los colores naturales, la salud y la vitalidad de los peces!<\/strong><\/li>\n<\/ol>\n<p>Con una rica cantidad de hongo Reishi fresco (<em>Ganoderma<\/em>), espirulina, vitaminas (A, D3, C y E) en f\u00f3rmulas estables y complejo de vitamina B, este producto proporciona una nutrici\u00f3n integral para los peces Goldfish. Ayuda a los peces no solo a mostrar sus colores m\u00e1s naturales sin producir decoloraci\u00f3n, sino tambi\u00e9n a mantener su metabolismo e inmunidad.<\/p>\n","protected":false},"featured_media":15401,"template":"","meta":[],"product_brand":[121],"product_cat":[40,43],"product_tag":[1000,153,154,150,169],"class_list":{"0":"post-15400","1":"product","2":"type-product","3":"status-publish","4":"has-post-thumbnail","6":"product_brand-ultrafresh","7":"product_cat-peces","8":"product_cat-alimentos","9":"product_tag-alimento-apex-crecimiento-y-color","10":"product_tag-gold-fish","11":"product_tag-alimento-para-color","12":"product_tag-alimento-premium","13":"product_tag-pellets","15":"first","16":"instock","17":"sale","18":"shipping-taxable","19":"purchasable","20":"product-type-simple"},"yoast_head":"<!-- This site is optimized with the Yoast SEO plugin v27.3 - https:\/\/yoast.com\/product\/yoast-seo-wordpress\/ -->\n<title>Pellet de crecimiento y color Apex Goldfish 1 Kg. | Acuario Supremus<\/title>\n<meta name=\"description\" content=\"Ultra Fresh Pellet de crecimiento y color Apex para Goldfish de 1 Kg. es un alimento premium dise\u00f1ado para peces Goldfish de gama Alta.\" \/>\n<meta name=\"robots\" content=\"index, follow, max-snippet:-1, max-image-preview:large, max-video-preview:-1\" \/>\n<link rel=\"canonical\" href=\"https:\/\/acuariosupremus.com\/?product=pellet-de-crecimiento-y-color-apex-goldfish-1-kg\" \/>\n<meta property=\"og:locale\" content=\"es_MX\" \/>\n<meta property=\"og:type\" content=\"article\" \/>\n<meta property=\"og:title\" content=\"Pellet de crecimiento y color Apex Goldfish 1 Kg. | Acuario Supremus\" \/>\n<meta property=\"og:description\" content=\"Ultra Fresh Pellet de crecimiento y color Apex para Goldfish de 1 Kg. es un alimento premium dise\u00f1ado para peces Goldfish de gama Alta.\" \/>\n<meta property=\"og:url\" content=\"https:\/\/acuariosupremus.com\/?product=pellet-de-crecimiento-y-color-apex-goldfish-1-kg\" \/>\n<meta property=\"og:site_name\" content=\"Acuario Supremus\" \/>\n<meta property=\"article:publisher\" content=\"https:\/\/www.facebook.com\/AcuarioSupremus\" \/>\n<meta property=\"article:modified_time\" content=\"2025-12-24T22:54:59+00:00\" \/>\n<meta property=\"og:image\" content=\"https:\/\/acuariosupremus.com\/wp-content\/uploads\/2025\/10\/Apex_color_04.jpg\" \/>\n\t<meta property=\"og:image:width\" content=\"1000\" \/>\n\t<meta property=\"og:image:height\" content=\"1000\" \/>\n\t<meta property=\"og:image:type\" content=\"image\/jpeg\" \/>\n<meta name=\"twitter:card\" content=\"summary_large_image\" \/>\n<meta name=\"twitter:site\" content=\"@AcuarioSupremus\" \/>\n<meta name=\"twitter:label1\" content=\"Tiempo de lectura\" \/>\n\t<meta name=\"twitter:data1\" content=\"1 minuto\" \/>\n<script type=\"application\/ld+json\" class=\"yoast-schema-graph\">{\"@context\":\"https:\\\/\\\/schema.org\",\"@graph\":[{\"@type\":\"WebPage\",\"@id\":\"https:\\\/\\\/acuariosupremus.com\\\/?product=pellet-de-crecimiento-y-color-apex-goldfish-1-kg\",\"url\":\"https:\\\/\\\/acuariosupremus.com\\\/?product=pellet-de-crecimiento-y-color-apex-goldfish-1-kg\",\"name\":\"Pellet de crecimiento y color Apex Goldfish 1 Kg. | Acuario Supremus\",\"isPartOf\":{\"@id\":\"https:\\\/\\\/acuariosupremus.com\\\/#website\"},\"primaryImageOfPage\":{\"@id\":\"https:\\\/\\\/acuariosupremus.com\\\/?product=pellet-de-crecimiento-y-color-apex-goldfish-1-kg#primaryimage\"},\"image\":{\"@id\":\"https:\\\/\\\/acuariosupremus.com\\\/?product=pellet-de-crecimiento-y-color-apex-goldfish-1-kg#primaryimage\"},\"thumbnailUrl\":\"https:\\\/\\\/acuariosupremus.com\\\/wp-content\\\/uploads\\\/2025\\\/10\\\/Apex_color_04.jpg\",\"datePublished\":\"2025-10-23T00:57:34+00:00\",\"dateModified\":\"2025-12-24T22:54:59+00:00\",\"description\":\"Ultra Fresh Pellet de crecimiento y color Apex para Goldfish de 1 Kg. es un alimento premium dise\u00f1ado para peces Goldfish de gama Alta.\",\"breadcrumb\":{\"@id\":\"https:\\\/\\\/acuariosupremus.com\\\/?product=pellet-de-crecimiento-y-color-apex-goldfish-1-kg#breadcrumb\"},\"inLanguage\":\"es\",\"potentialAction\":[{\"@type\":\"ReadAction\",\"target\":[\"https:\\\/\\\/acuariosupremus.com\\\/?product=pellet-de-crecimiento-y-color-apex-goldfish-1-kg\"]}]},{\"@type\":\"ImageObject\",\"inLanguage\":\"es\",\"@id\":\"https:\\\/\\\/acuariosupremus.com\\\/?product=pellet-de-crecimiento-y-color-apex-goldfish-1-kg#primaryimage\",\"url\":\"https:\\\/\\\/acuariosupremus.com\\\/wp-content\\\/uploads\\\/2025\\\/10\\\/Apex_color_04.jpg\",\"contentUrl\":\"https:\\\/\\\/acuariosupremus.com\\\/wp-content\\\/uploads\\\/2025\\\/10\\\/Apex_color_04.jpg\",\"width\":1000,\"height\":1000},{\"@type\":\"BreadcrumbList\",\"@id\":\"https:\\\/\\\/acuariosupremus.com\\\/?product=pellet-de-crecimiento-y-color-apex-goldfish-1-kg#breadcrumb\",\"itemListElement\":[{\"@type\":\"ListItem\",\"position\":1,\"name\":\"Portada\",\"item\":\"https:\\\/\\\/acuariosupremus.com\\\/\"},{\"@type\":\"ListItem\",\"position\":2,\"name\":\"Tienda\",\"item\":\"https:\\\/\\\/acuariosupremus.com\\\/tienda\\\/\"},{\"@type\":\"ListItem\",\"position\":3,\"name\":\"Pellet de crecimiento y color Apex Goldfish 1 Kg.\"}]},{\"@type\":\"WebSite\",\"@id\":\"https:\\\/\\\/acuariosupremus.com\\\/#website\",\"url\":\"https:\\\/\\\/acuariosupremus.com\\\/\",\"name\":\"Acuario Supremus\",\"description\":\"Peces, Peceras y Mascotas.\",\"publisher\":{\"@id\":\"https:\\\/\\\/acuariosupremus.com\\\/#organization\"},\"potentialAction\":[{\"@type\":\"SearchAction\",\"target\":{\"@type\":\"EntryPoint\",\"urlTemplate\":\"https:\\\/\\\/acuariosupremus.com\\\/?s={search_term_string}\"},\"query-input\":{\"@type\":\"PropertyValueSpecification\",\"valueRequired\":true,\"valueName\":\"search_term_string\"}}],\"inLanguage\":\"es\"},{\"@type\":\"Organization\",\"@id\":\"https:\\\/\\\/acuariosupremus.com\\\/#organization\",\"name\":\"Acuario Supremus\",\"url\":\"https:\\\/\\\/acuariosupremus.com\\\/\",\"logo\":{\"@type\":\"ImageObject\",\"inLanguage\":\"es\",\"@id\":\"https:\\\/\\\/acuariosupremus.com\\\/#\\\/schema\\\/logo\\\/image\\\/\",\"url\":\"https:\\\/\\\/acuariosupremus.com\\\/wp-content\\\/uploads\\\/2021\\\/12\\\/cropped-logo_acuario_supremus_fn-2.png\",\"contentUrl\":\"https:\\\/\\\/acuariosupremus.com\\\/wp-content\\\/uploads\\\/2021\\\/12\\\/cropped-logo_acuario_supremus_fn-2.png\",\"width\":1000,\"height\":318,\"caption\":\"Acuario Supremus\"},\"image\":{\"@id\":\"https:\\\/\\\/acuariosupremus.com\\\/#\\\/schema\\\/logo\\\/image\\\/\"},\"sameAs\":[\"https:\\\/\\\/www.facebook.com\\\/AcuarioSupremus\",\"https:\\\/\\\/x.com\\\/AcuarioSupremus\",\"https:\\\/\\\/www.instagram.com\\\/acuariosupremus\\\/?hl=es\"]}]}<\/script>\n<!-- \/ Yoast SEO plugin. -->","yoast_head_json":{"title":"Pellet de crecimiento y color Apex Goldfish 1 Kg. | Acuario Supremus","description":"Ultra Fresh Pellet de crecimiento y color Apex para Goldfish de 1 Kg. es un alimento premium dise\u00f1ado para peces Goldfish de gama Alta.","robots":{"index":"index","follow":"follow","max-snippet":"max-snippet:-1","max-image-preview":"max-image-preview:large","max-video-preview":"max-video-preview:-1"},"canonical":"https:\/\/acuariosupremus.com\/?product=pellet-de-crecimiento-y-color-apex-goldfish-1-kg","og_locale":"es_MX","og_type":"article","og_title":"Pellet de crecimiento y color Apex Goldfish 1 Kg. | Acuario Supremus","og_description":"Ultra Fresh Pellet de crecimiento y color Apex para Goldfish de 1 Kg. es un alimento premium dise\u00f1ado para peces Goldfish de gama Alta.","og_url":"https:\/\/acuariosupremus.com\/?product=pellet-de-crecimiento-y-color-apex-goldfish-1-kg","og_site_name":"Acuario Supremus","article_publisher":"https:\/\/www.facebook.com\/AcuarioSupremus","article_modified_time":"2025-12-24T22:54:59+00:00","og_image":[{"width":1000,"height":1000,"url":"https:\/\/acuariosupremus.com\/wp-content\/uploads\/2025\/10\/Apex_color_04.jpg","type":"image\/jpeg"}],"twitter_card":"summary_large_image","twitter_site":"@AcuarioSupremus","twitter_misc":{"Tiempo de lectura":"1 minuto"},"schema":{"@context":"https:\/\/schema.org","@graph":[{"@type":"WebPage","@id":"https:\/\/acuariosupremus.com\/?product=pellet-de-crecimiento-y-color-apex-goldfish-1-kg","url":"https:\/\/acuariosupremus.com\/?product=pellet-de-crecimiento-y-color-apex-goldfish-1-kg","name":"Pellet de crecimiento y color Apex Goldfish 1 Kg. | Acuario Supremus","isPartOf":{"@id":"https:\/\/acuariosupremus.com\/#website"},"primaryImageOfPage":{"@id":"https:\/\/acuariosupremus.com\/?product=pellet-de-crecimiento-y-color-apex-goldfish-1-kg#primaryimage"},"image":{"@id":"https:\/\/acuariosupremus.com\/?product=pellet-de-crecimiento-y-color-apex-goldfish-1-kg#primaryimage"},"thumbnailUrl":"https:\/\/acuariosupremus.com\/wp-content\/uploads\/2025\/10\/Apex_color_04.jpg","datePublished":"2025-10-23T00:57:34+00:00","dateModified":"2025-12-24T22:54:59+00:00","description":"Ultra Fresh Pellet de crecimiento y color Apex para Goldfish de 1 Kg. es un alimento premium dise\u00f1ado para peces Goldfish de gama Alta.","breadcrumb":{"@id":"https:\/\/acuariosupremus.com\/?product=pellet-de-crecimiento-y-color-apex-goldfish-1-kg#breadcrumb"},"inLanguage":"es","potentialAction":[{"@type":"ReadAction","target":["https:\/\/acuariosupremus.com\/?product=pellet-de-crecimiento-y-color-apex-goldfish-1-kg"]}]},{"@type":"ImageObject","inLanguage":"es","@id":"https:\/\/acuariosupremus.com\/?product=pellet-de-crecimiento-y-color-apex-goldfish-1-kg#primaryimage","url":"https:\/\/acuariosupremus.com\/wp-content\/uploads\/2025\/10\/Apex_color_04.jpg","contentUrl":"https:\/\/acuariosupremus.com\/wp-content\/uploads\/2025\/10\/Apex_color_04.jpg","width":1000,"height":1000},{"@type":"BreadcrumbList","@id":"https:\/\/acuariosupremus.com\/?product=pellet-de-crecimiento-y-color-apex-goldfish-1-kg#breadcrumb","itemListElement":[{"@type":"ListItem","position":1,"name":"Portada","item":"https:\/\/acuariosupremus.com\/"},{"@type":"ListItem","position":2,"name":"Tienda","item":"https:\/\/acuariosupremus.com\/tienda\/"},{"@type":"ListItem","position":3,"name":"Pellet de crecimiento y color Apex Goldfish 1 Kg."}]},{"@type":"WebSite","@id":"https:\/\/acuariosupremus.com\/#website","url":"https:\/\/acuariosupremus.com\/","name":"Acuario Supremus","description":"Peces, Peceras y Mascotas.","publisher":{"@id":"https:\/\/acuariosupremus.com\/#organization"},"potentialAction":[{"@type":"SearchAction","target":{"@type":"EntryPoint","urlTemplate":"https:\/\/acuariosupremus.com\/?s={search_term_string}"},"query-input":{"@type":"PropertyValueSpecification","valueRequired":true,"valueName":"search_term_string"}}],"inLanguage":"es"},{"@type":"Organization","@id":"https:\/\/acuariosupremus.com\/#organization","name":"Acuario Supremus","url":"https:\/\/acuariosupremus.com\/","logo":{"@type":"ImageObject","inLanguage":"es","@id":"https:\/\/acuariosupremus.com\/#\/schema\/logo\/image\/","url":"https:\/\/acuariosupremus.com\/wp-content\/uploads\/2021\/12\/cropped-logo_acuario_supremus_fn-2.png","contentUrl":"https:\/\/acuariosupremus.com\/wp-content\/uploads\/2021\/12\/cropped-logo_acuario_supremus_fn-2.png","width":1000,"height":318,"caption":"Acuario Supremus"},"image":{"@id":"https:\/\/acuariosupremus.com\/#\/schema\/logo\/image\/"},"sameAs":["https:\/\/www.facebook.com\/AcuarioSupremus","https:\/\/x.com\/AcuarioSupremus","https:\/\/www.instagram.com\/acuariosupremus\/?hl=es"]}]}},"jetpack_sharing_enabled":true,"_links":{"self":[{"href":"https:\/\/acuariosupremus.com\/index.php?rest_route=\/wp\/v2\/product\/15400","targetHints":{"allow":["GET"]}}],"collection":[{"href":"https:\/\/acuariosupremus.com\/index.php?rest_route=\/wp\/v2\/product"}],"about":[{"href":"https:\/\/acuariosupremus.com\/index.php?rest_route=\/wp\/v2\/types\/product"}],"wp:featuredmedia":[{"embeddable":true,"href":"https:\/\/acuariosupremus.com\/index.php?rest_route=\/wp\/v2\/media\/15401"}],"wp:attachment":[{"href":"https:\/\/acuariosupremus.com\/index.php?rest_route=%2Fwp%2Fv2%2Fmedia&parent=15400"}],"wp:term":[{"taxonomy":"product_brand","embeddable":true,"href":"https:\/\/acuariosupremus.com\/index.php?rest_route=%2Fwp%2Fv2%2Fproduct_brand&post=15400"},{"taxonomy":"product_cat","embeddable":true,"href":"https:\/\/acuariosupremus.com\/index.php?rest_route=%2Fwp%2Fv2%2Fproduct_cat&post=15400"},{"taxonomy":"product_tag","embeddable":true,"href":"https:\/\/acuariosupremus.com\/index.php?rest_route=%2Fwp%2Fv2%2Fproduct_tag&post=15400"}],"curies":[{"name":"wp","href":"https:\/\/api.w.org\/{rel}","templated":true}]}}