{"id":15410,"date":"2025-10-31T15:14:57","date_gmt":"2025-10-31T21:14:57","guid":{"rendered":"https:\/\/acuariosupremus.com\/?post_type=product&#038;p=15410"},"modified":"2025-10-31T15:19:08","modified_gmt":"2025-10-31T21:19:08","slug":"valvula-y-con-control-de-flujo-gde","status":"publish","type":"product","link":"https:\/\/acuariosupremus.com\/?product=valvula-y-con-control-de-flujo-gde","title":{"rendered":"V\u00e1lvula Y con control de flujo Gde."},"content":{"rendered":"<table class=\"NormalTable\">\n<tbody>\n<tr>\n<td style=\"border-style: none;\" width=\"200\"><span class=\"fontstyle0\">Modelo: <\/span><\/td>\n<td style=\"border-style: none;\" width=\"200\"><span class=\"fontstyle0\">Conexi\u00f3n entrada\/salida para manguera (mm)<\/span><\/td>\n<td style=\"border-style: none;\" width=\"200\"><span class=\"fontstyle0\">Conexi\u00f3n \u201cbypass\u201d de salda para manguera (mm)<\/span><\/td>\n<td style=\"border-style: none;\" width=\"200\"><span class=\"fontstyle0\">Peso:(grs)<\/span><\/td>\n<td style=\"border-style: none;\" width=\"200\"><span class=\"fontstyle0\">Dimensiones:(\u00d8 x a, mm)<\/span><\/td>\n<td style=\"border-style: none;\" width=\"200\"><span class=\"fontstyle0\">Peso c. embalaje:(grs)<\/span><\/td>\n<td style=\"border-style: none;\" width=\"200\"><span class=\"fontstyle0\">Dimensiones con embalaje:(l x a x h, mm)<\/span><\/td>\n<\/tr>\n<tr>\n<td style=\"border-style: none;\" width=\"200\"><span class=\"fontstyle0\">BLFGG<\/span><\/td>\n<td style=\"border-style: none;\" width=\"200\"><span class=\"fontstyle2\">16 \/ 22<\/span><\/td>\n<td style=\"border-style: none;\" width=\"200\"><span class=\"fontstyle2\">4 \/ 6 <\/span><\/td>\n<td style=\"border-style: none;\" width=\"200\"><span class=\"fontstyle2\">45 <\/span><\/td>\n<td style=\"border-style: none;\" width=\"200\"><span class=\"fontstyle2\">50 x 50 x 115<\/span><\/td>\n<td style=\"border-style: none;\" width=\"200\"><span class=\"fontstyle2\">65 <\/span><\/td>\n<td style=\"border-style: none;\" width=\"200\"><span class=\"fontstyle2\">185 x 95 x 45<\/span><\/td>\n<\/tr>\n<\/tbody>\n<\/table>\n<p>&nbsp;<\/p>\n","protected":false},"excerpt":{"rendered":"<p><span class=\"fontstyle0\">V\u00e1lvula de derivaci\u00f3n tipo \u201cBypass\u201d para suministrar flujo de agua a una gran variedad de equipamientos que requieren un peque\u00f1o caudal para su funcionamiento, como reactores, maternidades y acuarios de aislamiento. Est\u00e1 dise\u00f1ada para ser conectada en l\u00ednea con mangueras flexibles a una bomba de agua o un filtro. Puede trabajar en cualquier posici\u00f3n, tanto horizontal como verticalmente, y soportar las presiones de salida de cualquier bomba para acuariofilia.<\/span><\/p>\n<p><span class=\"fontstyle0\">Esta v\u00e1lvula de dos v\u00edas cuenta con dos modelos, proporcionando una entrada y una salida para manguera de 12\/16 \u00f3 16\/22 mm seg\u00fan la versi\u00f3n, proporcionando adicionalmente una salida tangencial para mangueras de 4\/6 mm de di\u00e1metro con una v\u00e1lvula de regulaci\u00f3n que ofrece una gran precisi\u00f3n. Este producto est\u00e1 elaborado con pl\u00e1stico ABS de gran calidad para garantizar una gran robustez, confiabilidad y un largo per\u00edodo de uso. Ambos modelos est\u00e1n libres de oxidaci\u00f3n al carecer de partes met\u00e1licas, siendo perfectamente compatibles con acuarios de agua salada.<\/span><\/p>\n","protected":false},"featured_media":15404,"template":"","meta":[],"product_brand":[128],"product_cat":[40,66],"product_tag":[1001],"class_list":{"0":"post-15410","1":"product","2":"type-product","3":"status-publish","4":"has-post-thumbnail","6":"product_brand-ideasmarinas","7":"product_cat-peces","8":"product_cat-varios","9":"product_tag-valvula-y-control-de-flujo","11":"first","12":"instock","13":"sale","14":"shipping-taxable","15":"purchasable","16":"product-type-simple"},"yoast_head":"<!-- This site is optimized with the Yoast SEO plugin v27.4 - https:\/\/yoast.com\/product\/yoast-seo-wordpress\/ -->\n<title>V\u00e1lvula Y con control de flujo Gde. | Acuario Supremus<\/title>\n<meta name=\"description\" content=\"V\u00e1lvula de derivaci\u00f3n GDE \u201cBypass\u201d para suministrar flujo de agua en gran variedad de equipamientos que requieren un peque\u00f1o caudal para su funcionamiento.\" \/>\n<meta name=\"robots\" content=\"index, follow, max-snippet:-1, max-image-preview:large, max-video-preview:-1\" \/>\n<link rel=\"canonical\" href=\"https:\/\/acuariosupremus.com\/?product=valvula-y-con-control-de-flujo-gde\" \/>\n<meta property=\"og:locale\" content=\"es_MX\" \/>\n<meta property=\"og:type\" content=\"article\" \/>\n<meta property=\"og:title\" content=\"V\u00e1lvula Y con control de flujo Gde. | Acuario Supremus\" \/>\n<meta property=\"og:description\" content=\"V\u00e1lvula de derivaci\u00f3n GDE \u201cBypass\u201d para suministrar flujo de agua en gran variedad de equipamientos que requieren un peque\u00f1o caudal para su funcionamiento.\" \/>\n<meta property=\"og:url\" content=\"https:\/\/acuariosupremus.com\/?product=valvula-y-con-control-de-flujo-gde\" \/>\n<meta property=\"og:site_name\" content=\"Acuario Supremus\" \/>\n<meta property=\"article:publisher\" content=\"https:\/\/www.facebook.com\/AcuarioSupremus\" \/>\n<meta property=\"article:modified_time\" content=\"2025-10-31T21:19:08+00:00\" \/>\n<meta property=\"og:image\" content=\"https:\/\/acuariosupremus.com\/wp-content\/uploads\/2025\/10\/valvula_y_ideas_marinas_02.jpg\" \/>\n\t<meta property=\"og:image:width\" content=\"1250\" \/>\n\t<meta property=\"og:image:height\" content=\"1250\" \/>\n\t<meta property=\"og:image:type\" content=\"image\/jpeg\" \/>\n<meta name=\"twitter:card\" content=\"summary_large_image\" \/>\n<meta name=\"twitter:site\" content=\"@AcuarioSupremus\" \/>\n<meta name=\"twitter:label1\" content=\"Tiempo de lectura\" \/>\n\t<meta name=\"twitter:data1\" content=\"1 minuto\" \/>\n<script type=\"application\/ld+json\" class=\"yoast-schema-graph\">{\"@context\":\"https:\\\/\\\/schema.org\",\"@graph\":[{\"@type\":\"WebPage\",\"@id\":\"https:\\\/\\\/acuariosupremus.com\\\/?product=valvula-y-con-control-de-flujo-gde\",\"url\":\"https:\\\/\\\/acuariosupremus.com\\\/?product=valvula-y-con-control-de-flujo-gde\",\"name\":\"V\u00e1lvula Y con control de flujo Gde. | Acuario Supremus\",\"isPartOf\":{\"@id\":\"https:\\\/\\\/acuariosupremus.com\\\/#website\"},\"primaryImageOfPage\":{\"@id\":\"https:\\\/\\\/acuariosupremus.com\\\/?product=valvula-y-con-control-de-flujo-gde#primaryimage\"},\"image\":{\"@id\":\"https:\\\/\\\/acuariosupremus.com\\\/?product=valvula-y-con-control-de-flujo-gde#primaryimage\"},\"thumbnailUrl\":\"https:\\\/\\\/acuariosupremus.com\\\/wp-content\\\/uploads\\\/2025\\\/10\\\/valvula_y_ideas_marinas_02.jpg\",\"datePublished\":\"2025-10-31T21:14:57+00:00\",\"dateModified\":\"2025-10-31T21:19:08+00:00\",\"description\":\"V\u00e1lvula de derivaci\u00f3n GDE \u201cBypass\u201d para suministrar flujo de agua en gran variedad de equipamientos que requieren un peque\u00f1o caudal para su funcionamiento.\",\"breadcrumb\":{\"@id\":\"https:\\\/\\\/acuariosupremus.com\\\/?product=valvula-y-con-control-de-flujo-gde#breadcrumb\"},\"inLanguage\":\"es\",\"potentialAction\":[{\"@type\":\"ReadAction\",\"target\":[\"https:\\\/\\\/acuariosupremus.com\\\/?product=valvula-y-con-control-de-flujo-gde\"]}]},{\"@type\":\"ImageObject\",\"inLanguage\":\"es\",\"@id\":\"https:\\\/\\\/acuariosupremus.com\\\/?product=valvula-y-con-control-de-flujo-gde#primaryimage\",\"url\":\"https:\\\/\\\/acuariosupremus.com\\\/wp-content\\\/uploads\\\/2025\\\/10\\\/valvula_y_ideas_marinas_02.jpg\",\"contentUrl\":\"https:\\\/\\\/acuariosupremus.com\\\/wp-content\\\/uploads\\\/2025\\\/10\\\/valvula_y_ideas_marinas_02.jpg\",\"width\":1250,\"height\":1250},{\"@type\":\"BreadcrumbList\",\"@id\":\"https:\\\/\\\/acuariosupremus.com\\\/?product=valvula-y-con-control-de-flujo-gde#breadcrumb\",\"itemListElement\":[{\"@type\":\"ListItem\",\"position\":1,\"name\":\"Portada\",\"item\":\"https:\\\/\\\/acuariosupremus.com\\\/\"},{\"@type\":\"ListItem\",\"position\":2,\"name\":\"Tienda\",\"item\":\"https:\\\/\\\/acuariosupremus.com\\\/tienda\\\/\"},{\"@type\":\"ListItem\",\"position\":3,\"name\":\"V\u00e1lvula Y con control de flujo Gde.\"}]},{\"@type\":\"WebSite\",\"@id\":\"https:\\\/\\\/acuariosupremus.com\\\/#website\",\"url\":\"https:\\\/\\\/acuariosupremus.com\\\/\",\"name\":\"Acuario Supremus\",\"description\":\"Peces, Peceras y Mascotas.\",\"publisher\":{\"@id\":\"https:\\\/\\\/acuariosupremus.com\\\/#organization\"},\"potentialAction\":[{\"@type\":\"SearchAction\",\"target\":{\"@type\":\"EntryPoint\",\"urlTemplate\":\"https:\\\/\\\/acuariosupremus.com\\\/?s={search_term_string}\"},\"query-input\":{\"@type\":\"PropertyValueSpecification\",\"valueRequired\":true,\"valueName\":\"search_term_string\"}}],\"inLanguage\":\"es\"},{\"@type\":\"Organization\",\"@id\":\"https:\\\/\\\/acuariosupremus.com\\\/#organization\",\"name\":\"Acuario Supremus\",\"url\":\"https:\\\/\\\/acuariosupremus.com\\\/\",\"logo\":{\"@type\":\"ImageObject\",\"inLanguage\":\"es\",\"@id\":\"https:\\\/\\\/acuariosupremus.com\\\/#\\\/schema\\\/logo\\\/image\\\/\",\"url\":\"https:\\\/\\\/acuariosupremus.com\\\/wp-content\\\/uploads\\\/2021\\\/12\\\/cropped-logo_acuario_supremus_fn-2.png\",\"contentUrl\":\"https:\\\/\\\/acuariosupremus.com\\\/wp-content\\\/uploads\\\/2021\\\/12\\\/cropped-logo_acuario_supremus_fn-2.png\",\"width\":1000,\"height\":318,\"caption\":\"Acuario Supremus\"},\"image\":{\"@id\":\"https:\\\/\\\/acuariosupremus.com\\\/#\\\/schema\\\/logo\\\/image\\\/\"},\"sameAs\":[\"https:\\\/\\\/www.facebook.com\\\/AcuarioSupremus\",\"https:\\\/\\\/x.com\\\/AcuarioSupremus\",\"https:\\\/\\\/www.instagram.com\\\/acuariosupremus\\\/?hl=es\"]}]}<\/script>\n<!-- \/ Yoast SEO plugin. -->","yoast_head_json":{"title":"V\u00e1lvula Y con control de flujo Gde. | Acuario Supremus","description":"V\u00e1lvula de derivaci\u00f3n GDE \u201cBypass\u201d para suministrar flujo de agua en gran variedad de equipamientos que requieren un peque\u00f1o caudal para su funcionamiento.","robots":{"index":"index","follow":"follow","max-snippet":"max-snippet:-1","max-image-preview":"max-image-preview:large","max-video-preview":"max-video-preview:-1"},"canonical":"https:\/\/acuariosupremus.com\/?product=valvula-y-con-control-de-flujo-gde","og_locale":"es_MX","og_type":"article","og_title":"V\u00e1lvula Y con control de flujo Gde. | Acuario Supremus","og_description":"V\u00e1lvula de derivaci\u00f3n GDE \u201cBypass\u201d para suministrar flujo de agua en gran variedad de equipamientos que requieren un peque\u00f1o caudal para su funcionamiento.","og_url":"https:\/\/acuariosupremus.com\/?product=valvula-y-con-control-de-flujo-gde","og_site_name":"Acuario Supremus","article_publisher":"https:\/\/www.facebook.com\/AcuarioSupremus","article_modified_time":"2025-10-31T21:19:08+00:00","og_image":[{"width":1250,"height":1250,"url":"https:\/\/acuariosupremus.com\/wp-content\/uploads\/2025\/10\/valvula_y_ideas_marinas_02.jpg","type":"image\/jpeg"}],"twitter_card":"summary_large_image","twitter_site":"@AcuarioSupremus","twitter_misc":{"Tiempo de lectura":"1 minuto"},"schema":{"@context":"https:\/\/schema.org","@graph":[{"@type":"WebPage","@id":"https:\/\/acuariosupremus.com\/?product=valvula-y-con-control-de-flujo-gde","url":"https:\/\/acuariosupremus.com\/?product=valvula-y-con-control-de-flujo-gde","name":"V\u00e1lvula Y con control de flujo Gde. | Acuario Supremus","isPartOf":{"@id":"https:\/\/acuariosupremus.com\/#website"},"primaryImageOfPage":{"@id":"https:\/\/acuariosupremus.com\/?product=valvula-y-con-control-de-flujo-gde#primaryimage"},"image":{"@id":"https:\/\/acuariosupremus.com\/?product=valvula-y-con-control-de-flujo-gde#primaryimage"},"thumbnailUrl":"https:\/\/acuariosupremus.com\/wp-content\/uploads\/2025\/10\/valvula_y_ideas_marinas_02.jpg","datePublished":"2025-10-31T21:14:57+00:00","dateModified":"2025-10-31T21:19:08+00:00","description":"V\u00e1lvula de derivaci\u00f3n GDE \u201cBypass\u201d para suministrar flujo de agua en gran variedad de equipamientos que requieren un peque\u00f1o caudal para su funcionamiento.","breadcrumb":{"@id":"https:\/\/acuariosupremus.com\/?product=valvula-y-con-control-de-flujo-gde#breadcrumb"},"inLanguage":"es","potentialAction":[{"@type":"ReadAction","target":["https:\/\/acuariosupremus.com\/?product=valvula-y-con-control-de-flujo-gde"]}]},{"@type":"ImageObject","inLanguage":"es","@id":"https:\/\/acuariosupremus.com\/?product=valvula-y-con-control-de-flujo-gde#primaryimage","url":"https:\/\/acuariosupremus.com\/wp-content\/uploads\/2025\/10\/valvula_y_ideas_marinas_02.jpg","contentUrl":"https:\/\/acuariosupremus.com\/wp-content\/uploads\/2025\/10\/valvula_y_ideas_marinas_02.jpg","width":1250,"height":1250},{"@type":"BreadcrumbList","@id":"https:\/\/acuariosupremus.com\/?product=valvula-y-con-control-de-flujo-gde#breadcrumb","itemListElement":[{"@type":"ListItem","position":1,"name":"Portada","item":"https:\/\/acuariosupremus.com\/"},{"@type":"ListItem","position":2,"name":"Tienda","item":"https:\/\/acuariosupremus.com\/tienda\/"},{"@type":"ListItem","position":3,"name":"V\u00e1lvula Y con control de flujo Gde."}]},{"@type":"WebSite","@id":"https:\/\/acuariosupremus.com\/#website","url":"https:\/\/acuariosupremus.com\/","name":"Acuario Supremus","description":"Peces, Peceras y Mascotas.","publisher":{"@id":"https:\/\/acuariosupremus.com\/#organization"},"potentialAction":[{"@type":"SearchAction","target":{"@type":"EntryPoint","urlTemplate":"https:\/\/acuariosupremus.com\/?s={search_term_string}"},"query-input":{"@type":"PropertyValueSpecification","valueRequired":true,"valueName":"search_term_string"}}],"inLanguage":"es"},{"@type":"Organization","@id":"https:\/\/acuariosupremus.com\/#organization","name":"Acuario Supremus","url":"https:\/\/acuariosupremus.com\/","logo":{"@type":"ImageObject","inLanguage":"es","@id":"https:\/\/acuariosupremus.com\/#\/schema\/logo\/image\/","url":"https:\/\/acuariosupremus.com\/wp-content\/uploads\/2021\/12\/cropped-logo_acuario_supremus_fn-2.png","contentUrl":"https:\/\/acuariosupremus.com\/wp-content\/uploads\/2021\/12\/cropped-logo_acuario_supremus_fn-2.png","width":1000,"height":318,"caption":"Acuario Supremus"},"image":{"@id":"https:\/\/acuariosupremus.com\/#\/schema\/logo\/image\/"},"sameAs":["https:\/\/www.facebook.com\/AcuarioSupremus","https:\/\/x.com\/AcuarioSupremus","https:\/\/www.instagram.com\/acuariosupremus\/?hl=es"]}]}},"jetpack_sharing_enabled":true,"_links":{"self":[{"href":"https:\/\/acuariosupremus.com\/index.php?rest_route=\/wp\/v2\/product\/15410","targetHints":{"allow":["GET"]}}],"collection":[{"href":"https:\/\/acuariosupremus.com\/index.php?rest_route=\/wp\/v2\/product"}],"about":[{"href":"https:\/\/acuariosupremus.com\/index.php?rest_route=\/wp\/v2\/types\/product"}],"wp:featuredmedia":[{"embeddable":true,"href":"https:\/\/acuariosupremus.com\/index.php?rest_route=\/wp\/v2\/media\/15404"}],"wp:attachment":[{"href":"https:\/\/acuariosupremus.com\/index.php?rest_route=%2Fwp%2Fv2%2Fmedia&parent=15410"}],"wp:term":[{"taxonomy":"product_brand","embeddable":true,"href":"https:\/\/acuariosupremus.com\/index.php?rest_route=%2Fwp%2Fv2%2Fproduct_brand&post=15410"},{"taxonomy":"product_cat","embeddable":true,"href":"https:\/\/acuariosupremus.com\/index.php?rest_route=%2Fwp%2Fv2%2Fproduct_cat&post=15410"},{"taxonomy":"product_tag","embeddable":true,"href":"https:\/\/acuariosupremus.com\/index.php?rest_route=%2Fwp%2Fv2%2Fproduct_tag&post=15410"}],"curies":[{"name":"wp","href":"https:\/\/api.w.org\/{rel}","templated":true}]}}