{"id":15431,"date":"2025-11-01T15:13:47","date_gmt":"2025-11-01T21:13:47","guid":{"rendered":"https:\/\/acuariosupremus.com\/?post_type=product&#038;p=15431"},"modified":"2025-12-24T17:58:00","modified_gmt":"2025-12-24T23:58:00","slug":"bomba-de-aire-con-funcion-no-break-boyu-nb-200","status":"publish","type":"product","link":"https:\/\/acuariosupremus.com\/?product=bomba-de-aire-con-funcion-no-break-boyu-nb-200","title":{"rendered":"Bomba de aire con funci\u00f3n NO BREAK BOYU NB-200"},"content":{"rendered":"<p><strong>FUNCIONES DESTACADAS:<\/strong><\/p>\n<ul>\n<li>Sistema NO BREAK: cambia autom\u00e1ticamente a modo bater\u00eda cuando hay un corte el\u00e9ctrico.<\/li>\n<li>Motor de corriente directa de alta calidad, libre de lubricantes.<\/li>\n<li>Funcionamiento silencioso y de bajo consumo.<\/li>\n<li>Alimentaci\u00f3n dual: mediante cable USB (incluido) o 2 bater\u00edas tipo D (no incluidas).<\/li>\n<li>Gran rendimiento con dise\u00f1o compacto y port\u00e1til.<\/li>\n<li>Incluye manguera de aire y piedra difusora.<\/li>\n<\/ul>\n<p><strong>INSTALACI\u00d3N Y USO:<\/strong><\/p>\n<ol data-start=\"1768\" data-end=\"2043\">\n<li class=\"\" data-start=\"1768\" data-end=\"1830\">\n<p class=\"\" data-start=\"1771\" data-end=\"1830\">Coloque la bomba por encima del nivel del agua del acuario.<\/p>\n<\/li>\n<li class=\"\" data-start=\"1768\" data-end=\"1830\">\n<p class=\"\" data-start=\"1771\" data-end=\"1830\">Conecte la manguera de aire y coloque la piedra difusora dentro del acuario.<\/p>\n<\/li>\n<li class=\"\" data-start=\"1911\" data-end=\"1993\">\n<p class=\"\" data-start=\"1914\" data-end=\"1993\">Inserte dos bater\u00edas tipo D o conecte el cable USB a una fuente de 5\u202fV estable.<\/p>\n<\/li>\n<li class=\"\" data-start=\"1994\" data-end=\"2043\">\n<p class=\"\" data-start=\"1997\" data-end=\"2043\">Presione el interruptor para activar la bomba.<\/p>\n<\/li>\n<\/ol>\n<p class=\"\" data-start=\"2045\" data-end=\"2223\">En modo NO BREAK, la bomba suspende la salida de aire mientras est\u00e9 conectada a la corriente. Ante un corte,\u00a0<strong data-start=\"2154\" data-end=\"2181\">reanuda autom\u00e1ticamente<\/strong>\u00a0la aireaci\u00f3n con las bater\u00edas instaladas.<\/p>\n<p><strong>PRECAUCIONES DE SEGURIDAD:<\/strong><\/p>\n<ul>\n<li>Nunca sumerja la Bomba de aire a pilas NB- 200 en agua.<\/li>\n<li>No coloque objetos encima o pegados alrededor del aireador cuando est\u00e9 funcionando. Esto impedir\u00e1 una correcta refrigeraci\u00f3n y la emisi\u00f3n de aire fresco al acuario.<\/li>\n<li>No desenchufe ning\u00fan componente del acuario con las manos h\u00famedas.<\/li>\n<li>No bombee aire demasiado caliente (m\u00e1s de 40\u00b0C) o que contenga agentes inflamables, explosivos o corrosivos.<\/li>\n<li>Si cayera al agua accidentalmente dentro del acuario s\u00e1quela inmediatamente del agua. A continuaci\u00f3n, s\u00e9quela y p\u00f3ngala a disposici\u00f3n de su servicio t\u00e9cnico calificado.<\/li>\n<li>La Bomba de aire a pilas NB-200 no puede usarse por debajo de los 0\u00b0C.<\/li>\n<li>Nunca desmonte o trate de reparar la bomba. Solicite para ello los servicios de personal calificado. El cable el\u00e9ctrico no puede repararse. Si presenta desperfectos no trate de repararlo y desc\u00e1rtelo.<\/li>\n<li>Limite el acceso de esta bomba a ni\u00f1os, mascotas o personas con capacidad sensorial reducida para prevenir accidentes y da\u00f1os materiales.<\/li>\n<\/ul>\n<p>P\/V Neto: 205 g, <span class=\"fontstyle0\">Peso con <\/span><span class=\"fontstyle0\">embalaje<\/span>: 235 (g)<br \/>\nTama\u00f1o mm. <span class=\"fontstyle0\">145 x 78 x 45<\/span> (l x a x h),\u00a0 Con embalaje: <span class=\"fontstyle0\">157 x 78 x 58<\/span> (l x a x h), <span class=\"fontstyle0\">Para acuarios <\/span><span class=\"fontstyle0\">de hasta: 120 (L).<\/span><\/p>\n","protected":false},"excerpt":{"rendered":"<p><strong>El complemento ideal para resolver las emergencias de su acuario<\/strong><\/p>\n<p class=\"p1\">La Bomba de aire port\u00e1til NB-200 de BOYU est\u00e1 dise\u00f1ada para proteger a tus peces incluso durante cortes de energ\u00eda, gracias a su sistema NO BREAK que cambia autom\u00e1ticamente a modo bater\u00eda cuando se interrumpe la corriente.<\/p>\n<p>Funciona con cable USB o con dos bater\u00edas tipo \u201cD\u201d (<strong>no incluidas<\/strong>), ofreciendo una autonom\u00eda de hasta 6 horas y un funcionamiento silencioso y eficiente. Ideal para acuarios, traslados o actividades al aire libre, es el aliado confiable para asegurar la oxigenaci\u00f3n en todo momento.<\/p>\n<p>&nbsp;<\/p>\n","protected":false},"featured_media":15432,"template":"","meta":[],"product_brand":[122],"product_cat":[40,44],"product_tag":[578,181,182],"class_list":{"0":"post-15431","1":"product","2":"type-product","3":"status-publish","4":"has-post-thumbnail","6":"product_brand-boyu","7":"product_cat-peces","8":"product_cat-compresores-de-aire","9":"product_tag-compresor-automatico-emergencia","10":"product_tag-compresor-de-aire","11":"product_tag-compresor-de-pilas","13":"first","14":"instock","15":"sale","16":"shipping-taxable","17":"purchasable","18":"product-type-simple"},"yoast_head":"<!-- This site is optimized with the Yoast SEO plugin v27.4 - https:\/\/yoast.com\/product\/yoast-seo-wordpress\/ -->\n<title>Bomba de aire con funci\u00f3n NO BREAK BOYU NB-200 | Acuario Supremus<\/title>\n<meta name=\"description\" content=\"La Bomba de aire port\u00e1til NB-200 de BOYU est\u00e1 dise\u00f1ada para proteger a tus peces incluso durante cortes de energ\u00eda, gracias a su sistema NO BREAK.\" \/>\n<meta name=\"robots\" content=\"index, follow, max-snippet:-1, max-image-preview:large, max-video-preview:-1\" \/>\n<link rel=\"canonical\" href=\"https:\/\/acuariosupremus.com\/?product=bomba-de-aire-con-funcion-no-break-boyu-nb-200\" \/>\n<meta property=\"og:locale\" content=\"es_MX\" \/>\n<meta property=\"og:type\" content=\"article\" \/>\n<meta property=\"og:title\" content=\"Bomba de aire con funci\u00f3n NO BREAK BOYU NB-200 | Acuario Supremus\" \/>\n<meta property=\"og:description\" content=\"La Bomba de aire port\u00e1til NB-200 de BOYU est\u00e1 dise\u00f1ada para proteger a tus peces incluso durante cortes de energ\u00eda, gracias a su sistema NO BREAK.\" \/>\n<meta property=\"og:url\" content=\"https:\/\/acuariosupremus.com\/?product=bomba-de-aire-con-funcion-no-break-boyu-nb-200\" \/>\n<meta property=\"og:site_name\" content=\"Acuario Supremus\" \/>\n<meta property=\"article:publisher\" content=\"https:\/\/www.facebook.com\/AcuarioSupremus\" \/>\n<meta property=\"article:modified_time\" content=\"2025-12-24T23:58:00+00:00\" \/>\n<meta property=\"og:image\" content=\"https:\/\/acuariosupremus.com\/wp-content\/uploads\/2025\/11\/NB-200-02.jpg\" \/>\n\t<meta property=\"og:image:width\" content=\"1000\" \/>\n\t<meta property=\"og:image:height\" content=\"1000\" \/>\n\t<meta property=\"og:image:type\" content=\"image\/jpeg\" \/>\n<meta name=\"twitter:card\" content=\"summary_large_image\" \/>\n<meta name=\"twitter:site\" content=\"@AcuarioSupremus\" \/>\n<meta name=\"twitter:label1\" content=\"Tiempo de lectura\" \/>\n\t<meta name=\"twitter:data1\" content=\"2 minutos\" \/>\n<script type=\"application\/ld+json\" class=\"yoast-schema-graph\">{\"@context\":\"https:\\\/\\\/schema.org\",\"@graph\":[{\"@type\":\"WebPage\",\"@id\":\"https:\\\/\\\/acuariosupremus.com\\\/?product=bomba-de-aire-con-funcion-no-break-boyu-nb-200\",\"url\":\"https:\\\/\\\/acuariosupremus.com\\\/?product=bomba-de-aire-con-funcion-no-break-boyu-nb-200\",\"name\":\"Bomba de aire con funci\u00f3n NO BREAK BOYU NB-200 | Acuario Supremus\",\"isPartOf\":{\"@id\":\"https:\\\/\\\/acuariosupremus.com\\\/#website\"},\"primaryImageOfPage\":{\"@id\":\"https:\\\/\\\/acuariosupremus.com\\\/?product=bomba-de-aire-con-funcion-no-break-boyu-nb-200#primaryimage\"},\"image\":{\"@id\":\"https:\\\/\\\/acuariosupremus.com\\\/?product=bomba-de-aire-con-funcion-no-break-boyu-nb-200#primaryimage\"},\"thumbnailUrl\":\"https:\\\/\\\/acuariosupremus.com\\\/wp-content\\\/uploads\\\/2025\\\/11\\\/NB-200-02.jpg\",\"datePublished\":\"2025-11-01T21:13:47+00:00\",\"dateModified\":\"2025-12-24T23:58:00+00:00\",\"description\":\"La Bomba de aire port\u00e1til NB-200 de BOYU est\u00e1 dise\u00f1ada para proteger a tus peces incluso durante cortes de energ\u00eda, gracias a su sistema NO BREAK.\",\"breadcrumb\":{\"@id\":\"https:\\\/\\\/acuariosupremus.com\\\/?product=bomba-de-aire-con-funcion-no-break-boyu-nb-200#breadcrumb\"},\"inLanguage\":\"es\",\"potentialAction\":[{\"@type\":\"ReadAction\",\"target\":[\"https:\\\/\\\/acuariosupremus.com\\\/?product=bomba-de-aire-con-funcion-no-break-boyu-nb-200\"]}]},{\"@type\":\"ImageObject\",\"inLanguage\":\"es\",\"@id\":\"https:\\\/\\\/acuariosupremus.com\\\/?product=bomba-de-aire-con-funcion-no-break-boyu-nb-200#primaryimage\",\"url\":\"https:\\\/\\\/acuariosupremus.com\\\/wp-content\\\/uploads\\\/2025\\\/11\\\/NB-200-02.jpg\",\"contentUrl\":\"https:\\\/\\\/acuariosupremus.com\\\/wp-content\\\/uploads\\\/2025\\\/11\\\/NB-200-02.jpg\",\"width\":1000,\"height\":1000},{\"@type\":\"BreadcrumbList\",\"@id\":\"https:\\\/\\\/acuariosupremus.com\\\/?product=bomba-de-aire-con-funcion-no-break-boyu-nb-200#breadcrumb\",\"itemListElement\":[{\"@type\":\"ListItem\",\"position\":1,\"name\":\"Portada\",\"item\":\"https:\\\/\\\/acuariosupremus.com\\\/\"},{\"@type\":\"ListItem\",\"position\":2,\"name\":\"Tienda\",\"item\":\"https:\\\/\\\/acuariosupremus.com\\\/tienda\\\/\"},{\"@type\":\"ListItem\",\"position\":3,\"name\":\"Bomba de aire con funci\u00f3n NO BREAK BOYU NB-200\"}]},{\"@type\":\"WebSite\",\"@id\":\"https:\\\/\\\/acuariosupremus.com\\\/#website\",\"url\":\"https:\\\/\\\/acuariosupremus.com\\\/\",\"name\":\"Acuario Supremus\",\"description\":\"Peces, Peceras y Mascotas.\",\"publisher\":{\"@id\":\"https:\\\/\\\/acuariosupremus.com\\\/#organization\"},\"potentialAction\":[{\"@type\":\"SearchAction\",\"target\":{\"@type\":\"EntryPoint\",\"urlTemplate\":\"https:\\\/\\\/acuariosupremus.com\\\/?s={search_term_string}\"},\"query-input\":{\"@type\":\"PropertyValueSpecification\",\"valueRequired\":true,\"valueName\":\"search_term_string\"}}],\"inLanguage\":\"es\"},{\"@type\":\"Organization\",\"@id\":\"https:\\\/\\\/acuariosupremus.com\\\/#organization\",\"name\":\"Acuario Supremus\",\"url\":\"https:\\\/\\\/acuariosupremus.com\\\/\",\"logo\":{\"@type\":\"ImageObject\",\"inLanguage\":\"es\",\"@id\":\"https:\\\/\\\/acuariosupremus.com\\\/#\\\/schema\\\/logo\\\/image\\\/\",\"url\":\"https:\\\/\\\/acuariosupremus.com\\\/wp-content\\\/uploads\\\/2021\\\/12\\\/cropped-logo_acuario_supremus_fn-2.png\",\"contentUrl\":\"https:\\\/\\\/acuariosupremus.com\\\/wp-content\\\/uploads\\\/2021\\\/12\\\/cropped-logo_acuario_supremus_fn-2.png\",\"width\":1000,\"height\":318,\"caption\":\"Acuario Supremus\"},\"image\":{\"@id\":\"https:\\\/\\\/acuariosupremus.com\\\/#\\\/schema\\\/logo\\\/image\\\/\"},\"sameAs\":[\"https:\\\/\\\/www.facebook.com\\\/AcuarioSupremus\",\"https:\\\/\\\/x.com\\\/AcuarioSupremus\",\"https:\\\/\\\/www.instagram.com\\\/acuariosupremus\\\/?hl=es\"]}]}<\/script>\n<!-- \/ Yoast SEO plugin. -->","yoast_head_json":{"title":"Bomba de aire con funci\u00f3n NO BREAK BOYU NB-200 | Acuario Supremus","description":"La Bomba de aire port\u00e1til NB-200 de BOYU est\u00e1 dise\u00f1ada para proteger a tus peces incluso durante cortes de energ\u00eda, gracias a su sistema NO BREAK.","robots":{"index":"index","follow":"follow","max-snippet":"max-snippet:-1","max-image-preview":"max-image-preview:large","max-video-preview":"max-video-preview:-1"},"canonical":"https:\/\/acuariosupremus.com\/?product=bomba-de-aire-con-funcion-no-break-boyu-nb-200","og_locale":"es_MX","og_type":"article","og_title":"Bomba de aire con funci\u00f3n NO BREAK BOYU NB-200 | Acuario Supremus","og_description":"La Bomba de aire port\u00e1til NB-200 de BOYU est\u00e1 dise\u00f1ada para proteger a tus peces incluso durante cortes de energ\u00eda, gracias a su sistema NO BREAK.","og_url":"https:\/\/acuariosupremus.com\/?product=bomba-de-aire-con-funcion-no-break-boyu-nb-200","og_site_name":"Acuario Supremus","article_publisher":"https:\/\/www.facebook.com\/AcuarioSupremus","article_modified_time":"2025-12-24T23:58:00+00:00","og_image":[{"width":1000,"height":1000,"url":"https:\/\/acuariosupremus.com\/wp-content\/uploads\/2025\/11\/NB-200-02.jpg","type":"image\/jpeg"}],"twitter_card":"summary_large_image","twitter_site":"@AcuarioSupremus","twitter_misc":{"Tiempo de lectura":"2 minutos"},"schema":{"@context":"https:\/\/schema.org","@graph":[{"@type":"WebPage","@id":"https:\/\/acuariosupremus.com\/?product=bomba-de-aire-con-funcion-no-break-boyu-nb-200","url":"https:\/\/acuariosupremus.com\/?product=bomba-de-aire-con-funcion-no-break-boyu-nb-200","name":"Bomba de aire con funci\u00f3n NO BREAK BOYU NB-200 | Acuario Supremus","isPartOf":{"@id":"https:\/\/acuariosupremus.com\/#website"},"primaryImageOfPage":{"@id":"https:\/\/acuariosupremus.com\/?product=bomba-de-aire-con-funcion-no-break-boyu-nb-200#primaryimage"},"image":{"@id":"https:\/\/acuariosupremus.com\/?product=bomba-de-aire-con-funcion-no-break-boyu-nb-200#primaryimage"},"thumbnailUrl":"https:\/\/acuariosupremus.com\/wp-content\/uploads\/2025\/11\/NB-200-02.jpg","datePublished":"2025-11-01T21:13:47+00:00","dateModified":"2025-12-24T23:58:00+00:00","description":"La Bomba de aire port\u00e1til NB-200 de BOYU est\u00e1 dise\u00f1ada para proteger a tus peces incluso durante cortes de energ\u00eda, gracias a su sistema NO BREAK.","breadcrumb":{"@id":"https:\/\/acuariosupremus.com\/?product=bomba-de-aire-con-funcion-no-break-boyu-nb-200#breadcrumb"},"inLanguage":"es","potentialAction":[{"@type":"ReadAction","target":["https:\/\/acuariosupremus.com\/?product=bomba-de-aire-con-funcion-no-break-boyu-nb-200"]}]},{"@type":"ImageObject","inLanguage":"es","@id":"https:\/\/acuariosupremus.com\/?product=bomba-de-aire-con-funcion-no-break-boyu-nb-200#primaryimage","url":"https:\/\/acuariosupremus.com\/wp-content\/uploads\/2025\/11\/NB-200-02.jpg","contentUrl":"https:\/\/acuariosupremus.com\/wp-content\/uploads\/2025\/11\/NB-200-02.jpg","width":1000,"height":1000},{"@type":"BreadcrumbList","@id":"https:\/\/acuariosupremus.com\/?product=bomba-de-aire-con-funcion-no-break-boyu-nb-200#breadcrumb","itemListElement":[{"@type":"ListItem","position":1,"name":"Portada","item":"https:\/\/acuariosupremus.com\/"},{"@type":"ListItem","position":2,"name":"Tienda","item":"https:\/\/acuariosupremus.com\/tienda\/"},{"@type":"ListItem","position":3,"name":"Bomba de aire con funci\u00f3n NO BREAK BOYU NB-200"}]},{"@type":"WebSite","@id":"https:\/\/acuariosupremus.com\/#website","url":"https:\/\/acuariosupremus.com\/","name":"Acuario Supremus","description":"Peces, Peceras y Mascotas.","publisher":{"@id":"https:\/\/acuariosupremus.com\/#organization"},"potentialAction":[{"@type":"SearchAction","target":{"@type":"EntryPoint","urlTemplate":"https:\/\/acuariosupremus.com\/?s={search_term_string}"},"query-input":{"@type":"PropertyValueSpecification","valueRequired":true,"valueName":"search_term_string"}}],"inLanguage":"es"},{"@type":"Organization","@id":"https:\/\/acuariosupremus.com\/#organization","name":"Acuario Supremus","url":"https:\/\/acuariosupremus.com\/","logo":{"@type":"ImageObject","inLanguage":"es","@id":"https:\/\/acuariosupremus.com\/#\/schema\/logo\/image\/","url":"https:\/\/acuariosupremus.com\/wp-content\/uploads\/2021\/12\/cropped-logo_acuario_supremus_fn-2.png","contentUrl":"https:\/\/acuariosupremus.com\/wp-content\/uploads\/2021\/12\/cropped-logo_acuario_supremus_fn-2.png","width":1000,"height":318,"caption":"Acuario Supremus"},"image":{"@id":"https:\/\/acuariosupremus.com\/#\/schema\/logo\/image\/"},"sameAs":["https:\/\/www.facebook.com\/AcuarioSupremus","https:\/\/x.com\/AcuarioSupremus","https:\/\/www.instagram.com\/acuariosupremus\/?hl=es"]}]}},"jetpack_sharing_enabled":true,"_links":{"self":[{"href":"https:\/\/acuariosupremus.com\/index.php?rest_route=\/wp\/v2\/product\/15431","targetHints":{"allow":["GET"]}}],"collection":[{"href":"https:\/\/acuariosupremus.com\/index.php?rest_route=\/wp\/v2\/product"}],"about":[{"href":"https:\/\/acuariosupremus.com\/index.php?rest_route=\/wp\/v2\/types\/product"}],"wp:featuredmedia":[{"embeddable":true,"href":"https:\/\/acuariosupremus.com\/index.php?rest_route=\/wp\/v2\/media\/15432"}],"wp:attachment":[{"href":"https:\/\/acuariosupremus.com\/index.php?rest_route=%2Fwp%2Fv2%2Fmedia&parent=15431"}],"wp:term":[{"taxonomy":"product_brand","embeddable":true,"href":"https:\/\/acuariosupremus.com\/index.php?rest_route=%2Fwp%2Fv2%2Fproduct_brand&post=15431"},{"taxonomy":"product_cat","embeddable":true,"href":"https:\/\/acuariosupremus.com\/index.php?rest_route=%2Fwp%2Fv2%2Fproduct_cat&post=15431"},{"taxonomy":"product_tag","embeddable":true,"href":"https:\/\/acuariosupremus.com\/index.php?rest_route=%2Fwp%2Fv2%2Fproduct_tag&post=15431"}],"curies":[{"name":"wp","href":"https:\/\/api.w.org\/{rel}","templated":true}]}}