{"id":15452,"date":"2025-11-01T19:04:00","date_gmt":"2025-11-02T01:04:00","guid":{"rendered":"https:\/\/acuariosupremus.com\/?post_type=product&#038;p=15452"},"modified":"2025-12-30T14:57:38","modified_gmt":"2025-12-30T20:57:38","slug":"axolotl-conditioner-250-ml","status":"publish","type":"product","link":"https:\/\/acuariosupremus.com\/?product=axolotl-conditioner-250-ml","title":{"rendered":"Axolotl Conditioner 250 ml."},"content":{"rendered":"<h2>Descripci\u00f3n<\/h2>\n<p data-start=\"2542\" data-end=\"2919\">Los ajolotes son extremadamente sensibles a los compuestos presentes en el agua del grifo, como el cloro, la cloramina, los metales pesados y el amon\u00edaco. Por eso, es esencial contar con un acondicionador de agua que no solo elimine estos contaminantes, sino que lo haga de forma segura y eficiente.\u00a0<strong data-start=\"2842\" data-end=\"2874\">Seachem Axolotl Conditioner\u2122<\/strong>\u00a0cumple con ese objetivo de manera impecable.<\/p>\n<p data-start=\"2921\" data-end=\"3322\">Este potente acondicionador neutraliza el cloro y la cloramina, desintoxica el amon\u00edaco convirti\u00e9ndolo en una forma no t\u00f3xica, y reduce los efectos da\u00f1inos de los nitritos y nitratos, permitiendo que el biofiltro los elimine de forma m\u00e1s efectiva. Adem\u00e1s, act\u00faa contra los metales pesados presentes en concentraciones comunes en el agua potable, garantizando as\u00ed una protecci\u00f3n total para tus ajolotes.<\/p>\n<p data-start=\"3324\" data-end=\"3649\">Una ventaja adicional de Axolotl Conditioner\u2122 es que su f\u00f3rmula no \u00e1cida no altera el pH del acuario, lo cual es esencial para mantener la estabilidad del ecosistema. Es ideal para acuarios en proceso de ciclado o ya instalados, y resulta especialmente \u00fatil en situaciones de emergencia ante el aumento de compuestos t\u00f3xicos.<\/p>\n<p data-start=\"3651\" data-end=\"3985\">Dado que los ajolotes generan grandes cantidades de amon\u00edaco, este acondicionador no solo es recomendable sino indispensable. Su uso regular previene intoxicaciones y facilita el mantenimiento de un ambiente sano y equilibrado. Combina perfectamente con bacterias beneficiosas y productos de biofiltraci\u00f3n para lograr un h\u00e1bitat ideal.<\/p>\n","protected":false},"excerpt":{"rendered":"<p><span class=\"fontstyle0\">Axolotl Conditioner\u2122 <\/span><span class=\"fontstyle2\">es un acondicionador de agua <\/span><span class=\"fontstyle2\">concentrado, desarrollado especialmente para hacer segura <\/span><span class=\"fontstyle2\">el agua del grifo para ajolotes.<\/span><\/p>\n<p><span class=\"fontstyle0\">Axolotl Conditioner\u2122 <\/span><span class=\"fontstyle2\">elimina instant\u00e1neamente cloro y cloramina, detoxifica el amon\u00edaco transform\u00e1ndolo en una forma no t\u00f3xica y neutraliza nitritos, nitratos <\/span><span class=\"fontstyle2\">y metales pesados en concentraciones comunes.<\/span><\/p>\n<p><span class=\"fontstyle2\">Su f\u00f3rmula no afecta el pH del agua, lo que lo hace seguro para usarse frecuentemente sin alterar la estabilidad qu\u00edmica del acuario. Es altamente efectivo <\/span><span class=\"fontstyle2\">durante el proceso de ciclado o en situaciones donde se presentan picos de amon\u00edaco. A diferencia de otros acondicionadores gen\u00e9ricos, Axolotl Conditioner\u2122 <\/span><span class=\"fontstyle2\">est\u00e1 formulado para satisfacer las necesidades de una especie altamente sensible como el ajolote, ayudando a protegerlo de intoxicaciones y otros <\/span><span class=\"fontstyle2\">desequilibrios.<\/span><\/p>\n","protected":false},"featured_media":15453,"template":"","meta":[],"product_brand":[123],"product_cat":[40,41,56],"product_tag":[1006,1005,1007],"class_list":{"0":"post-15452","1":"product","2":"type-product","3":"status-publish","4":"has-post-thumbnail","6":"product_brand-seachem","7":"product_cat-peces","8":"product_cat-acondicionadores","9":"product_cat-plantas-naturales","10":"product_tag-acondicionador-ajolotes","11":"product_tag-ajolotes","12":"product_tag-axolotl-conditioner","14":"first","15":"instock","16":"sale","17":"shipping-taxable","18":"purchasable","19":"product-type-simple"},"yoast_head":"<!-- This site is optimized with the Yoast SEO plugin v27.4 - https:\/\/yoast.com\/product\/yoast-seo-wordpress\/ -->\n<title>Axolotl Conditioner 250 ml. | Acuario Supremus<\/title>\n<meta name=\"description\" content=\"Axolotl Conditioner\u2122 es un acondicionador de agua concentrado, desarrollado especialmente para hacer segura el agua del grifo para ajolotes.\" \/>\n<meta name=\"robots\" content=\"index, follow, max-snippet:-1, max-image-preview:large, max-video-preview:-1\" \/>\n<link rel=\"canonical\" href=\"https:\/\/acuariosupremus.com\/?product=axolotl-conditioner-250-ml\" \/>\n<meta property=\"og:locale\" content=\"es_MX\" \/>\n<meta property=\"og:type\" content=\"article\" \/>\n<meta property=\"og:title\" content=\"Axolotl Conditioner 250 ml. | Acuario Supremus\" \/>\n<meta property=\"og:description\" content=\"Axolotl Conditioner\u2122 es un acondicionador de agua concentrado, desarrollado especialmente para hacer segura el agua del grifo para ajolotes.\" \/>\n<meta property=\"og:url\" content=\"https:\/\/acuariosupremus.com\/?product=axolotl-conditioner-250-ml\" \/>\n<meta property=\"og:site_name\" content=\"Acuario Supremus\" \/>\n<meta property=\"article:publisher\" content=\"https:\/\/www.facebook.com\/AcuarioSupremus\" \/>\n<meta property=\"article:modified_time\" content=\"2025-12-30T20:57:38+00:00\" \/>\n<meta property=\"og:image\" content=\"https:\/\/acuariosupremus.com\/wp-content\/uploads\/2025\/11\/02-Axolotl-Conditioner-250-mL.jpg\" \/>\n\t<meta property=\"og:image:width\" content=\"1000\" \/>\n\t<meta property=\"og:image:height\" content=\"1000\" \/>\n\t<meta property=\"og:image:type\" content=\"image\/jpeg\" \/>\n<meta name=\"twitter:card\" content=\"summary_large_image\" \/>\n<meta name=\"twitter:site\" content=\"@AcuarioSupremus\" \/>\n<meta name=\"twitter:label1\" content=\"Tiempo de lectura\" \/>\n\t<meta name=\"twitter:data1\" content=\"2 minutos\" \/>\n<script type=\"application\/ld+json\" class=\"yoast-schema-graph\">{\"@context\":\"https:\\\/\\\/schema.org\",\"@graph\":[{\"@type\":\"WebPage\",\"@id\":\"https:\\\/\\\/acuariosupremus.com\\\/?product=axolotl-conditioner-250-ml\",\"url\":\"https:\\\/\\\/acuariosupremus.com\\\/?product=axolotl-conditioner-250-ml\",\"name\":\"Axolotl Conditioner 250 ml. | Acuario Supremus\",\"isPartOf\":{\"@id\":\"https:\\\/\\\/acuariosupremus.com\\\/#website\"},\"primaryImageOfPage\":{\"@id\":\"https:\\\/\\\/acuariosupremus.com\\\/?product=axolotl-conditioner-250-ml#primaryimage\"},\"image\":{\"@id\":\"https:\\\/\\\/acuariosupremus.com\\\/?product=axolotl-conditioner-250-ml#primaryimage\"},\"thumbnailUrl\":\"https:\\\/\\\/acuariosupremus.com\\\/wp-content\\\/uploads\\\/2025\\\/11\\\/02-Axolotl-Conditioner-250-mL.jpg\",\"datePublished\":\"2025-11-02T01:04:00+00:00\",\"dateModified\":\"2025-12-30T20:57:38+00:00\",\"description\":\"Axolotl Conditioner\u2122 es un acondicionador de agua concentrado, desarrollado especialmente para hacer segura el agua del grifo para ajolotes.\",\"breadcrumb\":{\"@id\":\"https:\\\/\\\/acuariosupremus.com\\\/?product=axolotl-conditioner-250-ml#breadcrumb\"},\"inLanguage\":\"es\",\"potentialAction\":[{\"@type\":\"ReadAction\",\"target\":[\"https:\\\/\\\/acuariosupremus.com\\\/?product=axolotl-conditioner-250-ml\"]}]},{\"@type\":\"ImageObject\",\"inLanguage\":\"es\",\"@id\":\"https:\\\/\\\/acuariosupremus.com\\\/?product=axolotl-conditioner-250-ml#primaryimage\",\"url\":\"https:\\\/\\\/acuariosupremus.com\\\/wp-content\\\/uploads\\\/2025\\\/11\\\/02-Axolotl-Conditioner-250-mL.jpg\",\"contentUrl\":\"https:\\\/\\\/acuariosupremus.com\\\/wp-content\\\/uploads\\\/2025\\\/11\\\/02-Axolotl-Conditioner-250-mL.jpg\",\"width\":1000,\"height\":1000},{\"@type\":\"BreadcrumbList\",\"@id\":\"https:\\\/\\\/acuariosupremus.com\\\/?product=axolotl-conditioner-250-ml#breadcrumb\",\"itemListElement\":[{\"@type\":\"ListItem\",\"position\":1,\"name\":\"Portada\",\"item\":\"https:\\\/\\\/acuariosupremus.com\\\/\"},{\"@type\":\"ListItem\",\"position\":2,\"name\":\"Tienda\",\"item\":\"https:\\\/\\\/acuariosupremus.com\\\/tienda\\\/\"},{\"@type\":\"ListItem\",\"position\":3,\"name\":\"Axolotl Conditioner 250 ml.\"}]},{\"@type\":\"WebSite\",\"@id\":\"https:\\\/\\\/acuariosupremus.com\\\/#website\",\"url\":\"https:\\\/\\\/acuariosupremus.com\\\/\",\"name\":\"Acuario Supremus\",\"description\":\"Peces, Peceras y Mascotas.\",\"publisher\":{\"@id\":\"https:\\\/\\\/acuariosupremus.com\\\/#organization\"},\"potentialAction\":[{\"@type\":\"SearchAction\",\"target\":{\"@type\":\"EntryPoint\",\"urlTemplate\":\"https:\\\/\\\/acuariosupremus.com\\\/?s={search_term_string}\"},\"query-input\":{\"@type\":\"PropertyValueSpecification\",\"valueRequired\":true,\"valueName\":\"search_term_string\"}}],\"inLanguage\":\"es\"},{\"@type\":\"Organization\",\"@id\":\"https:\\\/\\\/acuariosupremus.com\\\/#organization\",\"name\":\"Acuario Supremus\",\"url\":\"https:\\\/\\\/acuariosupremus.com\\\/\",\"logo\":{\"@type\":\"ImageObject\",\"inLanguage\":\"es\",\"@id\":\"https:\\\/\\\/acuariosupremus.com\\\/#\\\/schema\\\/logo\\\/image\\\/\",\"url\":\"https:\\\/\\\/acuariosupremus.com\\\/wp-content\\\/uploads\\\/2021\\\/12\\\/cropped-logo_acuario_supremus_fn-2.png\",\"contentUrl\":\"https:\\\/\\\/acuariosupremus.com\\\/wp-content\\\/uploads\\\/2021\\\/12\\\/cropped-logo_acuario_supremus_fn-2.png\",\"width\":1000,\"height\":318,\"caption\":\"Acuario Supremus\"},\"image\":{\"@id\":\"https:\\\/\\\/acuariosupremus.com\\\/#\\\/schema\\\/logo\\\/image\\\/\"},\"sameAs\":[\"https:\\\/\\\/www.facebook.com\\\/AcuarioSupremus\",\"https:\\\/\\\/x.com\\\/AcuarioSupremus\",\"https:\\\/\\\/www.instagram.com\\\/acuariosupremus\\\/?hl=es\"]}]}<\/script>\n<!-- \/ Yoast SEO plugin. -->","yoast_head_json":{"title":"Axolotl Conditioner 250 ml. | Acuario Supremus","description":"Axolotl Conditioner\u2122 es un acondicionador de agua concentrado, desarrollado especialmente para hacer segura el agua del grifo para ajolotes.","robots":{"index":"index","follow":"follow","max-snippet":"max-snippet:-1","max-image-preview":"max-image-preview:large","max-video-preview":"max-video-preview:-1"},"canonical":"https:\/\/acuariosupremus.com\/?product=axolotl-conditioner-250-ml","og_locale":"es_MX","og_type":"article","og_title":"Axolotl Conditioner 250 ml. | Acuario Supremus","og_description":"Axolotl Conditioner\u2122 es un acondicionador de agua concentrado, desarrollado especialmente para hacer segura el agua del grifo para ajolotes.","og_url":"https:\/\/acuariosupremus.com\/?product=axolotl-conditioner-250-ml","og_site_name":"Acuario Supremus","article_publisher":"https:\/\/www.facebook.com\/AcuarioSupremus","article_modified_time":"2025-12-30T20:57:38+00:00","og_image":[{"width":1000,"height":1000,"url":"https:\/\/acuariosupremus.com\/wp-content\/uploads\/2025\/11\/02-Axolotl-Conditioner-250-mL.jpg","type":"image\/jpeg"}],"twitter_card":"summary_large_image","twitter_site":"@AcuarioSupremus","twitter_misc":{"Tiempo de lectura":"2 minutos"},"schema":{"@context":"https:\/\/schema.org","@graph":[{"@type":"WebPage","@id":"https:\/\/acuariosupremus.com\/?product=axolotl-conditioner-250-ml","url":"https:\/\/acuariosupremus.com\/?product=axolotl-conditioner-250-ml","name":"Axolotl Conditioner 250 ml. | Acuario Supremus","isPartOf":{"@id":"https:\/\/acuariosupremus.com\/#website"},"primaryImageOfPage":{"@id":"https:\/\/acuariosupremus.com\/?product=axolotl-conditioner-250-ml#primaryimage"},"image":{"@id":"https:\/\/acuariosupremus.com\/?product=axolotl-conditioner-250-ml#primaryimage"},"thumbnailUrl":"https:\/\/acuariosupremus.com\/wp-content\/uploads\/2025\/11\/02-Axolotl-Conditioner-250-mL.jpg","datePublished":"2025-11-02T01:04:00+00:00","dateModified":"2025-12-30T20:57:38+00:00","description":"Axolotl Conditioner\u2122 es un acondicionador de agua concentrado, desarrollado especialmente para hacer segura el agua del grifo para ajolotes.","breadcrumb":{"@id":"https:\/\/acuariosupremus.com\/?product=axolotl-conditioner-250-ml#breadcrumb"},"inLanguage":"es","potentialAction":[{"@type":"ReadAction","target":["https:\/\/acuariosupremus.com\/?product=axolotl-conditioner-250-ml"]}]},{"@type":"ImageObject","inLanguage":"es","@id":"https:\/\/acuariosupremus.com\/?product=axolotl-conditioner-250-ml#primaryimage","url":"https:\/\/acuariosupremus.com\/wp-content\/uploads\/2025\/11\/02-Axolotl-Conditioner-250-mL.jpg","contentUrl":"https:\/\/acuariosupremus.com\/wp-content\/uploads\/2025\/11\/02-Axolotl-Conditioner-250-mL.jpg","width":1000,"height":1000},{"@type":"BreadcrumbList","@id":"https:\/\/acuariosupremus.com\/?product=axolotl-conditioner-250-ml#breadcrumb","itemListElement":[{"@type":"ListItem","position":1,"name":"Portada","item":"https:\/\/acuariosupremus.com\/"},{"@type":"ListItem","position":2,"name":"Tienda","item":"https:\/\/acuariosupremus.com\/tienda\/"},{"@type":"ListItem","position":3,"name":"Axolotl Conditioner 250 ml."}]},{"@type":"WebSite","@id":"https:\/\/acuariosupremus.com\/#website","url":"https:\/\/acuariosupremus.com\/","name":"Acuario Supremus","description":"Peces, Peceras y Mascotas.","publisher":{"@id":"https:\/\/acuariosupremus.com\/#organization"},"potentialAction":[{"@type":"SearchAction","target":{"@type":"EntryPoint","urlTemplate":"https:\/\/acuariosupremus.com\/?s={search_term_string}"},"query-input":{"@type":"PropertyValueSpecification","valueRequired":true,"valueName":"search_term_string"}}],"inLanguage":"es"},{"@type":"Organization","@id":"https:\/\/acuariosupremus.com\/#organization","name":"Acuario Supremus","url":"https:\/\/acuariosupremus.com\/","logo":{"@type":"ImageObject","inLanguage":"es","@id":"https:\/\/acuariosupremus.com\/#\/schema\/logo\/image\/","url":"https:\/\/acuariosupremus.com\/wp-content\/uploads\/2021\/12\/cropped-logo_acuario_supremus_fn-2.png","contentUrl":"https:\/\/acuariosupremus.com\/wp-content\/uploads\/2021\/12\/cropped-logo_acuario_supremus_fn-2.png","width":1000,"height":318,"caption":"Acuario Supremus"},"image":{"@id":"https:\/\/acuariosupremus.com\/#\/schema\/logo\/image\/"},"sameAs":["https:\/\/www.facebook.com\/AcuarioSupremus","https:\/\/x.com\/AcuarioSupremus","https:\/\/www.instagram.com\/acuariosupremus\/?hl=es"]}]}},"jetpack_sharing_enabled":true,"_links":{"self":[{"href":"https:\/\/acuariosupremus.com\/index.php?rest_route=\/wp\/v2\/product\/15452","targetHints":{"allow":["GET"]}}],"collection":[{"href":"https:\/\/acuariosupremus.com\/index.php?rest_route=\/wp\/v2\/product"}],"about":[{"href":"https:\/\/acuariosupremus.com\/index.php?rest_route=\/wp\/v2\/types\/product"}],"wp:featuredmedia":[{"embeddable":true,"href":"https:\/\/acuariosupremus.com\/index.php?rest_route=\/wp\/v2\/media\/15453"}],"wp:attachment":[{"href":"https:\/\/acuariosupremus.com\/index.php?rest_route=%2Fwp%2Fv2%2Fmedia&parent=15452"}],"wp:term":[{"taxonomy":"product_brand","embeddable":true,"href":"https:\/\/acuariosupremus.com\/index.php?rest_route=%2Fwp%2Fv2%2Fproduct_brand&post=15452"},{"taxonomy":"product_cat","embeddable":true,"href":"https:\/\/acuariosupremus.com\/index.php?rest_route=%2Fwp%2Fv2%2Fproduct_cat&post=15452"},{"taxonomy":"product_tag","embeddable":true,"href":"https:\/\/acuariosupremus.com\/index.php?rest_route=%2Fwp%2Fv2%2Fproduct_tag&post=15452"}],"curies":[{"name":"wp","href":"https:\/\/api.w.org\/{rel}","templated":true}]}}