{"id":15461,"date":"2025-11-03T19:52:45","date_gmt":"2025-11-04T01:52:45","guid":{"rendered":"https:\/\/acuariosupremus.com\/?post_type=product&#038;p=15461"},"modified":"2025-12-30T14:59:31","modified_gmt":"2025-12-30T20:59:31","slug":"aquarium-polisher-500-ml","status":"publish","type":"product","link":"https:\/\/acuariosupremus.com\/?product=aquarium-polisher-500-ml","title":{"rendered":"Aquarium Polisher 500 ml."},"content":{"rendered":"<h2>Descripci\u00f3n<\/h2>\n<p>Seachem\u00a0<strong>Aquarium Polisher \u2122\u00a0<\/strong>es una soluci\u00f3n avanzada para pulir, dise\u00f1ada para restaurar y proteger el acabado exterior de acuarios de vidrio o acr\u00edlico. Su f\u00f3rmula libre de amoniaco lo hace completamente seguro para usarse en entornos sensibles como acuarios, terrarios y vitrinas con vida animal o vegetal.<\/p>\n<p>Este producto elimina de forma r\u00e1pida y sencilla los dep\u00f3sitos minerales acumulados, las manchas de agua, el polvo y las huellas, devolviendo una apariencia limpia y profesional. Adem\u00e1s de limpiar, crea una barrera protectora contra la acumulaci\u00f3n de sal, minerales y suciedad, lo que facilita las limpiezas futuras y prolonga el brillo de tu acuario.<br data-start=\"3167\" data-end=\"3170\" \/>Ideal para quienes buscan una presentaci\u00f3n impecable de su acuario, ya sea en casa o en exhibiciones profesionales,\u00a0<strong>Aquarium Polisher \u2122<\/strong>\u00a0mantiene tu acuario luciendo como nuevo con cada aplicaci\u00f3n. Es el complemento perfecto para el mantenimiento est\u00e9tico de cualquier instalaci\u00f3n acu\u00e1tica.<\/p>\n","protected":false},"excerpt":{"rendered":"<p><strong>Aquarium Polisher \u2122<\/strong>\u00a0de Seachem es el aliado perfecto para devolverle el brillo a tu acuario. Esta soluci\u00f3n para pulir elimina f\u00e1cilmente manchas de agua, dep\u00f3sitos minerales y huellas, dejando los cristales completamente limpios y protegidos. No contiene amoniaco, por lo que es seguro para usar en el exterior de acuarios o terrarios. Adem\u00e1s, crea una capa protectora que ayuda a prevenir nuevas marcas, facilitando la limpieza futura y manteniendo una apariencia n\u00edtida por m\u00e1s tiempo.<\/p>\n","protected":false},"featured_media":15462,"template":"","meta":[],"product_brand":[123],"product_cat":[40,66],"product_tag":[1013,1012,1011,1010,1009],"class_list":{"0":"post-15461","1":"product","2":"type-product","3":"status-publish","4":"has-post-thumbnail","6":"product_brand-seachem","7":"product_cat-peces","8":"product_cat-varios","9":"product_tag-aquarium-polisher","10":"product_tag-pulidor-de-acrilico","11":"product_tag-pulidor-de-vidrio","12":"product_tag-solucion-pulidora-de-acrilico","13":"product_tag-solucion-pulidora-de-vidrio","15":"first","16":"instock","17":"sale","18":"shipping-taxable","19":"purchasable","20":"product-type-simple"},"yoast_head":"<!-- This site is optimized with the Yoast SEO plugin v27.4 - https:\/\/yoast.com\/product\/yoast-seo-wordpress\/ -->\n<title>Aquarium Polisher 500 ml. | Acuario Supremus<\/title>\n<meta name=\"description\" content=\"Aquarium Polisher 500 ml PULE y elimina f\u00e1cilmente manchas de agua, dep\u00f3sitos minerales y huellas, dejando los cristales completamente limpios y protegidos\" \/>\n<meta name=\"robots\" content=\"index, follow, max-snippet:-1, max-image-preview:large, max-video-preview:-1\" \/>\n<link rel=\"canonical\" href=\"https:\/\/acuariosupremus.com\/?product=aquarium-polisher-500-ml\" \/>\n<meta property=\"og:locale\" content=\"es_MX\" \/>\n<meta property=\"og:type\" content=\"article\" \/>\n<meta property=\"og:title\" content=\"Aquarium Polisher 500 ml. | Acuario Supremus\" \/>\n<meta property=\"og:description\" content=\"Aquarium Polisher 500 ml PULE y elimina f\u00e1cilmente manchas de agua, dep\u00f3sitos minerales y huellas, dejando los cristales completamente limpios y protegidos\" \/>\n<meta property=\"og:url\" content=\"https:\/\/acuariosupremus.com\/?product=aquarium-polisher-500-ml\" \/>\n<meta property=\"og:site_name\" content=\"Acuario Supremus\" \/>\n<meta property=\"article:publisher\" content=\"https:\/\/www.facebook.com\/AcuarioSupremus\" \/>\n<meta property=\"article:modified_time\" content=\"2025-12-30T20:59:31+00:00\" \/>\n<meta property=\"og:image\" content=\"https:\/\/acuariosupremus.com\/wp-content\/uploads\/2025\/11\/02-Aquarium-Polisher-500-mL.jpg\" \/>\n\t<meta property=\"og:image:width\" content=\"1000\" \/>\n\t<meta property=\"og:image:height\" content=\"1000\" \/>\n\t<meta property=\"og:image:type\" content=\"image\/jpeg\" \/>\n<meta name=\"twitter:card\" content=\"summary_large_image\" \/>\n<meta name=\"twitter:site\" content=\"@AcuarioSupremus\" \/>\n<meta name=\"twitter:label1\" content=\"Tiempo de lectura\" \/>\n\t<meta name=\"twitter:data1\" content=\"1 minuto\" \/>\n<script type=\"application\/ld+json\" class=\"yoast-schema-graph\">{\"@context\":\"https:\\\/\\\/schema.org\",\"@graph\":[{\"@type\":\"WebPage\",\"@id\":\"https:\\\/\\\/acuariosupremus.com\\\/?product=aquarium-polisher-500-ml\",\"url\":\"https:\\\/\\\/acuariosupremus.com\\\/?product=aquarium-polisher-500-ml\",\"name\":\"Aquarium Polisher 500 ml. | Acuario Supremus\",\"isPartOf\":{\"@id\":\"https:\\\/\\\/acuariosupremus.com\\\/#website\"},\"primaryImageOfPage\":{\"@id\":\"https:\\\/\\\/acuariosupremus.com\\\/?product=aquarium-polisher-500-ml#primaryimage\"},\"image\":{\"@id\":\"https:\\\/\\\/acuariosupremus.com\\\/?product=aquarium-polisher-500-ml#primaryimage\"},\"thumbnailUrl\":\"https:\\\/\\\/acuariosupremus.com\\\/wp-content\\\/uploads\\\/2025\\\/11\\\/02-Aquarium-Polisher-500-mL.jpg\",\"datePublished\":\"2025-11-04T01:52:45+00:00\",\"dateModified\":\"2025-12-30T20:59:31+00:00\",\"description\":\"Aquarium Polisher 500 ml PULE y elimina f\u00e1cilmente manchas de agua, dep\u00f3sitos minerales y huellas, dejando los cristales completamente limpios y protegidos\",\"breadcrumb\":{\"@id\":\"https:\\\/\\\/acuariosupremus.com\\\/?product=aquarium-polisher-500-ml#breadcrumb\"},\"inLanguage\":\"es\",\"potentialAction\":[{\"@type\":\"ReadAction\",\"target\":[\"https:\\\/\\\/acuariosupremus.com\\\/?product=aquarium-polisher-500-ml\"]}]},{\"@type\":\"ImageObject\",\"inLanguage\":\"es\",\"@id\":\"https:\\\/\\\/acuariosupremus.com\\\/?product=aquarium-polisher-500-ml#primaryimage\",\"url\":\"https:\\\/\\\/acuariosupremus.com\\\/wp-content\\\/uploads\\\/2025\\\/11\\\/02-Aquarium-Polisher-500-mL.jpg\",\"contentUrl\":\"https:\\\/\\\/acuariosupremus.com\\\/wp-content\\\/uploads\\\/2025\\\/11\\\/02-Aquarium-Polisher-500-mL.jpg\",\"width\":1000,\"height\":1000},{\"@type\":\"BreadcrumbList\",\"@id\":\"https:\\\/\\\/acuariosupremus.com\\\/?product=aquarium-polisher-500-ml#breadcrumb\",\"itemListElement\":[{\"@type\":\"ListItem\",\"position\":1,\"name\":\"Portada\",\"item\":\"https:\\\/\\\/acuariosupremus.com\\\/\"},{\"@type\":\"ListItem\",\"position\":2,\"name\":\"Tienda\",\"item\":\"https:\\\/\\\/acuariosupremus.com\\\/tienda\\\/\"},{\"@type\":\"ListItem\",\"position\":3,\"name\":\"Aquarium Polisher 500 ml.\"}]},{\"@type\":\"WebSite\",\"@id\":\"https:\\\/\\\/acuariosupremus.com\\\/#website\",\"url\":\"https:\\\/\\\/acuariosupremus.com\\\/\",\"name\":\"Acuario Supremus\",\"description\":\"Peces, Peceras y Mascotas.\",\"publisher\":{\"@id\":\"https:\\\/\\\/acuariosupremus.com\\\/#organization\"},\"potentialAction\":[{\"@type\":\"SearchAction\",\"target\":{\"@type\":\"EntryPoint\",\"urlTemplate\":\"https:\\\/\\\/acuariosupremus.com\\\/?s={search_term_string}\"},\"query-input\":{\"@type\":\"PropertyValueSpecification\",\"valueRequired\":true,\"valueName\":\"search_term_string\"}}],\"inLanguage\":\"es\"},{\"@type\":\"Organization\",\"@id\":\"https:\\\/\\\/acuariosupremus.com\\\/#organization\",\"name\":\"Acuario Supremus\",\"url\":\"https:\\\/\\\/acuariosupremus.com\\\/\",\"logo\":{\"@type\":\"ImageObject\",\"inLanguage\":\"es\",\"@id\":\"https:\\\/\\\/acuariosupremus.com\\\/#\\\/schema\\\/logo\\\/image\\\/\",\"url\":\"https:\\\/\\\/acuariosupremus.com\\\/wp-content\\\/uploads\\\/2021\\\/12\\\/cropped-logo_acuario_supremus_fn-2.png\",\"contentUrl\":\"https:\\\/\\\/acuariosupremus.com\\\/wp-content\\\/uploads\\\/2021\\\/12\\\/cropped-logo_acuario_supremus_fn-2.png\",\"width\":1000,\"height\":318,\"caption\":\"Acuario Supremus\"},\"image\":{\"@id\":\"https:\\\/\\\/acuariosupremus.com\\\/#\\\/schema\\\/logo\\\/image\\\/\"},\"sameAs\":[\"https:\\\/\\\/www.facebook.com\\\/AcuarioSupremus\",\"https:\\\/\\\/x.com\\\/AcuarioSupremus\",\"https:\\\/\\\/www.instagram.com\\\/acuariosupremus\\\/?hl=es\"]}]}<\/script>\n<!-- \/ Yoast SEO plugin. -->","yoast_head_json":{"title":"Aquarium Polisher 500 ml. | Acuario Supremus","description":"Aquarium Polisher 500 ml PULE y elimina f\u00e1cilmente manchas de agua, dep\u00f3sitos minerales y huellas, dejando los cristales completamente limpios y protegidos","robots":{"index":"index","follow":"follow","max-snippet":"max-snippet:-1","max-image-preview":"max-image-preview:large","max-video-preview":"max-video-preview:-1"},"canonical":"https:\/\/acuariosupremus.com\/?product=aquarium-polisher-500-ml","og_locale":"es_MX","og_type":"article","og_title":"Aquarium Polisher 500 ml. | Acuario Supremus","og_description":"Aquarium Polisher 500 ml PULE y elimina f\u00e1cilmente manchas de agua, dep\u00f3sitos minerales y huellas, dejando los cristales completamente limpios y protegidos","og_url":"https:\/\/acuariosupremus.com\/?product=aquarium-polisher-500-ml","og_site_name":"Acuario Supremus","article_publisher":"https:\/\/www.facebook.com\/AcuarioSupremus","article_modified_time":"2025-12-30T20:59:31+00:00","og_image":[{"width":1000,"height":1000,"url":"https:\/\/acuariosupremus.com\/wp-content\/uploads\/2025\/11\/02-Aquarium-Polisher-500-mL.jpg","type":"image\/jpeg"}],"twitter_card":"summary_large_image","twitter_site":"@AcuarioSupremus","twitter_misc":{"Tiempo de lectura":"1 minuto"},"schema":{"@context":"https:\/\/schema.org","@graph":[{"@type":"WebPage","@id":"https:\/\/acuariosupremus.com\/?product=aquarium-polisher-500-ml","url":"https:\/\/acuariosupremus.com\/?product=aquarium-polisher-500-ml","name":"Aquarium Polisher 500 ml. | Acuario Supremus","isPartOf":{"@id":"https:\/\/acuariosupremus.com\/#website"},"primaryImageOfPage":{"@id":"https:\/\/acuariosupremus.com\/?product=aquarium-polisher-500-ml#primaryimage"},"image":{"@id":"https:\/\/acuariosupremus.com\/?product=aquarium-polisher-500-ml#primaryimage"},"thumbnailUrl":"https:\/\/acuariosupremus.com\/wp-content\/uploads\/2025\/11\/02-Aquarium-Polisher-500-mL.jpg","datePublished":"2025-11-04T01:52:45+00:00","dateModified":"2025-12-30T20:59:31+00:00","description":"Aquarium Polisher 500 ml PULE y elimina f\u00e1cilmente manchas de agua, dep\u00f3sitos minerales y huellas, dejando los cristales completamente limpios y protegidos","breadcrumb":{"@id":"https:\/\/acuariosupremus.com\/?product=aquarium-polisher-500-ml#breadcrumb"},"inLanguage":"es","potentialAction":[{"@type":"ReadAction","target":["https:\/\/acuariosupremus.com\/?product=aquarium-polisher-500-ml"]}]},{"@type":"ImageObject","inLanguage":"es","@id":"https:\/\/acuariosupremus.com\/?product=aquarium-polisher-500-ml#primaryimage","url":"https:\/\/acuariosupremus.com\/wp-content\/uploads\/2025\/11\/02-Aquarium-Polisher-500-mL.jpg","contentUrl":"https:\/\/acuariosupremus.com\/wp-content\/uploads\/2025\/11\/02-Aquarium-Polisher-500-mL.jpg","width":1000,"height":1000},{"@type":"BreadcrumbList","@id":"https:\/\/acuariosupremus.com\/?product=aquarium-polisher-500-ml#breadcrumb","itemListElement":[{"@type":"ListItem","position":1,"name":"Portada","item":"https:\/\/acuariosupremus.com\/"},{"@type":"ListItem","position":2,"name":"Tienda","item":"https:\/\/acuariosupremus.com\/tienda\/"},{"@type":"ListItem","position":3,"name":"Aquarium Polisher 500 ml."}]},{"@type":"WebSite","@id":"https:\/\/acuariosupremus.com\/#website","url":"https:\/\/acuariosupremus.com\/","name":"Acuario Supremus","description":"Peces, Peceras y Mascotas.","publisher":{"@id":"https:\/\/acuariosupremus.com\/#organization"},"potentialAction":[{"@type":"SearchAction","target":{"@type":"EntryPoint","urlTemplate":"https:\/\/acuariosupremus.com\/?s={search_term_string}"},"query-input":{"@type":"PropertyValueSpecification","valueRequired":true,"valueName":"search_term_string"}}],"inLanguage":"es"},{"@type":"Organization","@id":"https:\/\/acuariosupremus.com\/#organization","name":"Acuario Supremus","url":"https:\/\/acuariosupremus.com\/","logo":{"@type":"ImageObject","inLanguage":"es","@id":"https:\/\/acuariosupremus.com\/#\/schema\/logo\/image\/","url":"https:\/\/acuariosupremus.com\/wp-content\/uploads\/2021\/12\/cropped-logo_acuario_supremus_fn-2.png","contentUrl":"https:\/\/acuariosupremus.com\/wp-content\/uploads\/2021\/12\/cropped-logo_acuario_supremus_fn-2.png","width":1000,"height":318,"caption":"Acuario Supremus"},"image":{"@id":"https:\/\/acuariosupremus.com\/#\/schema\/logo\/image\/"},"sameAs":["https:\/\/www.facebook.com\/AcuarioSupremus","https:\/\/x.com\/AcuarioSupremus","https:\/\/www.instagram.com\/acuariosupremus\/?hl=es"]}]}},"jetpack_sharing_enabled":true,"_links":{"self":[{"href":"https:\/\/acuariosupremus.com\/index.php?rest_route=\/wp\/v2\/product\/15461","targetHints":{"allow":["GET"]}}],"collection":[{"href":"https:\/\/acuariosupremus.com\/index.php?rest_route=\/wp\/v2\/product"}],"about":[{"href":"https:\/\/acuariosupremus.com\/index.php?rest_route=\/wp\/v2\/types\/product"}],"wp:featuredmedia":[{"embeddable":true,"href":"https:\/\/acuariosupremus.com\/index.php?rest_route=\/wp\/v2\/media\/15462"}],"wp:attachment":[{"href":"https:\/\/acuariosupremus.com\/index.php?rest_route=%2Fwp%2Fv2%2Fmedia&parent=15461"}],"wp:term":[{"taxonomy":"product_brand","embeddable":true,"href":"https:\/\/acuariosupremus.com\/index.php?rest_route=%2Fwp%2Fv2%2Fproduct_brand&post=15461"},{"taxonomy":"product_cat","embeddable":true,"href":"https:\/\/acuariosupremus.com\/index.php?rest_route=%2Fwp%2Fv2%2Fproduct_cat&post=15461"},{"taxonomy":"product_tag","embeddable":true,"href":"https:\/\/acuariosupremus.com\/index.php?rest_route=%2Fwp%2Fv2%2Fproduct_tag&post=15461"}],"curies":[{"name":"wp","href":"https:\/\/api.w.org\/{rel}","templated":true}]}}