{"id":15474,"date":"2025-11-04T15:52:15","date_gmt":"2025-11-04T21:52:15","guid":{"rendered":"https:\/\/acuariosupremus.com\/?post_type=product&#038;p=15474"},"modified":"2025-12-20T19:52:05","modified_gmt":"2025-12-21T01:52:05","slug":"pad-fibra-anti-rayaduras-100-piezas","status":"publish","type":"product","link":"https:\/\/acuariosupremus.com\/?product=pad-fibra-anti-rayaduras-100-piezas","title":{"rendered":"PAD Fibra anti rayaduras, 100 piezas."},"content":{"rendered":"<h2>Descripci\u00f3n<\/h2>\n<h3>Pad Aquavitro\u00ae<\/h3>\n<ul data-start=\"725\" data-end=\"878\">\n<li class=\"\" data-start=\"725\" data-end=\"770\">\n<p class=\"\" data-start=\"727\" data-end=\"770\"><strong data-start=\"727\" data-end=\"740\">Material:<\/strong>\u00a0fibra sint\u00e9tica entrelazada<\/p>\n<\/li>\n<li class=\"\" data-start=\"771\" data-end=\"813\">\n<p class=\"\" data-start=\"773\" data-end=\"813\"><strong data-start=\"773\" data-end=\"793\">Tipo de acuario:<\/strong>\u00a0vidrio y acr\u00edlico<\/p>\n<\/li>\n<li class=\"\" data-start=\"814\" data-end=\"851\">\n<p class=\"\" data-start=\"816\" data-end=\"851\"><strong data-start=\"816\" data-end=\"827\">Tama\u00f1o:<\/strong>\u00a010 x 9 cm \/ 4\u201d x 3.5\u201d<\/p>\n<\/li>\n<li class=\"\" data-start=\"852\" data-end=\"878\">\n<p class=\"\" data-start=\"854\" data-end=\"878\"><strong data-start=\"854\" data-end=\"865\">Grosor:<\/strong>\u00a04 mm \/ 3\u204416\u2033<\/p>\n<\/li>\n<\/ul>\n<p>&nbsp;<\/p>\n","protected":false},"excerpt":{"rendered":"<h1 class=\"product_title entry-title\">PAD Fibra anti rayaduras<\/h1>\n<p><strong data-start=\"112\" data-end=\"131\">Aquavitro\u00ae pad\u2122<\/strong>\u00a0es una esponja para algas extremadamente duradera, ideal tanto para acuarios de vidrio como de acr\u00edlico. Fabricada con una fibra sint\u00e9tica entrelazada de alta resistencia, tiene una vida \u00fatil prolongada que supera a la de la mayor\u00eda de los productos de la competencia.<br data-start=\"400\" data-end=\"403\" \/>Su tama\u00f1o y grosor permiten eliminar f\u00e1cilmente algas persistentes de las superficies amplias del acuario, las esquinas e incluso de zonas con rayaduras. Adem\u00e1s, su color blanco facilita ver qu\u00e9 est\u00e1s eliminando y cu\u00e1ndo lo has hecho de manera efectiva.<\/p>\n","protected":false},"featured_media":15475,"template":"","meta":[],"product_brand":[125],"product_cat":[40,62],"product_tag":[1017,259],"class_list":{"0":"post-15474","1":"product","2":"type-product","3":"status-publish","4":"has-post-thumbnail","6":"product_brand-aquavitro","7":"product_cat-peces","8":"product_cat-sifon-rasquetas-mantenimiento","9":"product_tag-pad-aquavitro","10":"product_tag-rasqueta-acuario","12":"first","13":"instock","14":"sale","15":"shipping-taxable","16":"purchasable","17":"product-type-simple"},"yoast_head":"<!-- This site is optimized with the Yoast SEO plugin v27.4 - https:\/\/yoast.com\/product\/yoast-seo-wordpress\/ -->\n<title>PAD Fibra anti rayaduras, 100 piezas. | Acuario Supremus<\/title>\n<meta name=\"description\" content=\"Aquavitro\u00ae pad\u2122 100 PZA es una esponja para algas extremadamente duradera, ideal tanto para acuarios de vidrio como de acr\u00edlico.\" \/>\n<meta name=\"robots\" content=\"index, follow, max-snippet:-1, max-image-preview:large, max-video-preview:-1\" \/>\n<link rel=\"canonical\" href=\"https:\/\/acuariosupremus.com\/?product=pad-fibra-anti-rayaduras-100-piezas\" \/>\n<meta property=\"og:locale\" content=\"es_MX\" \/>\n<meta property=\"og:type\" content=\"article\" \/>\n<meta property=\"og:title\" content=\"PAD Fibra anti rayaduras, 100 piezas. | Acuario Supremus\" \/>\n<meta property=\"og:description\" content=\"Aquavitro\u00ae pad\u2122 100 PZA es una esponja para algas extremadamente duradera, ideal tanto para acuarios de vidrio como de acr\u00edlico.\" \/>\n<meta property=\"og:url\" content=\"https:\/\/acuariosupremus.com\/?product=pad-fibra-anti-rayaduras-100-piezas\" \/>\n<meta property=\"og:site_name\" content=\"Acuario Supremus\" \/>\n<meta property=\"article:publisher\" content=\"https:\/\/www.facebook.com\/AcuarioSupremus\" \/>\n<meta property=\"article:modified_time\" content=\"2025-12-21T01:52:05+00:00\" \/>\n<meta property=\"og:image\" content=\"https:\/\/acuariosupremus.com\/wp-content\/uploads\/2025\/11\/PAD-Fibra-anti-rayaduras-03.jpg\" \/>\n\t<meta property=\"og:image:width\" content=\"1000\" \/>\n\t<meta property=\"og:image:height\" content=\"1000\" \/>\n\t<meta property=\"og:image:type\" content=\"image\/jpeg\" \/>\n<meta name=\"twitter:card\" content=\"summary_large_image\" \/>\n<meta name=\"twitter:site\" content=\"@AcuarioSupremus\" \/>\n<meta name=\"twitter:label1\" content=\"Tiempo de lectura\" \/>\n\t<meta name=\"twitter:data1\" content=\"1 minuto\" \/>\n<script type=\"application\/ld+json\" class=\"yoast-schema-graph\">{\"@context\":\"https:\\\/\\\/schema.org\",\"@graph\":[{\"@type\":\"WebPage\",\"@id\":\"https:\\\/\\\/acuariosupremus.com\\\/?product=pad-fibra-anti-rayaduras-100-piezas\",\"url\":\"https:\\\/\\\/acuariosupremus.com\\\/?product=pad-fibra-anti-rayaduras-100-piezas\",\"name\":\"PAD Fibra anti rayaduras, 100 piezas. | Acuario Supremus\",\"isPartOf\":{\"@id\":\"https:\\\/\\\/acuariosupremus.com\\\/#website\"},\"primaryImageOfPage\":{\"@id\":\"https:\\\/\\\/acuariosupremus.com\\\/?product=pad-fibra-anti-rayaduras-100-piezas#primaryimage\"},\"image\":{\"@id\":\"https:\\\/\\\/acuariosupremus.com\\\/?product=pad-fibra-anti-rayaduras-100-piezas#primaryimage\"},\"thumbnailUrl\":\"https:\\\/\\\/acuariosupremus.com\\\/wp-content\\\/uploads\\\/2025\\\/11\\\/PAD-Fibra-anti-rayaduras-03.jpg\",\"datePublished\":\"2025-11-04T21:52:15+00:00\",\"dateModified\":\"2025-12-21T01:52:05+00:00\",\"description\":\"Aquavitro\u00ae pad\u2122 100 PZA es una esponja para algas extremadamente duradera, ideal tanto para acuarios de vidrio como de acr\u00edlico.\",\"breadcrumb\":{\"@id\":\"https:\\\/\\\/acuariosupremus.com\\\/?product=pad-fibra-anti-rayaduras-100-piezas#breadcrumb\"},\"inLanguage\":\"es\",\"potentialAction\":[{\"@type\":\"ReadAction\",\"target\":[\"https:\\\/\\\/acuariosupremus.com\\\/?product=pad-fibra-anti-rayaduras-100-piezas\"]}]},{\"@type\":\"ImageObject\",\"inLanguage\":\"es\",\"@id\":\"https:\\\/\\\/acuariosupremus.com\\\/?product=pad-fibra-anti-rayaduras-100-piezas#primaryimage\",\"url\":\"https:\\\/\\\/acuariosupremus.com\\\/wp-content\\\/uploads\\\/2025\\\/11\\\/PAD-Fibra-anti-rayaduras-03.jpg\",\"contentUrl\":\"https:\\\/\\\/acuariosupremus.com\\\/wp-content\\\/uploads\\\/2025\\\/11\\\/PAD-Fibra-anti-rayaduras-03.jpg\",\"width\":1000,\"height\":1000},{\"@type\":\"BreadcrumbList\",\"@id\":\"https:\\\/\\\/acuariosupremus.com\\\/?product=pad-fibra-anti-rayaduras-100-piezas#breadcrumb\",\"itemListElement\":[{\"@type\":\"ListItem\",\"position\":1,\"name\":\"Portada\",\"item\":\"https:\\\/\\\/acuariosupremus.com\\\/\"},{\"@type\":\"ListItem\",\"position\":2,\"name\":\"Tienda\",\"item\":\"https:\\\/\\\/acuariosupremus.com\\\/tienda\\\/\"},{\"@type\":\"ListItem\",\"position\":3,\"name\":\"PAD Fibra anti rayaduras, 100 piezas.\"}]},{\"@type\":\"WebSite\",\"@id\":\"https:\\\/\\\/acuariosupremus.com\\\/#website\",\"url\":\"https:\\\/\\\/acuariosupremus.com\\\/\",\"name\":\"Acuario Supremus\",\"description\":\"Peces, Peceras y Mascotas.\",\"publisher\":{\"@id\":\"https:\\\/\\\/acuariosupremus.com\\\/#organization\"},\"potentialAction\":[{\"@type\":\"SearchAction\",\"target\":{\"@type\":\"EntryPoint\",\"urlTemplate\":\"https:\\\/\\\/acuariosupremus.com\\\/?s={search_term_string}\"},\"query-input\":{\"@type\":\"PropertyValueSpecification\",\"valueRequired\":true,\"valueName\":\"search_term_string\"}}],\"inLanguage\":\"es\"},{\"@type\":\"Organization\",\"@id\":\"https:\\\/\\\/acuariosupremus.com\\\/#organization\",\"name\":\"Acuario Supremus\",\"url\":\"https:\\\/\\\/acuariosupremus.com\\\/\",\"logo\":{\"@type\":\"ImageObject\",\"inLanguage\":\"es\",\"@id\":\"https:\\\/\\\/acuariosupremus.com\\\/#\\\/schema\\\/logo\\\/image\\\/\",\"url\":\"https:\\\/\\\/acuariosupremus.com\\\/wp-content\\\/uploads\\\/2021\\\/12\\\/cropped-logo_acuario_supremus_fn-2.png\",\"contentUrl\":\"https:\\\/\\\/acuariosupremus.com\\\/wp-content\\\/uploads\\\/2021\\\/12\\\/cropped-logo_acuario_supremus_fn-2.png\",\"width\":1000,\"height\":318,\"caption\":\"Acuario Supremus\"},\"image\":{\"@id\":\"https:\\\/\\\/acuariosupremus.com\\\/#\\\/schema\\\/logo\\\/image\\\/\"},\"sameAs\":[\"https:\\\/\\\/www.facebook.com\\\/AcuarioSupremus\",\"https:\\\/\\\/x.com\\\/AcuarioSupremus\",\"https:\\\/\\\/www.instagram.com\\\/acuariosupremus\\\/?hl=es\"]}]}<\/script>\n<!-- \/ Yoast SEO plugin. -->","yoast_head_json":{"title":"PAD Fibra anti rayaduras, 100 piezas. | Acuario Supremus","description":"Aquavitro\u00ae pad\u2122 100 PZA es una esponja para algas extremadamente duradera, ideal tanto para acuarios de vidrio como de acr\u00edlico.","robots":{"index":"index","follow":"follow","max-snippet":"max-snippet:-1","max-image-preview":"max-image-preview:large","max-video-preview":"max-video-preview:-1"},"canonical":"https:\/\/acuariosupremus.com\/?product=pad-fibra-anti-rayaduras-100-piezas","og_locale":"es_MX","og_type":"article","og_title":"PAD Fibra anti rayaduras, 100 piezas. | Acuario Supremus","og_description":"Aquavitro\u00ae pad\u2122 100 PZA es una esponja para algas extremadamente duradera, ideal tanto para acuarios de vidrio como de acr\u00edlico.","og_url":"https:\/\/acuariosupremus.com\/?product=pad-fibra-anti-rayaduras-100-piezas","og_site_name":"Acuario Supremus","article_publisher":"https:\/\/www.facebook.com\/AcuarioSupremus","article_modified_time":"2025-12-21T01:52:05+00:00","og_image":[{"width":1000,"height":1000,"url":"https:\/\/acuariosupremus.com\/wp-content\/uploads\/2025\/11\/PAD-Fibra-anti-rayaduras-03.jpg","type":"image\/jpeg"}],"twitter_card":"summary_large_image","twitter_site":"@AcuarioSupremus","twitter_misc":{"Tiempo de lectura":"1 minuto"},"schema":{"@context":"https:\/\/schema.org","@graph":[{"@type":"WebPage","@id":"https:\/\/acuariosupremus.com\/?product=pad-fibra-anti-rayaduras-100-piezas","url":"https:\/\/acuariosupremus.com\/?product=pad-fibra-anti-rayaduras-100-piezas","name":"PAD Fibra anti rayaduras, 100 piezas. | Acuario Supremus","isPartOf":{"@id":"https:\/\/acuariosupremus.com\/#website"},"primaryImageOfPage":{"@id":"https:\/\/acuariosupremus.com\/?product=pad-fibra-anti-rayaduras-100-piezas#primaryimage"},"image":{"@id":"https:\/\/acuariosupremus.com\/?product=pad-fibra-anti-rayaduras-100-piezas#primaryimage"},"thumbnailUrl":"https:\/\/acuariosupremus.com\/wp-content\/uploads\/2025\/11\/PAD-Fibra-anti-rayaduras-03.jpg","datePublished":"2025-11-04T21:52:15+00:00","dateModified":"2025-12-21T01:52:05+00:00","description":"Aquavitro\u00ae pad\u2122 100 PZA es una esponja para algas extremadamente duradera, ideal tanto para acuarios de vidrio como de acr\u00edlico.","breadcrumb":{"@id":"https:\/\/acuariosupremus.com\/?product=pad-fibra-anti-rayaduras-100-piezas#breadcrumb"},"inLanguage":"es","potentialAction":[{"@type":"ReadAction","target":["https:\/\/acuariosupremus.com\/?product=pad-fibra-anti-rayaduras-100-piezas"]}]},{"@type":"ImageObject","inLanguage":"es","@id":"https:\/\/acuariosupremus.com\/?product=pad-fibra-anti-rayaduras-100-piezas#primaryimage","url":"https:\/\/acuariosupremus.com\/wp-content\/uploads\/2025\/11\/PAD-Fibra-anti-rayaduras-03.jpg","contentUrl":"https:\/\/acuariosupremus.com\/wp-content\/uploads\/2025\/11\/PAD-Fibra-anti-rayaduras-03.jpg","width":1000,"height":1000},{"@type":"BreadcrumbList","@id":"https:\/\/acuariosupremus.com\/?product=pad-fibra-anti-rayaduras-100-piezas#breadcrumb","itemListElement":[{"@type":"ListItem","position":1,"name":"Portada","item":"https:\/\/acuariosupremus.com\/"},{"@type":"ListItem","position":2,"name":"Tienda","item":"https:\/\/acuariosupremus.com\/tienda\/"},{"@type":"ListItem","position":3,"name":"PAD Fibra anti rayaduras, 100 piezas."}]},{"@type":"WebSite","@id":"https:\/\/acuariosupremus.com\/#website","url":"https:\/\/acuariosupremus.com\/","name":"Acuario Supremus","description":"Peces, Peceras y Mascotas.","publisher":{"@id":"https:\/\/acuariosupremus.com\/#organization"},"potentialAction":[{"@type":"SearchAction","target":{"@type":"EntryPoint","urlTemplate":"https:\/\/acuariosupremus.com\/?s={search_term_string}"},"query-input":{"@type":"PropertyValueSpecification","valueRequired":true,"valueName":"search_term_string"}}],"inLanguage":"es"},{"@type":"Organization","@id":"https:\/\/acuariosupremus.com\/#organization","name":"Acuario Supremus","url":"https:\/\/acuariosupremus.com\/","logo":{"@type":"ImageObject","inLanguage":"es","@id":"https:\/\/acuariosupremus.com\/#\/schema\/logo\/image\/","url":"https:\/\/acuariosupremus.com\/wp-content\/uploads\/2021\/12\/cropped-logo_acuario_supremus_fn-2.png","contentUrl":"https:\/\/acuariosupremus.com\/wp-content\/uploads\/2021\/12\/cropped-logo_acuario_supremus_fn-2.png","width":1000,"height":318,"caption":"Acuario Supremus"},"image":{"@id":"https:\/\/acuariosupremus.com\/#\/schema\/logo\/image\/"},"sameAs":["https:\/\/www.facebook.com\/AcuarioSupremus","https:\/\/x.com\/AcuarioSupremus","https:\/\/www.instagram.com\/acuariosupremus\/?hl=es"]}]}},"jetpack_sharing_enabled":true,"_links":{"self":[{"href":"https:\/\/acuariosupremus.com\/index.php?rest_route=\/wp\/v2\/product\/15474","targetHints":{"allow":["GET"]}}],"collection":[{"href":"https:\/\/acuariosupremus.com\/index.php?rest_route=\/wp\/v2\/product"}],"about":[{"href":"https:\/\/acuariosupremus.com\/index.php?rest_route=\/wp\/v2\/types\/product"}],"wp:featuredmedia":[{"embeddable":true,"href":"https:\/\/acuariosupremus.com\/index.php?rest_route=\/wp\/v2\/media\/15475"}],"wp:attachment":[{"href":"https:\/\/acuariosupremus.com\/index.php?rest_route=%2Fwp%2Fv2%2Fmedia&parent=15474"}],"wp:term":[{"taxonomy":"product_brand","embeddable":true,"href":"https:\/\/acuariosupremus.com\/index.php?rest_route=%2Fwp%2Fv2%2Fproduct_brand&post=15474"},{"taxonomy":"product_cat","embeddable":true,"href":"https:\/\/acuariosupremus.com\/index.php?rest_route=%2Fwp%2Fv2%2Fproduct_cat&post=15474"},{"taxonomy":"product_tag","embeddable":true,"href":"https:\/\/acuariosupremus.com\/index.php?rest_route=%2Fwp%2Fv2%2Fproduct_tag&post=15474"}],"curies":[{"name":"wp","href":"https:\/\/api.w.org\/{rel}","templated":true}]}}