{"id":15476,"date":"2025-11-04T17:28:00","date_gmt":"2025-11-04T23:28:00","guid":{"rendered":"https:\/\/acuariosupremus.com\/?post_type=product&#038;p=15476"},"modified":"2025-12-20T19:52:48","modified_gmt":"2025-12-21T01:52:48","slug":"sentia-doser-primary","status":"publish","type":"product","link":"https:\/\/acuariosupremus.com\/?product=sentia-doser-primary","title":{"rendered":"Sentia doser primary."},"content":{"rendered":"<p><strong>INFORMACION EN YOUTUBE:<\/strong><\/p>\n<p class=\"style-scope ytd-watch-metadata\"><a href=\"https:\/\/youtu.be\/appVxzGgmY4?si=F-UrEMnsCvLqwDwo\">Meet sentia\u2122 dose &#8211; The Smart and Intuitive Doser<\/a><\/p>\n<p class=\"style-scope ytd-watch-metadata\"><a href=\"https:\/\/youtu.be\/A3Q65VHpkZ4?si=pZupMiCJKxa0hEaD\">aquavitro sentia\u2122 Dose &#8211; What To Know!<\/a><\/p>\n<p><strong>Sistema perist\u00e1ltico giratorio<\/strong><\/p>\n<p>El cabezal de la bomba gira 360\u00b0 fij\u00e1ndose en 8 posiciones de bloqueo diferentes.<\/p>\n<p>Esto le permite montar las unidades en la orientaci\u00f3n que desee con total libertad de organizar y administrar las mangueras de la forma que mejor le convenga.<\/p>\n<p><strong>Perfil delgado<\/strong><\/p>\n<p>Un solo dispositivo mide solamente 6.7 cm de ancho. Un perfil delgado significa m\u00e1s bombas dosificadoras en menos espacio.<\/p>\n<p>Incluso con 8 unidades, una vez que se retiran los paneles laterales y se conecta cada unidad, la longitud total es inferior a 43 cm.<\/p>\n<p><strong>Configuraci\u00f3n autom\u00e1tica mediante escaneo de los c\u00f3digos de barras<\/strong><\/p>\n<p>Escanee un c\u00f3digo de barras del producto Seachem o aquavitro compatible que desee dosificar y la aplicaci\u00f3n calcular\u00e1 y configurar\u00e1 autom\u00e1ticamente la dosificaci\u00f3n seg\u00fan el volumen de agua de su acuario.<\/p>\n<p><strong>M\u00faltiples modos de dosificaci\u00f3n<\/strong><\/p>\n<p>Adem\u00e1s de la capacidad de configurar tu propio programa de dosificaci\u00f3n de forma manual, puedes realizar una dosis instant\u00e1nea en cualquier momento.<\/p>\n<p>Pero por supuesto, las ventajas reales provienen de la versatilidad de programaci\u00f3n con sus cuatro modos de dosificaci\u00f3n, que permiten ajustar con precisi\u00f3n y sencillez las dosis correctas y el mejor horario para su sistema.<\/p>\n","protected":false},"excerpt":{"rendered":"<h1 class=\"product_title entry-title\"><strong style=\"font-size: 16px;\">Bomba dosificadora modular para acuarios\u00a0 sentia<sup>TM<\/sup> dose<\/strong><\/h1>\n<p><span class=\"fontstyle0\">Sentia<\/span><span class=\"fontstyle0\">TM <\/span><span class=\"fontstyle0\">dose <\/span><span class=\"fontstyle2\">incorpora una gran cantidad de caracter\u00edsticas innovadoras, implementadas sobre la base s\u00f3lida de una bomba <\/span><span class=\"fontstyle2\">perist\u00e1ltica de calidad premium. Conecte bombas secundarias ilimitadas a la unidad principal y contr\u00f3lelas todas con <\/span><span class=\"fontstyle0\">conectividad WiFi <\/span><span class=\"fontstyle2\">desde la misma aplicaci\u00f3n en su tel\u00e9fono inteligente. Cree horarios de dosificaci\u00f3n sugeridos de forma autom\u00e1tica <\/span><span class=\"fontstyle2\">o cree los suyos propios con total versatilidad de d\u00edas de la semana, hora del d\u00eda, dosis por d\u00eda, volumen total y volumen por <\/span><span class=\"fontstyle2\">dosis para varios acuarios. Configure sus propios recordatorios y alertas para an\u00e1lisis de agua y aditivo restante en el envase.<\/span><\/p>\n<p><strong>Agregue m\u00faltiples dosificadores con facilidad<\/strong><\/p>\n<p>Quiz\u00e1s solo necesites un dosificador, o por qu\u00e9 no, 3\u2026 o 15. Puedes conectar unidades sentia<sup>TM<\/sup>\u00a0secundarias ilimitadas a la unidad primaria y controlar todas ellas desde la misma aplicaci\u00f3n en tu tel\u00e9fono inteligente.<\/p>\n<p>Simplemente retira los paneles laterales y desliza las nuevas bombas que quieras en su lugar, todo alimentado por una sola unidad primaria.<\/p>\n<p><strong>Las bombas dosificadoras Aquavitro Sentia pertenecen a la l\u00ednea de harware profesional\u00a0de la marca\u00a0aquavitro Seachem\u00a0 que es una marca premium.<\/strong><\/p>\n<p><strong>Codificaci\u00f3n de color<\/strong><\/p>\n<p>Utilice los anillos de color y las abrazaderas de manguera incluidas para codificar mediante colores sus suplementos para una f\u00e1cil identificaci\u00f3n. Tambi\u00e9n puede marcarlos todos usando el mismo color para obtener una apariencia m\u00e1s limpia.<\/p>\n<p>Cada unidad primaria o secundaria viene con un juego de anillos completo con una pieza de cada color: rojo, naranja, amarillo, verde, turquesa, azul y violeta.<\/p>\n<p><strong>F\u00e1cil instalaci\u00f3n<\/strong><\/p>\n<p>Cada bomba dosificadora incluye un soporte atornillable o adherible a una superficie vertical.<\/p>\n<p>Este soporte est\u00e1 dise\u00f1ado para encajar modularmente al lateral izquierdo y derecho para integrar todas las bombas que necesite. Para extraer o insertar la bomba del soporte, basta con deslizarla hacia arriba o hacia abajo el cuerpo de la bomba.<\/p>\n","protected":false},"featured_media":15477,"template":"","meta":[],"product_brand":[125],"product_cat":[40,94,56],"product_tag":[178,1018],"class_list":{"0":"post-15476","1":"product","2":"type-product","3":"status-publish","4":"has-post-thumbnail","6":"product_brand-aquavitro","7":"product_cat-peces","8":"product_cat-arrecife","9":"product_cat-plantas-naturales","10":"product_tag-arrecife","11":"product_tag-sentia-doser-primary","13":"first","14":"instock","15":"sale","16":"shipping-taxable","17":"purchasable","18":"product-type-simple"},"yoast_head":"<!-- This site is optimized with the Yoast SEO plugin v27.4 - https:\/\/yoast.com\/product\/yoast-seo-wordpress\/ -->\n<title>Sentia doser primary. | Acuario Supremus<\/title>\n<meta name=\"description\" content=\"SentiaTM dose incorpora una gran cantidad de caracter\u00edsticas innovadoras, implementadas sobre la base s\u00f3lida de una bomba perist\u00e1ltica de calidad premium.\" \/>\n<meta name=\"robots\" content=\"index, follow, max-snippet:-1, max-image-preview:large, max-video-preview:-1\" \/>\n<link rel=\"canonical\" href=\"https:\/\/acuariosupremus.com\/?product=sentia-doser-primary\" \/>\n<meta property=\"og:locale\" content=\"es_MX\" \/>\n<meta property=\"og:type\" content=\"article\" \/>\n<meta property=\"og:title\" content=\"Sentia doser primary. | Acuario Supremus\" \/>\n<meta property=\"og:description\" content=\"SentiaTM dose incorpora una gran cantidad de caracter\u00edsticas innovadoras, implementadas sobre la base s\u00f3lida de una bomba perist\u00e1ltica de calidad premium.\" \/>\n<meta property=\"og:url\" content=\"https:\/\/acuariosupremus.com\/?product=sentia-doser-primary\" \/>\n<meta property=\"og:site_name\" content=\"Acuario Supremus\" \/>\n<meta property=\"article:publisher\" content=\"https:\/\/www.facebook.com\/AcuarioSupremus\" \/>\n<meta property=\"article:modified_time\" content=\"2025-12-21T01:52:48+00:00\" \/>\n<meta property=\"og:image\" content=\"https:\/\/acuariosupremus.com\/wp-content\/uploads\/2025\/11\/bomba_dosificadora_aquavitro_sentia_02.jpg\" \/>\n\t<meta property=\"og:image:width\" content=\"1000\" \/>\n\t<meta property=\"og:image:height\" content=\"1000\" \/>\n\t<meta property=\"og:image:type\" content=\"image\/jpeg\" \/>\n<meta name=\"twitter:card\" content=\"summary_large_image\" \/>\n<meta name=\"twitter:site\" content=\"@AcuarioSupremus\" \/>\n<meta name=\"twitter:label1\" content=\"Tiempo de lectura\" \/>\n\t<meta name=\"twitter:data1\" content=\"2 minutos\" \/>\n<script type=\"application\/ld+json\" class=\"yoast-schema-graph\">{\"@context\":\"https:\\\/\\\/schema.org\",\"@graph\":[{\"@type\":\"WebPage\",\"@id\":\"https:\\\/\\\/acuariosupremus.com\\\/?product=sentia-doser-primary\",\"url\":\"https:\\\/\\\/acuariosupremus.com\\\/?product=sentia-doser-primary\",\"name\":\"Sentia doser primary. | Acuario Supremus\",\"isPartOf\":{\"@id\":\"https:\\\/\\\/acuariosupremus.com\\\/#website\"},\"primaryImageOfPage\":{\"@id\":\"https:\\\/\\\/acuariosupremus.com\\\/?product=sentia-doser-primary#primaryimage\"},\"image\":{\"@id\":\"https:\\\/\\\/acuariosupremus.com\\\/?product=sentia-doser-primary#primaryimage\"},\"thumbnailUrl\":\"https:\\\/\\\/acuariosupremus.com\\\/wp-content\\\/uploads\\\/2025\\\/11\\\/bomba_dosificadora_aquavitro_sentia_02.jpg\",\"datePublished\":\"2025-11-04T23:28:00+00:00\",\"dateModified\":\"2025-12-21T01:52:48+00:00\",\"description\":\"SentiaTM dose incorpora una gran cantidad de caracter\u00edsticas innovadoras, implementadas sobre la base s\u00f3lida de una bomba perist\u00e1ltica de calidad premium.\",\"breadcrumb\":{\"@id\":\"https:\\\/\\\/acuariosupremus.com\\\/?product=sentia-doser-primary#breadcrumb\"},\"inLanguage\":\"es\",\"potentialAction\":[{\"@type\":\"ReadAction\",\"target\":[\"https:\\\/\\\/acuariosupremus.com\\\/?product=sentia-doser-primary\"]}]},{\"@type\":\"ImageObject\",\"inLanguage\":\"es\",\"@id\":\"https:\\\/\\\/acuariosupremus.com\\\/?product=sentia-doser-primary#primaryimage\",\"url\":\"https:\\\/\\\/acuariosupremus.com\\\/wp-content\\\/uploads\\\/2025\\\/11\\\/bomba_dosificadora_aquavitro_sentia_02.jpg\",\"contentUrl\":\"https:\\\/\\\/acuariosupremus.com\\\/wp-content\\\/uploads\\\/2025\\\/11\\\/bomba_dosificadora_aquavitro_sentia_02.jpg\",\"width\":1000,\"height\":1000},{\"@type\":\"BreadcrumbList\",\"@id\":\"https:\\\/\\\/acuariosupremus.com\\\/?product=sentia-doser-primary#breadcrumb\",\"itemListElement\":[{\"@type\":\"ListItem\",\"position\":1,\"name\":\"Portada\",\"item\":\"https:\\\/\\\/acuariosupremus.com\\\/\"},{\"@type\":\"ListItem\",\"position\":2,\"name\":\"Tienda\",\"item\":\"https:\\\/\\\/acuariosupremus.com\\\/tienda\\\/\"},{\"@type\":\"ListItem\",\"position\":3,\"name\":\"Sentia doser primary.\"}]},{\"@type\":\"WebSite\",\"@id\":\"https:\\\/\\\/acuariosupremus.com\\\/#website\",\"url\":\"https:\\\/\\\/acuariosupremus.com\\\/\",\"name\":\"Acuario Supremus\",\"description\":\"Peces, Peceras y Mascotas.\",\"publisher\":{\"@id\":\"https:\\\/\\\/acuariosupremus.com\\\/#organization\"},\"potentialAction\":[{\"@type\":\"SearchAction\",\"target\":{\"@type\":\"EntryPoint\",\"urlTemplate\":\"https:\\\/\\\/acuariosupremus.com\\\/?s={search_term_string}\"},\"query-input\":{\"@type\":\"PropertyValueSpecification\",\"valueRequired\":true,\"valueName\":\"search_term_string\"}}],\"inLanguage\":\"es\"},{\"@type\":\"Organization\",\"@id\":\"https:\\\/\\\/acuariosupremus.com\\\/#organization\",\"name\":\"Acuario Supremus\",\"url\":\"https:\\\/\\\/acuariosupremus.com\\\/\",\"logo\":{\"@type\":\"ImageObject\",\"inLanguage\":\"es\",\"@id\":\"https:\\\/\\\/acuariosupremus.com\\\/#\\\/schema\\\/logo\\\/image\\\/\",\"url\":\"https:\\\/\\\/acuariosupremus.com\\\/wp-content\\\/uploads\\\/2021\\\/12\\\/cropped-logo_acuario_supremus_fn-2.png\",\"contentUrl\":\"https:\\\/\\\/acuariosupremus.com\\\/wp-content\\\/uploads\\\/2021\\\/12\\\/cropped-logo_acuario_supremus_fn-2.png\",\"width\":1000,\"height\":318,\"caption\":\"Acuario Supremus\"},\"image\":{\"@id\":\"https:\\\/\\\/acuariosupremus.com\\\/#\\\/schema\\\/logo\\\/image\\\/\"},\"sameAs\":[\"https:\\\/\\\/www.facebook.com\\\/AcuarioSupremus\",\"https:\\\/\\\/x.com\\\/AcuarioSupremus\",\"https:\\\/\\\/www.instagram.com\\\/acuariosupremus\\\/?hl=es\"]}]}<\/script>\n<!-- \/ Yoast SEO plugin. -->","yoast_head_json":{"title":"Sentia doser primary. | Acuario Supremus","description":"SentiaTM dose incorpora una gran cantidad de caracter\u00edsticas innovadoras, implementadas sobre la base s\u00f3lida de una bomba perist\u00e1ltica de calidad premium.","robots":{"index":"index","follow":"follow","max-snippet":"max-snippet:-1","max-image-preview":"max-image-preview:large","max-video-preview":"max-video-preview:-1"},"canonical":"https:\/\/acuariosupremus.com\/?product=sentia-doser-primary","og_locale":"es_MX","og_type":"article","og_title":"Sentia doser primary. | Acuario Supremus","og_description":"SentiaTM dose incorpora una gran cantidad de caracter\u00edsticas innovadoras, implementadas sobre la base s\u00f3lida de una bomba perist\u00e1ltica de calidad premium.","og_url":"https:\/\/acuariosupremus.com\/?product=sentia-doser-primary","og_site_name":"Acuario Supremus","article_publisher":"https:\/\/www.facebook.com\/AcuarioSupremus","article_modified_time":"2025-12-21T01:52:48+00:00","og_image":[{"width":1000,"height":1000,"url":"https:\/\/acuariosupremus.com\/wp-content\/uploads\/2025\/11\/bomba_dosificadora_aquavitro_sentia_02.jpg","type":"image\/jpeg"}],"twitter_card":"summary_large_image","twitter_site":"@AcuarioSupremus","twitter_misc":{"Tiempo de lectura":"2 minutos"},"schema":{"@context":"https:\/\/schema.org","@graph":[{"@type":"WebPage","@id":"https:\/\/acuariosupremus.com\/?product=sentia-doser-primary","url":"https:\/\/acuariosupremus.com\/?product=sentia-doser-primary","name":"Sentia doser primary. | Acuario Supremus","isPartOf":{"@id":"https:\/\/acuariosupremus.com\/#website"},"primaryImageOfPage":{"@id":"https:\/\/acuariosupremus.com\/?product=sentia-doser-primary#primaryimage"},"image":{"@id":"https:\/\/acuariosupremus.com\/?product=sentia-doser-primary#primaryimage"},"thumbnailUrl":"https:\/\/acuariosupremus.com\/wp-content\/uploads\/2025\/11\/bomba_dosificadora_aquavitro_sentia_02.jpg","datePublished":"2025-11-04T23:28:00+00:00","dateModified":"2025-12-21T01:52:48+00:00","description":"SentiaTM dose incorpora una gran cantidad de caracter\u00edsticas innovadoras, implementadas sobre la base s\u00f3lida de una bomba perist\u00e1ltica de calidad premium.","breadcrumb":{"@id":"https:\/\/acuariosupremus.com\/?product=sentia-doser-primary#breadcrumb"},"inLanguage":"es","potentialAction":[{"@type":"ReadAction","target":["https:\/\/acuariosupremus.com\/?product=sentia-doser-primary"]}]},{"@type":"ImageObject","inLanguage":"es","@id":"https:\/\/acuariosupremus.com\/?product=sentia-doser-primary#primaryimage","url":"https:\/\/acuariosupremus.com\/wp-content\/uploads\/2025\/11\/bomba_dosificadora_aquavitro_sentia_02.jpg","contentUrl":"https:\/\/acuariosupremus.com\/wp-content\/uploads\/2025\/11\/bomba_dosificadora_aquavitro_sentia_02.jpg","width":1000,"height":1000},{"@type":"BreadcrumbList","@id":"https:\/\/acuariosupremus.com\/?product=sentia-doser-primary#breadcrumb","itemListElement":[{"@type":"ListItem","position":1,"name":"Portada","item":"https:\/\/acuariosupremus.com\/"},{"@type":"ListItem","position":2,"name":"Tienda","item":"https:\/\/acuariosupremus.com\/tienda\/"},{"@type":"ListItem","position":3,"name":"Sentia doser primary."}]},{"@type":"WebSite","@id":"https:\/\/acuariosupremus.com\/#website","url":"https:\/\/acuariosupremus.com\/","name":"Acuario Supremus","description":"Peces, Peceras y Mascotas.","publisher":{"@id":"https:\/\/acuariosupremus.com\/#organization"},"potentialAction":[{"@type":"SearchAction","target":{"@type":"EntryPoint","urlTemplate":"https:\/\/acuariosupremus.com\/?s={search_term_string}"},"query-input":{"@type":"PropertyValueSpecification","valueRequired":true,"valueName":"search_term_string"}}],"inLanguage":"es"},{"@type":"Organization","@id":"https:\/\/acuariosupremus.com\/#organization","name":"Acuario Supremus","url":"https:\/\/acuariosupremus.com\/","logo":{"@type":"ImageObject","inLanguage":"es","@id":"https:\/\/acuariosupremus.com\/#\/schema\/logo\/image\/","url":"https:\/\/acuariosupremus.com\/wp-content\/uploads\/2021\/12\/cropped-logo_acuario_supremus_fn-2.png","contentUrl":"https:\/\/acuariosupremus.com\/wp-content\/uploads\/2021\/12\/cropped-logo_acuario_supremus_fn-2.png","width":1000,"height":318,"caption":"Acuario Supremus"},"image":{"@id":"https:\/\/acuariosupremus.com\/#\/schema\/logo\/image\/"},"sameAs":["https:\/\/www.facebook.com\/AcuarioSupremus","https:\/\/x.com\/AcuarioSupremus","https:\/\/www.instagram.com\/acuariosupremus\/?hl=es"]}]}},"jetpack_sharing_enabled":true,"_links":{"self":[{"href":"https:\/\/acuariosupremus.com\/index.php?rest_route=\/wp\/v2\/product\/15476","targetHints":{"allow":["GET"]}}],"collection":[{"href":"https:\/\/acuariosupremus.com\/index.php?rest_route=\/wp\/v2\/product"}],"about":[{"href":"https:\/\/acuariosupremus.com\/index.php?rest_route=\/wp\/v2\/types\/product"}],"wp:featuredmedia":[{"embeddable":true,"href":"https:\/\/acuariosupremus.com\/index.php?rest_route=\/wp\/v2\/media\/15477"}],"wp:attachment":[{"href":"https:\/\/acuariosupremus.com\/index.php?rest_route=%2Fwp%2Fv2%2Fmedia&parent=15476"}],"wp:term":[{"taxonomy":"product_brand","embeddable":true,"href":"https:\/\/acuariosupremus.com\/index.php?rest_route=%2Fwp%2Fv2%2Fproduct_brand&post=15476"},{"taxonomy":"product_cat","embeddable":true,"href":"https:\/\/acuariosupremus.com\/index.php?rest_route=%2Fwp%2Fv2%2Fproduct_cat&post=15476"},{"taxonomy":"product_tag","embeddable":true,"href":"https:\/\/acuariosupremus.com\/index.php?rest_route=%2Fwp%2Fv2%2Fproduct_tag&post=15476"}],"curies":[{"name":"wp","href":"https:\/\/api.w.org\/{rel}","templated":true}]}}