{"id":15491,"date":"2025-11-18T14:34:08","date_gmt":"2025-11-18T20:34:08","guid":{"rendered":"https:\/\/acuariosupremus.com\/?post_type=product&#038;p=15491"},"modified":"2026-02-05T18:59:05","modified_gmt":"2026-02-06T00:59:05","slug":"crema-de-cacahuate-p-perros-100g","status":"publish","type":"product","link":"https:\/\/acuariosupremus.com\/?product=crema-de-cacahuate-p-perros-100g","title":{"rendered":"CREMA DE CACAHUATE P\/ PERROS 100G"},"content":{"rendered":"<div id=\"tab-label-product.info.beneficios\" class=\"data item title active\" tabindex=\"0\" role=\"tab\" aria-labeledby=\"tab-label-product.info.beneficios-title\" data-role=\"collapsible\" data-collapsible=\"true\" aria-controls=\"product.info.beneficios\" aria-selected=\"true\" aria-expanded=\"true\">\n<div id=\"tab-label-product.info.ingredientes.formulacion\" class=\"data item title active\" tabindex=\"0\" role=\"tab\" aria-labeledby=\"tab-label-product.info.ingredientes.formulacion-title\" data-role=\"collapsible\" data-collapsible=\"true\" aria-controls=\"product.info.ingredientes.formulacion\" aria-selected=\"true\" aria-expanded=\"true\">INGREDIENTES\/FORMULACI\u00d3N<\/div>\n<div id=\"product.info.ingredientes.formulacion\" class=\"data item content\" role=\"tabpanel\" data-role=\"content\" aria-labelledby=\"tab-label-product.info.ingredientes.formulacion\" aria-hidden=\"false\">\n<div class=\"product attribute ingredientes_formulacion\">\n<div class=\"value\">Crema de cacahuate, grasa vegetal, lecitina de soya, mezcla de vitaminas y minerales (vitaminas A, D3, E, K3, B1, B2, B6, B12, C, \u00e1cido pantot\u00e9nico, \u00e1cido f\u00f3lico, biotina, betacaroteno, cloruro de colina, cobre, hierro, manganeso, yodo, zinc, selenio, carbonato de calcio y nicotinamida), sabor artificial, BHT Y BHA como antioxidantes.<\/div>\n<div class=\"value\">An\u00e1lisis Garantizado:<\/div>\n<div class=\"value\">Prote\u00edna cruda (m\u00edn.)\u00a0 24.5 %\u00a0 \u00a0 \u00a0Grasa cruda (m\u00edn.) 54 %\u00a0 \u00a0Fibra cruda (m\u00e1x.) \u00a02%\u00a0 \u00a0Humedad (m\u00e1x. 6 %.<\/div>\n<div>\n<div id=\"tab-label-product.info.ingredientes.modo.de.uso\" class=\"data item title active\" tabindex=\"0\" role=\"tab\" aria-labeledby=\"tab-label-product.info.ingredientes.modo.de.uso-title\" data-role=\"collapsible\" data-collapsible=\"true\" aria-controls=\"product.info.ingredientes.modo.de.uso\" aria-selected=\"true\" aria-expanded=\"true\">MODO DE USO \/ PRECAUCIONES Y ADVERTENCIAS<\/div>\n<div id=\"product.info.ingredientes.modo.de.uso\" class=\"data item content\" role=\"tabpanel\" data-role=\"content\" aria-labelledby=\"tab-label-product.info.ingredientes.modo.de.uso\" aria-hidden=\"false\">\n<div class=\"product attribute modo_de_uso_precuaciones_y_adv\">\n<div class=\"value\">Unte en un plato plegable, en un tapete de lamer, en el interior de un juguete y\/o sobre su alimento y permita que el perro disfrute de la cantidad recomendada. Menor a 5 kg \u2013 4g. De 5 a 10 kg \u2013 8 g. De 11 a 25 kg \u2013 12 g. De 26 a 40 kg \u2013 16 g. Mayor a 41 kg \u2013 20 g. Complemente su uso con <a href=\"https:\/\/acuariosupremus.com\/?product=tapete-p-lamer-con-espatula-modelo-perro\">el tapete para lamer (FL8391)<\/a> o para adornar su <a href=\"https:\/\/acuariosupremus.com\/?product=mezcla-p-pastel-sabor-vainilla-con-crema-100-g\">pastel (FL4515)<\/a> , <a href=\"https:\/\/acuariosupremus.com\/?product=mezcla-p-pastel-sabor-vainilla-con-crema-100-g\">pastel (FL4516)<\/a>\u00a0 y <a href=\"https:\/\/acuariosupremus.com\/?product=mezcla-p-pastel-sabor-cookies-and-cream-100-g\">pastel (FL4517)<\/a> de Fancy Pets. Conserve el empaque en un lugar fresco, seco y protegido de la luz solar. Una vez abierto, mant\u00e9nganse en refrigeraci\u00f3n. La crema de cacahuate es alta en calor\u00edas y grasa, por lo que debe darse con moderaci\u00f3n, especialmente a perros peque\u00f1os, perros con poca actividad f\u00edsica o con sobrepeso. No exceder la cantidad recomendada. Para perros mayores de 6 meses de edad. Este producto no sustituye una alimentaci\u00f3n diaria y balanceada del perro<\/div>\n<\/div>\n<\/div>\n<\/div>\n<\/div>\n<\/div>\n<\/div>\n","protected":false},"excerpt":{"rendered":"<p>La crema de cacahuate de Fancy Pets es un Snakc nutritivo e irresistible que deleitara a tu perro con una textura y un sabor que le encantar\u00e1n. Elaborada con ingredientes de alta calidad, es una excelente fuente de energ\u00eda para su actividad diaria. M\u00e1s que un simple premio, es un complemento nutricional que contribuye a la salud y el bienestar de tu mascota. Su f\u00f3rmula est\u00e1 enriquecida con vitaminas, minerales y antioxidantes, y es una fuente natural de prote\u00ednas y grasas saludables, incluyendo \u00e1cidos grasos omega-3 y omega-6, esenciales para el desarrollo muscular, la piel sana y un pelaje brillante. Ideal para premiar a tu perro, esta crema de cacahuate convierte cada bocado en un momento de alegr\u00eda y nutrici\u00f3n. N\u00famero de autorizaci\u00f3n: A- 7290-120 La crema de cacahuate de Fancy Pets es un Snakc nutritivo e irresistible que deleitara a tu perro con una textura y un sabor que le encantar\u00e1n. Elaborada con ingredientes de alta calidad, es una excelente fuente de energ\u00eda para su actividad diaria. M\u00e1s que un simple premio, es un complemento nutricional que contribuye a la salud y el bienestar de tu mascota. Su f\u00f3rmula est\u00e1 enriquecida con vitaminas, minerales y antioxidantes, y es una fuente natural de prote\u00ednas y grasas saludables, incluyendo \u00e1cidos grasos omega-3 y omega-6, esenciales para el desarrollo muscular, la piel sana y un pelaje brillante. Ideal para premiar a tu perro, esta crema de cacahuate convierte cada bocado en un momento de alegr\u00eda y nutrici\u00f3n. N\u00famero de autorizaci\u00f3n: A- 7290-120<\/p>\n<div id=\"tab-label-product.info.beneficios\" class=\"data item title active\" tabindex=\"0\" role=\"tab\" aria-labeledby=\"tab-label-product.info.beneficios-title\" data-role=\"collapsible\" data-collapsible=\"true\" aria-controls=\"product.info.beneficios\" aria-selected=\"true\" aria-expanded=\"true\">BENEFICIOS<\/div>\n<div id=\"product.info.beneficios\" class=\"data item content\" role=\"tabpanel\" data-role=\"content\" aria-labelledby=\"tab-label-product.info.beneficios\" aria-hidden=\"false\">\n<div class=\"product attribute beneficios\">\n<div class=\"value\">Fuente de prote\u00edna natural y grasas saludables: Rica en prote\u00edna natural de alta calidad y grasas saludables, nutrientes esenciales para el crecimiento y el desarrollo muscular de tu perro. Contribuye a una piel y un pelaje saludables: Su formulaci\u00f3n incluye \u00e1cidos grasos omega-3 y omega-6, que ayudan a promover la salud de la piel y promover un pelaje brillante y sano. Aporte de vitaminas y minerales: Est\u00e1 fortificado con una mezcla equilibrada de vitaminas y minerales que complementan la nutrici\u00f3n diaria de tu perro Proporciona energ\u00eda de liberaci\u00f3n lenta: Al ser una excelente fuente de energ\u00eda sostenida, ayuda a mantener a tu mascota activa y con vitalidad durante toda su rutina diaria. Mejora la palatabilidad de las croquetas ayudando a aumentar su consumo en perros con paladares exigentes. Ideal como premio de entrenamiento o para enriquecimiento ambiental: Su textura y delicioso sabor lo convierten en la opci\u00f3n perfecta para usar durante el entrenamiento, en tapetes de lamer, juguetes interactivos o simplemente untado sobre el alimento.<\/div>\n<\/div>\n<\/div>\n","protected":false},"featured_media":15492,"template":"","meta":[],"product_brand":[106],"product_cat":[73,80],"product_tag":[1020,480],"class_list":{"0":"post-15491","1":"product","2":"type-product","3":"status-publish","4":"has-post-thumbnail","6":"product_brand-fancypets","7":"product_cat-perros","8":"product_cat-premios","9":"product_tag-crema-de-cacahuate-perros","10":"product_tag-premios-para-perros","12":"first","13":"instock","14":"sale","15":"shipping-taxable","16":"purchasable","17":"product-type-simple"},"yoast_head":"<!-- This site is optimized with the Yoast SEO plugin v27.4 - https:\/\/yoast.com\/product\/yoast-seo-wordpress\/ -->\n<title>CREMA DE CACAHUATE P\/ PERROS 100G | Acuario Supremus<\/title>\n<meta name=\"description\" content=\"La crema de cacahuate de Fancy Pets es un Snakc nutritivo e irresistible que deleitara a tu perro con una textura y un sabor que le encantar\u00e1n\" \/>\n<meta name=\"robots\" content=\"index, follow, max-snippet:-1, max-image-preview:large, max-video-preview:-1\" \/>\n<link rel=\"canonical\" href=\"https:\/\/acuariosupremus.com\/?product=crema-de-cacahuate-p-perros-100g\" \/>\n<meta property=\"og:locale\" content=\"es_MX\" \/>\n<meta property=\"og:type\" content=\"article\" \/>\n<meta property=\"og:title\" content=\"CREMA DE CACAHUATE P\/ PERROS 100G | Acuario Supremus\" \/>\n<meta property=\"og:description\" content=\"La crema de cacahuate de Fancy Pets es un Snakc nutritivo e irresistible que deleitara a tu perro con una textura y un sabor que le encantar\u00e1n\" \/>\n<meta property=\"og:url\" content=\"https:\/\/acuariosupremus.com\/?product=crema-de-cacahuate-p-perros-100g\" \/>\n<meta property=\"og:site_name\" content=\"Acuario Supremus\" \/>\n<meta property=\"article:publisher\" content=\"https:\/\/www.facebook.com\/AcuarioSupremus\" \/>\n<meta property=\"article:modified_time\" content=\"2026-02-06T00:59:05+00:00\" \/>\n<meta property=\"og:image\" content=\"https:\/\/acuariosupremus.com\/wp-content\/uploads\/2025\/11\/FL4523.jpg\" \/>\n\t<meta property=\"og:image:width\" content=\"800\" \/>\n\t<meta property=\"og:image:height\" content=\"800\" \/>\n\t<meta property=\"og:image:type\" content=\"image\/jpeg\" \/>\n<meta name=\"twitter:card\" content=\"summary_large_image\" \/>\n<meta name=\"twitter:site\" content=\"@AcuarioSupremus\" \/>\n<meta name=\"twitter:label1\" content=\"Tiempo de lectura\" \/>\n\t<meta name=\"twitter:data1\" content=\"2 minutos\" \/>\n<script type=\"application\/ld+json\" class=\"yoast-schema-graph\">{\"@context\":\"https:\\\/\\\/schema.org\",\"@graph\":[{\"@type\":\"WebPage\",\"@id\":\"https:\\\/\\\/acuariosupremus.com\\\/?product=crema-de-cacahuate-p-perros-100g\",\"url\":\"https:\\\/\\\/acuariosupremus.com\\\/?product=crema-de-cacahuate-p-perros-100g\",\"name\":\"CREMA DE CACAHUATE P\\\/ PERROS 100G | Acuario Supremus\",\"isPartOf\":{\"@id\":\"https:\\\/\\\/acuariosupremus.com\\\/#website\"},\"primaryImageOfPage\":{\"@id\":\"https:\\\/\\\/acuariosupremus.com\\\/?product=crema-de-cacahuate-p-perros-100g#primaryimage\"},\"image\":{\"@id\":\"https:\\\/\\\/acuariosupremus.com\\\/?product=crema-de-cacahuate-p-perros-100g#primaryimage\"},\"thumbnailUrl\":\"https:\\\/\\\/acuariosupremus.com\\\/wp-content\\\/uploads\\\/2025\\\/11\\\/FL4523.jpg\",\"datePublished\":\"2025-11-18T20:34:08+00:00\",\"dateModified\":\"2026-02-06T00:59:05+00:00\",\"description\":\"La crema de cacahuate de Fancy Pets es un Snakc nutritivo e irresistible que deleitara a tu perro con una textura y un sabor que le encantar\u00e1n\",\"breadcrumb\":{\"@id\":\"https:\\\/\\\/acuariosupremus.com\\\/?product=crema-de-cacahuate-p-perros-100g#breadcrumb\"},\"inLanguage\":\"es\",\"potentialAction\":[{\"@type\":\"ReadAction\",\"target\":[\"https:\\\/\\\/acuariosupremus.com\\\/?product=crema-de-cacahuate-p-perros-100g\"]}]},{\"@type\":\"ImageObject\",\"inLanguage\":\"es\",\"@id\":\"https:\\\/\\\/acuariosupremus.com\\\/?product=crema-de-cacahuate-p-perros-100g#primaryimage\",\"url\":\"https:\\\/\\\/acuariosupremus.com\\\/wp-content\\\/uploads\\\/2025\\\/11\\\/FL4523.jpg\",\"contentUrl\":\"https:\\\/\\\/acuariosupremus.com\\\/wp-content\\\/uploads\\\/2025\\\/11\\\/FL4523.jpg\",\"width\":800,\"height\":800},{\"@type\":\"BreadcrumbList\",\"@id\":\"https:\\\/\\\/acuariosupremus.com\\\/?product=crema-de-cacahuate-p-perros-100g#breadcrumb\",\"itemListElement\":[{\"@type\":\"ListItem\",\"position\":1,\"name\":\"Portada\",\"item\":\"https:\\\/\\\/acuariosupremus.com\\\/\"},{\"@type\":\"ListItem\",\"position\":2,\"name\":\"Tienda\",\"item\":\"https:\\\/\\\/acuariosupremus.com\\\/tienda\\\/\"},{\"@type\":\"ListItem\",\"position\":3,\"name\":\"CREMA DE CACAHUATE P\\\/ PERROS 100G\"}]},{\"@type\":\"WebSite\",\"@id\":\"https:\\\/\\\/acuariosupremus.com\\\/#website\",\"url\":\"https:\\\/\\\/acuariosupremus.com\\\/\",\"name\":\"Acuario Supremus\",\"description\":\"Peces, Peceras y Mascotas.\",\"publisher\":{\"@id\":\"https:\\\/\\\/acuariosupremus.com\\\/#organization\"},\"potentialAction\":[{\"@type\":\"SearchAction\",\"target\":{\"@type\":\"EntryPoint\",\"urlTemplate\":\"https:\\\/\\\/acuariosupremus.com\\\/?s={search_term_string}\"},\"query-input\":{\"@type\":\"PropertyValueSpecification\",\"valueRequired\":true,\"valueName\":\"search_term_string\"}}],\"inLanguage\":\"es\"},{\"@type\":\"Organization\",\"@id\":\"https:\\\/\\\/acuariosupremus.com\\\/#organization\",\"name\":\"Acuario Supremus\",\"url\":\"https:\\\/\\\/acuariosupremus.com\\\/\",\"logo\":{\"@type\":\"ImageObject\",\"inLanguage\":\"es\",\"@id\":\"https:\\\/\\\/acuariosupremus.com\\\/#\\\/schema\\\/logo\\\/image\\\/\",\"url\":\"https:\\\/\\\/acuariosupremus.com\\\/wp-content\\\/uploads\\\/2021\\\/12\\\/cropped-logo_acuario_supremus_fn-2.png\",\"contentUrl\":\"https:\\\/\\\/acuariosupremus.com\\\/wp-content\\\/uploads\\\/2021\\\/12\\\/cropped-logo_acuario_supremus_fn-2.png\",\"width\":1000,\"height\":318,\"caption\":\"Acuario Supremus\"},\"image\":{\"@id\":\"https:\\\/\\\/acuariosupremus.com\\\/#\\\/schema\\\/logo\\\/image\\\/\"},\"sameAs\":[\"https:\\\/\\\/www.facebook.com\\\/AcuarioSupremus\",\"https:\\\/\\\/x.com\\\/AcuarioSupremus\",\"https:\\\/\\\/www.instagram.com\\\/acuariosupremus\\\/?hl=es\"]}]}<\/script>\n<!-- \/ Yoast SEO plugin. -->","yoast_head_json":{"title":"CREMA DE CACAHUATE P\/ PERROS 100G | Acuario Supremus","description":"La crema de cacahuate de Fancy Pets es un Snakc nutritivo e irresistible que deleitara a tu perro con una textura y un sabor que le encantar\u00e1n","robots":{"index":"index","follow":"follow","max-snippet":"max-snippet:-1","max-image-preview":"max-image-preview:large","max-video-preview":"max-video-preview:-1"},"canonical":"https:\/\/acuariosupremus.com\/?product=crema-de-cacahuate-p-perros-100g","og_locale":"es_MX","og_type":"article","og_title":"CREMA DE CACAHUATE P\/ PERROS 100G | Acuario Supremus","og_description":"La crema de cacahuate de Fancy Pets es un Snakc nutritivo e irresistible que deleitara a tu perro con una textura y un sabor que le encantar\u00e1n","og_url":"https:\/\/acuariosupremus.com\/?product=crema-de-cacahuate-p-perros-100g","og_site_name":"Acuario Supremus","article_publisher":"https:\/\/www.facebook.com\/AcuarioSupremus","article_modified_time":"2026-02-06T00:59:05+00:00","og_image":[{"width":800,"height":800,"url":"https:\/\/acuariosupremus.com\/wp-content\/uploads\/2025\/11\/FL4523.jpg","type":"image\/jpeg"}],"twitter_card":"summary_large_image","twitter_site":"@AcuarioSupremus","twitter_misc":{"Tiempo de lectura":"2 minutos"},"schema":{"@context":"https:\/\/schema.org","@graph":[{"@type":"WebPage","@id":"https:\/\/acuariosupremus.com\/?product=crema-de-cacahuate-p-perros-100g","url":"https:\/\/acuariosupremus.com\/?product=crema-de-cacahuate-p-perros-100g","name":"CREMA DE CACAHUATE P\/ PERROS 100G | Acuario Supremus","isPartOf":{"@id":"https:\/\/acuariosupremus.com\/#website"},"primaryImageOfPage":{"@id":"https:\/\/acuariosupremus.com\/?product=crema-de-cacahuate-p-perros-100g#primaryimage"},"image":{"@id":"https:\/\/acuariosupremus.com\/?product=crema-de-cacahuate-p-perros-100g#primaryimage"},"thumbnailUrl":"https:\/\/acuariosupremus.com\/wp-content\/uploads\/2025\/11\/FL4523.jpg","datePublished":"2025-11-18T20:34:08+00:00","dateModified":"2026-02-06T00:59:05+00:00","description":"La crema de cacahuate de Fancy Pets es un Snakc nutritivo e irresistible que deleitara a tu perro con una textura y un sabor que le encantar\u00e1n","breadcrumb":{"@id":"https:\/\/acuariosupremus.com\/?product=crema-de-cacahuate-p-perros-100g#breadcrumb"},"inLanguage":"es","potentialAction":[{"@type":"ReadAction","target":["https:\/\/acuariosupremus.com\/?product=crema-de-cacahuate-p-perros-100g"]}]},{"@type":"ImageObject","inLanguage":"es","@id":"https:\/\/acuariosupremus.com\/?product=crema-de-cacahuate-p-perros-100g#primaryimage","url":"https:\/\/acuariosupremus.com\/wp-content\/uploads\/2025\/11\/FL4523.jpg","contentUrl":"https:\/\/acuariosupremus.com\/wp-content\/uploads\/2025\/11\/FL4523.jpg","width":800,"height":800},{"@type":"BreadcrumbList","@id":"https:\/\/acuariosupremus.com\/?product=crema-de-cacahuate-p-perros-100g#breadcrumb","itemListElement":[{"@type":"ListItem","position":1,"name":"Portada","item":"https:\/\/acuariosupremus.com\/"},{"@type":"ListItem","position":2,"name":"Tienda","item":"https:\/\/acuariosupremus.com\/tienda\/"},{"@type":"ListItem","position":3,"name":"CREMA DE CACAHUATE P\/ PERROS 100G"}]},{"@type":"WebSite","@id":"https:\/\/acuariosupremus.com\/#website","url":"https:\/\/acuariosupremus.com\/","name":"Acuario Supremus","description":"Peces, Peceras y Mascotas.","publisher":{"@id":"https:\/\/acuariosupremus.com\/#organization"},"potentialAction":[{"@type":"SearchAction","target":{"@type":"EntryPoint","urlTemplate":"https:\/\/acuariosupremus.com\/?s={search_term_string}"},"query-input":{"@type":"PropertyValueSpecification","valueRequired":true,"valueName":"search_term_string"}}],"inLanguage":"es"},{"@type":"Organization","@id":"https:\/\/acuariosupremus.com\/#organization","name":"Acuario Supremus","url":"https:\/\/acuariosupremus.com\/","logo":{"@type":"ImageObject","inLanguage":"es","@id":"https:\/\/acuariosupremus.com\/#\/schema\/logo\/image\/","url":"https:\/\/acuariosupremus.com\/wp-content\/uploads\/2021\/12\/cropped-logo_acuario_supremus_fn-2.png","contentUrl":"https:\/\/acuariosupremus.com\/wp-content\/uploads\/2021\/12\/cropped-logo_acuario_supremus_fn-2.png","width":1000,"height":318,"caption":"Acuario Supremus"},"image":{"@id":"https:\/\/acuariosupremus.com\/#\/schema\/logo\/image\/"},"sameAs":["https:\/\/www.facebook.com\/AcuarioSupremus","https:\/\/x.com\/AcuarioSupremus","https:\/\/www.instagram.com\/acuariosupremus\/?hl=es"]}]}},"jetpack_sharing_enabled":true,"_links":{"self":[{"href":"https:\/\/acuariosupremus.com\/index.php?rest_route=\/wp\/v2\/product\/15491","targetHints":{"allow":["GET"]}}],"collection":[{"href":"https:\/\/acuariosupremus.com\/index.php?rest_route=\/wp\/v2\/product"}],"about":[{"href":"https:\/\/acuariosupremus.com\/index.php?rest_route=\/wp\/v2\/types\/product"}],"wp:featuredmedia":[{"embeddable":true,"href":"https:\/\/acuariosupremus.com\/index.php?rest_route=\/wp\/v2\/media\/15492"}],"wp:attachment":[{"href":"https:\/\/acuariosupremus.com\/index.php?rest_route=%2Fwp%2Fv2%2Fmedia&parent=15491"}],"wp:term":[{"taxonomy":"product_brand","embeddable":true,"href":"https:\/\/acuariosupremus.com\/index.php?rest_route=%2Fwp%2Fv2%2Fproduct_brand&post=15491"},{"taxonomy":"product_cat","embeddable":true,"href":"https:\/\/acuariosupremus.com\/index.php?rest_route=%2Fwp%2Fv2%2Fproduct_cat&post=15491"},{"taxonomy":"product_tag","embeddable":true,"href":"https:\/\/acuariosupremus.com\/index.php?rest_route=%2Fwp%2Fv2%2Fproduct_tag&post=15491"}],"curies":[{"name":"wp","href":"https:\/\/api.w.org\/{rel}","templated":true}]}}