{"id":15530,"date":"2025-11-25T16:09:48","date_gmt":"2025-11-25T22:09:48","guid":{"rendered":"https:\/\/acuariosupremus.com\/?post_type=product&#038;p=15530"},"modified":"2026-01-07T16:41:48","modified_gmt":"2026-01-07T22:41:48","slug":"bebedero-de-vidrio-p-colibri-175-ml","status":"publish","type":"product","link":"https:\/\/acuariosupremus.com\/?product=bebedero-de-vidrio-p-colibri-175-ml","title":{"rendered":"BEBEDERO DE VIDRIO P\/COLIBRI 175 ML"},"content":{"rendered":"<p>MODO DE USO \/ PRECAUCIONES Y ADVERTENCIAS:<\/p>\n<div id=\"product.info.ingredientes.modo.de.uso\" class=\"data item content\" role=\"tabpanel\" data-role=\"content\" aria-labelledby=\"tab-label-product.info.ingredientes.modo.de.uso\" aria-hidden=\"false\">\n<div class=\"product attribute modo_de_uso_precuaciones_y_adv\">\n<div class=\"value\">Lave todas las piezas del primer uso con agua tibia y jab\u00f3n suave. Coloque primero las flores amarillas presionando y girando suavemente hasta que encajen. Inserte las flores rojas con percha en cada estaci\u00f3n de alimentaci\u00f3n. Llene la base de vidrio con n\u00e9ctar para colibr\u00edes RedKite, procurando evitar derrames. Enrosque la tapa pl\u00e1stica roja f\u00e1cilmente. Coloque el gancho met\u00e1lico en la tapa y cuelgue el gancho met\u00e1lico en la tapa y cuelgue el bebedero en una rama, p\u00e9rgola o balc\u00f3n, en un lugar visible para las aves y protegido del sol directo excesivo. Lave con agua y jab\u00f3n, y recargue el bebedero cada 2 a 3 d\u00edas en climas c\u00e1lidos, una vez por semana en climas fr\u00edos o seg\u00fan sea necesario.Evite colocar el bebedero ceca de nidos o zonas con mucho trafico humano para no estresar a las aves. Mantenga el bebedero siempre limpio para evitar la proliferaci\u00f3n de hongos y bacterias.Este producto no es un juguete, mant\u00e9ngalo fuera del alcance de ni\u00f1os peque\u00f1os. No utilizar limpiadores abrasivos ni esponjas met\u00e1licas que puedan rayas las piezas. Si el vidrio o la tapa presenta grietas, roturas o desgaste, reempl\u00e1celo inmediatamente para evitar lesiones a las aves.<\/div>\n<\/div>\n<\/div>\n<p>Material: 80% Vidrio, 20% polipropileno,\u00a0 Medidas: 14 x 14 x 11 cm, Capacidad : 175 ml. Contenido: &#8211; 1 pieza<br \/>\n&#8211; Incluye gancho y alambre forrado para colgar<\/p>\n","protected":false},"excerpt":{"rendered":"<div id=\"tab-label-description\" class=\"data item title active\" tabindex=\"0\" role=\"tab\" aria-labeledby=\"tab-label-description-title\" data-role=\"collapsible\" data-collapsible=\"true\" aria-controls=\"description\" aria-selected=\"false\" aria-expanded=\"true\">DESCRIPCI\u00d3N:<\/div>\n<div id=\"description\" class=\"data item content\" role=\"tabpanel\" data-role=\"content\" aria-labelledby=\"tab-label-description\" aria-hidden=\"false\">\n<div class=\"product attribute description\">\n<div class=\"value\">\n<p>Encantador bebedero colgante, perfecto para quienes desean disfrutar de la belleza de los colibr\u00edes en casa. Su base transparente permite ver f\u00e1cilmente el nivel del n\u00e9ctar, mientras que la tapa de rosca evita derrames y facilita el llenado. Cuenta con cuatro estaciones de alimentaci\u00f3n en forma de flor, cada una cuenta con percha, para que varios colibr\u00edes se alimenten c\u00f3modamente al mismo tiempo. El dise\u00f1o en tonos rojos y amarillos simula flores naturales, atrayendo a los colibr\u00edes de forma efectiva. Es f\u00e1cil de colgar gracias al gancho met\u00e1lico incluido y se desmonta por completo para una limpieza sencilla. Ideal para colocar enramas, p\u00e9rgolas o balcones, ofreciendo un punto de descanso y alimentaci\u00f3n seguro para estas incre\u00edbles aves.<\/p>\n<div id=\"tab-label-product.info.beneficios\" class=\"data item title active\" tabindex=\"0\" role=\"tab\" aria-labeledby=\"tab-label-product.info.beneficios-title\" data-role=\"collapsible\" data-collapsible=\"true\" aria-controls=\"product.info.beneficios\" aria-selected=\"true\" aria-expanded=\"true\">BENEFICIOS<\/div>\n<div id=\"product.info.beneficios\" class=\"data item content\" role=\"tabpanel\" data-role=\"content\" aria-labelledby=\"tab-label-product.info.beneficios\" aria-hidden=\"false\">\n<div class=\"product attribute beneficios\">\n<div class=\"value\">Atractivo para colibr\u00edes: Sus colores vivos y formas florales imitan flores naturales, lo que facilita atraer al jard\u00edn o balc\u00f3n. Alimentaci\u00f3n c\u00f3moda y simultanea: Las cuatro estaciones de alimentaci\u00f3n con perchas permiten que varios colibr\u00edes se posen y se alimenten al mismo tiempo, sin estr\u00e9s ni competencia. F\u00e1cil llenado y sin derrames: La tapa de rosca asegura un cierre herm\u00e9tico, evitando fugas de n\u00e9ctar y facilitando el relleno del recipiente. Higiene sencilla: El dise\u00f1o desmontable permite separar piezas para una limpieza profunda, previniendo la acumulaci\u00f3n de bacterias. Instalaci\u00f3n pr\u00e1ctica y segura: Incluye un gancho met\u00e1lico que permite colgar el bebedero f\u00e1cilmente en lugares elevados, manteni\u00e9ndolo fuera del alcance de depredadores.<\/div>\n<\/div>\n<\/div>\n<\/div>\n<\/div>\n<\/div>\n","protected":false},"featured_media":15531,"template":"","meta":[],"product_brand":[104],"product_cat":[20,22],"product_tag":[267],"class_list":{"0":"post-15530","1":"product","2":"type-product","3":"status-publish","4":"has-post-thumbnail","6":"product_brand-redkite","7":"product_cat-aves","8":"product_cat-dispensadores","9":"product_tag-bebedero-colibri","11":"first","12":"instock","13":"sale","14":"shipping-taxable","15":"purchasable","16":"product-type-simple"},"yoast_head":"<!-- This site is optimized with the Yoast SEO plugin v27.4 - https:\/\/yoast.com\/product\/yoast-seo-wordpress\/ -->\n<title>BEBEDERO DE VIDRIO P\/COLIBRI 175 ML | Acuario Supremus<\/title>\n<meta name=\"description\" content=\"Bebedero 175 ml, con cuatro estaciones de alimentaci\u00f3n, Vidrio de alta resistencia, Base desmontable para facilitar su llenado y limpieza.\" \/>\n<meta name=\"robots\" content=\"index, follow, max-snippet:-1, max-image-preview:large, max-video-preview:-1\" \/>\n<link rel=\"canonical\" href=\"https:\/\/acuariosupremus.com\/?product=bebedero-de-vidrio-p-colibri-175-ml\" \/>\n<meta property=\"og:locale\" content=\"es_MX\" \/>\n<meta property=\"og:type\" content=\"article\" \/>\n<meta property=\"og:title\" content=\"BEBEDERO DE VIDRIO P\/COLIBRI 175 ML | Acuario Supremus\" \/>\n<meta property=\"og:description\" content=\"Bebedero 175 ml, con cuatro estaciones de alimentaci\u00f3n, Vidrio de alta resistencia, Base desmontable para facilitar su llenado y limpieza.\" \/>\n<meta property=\"og:url\" content=\"https:\/\/acuariosupremus.com\/?product=bebedero-de-vidrio-p-colibri-175-ml\" \/>\n<meta property=\"og:site_name\" content=\"Acuario Supremus\" \/>\n<meta property=\"article:publisher\" content=\"https:\/\/www.facebook.com\/AcuarioSupremus\" \/>\n<meta property=\"article:modified_time\" content=\"2026-01-07T22:41:48+00:00\" \/>\n<meta property=\"og:image\" content=\"https:\/\/acuariosupremus.com\/wp-content\/uploads\/2025\/11\/FL9253_K_C.jpg\" \/>\n\t<meta property=\"og:image:width\" content=\"600\" \/>\n\t<meta property=\"og:image:height\" content=\"600\" \/>\n\t<meta property=\"og:image:type\" content=\"image\/jpeg\" \/>\n<meta name=\"twitter:card\" content=\"summary_large_image\" \/>\n<meta name=\"twitter:site\" content=\"@AcuarioSupremus\" \/>\n<meta name=\"twitter:label1\" content=\"Tiempo de lectura\" \/>\n\t<meta name=\"twitter:data1\" content=\"2 minutos\" \/>\n<script type=\"application\/ld+json\" class=\"yoast-schema-graph\">{\"@context\":\"https:\\\/\\\/schema.org\",\"@graph\":[{\"@type\":\"WebPage\",\"@id\":\"https:\\\/\\\/acuariosupremus.com\\\/?product=bebedero-de-vidrio-p-colibri-175-ml\",\"url\":\"https:\\\/\\\/acuariosupremus.com\\\/?product=bebedero-de-vidrio-p-colibri-175-ml\",\"name\":\"BEBEDERO DE VIDRIO P\\\/COLIBRI 175 ML | Acuario Supremus\",\"isPartOf\":{\"@id\":\"https:\\\/\\\/acuariosupremus.com\\\/#website\"},\"primaryImageOfPage\":{\"@id\":\"https:\\\/\\\/acuariosupremus.com\\\/?product=bebedero-de-vidrio-p-colibri-175-ml#primaryimage\"},\"image\":{\"@id\":\"https:\\\/\\\/acuariosupremus.com\\\/?product=bebedero-de-vidrio-p-colibri-175-ml#primaryimage\"},\"thumbnailUrl\":\"https:\\\/\\\/acuariosupremus.com\\\/wp-content\\\/uploads\\\/2025\\\/11\\\/FL9253_K_C.jpg\",\"datePublished\":\"2025-11-25T22:09:48+00:00\",\"dateModified\":\"2026-01-07T22:41:48+00:00\",\"description\":\"Bebedero 175 ml, con cuatro estaciones de alimentaci\u00f3n, Vidrio de alta resistencia, Base desmontable para facilitar su llenado y limpieza.\",\"breadcrumb\":{\"@id\":\"https:\\\/\\\/acuariosupremus.com\\\/?product=bebedero-de-vidrio-p-colibri-175-ml#breadcrumb\"},\"inLanguage\":\"es\",\"potentialAction\":[{\"@type\":\"ReadAction\",\"target\":[\"https:\\\/\\\/acuariosupremus.com\\\/?product=bebedero-de-vidrio-p-colibri-175-ml\"]}]},{\"@type\":\"ImageObject\",\"inLanguage\":\"es\",\"@id\":\"https:\\\/\\\/acuariosupremus.com\\\/?product=bebedero-de-vidrio-p-colibri-175-ml#primaryimage\",\"url\":\"https:\\\/\\\/acuariosupremus.com\\\/wp-content\\\/uploads\\\/2025\\\/11\\\/FL9253_K_C.jpg\",\"contentUrl\":\"https:\\\/\\\/acuariosupremus.com\\\/wp-content\\\/uploads\\\/2025\\\/11\\\/FL9253_K_C.jpg\",\"width\":600,\"height\":600},{\"@type\":\"BreadcrumbList\",\"@id\":\"https:\\\/\\\/acuariosupremus.com\\\/?product=bebedero-de-vidrio-p-colibri-175-ml#breadcrumb\",\"itemListElement\":[{\"@type\":\"ListItem\",\"position\":1,\"name\":\"Portada\",\"item\":\"https:\\\/\\\/acuariosupremus.com\\\/\"},{\"@type\":\"ListItem\",\"position\":2,\"name\":\"Tienda\",\"item\":\"https:\\\/\\\/acuariosupremus.com\\\/tienda\\\/\"},{\"@type\":\"ListItem\",\"position\":3,\"name\":\"BEBEDERO DE VIDRIO P\\\/COLIBRI 175 ML\"}]},{\"@type\":\"WebSite\",\"@id\":\"https:\\\/\\\/acuariosupremus.com\\\/#website\",\"url\":\"https:\\\/\\\/acuariosupremus.com\\\/\",\"name\":\"Acuario Supremus\",\"description\":\"Peces, Peceras y Mascotas.\",\"publisher\":{\"@id\":\"https:\\\/\\\/acuariosupremus.com\\\/#organization\"},\"potentialAction\":[{\"@type\":\"SearchAction\",\"target\":{\"@type\":\"EntryPoint\",\"urlTemplate\":\"https:\\\/\\\/acuariosupremus.com\\\/?s={search_term_string}\"},\"query-input\":{\"@type\":\"PropertyValueSpecification\",\"valueRequired\":true,\"valueName\":\"search_term_string\"}}],\"inLanguage\":\"es\"},{\"@type\":\"Organization\",\"@id\":\"https:\\\/\\\/acuariosupremus.com\\\/#organization\",\"name\":\"Acuario Supremus\",\"url\":\"https:\\\/\\\/acuariosupremus.com\\\/\",\"logo\":{\"@type\":\"ImageObject\",\"inLanguage\":\"es\",\"@id\":\"https:\\\/\\\/acuariosupremus.com\\\/#\\\/schema\\\/logo\\\/image\\\/\",\"url\":\"https:\\\/\\\/acuariosupremus.com\\\/wp-content\\\/uploads\\\/2021\\\/12\\\/cropped-logo_acuario_supremus_fn-2.png\",\"contentUrl\":\"https:\\\/\\\/acuariosupremus.com\\\/wp-content\\\/uploads\\\/2021\\\/12\\\/cropped-logo_acuario_supremus_fn-2.png\",\"width\":1000,\"height\":318,\"caption\":\"Acuario Supremus\"},\"image\":{\"@id\":\"https:\\\/\\\/acuariosupremus.com\\\/#\\\/schema\\\/logo\\\/image\\\/\"},\"sameAs\":[\"https:\\\/\\\/www.facebook.com\\\/AcuarioSupremus\",\"https:\\\/\\\/x.com\\\/AcuarioSupremus\",\"https:\\\/\\\/www.instagram.com\\\/acuariosupremus\\\/?hl=es\"]}]}<\/script>\n<!-- \/ Yoast SEO plugin. -->","yoast_head_json":{"title":"BEBEDERO DE VIDRIO P\/COLIBRI 175 ML | Acuario Supremus","description":"Bebedero 175 ml, con cuatro estaciones de alimentaci\u00f3n, Vidrio de alta resistencia, Base desmontable para facilitar su llenado y limpieza.","robots":{"index":"index","follow":"follow","max-snippet":"max-snippet:-1","max-image-preview":"max-image-preview:large","max-video-preview":"max-video-preview:-1"},"canonical":"https:\/\/acuariosupremus.com\/?product=bebedero-de-vidrio-p-colibri-175-ml","og_locale":"es_MX","og_type":"article","og_title":"BEBEDERO DE VIDRIO P\/COLIBRI 175 ML | Acuario Supremus","og_description":"Bebedero 175 ml, con cuatro estaciones de alimentaci\u00f3n, Vidrio de alta resistencia, Base desmontable para facilitar su llenado y limpieza.","og_url":"https:\/\/acuariosupremus.com\/?product=bebedero-de-vidrio-p-colibri-175-ml","og_site_name":"Acuario Supremus","article_publisher":"https:\/\/www.facebook.com\/AcuarioSupremus","article_modified_time":"2026-01-07T22:41:48+00:00","og_image":[{"width":600,"height":600,"url":"https:\/\/acuariosupremus.com\/wp-content\/uploads\/2025\/11\/FL9253_K_C.jpg","type":"image\/jpeg"}],"twitter_card":"summary_large_image","twitter_site":"@AcuarioSupremus","twitter_misc":{"Tiempo de lectura":"2 minutos"},"schema":{"@context":"https:\/\/schema.org","@graph":[{"@type":"WebPage","@id":"https:\/\/acuariosupremus.com\/?product=bebedero-de-vidrio-p-colibri-175-ml","url":"https:\/\/acuariosupremus.com\/?product=bebedero-de-vidrio-p-colibri-175-ml","name":"BEBEDERO DE VIDRIO P\/COLIBRI 175 ML | Acuario Supremus","isPartOf":{"@id":"https:\/\/acuariosupremus.com\/#website"},"primaryImageOfPage":{"@id":"https:\/\/acuariosupremus.com\/?product=bebedero-de-vidrio-p-colibri-175-ml#primaryimage"},"image":{"@id":"https:\/\/acuariosupremus.com\/?product=bebedero-de-vidrio-p-colibri-175-ml#primaryimage"},"thumbnailUrl":"https:\/\/acuariosupremus.com\/wp-content\/uploads\/2025\/11\/FL9253_K_C.jpg","datePublished":"2025-11-25T22:09:48+00:00","dateModified":"2026-01-07T22:41:48+00:00","description":"Bebedero 175 ml, con cuatro estaciones de alimentaci\u00f3n, Vidrio de alta resistencia, Base desmontable para facilitar su llenado y limpieza.","breadcrumb":{"@id":"https:\/\/acuariosupremus.com\/?product=bebedero-de-vidrio-p-colibri-175-ml#breadcrumb"},"inLanguage":"es","potentialAction":[{"@type":"ReadAction","target":["https:\/\/acuariosupremus.com\/?product=bebedero-de-vidrio-p-colibri-175-ml"]}]},{"@type":"ImageObject","inLanguage":"es","@id":"https:\/\/acuariosupremus.com\/?product=bebedero-de-vidrio-p-colibri-175-ml#primaryimage","url":"https:\/\/acuariosupremus.com\/wp-content\/uploads\/2025\/11\/FL9253_K_C.jpg","contentUrl":"https:\/\/acuariosupremus.com\/wp-content\/uploads\/2025\/11\/FL9253_K_C.jpg","width":600,"height":600},{"@type":"BreadcrumbList","@id":"https:\/\/acuariosupremus.com\/?product=bebedero-de-vidrio-p-colibri-175-ml#breadcrumb","itemListElement":[{"@type":"ListItem","position":1,"name":"Portada","item":"https:\/\/acuariosupremus.com\/"},{"@type":"ListItem","position":2,"name":"Tienda","item":"https:\/\/acuariosupremus.com\/tienda\/"},{"@type":"ListItem","position":3,"name":"BEBEDERO DE VIDRIO P\/COLIBRI 175 ML"}]},{"@type":"WebSite","@id":"https:\/\/acuariosupremus.com\/#website","url":"https:\/\/acuariosupremus.com\/","name":"Acuario Supremus","description":"Peces, Peceras y Mascotas.","publisher":{"@id":"https:\/\/acuariosupremus.com\/#organization"},"potentialAction":[{"@type":"SearchAction","target":{"@type":"EntryPoint","urlTemplate":"https:\/\/acuariosupremus.com\/?s={search_term_string}"},"query-input":{"@type":"PropertyValueSpecification","valueRequired":true,"valueName":"search_term_string"}}],"inLanguage":"es"},{"@type":"Organization","@id":"https:\/\/acuariosupremus.com\/#organization","name":"Acuario Supremus","url":"https:\/\/acuariosupremus.com\/","logo":{"@type":"ImageObject","inLanguage":"es","@id":"https:\/\/acuariosupremus.com\/#\/schema\/logo\/image\/","url":"https:\/\/acuariosupremus.com\/wp-content\/uploads\/2021\/12\/cropped-logo_acuario_supremus_fn-2.png","contentUrl":"https:\/\/acuariosupremus.com\/wp-content\/uploads\/2021\/12\/cropped-logo_acuario_supremus_fn-2.png","width":1000,"height":318,"caption":"Acuario Supremus"},"image":{"@id":"https:\/\/acuariosupremus.com\/#\/schema\/logo\/image\/"},"sameAs":["https:\/\/www.facebook.com\/AcuarioSupremus","https:\/\/x.com\/AcuarioSupremus","https:\/\/www.instagram.com\/acuariosupremus\/?hl=es"]}]}},"jetpack_sharing_enabled":true,"_links":{"self":[{"href":"https:\/\/acuariosupremus.com\/index.php?rest_route=\/wp\/v2\/product\/15530","targetHints":{"allow":["GET"]}}],"collection":[{"href":"https:\/\/acuariosupremus.com\/index.php?rest_route=\/wp\/v2\/product"}],"about":[{"href":"https:\/\/acuariosupremus.com\/index.php?rest_route=\/wp\/v2\/types\/product"}],"wp:featuredmedia":[{"embeddable":true,"href":"https:\/\/acuariosupremus.com\/index.php?rest_route=\/wp\/v2\/media\/15531"}],"wp:attachment":[{"href":"https:\/\/acuariosupremus.com\/index.php?rest_route=%2Fwp%2Fv2%2Fmedia&parent=15530"}],"wp:term":[{"taxonomy":"product_brand","embeddable":true,"href":"https:\/\/acuariosupremus.com\/index.php?rest_route=%2Fwp%2Fv2%2Fproduct_brand&post=15530"},{"taxonomy":"product_cat","embeddable":true,"href":"https:\/\/acuariosupremus.com\/index.php?rest_route=%2Fwp%2Fv2%2Fproduct_cat&post=15530"},{"taxonomy":"product_tag","embeddable":true,"href":"https:\/\/acuariosupremus.com\/index.php?rest_route=%2Fwp%2Fv2%2Fproduct_tag&post=15530"}],"curies":[{"name":"wp","href":"https:\/\/api.w.org\/{rel}","templated":true}]}}