{"id":1560,"date":"2022-01-31T15:27:11","date_gmt":"2022-01-31T21:27:11","guid":{"rendered":"https:\/\/acuariosupremus.com\/?post_type=product&#038;p=1560"},"modified":"2026-04-22T14:37:13","modified_gmt":"2026-04-22T20:37:13","slug":"filtro-fluval-fx6","status":"publish","type":"product","link":"https:\/\/acuariosupremus.com\/?product=filtro-fluval-fx6","title":{"rendered":"FILTRO FLUVAL FX6"},"content":{"rendered":"<p>Dispone de un eficiente vaso de filtraci\u00f3n multi-etapas de gran capacidad. Con la tecnolog\u00eda de la bomba inteligente (Smart Pump) para un funcionamiento eficaz y silencioso. Tambi\u00e9n m\u00f3dulos vers\u00e1tiles para una ocupaci\u00f3n m\u00e1xima de cargas<br \/>\nfiltrantes: el mantenimiento es r\u00e1pido y sin problemas. Incorpora accesorios pre- ensamblados para f\u00e1cil instalaci\u00f3n. Fluval FX6 es un filtro profesional de calidad que tiene una alta capacidad de filtrado, gran versatilidad en cuanto a su colocaci\u00f3n y f\u00e1cil de usar.<br \/>\nF\u00e1cil sistema de recordatorio de mantenimiento de la \u00faltima y la pr\u00f3xima fecha.<br \/>\nDise\u00f1ado y construido para obtener una filtraci\u00f3n fiable en entornos acu\u00e1ticos con un delicado equilibrio, la tecnolog\u00eda SMART PUMP de filtro FX6 de fluval emplea un circuito que supervisa continuamente la bomba. Se mide constantemente la velocidad y la fuerza del rotor para asegurar una potente salida y un \u00f3ptimo rendimiento energ\u00e9tico.<br \/>\nLa tecnolog\u00eda de bomba inteligente Smart Pump tambi\u00e9n es muy precisa en la expulsi\u00f3n de aire que pudiera acumularse en el sistema. La bomba realiza una pausa cada 24 horas para evacuar el aire que haya podido quedar atrapado dentro del sistema.<br \/>\nRef. # A219<br \/>\n\u00c1rea mec\u00e1nica 210,000 mm2<br \/>\nVolumen biol\u00f3gico 5,9 lts<br \/>\nVolumen de filtraci\u00f3n 20 lts\/h<br \/>\nRendimiento del Motor 3500 lts\/h<br \/>\nCirculaci\u00f3n de la filtraci\u00f3n 2130 lts\/h<br \/>\nWataje 20 W<br \/>\nInstrucciones:<br \/>\nPuesta en marcha instant\u00e1nea y v\u00e1lvula de vaciado.<br \/>\nPara la puesta en marcha del filtro de vaso externo Fluval FX6 no hay que realizar nunca un sifonado manual. El vaso se llenar\u00e1 con agua del acuario en el momento que enchufe el filtro. El aparato bombea durante 2 minutos, realiza una<br \/>\npausa para expulsar el aire y, a continuaci\u00f3n, comienza inmediatamente el proceso de filtrado.<br \/>\nEl filtro FX6 dispone de una v\u00e1lvula de vaciado en su base que permite su vaciado para realizar operaciones de mantenimiento antes de moverlo.<br \/>\nMedidas:<br \/>\nAlturas del equipo 54 cm<br \/>\nAltura m\u00e1xima 3,3 m<br \/>\nCapacidad:<br \/>\n<strong>1500 L \/ 400 US GAL<\/strong><\/p>\n","protected":false},"excerpt":{"rendered":"<p>Filtro de vaso de alto rendimiento.<br \/>\nFiltraci\u00f3n en m\u00faltiples etapas, para crear acuarios de agua dulce y salada saludable.<br \/>\nFiltro externo multi-etapas de gran capacidad.<br \/>\nCon la tecnolog\u00eda de la bomba inteligente (Smart &#8211; Pump) para un funcionamiento eficaz y silencioso.<br \/>\nSistema de recordatorio de mantenimiento.<br \/>\nManguera Anti- Colapso.<br \/>\nNovedoso y c\u00f3modo sistema para cambio del agua del acuario.<br \/>\nIncluye los elementos de filtraci\u00f3n: Foamex, biomax.<br \/>\nPara grandes acuarios de hasta 1500 litros.<br \/>\nSolo 52 cent\u00edmetros de altura &#8220;cabe debajo de la mayor\u00eda de las masas de acuario&#8221;.<\/p>\n","protected":false},"featured_media":1561,"template":"","meta":[],"product_brand":[120],"product_cat":[40,47],"product_tag":[195,189,186,180],"class_list":{"0":"post-1560","1":"product","2":"type-product","3":"status-publish","4":"has-post-thumbnail","6":"product_brand-fluval","7":"product_cat-peces","8":"product_cat-filtros-externos","9":"product_tag-filtracion-biologica","10":"product_tag-filtro-canister","11":"product_tag-filtro-externo","12":"product_tag-fluval","14":"first","15":"instock","16":"sale","17":"shipping-taxable","18":"purchasable","19":"product-type-simple"},"yoast_head":"<!-- This site is optimized with the Yoast SEO plugin v27.4 - https:\/\/yoast.com\/product\/yoast-seo-wordpress\/ -->\n<title>FILTRO FLUVAL FX6 | Acuario Supremus<\/title>\n<meta name=\"description\" content=\"Con la tecnolog\u00eda de la bomba inteligente (Smart - Pump) para un funcionamiento eficaz y silencioso.Sistema de recordatorio de mantenimiento.\" \/>\n<meta name=\"robots\" content=\"index, follow, max-snippet:-1, max-image-preview:large, max-video-preview:-1\" \/>\n<link rel=\"canonical\" href=\"https:\/\/acuariosupremus.com\/?product=filtro-fluval-fx6\" \/>\n<meta property=\"og:locale\" content=\"es_MX\" \/>\n<meta property=\"og:type\" content=\"article\" \/>\n<meta property=\"og:title\" content=\"FILTRO FLUVAL FX6 | Acuario Supremus\" \/>\n<meta property=\"og:description\" content=\"Con la tecnolog\u00eda de la bomba inteligente (Smart - Pump) para un funcionamiento eficaz y silencioso.Sistema de recordatorio de mantenimiento.\" \/>\n<meta property=\"og:url\" content=\"https:\/\/acuariosupremus.com\/?product=filtro-fluval-fx6\" \/>\n<meta property=\"og:site_name\" content=\"Acuario Supremus\" \/>\n<meta property=\"article:publisher\" content=\"https:\/\/www.facebook.com\/AcuarioSupremus\" \/>\n<meta property=\"article:modified_time\" content=\"2026-04-22T20:37:13+00:00\" \/>\n<meta property=\"og:image\" content=\"https:\/\/acuariosupremus.com\/wp-content\/uploads\/2022\/01\/HA219.jpg\" \/>\n\t<meta property=\"og:image:width\" content=\"1000\" \/>\n\t<meta property=\"og:image:height\" content=\"1000\" \/>\n\t<meta property=\"og:image:type\" content=\"image\/jpeg\" \/>\n<meta name=\"twitter:card\" content=\"summary_large_image\" \/>\n<meta name=\"twitter:site\" content=\"@AcuarioSupremus\" \/>\n<meta name=\"twitter:label1\" content=\"Tiempo de lectura\" \/>\n\t<meta name=\"twitter:data1\" content=\"2 minutos\" \/>\n<script type=\"application\/ld+json\" class=\"yoast-schema-graph\">{\"@context\":\"https:\\\/\\\/schema.org\",\"@graph\":[{\"@type\":\"WebPage\",\"@id\":\"https:\\\/\\\/acuariosupremus.com\\\/?product=filtro-fluval-fx6\",\"url\":\"https:\\\/\\\/acuariosupremus.com\\\/?product=filtro-fluval-fx6\",\"name\":\"FILTRO FLUVAL FX6 | Acuario Supremus\",\"isPartOf\":{\"@id\":\"https:\\\/\\\/acuariosupremus.com\\\/#website\"},\"primaryImageOfPage\":{\"@id\":\"https:\\\/\\\/acuariosupremus.com\\\/?product=filtro-fluval-fx6#primaryimage\"},\"image\":{\"@id\":\"https:\\\/\\\/acuariosupremus.com\\\/?product=filtro-fluval-fx6#primaryimage\"},\"thumbnailUrl\":\"https:\\\/\\\/acuariosupremus.com\\\/wp-content\\\/uploads\\\/2022\\\/01\\\/HA219.jpg\",\"datePublished\":\"2022-01-31T21:27:11+00:00\",\"dateModified\":\"2026-04-22T20:37:13+00:00\",\"description\":\"Con la tecnolog\u00eda de la bomba inteligente (Smart - Pump) para un funcionamiento eficaz y silencioso.Sistema de recordatorio de mantenimiento.\",\"breadcrumb\":{\"@id\":\"https:\\\/\\\/acuariosupremus.com\\\/?product=filtro-fluval-fx6#breadcrumb\"},\"inLanguage\":\"es\",\"potentialAction\":[{\"@type\":\"ReadAction\",\"target\":[\"https:\\\/\\\/acuariosupremus.com\\\/?product=filtro-fluval-fx6\"]}]},{\"@type\":\"ImageObject\",\"inLanguage\":\"es\",\"@id\":\"https:\\\/\\\/acuariosupremus.com\\\/?product=filtro-fluval-fx6#primaryimage\",\"url\":\"https:\\\/\\\/acuariosupremus.com\\\/wp-content\\\/uploads\\\/2022\\\/01\\\/HA219.jpg\",\"contentUrl\":\"https:\\\/\\\/acuariosupremus.com\\\/wp-content\\\/uploads\\\/2022\\\/01\\\/HA219.jpg\",\"width\":1000,\"height\":1000},{\"@type\":\"BreadcrumbList\",\"@id\":\"https:\\\/\\\/acuariosupremus.com\\\/?product=filtro-fluval-fx6#breadcrumb\",\"itemListElement\":[{\"@type\":\"ListItem\",\"position\":1,\"name\":\"Portada\",\"item\":\"https:\\\/\\\/acuariosupremus.com\\\/\"},{\"@type\":\"ListItem\",\"position\":2,\"name\":\"Tienda\",\"item\":\"https:\\\/\\\/acuariosupremus.com\\\/tienda\\\/\"},{\"@type\":\"ListItem\",\"position\":3,\"name\":\"FILTRO FLUVAL FX6\"}]},{\"@type\":\"WebSite\",\"@id\":\"https:\\\/\\\/acuariosupremus.com\\\/#website\",\"url\":\"https:\\\/\\\/acuariosupremus.com\\\/\",\"name\":\"Acuario Supremus\",\"description\":\"Peces, Peceras y Mascotas.\",\"publisher\":{\"@id\":\"https:\\\/\\\/acuariosupremus.com\\\/#organization\"},\"potentialAction\":[{\"@type\":\"SearchAction\",\"target\":{\"@type\":\"EntryPoint\",\"urlTemplate\":\"https:\\\/\\\/acuariosupremus.com\\\/?s={search_term_string}\"},\"query-input\":{\"@type\":\"PropertyValueSpecification\",\"valueRequired\":true,\"valueName\":\"search_term_string\"}}],\"inLanguage\":\"es\"},{\"@type\":\"Organization\",\"@id\":\"https:\\\/\\\/acuariosupremus.com\\\/#organization\",\"name\":\"Acuario Supremus\",\"url\":\"https:\\\/\\\/acuariosupremus.com\\\/\",\"logo\":{\"@type\":\"ImageObject\",\"inLanguage\":\"es\",\"@id\":\"https:\\\/\\\/acuariosupremus.com\\\/#\\\/schema\\\/logo\\\/image\\\/\",\"url\":\"https:\\\/\\\/acuariosupremus.com\\\/wp-content\\\/uploads\\\/2021\\\/12\\\/cropped-logo_acuario_supremus_fn-2.png\",\"contentUrl\":\"https:\\\/\\\/acuariosupremus.com\\\/wp-content\\\/uploads\\\/2021\\\/12\\\/cropped-logo_acuario_supremus_fn-2.png\",\"width\":1000,\"height\":318,\"caption\":\"Acuario Supremus\"},\"image\":{\"@id\":\"https:\\\/\\\/acuariosupremus.com\\\/#\\\/schema\\\/logo\\\/image\\\/\"},\"sameAs\":[\"https:\\\/\\\/www.facebook.com\\\/AcuarioSupremus\",\"https:\\\/\\\/x.com\\\/AcuarioSupremus\",\"https:\\\/\\\/www.instagram.com\\\/acuariosupremus\\\/?hl=es\"]}]}<\/script>\n<!-- \/ Yoast SEO plugin. -->","yoast_head_json":{"title":"FILTRO FLUVAL FX6 | Acuario Supremus","description":"Con la tecnolog\u00eda de la bomba inteligente (Smart - Pump) para un funcionamiento eficaz y silencioso.Sistema de recordatorio de mantenimiento.","robots":{"index":"index","follow":"follow","max-snippet":"max-snippet:-1","max-image-preview":"max-image-preview:large","max-video-preview":"max-video-preview:-1"},"canonical":"https:\/\/acuariosupremus.com\/?product=filtro-fluval-fx6","og_locale":"es_MX","og_type":"article","og_title":"FILTRO FLUVAL FX6 | Acuario Supremus","og_description":"Con la tecnolog\u00eda de la bomba inteligente (Smart - Pump) para un funcionamiento eficaz y silencioso.Sistema de recordatorio de mantenimiento.","og_url":"https:\/\/acuariosupremus.com\/?product=filtro-fluval-fx6","og_site_name":"Acuario Supremus","article_publisher":"https:\/\/www.facebook.com\/AcuarioSupremus","article_modified_time":"2026-04-22T20:37:13+00:00","og_image":[{"width":1000,"height":1000,"url":"https:\/\/acuariosupremus.com\/wp-content\/uploads\/2022\/01\/HA219.jpg","type":"image\/jpeg"}],"twitter_card":"summary_large_image","twitter_site":"@AcuarioSupremus","twitter_misc":{"Tiempo de lectura":"2 minutos"},"schema":{"@context":"https:\/\/schema.org","@graph":[{"@type":"WebPage","@id":"https:\/\/acuariosupremus.com\/?product=filtro-fluval-fx6","url":"https:\/\/acuariosupremus.com\/?product=filtro-fluval-fx6","name":"FILTRO FLUVAL FX6 | Acuario Supremus","isPartOf":{"@id":"https:\/\/acuariosupremus.com\/#website"},"primaryImageOfPage":{"@id":"https:\/\/acuariosupremus.com\/?product=filtro-fluval-fx6#primaryimage"},"image":{"@id":"https:\/\/acuariosupremus.com\/?product=filtro-fluval-fx6#primaryimage"},"thumbnailUrl":"https:\/\/acuariosupremus.com\/wp-content\/uploads\/2022\/01\/HA219.jpg","datePublished":"2022-01-31T21:27:11+00:00","dateModified":"2026-04-22T20:37:13+00:00","description":"Con la tecnolog\u00eda de la bomba inteligente (Smart - Pump) para un funcionamiento eficaz y silencioso.Sistema de recordatorio de mantenimiento.","breadcrumb":{"@id":"https:\/\/acuariosupremus.com\/?product=filtro-fluval-fx6#breadcrumb"},"inLanguage":"es","potentialAction":[{"@type":"ReadAction","target":["https:\/\/acuariosupremus.com\/?product=filtro-fluval-fx6"]}]},{"@type":"ImageObject","inLanguage":"es","@id":"https:\/\/acuariosupremus.com\/?product=filtro-fluval-fx6#primaryimage","url":"https:\/\/acuariosupremus.com\/wp-content\/uploads\/2022\/01\/HA219.jpg","contentUrl":"https:\/\/acuariosupremus.com\/wp-content\/uploads\/2022\/01\/HA219.jpg","width":1000,"height":1000},{"@type":"BreadcrumbList","@id":"https:\/\/acuariosupremus.com\/?product=filtro-fluval-fx6#breadcrumb","itemListElement":[{"@type":"ListItem","position":1,"name":"Portada","item":"https:\/\/acuariosupremus.com\/"},{"@type":"ListItem","position":2,"name":"Tienda","item":"https:\/\/acuariosupremus.com\/tienda\/"},{"@type":"ListItem","position":3,"name":"FILTRO FLUVAL FX6"}]},{"@type":"WebSite","@id":"https:\/\/acuariosupremus.com\/#website","url":"https:\/\/acuariosupremus.com\/","name":"Acuario Supremus","description":"Peces, Peceras y Mascotas.","publisher":{"@id":"https:\/\/acuariosupremus.com\/#organization"},"potentialAction":[{"@type":"SearchAction","target":{"@type":"EntryPoint","urlTemplate":"https:\/\/acuariosupremus.com\/?s={search_term_string}"},"query-input":{"@type":"PropertyValueSpecification","valueRequired":true,"valueName":"search_term_string"}}],"inLanguage":"es"},{"@type":"Organization","@id":"https:\/\/acuariosupremus.com\/#organization","name":"Acuario Supremus","url":"https:\/\/acuariosupremus.com\/","logo":{"@type":"ImageObject","inLanguage":"es","@id":"https:\/\/acuariosupremus.com\/#\/schema\/logo\/image\/","url":"https:\/\/acuariosupremus.com\/wp-content\/uploads\/2021\/12\/cropped-logo_acuario_supremus_fn-2.png","contentUrl":"https:\/\/acuariosupremus.com\/wp-content\/uploads\/2021\/12\/cropped-logo_acuario_supremus_fn-2.png","width":1000,"height":318,"caption":"Acuario Supremus"},"image":{"@id":"https:\/\/acuariosupremus.com\/#\/schema\/logo\/image\/"},"sameAs":["https:\/\/www.facebook.com\/AcuarioSupremus","https:\/\/x.com\/AcuarioSupremus","https:\/\/www.instagram.com\/acuariosupremus\/?hl=es"]}]}},"jetpack_sharing_enabled":true,"_links":{"self":[{"href":"https:\/\/acuariosupremus.com\/index.php?rest_route=\/wp\/v2\/product\/1560","targetHints":{"allow":["GET"]}}],"collection":[{"href":"https:\/\/acuariosupremus.com\/index.php?rest_route=\/wp\/v2\/product"}],"about":[{"href":"https:\/\/acuariosupremus.com\/index.php?rest_route=\/wp\/v2\/types\/product"}],"wp:featuredmedia":[{"embeddable":true,"href":"https:\/\/acuariosupremus.com\/index.php?rest_route=\/wp\/v2\/media\/1561"}],"wp:attachment":[{"href":"https:\/\/acuariosupremus.com\/index.php?rest_route=%2Fwp%2Fv2%2Fmedia&parent=1560"}],"wp:term":[{"taxonomy":"product_brand","embeddable":true,"href":"https:\/\/acuariosupremus.com\/index.php?rest_route=%2Fwp%2Fv2%2Fproduct_brand&post=1560"},{"taxonomy":"product_cat","embeddable":true,"href":"https:\/\/acuariosupremus.com\/index.php?rest_route=%2Fwp%2Fv2%2Fproduct_cat&post=1560"},{"taxonomy":"product_tag","embeddable":true,"href":"https:\/\/acuariosupremus.com\/index.php?rest_route=%2Fwp%2Fv2%2Fproduct_tag&post=1560"}],"curies":[{"name":"wp","href":"https:\/\/api.w.org\/{rel}","templated":true}]}}