{"id":15620,"date":"2025-12-04T18:18:46","date_gmt":"2025-12-05T00:18:46","guid":{"rendered":"https:\/\/acuariosupremus.com\/?post_type=product&#038;p=15620"},"modified":"2026-02-04T15:28:49","modified_gmt":"2026-02-04T21:28:49","slug":"cepillo-con-vaporizador","status":"publish","type":"product","link":"https:\/\/acuariosupremus.com\/?product=cepillo-con-vaporizador","title":{"rendered":"CEPILLO CON VAPORIZADOR."},"content":{"rendered":"<div id=\"product.info.beneficios\" class=\"data item content\" role=\"tabpanel\" data-role=\"content\" aria-labelledby=\"tab-label-product.info.beneficios\" aria-hidden=\"false\">\n<div class=\"product attribute beneficios\">\n<div class=\"value\">CARACTER\u00cdSTICAS:Contenido neto: 1 pz,\u00a0 Marca: Fancy Pets,\u00a0 Especie:Perros,\u00a0 Material80% ABS + 20% Silic\u00f3n<\/div>\n<div>\n<div id=\"tab-label-product.info.ingredientes.modo.de.uso\" class=\"data item title active\" tabindex=\"0\" role=\"tab\" aria-labeledby=\"tab-label-product.info.ingredientes.modo.de.uso-title\" data-role=\"collapsible\" data-collapsible=\"true\" aria-controls=\"product.info.ingredientes.modo.de.uso\" aria-selected=\"true\" aria-expanded=\"true\">MODO DE USO \/ PRECAUCIONES Y ADVERTENCIAS:<\/div>\n<div id=\"product.info.ingredientes.modo.de.uso\" class=\"data item content\" role=\"tabpanel\" data-role=\"content\" aria-labelledby=\"tab-label-product.info.ingredientes.modo.de.uso\" aria-hidden=\"false\">\n<div class=\"product attribute modo_de_uso_precuaciones_y_adv\">\n<div class=\"value\">Cargar completamente el cepillo antes de usarlo. Agregar agua tibia o a temperatura ambiente al dep\u00f3sito. Usar el cepillo durante sesiones de 5 minutos continuos, tras lo cual se apagar\u00e1 autom\u00e1ticamente. Para mejores resultados, se puede usar en combinaci\u00f3n con el spray desenredante Fancy Pets para facilitar a\u00fan m\u00e1s el peinado.No sumergir el cepilla en agua. Evita el uso excesivo de vapor para no humedecer en exceso el pelaje de la mascota. El uso de este producto es responsabilidad del propietario de la mascota.<\/div>\n<\/div>\n<\/div>\n<\/div>\n<\/div>\n<\/div>\n","protected":false},"excerpt":{"rendered":"<div id=\"tab-label-description\" class=\"data item title active\" tabindex=\"0\" role=\"tab\" aria-labeledby=\"tab-label-description-title\" data-role=\"collapsible\" data-collapsible=\"true\" aria-controls=\"description\" aria-selected=\"false\" aria-expanded=\"true\">DESCRIPCI\u00d3N:<\/div>\n<div id=\"description\" class=\"data item content\" role=\"tabpanel\" data-role=\"content\" aria-labelledby=\"tab-label-description\" aria-hidden=\"false\">\n<div class=\"product attribute description\">\n<div class=\"value\">\n<p>Innovador cepillo para el cuidado de mascotas incorpora un sistema de vapor fr\u00edo que facilita la eliminaci\u00f3n del pelo muerto, mejora la hidrataci\u00f3n y suaviza el pelaje. Gracias a su dep\u00f3sito de agua integrado y el sistema de expulsi\u00f3n de vapor, el cepillo no solo elimina eficazmente el pelo suelto, sino que tambi\u00e9n proporciona un masaje relajante y mejora la circulaci\u00f3n sangu\u00ednea de tu mascota.<\/p>\n<div id=\"tab-label-product.info.beneficios\" class=\"data item title active\" tabindex=\"0\" role=\"tab\" aria-labeledby=\"tab-label-product.info.beneficios-title\" data-role=\"collapsible\" data-collapsible=\"true\" aria-controls=\"product.info.beneficios\" aria-selected=\"true\" aria-expanded=\"true\">BENEFICIOS:<\/div>\n<div id=\"product.info.beneficios\" class=\"data item content\" role=\"tabpanel\" data-role=\"content\" aria-labelledby=\"tab-label-product.info.beneficios\" aria-hidden=\"false\">\n<div class=\"product attribute beneficios\">\n<div class=\"value\">Eliminaci\u00f3n eficiente de pelo muerto: El vapor fr\u00edo ayuda a aflojar y eliminar el pelo suelto en cada pasada, manteniendo el pelaje saludable. Masaje relajante: Las cerdas suaves y las puntas de silic\u00f3n brindan un masaje agradable que reduce el estr\u00e9s de la mascota. Hidrataci\u00f3n del pelaje: Mantiene la piel y el pelaje hidratados, mejorando la apariencia y suavidad del mismo.F\u00e1cil de usar: Dise\u00f1o intuitivo con un solo bot\u00f3n para controlar el vapor, adem\u00e1s de ser ergon\u00f3mico y c\u00f3modo de manejar.Ideal para muda de pelo: Perfecto para ayudar a las mascotas a para por la \u00e9poca de muda sin que se acumule el pelo muerto.Durabilidad y seguridad: El auto apagado despu\u00e9s de 5 minutos de uso continuo asegura la protecci\u00f3n del dispositivo y evita mojar en exceso el pelaje.<\/div>\n<\/div>\n<\/div>\n<\/div>\n<\/div>\n<\/div>\n","protected":false},"featured_media":15621,"template":"","meta":[],"product_brand":[106],"product_cat":[30,73,74,31],"product_tag":[1024],"class_list":{"0":"post-15620","1":"product","2":"type-product","3":"status-publish","4":"has-post-thumbnail","6":"product_brand-fancypets","7":"product_cat-gatos","8":"product_cat-perros","9":"product_cat-belleza-e-higiene-perros","10":"product_cat-belleza-e-higiene","11":"product_tag-cepillo-con-vaporizador","13":"first","14":"instock","15":"sale","16":"shipping-taxable","17":"purchasable","18":"product-type-simple"},"yoast_head":"<!-- This site is optimized with the Yoast SEO plugin v27.4 - https:\/\/yoast.com\/product\/yoast-seo-wordpress\/ -->\n<title>CEPILLO CON VAPORIZADOR. | Acuario Supremus<\/title>\n<meta name=\"description\" content=\"El cepillo de mascotas incorpora un sistema de vapor fr\u00edo que facilita la eliminaci\u00f3n del pelo muerto, mejora la hidrataci\u00f3n y suaviza el pelaje.\" \/>\n<meta name=\"robots\" content=\"index, follow, max-snippet:-1, max-image-preview:large, max-video-preview:-1\" \/>\n<link rel=\"canonical\" href=\"https:\/\/acuariosupremus.com\/?product=cepillo-con-vaporizador\" \/>\n<meta property=\"og:locale\" content=\"es_MX\" \/>\n<meta property=\"og:type\" content=\"article\" \/>\n<meta property=\"og:title\" content=\"CEPILLO CON VAPORIZADOR. | Acuario Supremus\" \/>\n<meta property=\"og:description\" content=\"El cepillo de mascotas incorpora un sistema de vapor fr\u00edo que facilita la eliminaci\u00f3n del pelo muerto, mejora la hidrataci\u00f3n y suaviza el pelaje.\" \/>\n<meta property=\"og:url\" content=\"https:\/\/acuariosupremus.com\/?product=cepillo-con-vaporizador\" \/>\n<meta property=\"og:site_name\" content=\"Acuario Supremus\" \/>\n<meta property=\"article:publisher\" content=\"https:\/\/www.facebook.com\/AcuarioSupremus\" \/>\n<meta property=\"article:modified_time\" content=\"2026-02-04T21:28:49+00:00\" \/>\n<meta property=\"og:image\" content=\"https:\/\/acuariosupremus.com\/wp-content\/uploads\/2025\/12\/FL9665.jpg\" \/>\n\t<meta property=\"og:image:width\" content=\"800\" \/>\n\t<meta property=\"og:image:height\" content=\"800\" \/>\n\t<meta property=\"og:image:type\" content=\"image\/jpeg\" \/>\n<meta name=\"twitter:card\" content=\"summary_large_image\" \/>\n<meta name=\"twitter:site\" content=\"@AcuarioSupremus\" \/>\n<meta name=\"twitter:label1\" content=\"Tiempo de lectura\" \/>\n\t<meta name=\"twitter:data1\" content=\"1 minuto\" \/>\n<script type=\"application\/ld+json\" class=\"yoast-schema-graph\">{\"@context\":\"https:\\\/\\\/schema.org\",\"@graph\":[{\"@type\":\"WebPage\",\"@id\":\"https:\\\/\\\/acuariosupremus.com\\\/?product=cepillo-con-vaporizador\",\"url\":\"https:\\\/\\\/acuariosupremus.com\\\/?product=cepillo-con-vaporizador\",\"name\":\"CEPILLO CON VAPORIZADOR. | Acuario Supremus\",\"isPartOf\":{\"@id\":\"https:\\\/\\\/acuariosupremus.com\\\/#website\"},\"primaryImageOfPage\":{\"@id\":\"https:\\\/\\\/acuariosupremus.com\\\/?product=cepillo-con-vaporizador#primaryimage\"},\"image\":{\"@id\":\"https:\\\/\\\/acuariosupremus.com\\\/?product=cepillo-con-vaporizador#primaryimage\"},\"thumbnailUrl\":\"https:\\\/\\\/acuariosupremus.com\\\/wp-content\\\/uploads\\\/2025\\\/12\\\/FL9665.jpg\",\"datePublished\":\"2025-12-05T00:18:46+00:00\",\"dateModified\":\"2026-02-04T21:28:49+00:00\",\"description\":\"El cepillo de mascotas incorpora un sistema de vapor fr\u00edo que facilita la eliminaci\u00f3n del pelo muerto, mejora la hidrataci\u00f3n y suaviza el pelaje.\",\"breadcrumb\":{\"@id\":\"https:\\\/\\\/acuariosupremus.com\\\/?product=cepillo-con-vaporizador#breadcrumb\"},\"inLanguage\":\"es\",\"potentialAction\":[{\"@type\":\"ReadAction\",\"target\":[\"https:\\\/\\\/acuariosupremus.com\\\/?product=cepillo-con-vaporizador\"]}]},{\"@type\":\"ImageObject\",\"inLanguage\":\"es\",\"@id\":\"https:\\\/\\\/acuariosupremus.com\\\/?product=cepillo-con-vaporizador#primaryimage\",\"url\":\"https:\\\/\\\/acuariosupremus.com\\\/wp-content\\\/uploads\\\/2025\\\/12\\\/FL9665.jpg\",\"contentUrl\":\"https:\\\/\\\/acuariosupremus.com\\\/wp-content\\\/uploads\\\/2025\\\/12\\\/FL9665.jpg\",\"width\":800,\"height\":800},{\"@type\":\"BreadcrumbList\",\"@id\":\"https:\\\/\\\/acuariosupremus.com\\\/?product=cepillo-con-vaporizador#breadcrumb\",\"itemListElement\":[{\"@type\":\"ListItem\",\"position\":1,\"name\":\"Portada\",\"item\":\"https:\\\/\\\/acuariosupremus.com\\\/\"},{\"@type\":\"ListItem\",\"position\":2,\"name\":\"Tienda\",\"item\":\"https:\\\/\\\/acuariosupremus.com\\\/tienda\\\/\"},{\"@type\":\"ListItem\",\"position\":3,\"name\":\"CEPILLO CON VAPORIZADOR.\"}]},{\"@type\":\"WebSite\",\"@id\":\"https:\\\/\\\/acuariosupremus.com\\\/#website\",\"url\":\"https:\\\/\\\/acuariosupremus.com\\\/\",\"name\":\"Acuario Supremus\",\"description\":\"Peces, Peceras y Mascotas.\",\"publisher\":{\"@id\":\"https:\\\/\\\/acuariosupremus.com\\\/#organization\"},\"potentialAction\":[{\"@type\":\"SearchAction\",\"target\":{\"@type\":\"EntryPoint\",\"urlTemplate\":\"https:\\\/\\\/acuariosupremus.com\\\/?s={search_term_string}\"},\"query-input\":{\"@type\":\"PropertyValueSpecification\",\"valueRequired\":true,\"valueName\":\"search_term_string\"}}],\"inLanguage\":\"es\"},{\"@type\":\"Organization\",\"@id\":\"https:\\\/\\\/acuariosupremus.com\\\/#organization\",\"name\":\"Acuario Supremus\",\"url\":\"https:\\\/\\\/acuariosupremus.com\\\/\",\"logo\":{\"@type\":\"ImageObject\",\"inLanguage\":\"es\",\"@id\":\"https:\\\/\\\/acuariosupremus.com\\\/#\\\/schema\\\/logo\\\/image\\\/\",\"url\":\"https:\\\/\\\/acuariosupremus.com\\\/wp-content\\\/uploads\\\/2021\\\/12\\\/cropped-logo_acuario_supremus_fn-2.png\",\"contentUrl\":\"https:\\\/\\\/acuariosupremus.com\\\/wp-content\\\/uploads\\\/2021\\\/12\\\/cropped-logo_acuario_supremus_fn-2.png\",\"width\":1000,\"height\":318,\"caption\":\"Acuario Supremus\"},\"image\":{\"@id\":\"https:\\\/\\\/acuariosupremus.com\\\/#\\\/schema\\\/logo\\\/image\\\/\"},\"sameAs\":[\"https:\\\/\\\/www.facebook.com\\\/AcuarioSupremus\",\"https:\\\/\\\/x.com\\\/AcuarioSupremus\",\"https:\\\/\\\/www.instagram.com\\\/acuariosupremus\\\/?hl=es\"]}]}<\/script>\n<!-- \/ Yoast SEO plugin. -->","yoast_head_json":{"title":"CEPILLO CON VAPORIZADOR. | Acuario Supremus","description":"El cepillo de mascotas incorpora un sistema de vapor fr\u00edo que facilita la eliminaci\u00f3n del pelo muerto, mejora la hidrataci\u00f3n y suaviza el pelaje.","robots":{"index":"index","follow":"follow","max-snippet":"max-snippet:-1","max-image-preview":"max-image-preview:large","max-video-preview":"max-video-preview:-1"},"canonical":"https:\/\/acuariosupremus.com\/?product=cepillo-con-vaporizador","og_locale":"es_MX","og_type":"article","og_title":"CEPILLO CON VAPORIZADOR. | Acuario Supremus","og_description":"El cepillo de mascotas incorpora un sistema de vapor fr\u00edo que facilita la eliminaci\u00f3n del pelo muerto, mejora la hidrataci\u00f3n y suaviza el pelaje.","og_url":"https:\/\/acuariosupremus.com\/?product=cepillo-con-vaporizador","og_site_name":"Acuario Supremus","article_publisher":"https:\/\/www.facebook.com\/AcuarioSupremus","article_modified_time":"2026-02-04T21:28:49+00:00","og_image":[{"width":800,"height":800,"url":"https:\/\/acuariosupremus.com\/wp-content\/uploads\/2025\/12\/FL9665.jpg","type":"image\/jpeg"}],"twitter_card":"summary_large_image","twitter_site":"@AcuarioSupremus","twitter_misc":{"Tiempo de lectura":"1 minuto"},"schema":{"@context":"https:\/\/schema.org","@graph":[{"@type":"WebPage","@id":"https:\/\/acuariosupremus.com\/?product=cepillo-con-vaporizador","url":"https:\/\/acuariosupremus.com\/?product=cepillo-con-vaporizador","name":"CEPILLO CON VAPORIZADOR. | Acuario Supremus","isPartOf":{"@id":"https:\/\/acuariosupremus.com\/#website"},"primaryImageOfPage":{"@id":"https:\/\/acuariosupremus.com\/?product=cepillo-con-vaporizador#primaryimage"},"image":{"@id":"https:\/\/acuariosupremus.com\/?product=cepillo-con-vaporizador#primaryimage"},"thumbnailUrl":"https:\/\/acuariosupremus.com\/wp-content\/uploads\/2025\/12\/FL9665.jpg","datePublished":"2025-12-05T00:18:46+00:00","dateModified":"2026-02-04T21:28:49+00:00","description":"El cepillo de mascotas incorpora un sistema de vapor fr\u00edo que facilita la eliminaci\u00f3n del pelo muerto, mejora la hidrataci\u00f3n y suaviza el pelaje.","breadcrumb":{"@id":"https:\/\/acuariosupremus.com\/?product=cepillo-con-vaporizador#breadcrumb"},"inLanguage":"es","potentialAction":[{"@type":"ReadAction","target":["https:\/\/acuariosupremus.com\/?product=cepillo-con-vaporizador"]}]},{"@type":"ImageObject","inLanguage":"es","@id":"https:\/\/acuariosupremus.com\/?product=cepillo-con-vaporizador#primaryimage","url":"https:\/\/acuariosupremus.com\/wp-content\/uploads\/2025\/12\/FL9665.jpg","contentUrl":"https:\/\/acuariosupremus.com\/wp-content\/uploads\/2025\/12\/FL9665.jpg","width":800,"height":800},{"@type":"BreadcrumbList","@id":"https:\/\/acuariosupremus.com\/?product=cepillo-con-vaporizador#breadcrumb","itemListElement":[{"@type":"ListItem","position":1,"name":"Portada","item":"https:\/\/acuariosupremus.com\/"},{"@type":"ListItem","position":2,"name":"Tienda","item":"https:\/\/acuariosupremus.com\/tienda\/"},{"@type":"ListItem","position":3,"name":"CEPILLO CON VAPORIZADOR."}]},{"@type":"WebSite","@id":"https:\/\/acuariosupremus.com\/#website","url":"https:\/\/acuariosupremus.com\/","name":"Acuario Supremus","description":"Peces, Peceras y Mascotas.","publisher":{"@id":"https:\/\/acuariosupremus.com\/#organization"},"potentialAction":[{"@type":"SearchAction","target":{"@type":"EntryPoint","urlTemplate":"https:\/\/acuariosupremus.com\/?s={search_term_string}"},"query-input":{"@type":"PropertyValueSpecification","valueRequired":true,"valueName":"search_term_string"}}],"inLanguage":"es"},{"@type":"Organization","@id":"https:\/\/acuariosupremus.com\/#organization","name":"Acuario Supremus","url":"https:\/\/acuariosupremus.com\/","logo":{"@type":"ImageObject","inLanguage":"es","@id":"https:\/\/acuariosupremus.com\/#\/schema\/logo\/image\/","url":"https:\/\/acuariosupremus.com\/wp-content\/uploads\/2021\/12\/cropped-logo_acuario_supremus_fn-2.png","contentUrl":"https:\/\/acuariosupremus.com\/wp-content\/uploads\/2021\/12\/cropped-logo_acuario_supremus_fn-2.png","width":1000,"height":318,"caption":"Acuario Supremus"},"image":{"@id":"https:\/\/acuariosupremus.com\/#\/schema\/logo\/image\/"},"sameAs":["https:\/\/www.facebook.com\/AcuarioSupremus","https:\/\/x.com\/AcuarioSupremus","https:\/\/www.instagram.com\/acuariosupremus\/?hl=es"]}]}},"jetpack_sharing_enabled":true,"_links":{"self":[{"href":"https:\/\/acuariosupremus.com\/index.php?rest_route=\/wp\/v2\/product\/15620","targetHints":{"allow":["GET"]}}],"collection":[{"href":"https:\/\/acuariosupremus.com\/index.php?rest_route=\/wp\/v2\/product"}],"about":[{"href":"https:\/\/acuariosupremus.com\/index.php?rest_route=\/wp\/v2\/types\/product"}],"wp:featuredmedia":[{"embeddable":true,"href":"https:\/\/acuariosupremus.com\/index.php?rest_route=\/wp\/v2\/media\/15621"}],"wp:attachment":[{"href":"https:\/\/acuariosupremus.com\/index.php?rest_route=%2Fwp%2Fv2%2Fmedia&parent=15620"}],"wp:term":[{"taxonomy":"product_brand","embeddable":true,"href":"https:\/\/acuariosupremus.com\/index.php?rest_route=%2Fwp%2Fv2%2Fproduct_brand&post=15620"},{"taxonomy":"product_cat","embeddable":true,"href":"https:\/\/acuariosupremus.com\/index.php?rest_route=%2Fwp%2Fv2%2Fproduct_cat&post=15620"},{"taxonomy":"product_tag","embeddable":true,"href":"https:\/\/acuariosupremus.com\/index.php?rest_route=%2Fwp%2Fv2%2Fproduct_tag&post=15620"}],"curies":[{"name":"wp","href":"https:\/\/api.w.org\/{rel}","templated":true}]}}