{"id":15626,"date":"2025-12-04T18:33:52","date_gmt":"2025-12-05T00:33:52","guid":{"rendered":"https:\/\/acuariosupremus.com\/?post_type=product&#038;p=15626"},"modified":"2026-02-04T15:30:04","modified_gmt":"2026-02-04T21:30:04","slug":"cepillo-rascador-de-silicon","status":"publish","type":"product","link":"https:\/\/acuariosupremus.com\/?product=cepillo-rascador-de-silicon","title":{"rendered":"CEPILLO RASCADOR DE SILICON."},"content":{"rendered":"<div id=\"product.info.beneficios\" class=\"data item content\" role=\"tabpanel\" data-role=\"content\" aria-labelledby=\"tab-label-product.info.beneficios\" aria-hidden=\"false\">\n<div class=\"product attribute beneficios\">\n<div class=\"value\">CARACTER\u00cdSTICAS:Contenido neto: 1 pz,\u00a0 Marca: Fancy Pets,\u00a0 Especie:Perros y Gatos,\u00a0 Medidas:\u00a0 Cepillo: 5 cm x 12 cm Cepillo + correa: 16 cm x 12\u00a0 Material: 100% silic\u00f3n<\/div>\n<div>\n<div id=\"tab-label-product.info.ingredientes.modo.de.uso\" class=\"data item title active\" tabindex=\"0\" role=\"tab\" aria-labeledby=\"tab-label-product.info.ingredientes.modo.de.uso-title\" data-role=\"collapsible\" data-collapsible=\"true\" aria-controls=\"product.info.ingredientes.modo.de.uso\" aria-selected=\"true\" aria-expanded=\"true\">MODO DE USO \/ PRECAUCIONES Y ADVERTENCIAS:<\/div>\n<div id=\"product.info.ingredientes.modo.de.uso\" class=\"data item content\" role=\"tabpanel\" data-role=\"content\" aria-labelledby=\"tab-label-product.info.ingredientes.modo.de.uso\" aria-hidden=\"false\">\n<div class=\"product attribute modo_de_uso_precuaciones_y_adv\">\n<div class=\"value\">Cepillo manual: Introduce tu mano por la apertura y sujeta las correas de silic\u00f3n con los dedos centrales. Cepilla suavemente a tu mascota en la direcci\u00f3n del crecimiento del pelo para remover el pelo muerto, o en sentido contrario para un masaje mas profundo. Puedes usarlo en seco durante la hora del ba\u00f1o.Como rascador fijo: Envuelve las correas el\u00e1sticas del cepillo alrededor de la pata de una silla o mueble. Asegura las correas en su lugar usando el sistema de botones y rieles. Coloca el rascador a una altura adecuada para que tu gato pueda usarlo c\u00f3modamente.Este producto esta dise\u00f1ado para uso exclusivo en mascotas. Si el producto presenta da\u00f1os, grietas o roturas, suspende su uso para evitar posibles lesiones. Mant\u00e9n este producto fuera del alcance de los ni\u00f1os. Para la limpieza, lava el cepillo con agua y jab\u00f3n, deja secar completamente al aire.<\/div>\n<\/div>\n<\/div>\n<\/div>\n<\/div>\n<\/div>\n","protected":false},"excerpt":{"rendered":"<div id=\"tab-label-description\" class=\"data item title active\" tabindex=\"0\" role=\"tab\" aria-labeledby=\"tab-label-description-title\" data-role=\"collapsible\" data-collapsible=\"true\" aria-controls=\"description\" aria-selected=\"false\" aria-expanded=\"true\">DESCRIPCI\u00d3N:<\/div>\n<div id=\"description\" class=\"data item content\" role=\"tabpanel\" data-role=\"content\" aria-labelledby=\"tab-label-description\" aria-hidden=\"false\">\n<div class=\"product attribute description\">\n<div class=\"value\">\n<p>Brida a tu mascota la mejor experiencia de cuidado con el cepillo 3 en 1 de la l\u00ednea Essentials de Fancy Pets. Este innovador accesorio, hecho completamente de silic\u00f3n, es una soluci\u00f3n vers\u00e1til y multifuncional dise\u00f1ada para simplificar la rutina de cuidado de tu mascota. Su dise\u00f1o ergon\u00f3mico tipo \u201cdedal\u201d permite un agarre c\u00f3modo y seguro para masajear y cepillar a tu gato de forma efectiva, mientras que sus suabes cerdas de silic\u00f3n estimula la producci\u00f3n de aceites naturales y mejoran la circulaci\u00f3n sangu\u00ednea. Adem\u00e1s, es ideal para usar durante el ba\u00f1o, ayudando a remover el pelo muerto con facilidad. Gracias a sus correas el\u00e1sticas integradas y sus sistemas de sujeci\u00f3n, este cepillo se transforma en un rascador fijo que puedes colocar en las patas de la silla o mesas. As\u00ed, tu perro o gato puede rascarse de manera natural, satisfaciendo su instinto sin da\u00f1ar los objetos de tu hogar.<\/p>\n<div id=\"tab-label-product.info.beneficios\" class=\"data item title active\" tabindex=\"0\" role=\"tab\" aria-labeledby=\"tab-label-product.info.beneficios-title\" data-role=\"collapsible\" data-collapsible=\"true\" aria-controls=\"product.info.beneficios\" aria-selected=\"true\" aria-expanded=\"true\">BENEFICIOS:<\/div>\n<div id=\"product.info.beneficios\" class=\"data item content\" role=\"tabpanel\" data-role=\"content\" aria-labelledby=\"tab-label-product.info.beneficios\" aria-hidden=\"false\">\n<div class=\"product attribute beneficios\">\n<div class=\"value\">Triple funcionalidad en un solo producto: Este cepillo es una soluci\u00f3n integral que funciona como un cepillo manual para la higiene diaria, rascador fijo para proteger tus muebles, y masajeador para relajar a tu mascota. Cuidado del pelaje y la piel: Sus suabes puntas de silic\u00f3n ayudan a remover el pelo muerto de forma eficaz y, a la vez, estimulan la producci\u00f3n de aceites naturales de la piel, promoviendo un pelaje mas brillante y saludable. Masaje relajante: Proporciona una experiencia placentera y relajante, mejorando la circulaci\u00f3n sangu\u00ednea de tu mascota y convirtiendo el momento del cepillo en un gesto de cari\u00f1o y cuidado. Protege tus muebles: La funci\u00f3n de rascador fijo satisface el instinto natural de rascado de tu gato, evitando da\u00f1os de tus muebles y permiti\u00e9ndole afilar sus u\u00f1as de manera segura. Ideal para el ba\u00f1o: Su material de silic\u00f3n lo hace perfecto para usar durante la hora del ba\u00f1o, ayudando a distribuir el shampoo y facilitando la limpieza del pelaje h\u00famedo.<\/div>\n<\/div>\n<\/div>\n<\/div>\n<\/div>\n<\/div>\n","protected":false},"featured_media":15627,"template":"","meta":[],"product_brand":[106],"product_cat":[30,73,74,31],"product_tag":[1025],"class_list":{"0":"post-15626","1":"product","2":"type-product","3":"status-publish","4":"has-post-thumbnail","6":"product_brand-fancypets","7":"product_cat-gatos","8":"product_cat-perros","9":"product_cat-belleza-e-higiene-perros","10":"product_cat-belleza-e-higiene","11":"product_tag-cepillo-rascador-de-silicon","13":"first","14":"instock","15":"sale","16":"shipping-taxable","17":"purchasable","18":"product-type-simple"},"yoast_head":"<!-- This site is optimized with the Yoast SEO plugin v27.4 - https:\/\/yoast.com\/product\/yoast-seo-wordpress\/ -->\n<title>CEPILLO RASCADOR DE SILICON. | Acuario Supremus<\/title>\n<meta name=\"description\" content=\"Cepillo rascador Silicon funciona como un cepillo manual , rascador fijo para proteger tus muebles, y masajeador para relajar a tu mascota.\" \/>\n<meta name=\"robots\" content=\"index, follow, max-snippet:-1, max-image-preview:large, max-video-preview:-1\" \/>\n<link rel=\"canonical\" href=\"https:\/\/acuariosupremus.com\/?product=cepillo-rascador-de-silicon\" \/>\n<meta property=\"og:locale\" content=\"es_MX\" \/>\n<meta property=\"og:type\" content=\"article\" \/>\n<meta property=\"og:title\" content=\"CEPILLO RASCADOR DE SILICON. | Acuario Supremus\" \/>\n<meta property=\"og:description\" content=\"Cepillo rascador Silicon funciona como un cepillo manual , rascador fijo para proteger tus muebles, y masajeador para relajar a tu mascota.\" \/>\n<meta property=\"og:url\" content=\"https:\/\/acuariosupremus.com\/?product=cepillo-rascador-de-silicon\" \/>\n<meta property=\"og:site_name\" content=\"Acuario Supremus\" \/>\n<meta property=\"article:publisher\" content=\"https:\/\/www.facebook.com\/AcuarioSupremus\" \/>\n<meta property=\"article:modified_time\" content=\"2026-02-04T21:30:04+00:00\" \/>\n<meta property=\"og:image\" content=\"https:\/\/acuariosupremus.com\/wp-content\/uploads\/2025\/12\/FL9666_C.jpg\" \/>\n\t<meta property=\"og:image:width\" content=\"800\" \/>\n\t<meta property=\"og:image:height\" content=\"800\" \/>\n\t<meta property=\"og:image:type\" content=\"image\/jpeg\" \/>\n<meta name=\"twitter:card\" content=\"summary_large_image\" \/>\n<meta name=\"twitter:site\" content=\"@AcuarioSupremus\" \/>\n<meta name=\"twitter:label1\" content=\"Tiempo de lectura\" \/>\n\t<meta name=\"twitter:data1\" content=\"2 minutos\" \/>\n<script type=\"application\/ld+json\" class=\"yoast-schema-graph\">{\"@context\":\"https:\\\/\\\/schema.org\",\"@graph\":[{\"@type\":\"WebPage\",\"@id\":\"https:\\\/\\\/acuariosupremus.com\\\/?product=cepillo-rascador-de-silicon\",\"url\":\"https:\\\/\\\/acuariosupremus.com\\\/?product=cepillo-rascador-de-silicon\",\"name\":\"CEPILLO RASCADOR DE SILICON. | Acuario Supremus\",\"isPartOf\":{\"@id\":\"https:\\\/\\\/acuariosupremus.com\\\/#website\"},\"primaryImageOfPage\":{\"@id\":\"https:\\\/\\\/acuariosupremus.com\\\/?product=cepillo-rascador-de-silicon#primaryimage\"},\"image\":{\"@id\":\"https:\\\/\\\/acuariosupremus.com\\\/?product=cepillo-rascador-de-silicon#primaryimage\"},\"thumbnailUrl\":\"https:\\\/\\\/acuariosupremus.com\\\/wp-content\\\/uploads\\\/2025\\\/12\\\/FL9666_C.jpg\",\"datePublished\":\"2025-12-05T00:33:52+00:00\",\"dateModified\":\"2026-02-04T21:30:04+00:00\",\"description\":\"Cepillo rascador Silicon funciona como un cepillo manual , rascador fijo para proteger tus muebles, y masajeador para relajar a tu mascota.\",\"breadcrumb\":{\"@id\":\"https:\\\/\\\/acuariosupremus.com\\\/?product=cepillo-rascador-de-silicon#breadcrumb\"},\"inLanguage\":\"es\",\"potentialAction\":[{\"@type\":\"ReadAction\",\"target\":[\"https:\\\/\\\/acuariosupremus.com\\\/?product=cepillo-rascador-de-silicon\"]}]},{\"@type\":\"ImageObject\",\"inLanguage\":\"es\",\"@id\":\"https:\\\/\\\/acuariosupremus.com\\\/?product=cepillo-rascador-de-silicon#primaryimage\",\"url\":\"https:\\\/\\\/acuariosupremus.com\\\/wp-content\\\/uploads\\\/2025\\\/12\\\/FL9666_C.jpg\",\"contentUrl\":\"https:\\\/\\\/acuariosupremus.com\\\/wp-content\\\/uploads\\\/2025\\\/12\\\/FL9666_C.jpg\",\"width\":800,\"height\":800},{\"@type\":\"BreadcrumbList\",\"@id\":\"https:\\\/\\\/acuariosupremus.com\\\/?product=cepillo-rascador-de-silicon#breadcrumb\",\"itemListElement\":[{\"@type\":\"ListItem\",\"position\":1,\"name\":\"Portada\",\"item\":\"https:\\\/\\\/acuariosupremus.com\\\/\"},{\"@type\":\"ListItem\",\"position\":2,\"name\":\"Tienda\",\"item\":\"https:\\\/\\\/acuariosupremus.com\\\/tienda\\\/\"},{\"@type\":\"ListItem\",\"position\":3,\"name\":\"CEPILLO RASCADOR DE SILICON.\"}]},{\"@type\":\"WebSite\",\"@id\":\"https:\\\/\\\/acuariosupremus.com\\\/#website\",\"url\":\"https:\\\/\\\/acuariosupremus.com\\\/\",\"name\":\"Acuario Supremus\",\"description\":\"Peces, Peceras y Mascotas.\",\"publisher\":{\"@id\":\"https:\\\/\\\/acuariosupremus.com\\\/#organization\"},\"potentialAction\":[{\"@type\":\"SearchAction\",\"target\":{\"@type\":\"EntryPoint\",\"urlTemplate\":\"https:\\\/\\\/acuariosupremus.com\\\/?s={search_term_string}\"},\"query-input\":{\"@type\":\"PropertyValueSpecification\",\"valueRequired\":true,\"valueName\":\"search_term_string\"}}],\"inLanguage\":\"es\"},{\"@type\":\"Organization\",\"@id\":\"https:\\\/\\\/acuariosupremus.com\\\/#organization\",\"name\":\"Acuario Supremus\",\"url\":\"https:\\\/\\\/acuariosupremus.com\\\/\",\"logo\":{\"@type\":\"ImageObject\",\"inLanguage\":\"es\",\"@id\":\"https:\\\/\\\/acuariosupremus.com\\\/#\\\/schema\\\/logo\\\/image\\\/\",\"url\":\"https:\\\/\\\/acuariosupremus.com\\\/wp-content\\\/uploads\\\/2021\\\/12\\\/cropped-logo_acuario_supremus_fn-2.png\",\"contentUrl\":\"https:\\\/\\\/acuariosupremus.com\\\/wp-content\\\/uploads\\\/2021\\\/12\\\/cropped-logo_acuario_supremus_fn-2.png\",\"width\":1000,\"height\":318,\"caption\":\"Acuario Supremus\"},\"image\":{\"@id\":\"https:\\\/\\\/acuariosupremus.com\\\/#\\\/schema\\\/logo\\\/image\\\/\"},\"sameAs\":[\"https:\\\/\\\/www.facebook.com\\\/AcuarioSupremus\",\"https:\\\/\\\/x.com\\\/AcuarioSupremus\",\"https:\\\/\\\/www.instagram.com\\\/acuariosupremus\\\/?hl=es\"]}]}<\/script>\n<!-- \/ Yoast SEO plugin. -->","yoast_head_json":{"title":"CEPILLO RASCADOR DE SILICON. | Acuario Supremus","description":"Cepillo rascador Silicon funciona como un cepillo manual , rascador fijo para proteger tus muebles, y masajeador para relajar a tu mascota.","robots":{"index":"index","follow":"follow","max-snippet":"max-snippet:-1","max-image-preview":"max-image-preview:large","max-video-preview":"max-video-preview:-1"},"canonical":"https:\/\/acuariosupremus.com\/?product=cepillo-rascador-de-silicon","og_locale":"es_MX","og_type":"article","og_title":"CEPILLO RASCADOR DE SILICON. | Acuario Supremus","og_description":"Cepillo rascador Silicon funciona como un cepillo manual , rascador fijo para proteger tus muebles, y masajeador para relajar a tu mascota.","og_url":"https:\/\/acuariosupremus.com\/?product=cepillo-rascador-de-silicon","og_site_name":"Acuario Supremus","article_publisher":"https:\/\/www.facebook.com\/AcuarioSupremus","article_modified_time":"2026-02-04T21:30:04+00:00","og_image":[{"width":800,"height":800,"url":"https:\/\/acuariosupremus.com\/wp-content\/uploads\/2025\/12\/FL9666_C.jpg","type":"image\/jpeg"}],"twitter_card":"summary_large_image","twitter_site":"@AcuarioSupremus","twitter_misc":{"Tiempo de lectura":"2 minutos"},"schema":{"@context":"https:\/\/schema.org","@graph":[{"@type":"WebPage","@id":"https:\/\/acuariosupremus.com\/?product=cepillo-rascador-de-silicon","url":"https:\/\/acuariosupremus.com\/?product=cepillo-rascador-de-silicon","name":"CEPILLO RASCADOR DE SILICON. | Acuario Supremus","isPartOf":{"@id":"https:\/\/acuariosupremus.com\/#website"},"primaryImageOfPage":{"@id":"https:\/\/acuariosupremus.com\/?product=cepillo-rascador-de-silicon#primaryimage"},"image":{"@id":"https:\/\/acuariosupremus.com\/?product=cepillo-rascador-de-silicon#primaryimage"},"thumbnailUrl":"https:\/\/acuariosupremus.com\/wp-content\/uploads\/2025\/12\/FL9666_C.jpg","datePublished":"2025-12-05T00:33:52+00:00","dateModified":"2026-02-04T21:30:04+00:00","description":"Cepillo rascador Silicon funciona como un cepillo manual , rascador fijo para proteger tus muebles, y masajeador para relajar a tu mascota.","breadcrumb":{"@id":"https:\/\/acuariosupremus.com\/?product=cepillo-rascador-de-silicon#breadcrumb"},"inLanguage":"es","potentialAction":[{"@type":"ReadAction","target":["https:\/\/acuariosupremus.com\/?product=cepillo-rascador-de-silicon"]}]},{"@type":"ImageObject","inLanguage":"es","@id":"https:\/\/acuariosupremus.com\/?product=cepillo-rascador-de-silicon#primaryimage","url":"https:\/\/acuariosupremus.com\/wp-content\/uploads\/2025\/12\/FL9666_C.jpg","contentUrl":"https:\/\/acuariosupremus.com\/wp-content\/uploads\/2025\/12\/FL9666_C.jpg","width":800,"height":800},{"@type":"BreadcrumbList","@id":"https:\/\/acuariosupremus.com\/?product=cepillo-rascador-de-silicon#breadcrumb","itemListElement":[{"@type":"ListItem","position":1,"name":"Portada","item":"https:\/\/acuariosupremus.com\/"},{"@type":"ListItem","position":2,"name":"Tienda","item":"https:\/\/acuariosupremus.com\/tienda\/"},{"@type":"ListItem","position":3,"name":"CEPILLO RASCADOR DE SILICON."}]},{"@type":"WebSite","@id":"https:\/\/acuariosupremus.com\/#website","url":"https:\/\/acuariosupremus.com\/","name":"Acuario Supremus","description":"Peces, Peceras y Mascotas.","publisher":{"@id":"https:\/\/acuariosupremus.com\/#organization"},"potentialAction":[{"@type":"SearchAction","target":{"@type":"EntryPoint","urlTemplate":"https:\/\/acuariosupremus.com\/?s={search_term_string}"},"query-input":{"@type":"PropertyValueSpecification","valueRequired":true,"valueName":"search_term_string"}}],"inLanguage":"es"},{"@type":"Organization","@id":"https:\/\/acuariosupremus.com\/#organization","name":"Acuario Supremus","url":"https:\/\/acuariosupremus.com\/","logo":{"@type":"ImageObject","inLanguage":"es","@id":"https:\/\/acuariosupremus.com\/#\/schema\/logo\/image\/","url":"https:\/\/acuariosupremus.com\/wp-content\/uploads\/2021\/12\/cropped-logo_acuario_supremus_fn-2.png","contentUrl":"https:\/\/acuariosupremus.com\/wp-content\/uploads\/2021\/12\/cropped-logo_acuario_supremus_fn-2.png","width":1000,"height":318,"caption":"Acuario Supremus"},"image":{"@id":"https:\/\/acuariosupremus.com\/#\/schema\/logo\/image\/"},"sameAs":["https:\/\/www.facebook.com\/AcuarioSupremus","https:\/\/x.com\/AcuarioSupremus","https:\/\/www.instagram.com\/acuariosupremus\/?hl=es"]}]}},"jetpack_sharing_enabled":true,"_links":{"self":[{"href":"https:\/\/acuariosupremus.com\/index.php?rest_route=\/wp\/v2\/product\/15626","targetHints":{"allow":["GET"]}}],"collection":[{"href":"https:\/\/acuariosupremus.com\/index.php?rest_route=\/wp\/v2\/product"}],"about":[{"href":"https:\/\/acuariosupremus.com\/index.php?rest_route=\/wp\/v2\/types\/product"}],"wp:featuredmedia":[{"embeddable":true,"href":"https:\/\/acuariosupremus.com\/index.php?rest_route=\/wp\/v2\/media\/15627"}],"wp:attachment":[{"href":"https:\/\/acuariosupremus.com\/index.php?rest_route=%2Fwp%2Fv2%2Fmedia&parent=15626"}],"wp:term":[{"taxonomy":"product_brand","embeddable":true,"href":"https:\/\/acuariosupremus.com\/index.php?rest_route=%2Fwp%2Fv2%2Fproduct_brand&post=15626"},{"taxonomy":"product_cat","embeddable":true,"href":"https:\/\/acuariosupremus.com\/index.php?rest_route=%2Fwp%2Fv2%2Fproduct_cat&post=15626"},{"taxonomy":"product_tag","embeddable":true,"href":"https:\/\/acuariosupremus.com\/index.php?rest_route=%2Fwp%2Fv2%2Fproduct_tag&post=15626"}],"curies":[{"name":"wp","href":"https:\/\/api.w.org\/{rel}","templated":true}]}}