{"id":15653,"date":"2025-12-05T15:25:05","date_gmt":"2025-12-05T21:25:05","guid":{"rendered":"https:\/\/acuariosupremus.com\/?post_type=product&#038;p=15653"},"modified":"2026-01-17T17:41:24","modified_gmt":"2026-01-17T23:41:24","slug":"tapiz-rascador-adherible-beige","status":"publish","type":"product","link":"https:\/\/acuariosupremus.com\/?product=tapiz-rascador-adherible-beige","title":{"rendered":"TAPIZ RASCADOR ADHERIBLE BEIGE."},"content":{"rendered":"<div id=\"tab-label-product.info.beneficios\" class=\"data item title active\" tabindex=\"0\" role=\"tab\" aria-labeledby=\"tab-label-product.info.beneficios-title\" data-role=\"collapsible\" data-collapsible=\"true\" aria-controls=\"product.info.beneficios\" aria-selected=\"true\" aria-expanded=\"true\">CARACTER\u00cdSTICAS: Marca: Fancy Pets,\u00a0 Especie:Gatos,\u00a0 Medidas: 100 cm X 30 cm,\u00a0 \u00a0Contenido neto:1 pieza,\u00a0 Material:100% poli\u00e9ster,\u00a0 Color: Beige.<\/div>\n<div id=\"product.info.beneficios\" class=\"data item content\" role=\"tabpanel\" data-role=\"content\" aria-labelledby=\"tab-label-product.info.beneficios\" aria-hidden=\"false\">\n<div class=\"product attribute beneficios\">\n<div tabindex=\"0\" role=\"tab\" aria-labeledby=\"tab-label-additional-title\" data-role=\"collapsible\" data-collapsible=\"true\" aria-controls=\"additional\" aria-selected=\"true\" aria-expanded=\"true\">\n<div id=\"tab-label-product.info.ingredientes.modo.de.uso\" class=\"data item title active\" tabindex=\"0\" role=\"tab\" aria-labeledby=\"tab-label-product.info.ingredientes.modo.de.uso-title\" data-role=\"collapsible\" data-collapsible=\"true\" aria-controls=\"product.info.ingredientes.modo.de.uso\" aria-selected=\"true\" aria-expanded=\"true\">MODO DE USO \/ PRECAUCIONES Y ADVERTENCIAS:<\/div>\n<div id=\"product.info.ingredientes.modo.de.uso\" class=\"data item content\" role=\"tabpanel\" data-role=\"content\" aria-labelledby=\"tab-label-product.info.ingredientes.modo.de.uso\" aria-hidden=\"false\">\n<div class=\"product attribute modo_de_uso_precuaciones_y_adv\">\n<div class=\"value\">Limpie la superficie donde colocar\u00e1 el tapiz para asegurar una mejor adherencia. Recorte el tapiz al tama\u00f1o seg\u00fan el espacio disponible. Retire el papel adhesivo y coloque el tapiz presionando uniformemente sobre la superficie. Ideal para paredes, muebles lisos, cer\u00e1mica, madera y metal; no recomendado en muebles de terciopelo, gamuza, piel o imitaci\u00f3n piel. Para probar la adherencia, coloque primero un peque\u00f1o pedazo en la superficie deseada antes de aplicar todo el tapiz.Mantenga fuera del alcance de los ni\u00f1os y evita que las mascotas lo muerdan. No aplicar sobre superficies irregulares o porosas que puedan impedir la adhesi\u00f3n completa. Supervise el uso del producto, especialmente con gatos muy activos para evitar accidentes. El uso y mantenimiento del producto es responsabilidad del propietario.<\/div>\n<\/div>\n<\/div>\n<\/div>\n<\/div>\n<\/div>\n","protected":false},"excerpt":{"rendered":"<div id=\"tab-label-description\" class=\"data item title active\" tabindex=\"0\" role=\"tab\" aria-labeledby=\"tab-label-description-title\" data-role=\"collapsible\" data-collapsible=\"true\" aria-controls=\"description\" aria-selected=\"false\" aria-expanded=\"true\">DESCRIPCI\u00d3N<\/div>\n<div id=\"description\" class=\"data item content\" role=\"tabpanel\" data-role=\"content\" aria-labelledby=\"tab-label-description\" aria-hidden=\"false\">\n<div class=\"product attribute description\">\n<div class=\"value\">\n<p>Protege tus muebles y satisface el instinto natural de rascado de tu gato con el tapiz rascador adherible Fancy Pets. Este pr\u00e1ctico rollo de 100 cm x 30 cm, fabricado en materiales resistentes, se puede cortar del tama\u00f1o deseado y adherirse f\u00e1cilmente a diversas superficies como paredes, puertas, muebles y esquinas. Ideal para colocar en las zonas favoritas de tu felino, proporciona un espacio seguro y duradero para que rasque libremente, evitando da\u00f1os a tu hogar y manteniendo a tu gato activo y entretenido.<\/p>\n<div id=\"tab-label-product.info.beneficios\" class=\"data item title active\" tabindex=\"0\" role=\"tab\" aria-labeledby=\"tab-label-product.info.beneficios-title\" data-role=\"collapsible\" data-collapsible=\"true\" aria-controls=\"product.info.beneficios\" aria-selected=\"true\" aria-expanded=\"true\">BENEFICIOS<\/div>\n<div id=\"product.info.beneficios\" class=\"data item content\" role=\"tabpanel\" data-role=\"content\" aria-labelledby=\"tab-label-product.info.beneficios\" aria-hidden=\"false\">\n<div class=\"product attribute beneficios\">\n<div class=\"value\">Protecci\u00f3n de muebles y superficies: Permite que tu gato rasque libremente sin da\u00f1ar muebles, paredes u otras \u00e1reas del hogar. F\u00e1cil instalaci\u00f3n y ajuste: Se puede recortar al tama\u00f1o deseado y adherirse a m\u00faltiples superficies como madera, cer\u00e1mica, metal y textiles lisos. Estimula el instinto natural: La textura del tapiz satisface el rascado natural del gato, promoviendo ejercicio y bienestar mental. Durabilidad y resistencia: Fabricado con 100% poli\u00e9ster, soporta ara\u00f1azos frecuentes y mantiene su integridad a lo largo del tiempo. Versatilidad y adaptabilidad: Ideal para colocar en diferentes zonas del hogar, se adapta a rincones, muebles y paredes, ofreciendo flexibilidad seg\u00fan el espacio disponible. Dise\u00f1o decorativo y funcional: Adem\u00e1s de pr\u00e1ctico, su apariencia se integra de manera armoniosa con la decoraci\u00f3n del hogar, sin afectar la est\u00e9tica de los muebles. Instalaci\u00f3n sin da\u00f1os: No requiere clavos ni tornillos; su adhesivo removible no deja residuos ni da\u00f1a las superficies al retirarlo.<\/div>\n<\/div>\n<\/div>\n<\/div>\n<\/div>\n<\/div>\n","protected":false},"featured_media":15654,"template":"","meta":[],"product_brand":[106],"product_cat":[30,34],"product_tag":[317,1027],"class_list":{"0":"post-15653","1":"product","2":"type-product","3":"status-publish","4":"has-post-thumbnail","6":"product_brand-fancypets","7":"product_cat-gatos","8":"product_cat-juguetes-gatos","9":"product_tag-rascador-para-gatos","10":"product_tag-tapiz-rascador","12":"first","13":"instock","14":"sale","15":"shipping-taxable","16":"purchasable","17":"product-type-simple"},"yoast_head":"<!-- This site is optimized with the Yoast SEO plugin v27.4 - https:\/\/yoast.com\/product\/yoast-seo-wordpress\/ -->\n<title>TAPIZ RASCADOR ADHERIBLE BEIGE. | Acuario Supremus<\/title>\n<meta name=\"description\" content=\"Protege tus muebles y satisface el instinto natural de rascado de tu gato con el tapiz rascador adherible BEIGE, rollo de 100 cm x 30 cm,\" \/>\n<meta name=\"robots\" content=\"index, follow, max-snippet:-1, max-image-preview:large, max-video-preview:-1\" \/>\n<link rel=\"canonical\" href=\"https:\/\/acuariosupremus.com\/?product=tapiz-rascador-adherible-beige\" \/>\n<meta property=\"og:locale\" content=\"es_MX\" \/>\n<meta property=\"og:type\" content=\"article\" \/>\n<meta property=\"og:title\" content=\"TAPIZ RASCADOR ADHERIBLE BEIGE. | Acuario Supremus\" \/>\n<meta property=\"og:description\" content=\"Protege tus muebles y satisface el instinto natural de rascado de tu gato con el tapiz rascador adherible BEIGE, rollo de 100 cm x 30 cm,\" \/>\n<meta property=\"og:url\" content=\"https:\/\/acuariosupremus.com\/?product=tapiz-rascador-adherible-beige\" \/>\n<meta property=\"og:site_name\" content=\"Acuario Supremus\" \/>\n<meta property=\"article:publisher\" content=\"https:\/\/www.facebook.com\/AcuarioSupremus\" \/>\n<meta property=\"article:modified_time\" content=\"2026-01-17T23:41:24+00:00\" \/>\n<meta property=\"og:image\" content=\"https:\/\/acuariosupremus.com\/wp-content\/uploads\/2025\/12\/FL9670.jpg\" \/>\n\t<meta property=\"og:image:width\" content=\"800\" \/>\n\t<meta property=\"og:image:height\" content=\"800\" \/>\n\t<meta property=\"og:image:type\" content=\"image\/jpeg\" \/>\n<meta name=\"twitter:card\" content=\"summary_large_image\" \/>\n<meta name=\"twitter:site\" content=\"@AcuarioSupremus\" \/>\n<meta name=\"twitter:label1\" content=\"Tiempo de lectura\" \/>\n\t<meta name=\"twitter:data1\" content=\"1 minuto\" \/>\n<script type=\"application\/ld+json\" class=\"yoast-schema-graph\">{\"@context\":\"https:\\\/\\\/schema.org\",\"@graph\":[{\"@type\":\"WebPage\",\"@id\":\"https:\\\/\\\/acuariosupremus.com\\\/?product=tapiz-rascador-adherible-beige\",\"url\":\"https:\\\/\\\/acuariosupremus.com\\\/?product=tapiz-rascador-adherible-beige\",\"name\":\"TAPIZ RASCADOR ADHERIBLE BEIGE. | Acuario Supremus\",\"isPartOf\":{\"@id\":\"https:\\\/\\\/acuariosupremus.com\\\/#website\"},\"primaryImageOfPage\":{\"@id\":\"https:\\\/\\\/acuariosupremus.com\\\/?product=tapiz-rascador-adherible-beige#primaryimage\"},\"image\":{\"@id\":\"https:\\\/\\\/acuariosupremus.com\\\/?product=tapiz-rascador-adherible-beige#primaryimage\"},\"thumbnailUrl\":\"https:\\\/\\\/acuariosupremus.com\\\/wp-content\\\/uploads\\\/2025\\\/12\\\/FL9670.jpg\",\"datePublished\":\"2025-12-05T21:25:05+00:00\",\"dateModified\":\"2026-01-17T23:41:24+00:00\",\"description\":\"Protege tus muebles y satisface el instinto natural de rascado de tu gato con el tapiz rascador adherible BEIGE, rollo de 100 cm x 30 cm,\",\"breadcrumb\":{\"@id\":\"https:\\\/\\\/acuariosupremus.com\\\/?product=tapiz-rascador-adherible-beige#breadcrumb\"},\"inLanguage\":\"es\",\"potentialAction\":[{\"@type\":\"ReadAction\",\"target\":[\"https:\\\/\\\/acuariosupremus.com\\\/?product=tapiz-rascador-adherible-beige\"]}]},{\"@type\":\"ImageObject\",\"inLanguage\":\"es\",\"@id\":\"https:\\\/\\\/acuariosupremus.com\\\/?product=tapiz-rascador-adherible-beige#primaryimage\",\"url\":\"https:\\\/\\\/acuariosupremus.com\\\/wp-content\\\/uploads\\\/2025\\\/12\\\/FL9670.jpg\",\"contentUrl\":\"https:\\\/\\\/acuariosupremus.com\\\/wp-content\\\/uploads\\\/2025\\\/12\\\/FL9670.jpg\",\"width\":800,\"height\":800},{\"@type\":\"BreadcrumbList\",\"@id\":\"https:\\\/\\\/acuariosupremus.com\\\/?product=tapiz-rascador-adherible-beige#breadcrumb\",\"itemListElement\":[{\"@type\":\"ListItem\",\"position\":1,\"name\":\"Portada\",\"item\":\"https:\\\/\\\/acuariosupremus.com\\\/\"},{\"@type\":\"ListItem\",\"position\":2,\"name\":\"Tienda\",\"item\":\"https:\\\/\\\/acuariosupremus.com\\\/tienda\\\/\"},{\"@type\":\"ListItem\",\"position\":3,\"name\":\"TAPIZ RASCADOR ADHERIBLE BEIGE.\"}]},{\"@type\":\"WebSite\",\"@id\":\"https:\\\/\\\/acuariosupremus.com\\\/#website\",\"url\":\"https:\\\/\\\/acuariosupremus.com\\\/\",\"name\":\"Acuario Supremus\",\"description\":\"Peces, Peceras y Mascotas.\",\"publisher\":{\"@id\":\"https:\\\/\\\/acuariosupremus.com\\\/#organization\"},\"potentialAction\":[{\"@type\":\"SearchAction\",\"target\":{\"@type\":\"EntryPoint\",\"urlTemplate\":\"https:\\\/\\\/acuariosupremus.com\\\/?s={search_term_string}\"},\"query-input\":{\"@type\":\"PropertyValueSpecification\",\"valueRequired\":true,\"valueName\":\"search_term_string\"}}],\"inLanguage\":\"es\"},{\"@type\":\"Organization\",\"@id\":\"https:\\\/\\\/acuariosupremus.com\\\/#organization\",\"name\":\"Acuario Supremus\",\"url\":\"https:\\\/\\\/acuariosupremus.com\\\/\",\"logo\":{\"@type\":\"ImageObject\",\"inLanguage\":\"es\",\"@id\":\"https:\\\/\\\/acuariosupremus.com\\\/#\\\/schema\\\/logo\\\/image\\\/\",\"url\":\"https:\\\/\\\/acuariosupremus.com\\\/wp-content\\\/uploads\\\/2021\\\/12\\\/cropped-logo_acuario_supremus_fn-2.png\",\"contentUrl\":\"https:\\\/\\\/acuariosupremus.com\\\/wp-content\\\/uploads\\\/2021\\\/12\\\/cropped-logo_acuario_supremus_fn-2.png\",\"width\":1000,\"height\":318,\"caption\":\"Acuario Supremus\"},\"image\":{\"@id\":\"https:\\\/\\\/acuariosupremus.com\\\/#\\\/schema\\\/logo\\\/image\\\/\"},\"sameAs\":[\"https:\\\/\\\/www.facebook.com\\\/AcuarioSupremus\",\"https:\\\/\\\/x.com\\\/AcuarioSupremus\",\"https:\\\/\\\/www.instagram.com\\\/acuariosupremus\\\/?hl=es\"]}]}<\/script>\n<!-- \/ Yoast SEO plugin. -->","yoast_head_json":{"title":"TAPIZ RASCADOR ADHERIBLE BEIGE. | Acuario Supremus","description":"Protege tus muebles y satisface el instinto natural de rascado de tu gato con el tapiz rascador adherible BEIGE, rollo de 100 cm x 30 cm,","robots":{"index":"index","follow":"follow","max-snippet":"max-snippet:-1","max-image-preview":"max-image-preview:large","max-video-preview":"max-video-preview:-1"},"canonical":"https:\/\/acuariosupremus.com\/?product=tapiz-rascador-adherible-beige","og_locale":"es_MX","og_type":"article","og_title":"TAPIZ RASCADOR ADHERIBLE BEIGE. | Acuario Supremus","og_description":"Protege tus muebles y satisface el instinto natural de rascado de tu gato con el tapiz rascador adherible BEIGE, rollo de 100 cm x 30 cm,","og_url":"https:\/\/acuariosupremus.com\/?product=tapiz-rascador-adherible-beige","og_site_name":"Acuario Supremus","article_publisher":"https:\/\/www.facebook.com\/AcuarioSupremus","article_modified_time":"2026-01-17T23:41:24+00:00","og_image":[{"width":800,"height":800,"url":"https:\/\/acuariosupremus.com\/wp-content\/uploads\/2025\/12\/FL9670.jpg","type":"image\/jpeg"}],"twitter_card":"summary_large_image","twitter_site":"@AcuarioSupremus","twitter_misc":{"Tiempo de lectura":"1 minuto"},"schema":{"@context":"https:\/\/schema.org","@graph":[{"@type":"WebPage","@id":"https:\/\/acuariosupremus.com\/?product=tapiz-rascador-adherible-beige","url":"https:\/\/acuariosupremus.com\/?product=tapiz-rascador-adherible-beige","name":"TAPIZ RASCADOR ADHERIBLE BEIGE. | Acuario Supremus","isPartOf":{"@id":"https:\/\/acuariosupremus.com\/#website"},"primaryImageOfPage":{"@id":"https:\/\/acuariosupremus.com\/?product=tapiz-rascador-adherible-beige#primaryimage"},"image":{"@id":"https:\/\/acuariosupremus.com\/?product=tapiz-rascador-adherible-beige#primaryimage"},"thumbnailUrl":"https:\/\/acuariosupremus.com\/wp-content\/uploads\/2025\/12\/FL9670.jpg","datePublished":"2025-12-05T21:25:05+00:00","dateModified":"2026-01-17T23:41:24+00:00","description":"Protege tus muebles y satisface el instinto natural de rascado de tu gato con el tapiz rascador adherible BEIGE, rollo de 100 cm x 30 cm,","breadcrumb":{"@id":"https:\/\/acuariosupremus.com\/?product=tapiz-rascador-adherible-beige#breadcrumb"},"inLanguage":"es","potentialAction":[{"@type":"ReadAction","target":["https:\/\/acuariosupremus.com\/?product=tapiz-rascador-adherible-beige"]}]},{"@type":"ImageObject","inLanguage":"es","@id":"https:\/\/acuariosupremus.com\/?product=tapiz-rascador-adherible-beige#primaryimage","url":"https:\/\/acuariosupremus.com\/wp-content\/uploads\/2025\/12\/FL9670.jpg","contentUrl":"https:\/\/acuariosupremus.com\/wp-content\/uploads\/2025\/12\/FL9670.jpg","width":800,"height":800},{"@type":"BreadcrumbList","@id":"https:\/\/acuariosupremus.com\/?product=tapiz-rascador-adherible-beige#breadcrumb","itemListElement":[{"@type":"ListItem","position":1,"name":"Portada","item":"https:\/\/acuariosupremus.com\/"},{"@type":"ListItem","position":2,"name":"Tienda","item":"https:\/\/acuariosupremus.com\/tienda\/"},{"@type":"ListItem","position":3,"name":"TAPIZ RASCADOR ADHERIBLE BEIGE."}]},{"@type":"WebSite","@id":"https:\/\/acuariosupremus.com\/#website","url":"https:\/\/acuariosupremus.com\/","name":"Acuario Supremus","description":"Peces, Peceras y Mascotas.","publisher":{"@id":"https:\/\/acuariosupremus.com\/#organization"},"potentialAction":[{"@type":"SearchAction","target":{"@type":"EntryPoint","urlTemplate":"https:\/\/acuariosupremus.com\/?s={search_term_string}"},"query-input":{"@type":"PropertyValueSpecification","valueRequired":true,"valueName":"search_term_string"}}],"inLanguage":"es"},{"@type":"Organization","@id":"https:\/\/acuariosupremus.com\/#organization","name":"Acuario Supremus","url":"https:\/\/acuariosupremus.com\/","logo":{"@type":"ImageObject","inLanguage":"es","@id":"https:\/\/acuariosupremus.com\/#\/schema\/logo\/image\/","url":"https:\/\/acuariosupremus.com\/wp-content\/uploads\/2021\/12\/cropped-logo_acuario_supremus_fn-2.png","contentUrl":"https:\/\/acuariosupremus.com\/wp-content\/uploads\/2021\/12\/cropped-logo_acuario_supremus_fn-2.png","width":1000,"height":318,"caption":"Acuario Supremus"},"image":{"@id":"https:\/\/acuariosupremus.com\/#\/schema\/logo\/image\/"},"sameAs":["https:\/\/www.facebook.com\/AcuarioSupremus","https:\/\/x.com\/AcuarioSupremus","https:\/\/www.instagram.com\/acuariosupremus\/?hl=es"]}]}},"jetpack_sharing_enabled":true,"_links":{"self":[{"href":"https:\/\/acuariosupremus.com\/index.php?rest_route=\/wp\/v2\/product\/15653","targetHints":{"allow":["GET"]}}],"collection":[{"href":"https:\/\/acuariosupremus.com\/index.php?rest_route=\/wp\/v2\/product"}],"about":[{"href":"https:\/\/acuariosupremus.com\/index.php?rest_route=\/wp\/v2\/types\/product"}],"wp:featuredmedia":[{"embeddable":true,"href":"https:\/\/acuariosupremus.com\/index.php?rest_route=\/wp\/v2\/media\/15654"}],"wp:attachment":[{"href":"https:\/\/acuariosupremus.com\/index.php?rest_route=%2Fwp%2Fv2%2Fmedia&parent=15653"}],"wp:term":[{"taxonomy":"product_brand","embeddable":true,"href":"https:\/\/acuariosupremus.com\/index.php?rest_route=%2Fwp%2Fv2%2Fproduct_brand&post=15653"},{"taxonomy":"product_cat","embeddable":true,"href":"https:\/\/acuariosupremus.com\/index.php?rest_route=%2Fwp%2Fv2%2Fproduct_cat&post=15653"},{"taxonomy":"product_tag","embeddable":true,"href":"https:\/\/acuariosupremus.com\/index.php?rest_route=%2Fwp%2Fv2%2Fproduct_tag&post=15653"}],"curies":[{"name":"wp","href":"https:\/\/api.w.org\/{rel}","templated":true}]}}