{"id":15659,"date":"2025-12-05T15:31:50","date_gmt":"2025-12-05T21:31:50","guid":{"rendered":"https:\/\/acuariosupremus.com\/?post_type=product&#038;p=15659"},"modified":"2026-01-07T16:43:30","modified_gmt":"2026-01-07T22:43:30","slug":"bebedero-aves-75-ml-2-pzas","status":"publish","type":"product","link":"https:\/\/acuariosupremus.com\/?product=bebedero-aves-75-ml-2-pzas","title":{"rendered":"BEBEDERO AVES 75 ML-2 PZAS."},"content":{"rendered":"<p>Contenido neto: 2 pzas,\u00a0 Marca: Redkite,\u00a0 Especie:Aves,\u00a0 Capacidad: 75 ml c\/u,\u00a0 Medidas: 12 x 7.5 cm,\u00a0 Material: 32% polipropileno, 68% poliestireno.<\/p>\n<div id=\"tab-label-product.info.ingredientes.modo.de.uso\" class=\"data item title active\" tabindex=\"0\" role=\"tab\" aria-labeledby=\"tab-label-product.info.ingredientes.modo.de.uso-title\" data-role=\"collapsible\" data-collapsible=\"true\" aria-controls=\"product.info.ingredientes.modo.de.uso\" aria-selected=\"true\" aria-expanded=\"true\">MODO DE USO \/ PRECAUCIONES Y ADVERTENCIAS:<\/div>\n<div id=\"product.info.ingredientes.modo.de.uso\" class=\"data item content\" role=\"tabpanel\" data-role=\"content\" aria-labelledby=\"tab-label-product.info.ingredientes.modo.de.uso\" aria-hidden=\"false\">\n<div class=\"product attribute modo_de_uso_precuaciones_y_adv\">\n<div class=\"value\">Inserte la boquilla del bebedero entre los barrotes verticales de la jaula, coloc\u00e1ndolo por la parte exterior para facilitar el acceso del ave al agua o alimento. Aseg\u00farese de que el bebedero quede firmemente sujeto mediante su base flexible. Para rellenar, retire la parte superior y vierta agua fresca o semillas peque\u00f1as seg\u00fan el uso deseado. Lave y desinfecte el bebedero semanalmente con abundante agua. En caso de formaci\u00f3n de hongos o bacterias, puede utilizar vinagre de manzana como desinfectante natural, enjuagando posteriormente con suficiente agua limpia. Complemente el bienestar de sus aves con los t\u00f3nicos para aves de ornato de RedKite, formulados con vitaminas y minerales para el plumaje, canto, postura y salud. Este producto est\u00e1 dise\u00f1ado exclusivamente para aves de ornato y canoras. Evite exponer el bebedero a fuentes directas de calor o luz solar intensa por periodos prolongados. No utilice productos qu\u00edmicos agresivos para su limpieza, ya que pueden dejar residuos t\u00f3xicos. Supervise regularmente el nivel y la calidad del agua para garantizar una correcta hidrataci\u00f3n. El uso y mantenimiento del producto son responsabilidad del propietario.<\/div>\n<\/div>\n<\/div>\n","protected":false},"excerpt":{"rendered":"<div id=\"tab-label-description\" class=\"data item title active\" tabindex=\"0\" role=\"tab\" aria-labeledby=\"tab-label-description-title\" data-role=\"collapsible\" data-collapsible=\"true\" aria-controls=\"description\" aria-selected=\"false\" aria-expanded=\"true\">DESCRIPCI\u00d3N:<\/div>\n<div id=\"description\" class=\"data item content\" role=\"tabpanel\" data-role=\"content\" aria-labelledby=\"tab-label-description\" aria-hidden=\"false\">\n<div class=\"product attribute description\">\n<div class=\"value\">\n<p>Mant\u00e9n a tus aves siempre hidratadas con los bebederos para aves RedKite de 75 ml. Su dise\u00f1o pr\u00e1ctico permite colocarlo f\u00e1cilmente por fuera de jaulas con barrotes verticales, sujet\u00e1ndose con firmeza gracias a su base flexible y desmontable, sin requerir soporte adicional. Fabricado con materiales resistentes y seguros, garantiza acceso continuo a agua limpia, evitando la acumulaci\u00f3n de suciedad o bacterias. Su versatilidad permite usarlo tambi\u00e9n como comedero para semillas peque\u00f1as, ofreciendo funcionalidad, higiene y comodidad en un solo producto. Adem\u00e1s, su estructura facilita la limpieza y el rellenado sin necesidad de abrir la jaula, brindando una experiencia pr\u00e1ctica tanto para el cuidador como para el ave.<\/p>\n<div id=\"tab-label-product.info.beneficios\" class=\"data item title active\" tabindex=\"0\" role=\"tab\" aria-labeledby=\"tab-label-product.info.beneficios-title\" data-role=\"collapsible\" data-collapsible=\"true\" aria-controls=\"product.info.beneficios\" aria-selected=\"true\" aria-expanded=\"true\">BENEFICIOS:<\/div>\n<div id=\"product.info.beneficios\" class=\"data item content\" role=\"tabpanel\" data-role=\"content\" aria-labelledby=\"tab-label-product.info.beneficios\" aria-hidden=\"false\">\n<div class=\"product attribute beneficios\">\n<div class=\"value\">Hidrataci\u00f3n continua y segura: Proporciona acceso constante a agua limpia, ayudando a mantener a las aves saludables y bien hidratadas en todo momento. Dise\u00f1o higi\u00e9nico y funcional: Su estructura evita la acumulaci\u00f3n de excremento o alimento, reduciendo el riesgo de proliferaci\u00f3n de bacterias y manteniendo el agua en \u00f3ptimas condiciones. Instalaci\u00f3n pr\u00e1ctica sin soporte adicional: Gracias a su base flexible, se fija f\u00e1cilmente entre los barrotes verticales de la jaula sin necesidad de accesorios, asegurando un montaje r\u00e1pido y estable. F\u00e1cil limpieza y mantenimiento: Su base desmontable permite una limpieza profunda y sencilla, garantizando un entorno m\u00e1s higi\u00e9nico para el ave. Uso dual como comedero: Adem\u00e1s de ser un bebedero, puede emplearse para ofrecer semillas o granos peque\u00f1os, brindando versatilidad y funcionalidad en un solo producto.<\/div>\n<\/div>\n<\/div>\n<\/div>\n<\/div>\n<\/div>\n","protected":false},"featured_media":15660,"template":"","meta":[],"product_brand":[104],"product_cat":[20,22],"product_tag":[268],"class_list":{"0":"post-15659","1":"product","2":"type-product","3":"status-publish","4":"has-post-thumbnail","6":"product_brand-redkite","7":"product_cat-aves","8":"product_cat-dispensadores","9":"product_tag-bebedero-aves","11":"first","12":"instock","13":"sale","14":"shipping-taxable","15":"purchasable","16":"product-type-simple"},"yoast_head":"<!-- This site is optimized with the Yoast SEO plugin v27.4 - https:\/\/yoast.com\/product\/yoast-seo-wordpress\/ -->\n<title>BEBEDERO AVES 75 ML-2 PZAS. | Acuario Supremus<\/title>\n<meta name=\"description\" content=\"Bebederos para aves RedKite de 75 ml. Su dise\u00f1o pr\u00e1ctico permite colocarlo f\u00e1cilmente por fuera de jaulas con barrotes verticales.\" \/>\n<meta name=\"robots\" content=\"index, follow, max-snippet:-1, max-image-preview:large, max-video-preview:-1\" \/>\n<link rel=\"canonical\" href=\"https:\/\/acuariosupremus.com\/?product=bebedero-aves-75-ml-2-pzas\" \/>\n<meta property=\"og:locale\" content=\"es_MX\" \/>\n<meta property=\"og:type\" content=\"article\" \/>\n<meta property=\"og:title\" content=\"BEBEDERO AVES 75 ML-2 PZAS. | Acuario Supremus\" \/>\n<meta property=\"og:description\" content=\"Bebederos para aves RedKite de 75 ml. Su dise\u00f1o pr\u00e1ctico permite colocarlo f\u00e1cilmente por fuera de jaulas con barrotes verticales.\" \/>\n<meta property=\"og:url\" content=\"https:\/\/acuariosupremus.com\/?product=bebedero-aves-75-ml-2-pzas\" \/>\n<meta property=\"og:site_name\" content=\"Acuario Supremus\" \/>\n<meta property=\"article:publisher\" content=\"https:\/\/www.facebook.com\/AcuarioSupremus\" \/>\n<meta property=\"article:modified_time\" content=\"2026-01-07T22:43:30+00:00\" \/>\n<meta property=\"og:image\" content=\"https:\/\/acuariosupremus.com\/wp-content\/uploads\/2025\/12\/FL9878.jpg\" \/>\n\t<meta property=\"og:image:width\" content=\"800\" \/>\n\t<meta property=\"og:image:height\" content=\"800\" \/>\n\t<meta property=\"og:image:type\" content=\"image\/jpeg\" \/>\n<meta name=\"twitter:card\" content=\"summary_large_image\" \/>\n<meta name=\"twitter:site\" content=\"@AcuarioSupremus\" \/>\n<meta name=\"twitter:label1\" content=\"Tiempo de lectura\" \/>\n\t<meta name=\"twitter:data1\" content=\"2 minutos\" \/>\n<script type=\"application\/ld+json\" class=\"yoast-schema-graph\">{\"@context\":\"https:\\\/\\\/schema.org\",\"@graph\":[{\"@type\":\"WebPage\",\"@id\":\"https:\\\/\\\/acuariosupremus.com\\\/?product=bebedero-aves-75-ml-2-pzas\",\"url\":\"https:\\\/\\\/acuariosupremus.com\\\/?product=bebedero-aves-75-ml-2-pzas\",\"name\":\"BEBEDERO AVES 75 ML-2 PZAS. | Acuario Supremus\",\"isPartOf\":{\"@id\":\"https:\\\/\\\/acuariosupremus.com\\\/#website\"},\"primaryImageOfPage\":{\"@id\":\"https:\\\/\\\/acuariosupremus.com\\\/?product=bebedero-aves-75-ml-2-pzas#primaryimage\"},\"image\":{\"@id\":\"https:\\\/\\\/acuariosupremus.com\\\/?product=bebedero-aves-75-ml-2-pzas#primaryimage\"},\"thumbnailUrl\":\"https:\\\/\\\/acuariosupremus.com\\\/wp-content\\\/uploads\\\/2025\\\/12\\\/FL9878.jpg\",\"datePublished\":\"2025-12-05T21:31:50+00:00\",\"dateModified\":\"2026-01-07T22:43:30+00:00\",\"description\":\"Bebederos para aves RedKite de 75 ml. Su dise\u00f1o pr\u00e1ctico permite colocarlo f\u00e1cilmente por fuera de jaulas con barrotes verticales.\",\"breadcrumb\":{\"@id\":\"https:\\\/\\\/acuariosupremus.com\\\/?product=bebedero-aves-75-ml-2-pzas#breadcrumb\"},\"inLanguage\":\"es\",\"potentialAction\":[{\"@type\":\"ReadAction\",\"target\":[\"https:\\\/\\\/acuariosupremus.com\\\/?product=bebedero-aves-75-ml-2-pzas\"]}]},{\"@type\":\"ImageObject\",\"inLanguage\":\"es\",\"@id\":\"https:\\\/\\\/acuariosupremus.com\\\/?product=bebedero-aves-75-ml-2-pzas#primaryimage\",\"url\":\"https:\\\/\\\/acuariosupremus.com\\\/wp-content\\\/uploads\\\/2025\\\/12\\\/FL9878.jpg\",\"contentUrl\":\"https:\\\/\\\/acuariosupremus.com\\\/wp-content\\\/uploads\\\/2025\\\/12\\\/FL9878.jpg\",\"width\":800,\"height\":800},{\"@type\":\"BreadcrumbList\",\"@id\":\"https:\\\/\\\/acuariosupremus.com\\\/?product=bebedero-aves-75-ml-2-pzas#breadcrumb\",\"itemListElement\":[{\"@type\":\"ListItem\",\"position\":1,\"name\":\"Portada\",\"item\":\"https:\\\/\\\/acuariosupremus.com\\\/\"},{\"@type\":\"ListItem\",\"position\":2,\"name\":\"Tienda\",\"item\":\"https:\\\/\\\/acuariosupremus.com\\\/tienda\\\/\"},{\"@type\":\"ListItem\",\"position\":3,\"name\":\"BEBEDERO AVES 75 ML-2 PZAS.\"}]},{\"@type\":\"WebSite\",\"@id\":\"https:\\\/\\\/acuariosupremus.com\\\/#website\",\"url\":\"https:\\\/\\\/acuariosupremus.com\\\/\",\"name\":\"Acuario Supremus\",\"description\":\"Peces, Peceras y Mascotas.\",\"publisher\":{\"@id\":\"https:\\\/\\\/acuariosupremus.com\\\/#organization\"},\"potentialAction\":[{\"@type\":\"SearchAction\",\"target\":{\"@type\":\"EntryPoint\",\"urlTemplate\":\"https:\\\/\\\/acuariosupremus.com\\\/?s={search_term_string}\"},\"query-input\":{\"@type\":\"PropertyValueSpecification\",\"valueRequired\":true,\"valueName\":\"search_term_string\"}}],\"inLanguage\":\"es\"},{\"@type\":\"Organization\",\"@id\":\"https:\\\/\\\/acuariosupremus.com\\\/#organization\",\"name\":\"Acuario Supremus\",\"url\":\"https:\\\/\\\/acuariosupremus.com\\\/\",\"logo\":{\"@type\":\"ImageObject\",\"inLanguage\":\"es\",\"@id\":\"https:\\\/\\\/acuariosupremus.com\\\/#\\\/schema\\\/logo\\\/image\\\/\",\"url\":\"https:\\\/\\\/acuariosupremus.com\\\/wp-content\\\/uploads\\\/2021\\\/12\\\/cropped-logo_acuario_supremus_fn-2.png\",\"contentUrl\":\"https:\\\/\\\/acuariosupremus.com\\\/wp-content\\\/uploads\\\/2021\\\/12\\\/cropped-logo_acuario_supremus_fn-2.png\",\"width\":1000,\"height\":318,\"caption\":\"Acuario Supremus\"},\"image\":{\"@id\":\"https:\\\/\\\/acuariosupremus.com\\\/#\\\/schema\\\/logo\\\/image\\\/\"},\"sameAs\":[\"https:\\\/\\\/www.facebook.com\\\/AcuarioSupremus\",\"https:\\\/\\\/x.com\\\/AcuarioSupremus\",\"https:\\\/\\\/www.instagram.com\\\/acuariosupremus\\\/?hl=es\"]}]}<\/script>\n<!-- \/ Yoast SEO plugin. -->","yoast_head_json":{"title":"BEBEDERO AVES 75 ML-2 PZAS. | Acuario Supremus","description":"Bebederos para aves RedKite de 75 ml. Su dise\u00f1o pr\u00e1ctico permite colocarlo f\u00e1cilmente por fuera de jaulas con barrotes verticales.","robots":{"index":"index","follow":"follow","max-snippet":"max-snippet:-1","max-image-preview":"max-image-preview:large","max-video-preview":"max-video-preview:-1"},"canonical":"https:\/\/acuariosupremus.com\/?product=bebedero-aves-75-ml-2-pzas","og_locale":"es_MX","og_type":"article","og_title":"BEBEDERO AVES 75 ML-2 PZAS. | Acuario Supremus","og_description":"Bebederos para aves RedKite de 75 ml. Su dise\u00f1o pr\u00e1ctico permite colocarlo f\u00e1cilmente por fuera de jaulas con barrotes verticales.","og_url":"https:\/\/acuariosupremus.com\/?product=bebedero-aves-75-ml-2-pzas","og_site_name":"Acuario Supremus","article_publisher":"https:\/\/www.facebook.com\/AcuarioSupremus","article_modified_time":"2026-01-07T22:43:30+00:00","og_image":[{"width":800,"height":800,"url":"https:\/\/acuariosupremus.com\/wp-content\/uploads\/2025\/12\/FL9878.jpg","type":"image\/jpeg"}],"twitter_card":"summary_large_image","twitter_site":"@AcuarioSupremus","twitter_misc":{"Tiempo de lectura":"2 minutos"},"schema":{"@context":"https:\/\/schema.org","@graph":[{"@type":"WebPage","@id":"https:\/\/acuariosupremus.com\/?product=bebedero-aves-75-ml-2-pzas","url":"https:\/\/acuariosupremus.com\/?product=bebedero-aves-75-ml-2-pzas","name":"BEBEDERO AVES 75 ML-2 PZAS. | Acuario Supremus","isPartOf":{"@id":"https:\/\/acuariosupremus.com\/#website"},"primaryImageOfPage":{"@id":"https:\/\/acuariosupremus.com\/?product=bebedero-aves-75-ml-2-pzas#primaryimage"},"image":{"@id":"https:\/\/acuariosupremus.com\/?product=bebedero-aves-75-ml-2-pzas#primaryimage"},"thumbnailUrl":"https:\/\/acuariosupremus.com\/wp-content\/uploads\/2025\/12\/FL9878.jpg","datePublished":"2025-12-05T21:31:50+00:00","dateModified":"2026-01-07T22:43:30+00:00","description":"Bebederos para aves RedKite de 75 ml. Su dise\u00f1o pr\u00e1ctico permite colocarlo f\u00e1cilmente por fuera de jaulas con barrotes verticales.","breadcrumb":{"@id":"https:\/\/acuariosupremus.com\/?product=bebedero-aves-75-ml-2-pzas#breadcrumb"},"inLanguage":"es","potentialAction":[{"@type":"ReadAction","target":["https:\/\/acuariosupremus.com\/?product=bebedero-aves-75-ml-2-pzas"]}]},{"@type":"ImageObject","inLanguage":"es","@id":"https:\/\/acuariosupremus.com\/?product=bebedero-aves-75-ml-2-pzas#primaryimage","url":"https:\/\/acuariosupremus.com\/wp-content\/uploads\/2025\/12\/FL9878.jpg","contentUrl":"https:\/\/acuariosupremus.com\/wp-content\/uploads\/2025\/12\/FL9878.jpg","width":800,"height":800},{"@type":"BreadcrumbList","@id":"https:\/\/acuariosupremus.com\/?product=bebedero-aves-75-ml-2-pzas#breadcrumb","itemListElement":[{"@type":"ListItem","position":1,"name":"Portada","item":"https:\/\/acuariosupremus.com\/"},{"@type":"ListItem","position":2,"name":"Tienda","item":"https:\/\/acuariosupremus.com\/tienda\/"},{"@type":"ListItem","position":3,"name":"BEBEDERO AVES 75 ML-2 PZAS."}]},{"@type":"WebSite","@id":"https:\/\/acuariosupremus.com\/#website","url":"https:\/\/acuariosupremus.com\/","name":"Acuario Supremus","description":"Peces, Peceras y Mascotas.","publisher":{"@id":"https:\/\/acuariosupremus.com\/#organization"},"potentialAction":[{"@type":"SearchAction","target":{"@type":"EntryPoint","urlTemplate":"https:\/\/acuariosupremus.com\/?s={search_term_string}"},"query-input":{"@type":"PropertyValueSpecification","valueRequired":true,"valueName":"search_term_string"}}],"inLanguage":"es"},{"@type":"Organization","@id":"https:\/\/acuariosupremus.com\/#organization","name":"Acuario Supremus","url":"https:\/\/acuariosupremus.com\/","logo":{"@type":"ImageObject","inLanguage":"es","@id":"https:\/\/acuariosupremus.com\/#\/schema\/logo\/image\/","url":"https:\/\/acuariosupremus.com\/wp-content\/uploads\/2021\/12\/cropped-logo_acuario_supremus_fn-2.png","contentUrl":"https:\/\/acuariosupremus.com\/wp-content\/uploads\/2021\/12\/cropped-logo_acuario_supremus_fn-2.png","width":1000,"height":318,"caption":"Acuario Supremus"},"image":{"@id":"https:\/\/acuariosupremus.com\/#\/schema\/logo\/image\/"},"sameAs":["https:\/\/www.facebook.com\/AcuarioSupremus","https:\/\/x.com\/AcuarioSupremus","https:\/\/www.instagram.com\/acuariosupremus\/?hl=es"]}]}},"jetpack_sharing_enabled":true,"_links":{"self":[{"href":"https:\/\/acuariosupremus.com\/index.php?rest_route=\/wp\/v2\/product\/15659","targetHints":{"allow":["GET"]}}],"collection":[{"href":"https:\/\/acuariosupremus.com\/index.php?rest_route=\/wp\/v2\/product"}],"about":[{"href":"https:\/\/acuariosupremus.com\/index.php?rest_route=\/wp\/v2\/types\/product"}],"wp:featuredmedia":[{"embeddable":true,"href":"https:\/\/acuariosupremus.com\/index.php?rest_route=\/wp\/v2\/media\/15660"}],"wp:attachment":[{"href":"https:\/\/acuariosupremus.com\/index.php?rest_route=%2Fwp%2Fv2%2Fmedia&parent=15659"}],"wp:term":[{"taxonomy":"product_brand","embeddable":true,"href":"https:\/\/acuariosupremus.com\/index.php?rest_route=%2Fwp%2Fv2%2Fproduct_brand&post=15659"},{"taxonomy":"product_cat","embeddable":true,"href":"https:\/\/acuariosupremus.com\/index.php?rest_route=%2Fwp%2Fv2%2Fproduct_cat&post=15659"},{"taxonomy":"product_tag","embeddable":true,"href":"https:\/\/acuariosupremus.com\/index.php?rest_route=%2Fwp%2Fv2%2Fproduct_tag&post=15659"}],"curies":[{"name":"wp","href":"https:\/\/api.w.org\/{rel}","templated":true}]}}