{"id":15741,"date":"2026-04-15T16:32:34","date_gmt":"2026-04-15T22:32:34","guid":{"rendered":"https:\/\/acuariosupremus.com\/?post_type=product&#038;p=15741"},"modified":"2026-04-15T16:32:34","modified_gmt":"2026-04-15T22:32:34","slug":"ms-recovery-suplemento-proteina-perros-400g","status":"publish","type":"product","link":"https:\/\/acuariosupremus.com\/?product=ms-recovery-suplemento-proteina-perros-400g","title":{"rendered":"MS RECOVERY SUPLEMENTO PROTE\u00cdNA PERROS 400G."},"content":{"rendered":"<div id=\"tab-label-product.info.ingredientes.formulacion\" class=\"data item title active\" tabindex=\"0\" role=\"tab\" aria-labeledby=\"tab-label-product.info.ingredientes.formulacion-title\" data-role=\"collapsible\" data-collapsible=\"true\" aria-controls=\"product.info.ingredientes.formulacion\" aria-selected=\"true\" aria-expanded=\"true\">INGREDIENTES\/FORMULACI\u00d3N:<\/div>\n<div id=\"product.info.ingredientes.formulacion\" class=\"data item content\" role=\"tabpanel\" data-role=\"content\" aria-labelledby=\"tab-label-product.info.ingredientes.formulacion\" aria-hidden=\"false\">\n<div class=\"product attribute ingredientes_formulacion\">\n<div class=\"value\">Suero de leche, prote\u00edna de soya, prote\u00edna de huevo, caseinato de calcio (leche), col\u00e1geno hidrolizado de origen bovino, palatante (v\u00edsceras de ave y\/o cerdo, levadura inactivada y\/o az\u00facares y\/o subproductos vegetales, sal, \u00e1cido asc\u00f3rbico, BHA, galato de propilo y \u00e1cido c\u00edtrico), vitaminas y minerales (vitamina A, vitamina D3, vitamina E, vitamina K3, vitamina B1, vitamina B2, vitamina B3, vitamina B6, vitamina B7, vitamina B12, vitamina C, \u00e1cido pantot\u00e9nico, \u00e1cido f\u00f3lico, betacaroteno, cloruro de colina, cobre, hierro, manganeso, yodo, zinc, selenio, carbonato de calcio), nucle\u00f3tidos libres derivados de la fermentaci\u00f3n de Saccharomyces cerevisiae (guanina, citosina, uracila, adenina), mananoligosac\u00e1ridos y \u00df &#8211; glucanos derivados de la pared celular de la levadura S. cerevisiae, bacterias Lactobacillus acidophilus m\u00edn. 5&#215;104 UCF\/g, enzimas digestivas (amilasas, proteasas, celulosas, lipasa, lactasa, invertasas, maltasa, alfa &#8211; galactosidasas, beta &#8211; glucanasas y xilanasas). Al\u00e9rgenos: leche y huevo.<\/div>\n<div>\n<div id=\"tab-label-product.info.ingredientes.modo.de.uso\" class=\"data item title active\" tabindex=\"0\" role=\"tab\" aria-labeledby=\"tab-label-product.info.ingredientes.modo.de.uso-title\" data-role=\"collapsible\" data-collapsible=\"true\" aria-controls=\"product.info.ingredientes.modo.de.uso\" aria-selected=\"true\" aria-expanded=\"true\">MODO DE USO \/ PRECAUCIONES Y ADVERTENCIAS:<\/div>\n<div id=\"product.info.ingredientes.modo.de.uso\" class=\"data item content\" role=\"tabpanel\" data-role=\"content\" aria-labelledby=\"tab-label-product.info.ingredientes.modo.de.uso\" aria-hidden=\"false\">\n<div class=\"product attribute modo_de_uso_precuaciones_y_adv\">\n<div class=\"value\">Prote\u00edna cruda (m\u00edn.): 60 %rnGrasa cruda (m\u00edn.): 1 %rnCenizas (m\u00e1x.): 9 %rnFibra cruda (m\u00e1x.): 2 %rnHumedad (m\u00e1x.): 10 %rnE.L.N. (m\u00edn.): 20 %<\/div>\n<div>\n<div id=\"tab-label-additional\" class=\"data item title active\" tabindex=\"0\" role=\"tab\" aria-labeledby=\"tab-label-additional-title\" data-role=\"collapsible\" data-collapsible=\"true\" aria-controls=\"additional\" aria-selected=\"true\" aria-expanded=\"true\">CARACTER\u00cdSTICAS:<\/div>\n<div id=\"additional\" class=\"data item content\" role=\"tabpanel\" data-role=\"content\" aria-labelledby=\"tab-label-additional\" aria-hidden=\"false\">\n<div class=\"additional-attributes-wrapper table-wrapper\">Marca: Medical Solutions,\u00a0 Especie: Perros,\u00a0 Contenido neto: <strong>400 g<\/strong><\/div>\n<\/div>\n<\/div>\n<\/div>\n<\/div>\n<\/div>\n<\/div>\n<\/div>\n","protected":false},"excerpt":{"rendered":"<div id=\"tab-label-description\" class=\"data item title active\" tabindex=\"0\" role=\"tab\" aria-labeledby=\"tab-label-description-title\" data-role=\"collapsible\" data-collapsible=\"true\" aria-controls=\"description\" aria-selected=\"false\" aria-expanded=\"true\">DESCRIPCI\u00d3N:<\/div>\n<div id=\"description\" class=\"data item content\" role=\"tabpanel\" data-role=\"content\" aria-labelledby=\"tab-label-description\" aria-hidden=\"false\">\n<div class=\"product attribute description\">\n<div class=\"value\">\n<p>Fancy Pets Medical Solutions Recovery es un suplemento nutricional proteico avanzado dise\u00f1ado para potenciar la recuperaci\u00f3n, el fortalecimiento y la vitalidad integral de los perros. Su exclusiva f\u00f3rmula combina prote\u00ednas altamente digestibles, col\u00e1geno hidrolizado y caseinato de calcio, ofreciendo un perfil completo de amino\u00e1cidos esenciales que favorece la construcci\u00f3n de masa muscular, la salud de huesos y articulaciones, y la regeneraci\u00f3n de tejidos. Fortificado con vitaminas, minerales, probi\u00f3ticos, enzimas digestivas, betaglucanos y nucle\u00f3tidos, apoya los sistemas inmune, digestivo y cardiovascular, promoviendo un rendimiento \u00f3ptimo y un bienestar general. Es ideal para cachorros en crecimiento, hembras en gestaci\u00f3n o lactancia, perros geri\u00e1tricos, atletas caninos o aquellos en recuperaci\u00f3n tras cirug\u00edas, enfermedades o desnutrici\u00f3n, convirti\u00e9ndose en el aliado perfecto para una recuperaci\u00f3n m\u00e1s r\u00e1pida y una vida activa y saludable. NO DE AUTORIZACI\u00d3N: A-7290-118<\/p>\n<div id=\"tab-label-product.info.beneficios\" class=\"data item title active\" tabindex=\"0\" role=\"tab\" aria-labeledby=\"tab-label-product.info.beneficios-title\" data-role=\"collapsible\" data-collapsible=\"true\" aria-controls=\"product.info.beneficios\" aria-selected=\"true\" aria-expanded=\"true\">BENEFICIOS:<\/div>\n<div id=\"product.info.beneficios\" class=\"data item content\" role=\"tabpanel\" data-role=\"content\" aria-labelledby=\"tab-label-product.info.beneficios\" aria-hidden=\"false\">\n<div class=\"product attribute beneficios\">\n<div class=\"value\">Favorece la recuperaci\u00f3n integral despu\u00e9s de cirug\u00edas, enfermedades o per\u00edodos de alta demanda f\u00edsica. Fortalece m\u00fasculos, huesos y articulaciones gracias a su aporte de col\u00e1geno hidrolizado y prote\u00ednas de alta calidad. Optimiza la salud digestiva y el sistema inmune con probi\u00f3ticos, enzimas digestivas, betaglucanos y nucle\u00f3tidos. Promueve una piel sana y un pelaje brillante, contribuyendo al bienestar general y a la apariencia de tu perro. Ofrece alta palatabilidad mejorando el sabor de las croquetas, facilitando su ingesta. F\u00e1cil administraci\u00f3n, siendo ideal para perros activos, en crecimiento, geri\u00e1tricos o convalecientes.<\/div>\n<\/div>\n<\/div>\n<\/div>\n<\/div>\n<\/div>\n","protected":false},"featured_media":15742,"template":"","meta":[],"product_brand":[108],"product_cat":[73,83],"product_tag":[1028,1030,1029],"class_list":{"0":"post-15741","1":"product","2":"type-product","3":"status-publish","4":"has-post-thumbnail","6":"product_brand-medicalsolutions","7":"product_cat-perros","8":"product_cat-salud-perros","9":"product_tag-ms-recovery","10":"product_tag-proteina-para-perros","11":"product_tag-suplemento-proteina","13":"first","14":"instock","15":"sale","16":"shipping-taxable","17":"purchasable","18":"product-type-simple"},"yoast_head":"<!-- This site is optimized with the Yoast SEO plugin v27.4 - https:\/\/yoast.com\/product\/yoast-seo-wordpress\/ -->\n<title>MS RECOVERY SUPLEMENTO PROTE\u00cdNA PERROS 400G. | Acuario Supremus<\/title>\n<meta name=\"description\" content=\"MS Recovery es un suplemento nutricional proteico avanzado dise\u00f1ado para potenciar la recuperaci\u00f3n, fortalecimiento y la vitalidad integral de los perros.\" \/>\n<meta name=\"robots\" content=\"index, follow, max-snippet:-1, max-image-preview:large, max-video-preview:-1\" \/>\n<link rel=\"canonical\" href=\"https:\/\/acuariosupremus.com\/?product=ms-recovery-suplemento-proteina-perros-400g\" \/>\n<meta property=\"og:locale\" content=\"es_MX\" \/>\n<meta property=\"og:type\" content=\"article\" \/>\n<meta property=\"og:title\" content=\"MS RECOVERY SUPLEMENTO PROTE\u00cdNA PERROS 400G. | Acuario Supremus\" \/>\n<meta property=\"og:description\" content=\"MS Recovery es un suplemento nutricional proteico avanzado dise\u00f1ado para potenciar la recuperaci\u00f3n, fortalecimiento y la vitalidad integral de los perros.\" \/>\n<meta property=\"og:url\" content=\"https:\/\/acuariosupremus.com\/?product=ms-recovery-suplemento-proteina-perros-400g\" \/>\n<meta property=\"og:site_name\" content=\"Acuario Supremus\" \/>\n<meta property=\"article:publisher\" content=\"https:\/\/www.facebook.com\/AcuarioSupremus\" \/>\n<meta property=\"og:image\" content=\"https:\/\/acuariosupremus.com\/wp-content\/uploads\/2026\/04\/FL4177.jpg\" \/>\n\t<meta property=\"og:image:width\" content=\"1000\" \/>\n\t<meta property=\"og:image:height\" content=\"1000\" \/>\n\t<meta property=\"og:image:type\" content=\"image\/jpeg\" \/>\n<meta name=\"twitter:card\" content=\"summary_large_image\" \/>\n<meta name=\"twitter:site\" content=\"@AcuarioSupremus\" \/>\n<meta name=\"twitter:label1\" content=\"Tiempo de lectura\" \/>\n\t<meta name=\"twitter:data1\" content=\"2 minutos\" \/>\n<script type=\"application\/ld+json\" class=\"yoast-schema-graph\">{\"@context\":\"https:\\\/\\\/schema.org\",\"@graph\":[{\"@type\":\"WebPage\",\"@id\":\"https:\\\/\\\/acuariosupremus.com\\\/?product=ms-recovery-suplemento-proteina-perros-400g\",\"url\":\"https:\\\/\\\/acuariosupremus.com\\\/?product=ms-recovery-suplemento-proteina-perros-400g\",\"name\":\"MS RECOVERY SUPLEMENTO PROTE\u00cdNA PERROS 400G. | Acuario Supremus\",\"isPartOf\":{\"@id\":\"https:\\\/\\\/acuariosupremus.com\\\/#website\"},\"primaryImageOfPage\":{\"@id\":\"https:\\\/\\\/acuariosupremus.com\\\/?product=ms-recovery-suplemento-proteina-perros-400g#primaryimage\"},\"image\":{\"@id\":\"https:\\\/\\\/acuariosupremus.com\\\/?product=ms-recovery-suplemento-proteina-perros-400g#primaryimage\"},\"thumbnailUrl\":\"https:\\\/\\\/acuariosupremus.com\\\/wp-content\\\/uploads\\\/2026\\\/04\\\/FL4177.jpg\",\"datePublished\":\"2026-04-15T22:32:34+00:00\",\"description\":\"MS Recovery es un suplemento nutricional proteico avanzado dise\u00f1ado para potenciar la recuperaci\u00f3n, fortalecimiento y la vitalidad integral de los perros.\",\"breadcrumb\":{\"@id\":\"https:\\\/\\\/acuariosupremus.com\\\/?product=ms-recovery-suplemento-proteina-perros-400g#breadcrumb\"},\"inLanguage\":\"es\",\"potentialAction\":[{\"@type\":\"ReadAction\",\"target\":[\"https:\\\/\\\/acuariosupremus.com\\\/?product=ms-recovery-suplemento-proteina-perros-400g\"]}]},{\"@type\":\"ImageObject\",\"inLanguage\":\"es\",\"@id\":\"https:\\\/\\\/acuariosupremus.com\\\/?product=ms-recovery-suplemento-proteina-perros-400g#primaryimage\",\"url\":\"https:\\\/\\\/acuariosupremus.com\\\/wp-content\\\/uploads\\\/2026\\\/04\\\/FL4177.jpg\",\"contentUrl\":\"https:\\\/\\\/acuariosupremus.com\\\/wp-content\\\/uploads\\\/2026\\\/04\\\/FL4177.jpg\",\"width\":1000,\"height\":1000},{\"@type\":\"BreadcrumbList\",\"@id\":\"https:\\\/\\\/acuariosupremus.com\\\/?product=ms-recovery-suplemento-proteina-perros-400g#breadcrumb\",\"itemListElement\":[{\"@type\":\"ListItem\",\"position\":1,\"name\":\"Portada\",\"item\":\"https:\\\/\\\/acuariosupremus.com\\\/\"},{\"@type\":\"ListItem\",\"position\":2,\"name\":\"Tienda\",\"item\":\"https:\\\/\\\/acuariosupremus.com\\\/tienda\\\/\"},{\"@type\":\"ListItem\",\"position\":3,\"name\":\"MS RECOVERY SUPLEMENTO PROTE\u00cdNA PERROS 400G.\"}]},{\"@type\":\"WebSite\",\"@id\":\"https:\\\/\\\/acuariosupremus.com\\\/#website\",\"url\":\"https:\\\/\\\/acuariosupremus.com\\\/\",\"name\":\"Acuario Supremus\",\"description\":\"Peces, Peceras y Mascotas.\",\"publisher\":{\"@id\":\"https:\\\/\\\/acuariosupremus.com\\\/#organization\"},\"potentialAction\":[{\"@type\":\"SearchAction\",\"target\":{\"@type\":\"EntryPoint\",\"urlTemplate\":\"https:\\\/\\\/acuariosupremus.com\\\/?s={search_term_string}\"},\"query-input\":{\"@type\":\"PropertyValueSpecification\",\"valueRequired\":true,\"valueName\":\"search_term_string\"}}],\"inLanguage\":\"es\"},{\"@type\":\"Organization\",\"@id\":\"https:\\\/\\\/acuariosupremus.com\\\/#organization\",\"name\":\"Acuario Supremus\",\"url\":\"https:\\\/\\\/acuariosupremus.com\\\/\",\"logo\":{\"@type\":\"ImageObject\",\"inLanguage\":\"es\",\"@id\":\"https:\\\/\\\/acuariosupremus.com\\\/#\\\/schema\\\/logo\\\/image\\\/\",\"url\":\"https:\\\/\\\/acuariosupremus.com\\\/wp-content\\\/uploads\\\/2021\\\/12\\\/cropped-logo_acuario_supremus_fn-2.png\",\"contentUrl\":\"https:\\\/\\\/acuariosupremus.com\\\/wp-content\\\/uploads\\\/2021\\\/12\\\/cropped-logo_acuario_supremus_fn-2.png\",\"width\":1000,\"height\":318,\"caption\":\"Acuario Supremus\"},\"image\":{\"@id\":\"https:\\\/\\\/acuariosupremus.com\\\/#\\\/schema\\\/logo\\\/image\\\/\"},\"sameAs\":[\"https:\\\/\\\/www.facebook.com\\\/AcuarioSupremus\",\"https:\\\/\\\/x.com\\\/AcuarioSupremus\",\"https:\\\/\\\/www.instagram.com\\\/acuariosupremus\\\/?hl=es\"]}]}<\/script>\n<!-- \/ Yoast SEO plugin. -->","yoast_head_json":{"title":"MS RECOVERY SUPLEMENTO PROTE\u00cdNA PERROS 400G. | Acuario Supremus","description":"MS Recovery es un suplemento nutricional proteico avanzado dise\u00f1ado para potenciar la recuperaci\u00f3n, fortalecimiento y la vitalidad integral de los perros.","robots":{"index":"index","follow":"follow","max-snippet":"max-snippet:-1","max-image-preview":"max-image-preview:large","max-video-preview":"max-video-preview:-1"},"canonical":"https:\/\/acuariosupremus.com\/?product=ms-recovery-suplemento-proteina-perros-400g","og_locale":"es_MX","og_type":"article","og_title":"MS RECOVERY SUPLEMENTO PROTE\u00cdNA PERROS 400G. | Acuario Supremus","og_description":"MS Recovery es un suplemento nutricional proteico avanzado dise\u00f1ado para potenciar la recuperaci\u00f3n, fortalecimiento y la vitalidad integral de los perros.","og_url":"https:\/\/acuariosupremus.com\/?product=ms-recovery-suplemento-proteina-perros-400g","og_site_name":"Acuario Supremus","article_publisher":"https:\/\/www.facebook.com\/AcuarioSupremus","og_image":[{"width":1000,"height":1000,"url":"https:\/\/acuariosupremus.com\/wp-content\/uploads\/2026\/04\/FL4177.jpg","type":"image\/jpeg"}],"twitter_card":"summary_large_image","twitter_site":"@AcuarioSupremus","twitter_misc":{"Tiempo de lectura":"2 minutos"},"schema":{"@context":"https:\/\/schema.org","@graph":[{"@type":"WebPage","@id":"https:\/\/acuariosupremus.com\/?product=ms-recovery-suplemento-proteina-perros-400g","url":"https:\/\/acuariosupremus.com\/?product=ms-recovery-suplemento-proteina-perros-400g","name":"MS RECOVERY SUPLEMENTO PROTE\u00cdNA PERROS 400G. | Acuario Supremus","isPartOf":{"@id":"https:\/\/acuariosupremus.com\/#website"},"primaryImageOfPage":{"@id":"https:\/\/acuariosupremus.com\/?product=ms-recovery-suplemento-proteina-perros-400g#primaryimage"},"image":{"@id":"https:\/\/acuariosupremus.com\/?product=ms-recovery-suplemento-proteina-perros-400g#primaryimage"},"thumbnailUrl":"https:\/\/acuariosupremus.com\/wp-content\/uploads\/2026\/04\/FL4177.jpg","datePublished":"2026-04-15T22:32:34+00:00","description":"MS Recovery es un suplemento nutricional proteico avanzado dise\u00f1ado para potenciar la recuperaci\u00f3n, fortalecimiento y la vitalidad integral de los perros.","breadcrumb":{"@id":"https:\/\/acuariosupremus.com\/?product=ms-recovery-suplemento-proteina-perros-400g#breadcrumb"},"inLanguage":"es","potentialAction":[{"@type":"ReadAction","target":["https:\/\/acuariosupremus.com\/?product=ms-recovery-suplemento-proteina-perros-400g"]}]},{"@type":"ImageObject","inLanguage":"es","@id":"https:\/\/acuariosupremus.com\/?product=ms-recovery-suplemento-proteina-perros-400g#primaryimage","url":"https:\/\/acuariosupremus.com\/wp-content\/uploads\/2026\/04\/FL4177.jpg","contentUrl":"https:\/\/acuariosupremus.com\/wp-content\/uploads\/2026\/04\/FL4177.jpg","width":1000,"height":1000},{"@type":"BreadcrumbList","@id":"https:\/\/acuariosupremus.com\/?product=ms-recovery-suplemento-proteina-perros-400g#breadcrumb","itemListElement":[{"@type":"ListItem","position":1,"name":"Portada","item":"https:\/\/acuariosupremus.com\/"},{"@type":"ListItem","position":2,"name":"Tienda","item":"https:\/\/acuariosupremus.com\/tienda\/"},{"@type":"ListItem","position":3,"name":"MS RECOVERY SUPLEMENTO PROTE\u00cdNA PERROS 400G."}]},{"@type":"WebSite","@id":"https:\/\/acuariosupremus.com\/#website","url":"https:\/\/acuariosupremus.com\/","name":"Acuario Supremus","description":"Peces, Peceras y Mascotas.","publisher":{"@id":"https:\/\/acuariosupremus.com\/#organization"},"potentialAction":[{"@type":"SearchAction","target":{"@type":"EntryPoint","urlTemplate":"https:\/\/acuariosupremus.com\/?s={search_term_string}"},"query-input":{"@type":"PropertyValueSpecification","valueRequired":true,"valueName":"search_term_string"}}],"inLanguage":"es"},{"@type":"Organization","@id":"https:\/\/acuariosupremus.com\/#organization","name":"Acuario Supremus","url":"https:\/\/acuariosupremus.com\/","logo":{"@type":"ImageObject","inLanguage":"es","@id":"https:\/\/acuariosupremus.com\/#\/schema\/logo\/image\/","url":"https:\/\/acuariosupremus.com\/wp-content\/uploads\/2021\/12\/cropped-logo_acuario_supremus_fn-2.png","contentUrl":"https:\/\/acuariosupremus.com\/wp-content\/uploads\/2021\/12\/cropped-logo_acuario_supremus_fn-2.png","width":1000,"height":318,"caption":"Acuario Supremus"},"image":{"@id":"https:\/\/acuariosupremus.com\/#\/schema\/logo\/image\/"},"sameAs":["https:\/\/www.facebook.com\/AcuarioSupremus","https:\/\/x.com\/AcuarioSupremus","https:\/\/www.instagram.com\/acuariosupremus\/?hl=es"]}]}},"jetpack_sharing_enabled":true,"_links":{"self":[{"href":"https:\/\/acuariosupremus.com\/index.php?rest_route=\/wp\/v2\/product\/15741","targetHints":{"allow":["GET"]}}],"collection":[{"href":"https:\/\/acuariosupremus.com\/index.php?rest_route=\/wp\/v2\/product"}],"about":[{"href":"https:\/\/acuariosupremus.com\/index.php?rest_route=\/wp\/v2\/types\/product"}],"wp:featuredmedia":[{"embeddable":true,"href":"https:\/\/acuariosupremus.com\/index.php?rest_route=\/wp\/v2\/media\/15742"}],"wp:attachment":[{"href":"https:\/\/acuariosupremus.com\/index.php?rest_route=%2Fwp%2Fv2%2Fmedia&parent=15741"}],"wp:term":[{"taxonomy":"product_brand","embeddable":true,"href":"https:\/\/acuariosupremus.com\/index.php?rest_route=%2Fwp%2Fv2%2Fproduct_brand&post=15741"},{"taxonomy":"product_cat","embeddable":true,"href":"https:\/\/acuariosupremus.com\/index.php?rest_route=%2Fwp%2Fv2%2Fproduct_cat&post=15741"},{"taxonomy":"product_tag","embeddable":true,"href":"https:\/\/acuariosupremus.com\/index.php?rest_route=%2Fwp%2Fv2%2Fproduct_tag&post=15741"}],"curies":[{"name":"wp","href":"https:\/\/api.w.org\/{rel}","templated":true}]}}