{"id":1575,"date":"2022-01-31T16:34:35","date_gmt":"2022-01-31T22:34:35","guid":{"rendered":"https:\/\/acuariosupremus.com\/?post_type=product&#038;p=1575"},"modified":"2026-04-22T14:43:27","modified_gmt":"2026-04-22T20:43:27","slug":"filtro-aquaclear-20-gal80-lts","status":"publish","type":"product","link":"https:\/\/acuariosupremus.com\/?product=filtro-aquaclear-20-gal80-lts","title":{"rendered":"FILTRO AQUACLEAR 20 GAL(80 Lts)."},"content":{"rendered":"<p>Rendimiento:<br \/>\nModelo: 20<br \/>\nCaudal m\u00e1ximo:100 gph \/ 378 lph<br \/>\nCaudal m\u00ednimo: 33 gph \/ 125 lph<br \/>\nVatios: 6 watts<br \/>\nRPM: 3600 rpm<br \/>\nSistemas de filtraci\u00f3n CycleGuard de m\u00faltiples etapas:<br \/>\nBrinda filtraci\u00f3n mec\u00e1nica, qu\u00edmica y biol\u00f3gica optimas.<br \/>\nUn acuario saludable requiere bacterias ?beneficiosas. Las bacterias beneficiosas son invisibles e inofensivas, y resultan<br \/>\nesenciales para eliminar el amon\u00edaco y nitrito toxico. En sistema de filtraci\u00f3n con cartucho, al cambiarse el cartucho se eliminan las bacterias beneficiosas. Las bacterias pueden tardar semanas en volver a colonizar el entorno acu\u00e1tico, creando as\u00ed un ambiente menos saludable. El sistema de filtraci\u00f3n AquaClear, de m\u00faltiples etapas es diferente. Solo se cambian uno de lostres componentes filtrantes a la vez. Esto significa que permanecen cantidades importantes de bacterias beneficiosas. Jam\u00e1s hay un agotamiento repentino de las bacterias, de modo que la eficacia de la filtraci\u00f3n biol\u00f3gica se mantiene en sus niveles mas altos.<br \/>\nEtapa 1: Mec\u00e1nica- inserto de espuma para filtros. (Los insertos de espuma AquaClear realizan la filtraci\u00f3n mec\u00e1nica<br \/>\natrapando las part\u00edculas e impurezas a medida que estas pasan por el inserto).<br \/>\nEtapa 2: Qu\u00edmica- Inserto de carb\u00f3n activo. (El inserto de carb\u00f3n activo elimina los olores, la decoloraci\u00f3n e impurezas no<br \/>\ndeseados, dejando un acuario absolutamente limpio y resplandeciente).<br \/>\nEtapa 3: Biol\u00f3gica-Inserto BioMax. (Proporcionara un \u00e1mbito optimo para el desarrollo de las bacteria beneficiosas y aumentara la eliminaci\u00f3n de amon\u00edaco y nitritos, creando as\u00ed un acuario saludable.<br \/>\nNota: Reemplace regularmente los insertos AquaClear para obtener un rendimiento optimo del filtro.<br \/>\nSistema de refiltraci\u00f3n patentado: El patentado sistema AquaClear de refiltraci\u00f3n le permite controlar el caudal sin menoscabar la eficiencia de la filtraci\u00f3n. Al reducirse el caudal, hasta el 50% del agua dentro de la c\u00e1mara de filtro se procesa m\u00faltiples veces. Se filtran mas impurezas, creando un tanque mas saludable con agua limpia y resplandeciente.<br \/>\nNota: Durante la alimentaci\u00f3n tambi\u00e9n se recomienda reducir el caudal a fin de asegurar un consumo de alimentaci\u00f3n mas<br \/>\neficiente y evitando perdidas.<\/p>\n","protected":false},"excerpt":{"rendered":"<p>Sistema de filtraci\u00f3n multi etapas AquaClear con capacidad para 20 gal.<br \/>\nEl filtro motorizado AquaClear hace pasar el agua por un tubo de extensi\u00f3n desde el acuario al interior del motor, el cual a su vez bombea el agua para extraerla del conjunto del propulsor. El tubo en U de entrada dirige el flujo del agua sin filtrar a trav\u00e9s de los insertos del filtro para atrapar las part\u00edculas e impurezas y purificar el agua.<\/p>\n","protected":false},"featured_media":1576,"template":"","meta":[],"product_brand":[112],"product_cat":[40,47],"product_tag":[191,195,187,186,183],"class_list":{"0":"post-1575","1":"product","2":"type-product","3":"status-publish","4":"has-post-thumbnail","6":"product_brand-hagen","7":"product_cat-peces","8":"product_cat-filtros-externos","9":"product_tag-aquaclear","10":"product_tag-filtracion-biologica","11":"product_tag-filtro-de-cascada","12":"product_tag-filtro-externo","13":"product_tag-hagen","15":"first","16":"instock","17":"sale","18":"shipping-taxable","19":"purchasable","20":"product-type-simple"},"yoast_head":"<!-- This site is optimized with the Yoast SEO plugin v27.4 - https:\/\/yoast.com\/product\/yoast-seo-wordpress\/ -->\n<title>FILTRO AQUACLEAR 20 GAL(80 Lts). | Acuario Supremus<\/title>\n<meta name=\"description\" content=\"Sistema de filtraci\u00f3n cascada multi etapas AquaClear con capacidad de 40 a 80 litros, Brinda filtraci\u00f3n mec\u00e1nica, qu\u00edmica y biol\u00f3gica.\" \/>\n<meta name=\"robots\" content=\"index, follow, max-snippet:-1, max-image-preview:large, max-video-preview:-1\" \/>\n<link rel=\"canonical\" href=\"https:\/\/acuariosupremus.com\/?product=filtro-aquaclear-20-gal80-lts\" \/>\n<meta property=\"og:locale\" content=\"es_MX\" \/>\n<meta property=\"og:type\" content=\"article\" \/>\n<meta property=\"og:title\" content=\"FILTRO AQUACLEAR 20 GAL(80 Lts). | Acuario Supremus\" \/>\n<meta property=\"og:description\" content=\"Sistema de filtraci\u00f3n cascada multi etapas AquaClear con capacidad de 40 a 80 litros, Brinda filtraci\u00f3n mec\u00e1nica, qu\u00edmica y biol\u00f3gica.\" \/>\n<meta property=\"og:url\" content=\"https:\/\/acuariosupremus.com\/?product=filtro-aquaclear-20-gal80-lts\" \/>\n<meta property=\"og:site_name\" content=\"Acuario Supremus\" \/>\n<meta property=\"article:publisher\" content=\"https:\/\/www.facebook.com\/AcuarioSupremus\" \/>\n<meta property=\"article:modified_time\" content=\"2026-04-22T20:43:27+00:00\" \/>\n<meta property=\"og:image\" content=\"https:\/\/acuariosupremus.com\/wp-content\/uploads\/2022\/01\/HA595.jpg\" \/>\n\t<meta property=\"og:image:width\" content=\"1000\" \/>\n\t<meta property=\"og:image:height\" content=\"1000\" \/>\n\t<meta property=\"og:image:type\" content=\"image\/jpeg\" \/>\n<meta name=\"twitter:card\" content=\"summary_large_image\" \/>\n<meta name=\"twitter:site\" content=\"@AcuarioSupremus\" \/>\n<meta name=\"twitter:label1\" content=\"Tiempo de lectura\" \/>\n\t<meta name=\"twitter:data1\" content=\"2 minutos\" \/>\n<script type=\"application\/ld+json\" class=\"yoast-schema-graph\">{\"@context\":\"https:\\\/\\\/schema.org\",\"@graph\":[{\"@type\":\"WebPage\",\"@id\":\"https:\\\/\\\/acuariosupremus.com\\\/?product=filtro-aquaclear-20-gal80-lts\",\"url\":\"https:\\\/\\\/acuariosupremus.com\\\/?product=filtro-aquaclear-20-gal80-lts\",\"name\":\"FILTRO AQUACLEAR 20 GAL(80 Lts). | Acuario Supremus\",\"isPartOf\":{\"@id\":\"https:\\\/\\\/acuariosupremus.com\\\/#website\"},\"primaryImageOfPage\":{\"@id\":\"https:\\\/\\\/acuariosupremus.com\\\/?product=filtro-aquaclear-20-gal80-lts#primaryimage\"},\"image\":{\"@id\":\"https:\\\/\\\/acuariosupremus.com\\\/?product=filtro-aquaclear-20-gal80-lts#primaryimage\"},\"thumbnailUrl\":\"https:\\\/\\\/acuariosupremus.com\\\/wp-content\\\/uploads\\\/2022\\\/01\\\/HA595.jpg\",\"datePublished\":\"2022-01-31T22:34:35+00:00\",\"dateModified\":\"2026-04-22T20:43:27+00:00\",\"description\":\"Sistema de filtraci\u00f3n cascada multi etapas AquaClear con capacidad de 40 a 80 litros, Brinda filtraci\u00f3n mec\u00e1nica, qu\u00edmica y biol\u00f3gica.\",\"breadcrumb\":{\"@id\":\"https:\\\/\\\/acuariosupremus.com\\\/?product=filtro-aquaclear-20-gal80-lts#breadcrumb\"},\"inLanguage\":\"es\",\"potentialAction\":[{\"@type\":\"ReadAction\",\"target\":[\"https:\\\/\\\/acuariosupremus.com\\\/?product=filtro-aquaclear-20-gal80-lts\"]}]},{\"@type\":\"ImageObject\",\"inLanguage\":\"es\",\"@id\":\"https:\\\/\\\/acuariosupremus.com\\\/?product=filtro-aquaclear-20-gal80-lts#primaryimage\",\"url\":\"https:\\\/\\\/acuariosupremus.com\\\/wp-content\\\/uploads\\\/2022\\\/01\\\/HA595.jpg\",\"contentUrl\":\"https:\\\/\\\/acuariosupremus.com\\\/wp-content\\\/uploads\\\/2022\\\/01\\\/HA595.jpg\",\"width\":1000,\"height\":1000},{\"@type\":\"BreadcrumbList\",\"@id\":\"https:\\\/\\\/acuariosupremus.com\\\/?product=filtro-aquaclear-20-gal80-lts#breadcrumb\",\"itemListElement\":[{\"@type\":\"ListItem\",\"position\":1,\"name\":\"Portada\",\"item\":\"https:\\\/\\\/acuariosupremus.com\\\/\"},{\"@type\":\"ListItem\",\"position\":2,\"name\":\"Tienda\",\"item\":\"https:\\\/\\\/acuariosupremus.com\\\/tienda\\\/\"},{\"@type\":\"ListItem\",\"position\":3,\"name\":\"FILTRO AQUACLEAR 20 GAL(80 Lts).\"}]},{\"@type\":\"WebSite\",\"@id\":\"https:\\\/\\\/acuariosupremus.com\\\/#website\",\"url\":\"https:\\\/\\\/acuariosupremus.com\\\/\",\"name\":\"Acuario Supremus\",\"description\":\"Peces, Peceras y Mascotas.\",\"publisher\":{\"@id\":\"https:\\\/\\\/acuariosupremus.com\\\/#organization\"},\"potentialAction\":[{\"@type\":\"SearchAction\",\"target\":{\"@type\":\"EntryPoint\",\"urlTemplate\":\"https:\\\/\\\/acuariosupremus.com\\\/?s={search_term_string}\"},\"query-input\":{\"@type\":\"PropertyValueSpecification\",\"valueRequired\":true,\"valueName\":\"search_term_string\"}}],\"inLanguage\":\"es\"},{\"@type\":\"Organization\",\"@id\":\"https:\\\/\\\/acuariosupremus.com\\\/#organization\",\"name\":\"Acuario Supremus\",\"url\":\"https:\\\/\\\/acuariosupremus.com\\\/\",\"logo\":{\"@type\":\"ImageObject\",\"inLanguage\":\"es\",\"@id\":\"https:\\\/\\\/acuariosupremus.com\\\/#\\\/schema\\\/logo\\\/image\\\/\",\"url\":\"https:\\\/\\\/acuariosupremus.com\\\/wp-content\\\/uploads\\\/2021\\\/12\\\/cropped-logo_acuario_supremus_fn-2.png\",\"contentUrl\":\"https:\\\/\\\/acuariosupremus.com\\\/wp-content\\\/uploads\\\/2021\\\/12\\\/cropped-logo_acuario_supremus_fn-2.png\",\"width\":1000,\"height\":318,\"caption\":\"Acuario Supremus\"},\"image\":{\"@id\":\"https:\\\/\\\/acuariosupremus.com\\\/#\\\/schema\\\/logo\\\/image\\\/\"},\"sameAs\":[\"https:\\\/\\\/www.facebook.com\\\/AcuarioSupremus\",\"https:\\\/\\\/x.com\\\/AcuarioSupremus\",\"https:\\\/\\\/www.instagram.com\\\/acuariosupremus\\\/?hl=es\"]}]}<\/script>\n<!-- \/ Yoast SEO plugin. -->","yoast_head_json":{"title":"FILTRO AQUACLEAR 20 GAL(80 Lts). | Acuario Supremus","description":"Sistema de filtraci\u00f3n cascada multi etapas AquaClear con capacidad de 40 a 80 litros, Brinda filtraci\u00f3n mec\u00e1nica, qu\u00edmica y biol\u00f3gica.","robots":{"index":"index","follow":"follow","max-snippet":"max-snippet:-1","max-image-preview":"max-image-preview:large","max-video-preview":"max-video-preview:-1"},"canonical":"https:\/\/acuariosupremus.com\/?product=filtro-aquaclear-20-gal80-lts","og_locale":"es_MX","og_type":"article","og_title":"FILTRO AQUACLEAR 20 GAL(80 Lts). | Acuario Supremus","og_description":"Sistema de filtraci\u00f3n cascada multi etapas AquaClear con capacidad de 40 a 80 litros, Brinda filtraci\u00f3n mec\u00e1nica, qu\u00edmica y biol\u00f3gica.","og_url":"https:\/\/acuariosupremus.com\/?product=filtro-aquaclear-20-gal80-lts","og_site_name":"Acuario Supremus","article_publisher":"https:\/\/www.facebook.com\/AcuarioSupremus","article_modified_time":"2026-04-22T20:43:27+00:00","og_image":[{"width":1000,"height":1000,"url":"https:\/\/acuariosupremus.com\/wp-content\/uploads\/2022\/01\/HA595.jpg","type":"image\/jpeg"}],"twitter_card":"summary_large_image","twitter_site":"@AcuarioSupremus","twitter_misc":{"Tiempo de lectura":"2 minutos"},"schema":{"@context":"https:\/\/schema.org","@graph":[{"@type":"WebPage","@id":"https:\/\/acuariosupremus.com\/?product=filtro-aquaclear-20-gal80-lts","url":"https:\/\/acuariosupremus.com\/?product=filtro-aquaclear-20-gal80-lts","name":"FILTRO AQUACLEAR 20 GAL(80 Lts). | Acuario Supremus","isPartOf":{"@id":"https:\/\/acuariosupremus.com\/#website"},"primaryImageOfPage":{"@id":"https:\/\/acuariosupremus.com\/?product=filtro-aquaclear-20-gal80-lts#primaryimage"},"image":{"@id":"https:\/\/acuariosupremus.com\/?product=filtro-aquaclear-20-gal80-lts#primaryimage"},"thumbnailUrl":"https:\/\/acuariosupremus.com\/wp-content\/uploads\/2022\/01\/HA595.jpg","datePublished":"2022-01-31T22:34:35+00:00","dateModified":"2026-04-22T20:43:27+00:00","description":"Sistema de filtraci\u00f3n cascada multi etapas AquaClear con capacidad de 40 a 80 litros, Brinda filtraci\u00f3n mec\u00e1nica, qu\u00edmica y biol\u00f3gica.","breadcrumb":{"@id":"https:\/\/acuariosupremus.com\/?product=filtro-aquaclear-20-gal80-lts#breadcrumb"},"inLanguage":"es","potentialAction":[{"@type":"ReadAction","target":["https:\/\/acuariosupremus.com\/?product=filtro-aquaclear-20-gal80-lts"]}]},{"@type":"ImageObject","inLanguage":"es","@id":"https:\/\/acuariosupremus.com\/?product=filtro-aquaclear-20-gal80-lts#primaryimage","url":"https:\/\/acuariosupremus.com\/wp-content\/uploads\/2022\/01\/HA595.jpg","contentUrl":"https:\/\/acuariosupremus.com\/wp-content\/uploads\/2022\/01\/HA595.jpg","width":1000,"height":1000},{"@type":"BreadcrumbList","@id":"https:\/\/acuariosupremus.com\/?product=filtro-aquaclear-20-gal80-lts#breadcrumb","itemListElement":[{"@type":"ListItem","position":1,"name":"Portada","item":"https:\/\/acuariosupremus.com\/"},{"@type":"ListItem","position":2,"name":"Tienda","item":"https:\/\/acuariosupremus.com\/tienda\/"},{"@type":"ListItem","position":3,"name":"FILTRO AQUACLEAR 20 GAL(80 Lts)."}]},{"@type":"WebSite","@id":"https:\/\/acuariosupremus.com\/#website","url":"https:\/\/acuariosupremus.com\/","name":"Acuario Supremus","description":"Peces, Peceras y Mascotas.","publisher":{"@id":"https:\/\/acuariosupremus.com\/#organization"},"potentialAction":[{"@type":"SearchAction","target":{"@type":"EntryPoint","urlTemplate":"https:\/\/acuariosupremus.com\/?s={search_term_string}"},"query-input":{"@type":"PropertyValueSpecification","valueRequired":true,"valueName":"search_term_string"}}],"inLanguage":"es"},{"@type":"Organization","@id":"https:\/\/acuariosupremus.com\/#organization","name":"Acuario Supremus","url":"https:\/\/acuariosupremus.com\/","logo":{"@type":"ImageObject","inLanguage":"es","@id":"https:\/\/acuariosupremus.com\/#\/schema\/logo\/image\/","url":"https:\/\/acuariosupremus.com\/wp-content\/uploads\/2021\/12\/cropped-logo_acuario_supremus_fn-2.png","contentUrl":"https:\/\/acuariosupremus.com\/wp-content\/uploads\/2021\/12\/cropped-logo_acuario_supremus_fn-2.png","width":1000,"height":318,"caption":"Acuario Supremus"},"image":{"@id":"https:\/\/acuariosupremus.com\/#\/schema\/logo\/image\/"},"sameAs":["https:\/\/www.facebook.com\/AcuarioSupremus","https:\/\/x.com\/AcuarioSupremus","https:\/\/www.instagram.com\/acuariosupremus\/?hl=es"]}]}},"jetpack_sharing_enabled":true,"_links":{"self":[{"href":"https:\/\/acuariosupremus.com\/index.php?rest_route=\/wp\/v2\/product\/1575","targetHints":{"allow":["GET"]}}],"collection":[{"href":"https:\/\/acuariosupremus.com\/index.php?rest_route=\/wp\/v2\/product"}],"about":[{"href":"https:\/\/acuariosupremus.com\/index.php?rest_route=\/wp\/v2\/types\/product"}],"wp:featuredmedia":[{"embeddable":true,"href":"https:\/\/acuariosupremus.com\/index.php?rest_route=\/wp\/v2\/media\/1576"}],"wp:attachment":[{"href":"https:\/\/acuariosupremus.com\/index.php?rest_route=%2Fwp%2Fv2%2Fmedia&parent=1575"}],"wp:term":[{"taxonomy":"product_brand","embeddable":true,"href":"https:\/\/acuariosupremus.com\/index.php?rest_route=%2Fwp%2Fv2%2Fproduct_brand&post=1575"},{"taxonomy":"product_cat","embeddable":true,"href":"https:\/\/acuariosupremus.com\/index.php?rest_route=%2Fwp%2Fv2%2Fproduct_cat&post=1575"},{"taxonomy":"product_tag","embeddable":true,"href":"https:\/\/acuariosupremus.com\/index.php?rest_route=%2Fwp%2Fv2%2Fproduct_tag&post=1575"}],"curies":[{"name":"wp","href":"https:\/\/api.w.org\/{rel}","templated":true}]}}