{"id":15753,"date":"2026-04-15T17:02:33","date_gmt":"2026-04-15T23:02:33","guid":{"rendered":"https:\/\/acuariosupremus.com\/?post_type=product&#038;p=15753"},"modified":"2026-04-15T17:07:36","modified_gmt":"2026-04-15T23:07:36","slug":"yummy-delice-premios-p-gatos-caja-c-12-pzas","status":"publish","type":"product","link":"https:\/\/acuariosupremus.com\/?product=yummy-delice-premios-p-gatos-caja-c-12-pzas","title":{"rendered":"YUMMY DELICE PREMIOS P\/GATOS CAJA C\/12 PZAS"},"content":{"rendered":"<div id=\"tab-label-product.info.beneficios\" class=\"data item title active\" tabindex=\"0\" role=\"tab\" aria-labeledby=\"tab-label-product.info.beneficios-title\" data-role=\"collapsible\" data-collapsible=\"true\" aria-controls=\"product.info.beneficios\" aria-selected=\"true\" aria-expanded=\"true\">BENEFICIOS<\/div>\n<div id=\"product.info.beneficios\" class=\"data item content\" role=\"tabpanel\" data-role=\"content\" aria-labelledby=\"tab-label-product.info.beneficios\" aria-hidden=\"false\">\n<div class=\"product attribute beneficios\">\n<div class=\"value\">-SALM\u00d3N Ingrediente principal como fuente de prote\u00edna de alta calidad<\/div>\n<div class=\"value\">-Contiene \u00e1cidos grasos Omega 3 y Omega 6Fortificados con vitaminas y minerales.<\/div>\n<div>\n<div id=\"tab-label-product.info.ingredientes.modo.de.uso\" class=\"data item title active\" tabindex=\"0\" role=\"tab\" aria-labeledby=\"tab-label-product.info.ingredientes.modo.de.uso-title\" data-role=\"collapsible\" data-collapsible=\"true\" aria-controls=\"product.info.ingredientes.modo.de.uso\" aria-selected=\"true\" aria-expanded=\"true\">MODO DE USO \/ PRECAUCIONES Y ADVERTENCIAS:<\/div>\n<div id=\"product.info.ingredientes.modo.de.uso\" class=\"data item content\" role=\"tabpanel\" data-role=\"content\" aria-labelledby=\"tab-label-product.info.ingredientes.modo.de.uso\" aria-hidden=\"false\">\n<div class=\"product attribute modo_de_uso_precuaciones_y_adv\">\n<div class=\"value\">Por instinto, algunos gatos desconf\u00edan de un nuevo premio o alimento, a esta conducta se le llama neofobia. Si tu gato no come el premio inmediatamente, d\u00e9jalo a su alcance y a medida que le resulte familiar, aceptar\u00e1 el nuevo premio.Gatos 1 kg: 1 a 2 triangulitos, 2 kg: 2 a 3 triangulitos, 3 kg: 3 a 4 triangulitos, 4 kg o m\u00e1s: 5 a 6 triangulitos.<\/div>\n<\/div>\n<\/div>\n<\/div>\n<\/div>\n<\/div>\n","protected":false},"excerpt":{"rendered":"<p>Los deliciosos triangulitos Yummy Delice son la opci\u00f3n saludable y nutritiva para consentir a tu gato. Formulados con ingredientes de la mejor calidad: harina de salm\u00f3n alta en prote\u00edna (f\u00e1cil de digerir, contiene los 11 amino\u00e1cidos esenciales para los gatos), aceite de salm\u00f3n (rico en \u00e1cidos grasos Omega 6 y Omega 3, como DHA y EPA) y suplemento de vitaminas y minerales.Prote\u00edna cruda (m\u00edn.) 27 %Grasa cruda (m\u00edn.) \/ 9 %Fibra cruda (m\u00e1x.) 4 %Humedad (m\u00e1x.) 18 %<\/p>\n","protected":false},"featured_media":15754,"template":"","meta":[],"product_brand":[106],"product_cat":[30,35],"product_tag":[336],"class_list":{"0":"post-15753","1":"product","2":"type-product","3":"status-publish","4":"has-post-thumbnail","6":"product_brand-fancypets","7":"product_cat-gatos","8":"product_cat-nutricion-gatos","9":"product_tag-premios-para-gatos","11":"first","12":"outofstock","13":"sale","14":"shipping-taxable","15":"purchasable","16":"product-type-simple"},"yoast_head":"<!-- This site is optimized with the Yoast SEO plugin v27.4 - https:\/\/yoast.com\/product\/yoast-seo-wordpress\/ -->\n<title>YUMMY DELICE PREMIOS P\/GATOS CAJA C\/12 PZAS | Acuario Supremus<\/title>\n<meta name=\"description\" content=\"CAJA C\/12 PZAS Los deliciosos triangulitos Yummy Delice son la opci\u00f3n saludable y nutritiva para consentir a tu gato al entrenarlo o premiarlo.\" \/>\n<meta name=\"robots\" content=\"index, follow, max-snippet:-1, max-image-preview:large, max-video-preview:-1\" \/>\n<link rel=\"canonical\" href=\"https:\/\/acuariosupremus.com\/?product=yummy-delice-premios-p-gatos-caja-c-12-pzas\" \/>\n<meta property=\"og:locale\" content=\"es_MX\" \/>\n<meta property=\"og:type\" content=\"article\" \/>\n<meta property=\"og:title\" content=\"YUMMY DELICE PREMIOS P\/GATOS CAJA C\/12 PZAS | Acuario Supremus\" \/>\n<meta property=\"og:description\" content=\"CAJA C\/12 PZAS Los deliciosos triangulitos Yummy Delice son la opci\u00f3n saludable y nutritiva para consentir a tu gato al entrenarlo o premiarlo.\" \/>\n<meta property=\"og:url\" content=\"https:\/\/acuariosupremus.com\/?product=yummy-delice-premios-p-gatos-caja-c-12-pzas\" \/>\n<meta property=\"og:site_name\" content=\"Acuario Supremus\" \/>\n<meta property=\"article:publisher\" content=\"https:\/\/www.facebook.com\/AcuarioSupremus\" \/>\n<meta property=\"article:modified_time\" content=\"2026-04-15T23:07:36+00:00\" \/>\n<meta property=\"og:image\" content=\"https:\/\/acuariosupremus.com\/wp-content\/uploads\/2026\/04\/FL4518.jpg\" \/>\n\t<meta property=\"og:image:width\" content=\"1000\" \/>\n\t<meta property=\"og:image:height\" content=\"1000\" \/>\n\t<meta property=\"og:image:type\" content=\"image\/jpeg\" \/>\n<meta name=\"twitter:card\" content=\"summary_large_image\" \/>\n<meta name=\"twitter:site\" content=\"@AcuarioSupremus\" \/>\n<meta name=\"twitter:label1\" content=\"Tiempo de lectura\" \/>\n\t<meta name=\"twitter:data1\" content=\"1 minuto\" \/>\n<script type=\"application\/ld+json\" class=\"yoast-schema-graph\">{\"@context\":\"https:\\\/\\\/schema.org\",\"@graph\":[{\"@type\":\"WebPage\",\"@id\":\"https:\\\/\\\/acuariosupremus.com\\\/?product=yummy-delice-premios-p-gatos-caja-c-12-pzas\",\"url\":\"https:\\\/\\\/acuariosupremus.com\\\/?product=yummy-delice-premios-p-gatos-caja-c-12-pzas\",\"name\":\"YUMMY DELICE PREMIOS P\\\/GATOS CAJA C\\\/12 PZAS | Acuario Supremus\",\"isPartOf\":{\"@id\":\"https:\\\/\\\/acuariosupremus.com\\\/#website\"},\"primaryImageOfPage\":{\"@id\":\"https:\\\/\\\/acuariosupremus.com\\\/?product=yummy-delice-premios-p-gatos-caja-c-12-pzas#primaryimage\"},\"image\":{\"@id\":\"https:\\\/\\\/acuariosupremus.com\\\/?product=yummy-delice-premios-p-gatos-caja-c-12-pzas#primaryimage\"},\"thumbnailUrl\":\"https:\\\/\\\/acuariosupremus.com\\\/wp-content\\\/uploads\\\/2026\\\/04\\\/FL4518.jpg\",\"datePublished\":\"2026-04-15T23:02:33+00:00\",\"dateModified\":\"2026-04-15T23:07:36+00:00\",\"description\":\"CAJA C\\\/12 PZAS Los deliciosos triangulitos Yummy Delice son la opci\u00f3n saludable y nutritiva para consentir a tu gato al entrenarlo o premiarlo.\",\"breadcrumb\":{\"@id\":\"https:\\\/\\\/acuariosupremus.com\\\/?product=yummy-delice-premios-p-gatos-caja-c-12-pzas#breadcrumb\"},\"inLanguage\":\"es\",\"potentialAction\":[{\"@type\":\"ReadAction\",\"target\":[\"https:\\\/\\\/acuariosupremus.com\\\/?product=yummy-delice-premios-p-gatos-caja-c-12-pzas\"]}]},{\"@type\":\"ImageObject\",\"inLanguage\":\"es\",\"@id\":\"https:\\\/\\\/acuariosupremus.com\\\/?product=yummy-delice-premios-p-gatos-caja-c-12-pzas#primaryimage\",\"url\":\"https:\\\/\\\/acuariosupremus.com\\\/wp-content\\\/uploads\\\/2026\\\/04\\\/FL4518.jpg\",\"contentUrl\":\"https:\\\/\\\/acuariosupremus.com\\\/wp-content\\\/uploads\\\/2026\\\/04\\\/FL4518.jpg\",\"width\":1000,\"height\":1000},{\"@type\":\"BreadcrumbList\",\"@id\":\"https:\\\/\\\/acuariosupremus.com\\\/?product=yummy-delice-premios-p-gatos-caja-c-12-pzas#breadcrumb\",\"itemListElement\":[{\"@type\":\"ListItem\",\"position\":1,\"name\":\"Portada\",\"item\":\"https:\\\/\\\/acuariosupremus.com\\\/\"},{\"@type\":\"ListItem\",\"position\":2,\"name\":\"Tienda\",\"item\":\"https:\\\/\\\/acuariosupremus.com\\\/tienda\\\/\"},{\"@type\":\"ListItem\",\"position\":3,\"name\":\"YUMMY DELICE PREMIOS P\\\/GATOS CAJA C\\\/12 PZAS\"}]},{\"@type\":\"WebSite\",\"@id\":\"https:\\\/\\\/acuariosupremus.com\\\/#website\",\"url\":\"https:\\\/\\\/acuariosupremus.com\\\/\",\"name\":\"Acuario Supremus\",\"description\":\"Peces, Peceras y Mascotas.\",\"publisher\":{\"@id\":\"https:\\\/\\\/acuariosupremus.com\\\/#organization\"},\"potentialAction\":[{\"@type\":\"SearchAction\",\"target\":{\"@type\":\"EntryPoint\",\"urlTemplate\":\"https:\\\/\\\/acuariosupremus.com\\\/?s={search_term_string}\"},\"query-input\":{\"@type\":\"PropertyValueSpecification\",\"valueRequired\":true,\"valueName\":\"search_term_string\"}}],\"inLanguage\":\"es\"},{\"@type\":\"Organization\",\"@id\":\"https:\\\/\\\/acuariosupremus.com\\\/#organization\",\"name\":\"Acuario Supremus\",\"url\":\"https:\\\/\\\/acuariosupremus.com\\\/\",\"logo\":{\"@type\":\"ImageObject\",\"inLanguage\":\"es\",\"@id\":\"https:\\\/\\\/acuariosupremus.com\\\/#\\\/schema\\\/logo\\\/image\\\/\",\"url\":\"https:\\\/\\\/acuariosupremus.com\\\/wp-content\\\/uploads\\\/2021\\\/12\\\/cropped-logo_acuario_supremus_fn-2.png\",\"contentUrl\":\"https:\\\/\\\/acuariosupremus.com\\\/wp-content\\\/uploads\\\/2021\\\/12\\\/cropped-logo_acuario_supremus_fn-2.png\",\"width\":1000,\"height\":318,\"caption\":\"Acuario Supremus\"},\"image\":{\"@id\":\"https:\\\/\\\/acuariosupremus.com\\\/#\\\/schema\\\/logo\\\/image\\\/\"},\"sameAs\":[\"https:\\\/\\\/www.facebook.com\\\/AcuarioSupremus\",\"https:\\\/\\\/x.com\\\/AcuarioSupremus\",\"https:\\\/\\\/www.instagram.com\\\/acuariosupremus\\\/?hl=es\"]}]}<\/script>\n<!-- \/ Yoast SEO plugin. -->","yoast_head_json":{"title":"YUMMY DELICE PREMIOS P\/GATOS CAJA C\/12 PZAS | Acuario Supremus","description":"CAJA C\/12 PZAS Los deliciosos triangulitos Yummy Delice son la opci\u00f3n saludable y nutritiva para consentir a tu gato al entrenarlo o premiarlo.","robots":{"index":"index","follow":"follow","max-snippet":"max-snippet:-1","max-image-preview":"max-image-preview:large","max-video-preview":"max-video-preview:-1"},"canonical":"https:\/\/acuariosupremus.com\/?product=yummy-delice-premios-p-gatos-caja-c-12-pzas","og_locale":"es_MX","og_type":"article","og_title":"YUMMY DELICE PREMIOS P\/GATOS CAJA C\/12 PZAS | Acuario Supremus","og_description":"CAJA C\/12 PZAS Los deliciosos triangulitos Yummy Delice son la opci\u00f3n saludable y nutritiva para consentir a tu gato al entrenarlo o premiarlo.","og_url":"https:\/\/acuariosupremus.com\/?product=yummy-delice-premios-p-gatos-caja-c-12-pzas","og_site_name":"Acuario Supremus","article_publisher":"https:\/\/www.facebook.com\/AcuarioSupremus","article_modified_time":"2026-04-15T23:07:36+00:00","og_image":[{"width":1000,"height":1000,"url":"https:\/\/acuariosupremus.com\/wp-content\/uploads\/2026\/04\/FL4518.jpg","type":"image\/jpeg"}],"twitter_card":"summary_large_image","twitter_site":"@AcuarioSupremus","twitter_misc":{"Tiempo de lectura":"1 minuto"},"schema":{"@context":"https:\/\/schema.org","@graph":[{"@type":"WebPage","@id":"https:\/\/acuariosupremus.com\/?product=yummy-delice-premios-p-gatos-caja-c-12-pzas","url":"https:\/\/acuariosupremus.com\/?product=yummy-delice-premios-p-gatos-caja-c-12-pzas","name":"YUMMY DELICE PREMIOS P\/GATOS CAJA C\/12 PZAS | Acuario Supremus","isPartOf":{"@id":"https:\/\/acuariosupremus.com\/#website"},"primaryImageOfPage":{"@id":"https:\/\/acuariosupremus.com\/?product=yummy-delice-premios-p-gatos-caja-c-12-pzas#primaryimage"},"image":{"@id":"https:\/\/acuariosupremus.com\/?product=yummy-delice-premios-p-gatos-caja-c-12-pzas#primaryimage"},"thumbnailUrl":"https:\/\/acuariosupremus.com\/wp-content\/uploads\/2026\/04\/FL4518.jpg","datePublished":"2026-04-15T23:02:33+00:00","dateModified":"2026-04-15T23:07:36+00:00","description":"CAJA C\/12 PZAS Los deliciosos triangulitos Yummy Delice son la opci\u00f3n saludable y nutritiva para consentir a tu gato al entrenarlo o premiarlo.","breadcrumb":{"@id":"https:\/\/acuariosupremus.com\/?product=yummy-delice-premios-p-gatos-caja-c-12-pzas#breadcrumb"},"inLanguage":"es","potentialAction":[{"@type":"ReadAction","target":["https:\/\/acuariosupremus.com\/?product=yummy-delice-premios-p-gatos-caja-c-12-pzas"]}]},{"@type":"ImageObject","inLanguage":"es","@id":"https:\/\/acuariosupremus.com\/?product=yummy-delice-premios-p-gatos-caja-c-12-pzas#primaryimage","url":"https:\/\/acuariosupremus.com\/wp-content\/uploads\/2026\/04\/FL4518.jpg","contentUrl":"https:\/\/acuariosupremus.com\/wp-content\/uploads\/2026\/04\/FL4518.jpg","width":1000,"height":1000},{"@type":"BreadcrumbList","@id":"https:\/\/acuariosupremus.com\/?product=yummy-delice-premios-p-gatos-caja-c-12-pzas#breadcrumb","itemListElement":[{"@type":"ListItem","position":1,"name":"Portada","item":"https:\/\/acuariosupremus.com\/"},{"@type":"ListItem","position":2,"name":"Tienda","item":"https:\/\/acuariosupremus.com\/tienda\/"},{"@type":"ListItem","position":3,"name":"YUMMY DELICE PREMIOS P\/GATOS CAJA C\/12 PZAS"}]},{"@type":"WebSite","@id":"https:\/\/acuariosupremus.com\/#website","url":"https:\/\/acuariosupremus.com\/","name":"Acuario Supremus","description":"Peces, Peceras y Mascotas.","publisher":{"@id":"https:\/\/acuariosupremus.com\/#organization"},"potentialAction":[{"@type":"SearchAction","target":{"@type":"EntryPoint","urlTemplate":"https:\/\/acuariosupremus.com\/?s={search_term_string}"},"query-input":{"@type":"PropertyValueSpecification","valueRequired":true,"valueName":"search_term_string"}}],"inLanguage":"es"},{"@type":"Organization","@id":"https:\/\/acuariosupremus.com\/#organization","name":"Acuario Supremus","url":"https:\/\/acuariosupremus.com\/","logo":{"@type":"ImageObject","inLanguage":"es","@id":"https:\/\/acuariosupremus.com\/#\/schema\/logo\/image\/","url":"https:\/\/acuariosupremus.com\/wp-content\/uploads\/2021\/12\/cropped-logo_acuario_supremus_fn-2.png","contentUrl":"https:\/\/acuariosupremus.com\/wp-content\/uploads\/2021\/12\/cropped-logo_acuario_supremus_fn-2.png","width":1000,"height":318,"caption":"Acuario Supremus"},"image":{"@id":"https:\/\/acuariosupremus.com\/#\/schema\/logo\/image\/"},"sameAs":["https:\/\/www.facebook.com\/AcuarioSupremus","https:\/\/x.com\/AcuarioSupremus","https:\/\/www.instagram.com\/acuariosupremus\/?hl=es"]}]}},"jetpack_sharing_enabled":true,"_links":{"self":[{"href":"https:\/\/acuariosupremus.com\/index.php?rest_route=\/wp\/v2\/product\/15753","targetHints":{"allow":["GET"]}}],"collection":[{"href":"https:\/\/acuariosupremus.com\/index.php?rest_route=\/wp\/v2\/product"}],"about":[{"href":"https:\/\/acuariosupremus.com\/index.php?rest_route=\/wp\/v2\/types\/product"}],"wp:featuredmedia":[{"embeddable":true,"href":"https:\/\/acuariosupremus.com\/index.php?rest_route=\/wp\/v2\/media\/15754"}],"wp:attachment":[{"href":"https:\/\/acuariosupremus.com\/index.php?rest_route=%2Fwp%2Fv2%2Fmedia&parent=15753"}],"wp:term":[{"taxonomy":"product_brand","embeddable":true,"href":"https:\/\/acuariosupremus.com\/index.php?rest_route=%2Fwp%2Fv2%2Fproduct_brand&post=15753"},{"taxonomy":"product_cat","embeddable":true,"href":"https:\/\/acuariosupremus.com\/index.php?rest_route=%2Fwp%2Fv2%2Fproduct_cat&post=15753"},{"taxonomy":"product_tag","embeddable":true,"href":"https:\/\/acuariosupremus.com\/index.php?rest_route=%2Fwp%2Fv2%2Fproduct_tag&post=15753"}],"curies":[{"name":"wp","href":"https:\/\/api.w.org\/{rel}","templated":true}]}}