{"id":15761,"date":"2026-04-15T18:42:14","date_gmt":"2026-04-16T00:42:14","guid":{"rendered":"https:\/\/acuariosupremus.com\/?post_type=product&#038;p=15761"},"modified":"2026-04-15T18:42:14","modified_gmt":"2026-04-16T00:42:14","slug":"ajolostix-alimento-p-ajolotes-70g","status":"publish","type":"product","link":"https:\/\/acuariosupremus.com\/?product=ajolostix-alimento-p-ajolotes-70g","title":{"rendered":"AJOLOSTIX ALIMENTO P\/ AJOLOTES 70G"},"content":{"rendered":"<div id=\"tab-label-product.info.ingredientes.formulacion\" class=\"data item title active\" tabindex=\"0\" role=\"tab\" aria-labeledby=\"tab-label-product.info.ingredientes.formulacion-title\" data-role=\"collapsible\" data-collapsible=\"true\" aria-controls=\"product.info.ingredientes.formulacion\" aria-selected=\"true\" aria-expanded=\"true\">INGREDIENTES\/FORMULACI\u00d3N:<\/div>\n<div id=\"product.info.ingredientes.formulacion\" class=\"data item content\" role=\"tabpanel\" data-role=\"content\" aria-labelledby=\"tab-label-product.info.ingredientes.formulacion\" aria-hidden=\"false\">\n<div class=\"product attribute ingredientes_formulacion\">\n<div class=\"value\">Harina de pescado, harina de pollo, pasta de soya, trigo y sus subproductos, aceite de pescado estabilizado, vitaminas: A, D3, E, K3, B1, B2, B6, B12, niacina, \u00e1cido pantot\u00e9nico, \u00e1cido f\u00f3lico, biotina, selenio, cloruro de colina, cobre, manganeso, yodo, zinc, vitamina C estabilizada, fosfato dic\u00e1lcico, propionato de calcio, BHA y BHT como antioxidantes.rnAn\u00e1lisis garantizado: rnProte\u00edna cruda min. 40.0% rnGrasa cruda Min. 8.0% rnFibra cruda Max. 4.0% rnHumedad Max. 10.0% rnCenizas m\u00e1x. 14%<\/div>\n<div>\n<div id=\"tab-label-product.info.ingredientes.modo.de.uso\" class=\"data item title active\" tabindex=\"0\" role=\"tab\" aria-labeledby=\"tab-label-product.info.ingredientes.modo.de.uso-title\" data-role=\"collapsible\" data-collapsible=\"true\" aria-controls=\"product.info.ingredientes.modo.de.uso\" aria-selected=\"true\" aria-expanded=\"true\">MODO DE USO \/ PRECAUCIONES Y ADVERTENCIAS:<\/div>\n<div id=\"product.info.ingredientes.modo.de.uso\" class=\"data item content\" role=\"tabpanel\" data-role=\"content\" aria-labelledby=\"tab-label-product.info.ingredientes.modo.de.uso\" aria-hidden=\"false\">\n<div class=\"product attribute modo_de_uso_precuaciones_y_adv\">\n<div class=\"value\">Admin\u00edstrese por v\u00eda oral, ofreciendo 8 sticks por ejemplar, de 4 a 5 veces por semana, ajustando la cantidad seg\u00fan el tama\u00f1o, apetito y actividad del ajolote. Ajolostix est\u00e1 dise\u00f1ado para complementar \u2013 no reemplazar \u2013 una dieta variada que incluye alimentos vivos como lombrices, gusanos, larvas y peque\u00f1os peces, acordes con la naturaleza carn\u00edvora del ajolote adulto. Retire cualquier alimento no consumido despu\u00e9s de 30 minutos para mantener la calidad del agua del h\u00e1bitat. Antes de manipular el producto, l\u00e1vese bien las manos. Mant\u00e9ngalo fuera del alcance de ni\u00f1os y otras mascotas. Conservar el empaque bien cerrado, en un lugar fresco, seco y protegido de la luz solar directa para preservar su calidad nutricional. No utilice el producto si presenta cambio en el olor, color o signos de humedad. Recuerde que la tenencia responsable de ajolotes \u2013 especie en peligro de extinci\u00f3n \u2013 requiere contar con los permisos legales correspondientes, as\u00ed como garantizar un h\u00e1bitat adecuado, agua de calidad y una alimentaci\u00f3n equilibrada.<\/div>\n<\/div>\n<\/div>\n<\/div>\n<\/div>\n<\/div>\n","protected":false},"excerpt":{"rendered":"<div id=\"tab-label-description\" class=\"data item title active\" tabindex=\"0\" role=\"tab\" aria-labeledby=\"tab-label-description-title\" data-role=\"collapsible\" data-collapsible=\"true\" aria-controls=\"description\" aria-selected=\"false\" aria-expanded=\"true\">DESCRIPCI\u00d3N:<\/div>\n<div id=\"description\" class=\"data item content\" role=\"tabpanel\" data-role=\"content\" aria-labelledby=\"tab-label-description\" aria-hidden=\"false\">\n<div class=\"product attribute description\">\n<div class=\"value\">\n<p>Ajolostix es un alimento formulado para el cuidado nutricional de ajolotes y otras salamandras acu\u00e1ticas en cautiverio. Dise\u00f1ado de acuerdo con las necesidades fisiol\u00f3gicas de estos fascinantes anfibios, ofrece una f\u00f3rmula equilibrada que combina harina de pescado y harina de pollo como fuentes principales de prote\u00edna de alta calidad \u2013 esenciales para el crecimiento, la regeneraci\u00f3n tisular y la salud general de los ajolotes adultos. Cada stick est\u00e1 enriquecido con un complejo de vitaminas y minerales esenciales y oligoelementos que apoyan el sistema inmunol\u00f3gico, el metabolismo y el desarrollo \u00f3ptimo. Su presentaci\u00f3n en sticks flotantes de 2.5mm x 12mm facilita la ingesta controlada y evita el desperdicio, manteniendo el agua del h\u00e1bitat m\u00e1s limpia. M\u00e1s que un alimento, Ajolostix es una opci\u00f3n pensada para el cuidado responsable de los ajolotes en cautiverio. Su f\u00f3rmula complementa una dieta variada que incluya alimento vivo (lombrices, larvas, gusanos, peque\u00f1os peces, etc) tal como lo requiere su naturaleza carn\u00edvora. Al ofrecer esta combinaci\u00f3n, contribuyes a cubrir sus necesidades nutricionales completas y a garantizar su bienestar diario, un aspecto fundamental cuando se mantiene a una especie en peligro de extinci\u00f3n y end\u00e9mica de M\u00e9xico. Recuerda que la tenencia responsable incluye no solo una alimentaci\u00f3n adecuada, sino tambi\u00e9n un h\u00e1bitat apropiado, permisos legales y compromiso con su conservaci\u00f3n. No de autorizaci\u00f3n: A-067\/2025-014<\/p>\n<div id=\"tab-label-product.info.beneficios\" class=\"data item title active\" tabindex=\"0\" role=\"tab\" aria-labeledby=\"tab-label-product.info.beneficios-title\" data-role=\"collapsible\" data-collapsible=\"true\" aria-controls=\"product.info.beneficios\" aria-selected=\"true\" aria-expanded=\"true\">BENEFICIOS:<\/div>\n<div id=\"product.info.beneficios\" class=\"data item content\" role=\"tabpanel\" data-role=\"content\" aria-labelledby=\"tab-label-product.info.beneficios\" aria-hidden=\"false\">\n<div class=\"product attribute beneficios\">\n<div class=\"value\">Nutrici\u00f3n especifica: Con la cantidad de prote\u00edna ideal para su desarrollo, regeneraci\u00f3n y salud en cautiverio. Complejo de vitaminas y minerales: Refuerza el sistema inmunol\u00f3gico y el metabolismo. Alta palatabilidad: La harina de pescado y de pollo estimulan el apetito. Contribuye a un cautiverio \u00e9tico y responsable: Al ofrecer una dieta adecuada, ayudas a cumplir con uno de los pilares del bienestar animal \u2013 nutrici\u00f3n apropiada para la especie, etapa y condici\u00f3n. Estabilidad nutricional garantizada: A diferencia del alimento vivo, cuyo valor nutricional puede variar, este alimento ofrece un perfil nutricional preciso en cada porci\u00f3n.<\/div>\n<\/div>\n<\/div>\n<\/div>\n<\/div>\n<\/div>\n","protected":false},"featured_media":15762,"template":"","meta":[],"product_brand":[105],"product_cat":[40,43],"product_tag":[1031,1005,1032],"class_list":{"0":"post-15761","1":"product","2":"type-product","3":"status-publish","4":"has-post-thumbnail","6":"product_brand-lomas","7":"product_cat-peces","8":"product_cat-alimentos","9":"product_tag-ajolostix","10":"product_tag-ajolotes","11":"product_tag-alimento-ajolote","13":"first","14":"instock","15":"shipping-taxable","16":"purchasable","17":"product-type-simple"},"yoast_head":"<!-- This site is optimized with the Yoast SEO plugin v27.4 - https:\/\/yoast.com\/product\/yoast-seo-wordpress\/ -->\n<title>AJOLOSTIX ALIMENTO P\/ AJOLOTES 70G | Acuario Supremus<\/title>\n<meta name=\"description\" content=\"Ajolostix LOMAS es un alimento formulado para el cuidado nutricional de ajolotes y otras salamandras acu\u00e1ticas en cautiverio.\" \/>\n<meta name=\"robots\" content=\"index, follow, max-snippet:-1, max-image-preview:large, max-video-preview:-1\" \/>\n<link rel=\"canonical\" href=\"https:\/\/acuariosupremus.com\/?product=ajolostix-alimento-p-ajolotes-70g\" \/>\n<meta property=\"og:locale\" content=\"es_MX\" \/>\n<meta property=\"og:type\" content=\"article\" \/>\n<meta property=\"og:title\" content=\"AJOLOSTIX ALIMENTO P\/ AJOLOTES 70G | Acuario Supremus\" \/>\n<meta property=\"og:description\" content=\"Ajolostix LOMAS es un alimento formulado para el cuidado nutricional de ajolotes y otras salamandras acu\u00e1ticas en cautiverio.\" \/>\n<meta property=\"og:url\" content=\"https:\/\/acuariosupremus.com\/?product=ajolostix-alimento-p-ajolotes-70g\" \/>\n<meta property=\"og:site_name\" content=\"Acuario Supremus\" \/>\n<meta property=\"article:publisher\" content=\"https:\/\/www.facebook.com\/AcuarioSupremus\" \/>\n<meta property=\"og:image\" content=\"https:\/\/acuariosupremus.com\/wp-content\/uploads\/2026\/04\/FL4524.jpg\" \/>\n\t<meta property=\"og:image:width\" content=\"1000\" \/>\n\t<meta property=\"og:image:height\" content=\"1000\" \/>\n\t<meta property=\"og:image:type\" content=\"image\/jpeg\" \/>\n<meta name=\"twitter:card\" content=\"summary_large_image\" \/>\n<meta name=\"twitter:site\" content=\"@AcuarioSupremus\" \/>\n<meta name=\"twitter:label1\" content=\"Tiempo de lectura\" \/>\n\t<meta name=\"twitter:data1\" content=\"2 minutos\" \/>\n<script type=\"application\/ld+json\" class=\"yoast-schema-graph\">{\"@context\":\"https:\\\/\\\/schema.org\",\"@graph\":[{\"@type\":\"WebPage\",\"@id\":\"https:\\\/\\\/acuariosupremus.com\\\/?product=ajolostix-alimento-p-ajolotes-70g\",\"url\":\"https:\\\/\\\/acuariosupremus.com\\\/?product=ajolostix-alimento-p-ajolotes-70g\",\"name\":\"AJOLOSTIX ALIMENTO P\\\/ AJOLOTES 70G | Acuario Supremus\",\"isPartOf\":{\"@id\":\"https:\\\/\\\/acuariosupremus.com\\\/#website\"},\"primaryImageOfPage\":{\"@id\":\"https:\\\/\\\/acuariosupremus.com\\\/?product=ajolostix-alimento-p-ajolotes-70g#primaryimage\"},\"image\":{\"@id\":\"https:\\\/\\\/acuariosupremus.com\\\/?product=ajolostix-alimento-p-ajolotes-70g#primaryimage\"},\"thumbnailUrl\":\"https:\\\/\\\/acuariosupremus.com\\\/wp-content\\\/uploads\\\/2026\\\/04\\\/FL4524.jpg\",\"datePublished\":\"2026-04-16T00:42:14+00:00\",\"description\":\"Ajolostix LOMAS es un alimento formulado para el cuidado nutricional de ajolotes y otras salamandras acu\u00e1ticas en cautiverio.\",\"breadcrumb\":{\"@id\":\"https:\\\/\\\/acuariosupremus.com\\\/?product=ajolostix-alimento-p-ajolotes-70g#breadcrumb\"},\"inLanguage\":\"es\",\"potentialAction\":[{\"@type\":\"ReadAction\",\"target\":[\"https:\\\/\\\/acuariosupremus.com\\\/?product=ajolostix-alimento-p-ajolotes-70g\"]}]},{\"@type\":\"ImageObject\",\"inLanguage\":\"es\",\"@id\":\"https:\\\/\\\/acuariosupremus.com\\\/?product=ajolostix-alimento-p-ajolotes-70g#primaryimage\",\"url\":\"https:\\\/\\\/acuariosupremus.com\\\/wp-content\\\/uploads\\\/2026\\\/04\\\/FL4524.jpg\",\"contentUrl\":\"https:\\\/\\\/acuariosupremus.com\\\/wp-content\\\/uploads\\\/2026\\\/04\\\/FL4524.jpg\",\"width\":1000,\"height\":1000},{\"@type\":\"BreadcrumbList\",\"@id\":\"https:\\\/\\\/acuariosupremus.com\\\/?product=ajolostix-alimento-p-ajolotes-70g#breadcrumb\",\"itemListElement\":[{\"@type\":\"ListItem\",\"position\":1,\"name\":\"Portada\",\"item\":\"https:\\\/\\\/acuariosupremus.com\\\/\"},{\"@type\":\"ListItem\",\"position\":2,\"name\":\"Tienda\",\"item\":\"https:\\\/\\\/acuariosupremus.com\\\/tienda\\\/\"},{\"@type\":\"ListItem\",\"position\":3,\"name\":\"AJOLOSTIX ALIMENTO P\\\/ AJOLOTES 70G\"}]},{\"@type\":\"WebSite\",\"@id\":\"https:\\\/\\\/acuariosupremus.com\\\/#website\",\"url\":\"https:\\\/\\\/acuariosupremus.com\\\/\",\"name\":\"Acuario Supremus\",\"description\":\"Peces, Peceras y Mascotas.\",\"publisher\":{\"@id\":\"https:\\\/\\\/acuariosupremus.com\\\/#organization\"},\"potentialAction\":[{\"@type\":\"SearchAction\",\"target\":{\"@type\":\"EntryPoint\",\"urlTemplate\":\"https:\\\/\\\/acuariosupremus.com\\\/?s={search_term_string}\"},\"query-input\":{\"@type\":\"PropertyValueSpecification\",\"valueRequired\":true,\"valueName\":\"search_term_string\"}}],\"inLanguage\":\"es\"},{\"@type\":\"Organization\",\"@id\":\"https:\\\/\\\/acuariosupremus.com\\\/#organization\",\"name\":\"Acuario Supremus\",\"url\":\"https:\\\/\\\/acuariosupremus.com\\\/\",\"logo\":{\"@type\":\"ImageObject\",\"inLanguage\":\"es\",\"@id\":\"https:\\\/\\\/acuariosupremus.com\\\/#\\\/schema\\\/logo\\\/image\\\/\",\"url\":\"https:\\\/\\\/acuariosupremus.com\\\/wp-content\\\/uploads\\\/2021\\\/12\\\/cropped-logo_acuario_supremus_fn-2.png\",\"contentUrl\":\"https:\\\/\\\/acuariosupremus.com\\\/wp-content\\\/uploads\\\/2021\\\/12\\\/cropped-logo_acuario_supremus_fn-2.png\",\"width\":1000,\"height\":318,\"caption\":\"Acuario Supremus\"},\"image\":{\"@id\":\"https:\\\/\\\/acuariosupremus.com\\\/#\\\/schema\\\/logo\\\/image\\\/\"},\"sameAs\":[\"https:\\\/\\\/www.facebook.com\\\/AcuarioSupremus\",\"https:\\\/\\\/x.com\\\/AcuarioSupremus\",\"https:\\\/\\\/www.instagram.com\\\/acuariosupremus\\\/?hl=es\"]}]}<\/script>\n<!-- \/ Yoast SEO plugin. -->","yoast_head_json":{"title":"AJOLOSTIX ALIMENTO P\/ AJOLOTES 70G | Acuario Supremus","description":"Ajolostix LOMAS es un alimento formulado para el cuidado nutricional de ajolotes y otras salamandras acu\u00e1ticas en cautiverio.","robots":{"index":"index","follow":"follow","max-snippet":"max-snippet:-1","max-image-preview":"max-image-preview:large","max-video-preview":"max-video-preview:-1"},"canonical":"https:\/\/acuariosupremus.com\/?product=ajolostix-alimento-p-ajolotes-70g","og_locale":"es_MX","og_type":"article","og_title":"AJOLOSTIX ALIMENTO P\/ AJOLOTES 70G | Acuario Supremus","og_description":"Ajolostix LOMAS es un alimento formulado para el cuidado nutricional de ajolotes y otras salamandras acu\u00e1ticas en cautiverio.","og_url":"https:\/\/acuariosupremus.com\/?product=ajolostix-alimento-p-ajolotes-70g","og_site_name":"Acuario Supremus","article_publisher":"https:\/\/www.facebook.com\/AcuarioSupremus","og_image":[{"width":1000,"height":1000,"url":"https:\/\/acuariosupremus.com\/wp-content\/uploads\/2026\/04\/FL4524.jpg","type":"image\/jpeg"}],"twitter_card":"summary_large_image","twitter_site":"@AcuarioSupremus","twitter_misc":{"Tiempo de lectura":"2 minutos"},"schema":{"@context":"https:\/\/schema.org","@graph":[{"@type":"WebPage","@id":"https:\/\/acuariosupremus.com\/?product=ajolostix-alimento-p-ajolotes-70g","url":"https:\/\/acuariosupremus.com\/?product=ajolostix-alimento-p-ajolotes-70g","name":"AJOLOSTIX ALIMENTO P\/ AJOLOTES 70G | Acuario Supremus","isPartOf":{"@id":"https:\/\/acuariosupremus.com\/#website"},"primaryImageOfPage":{"@id":"https:\/\/acuariosupremus.com\/?product=ajolostix-alimento-p-ajolotes-70g#primaryimage"},"image":{"@id":"https:\/\/acuariosupremus.com\/?product=ajolostix-alimento-p-ajolotes-70g#primaryimage"},"thumbnailUrl":"https:\/\/acuariosupremus.com\/wp-content\/uploads\/2026\/04\/FL4524.jpg","datePublished":"2026-04-16T00:42:14+00:00","description":"Ajolostix LOMAS es un alimento formulado para el cuidado nutricional de ajolotes y otras salamandras acu\u00e1ticas en cautiverio.","breadcrumb":{"@id":"https:\/\/acuariosupremus.com\/?product=ajolostix-alimento-p-ajolotes-70g#breadcrumb"},"inLanguage":"es","potentialAction":[{"@type":"ReadAction","target":["https:\/\/acuariosupremus.com\/?product=ajolostix-alimento-p-ajolotes-70g"]}]},{"@type":"ImageObject","inLanguage":"es","@id":"https:\/\/acuariosupremus.com\/?product=ajolostix-alimento-p-ajolotes-70g#primaryimage","url":"https:\/\/acuariosupremus.com\/wp-content\/uploads\/2026\/04\/FL4524.jpg","contentUrl":"https:\/\/acuariosupremus.com\/wp-content\/uploads\/2026\/04\/FL4524.jpg","width":1000,"height":1000},{"@type":"BreadcrumbList","@id":"https:\/\/acuariosupremus.com\/?product=ajolostix-alimento-p-ajolotes-70g#breadcrumb","itemListElement":[{"@type":"ListItem","position":1,"name":"Portada","item":"https:\/\/acuariosupremus.com\/"},{"@type":"ListItem","position":2,"name":"Tienda","item":"https:\/\/acuariosupremus.com\/tienda\/"},{"@type":"ListItem","position":3,"name":"AJOLOSTIX ALIMENTO P\/ AJOLOTES 70G"}]},{"@type":"WebSite","@id":"https:\/\/acuariosupremus.com\/#website","url":"https:\/\/acuariosupremus.com\/","name":"Acuario Supremus","description":"Peces, Peceras y Mascotas.","publisher":{"@id":"https:\/\/acuariosupremus.com\/#organization"},"potentialAction":[{"@type":"SearchAction","target":{"@type":"EntryPoint","urlTemplate":"https:\/\/acuariosupremus.com\/?s={search_term_string}"},"query-input":{"@type":"PropertyValueSpecification","valueRequired":true,"valueName":"search_term_string"}}],"inLanguage":"es"},{"@type":"Organization","@id":"https:\/\/acuariosupremus.com\/#organization","name":"Acuario Supremus","url":"https:\/\/acuariosupremus.com\/","logo":{"@type":"ImageObject","inLanguage":"es","@id":"https:\/\/acuariosupremus.com\/#\/schema\/logo\/image\/","url":"https:\/\/acuariosupremus.com\/wp-content\/uploads\/2021\/12\/cropped-logo_acuario_supremus_fn-2.png","contentUrl":"https:\/\/acuariosupremus.com\/wp-content\/uploads\/2021\/12\/cropped-logo_acuario_supremus_fn-2.png","width":1000,"height":318,"caption":"Acuario Supremus"},"image":{"@id":"https:\/\/acuariosupremus.com\/#\/schema\/logo\/image\/"},"sameAs":["https:\/\/www.facebook.com\/AcuarioSupremus","https:\/\/x.com\/AcuarioSupremus","https:\/\/www.instagram.com\/acuariosupremus\/?hl=es"]}]}},"jetpack_sharing_enabled":true,"_links":{"self":[{"href":"https:\/\/acuariosupremus.com\/index.php?rest_route=\/wp\/v2\/product\/15761","targetHints":{"allow":["GET"]}}],"collection":[{"href":"https:\/\/acuariosupremus.com\/index.php?rest_route=\/wp\/v2\/product"}],"about":[{"href":"https:\/\/acuariosupremus.com\/index.php?rest_route=\/wp\/v2\/types\/product"}],"wp:featuredmedia":[{"embeddable":true,"href":"https:\/\/acuariosupremus.com\/index.php?rest_route=\/wp\/v2\/media\/15762"}],"wp:attachment":[{"href":"https:\/\/acuariosupremus.com\/index.php?rest_route=%2Fwp%2Fv2%2Fmedia&parent=15761"}],"wp:term":[{"taxonomy":"product_brand","embeddable":true,"href":"https:\/\/acuariosupremus.com\/index.php?rest_route=%2Fwp%2Fv2%2Fproduct_brand&post=15761"},{"taxonomy":"product_cat","embeddable":true,"href":"https:\/\/acuariosupremus.com\/index.php?rest_route=%2Fwp%2Fv2%2Fproduct_cat&post=15761"},{"taxonomy":"product_tag","embeddable":true,"href":"https:\/\/acuariosupremus.com\/index.php?rest_route=%2Fwp%2Fv2%2Fproduct_tag&post=15761"}],"curies":[{"name":"wp","href":"https:\/\/api.w.org\/{rel}","templated":true}]}}