{"id":15769,"date":"2026-04-15T19:06:24","date_gmt":"2026-04-16T01:06:24","guid":{"rendered":"https:\/\/acuariosupremus.com\/?post_type=product&#038;p=15769"},"modified":"2026-04-15T19:14:53","modified_gmt":"2026-04-16T01:14:53","slug":"ms-kit-preventivo-botiquin-p-perro","status":"publish","type":"product","link":"https:\/\/acuariosupremus.com\/?product=ms-kit-preventivo-botiquin-p-perro","title":{"rendered":"MS KIT PREVENTIVO\u00a0BOTIQU\u00cdN P\/ PERRO"},"content":{"rendered":"<div id=\"tab-label-additional\" class=\"data item title active\" tabindex=\"0\" role=\"tab\" aria-labeledby=\"tab-label-additional-title\" data-role=\"collapsible\" data-collapsible=\"true\" aria-controls=\"additional\" aria-selected=\"true\" aria-expanded=\"true\">\n<div id=\"tab-label-product.info.ingredientes.formulacion\" class=\"data item title active\" tabindex=\"0\" role=\"tab\" aria-labeledby=\"tab-label-product.info.ingredientes.formulacion-title\" data-role=\"collapsible\" data-collapsible=\"true\" aria-controls=\"product.info.ingredientes.formulacion\" aria-selected=\"true\" aria-expanded=\"true\">INGREDIENTES\/FORMULACI\u00d3N:<\/div>\n<div id=\"product.info.ingredientes.formulacion\" class=\"data item content\" role=\"tabpanel\" data-role=\"content\" aria-labelledby=\"tab-label-product.info.ingredientes.formulacion\" aria-hidden=\"false\">\n<div class=\"product attribute ingredientes_formulacion\">\n<div class=\"value\">Jab\u00f3n antis\u00e9ptico 125 ml: Cada 100 ml. contienen: Digluconato de clorhexidina 2 g, cocoamidopropil beta\u00edna, metil y propil parabenos como conservador, veh\u00edculo c.b.p. 100 ml.rnLimpiador de o\u00eddos 125 ml: Cada 125 ml. Contienen: Digluconato de clorhexidina 0.2g, \u00e1cido c\u00edtrico, cocoamidopropil beta\u00edna, extracto de Cal\u00e9ndula officinalis, extracto de Melaleuca spp, alcohol isoprop\u00edlico, alcanfor sint\u00e9tico, metil y propil parabenos como conservador, veh\u00edculo, c.b.p. 125 ml.rnGel cicatrizante de kiwi 70 g: Alanto\u00edna 0.8 g, extracto de kiwi, extracto de tepezcohuite, glicerina, propilenglicol, carbomer, liposomas de jalea real, liposomas de vitamina A, fragancia kiwi toronja, trietanolamina, colorante natural caramelo, BHT, BHA, natamicina, metil y propilparabenos, veh\u00edculo c.b.p. 100 g.rnUng\u00fcento para nariz y cojinetes 40 g: Cada 100 gramos contienen: Lanolina, cera de abeja, manteca de karit\u00e9, aceite de ricino hidrogenado PEG-40, extracto de Rosa rubiginosa, retinol (palmitato de vitamina A) 100.00 U.I., tocoferoles y extracto de romero como conservador, petrolato como veh\u00edculo, c.b.p. 100g.rnToallitas limpiadoras para ojos: Cada 80 toallitas (100 ml) contienen: Tensoactivos 3.5 mg, propilenglicol, glicerina, alcohol isoprop\u00edlico, alcanfor sint\u00e9tico, \u00e1cido c\u00edtrico, metil y propil parabenos como conservador, veh\u00edculo c.b.p. 100 ml.rnDesinfectante para patas y cojinetes 125 ml: Cada 100 ml contiene: cloruro de benzalconio 0.13 g, extracto de Aloe vera (Aloe barbadensis), glicerina, metil y propil parabenos como conservador, veh\u00edculo c.b.p. 125 ml.rnPolvo hemost\u00e1tico 14 g: Cada 100 g contienen: (m\u00ednimo) 13.5 g de sulfato de aluminio, caol\u00edn, \u00e1cido b\u00f3rico, \u00f3xido de zinc, excipiente c.b.p. 100 g.<\/div>\n<\/div>\n<\/div>\n<\/div>\n","protected":false},"excerpt":{"rendered":"<div id=\"tab-label-description\" class=\"data item title active\" tabindex=\"0\" role=\"tab\" aria-labeledby=\"tab-label-description-title\" data-role=\"collapsible\" data-collapsible=\"true\" aria-controls=\"description\" aria-selected=\"false\" aria-expanded=\"true\">DESCRIPCI\u00d3N:<\/div>\n<div id=\"description\" class=\"data item content\" role=\"tabpanel\" data-role=\"content\" aria-labelledby=\"tab-label-description\" aria-hidden=\"false\">\n<div class=\"product attribute description\">\n<div class=\"value\">\n<p>El kit preventivo de Medical Solutions es un recurso indispensable para el cuidado integral de la salud de tu mascota. Ha sido cuidadosamente dise\u00f1ado para brindarte la tranquilidad de estar preparado y poder atender las necesidades b\u00e1sicas de higiene y primeros auxilios de tu perro desde la comodidad de tu hogar. Cada producto incluido en este kit cubre aspectos esenciales para el bienestar de tu mascota: desde la prevenci\u00f3n de infecciones y el tratamiento de heridas, hasta el cuidado rutinario de ojos y o\u00eddos. Adem\u00e1s, incluye una gu\u00eda m\u00e9dica y de uso clara y pr\u00e1ctica, que te orienta paso a paso sobre c\u00f3mo utilizar cada producto de forma segura y efectiva, incluso en situaciones de emergencia. Con el kit preventivo Medical Solutions, cuentas con las herramientas necesarias \u2014y el conocimiento para usarlas\u2014 para enfrentar situaciones comunes y ofrecer una atenci\u00f3n de calidad que contribuya al bienestar y la felicidad de tu mejor amigo. N\u00famero de registro: Q7290-040, Q7290-029, Q7290-047, Q7290-056, Q7290-028, Q7290-046.<\/p>\n<p>SOLUCI\u00d3N DE PRIMEROS AUXILIOS COMPLETA: El kit ofrece una variedad de productos esenciales para atender las necesidades b\u00e1sicas de higiene y primeros auxilios de tu mascota, como el cuidado de heridas y la limpieza de ojos y o\u00eddos. PREPARACI\u00d3N PARA IMPREVISTOS: Con este botiqu\u00edn, estar\u00e1s preparado para actuar r\u00e1pidamente ante cortes, raspaduras, irritaciones y otros incidentes menores, brindando a tu mascota una atenci\u00f3n inmediata en casa. HIGIENE Y PREVENCI\u00d3N RUTINARIA: Incluye productos para el cuidado diario, como toallitas limpiadoras para ojos, limpiador de o\u00eddos, ung\u00fcento para nariz y cojinetes, y un desinfectante para patas. Su uso regular ayuda a prevenir infecciones y otros problemas de salud comunes. PROMUEVE LA CICATRIZACI\u00d3N Y EL BIENESTAR: Los productos est\u00e1n formulados con ingredientes espec\u00edficos, como el gel cicatrizante con extractos de kiwi y tepezcohuite, el ung\u00fcento con retinol para regenerar la piel y el polvo hemost\u00e1tico que detiene el sangrado, favoreciendo una recuperaci\u00f3n m\u00e1s r\u00e1pida y efectiva. F\u00c1CIL Y SEGURO DE USAR: Cada art\u00edculo del kit incluye instrucciones detalladas sobre su modo de uso y las precauciones necesarias, lo que te permite aplicar los tratamientos de forma segura y correcta.<\/p>\n<\/div>\n<\/div>\n<\/div>\n","protected":false},"featured_media":15770,"template":"","meta":[],"product_brand":[108],"product_cat":[73,83],"product_tag":[1034],"class_list":{"0":"post-15769","1":"product","2":"type-product","3":"status-publish","4":"has-post-thumbnail","6":"product_brand-medicalsolutions","7":"product_cat-perros","8":"product_cat-salud-perros","9":"product_tag-kit-botiquin-p-perro","11":"first","12":"outofstock","13":"sale","14":"shipping-taxable","15":"purchasable","16":"product-type-simple"},"yoast_head":"<!-- This site is optimized with the Yoast SEO plugin v27.4 - https:\/\/yoast.com\/product\/yoast-seo-wordpress\/ -->\n<title>MS KIT PREVENTIVO\u00a0BOTIQU\u00cdN P\/ PERRO | Acuario Supremus<\/title>\n<meta name=\"description\" content=\"El kit antipulgas perro es una soluci\u00f3n integral dise\u00f1ada para prevenir, tratar y controlar infestaciones por pulgas, garrapatas, \u00e1caros, piojos, moscas\" \/>\n<meta name=\"robots\" content=\"index, follow, max-snippet:-1, max-image-preview:large, max-video-preview:-1\" \/>\n<link rel=\"canonical\" href=\"https:\/\/acuariosupremus.com\/?product=ms-kit-preventivo-botiquin-p-perro\" \/>\n<meta property=\"og:locale\" content=\"es_MX\" \/>\n<meta property=\"og:type\" content=\"article\" \/>\n<meta property=\"og:title\" content=\"MS KIT PREVENTIVO\u00a0BOTIQU\u00cdN P\/ PERRO | Acuario Supremus\" \/>\n<meta property=\"og:description\" content=\"El kit antipulgas perro es una soluci\u00f3n integral dise\u00f1ada para prevenir, tratar y controlar infestaciones por pulgas, garrapatas, \u00e1caros, piojos, moscas\" \/>\n<meta property=\"og:url\" content=\"https:\/\/acuariosupremus.com\/?product=ms-kit-preventivo-botiquin-p-perro\" \/>\n<meta property=\"og:site_name\" content=\"Acuario Supremus\" \/>\n<meta property=\"article:publisher\" content=\"https:\/\/www.facebook.com\/AcuarioSupremus\" \/>\n<meta property=\"article:modified_time\" content=\"2026-04-16T01:14:53+00:00\" \/>\n<meta property=\"og:image\" content=\"https:\/\/acuariosupremus.com\/wp-content\/uploads\/2026\/04\/FL5522.jpg\" \/>\n\t<meta property=\"og:image:width\" content=\"1000\" \/>\n\t<meta property=\"og:image:height\" content=\"1000\" \/>\n\t<meta property=\"og:image:type\" content=\"image\/jpeg\" \/>\n<meta name=\"twitter:card\" content=\"summary_large_image\" \/>\n<meta name=\"twitter:site\" content=\"@AcuarioSupremus\" \/>\n<meta name=\"twitter:label1\" content=\"Tiempo de lectura\" \/>\n\t<meta name=\"twitter:data1\" content=\"2 minutos\" \/>\n<script type=\"application\/ld+json\" class=\"yoast-schema-graph\">{\"@context\":\"https:\\\/\\\/schema.org\",\"@graph\":[{\"@type\":\"WebPage\",\"@id\":\"https:\\\/\\\/acuariosupremus.com\\\/?product=ms-kit-preventivo-botiquin-p-perro\",\"url\":\"https:\\\/\\\/acuariosupremus.com\\\/?product=ms-kit-preventivo-botiquin-p-perro\",\"name\":\"MS KIT PREVENTIVO\u00a0BOTIQU\u00cdN P\\\/ PERRO | Acuario Supremus\",\"isPartOf\":{\"@id\":\"https:\\\/\\\/acuariosupremus.com\\\/#website\"},\"primaryImageOfPage\":{\"@id\":\"https:\\\/\\\/acuariosupremus.com\\\/?product=ms-kit-preventivo-botiquin-p-perro#primaryimage\"},\"image\":{\"@id\":\"https:\\\/\\\/acuariosupremus.com\\\/?product=ms-kit-preventivo-botiquin-p-perro#primaryimage\"},\"thumbnailUrl\":\"https:\\\/\\\/acuariosupremus.com\\\/wp-content\\\/uploads\\\/2026\\\/04\\\/FL5522.jpg\",\"datePublished\":\"2026-04-16T01:06:24+00:00\",\"dateModified\":\"2026-04-16T01:14:53+00:00\",\"description\":\"El kit antipulgas perro es una soluci\u00f3n integral dise\u00f1ada para prevenir, tratar y controlar infestaciones por pulgas, garrapatas, \u00e1caros, piojos, moscas\",\"breadcrumb\":{\"@id\":\"https:\\\/\\\/acuariosupremus.com\\\/?product=ms-kit-preventivo-botiquin-p-perro#breadcrumb\"},\"inLanguage\":\"es\",\"potentialAction\":[{\"@type\":\"ReadAction\",\"target\":[\"https:\\\/\\\/acuariosupremus.com\\\/?product=ms-kit-preventivo-botiquin-p-perro\"]}]},{\"@type\":\"ImageObject\",\"inLanguage\":\"es\",\"@id\":\"https:\\\/\\\/acuariosupremus.com\\\/?product=ms-kit-preventivo-botiquin-p-perro#primaryimage\",\"url\":\"https:\\\/\\\/acuariosupremus.com\\\/wp-content\\\/uploads\\\/2026\\\/04\\\/FL5522.jpg\",\"contentUrl\":\"https:\\\/\\\/acuariosupremus.com\\\/wp-content\\\/uploads\\\/2026\\\/04\\\/FL5522.jpg\",\"width\":1000,\"height\":1000},{\"@type\":\"BreadcrumbList\",\"@id\":\"https:\\\/\\\/acuariosupremus.com\\\/?product=ms-kit-preventivo-botiquin-p-perro#breadcrumb\",\"itemListElement\":[{\"@type\":\"ListItem\",\"position\":1,\"name\":\"Portada\",\"item\":\"https:\\\/\\\/acuariosupremus.com\\\/\"},{\"@type\":\"ListItem\",\"position\":2,\"name\":\"Tienda\",\"item\":\"https:\\\/\\\/acuariosupremus.com\\\/tienda\\\/\"},{\"@type\":\"ListItem\",\"position\":3,\"name\":\"MS KIT PREVENTIVO\u00a0BOTIQU\u00cdN P\\\/ PERRO\"}]},{\"@type\":\"WebSite\",\"@id\":\"https:\\\/\\\/acuariosupremus.com\\\/#website\",\"url\":\"https:\\\/\\\/acuariosupremus.com\\\/\",\"name\":\"Acuario Supremus\",\"description\":\"Peces, Peceras y Mascotas.\",\"publisher\":{\"@id\":\"https:\\\/\\\/acuariosupremus.com\\\/#organization\"},\"potentialAction\":[{\"@type\":\"SearchAction\",\"target\":{\"@type\":\"EntryPoint\",\"urlTemplate\":\"https:\\\/\\\/acuariosupremus.com\\\/?s={search_term_string}\"},\"query-input\":{\"@type\":\"PropertyValueSpecification\",\"valueRequired\":true,\"valueName\":\"search_term_string\"}}],\"inLanguage\":\"es\"},{\"@type\":\"Organization\",\"@id\":\"https:\\\/\\\/acuariosupremus.com\\\/#organization\",\"name\":\"Acuario Supremus\",\"url\":\"https:\\\/\\\/acuariosupremus.com\\\/\",\"logo\":{\"@type\":\"ImageObject\",\"inLanguage\":\"es\",\"@id\":\"https:\\\/\\\/acuariosupremus.com\\\/#\\\/schema\\\/logo\\\/image\\\/\",\"url\":\"https:\\\/\\\/acuariosupremus.com\\\/wp-content\\\/uploads\\\/2021\\\/12\\\/cropped-logo_acuario_supremus_fn-2.png\",\"contentUrl\":\"https:\\\/\\\/acuariosupremus.com\\\/wp-content\\\/uploads\\\/2021\\\/12\\\/cropped-logo_acuario_supremus_fn-2.png\",\"width\":1000,\"height\":318,\"caption\":\"Acuario Supremus\"},\"image\":{\"@id\":\"https:\\\/\\\/acuariosupremus.com\\\/#\\\/schema\\\/logo\\\/image\\\/\"},\"sameAs\":[\"https:\\\/\\\/www.facebook.com\\\/AcuarioSupremus\",\"https:\\\/\\\/x.com\\\/AcuarioSupremus\",\"https:\\\/\\\/www.instagram.com\\\/acuariosupremus\\\/?hl=es\"]}]}<\/script>\n<!-- \/ Yoast SEO plugin. -->","yoast_head_json":{"title":"MS KIT PREVENTIVO\u00a0BOTIQU\u00cdN P\/ PERRO | Acuario Supremus","description":"El kit antipulgas perro es una soluci\u00f3n integral dise\u00f1ada para prevenir, tratar y controlar infestaciones por pulgas, garrapatas, \u00e1caros, piojos, moscas","robots":{"index":"index","follow":"follow","max-snippet":"max-snippet:-1","max-image-preview":"max-image-preview:large","max-video-preview":"max-video-preview:-1"},"canonical":"https:\/\/acuariosupremus.com\/?product=ms-kit-preventivo-botiquin-p-perro","og_locale":"es_MX","og_type":"article","og_title":"MS KIT PREVENTIVO\u00a0BOTIQU\u00cdN P\/ PERRO | Acuario Supremus","og_description":"El kit antipulgas perro es una soluci\u00f3n integral dise\u00f1ada para prevenir, tratar y controlar infestaciones por pulgas, garrapatas, \u00e1caros, piojos, moscas","og_url":"https:\/\/acuariosupremus.com\/?product=ms-kit-preventivo-botiquin-p-perro","og_site_name":"Acuario Supremus","article_publisher":"https:\/\/www.facebook.com\/AcuarioSupremus","article_modified_time":"2026-04-16T01:14:53+00:00","og_image":[{"width":1000,"height":1000,"url":"https:\/\/acuariosupremus.com\/wp-content\/uploads\/2026\/04\/FL5522.jpg","type":"image\/jpeg"}],"twitter_card":"summary_large_image","twitter_site":"@AcuarioSupremus","twitter_misc":{"Tiempo de lectura":"2 minutos"},"schema":{"@context":"https:\/\/schema.org","@graph":[{"@type":"WebPage","@id":"https:\/\/acuariosupremus.com\/?product=ms-kit-preventivo-botiquin-p-perro","url":"https:\/\/acuariosupremus.com\/?product=ms-kit-preventivo-botiquin-p-perro","name":"MS KIT PREVENTIVO\u00a0BOTIQU\u00cdN P\/ PERRO | Acuario Supremus","isPartOf":{"@id":"https:\/\/acuariosupremus.com\/#website"},"primaryImageOfPage":{"@id":"https:\/\/acuariosupremus.com\/?product=ms-kit-preventivo-botiquin-p-perro#primaryimage"},"image":{"@id":"https:\/\/acuariosupremus.com\/?product=ms-kit-preventivo-botiquin-p-perro#primaryimage"},"thumbnailUrl":"https:\/\/acuariosupremus.com\/wp-content\/uploads\/2026\/04\/FL5522.jpg","datePublished":"2026-04-16T01:06:24+00:00","dateModified":"2026-04-16T01:14:53+00:00","description":"El kit antipulgas perro es una soluci\u00f3n integral dise\u00f1ada para prevenir, tratar y controlar infestaciones por pulgas, garrapatas, \u00e1caros, piojos, moscas","breadcrumb":{"@id":"https:\/\/acuariosupremus.com\/?product=ms-kit-preventivo-botiquin-p-perro#breadcrumb"},"inLanguage":"es","potentialAction":[{"@type":"ReadAction","target":["https:\/\/acuariosupremus.com\/?product=ms-kit-preventivo-botiquin-p-perro"]}]},{"@type":"ImageObject","inLanguage":"es","@id":"https:\/\/acuariosupremus.com\/?product=ms-kit-preventivo-botiquin-p-perro#primaryimage","url":"https:\/\/acuariosupremus.com\/wp-content\/uploads\/2026\/04\/FL5522.jpg","contentUrl":"https:\/\/acuariosupremus.com\/wp-content\/uploads\/2026\/04\/FL5522.jpg","width":1000,"height":1000},{"@type":"BreadcrumbList","@id":"https:\/\/acuariosupremus.com\/?product=ms-kit-preventivo-botiquin-p-perro#breadcrumb","itemListElement":[{"@type":"ListItem","position":1,"name":"Portada","item":"https:\/\/acuariosupremus.com\/"},{"@type":"ListItem","position":2,"name":"Tienda","item":"https:\/\/acuariosupremus.com\/tienda\/"},{"@type":"ListItem","position":3,"name":"MS KIT PREVENTIVO\u00a0BOTIQU\u00cdN P\/ PERRO"}]},{"@type":"WebSite","@id":"https:\/\/acuariosupremus.com\/#website","url":"https:\/\/acuariosupremus.com\/","name":"Acuario Supremus","description":"Peces, Peceras y Mascotas.","publisher":{"@id":"https:\/\/acuariosupremus.com\/#organization"},"potentialAction":[{"@type":"SearchAction","target":{"@type":"EntryPoint","urlTemplate":"https:\/\/acuariosupremus.com\/?s={search_term_string}"},"query-input":{"@type":"PropertyValueSpecification","valueRequired":true,"valueName":"search_term_string"}}],"inLanguage":"es"},{"@type":"Organization","@id":"https:\/\/acuariosupremus.com\/#organization","name":"Acuario Supremus","url":"https:\/\/acuariosupremus.com\/","logo":{"@type":"ImageObject","inLanguage":"es","@id":"https:\/\/acuariosupremus.com\/#\/schema\/logo\/image\/","url":"https:\/\/acuariosupremus.com\/wp-content\/uploads\/2021\/12\/cropped-logo_acuario_supremus_fn-2.png","contentUrl":"https:\/\/acuariosupremus.com\/wp-content\/uploads\/2021\/12\/cropped-logo_acuario_supremus_fn-2.png","width":1000,"height":318,"caption":"Acuario Supremus"},"image":{"@id":"https:\/\/acuariosupremus.com\/#\/schema\/logo\/image\/"},"sameAs":["https:\/\/www.facebook.com\/AcuarioSupremus","https:\/\/x.com\/AcuarioSupremus","https:\/\/www.instagram.com\/acuariosupremus\/?hl=es"]}]}},"jetpack_sharing_enabled":true,"_links":{"self":[{"href":"https:\/\/acuariosupremus.com\/index.php?rest_route=\/wp\/v2\/product\/15769","targetHints":{"allow":["GET"]}}],"collection":[{"href":"https:\/\/acuariosupremus.com\/index.php?rest_route=\/wp\/v2\/product"}],"about":[{"href":"https:\/\/acuariosupremus.com\/index.php?rest_route=\/wp\/v2\/types\/product"}],"wp:featuredmedia":[{"embeddable":true,"href":"https:\/\/acuariosupremus.com\/index.php?rest_route=\/wp\/v2\/media\/15770"}],"wp:attachment":[{"href":"https:\/\/acuariosupremus.com\/index.php?rest_route=%2Fwp%2Fv2%2Fmedia&parent=15769"}],"wp:term":[{"taxonomy":"product_brand","embeddable":true,"href":"https:\/\/acuariosupremus.com\/index.php?rest_route=%2Fwp%2Fv2%2Fproduct_brand&post=15769"},{"taxonomy":"product_cat","embeddable":true,"href":"https:\/\/acuariosupremus.com\/index.php?rest_route=%2Fwp%2Fv2%2Fproduct_cat&post=15769"},{"taxonomy":"product_tag","embeddable":true,"href":"https:\/\/acuariosupremus.com\/index.php?rest_route=%2Fwp%2Fv2%2Fproduct_tag&post=15769"}],"curies":[{"name":"wp","href":"https:\/\/api.w.org\/{rel}","templated":true}]}}