{"id":1579,"date":"2022-01-31T16:35:47","date_gmt":"2022-01-31T22:35:47","guid":{"rendered":"https:\/\/acuariosupremus.com\/?post_type=product&#038;p=1579"},"modified":"2026-04-22T14:45:25","modified_gmt":"2026-04-22T20:45:25","slug":"filtro-aquaclear-30-gal115-lts","status":"publish","type":"product","link":"https:\/\/acuariosupremus.com\/?product=filtro-aquaclear-30-gal115-lts","title":{"rendered":"FILTRO AQUACLEAR 30 GAL(115 Lts)."},"content":{"rendered":"<p>Beneficios:<br \/>\nCycleguard ahora con Biomax. Conserva las bacterias beneficiosas para un ambiente libre de estr\u00e9s. Un acuario saludable<br \/>\nrequiere bacterias beneficiosas son esenciales en la eliminaci\u00f3n de amon\u00edaco t\u00f3xico y nitrito. Ecosistema de filtraci\u00f3n de<br \/>\ncartucho, cuando tirar el cartucho, usted lanza lejos bacterias beneficiosas. Puede tomar semanas para las bacterias para<br \/>\nrecolonizar, lo que resulta en un ambiente estresante. El sistema de filtraci\u00f3n AquaClear, multi-etapa es diferente. S\u00f3lo uno de los tres insertos de filtraci\u00f3n se cambia a la vez. Esto asegura que cantidades significativas de bacterias beneficiosas<br \/>\npermanecen. Nunca hay un agotamiento repentino de bacterias filtraci\u00f3n biol\u00f3gica as\u00ed permanece niveles altamente eficaces. Y ahora, la adici\u00f3n de Biomax ofrece condiciones de vida \u00f3ptimas para las bacterias beneficiosas que colonizan el sistema CycleGuard.<\/p>\n<p>Para acuarios de: 10-30 Gal. 38-114 Lt.<\/p>\n<p>Instrucciones:<br \/>\nSistema de filtraci\u00f3n multi-etapa. Proporciona \u00f3ptima Mec\u00e1nica, Qu\u00edmica, y la filtraci\u00f3n biol\u00f3gica. Etapa 1: Mec\u00e1nica Inserci\u00f3nde Espuma en el filtro : Gran superficie de part\u00edculas se atrampan en la zona y los escombros. Ayuda a mantener la filtraci\u00f3nbiol\u00f3gica. Etapa 2: Qu\u00edmica Carb\u00f3n activado: Absorbe olores, decoloraci\u00f3n e impurezas. Mejorar la claridad del agua y color. Etapa 3: Biol\u00f3gica Inserta \u00a1Nuevo! BioMax : Aumenta la eficiencia biol\u00f3gica en un 30% ampl\u00eda la capacidad biol\u00f3gica de los acuarios. Proporciona las condiciones de vida \u00f3ptimas para las bacteria beneficiosas.<\/p>\n<p>Capacidad:<br \/>\n<strong>150 \/ 30 gal. Max<\/strong><\/p>\n","protected":false},"excerpt":{"rendered":"<p>Sistema de filtraci\u00f3n patentado para un acuario saludable y agua clara. A veces, los peces y las plantas delicadas requieren un flujo de agua suave. AquaClear sistema de filtraci\u00f3n patentado le permite controlar la velocidad de flujo sin comprometer la eficacia de la filtraci\u00f3n. Cuando se reduce la velocidad de flujo, hasta el 50% del agua dentro de la c\u00e1mara de filtro se procesa varias veces. M\u00e1s impurezas se filtran, la creaci\u00f3n de un tanque, m\u00e1s saludable con agua limpia y clara. Nota: Tambi\u00e9n se recomienda un caudal reducido para su uso durante la alimentaci\u00f3n, para asegurar el consumo de alimentos m\u00e1s eficiente y menos residuos. Incluye: Espuma, de carbono, y BioMax.<\/p>\n","protected":false},"featured_media":1580,"template":"","meta":[],"product_brand":[112],"product_cat":[40,47],"product_tag":[191,195,187,186,183],"class_list":{"0":"post-1579","1":"product","2":"type-product","3":"status-publish","4":"has-post-thumbnail","6":"product_brand-hagen","7":"product_cat-peces","8":"product_cat-filtros-externos","9":"product_tag-aquaclear","10":"product_tag-filtracion-biologica","11":"product_tag-filtro-de-cascada","12":"product_tag-filtro-externo","13":"product_tag-hagen","15":"first","16":"instock","17":"sale","18":"shipping-taxable","19":"purchasable","20":"product-type-simple"},"yoast_head":"<!-- This site is optimized with the Yoast SEO plugin v27.4 - https:\/\/yoast.com\/product\/yoast-seo-wordpress\/ -->\n<title>FILTRO AQUACLEAR 30 GAL(115 Lts). | Acuario Supremus<\/title>\n<meta name=\"description\" content=\"Sistema de filtraci\u00f3n cascada multi etapas AquaClear con capacidad de 60 a 115 litros, Brinda filtraci\u00f3n mec\u00e1nica, qu\u00edmica y biol\u00f3gica.\" \/>\n<meta name=\"robots\" content=\"index, follow, max-snippet:-1, max-image-preview:large, max-video-preview:-1\" \/>\n<link rel=\"canonical\" href=\"https:\/\/acuariosupremus.com\/?product=filtro-aquaclear-30-gal115-lts\" \/>\n<meta property=\"og:locale\" content=\"es_MX\" \/>\n<meta property=\"og:type\" content=\"article\" \/>\n<meta property=\"og:title\" content=\"FILTRO AQUACLEAR 30 GAL(115 Lts). | Acuario Supremus\" \/>\n<meta property=\"og:description\" content=\"Sistema de filtraci\u00f3n cascada multi etapas AquaClear con capacidad de 60 a 115 litros, Brinda filtraci\u00f3n mec\u00e1nica, qu\u00edmica y biol\u00f3gica.\" \/>\n<meta property=\"og:url\" content=\"https:\/\/acuariosupremus.com\/?product=filtro-aquaclear-30-gal115-lts\" \/>\n<meta property=\"og:site_name\" content=\"Acuario Supremus\" \/>\n<meta property=\"article:publisher\" content=\"https:\/\/www.facebook.com\/AcuarioSupremus\" \/>\n<meta property=\"article:modified_time\" content=\"2026-04-22T20:45:25+00:00\" \/>\n<meta property=\"og:image\" content=\"https:\/\/acuariosupremus.com\/wp-content\/uploads\/2022\/01\/HA600.jpg\" \/>\n\t<meta property=\"og:image:width\" content=\"1000\" \/>\n\t<meta property=\"og:image:height\" content=\"1000\" \/>\n\t<meta property=\"og:image:type\" content=\"image\/jpeg\" \/>\n<meta name=\"twitter:card\" content=\"summary_large_image\" \/>\n<meta name=\"twitter:site\" content=\"@AcuarioSupremus\" \/>\n<meta name=\"twitter:label1\" content=\"Tiempo de lectura\" \/>\n\t<meta name=\"twitter:data1\" content=\"1 minuto\" \/>\n<script type=\"application\/ld+json\" class=\"yoast-schema-graph\">{\"@context\":\"https:\\\/\\\/schema.org\",\"@graph\":[{\"@type\":\"WebPage\",\"@id\":\"https:\\\/\\\/acuariosupremus.com\\\/?product=filtro-aquaclear-30-gal115-lts\",\"url\":\"https:\\\/\\\/acuariosupremus.com\\\/?product=filtro-aquaclear-30-gal115-lts\",\"name\":\"FILTRO AQUACLEAR 30 GAL(115 Lts). | Acuario Supremus\",\"isPartOf\":{\"@id\":\"https:\\\/\\\/acuariosupremus.com\\\/#website\"},\"primaryImageOfPage\":{\"@id\":\"https:\\\/\\\/acuariosupremus.com\\\/?product=filtro-aquaclear-30-gal115-lts#primaryimage\"},\"image\":{\"@id\":\"https:\\\/\\\/acuariosupremus.com\\\/?product=filtro-aquaclear-30-gal115-lts#primaryimage\"},\"thumbnailUrl\":\"https:\\\/\\\/acuariosupremus.com\\\/wp-content\\\/uploads\\\/2022\\\/01\\\/HA600.jpg\",\"datePublished\":\"2022-01-31T22:35:47+00:00\",\"dateModified\":\"2026-04-22T20:45:25+00:00\",\"description\":\"Sistema de filtraci\u00f3n cascada multi etapas AquaClear con capacidad de 60 a 115 litros, Brinda filtraci\u00f3n mec\u00e1nica, qu\u00edmica y biol\u00f3gica.\",\"breadcrumb\":{\"@id\":\"https:\\\/\\\/acuariosupremus.com\\\/?product=filtro-aquaclear-30-gal115-lts#breadcrumb\"},\"inLanguage\":\"es\",\"potentialAction\":[{\"@type\":\"ReadAction\",\"target\":[\"https:\\\/\\\/acuariosupremus.com\\\/?product=filtro-aquaclear-30-gal115-lts\"]}]},{\"@type\":\"ImageObject\",\"inLanguage\":\"es\",\"@id\":\"https:\\\/\\\/acuariosupremus.com\\\/?product=filtro-aquaclear-30-gal115-lts#primaryimage\",\"url\":\"https:\\\/\\\/acuariosupremus.com\\\/wp-content\\\/uploads\\\/2022\\\/01\\\/HA600.jpg\",\"contentUrl\":\"https:\\\/\\\/acuariosupremus.com\\\/wp-content\\\/uploads\\\/2022\\\/01\\\/HA600.jpg\",\"width\":1000,\"height\":1000},{\"@type\":\"BreadcrumbList\",\"@id\":\"https:\\\/\\\/acuariosupremus.com\\\/?product=filtro-aquaclear-30-gal115-lts#breadcrumb\",\"itemListElement\":[{\"@type\":\"ListItem\",\"position\":1,\"name\":\"Portada\",\"item\":\"https:\\\/\\\/acuariosupremus.com\\\/\"},{\"@type\":\"ListItem\",\"position\":2,\"name\":\"Tienda\",\"item\":\"https:\\\/\\\/acuariosupremus.com\\\/tienda\\\/\"},{\"@type\":\"ListItem\",\"position\":3,\"name\":\"FILTRO AQUACLEAR 30 GAL(115 Lts).\"}]},{\"@type\":\"WebSite\",\"@id\":\"https:\\\/\\\/acuariosupremus.com\\\/#website\",\"url\":\"https:\\\/\\\/acuariosupremus.com\\\/\",\"name\":\"Acuario Supremus\",\"description\":\"Peces, Peceras y Mascotas.\",\"publisher\":{\"@id\":\"https:\\\/\\\/acuariosupremus.com\\\/#organization\"},\"potentialAction\":[{\"@type\":\"SearchAction\",\"target\":{\"@type\":\"EntryPoint\",\"urlTemplate\":\"https:\\\/\\\/acuariosupremus.com\\\/?s={search_term_string}\"},\"query-input\":{\"@type\":\"PropertyValueSpecification\",\"valueRequired\":true,\"valueName\":\"search_term_string\"}}],\"inLanguage\":\"es\"},{\"@type\":\"Organization\",\"@id\":\"https:\\\/\\\/acuariosupremus.com\\\/#organization\",\"name\":\"Acuario Supremus\",\"url\":\"https:\\\/\\\/acuariosupremus.com\\\/\",\"logo\":{\"@type\":\"ImageObject\",\"inLanguage\":\"es\",\"@id\":\"https:\\\/\\\/acuariosupremus.com\\\/#\\\/schema\\\/logo\\\/image\\\/\",\"url\":\"https:\\\/\\\/acuariosupremus.com\\\/wp-content\\\/uploads\\\/2021\\\/12\\\/cropped-logo_acuario_supremus_fn-2.png\",\"contentUrl\":\"https:\\\/\\\/acuariosupremus.com\\\/wp-content\\\/uploads\\\/2021\\\/12\\\/cropped-logo_acuario_supremus_fn-2.png\",\"width\":1000,\"height\":318,\"caption\":\"Acuario Supremus\"},\"image\":{\"@id\":\"https:\\\/\\\/acuariosupremus.com\\\/#\\\/schema\\\/logo\\\/image\\\/\"},\"sameAs\":[\"https:\\\/\\\/www.facebook.com\\\/AcuarioSupremus\",\"https:\\\/\\\/x.com\\\/AcuarioSupremus\",\"https:\\\/\\\/www.instagram.com\\\/acuariosupremus\\\/?hl=es\"]}]}<\/script>\n<!-- \/ Yoast SEO plugin. -->","yoast_head_json":{"title":"FILTRO AQUACLEAR 30 GAL(115 Lts). | Acuario Supremus","description":"Sistema de filtraci\u00f3n cascada multi etapas AquaClear con capacidad de 60 a 115 litros, Brinda filtraci\u00f3n mec\u00e1nica, qu\u00edmica y biol\u00f3gica.","robots":{"index":"index","follow":"follow","max-snippet":"max-snippet:-1","max-image-preview":"max-image-preview:large","max-video-preview":"max-video-preview:-1"},"canonical":"https:\/\/acuariosupremus.com\/?product=filtro-aquaclear-30-gal115-lts","og_locale":"es_MX","og_type":"article","og_title":"FILTRO AQUACLEAR 30 GAL(115 Lts). | Acuario Supremus","og_description":"Sistema de filtraci\u00f3n cascada multi etapas AquaClear con capacidad de 60 a 115 litros, Brinda filtraci\u00f3n mec\u00e1nica, qu\u00edmica y biol\u00f3gica.","og_url":"https:\/\/acuariosupremus.com\/?product=filtro-aquaclear-30-gal115-lts","og_site_name":"Acuario Supremus","article_publisher":"https:\/\/www.facebook.com\/AcuarioSupremus","article_modified_time":"2026-04-22T20:45:25+00:00","og_image":[{"width":1000,"height":1000,"url":"https:\/\/acuariosupremus.com\/wp-content\/uploads\/2022\/01\/HA600.jpg","type":"image\/jpeg"}],"twitter_card":"summary_large_image","twitter_site":"@AcuarioSupremus","twitter_misc":{"Tiempo de lectura":"1 minuto"},"schema":{"@context":"https:\/\/schema.org","@graph":[{"@type":"WebPage","@id":"https:\/\/acuariosupremus.com\/?product=filtro-aquaclear-30-gal115-lts","url":"https:\/\/acuariosupremus.com\/?product=filtro-aquaclear-30-gal115-lts","name":"FILTRO AQUACLEAR 30 GAL(115 Lts). | Acuario Supremus","isPartOf":{"@id":"https:\/\/acuariosupremus.com\/#website"},"primaryImageOfPage":{"@id":"https:\/\/acuariosupremus.com\/?product=filtro-aquaclear-30-gal115-lts#primaryimage"},"image":{"@id":"https:\/\/acuariosupremus.com\/?product=filtro-aquaclear-30-gal115-lts#primaryimage"},"thumbnailUrl":"https:\/\/acuariosupremus.com\/wp-content\/uploads\/2022\/01\/HA600.jpg","datePublished":"2022-01-31T22:35:47+00:00","dateModified":"2026-04-22T20:45:25+00:00","description":"Sistema de filtraci\u00f3n cascada multi etapas AquaClear con capacidad de 60 a 115 litros, Brinda filtraci\u00f3n mec\u00e1nica, qu\u00edmica y biol\u00f3gica.","breadcrumb":{"@id":"https:\/\/acuariosupremus.com\/?product=filtro-aquaclear-30-gal115-lts#breadcrumb"},"inLanguage":"es","potentialAction":[{"@type":"ReadAction","target":["https:\/\/acuariosupremus.com\/?product=filtro-aquaclear-30-gal115-lts"]}]},{"@type":"ImageObject","inLanguage":"es","@id":"https:\/\/acuariosupremus.com\/?product=filtro-aquaclear-30-gal115-lts#primaryimage","url":"https:\/\/acuariosupremus.com\/wp-content\/uploads\/2022\/01\/HA600.jpg","contentUrl":"https:\/\/acuariosupremus.com\/wp-content\/uploads\/2022\/01\/HA600.jpg","width":1000,"height":1000},{"@type":"BreadcrumbList","@id":"https:\/\/acuariosupremus.com\/?product=filtro-aquaclear-30-gal115-lts#breadcrumb","itemListElement":[{"@type":"ListItem","position":1,"name":"Portada","item":"https:\/\/acuariosupremus.com\/"},{"@type":"ListItem","position":2,"name":"Tienda","item":"https:\/\/acuariosupremus.com\/tienda\/"},{"@type":"ListItem","position":3,"name":"FILTRO AQUACLEAR 30 GAL(115 Lts)."}]},{"@type":"WebSite","@id":"https:\/\/acuariosupremus.com\/#website","url":"https:\/\/acuariosupremus.com\/","name":"Acuario Supremus","description":"Peces, Peceras y Mascotas.","publisher":{"@id":"https:\/\/acuariosupremus.com\/#organization"},"potentialAction":[{"@type":"SearchAction","target":{"@type":"EntryPoint","urlTemplate":"https:\/\/acuariosupremus.com\/?s={search_term_string}"},"query-input":{"@type":"PropertyValueSpecification","valueRequired":true,"valueName":"search_term_string"}}],"inLanguage":"es"},{"@type":"Organization","@id":"https:\/\/acuariosupremus.com\/#organization","name":"Acuario Supremus","url":"https:\/\/acuariosupremus.com\/","logo":{"@type":"ImageObject","inLanguage":"es","@id":"https:\/\/acuariosupremus.com\/#\/schema\/logo\/image\/","url":"https:\/\/acuariosupremus.com\/wp-content\/uploads\/2021\/12\/cropped-logo_acuario_supremus_fn-2.png","contentUrl":"https:\/\/acuariosupremus.com\/wp-content\/uploads\/2021\/12\/cropped-logo_acuario_supremus_fn-2.png","width":1000,"height":318,"caption":"Acuario Supremus"},"image":{"@id":"https:\/\/acuariosupremus.com\/#\/schema\/logo\/image\/"},"sameAs":["https:\/\/www.facebook.com\/AcuarioSupremus","https:\/\/x.com\/AcuarioSupremus","https:\/\/www.instagram.com\/acuariosupremus\/?hl=es"]}]}},"jetpack_sharing_enabled":true,"_links":{"self":[{"href":"https:\/\/acuariosupremus.com\/index.php?rest_route=\/wp\/v2\/product\/1579","targetHints":{"allow":["GET"]}}],"collection":[{"href":"https:\/\/acuariosupremus.com\/index.php?rest_route=\/wp\/v2\/product"}],"about":[{"href":"https:\/\/acuariosupremus.com\/index.php?rest_route=\/wp\/v2\/types\/product"}],"wp:featuredmedia":[{"embeddable":true,"href":"https:\/\/acuariosupremus.com\/index.php?rest_route=\/wp\/v2\/media\/1580"}],"wp:attachment":[{"href":"https:\/\/acuariosupremus.com\/index.php?rest_route=%2Fwp%2Fv2%2Fmedia&parent=1579"}],"wp:term":[{"taxonomy":"product_brand","embeddable":true,"href":"https:\/\/acuariosupremus.com\/index.php?rest_route=%2Fwp%2Fv2%2Fproduct_brand&post=1579"},{"taxonomy":"product_cat","embeddable":true,"href":"https:\/\/acuariosupremus.com\/index.php?rest_route=%2Fwp%2Fv2%2Fproduct_cat&post=1579"},{"taxonomy":"product_tag","embeddable":true,"href":"https:\/\/acuariosupremus.com\/index.php?rest_route=%2Fwp%2Fv2%2Fproduct_tag&post=1579"}],"curies":[{"name":"wp","href":"https:\/\/api.w.org\/{rel}","templated":true}]}}