{"id":15804,"date":"2026-04-16T14:04:13","date_gmt":"2026-04-16T20:04:13","guid":{"rendered":"https:\/\/acuariosupremus.com\/?post_type=product&#038;p=15804"},"modified":"2026-04-16T14:11:11","modified_gmt":"2026-04-16T20:11:11","slug":"repuesto-pasto-para-doggie-grass-mini","status":"publish","type":"product","link":"https:\/\/acuariosupremus.com\/?product=repuesto-pasto-para-doggie-grass-mini","title":{"rendered":"REPUESTO PASTO PARA DOGGIE GRASS MINI"},"content":{"rendered":"<p>Instrucciones:<br \/>\nUtilice este repuesto para remplazar la alfombra del DOGGIE GRASS cuando se deteriore. Tambi\u00e9n puede usarlo mientras selave y seca la alfombra de pasto sint\u00e9tico que utiliza regularmente. DOGGIE GRASS, permite entrenar al cachorro f\u00e1cilmentedentro del hogar y es la soluci\u00f3n perfecta para todo tipo de perros que no pueden salir frecuentemente.<br \/>\nRecomendaciones:<br \/>\n&#8211; Retire los desechos s\u00f3lidos, con papel higi\u00e9nico para desechar en el excusado o con bolsas recolectoras para depositar en la basura.<br \/>\n&#8211; Retire el pasto sint\u00e9tico y enjuagarlo completamente con agua tibia y jab\u00f3n, permitir que el pasto sint\u00e9tico se seque por completo. Se puede rociar un eliminador de olores*. Recomendamos el uso del eliminador de olores Fancy Pets que podr\u00e1n ser usados sobre el tapete y en el ambiente en caso de que el olor de los desechos sea muy intenso.<\/p>\n","protected":false},"excerpt":{"rendered":"<p>1 tapete de pasto sint\u00e9tico, para perro MINI.<br \/>\n&#8211; anti-microbiano<br \/>\n&#8211; Resistente a los malos olores<br \/>\n&#8211; F\u00e1cil de lavar<br \/>\n&#8211; No es toxico<br \/>\n&#8211; Es port\u00e1til<br \/>\n&#8211; Seguro para la mascota<\/p>\n","protected":false},"featured_media":15805,"template":"","meta":[],"product_brand":[106],"product_cat":[73,75],"product_tag":[384],"class_list":{"0":"post-15804","1":"product","2":"type-product","3":"status-publish","4":"has-post-thumbnail","6":"product_brand-fancypets","7":"product_cat-perros","8":"product_cat-entrenamiento-perros","9":"product_tag-tapete-doggie-grass","11":"first","12":"instock","13":"sale","14":"shipping-taxable","15":"purchasable","16":"product-type-simple"},"yoast_head":"<!-- This site is optimized with the Yoast SEO plugin v27.4 - https:\/\/yoast.com\/product\/yoast-seo-wordpress\/ -->\n<title>REPUESTO PASTO PARA DOGGIE GRASS MINI | Acuario Supremus<\/title>\n<meta name=\"description\" content=\"1 tapete de pasto sint\u00e9tico, para perro MINI.- anti-microbiano- Resistente a los malos olores- F\u00e1cil de lavar- No es toxico\" \/>\n<meta name=\"robots\" content=\"index, follow, max-snippet:-1, max-image-preview:large, max-video-preview:-1\" \/>\n<link rel=\"canonical\" href=\"https:\/\/acuariosupremus.com\/?product=repuesto-pasto-para-doggie-grass-mini\" \/>\n<meta property=\"og:locale\" content=\"es_MX\" \/>\n<meta property=\"og:type\" content=\"article\" \/>\n<meta property=\"og:title\" content=\"REPUESTO PASTO PARA DOGGIE GRASS MINI | Acuario Supremus\" \/>\n<meta property=\"og:description\" content=\"1 tapete de pasto sint\u00e9tico, para perro MINI.- anti-microbiano- Resistente a los malos olores- F\u00e1cil de lavar- No es toxico\" \/>\n<meta property=\"og:url\" content=\"https:\/\/acuariosupremus.com\/?product=repuesto-pasto-para-doggie-grass-mini\" \/>\n<meta property=\"og:site_name\" content=\"Acuario Supremus\" \/>\n<meta property=\"article:publisher\" content=\"https:\/\/www.facebook.com\/AcuarioSupremus\" \/>\n<meta property=\"article:modified_time\" content=\"2026-04-16T20:11:11+00:00\" \/>\n<meta property=\"og:image\" content=\"https:\/\/acuariosupremus.com\/wp-content\/uploads\/2026\/04\/FL8394-1.jpg\" \/>\n\t<meta property=\"og:image:width\" content=\"510\" \/>\n\t<meta property=\"og:image:height\" content=\"637\" \/>\n\t<meta property=\"og:image:type\" content=\"image\/jpeg\" \/>\n<meta name=\"twitter:card\" content=\"summary_large_image\" \/>\n<meta name=\"twitter:site\" content=\"@AcuarioSupremus\" \/>\n<meta name=\"twitter:label1\" content=\"Tiempo de lectura\" \/>\n\t<meta name=\"twitter:data1\" content=\"1 minuto\" \/>\n<script type=\"application\/ld+json\" class=\"yoast-schema-graph\">{\"@context\":\"https:\\\/\\\/schema.org\",\"@graph\":[{\"@type\":\"WebPage\",\"@id\":\"https:\\\/\\\/acuariosupremus.com\\\/?product=repuesto-pasto-para-doggie-grass-mini\",\"url\":\"https:\\\/\\\/acuariosupremus.com\\\/?product=repuesto-pasto-para-doggie-grass-mini\",\"name\":\"REPUESTO PASTO PARA DOGGIE GRASS MINI | Acuario Supremus\",\"isPartOf\":{\"@id\":\"https:\\\/\\\/acuariosupremus.com\\\/#website\"},\"primaryImageOfPage\":{\"@id\":\"https:\\\/\\\/acuariosupremus.com\\\/?product=repuesto-pasto-para-doggie-grass-mini#primaryimage\"},\"image\":{\"@id\":\"https:\\\/\\\/acuariosupremus.com\\\/?product=repuesto-pasto-para-doggie-grass-mini#primaryimage\"},\"thumbnailUrl\":\"https:\\\/\\\/acuariosupremus.com\\\/wp-content\\\/uploads\\\/2026\\\/04\\\/FL8394-1.jpg\",\"datePublished\":\"2026-04-16T20:04:13+00:00\",\"dateModified\":\"2026-04-16T20:11:11+00:00\",\"description\":\"1 tapete de pasto sint\u00e9tico, para perro MINI.- anti-microbiano- Resistente a los malos olores- F\u00e1cil de lavar- No es toxico\",\"breadcrumb\":{\"@id\":\"https:\\\/\\\/acuariosupremus.com\\\/?product=repuesto-pasto-para-doggie-grass-mini#breadcrumb\"},\"inLanguage\":\"es\",\"potentialAction\":[{\"@type\":\"ReadAction\",\"target\":[\"https:\\\/\\\/acuariosupremus.com\\\/?product=repuesto-pasto-para-doggie-grass-mini\"]}]},{\"@type\":\"ImageObject\",\"inLanguage\":\"es\",\"@id\":\"https:\\\/\\\/acuariosupremus.com\\\/?product=repuesto-pasto-para-doggie-grass-mini#primaryimage\",\"url\":\"https:\\\/\\\/acuariosupremus.com\\\/wp-content\\\/uploads\\\/2026\\\/04\\\/FL8394-1.jpg\",\"contentUrl\":\"https:\\\/\\\/acuariosupremus.com\\\/wp-content\\\/uploads\\\/2026\\\/04\\\/FL8394-1.jpg\",\"width\":510,\"height\":637},{\"@type\":\"BreadcrumbList\",\"@id\":\"https:\\\/\\\/acuariosupremus.com\\\/?product=repuesto-pasto-para-doggie-grass-mini#breadcrumb\",\"itemListElement\":[{\"@type\":\"ListItem\",\"position\":1,\"name\":\"Portada\",\"item\":\"https:\\\/\\\/acuariosupremus.com\\\/\"},{\"@type\":\"ListItem\",\"position\":2,\"name\":\"Tienda\",\"item\":\"https:\\\/\\\/acuariosupremus.com\\\/tienda\\\/\"},{\"@type\":\"ListItem\",\"position\":3,\"name\":\"REPUESTO PASTO PARA DOGGIE GRASS MINI\"}]},{\"@type\":\"WebSite\",\"@id\":\"https:\\\/\\\/acuariosupremus.com\\\/#website\",\"url\":\"https:\\\/\\\/acuariosupremus.com\\\/\",\"name\":\"Acuario Supremus\",\"description\":\"Peces, Peceras y Mascotas.\",\"publisher\":{\"@id\":\"https:\\\/\\\/acuariosupremus.com\\\/#organization\"},\"potentialAction\":[{\"@type\":\"SearchAction\",\"target\":{\"@type\":\"EntryPoint\",\"urlTemplate\":\"https:\\\/\\\/acuariosupremus.com\\\/?s={search_term_string}\"},\"query-input\":{\"@type\":\"PropertyValueSpecification\",\"valueRequired\":true,\"valueName\":\"search_term_string\"}}],\"inLanguage\":\"es\"},{\"@type\":\"Organization\",\"@id\":\"https:\\\/\\\/acuariosupremus.com\\\/#organization\",\"name\":\"Acuario Supremus\",\"url\":\"https:\\\/\\\/acuariosupremus.com\\\/\",\"logo\":{\"@type\":\"ImageObject\",\"inLanguage\":\"es\",\"@id\":\"https:\\\/\\\/acuariosupremus.com\\\/#\\\/schema\\\/logo\\\/image\\\/\",\"url\":\"https:\\\/\\\/acuariosupremus.com\\\/wp-content\\\/uploads\\\/2021\\\/12\\\/cropped-logo_acuario_supremus_fn-2.png\",\"contentUrl\":\"https:\\\/\\\/acuariosupremus.com\\\/wp-content\\\/uploads\\\/2021\\\/12\\\/cropped-logo_acuario_supremus_fn-2.png\",\"width\":1000,\"height\":318,\"caption\":\"Acuario Supremus\"},\"image\":{\"@id\":\"https:\\\/\\\/acuariosupremus.com\\\/#\\\/schema\\\/logo\\\/image\\\/\"},\"sameAs\":[\"https:\\\/\\\/www.facebook.com\\\/AcuarioSupremus\",\"https:\\\/\\\/x.com\\\/AcuarioSupremus\",\"https:\\\/\\\/www.instagram.com\\\/acuariosupremus\\\/?hl=es\"]}]}<\/script>\n<!-- \/ Yoast SEO plugin. -->","yoast_head_json":{"title":"REPUESTO PASTO PARA DOGGIE GRASS MINI | Acuario Supremus","description":"1 tapete de pasto sint\u00e9tico, para perro MINI.- anti-microbiano- Resistente a los malos olores- F\u00e1cil de lavar- No es toxico","robots":{"index":"index","follow":"follow","max-snippet":"max-snippet:-1","max-image-preview":"max-image-preview:large","max-video-preview":"max-video-preview:-1"},"canonical":"https:\/\/acuariosupremus.com\/?product=repuesto-pasto-para-doggie-grass-mini","og_locale":"es_MX","og_type":"article","og_title":"REPUESTO PASTO PARA DOGGIE GRASS MINI | Acuario Supremus","og_description":"1 tapete de pasto sint\u00e9tico, para perro MINI.- anti-microbiano- Resistente a los malos olores- F\u00e1cil de lavar- No es toxico","og_url":"https:\/\/acuariosupremus.com\/?product=repuesto-pasto-para-doggie-grass-mini","og_site_name":"Acuario Supremus","article_publisher":"https:\/\/www.facebook.com\/AcuarioSupremus","article_modified_time":"2026-04-16T20:11:11+00:00","og_image":[{"width":510,"height":637,"url":"https:\/\/acuariosupremus.com\/wp-content\/uploads\/2026\/04\/FL8394-1.jpg","type":"image\/jpeg"}],"twitter_card":"summary_large_image","twitter_site":"@AcuarioSupremus","twitter_misc":{"Tiempo de lectura":"1 minuto"},"schema":{"@context":"https:\/\/schema.org","@graph":[{"@type":"WebPage","@id":"https:\/\/acuariosupremus.com\/?product=repuesto-pasto-para-doggie-grass-mini","url":"https:\/\/acuariosupremus.com\/?product=repuesto-pasto-para-doggie-grass-mini","name":"REPUESTO PASTO PARA DOGGIE GRASS MINI | Acuario Supremus","isPartOf":{"@id":"https:\/\/acuariosupremus.com\/#website"},"primaryImageOfPage":{"@id":"https:\/\/acuariosupremus.com\/?product=repuesto-pasto-para-doggie-grass-mini#primaryimage"},"image":{"@id":"https:\/\/acuariosupremus.com\/?product=repuesto-pasto-para-doggie-grass-mini#primaryimage"},"thumbnailUrl":"https:\/\/acuariosupremus.com\/wp-content\/uploads\/2026\/04\/FL8394-1.jpg","datePublished":"2026-04-16T20:04:13+00:00","dateModified":"2026-04-16T20:11:11+00:00","description":"1 tapete de pasto sint\u00e9tico, para perro MINI.- anti-microbiano- Resistente a los malos olores- F\u00e1cil de lavar- No es toxico","breadcrumb":{"@id":"https:\/\/acuariosupremus.com\/?product=repuesto-pasto-para-doggie-grass-mini#breadcrumb"},"inLanguage":"es","potentialAction":[{"@type":"ReadAction","target":["https:\/\/acuariosupremus.com\/?product=repuesto-pasto-para-doggie-grass-mini"]}]},{"@type":"ImageObject","inLanguage":"es","@id":"https:\/\/acuariosupremus.com\/?product=repuesto-pasto-para-doggie-grass-mini#primaryimage","url":"https:\/\/acuariosupremus.com\/wp-content\/uploads\/2026\/04\/FL8394-1.jpg","contentUrl":"https:\/\/acuariosupremus.com\/wp-content\/uploads\/2026\/04\/FL8394-1.jpg","width":510,"height":637},{"@type":"BreadcrumbList","@id":"https:\/\/acuariosupremus.com\/?product=repuesto-pasto-para-doggie-grass-mini#breadcrumb","itemListElement":[{"@type":"ListItem","position":1,"name":"Portada","item":"https:\/\/acuariosupremus.com\/"},{"@type":"ListItem","position":2,"name":"Tienda","item":"https:\/\/acuariosupremus.com\/tienda\/"},{"@type":"ListItem","position":3,"name":"REPUESTO PASTO PARA DOGGIE GRASS MINI"}]},{"@type":"WebSite","@id":"https:\/\/acuariosupremus.com\/#website","url":"https:\/\/acuariosupremus.com\/","name":"Acuario Supremus","description":"Peces, Peceras y Mascotas.","publisher":{"@id":"https:\/\/acuariosupremus.com\/#organization"},"potentialAction":[{"@type":"SearchAction","target":{"@type":"EntryPoint","urlTemplate":"https:\/\/acuariosupremus.com\/?s={search_term_string}"},"query-input":{"@type":"PropertyValueSpecification","valueRequired":true,"valueName":"search_term_string"}}],"inLanguage":"es"},{"@type":"Organization","@id":"https:\/\/acuariosupremus.com\/#organization","name":"Acuario Supremus","url":"https:\/\/acuariosupremus.com\/","logo":{"@type":"ImageObject","inLanguage":"es","@id":"https:\/\/acuariosupremus.com\/#\/schema\/logo\/image\/","url":"https:\/\/acuariosupremus.com\/wp-content\/uploads\/2021\/12\/cropped-logo_acuario_supremus_fn-2.png","contentUrl":"https:\/\/acuariosupremus.com\/wp-content\/uploads\/2021\/12\/cropped-logo_acuario_supremus_fn-2.png","width":1000,"height":318,"caption":"Acuario Supremus"},"image":{"@id":"https:\/\/acuariosupremus.com\/#\/schema\/logo\/image\/"},"sameAs":["https:\/\/www.facebook.com\/AcuarioSupremus","https:\/\/x.com\/AcuarioSupremus","https:\/\/www.instagram.com\/acuariosupremus\/?hl=es"]}]}},"jetpack_sharing_enabled":true,"_links":{"self":[{"href":"https:\/\/acuariosupremus.com\/index.php?rest_route=\/wp\/v2\/product\/15804","targetHints":{"allow":["GET"]}}],"collection":[{"href":"https:\/\/acuariosupremus.com\/index.php?rest_route=\/wp\/v2\/product"}],"about":[{"href":"https:\/\/acuariosupremus.com\/index.php?rest_route=\/wp\/v2\/types\/product"}],"wp:featuredmedia":[{"embeddable":true,"href":"https:\/\/acuariosupremus.com\/index.php?rest_route=\/wp\/v2\/media\/15805"}],"wp:attachment":[{"href":"https:\/\/acuariosupremus.com\/index.php?rest_route=%2Fwp%2Fv2%2Fmedia&parent=15804"}],"wp:term":[{"taxonomy":"product_brand","embeddable":true,"href":"https:\/\/acuariosupremus.com\/index.php?rest_route=%2Fwp%2Fv2%2Fproduct_brand&post=15804"},{"taxonomy":"product_cat","embeddable":true,"href":"https:\/\/acuariosupremus.com\/index.php?rest_route=%2Fwp%2Fv2%2Fproduct_cat&post=15804"},{"taxonomy":"product_tag","embeddable":true,"href":"https:\/\/acuariosupremus.com\/index.php?rest_route=%2Fwp%2Fv2%2Fproduct_tag&post=15804"}],"curies":[{"name":"wp","href":"https:\/\/api.w.org\/{rel}","templated":true}]}}