{"id":1583,"date":"2022-01-31T16:46:09","date_gmt":"2022-01-31T22:46:09","guid":{"rendered":"https:\/\/acuariosupremus.com\/?post_type=product&#038;p=1583"},"modified":"2026-04-22T14:46:15","modified_gmt":"2026-04-22T20:46:15","slug":"filtro-aquaclear-50-gal190-lts","status":"publish","type":"product","link":"https:\/\/acuariosupremus.com\/?product=filtro-aquaclear-50-gal190-lts","title":{"rendered":"FILTRO AQUACLEAR 50 GAL(190 Lts)."},"content":{"rendered":"<p>Control de flujo patentado: Esta caracter\u00edstica permite que el rendimiento de AquaClear se ajuste a un volumen o tipo<br \/>\nespec\u00edfico de acuario. Proporciona un ambiente \u00f3ptimo para los peces que prefieren un movimiento regular del agua y a su vez se puede reducir el flujo de agua cuando se les da de comer. Este Control de Flujo Patentado ofrece hasta un 66% de<br \/>\nreducci\u00f3n del m\u00e1ximo flujo de entrada mientras hace uso completo del motor del filtro. El motor bombea continuamente.<br \/>\nSistema de reflitrado: Este sistema patentado de refiltrado controla el flujo promedio sin afectar la eficiencia del proceso de<br \/>\nfiltraci\u00f3n. Cuando se reduce el flujo, la rejilla de refiltrado re-circula el agua por el filtro para maximizar el rendimiento<br \/>\naumentando el tiempo de contacto. Puede procesar hasta un 50% del agua que se halla en la c\u00e1mara varias veces y lograr un<br \/>\nacuario biol\u00f3gicamente estable, limpio y saludable.<br \/>\nFiltraci\u00f3n Mec\u00e1nica | Foamex Su gran superficie permite atrapar f\u00e1cilmente part\u00edculas y residuos. Ayuda a mantener el filtrado biol\u00f3gico. Ideal para acuarios de agua dulce o salada.<br \/>\nFiltraci\u00f3n Qu\u00edmica | Carb\u00f3n Activado Absorbe los malos olores y las impurezas. Mejora la claridad del agua y el color. Para<br \/>\nacuarios de agua dulce o salada.<br \/>\nBiol\u00f3gico. Biomax | Filtraci\u00f3n Biol\u00f3gica Aumenta la eficacia de filtrado biol\u00f3gico en un 30%. Aumenta la capacidad biol\u00f3gica de filtros para acuarios. Mantiene unas condiciones adecuadas para las bacterias beneficiosos. Reduce amon\u00edaco y nitritos. Para acuarios de agua dulce o salada.<\/p>\n<p>Especificaciones:<br \/>\nModelo 50<br \/>\nFlujo m\u00e1ximo L\/H 757l<br \/>\nFlujo m\u00ednimo L\/H 250L<br \/>\nApto para acuarios hasta 190 L<br \/>\nPotencia 6 W<\/p>\n<p>Medidas:<br \/>\n17.5 cm largo x 10.5 cm grosor x 15 cm alto<\/p>\n<p>Capacidad:<br \/>\n<strong>200 \/50 gal max.<\/strong><\/p>\n","protected":false},"excerpt":{"rendered":"<p>El sistema de filtraci\u00f3n de AquaClear utiliza todo el potencial del filtro, de forma que asegura el empleo total del volumen del mismo. Su dise\u00f1o maximiza todo su eficiencia. Promueve la recirculaci\u00f3n del agua y permite un f\u00e1cil intercambio de sus componentes.<\/p>\n","protected":false},"featured_media":1584,"template":"","meta":[],"product_brand":[112],"product_cat":[40,47],"product_tag":[191,195,187,186,183],"class_list":{"0":"post-1583","1":"product","2":"type-product","3":"status-publish","4":"has-post-thumbnail","6":"product_brand-hagen","7":"product_cat-peces","8":"product_cat-filtros-externos","9":"product_tag-aquaclear","10":"product_tag-filtracion-biologica","11":"product_tag-filtro-de-cascada","12":"product_tag-filtro-externo","13":"product_tag-hagen","15":"first","16":"instock","17":"sale","18":"shipping-taxable","19":"purchasable","20":"product-type-simple"},"yoast_head":"<!-- This site is optimized with the Yoast SEO plugin v27.4 - https:\/\/yoast.com\/product\/yoast-seo-wordpress\/ -->\n<title>FILTRO AQUACLEAR 50 GAL(190 Lts). | Acuario Supremus<\/title>\n<meta name=\"description\" content=\"Sistema de filtraci\u00f3n cascada multi etapas AquaClear con capacidad de 80 a 190 litros, Brinda filtraci\u00f3n mec\u00e1nica, qu\u00edmica y biol\u00f3gica.\" \/>\n<meta name=\"robots\" content=\"index, follow, max-snippet:-1, max-image-preview:large, max-video-preview:-1\" \/>\n<link rel=\"canonical\" href=\"https:\/\/acuariosupremus.com\/?product=filtro-aquaclear-50-gal190-lts\" \/>\n<meta property=\"og:locale\" content=\"es_MX\" \/>\n<meta property=\"og:type\" content=\"article\" \/>\n<meta property=\"og:title\" content=\"FILTRO AQUACLEAR 50 GAL(190 Lts). | Acuario Supremus\" \/>\n<meta property=\"og:description\" content=\"Sistema de filtraci\u00f3n cascada multi etapas AquaClear con capacidad de 80 a 190 litros, Brinda filtraci\u00f3n mec\u00e1nica, qu\u00edmica y biol\u00f3gica.\" \/>\n<meta property=\"og:url\" content=\"https:\/\/acuariosupremus.com\/?product=filtro-aquaclear-50-gal190-lts\" \/>\n<meta property=\"og:site_name\" content=\"Acuario Supremus\" \/>\n<meta property=\"article:publisher\" content=\"https:\/\/www.facebook.com\/AcuarioSupremus\" \/>\n<meta property=\"article:modified_time\" content=\"2026-04-22T20:46:15+00:00\" \/>\n<meta property=\"og:image\" content=\"https:\/\/acuariosupremus.com\/wp-content\/uploads\/2022\/01\/HA610.jpg\" \/>\n\t<meta property=\"og:image:width\" content=\"1000\" \/>\n\t<meta property=\"og:image:height\" content=\"1000\" \/>\n\t<meta property=\"og:image:type\" content=\"image\/jpeg\" \/>\n<meta name=\"twitter:card\" content=\"summary_large_image\" \/>\n<meta name=\"twitter:site\" content=\"@AcuarioSupremus\" \/>\n<meta name=\"twitter:label1\" content=\"Tiempo de lectura\" \/>\n\t<meta name=\"twitter:data1\" content=\"1 minuto\" \/>\n<script type=\"application\/ld+json\" class=\"yoast-schema-graph\">{\"@context\":\"https:\\\/\\\/schema.org\",\"@graph\":[{\"@type\":\"WebPage\",\"@id\":\"https:\\\/\\\/acuariosupremus.com\\\/?product=filtro-aquaclear-50-gal190-lts\",\"url\":\"https:\\\/\\\/acuariosupremus.com\\\/?product=filtro-aquaclear-50-gal190-lts\",\"name\":\"FILTRO AQUACLEAR 50 GAL(190 Lts). | Acuario Supremus\",\"isPartOf\":{\"@id\":\"https:\\\/\\\/acuariosupremus.com\\\/#website\"},\"primaryImageOfPage\":{\"@id\":\"https:\\\/\\\/acuariosupremus.com\\\/?product=filtro-aquaclear-50-gal190-lts#primaryimage\"},\"image\":{\"@id\":\"https:\\\/\\\/acuariosupremus.com\\\/?product=filtro-aquaclear-50-gal190-lts#primaryimage\"},\"thumbnailUrl\":\"https:\\\/\\\/acuariosupremus.com\\\/wp-content\\\/uploads\\\/2022\\\/01\\\/HA610.jpg\",\"datePublished\":\"2022-01-31T22:46:09+00:00\",\"dateModified\":\"2026-04-22T20:46:15+00:00\",\"description\":\"Sistema de filtraci\u00f3n cascada multi etapas AquaClear con capacidad de 80 a 190 litros, Brinda filtraci\u00f3n mec\u00e1nica, qu\u00edmica y biol\u00f3gica.\",\"breadcrumb\":{\"@id\":\"https:\\\/\\\/acuariosupremus.com\\\/?product=filtro-aquaclear-50-gal190-lts#breadcrumb\"},\"inLanguage\":\"es\",\"potentialAction\":[{\"@type\":\"ReadAction\",\"target\":[\"https:\\\/\\\/acuariosupremus.com\\\/?product=filtro-aquaclear-50-gal190-lts\"]}]},{\"@type\":\"ImageObject\",\"inLanguage\":\"es\",\"@id\":\"https:\\\/\\\/acuariosupremus.com\\\/?product=filtro-aquaclear-50-gal190-lts#primaryimage\",\"url\":\"https:\\\/\\\/acuariosupremus.com\\\/wp-content\\\/uploads\\\/2022\\\/01\\\/HA610.jpg\",\"contentUrl\":\"https:\\\/\\\/acuariosupremus.com\\\/wp-content\\\/uploads\\\/2022\\\/01\\\/HA610.jpg\",\"width\":1000,\"height\":1000},{\"@type\":\"BreadcrumbList\",\"@id\":\"https:\\\/\\\/acuariosupremus.com\\\/?product=filtro-aquaclear-50-gal190-lts#breadcrumb\",\"itemListElement\":[{\"@type\":\"ListItem\",\"position\":1,\"name\":\"Portada\",\"item\":\"https:\\\/\\\/acuariosupremus.com\\\/\"},{\"@type\":\"ListItem\",\"position\":2,\"name\":\"Tienda\",\"item\":\"https:\\\/\\\/acuariosupremus.com\\\/tienda\\\/\"},{\"@type\":\"ListItem\",\"position\":3,\"name\":\"FILTRO AQUACLEAR 50 GAL(190 Lts).\"}]},{\"@type\":\"WebSite\",\"@id\":\"https:\\\/\\\/acuariosupremus.com\\\/#website\",\"url\":\"https:\\\/\\\/acuariosupremus.com\\\/\",\"name\":\"Acuario Supremus\",\"description\":\"Peces, Peceras y Mascotas.\",\"publisher\":{\"@id\":\"https:\\\/\\\/acuariosupremus.com\\\/#organization\"},\"potentialAction\":[{\"@type\":\"SearchAction\",\"target\":{\"@type\":\"EntryPoint\",\"urlTemplate\":\"https:\\\/\\\/acuariosupremus.com\\\/?s={search_term_string}\"},\"query-input\":{\"@type\":\"PropertyValueSpecification\",\"valueRequired\":true,\"valueName\":\"search_term_string\"}}],\"inLanguage\":\"es\"},{\"@type\":\"Organization\",\"@id\":\"https:\\\/\\\/acuariosupremus.com\\\/#organization\",\"name\":\"Acuario Supremus\",\"url\":\"https:\\\/\\\/acuariosupremus.com\\\/\",\"logo\":{\"@type\":\"ImageObject\",\"inLanguage\":\"es\",\"@id\":\"https:\\\/\\\/acuariosupremus.com\\\/#\\\/schema\\\/logo\\\/image\\\/\",\"url\":\"https:\\\/\\\/acuariosupremus.com\\\/wp-content\\\/uploads\\\/2021\\\/12\\\/cropped-logo_acuario_supremus_fn-2.png\",\"contentUrl\":\"https:\\\/\\\/acuariosupremus.com\\\/wp-content\\\/uploads\\\/2021\\\/12\\\/cropped-logo_acuario_supremus_fn-2.png\",\"width\":1000,\"height\":318,\"caption\":\"Acuario Supremus\"},\"image\":{\"@id\":\"https:\\\/\\\/acuariosupremus.com\\\/#\\\/schema\\\/logo\\\/image\\\/\"},\"sameAs\":[\"https:\\\/\\\/www.facebook.com\\\/AcuarioSupremus\",\"https:\\\/\\\/x.com\\\/AcuarioSupremus\",\"https:\\\/\\\/www.instagram.com\\\/acuariosupremus\\\/?hl=es\"]}]}<\/script>\n<!-- \/ Yoast SEO plugin. -->","yoast_head_json":{"title":"FILTRO AQUACLEAR 50 GAL(190 Lts). | Acuario Supremus","description":"Sistema de filtraci\u00f3n cascada multi etapas AquaClear con capacidad de 80 a 190 litros, Brinda filtraci\u00f3n mec\u00e1nica, qu\u00edmica y biol\u00f3gica.","robots":{"index":"index","follow":"follow","max-snippet":"max-snippet:-1","max-image-preview":"max-image-preview:large","max-video-preview":"max-video-preview:-1"},"canonical":"https:\/\/acuariosupremus.com\/?product=filtro-aquaclear-50-gal190-lts","og_locale":"es_MX","og_type":"article","og_title":"FILTRO AQUACLEAR 50 GAL(190 Lts). | Acuario Supremus","og_description":"Sistema de filtraci\u00f3n cascada multi etapas AquaClear con capacidad de 80 a 190 litros, Brinda filtraci\u00f3n mec\u00e1nica, qu\u00edmica y biol\u00f3gica.","og_url":"https:\/\/acuariosupremus.com\/?product=filtro-aquaclear-50-gal190-lts","og_site_name":"Acuario Supremus","article_publisher":"https:\/\/www.facebook.com\/AcuarioSupremus","article_modified_time":"2026-04-22T20:46:15+00:00","og_image":[{"width":1000,"height":1000,"url":"https:\/\/acuariosupremus.com\/wp-content\/uploads\/2022\/01\/HA610.jpg","type":"image\/jpeg"}],"twitter_card":"summary_large_image","twitter_site":"@AcuarioSupremus","twitter_misc":{"Tiempo de lectura":"1 minuto"},"schema":{"@context":"https:\/\/schema.org","@graph":[{"@type":"WebPage","@id":"https:\/\/acuariosupremus.com\/?product=filtro-aquaclear-50-gal190-lts","url":"https:\/\/acuariosupremus.com\/?product=filtro-aquaclear-50-gal190-lts","name":"FILTRO AQUACLEAR 50 GAL(190 Lts). | Acuario Supremus","isPartOf":{"@id":"https:\/\/acuariosupremus.com\/#website"},"primaryImageOfPage":{"@id":"https:\/\/acuariosupremus.com\/?product=filtro-aquaclear-50-gal190-lts#primaryimage"},"image":{"@id":"https:\/\/acuariosupremus.com\/?product=filtro-aquaclear-50-gal190-lts#primaryimage"},"thumbnailUrl":"https:\/\/acuariosupremus.com\/wp-content\/uploads\/2022\/01\/HA610.jpg","datePublished":"2022-01-31T22:46:09+00:00","dateModified":"2026-04-22T20:46:15+00:00","description":"Sistema de filtraci\u00f3n cascada multi etapas AquaClear con capacidad de 80 a 190 litros, Brinda filtraci\u00f3n mec\u00e1nica, qu\u00edmica y biol\u00f3gica.","breadcrumb":{"@id":"https:\/\/acuariosupremus.com\/?product=filtro-aquaclear-50-gal190-lts#breadcrumb"},"inLanguage":"es","potentialAction":[{"@type":"ReadAction","target":["https:\/\/acuariosupremus.com\/?product=filtro-aquaclear-50-gal190-lts"]}]},{"@type":"ImageObject","inLanguage":"es","@id":"https:\/\/acuariosupremus.com\/?product=filtro-aquaclear-50-gal190-lts#primaryimage","url":"https:\/\/acuariosupremus.com\/wp-content\/uploads\/2022\/01\/HA610.jpg","contentUrl":"https:\/\/acuariosupremus.com\/wp-content\/uploads\/2022\/01\/HA610.jpg","width":1000,"height":1000},{"@type":"BreadcrumbList","@id":"https:\/\/acuariosupremus.com\/?product=filtro-aquaclear-50-gal190-lts#breadcrumb","itemListElement":[{"@type":"ListItem","position":1,"name":"Portada","item":"https:\/\/acuariosupremus.com\/"},{"@type":"ListItem","position":2,"name":"Tienda","item":"https:\/\/acuariosupremus.com\/tienda\/"},{"@type":"ListItem","position":3,"name":"FILTRO AQUACLEAR 50 GAL(190 Lts)."}]},{"@type":"WebSite","@id":"https:\/\/acuariosupremus.com\/#website","url":"https:\/\/acuariosupremus.com\/","name":"Acuario Supremus","description":"Peces, Peceras y Mascotas.","publisher":{"@id":"https:\/\/acuariosupremus.com\/#organization"},"potentialAction":[{"@type":"SearchAction","target":{"@type":"EntryPoint","urlTemplate":"https:\/\/acuariosupremus.com\/?s={search_term_string}"},"query-input":{"@type":"PropertyValueSpecification","valueRequired":true,"valueName":"search_term_string"}}],"inLanguage":"es"},{"@type":"Organization","@id":"https:\/\/acuariosupremus.com\/#organization","name":"Acuario Supremus","url":"https:\/\/acuariosupremus.com\/","logo":{"@type":"ImageObject","inLanguage":"es","@id":"https:\/\/acuariosupremus.com\/#\/schema\/logo\/image\/","url":"https:\/\/acuariosupremus.com\/wp-content\/uploads\/2021\/12\/cropped-logo_acuario_supremus_fn-2.png","contentUrl":"https:\/\/acuariosupremus.com\/wp-content\/uploads\/2021\/12\/cropped-logo_acuario_supremus_fn-2.png","width":1000,"height":318,"caption":"Acuario Supremus"},"image":{"@id":"https:\/\/acuariosupremus.com\/#\/schema\/logo\/image\/"},"sameAs":["https:\/\/www.facebook.com\/AcuarioSupremus","https:\/\/x.com\/AcuarioSupremus","https:\/\/www.instagram.com\/acuariosupremus\/?hl=es"]}]}},"jetpack_sharing_enabled":true,"_links":{"self":[{"href":"https:\/\/acuariosupremus.com\/index.php?rest_route=\/wp\/v2\/product\/1583","targetHints":{"allow":["GET"]}}],"collection":[{"href":"https:\/\/acuariosupremus.com\/index.php?rest_route=\/wp\/v2\/product"}],"about":[{"href":"https:\/\/acuariosupremus.com\/index.php?rest_route=\/wp\/v2\/types\/product"}],"wp:featuredmedia":[{"embeddable":true,"href":"https:\/\/acuariosupremus.com\/index.php?rest_route=\/wp\/v2\/media\/1584"}],"wp:attachment":[{"href":"https:\/\/acuariosupremus.com\/index.php?rest_route=%2Fwp%2Fv2%2Fmedia&parent=1583"}],"wp:term":[{"taxonomy":"product_brand","embeddable":true,"href":"https:\/\/acuariosupremus.com\/index.php?rest_route=%2Fwp%2Fv2%2Fproduct_brand&post=1583"},{"taxonomy":"product_cat","embeddable":true,"href":"https:\/\/acuariosupremus.com\/index.php?rest_route=%2Fwp%2Fv2%2Fproduct_cat&post=1583"},{"taxonomy":"product_tag","embeddable":true,"href":"https:\/\/acuariosupremus.com\/index.php?rest_route=%2Fwp%2Fv2%2Fproduct_tag&post=1583"}],"curies":[{"name":"wp","href":"https:\/\/api.w.org\/{rel}","templated":true}]}}