{"id":15836,"date":"2026-04-16T17:58:58","date_gmt":"2026-04-16T23:58:58","guid":{"rendered":"https:\/\/acuariosupremus.com\/?post_type=product&#038;p=15836"},"modified":"2026-04-16T17:58:58","modified_gmt":"2026-04-16T23:58:58","slug":"sustrato-de-papel-soft-and-care-24-l","status":"publish","type":"product","link":"https:\/\/acuariosupremus.com\/?product=sustrato-de-papel-soft-and-care-24-l","title":{"rendered":"SUSTRATO DE PAPEL SOFT AND CARE 24 L"},"content":{"rendered":"<div id=\"tab-label-product.info.ingredientes.modo.de.uso\" class=\"data item title active\" tabindex=\"0\" role=\"tab\" aria-labeledby=\"tab-label-product.info.ingredientes.modo.de.uso-title\" data-role=\"collapsible\" data-collapsible=\"true\" aria-controls=\"product.info.ingredientes.modo.de.uso\" aria-selected=\"true\" aria-expanded=\"true\">MODO DE USO \/ PRECAUCIONES Y ADVERTENCIAS:<\/div>\n<div id=\"product.info.ingredientes.modo.de.uso\" class=\"data item content\" role=\"tabpanel\" data-role=\"content\" aria-labelledby=\"tab-label-product.info.ingredientes.modo.de.uso\" aria-hidden=\"false\">\n<div class=\"product attribute modo_de_uso_precuaciones_y_adv\">\n<div class=\"value\">Separe o desmenuce el sustrato con las manos para volumen y distrib\u00fayalo uniformemente dentro del h\u00e1bitat hasta alcanzar una profundidad de entre 3 y 8 cm, seg\u00fan las necesidades de la especie y su nivel de actividad. Reemplace el sustrato por completo al menos una vez por semana y limpie el h\u00e1bitat con una soluci\u00f3n de jab\u00f3n suave, enjuagando perfectamente antes de agregar una nueva cama. Mantenga el producto en un lugar seco, lejos de la humedad y fuera del alcance de los ni\u00f1os. Aunque el material es no t\u00f3xico y no despinta, se recomienda supervisar a la mascota para evitar la ingesti\u00f3n excesiva de papel o el contacto con \u00e1reas h\u00famedas mal ventiladas. Ajuste la cantidad de sustrato seg\u00fan el comportamiento natural del animal, especialmente en especies que anidan o excavan con mayor frecuencia. Este producto est\u00e1 destinado exclusivamente para uso con peque\u00f1os mam\u00edferos y el manejo es responsabilidad del tutor. En caso de duda sobre las necesidades de su mascota, consulte al m\u00e9dico veterinario.<\/div>\n<div>\n<div id=\"tab-label-additional\" class=\"data item title active\" tabindex=\"0\" role=\"tab\" aria-labeledby=\"tab-label-additional-title\" data-role=\"collapsible\" data-collapsible=\"true\" aria-controls=\"additional\" aria-selected=\"true\" aria-expanded=\"true\">CARACTER\u00cdSTICAS:<\/div>\n<div id=\"additional\" class=\"data item content\" role=\"tabpanel\" data-role=\"content\" aria-labelledby=\"tab-label-additional\" aria-hidden=\"false\">\n<div class=\"additional-attributes-wrapper table-wrapper\">Capacidad:24 L,\u00a0 Contenido neto:1 pza,\u00a0 \u00a0color:blanco\/azul,\u00a0 \u00a0Marca: Redkite,\u00a0 \u00a0Especie:\u00a0 Peque\u00f1os Mam\u00edferos,\u00a0 \u00a0Material100% papel,\u00a0 Medidas21 x 21 x 11 cm.<\/div>\n<\/div>\n<\/div>\n<\/div>\n<\/div>\n","protected":false},"excerpt":{"rendered":"<div id=\"tab-label-description\" class=\"data item title active\" tabindex=\"0\" role=\"tab\" aria-labeledby=\"tab-label-description-title\" data-role=\"collapsible\" data-collapsible=\"true\" aria-controls=\"description\" aria-selected=\"false\" aria-expanded=\"true\">DESCRIPCI\u00d3N:<\/div>\n<div id=\"description\" class=\"data item content\" role=\"tabpanel\" data-role=\"content\" aria-labelledby=\"tab-label-description\" aria-hidden=\"false\">\n<div class=\"product attribute description\">\n<div class=\"value\">\n<p>El sustrato de papel compacto RedKite Soft&amp;Care es la elecci\u00f3n ideal para crear un h\u00e1bitat higi\u00e9nico, c\u00f3modo y funcional para peque\u00f1os mam\u00edferos como h\u00e1msters, jerbos, conejos, chinchillas, erizos terrestres, cobayas, cuyos y hurones. Dise\u00f1ados con papel expandible altamente absorbente, este bedding para peque\u00f1os mam\u00edferos ofrece hasta siete veces su peso en absorci\u00f3n, libre de polvo y un eficaz sistema de control de olores, permitiendo un entorno m\u00e1s limpio y saludable. Antes de colocarlo en su h\u00e1bitat es importante desmenuzarlo para expandirlo. Recomendamos colocar entre 3 y 8 cm de profundidad del sustrato dentro del h\u00e1bitat para fomentar los instintos naturales de los animales \u2013 como anidar, forrajear y explorar \u2013 refuerza la noci\u00f3n de enriquecimiento ambiental dentro del h\u00e1bitat. Disponible en presentaciones de 24L y 48L, este sustrato combina practicidad, confort y bienestar responsable para un refugio apropiado para la mascota.<\/p>\n<div id=\"tab-label-product.info.beneficios\" class=\"data item title active\" tabindex=\"0\" role=\"tab\" aria-labeledby=\"tab-label-product.info.beneficios-title\" data-role=\"collapsible\" data-collapsible=\"true\" aria-controls=\"product.info.beneficios\" aria-selected=\"true\" aria-expanded=\"true\">BENEFICIOS:<\/div>\n<div id=\"product.info.beneficios\" class=\"data item content\" role=\"tabpanel\" data-role=\"content\" aria-labelledby=\"tab-label-product.info.beneficios\" aria-hidden=\"false\">\n<div class=\"product attribute beneficios\">\n<div class=\"value\">M\u00c1XIMA ABSORBENCIA Y CONTROL DE HUMEDAD: El papel expandible hasta 3 veces su tama\u00f1o, absorbe hasta siete veces su peso en agua, ayudando a mantener el h\u00e1bitat seco por m\u00e1s tiempo y reduciendo la proliferaci\u00f3n de humedad que afecta la comodidad y salud del peque\u00f1o mam\u00edfero. H\u00c1BITAT HIGI\u00c9NICO Y DE F\u00c1CIL MANTENIMIENTO: Su composici\u00f3n 99.9% libre de polvo favorece un ambiente m\u00e1s limpio, disminuye la acumulaci\u00f3n de part\u00edculas y facilita las rutinas de limpieza semanal del tutor, manteniendo una mejor calidad del aire dentro del terrario o jaula. PROMUEVE COMPORTAMIENTO NATURAL Y ENRIQUECIMIENTO AMBIENTAL: La textura suave y su volumen expandible permiten que el animal anide, escarbe, explore y forrajee como lo har\u00eda en la naturaleza, contribuyendo a su bienestar f\u00edsico y mental. CONTROL DE OLORES PARA UN AMBIENTE M\u00c1S FRESCO: Su capacidad de retenci\u00f3n y encapsulamiento de humedad ayuda a disminuir olores no deseados, manteniendo un espacio m\u00e1s agradable tanto para la mascota como para el tutor. MATERIAL SEGURO Y SUAVE PARA PIELES SENSIBLES: El papel no t\u00f3xico, libre de tintes desprendibles, brinda una superficie c\u00f3moda y segura, ideal para especies con piel delicada y necesidades espec\u00edficas de confort. SUS ATRACTIVOS COLORES CONSERVAN SU TONALIDAD: Su pigmentaci\u00f3n -blanca y azul &#8211; permanece estable y no se desvanece al contacto con la saliva o la orina de los peque\u00f1os mam\u00edferos.<\/div>\n<\/div>\n<\/div>\n<\/div>\n<\/div>\n<\/div>\n","protected":false},"featured_media":15837,"template":"","meta":[],"product_brand":[104],"product_cat":[67,69],"product_tag":[1041,284],"class_list":{"0":"post-15836","1":"product","2":"type-product","3":"status-publish","4":"has-post-thumbnail","6":"product_brand-redkite","7":"product_cat-pequenos-mamiferos","8":"product_cat-habitad-pequenos-mamiferos","9":"product_tag-sustrato-papel","10":"product_tag-sustrato-para-roedores","12":"first","13":"instock","14":"sale","15":"shipping-taxable","16":"purchasable","17":"product-type-simple"},"yoast_head":"<!-- This site is optimized with the Yoast SEO plugin v27.4 - https:\/\/yoast.com\/product\/yoast-seo-wordpress\/ -->\n<title>SUSTRATO DE PAPEL SOFT AND CARE 24 L | Acuario Supremus<\/title>\n<meta name=\"description\" content=\"El sustrato de papel 24 L compacto RedKite Soft&amp;Care es la elecci\u00f3n ideal para crear un h\u00e1bitat higi\u00e9nico, c\u00f3modo y funcional para peque\u00f1os mam\u00edferos\" \/>\n<meta name=\"robots\" content=\"index, follow, max-snippet:-1, max-image-preview:large, max-video-preview:-1\" \/>\n<link rel=\"canonical\" href=\"https:\/\/acuariosupremus.com\/?product=sustrato-de-papel-soft-and-care-24-l\" \/>\n<meta property=\"og:locale\" content=\"es_MX\" \/>\n<meta property=\"og:type\" content=\"article\" \/>\n<meta property=\"og:title\" content=\"SUSTRATO DE PAPEL SOFT AND CARE 24 L | Acuario Supremus\" \/>\n<meta property=\"og:description\" content=\"El sustrato de papel 24 L compacto RedKite Soft&amp;Care es la elecci\u00f3n ideal para crear un h\u00e1bitat higi\u00e9nico, c\u00f3modo y funcional para peque\u00f1os mam\u00edferos\" \/>\n<meta property=\"og:url\" content=\"https:\/\/acuariosupremus.com\/?product=sustrato-de-papel-soft-and-care-24-l\" \/>\n<meta property=\"og:site_name\" content=\"Acuario Supremus\" \/>\n<meta property=\"article:publisher\" content=\"https:\/\/www.facebook.com\/AcuarioSupremus\" \/>\n<meta property=\"og:image\" content=\"https:\/\/acuariosupremus.com\/wp-content\/uploads\/2026\/04\/FL9691.jpg\" \/>\n\t<meta property=\"og:image:width\" content=\"1000\" \/>\n\t<meta property=\"og:image:height\" content=\"1000\" \/>\n\t<meta property=\"og:image:type\" content=\"image\/jpeg\" \/>\n<meta name=\"twitter:card\" content=\"summary_large_image\" \/>\n<meta name=\"twitter:site\" content=\"@AcuarioSupremus\" \/>\n<meta name=\"twitter:label1\" content=\"Tiempo de lectura\" \/>\n\t<meta name=\"twitter:data1\" content=\"2 minutos\" \/>\n<script type=\"application\/ld+json\" class=\"yoast-schema-graph\">{\"@context\":\"https:\\\/\\\/schema.org\",\"@graph\":[{\"@type\":\"WebPage\",\"@id\":\"https:\\\/\\\/acuariosupremus.com\\\/?product=sustrato-de-papel-soft-and-care-24-l\",\"url\":\"https:\\\/\\\/acuariosupremus.com\\\/?product=sustrato-de-papel-soft-and-care-24-l\",\"name\":\"SUSTRATO DE PAPEL SOFT AND CARE 24 L | Acuario Supremus\",\"isPartOf\":{\"@id\":\"https:\\\/\\\/acuariosupremus.com\\\/#website\"},\"primaryImageOfPage\":{\"@id\":\"https:\\\/\\\/acuariosupremus.com\\\/?product=sustrato-de-papel-soft-and-care-24-l#primaryimage\"},\"image\":{\"@id\":\"https:\\\/\\\/acuariosupremus.com\\\/?product=sustrato-de-papel-soft-and-care-24-l#primaryimage\"},\"thumbnailUrl\":\"https:\\\/\\\/acuariosupremus.com\\\/wp-content\\\/uploads\\\/2026\\\/04\\\/FL9691.jpg\",\"datePublished\":\"2026-04-16T23:58:58+00:00\",\"description\":\"El sustrato de papel 24 L compacto RedKite Soft&Care es la elecci\u00f3n ideal para crear un h\u00e1bitat higi\u00e9nico, c\u00f3modo y funcional para peque\u00f1os mam\u00edferos\",\"breadcrumb\":{\"@id\":\"https:\\\/\\\/acuariosupremus.com\\\/?product=sustrato-de-papel-soft-and-care-24-l#breadcrumb\"},\"inLanguage\":\"es\",\"potentialAction\":[{\"@type\":\"ReadAction\",\"target\":[\"https:\\\/\\\/acuariosupremus.com\\\/?product=sustrato-de-papel-soft-and-care-24-l\"]}]},{\"@type\":\"ImageObject\",\"inLanguage\":\"es\",\"@id\":\"https:\\\/\\\/acuariosupremus.com\\\/?product=sustrato-de-papel-soft-and-care-24-l#primaryimage\",\"url\":\"https:\\\/\\\/acuariosupremus.com\\\/wp-content\\\/uploads\\\/2026\\\/04\\\/FL9691.jpg\",\"contentUrl\":\"https:\\\/\\\/acuariosupremus.com\\\/wp-content\\\/uploads\\\/2026\\\/04\\\/FL9691.jpg\",\"width\":1000,\"height\":1000},{\"@type\":\"BreadcrumbList\",\"@id\":\"https:\\\/\\\/acuariosupremus.com\\\/?product=sustrato-de-papel-soft-and-care-24-l#breadcrumb\",\"itemListElement\":[{\"@type\":\"ListItem\",\"position\":1,\"name\":\"Portada\",\"item\":\"https:\\\/\\\/acuariosupremus.com\\\/\"},{\"@type\":\"ListItem\",\"position\":2,\"name\":\"Tienda\",\"item\":\"https:\\\/\\\/acuariosupremus.com\\\/tienda\\\/\"},{\"@type\":\"ListItem\",\"position\":3,\"name\":\"SUSTRATO DE PAPEL SOFT AND CARE 24 L\"}]},{\"@type\":\"WebSite\",\"@id\":\"https:\\\/\\\/acuariosupremus.com\\\/#website\",\"url\":\"https:\\\/\\\/acuariosupremus.com\\\/\",\"name\":\"Acuario Supremus\",\"description\":\"Peces, Peceras y Mascotas.\",\"publisher\":{\"@id\":\"https:\\\/\\\/acuariosupremus.com\\\/#organization\"},\"potentialAction\":[{\"@type\":\"SearchAction\",\"target\":{\"@type\":\"EntryPoint\",\"urlTemplate\":\"https:\\\/\\\/acuariosupremus.com\\\/?s={search_term_string}\"},\"query-input\":{\"@type\":\"PropertyValueSpecification\",\"valueRequired\":true,\"valueName\":\"search_term_string\"}}],\"inLanguage\":\"es\"},{\"@type\":\"Organization\",\"@id\":\"https:\\\/\\\/acuariosupremus.com\\\/#organization\",\"name\":\"Acuario Supremus\",\"url\":\"https:\\\/\\\/acuariosupremus.com\\\/\",\"logo\":{\"@type\":\"ImageObject\",\"inLanguage\":\"es\",\"@id\":\"https:\\\/\\\/acuariosupremus.com\\\/#\\\/schema\\\/logo\\\/image\\\/\",\"url\":\"https:\\\/\\\/acuariosupremus.com\\\/wp-content\\\/uploads\\\/2021\\\/12\\\/cropped-logo_acuario_supremus_fn-2.png\",\"contentUrl\":\"https:\\\/\\\/acuariosupremus.com\\\/wp-content\\\/uploads\\\/2021\\\/12\\\/cropped-logo_acuario_supremus_fn-2.png\",\"width\":1000,\"height\":318,\"caption\":\"Acuario Supremus\"},\"image\":{\"@id\":\"https:\\\/\\\/acuariosupremus.com\\\/#\\\/schema\\\/logo\\\/image\\\/\"},\"sameAs\":[\"https:\\\/\\\/www.facebook.com\\\/AcuarioSupremus\",\"https:\\\/\\\/x.com\\\/AcuarioSupremus\",\"https:\\\/\\\/www.instagram.com\\\/acuariosupremus\\\/?hl=es\"]}]}<\/script>\n<!-- \/ Yoast SEO plugin. -->","yoast_head_json":{"title":"SUSTRATO DE PAPEL SOFT AND CARE 24 L | Acuario Supremus","description":"El sustrato de papel 24 L compacto RedKite Soft&Care es la elecci\u00f3n ideal para crear un h\u00e1bitat higi\u00e9nico, c\u00f3modo y funcional para peque\u00f1os mam\u00edferos","robots":{"index":"index","follow":"follow","max-snippet":"max-snippet:-1","max-image-preview":"max-image-preview:large","max-video-preview":"max-video-preview:-1"},"canonical":"https:\/\/acuariosupremus.com\/?product=sustrato-de-papel-soft-and-care-24-l","og_locale":"es_MX","og_type":"article","og_title":"SUSTRATO DE PAPEL SOFT AND CARE 24 L | Acuario Supremus","og_description":"El sustrato de papel 24 L compacto RedKite Soft&Care es la elecci\u00f3n ideal para crear un h\u00e1bitat higi\u00e9nico, c\u00f3modo y funcional para peque\u00f1os mam\u00edferos","og_url":"https:\/\/acuariosupremus.com\/?product=sustrato-de-papel-soft-and-care-24-l","og_site_name":"Acuario Supremus","article_publisher":"https:\/\/www.facebook.com\/AcuarioSupremus","og_image":[{"width":1000,"height":1000,"url":"https:\/\/acuariosupremus.com\/wp-content\/uploads\/2026\/04\/FL9691.jpg","type":"image\/jpeg"}],"twitter_card":"summary_large_image","twitter_site":"@AcuarioSupremus","twitter_misc":{"Tiempo de lectura":"2 minutos"},"schema":{"@context":"https:\/\/schema.org","@graph":[{"@type":"WebPage","@id":"https:\/\/acuariosupremus.com\/?product=sustrato-de-papel-soft-and-care-24-l","url":"https:\/\/acuariosupremus.com\/?product=sustrato-de-papel-soft-and-care-24-l","name":"SUSTRATO DE PAPEL SOFT AND CARE 24 L | Acuario Supremus","isPartOf":{"@id":"https:\/\/acuariosupremus.com\/#website"},"primaryImageOfPage":{"@id":"https:\/\/acuariosupremus.com\/?product=sustrato-de-papel-soft-and-care-24-l#primaryimage"},"image":{"@id":"https:\/\/acuariosupremus.com\/?product=sustrato-de-papel-soft-and-care-24-l#primaryimage"},"thumbnailUrl":"https:\/\/acuariosupremus.com\/wp-content\/uploads\/2026\/04\/FL9691.jpg","datePublished":"2026-04-16T23:58:58+00:00","description":"El sustrato de papel 24 L compacto RedKite Soft&Care es la elecci\u00f3n ideal para crear un h\u00e1bitat higi\u00e9nico, c\u00f3modo y funcional para peque\u00f1os mam\u00edferos","breadcrumb":{"@id":"https:\/\/acuariosupremus.com\/?product=sustrato-de-papel-soft-and-care-24-l#breadcrumb"},"inLanguage":"es","potentialAction":[{"@type":"ReadAction","target":["https:\/\/acuariosupremus.com\/?product=sustrato-de-papel-soft-and-care-24-l"]}]},{"@type":"ImageObject","inLanguage":"es","@id":"https:\/\/acuariosupremus.com\/?product=sustrato-de-papel-soft-and-care-24-l#primaryimage","url":"https:\/\/acuariosupremus.com\/wp-content\/uploads\/2026\/04\/FL9691.jpg","contentUrl":"https:\/\/acuariosupremus.com\/wp-content\/uploads\/2026\/04\/FL9691.jpg","width":1000,"height":1000},{"@type":"BreadcrumbList","@id":"https:\/\/acuariosupremus.com\/?product=sustrato-de-papel-soft-and-care-24-l#breadcrumb","itemListElement":[{"@type":"ListItem","position":1,"name":"Portada","item":"https:\/\/acuariosupremus.com\/"},{"@type":"ListItem","position":2,"name":"Tienda","item":"https:\/\/acuariosupremus.com\/tienda\/"},{"@type":"ListItem","position":3,"name":"SUSTRATO DE PAPEL SOFT AND CARE 24 L"}]},{"@type":"WebSite","@id":"https:\/\/acuariosupremus.com\/#website","url":"https:\/\/acuariosupremus.com\/","name":"Acuario Supremus","description":"Peces, Peceras y Mascotas.","publisher":{"@id":"https:\/\/acuariosupremus.com\/#organization"},"potentialAction":[{"@type":"SearchAction","target":{"@type":"EntryPoint","urlTemplate":"https:\/\/acuariosupremus.com\/?s={search_term_string}"},"query-input":{"@type":"PropertyValueSpecification","valueRequired":true,"valueName":"search_term_string"}}],"inLanguage":"es"},{"@type":"Organization","@id":"https:\/\/acuariosupremus.com\/#organization","name":"Acuario Supremus","url":"https:\/\/acuariosupremus.com\/","logo":{"@type":"ImageObject","inLanguage":"es","@id":"https:\/\/acuariosupremus.com\/#\/schema\/logo\/image\/","url":"https:\/\/acuariosupremus.com\/wp-content\/uploads\/2021\/12\/cropped-logo_acuario_supremus_fn-2.png","contentUrl":"https:\/\/acuariosupremus.com\/wp-content\/uploads\/2021\/12\/cropped-logo_acuario_supremus_fn-2.png","width":1000,"height":318,"caption":"Acuario Supremus"},"image":{"@id":"https:\/\/acuariosupremus.com\/#\/schema\/logo\/image\/"},"sameAs":["https:\/\/www.facebook.com\/AcuarioSupremus","https:\/\/x.com\/AcuarioSupremus","https:\/\/www.instagram.com\/acuariosupremus\/?hl=es"]}]}},"jetpack_sharing_enabled":true,"_links":{"self":[{"href":"https:\/\/acuariosupremus.com\/index.php?rest_route=\/wp\/v2\/product\/15836","targetHints":{"allow":["GET"]}}],"collection":[{"href":"https:\/\/acuariosupremus.com\/index.php?rest_route=\/wp\/v2\/product"}],"about":[{"href":"https:\/\/acuariosupremus.com\/index.php?rest_route=\/wp\/v2\/types\/product"}],"wp:featuredmedia":[{"embeddable":true,"href":"https:\/\/acuariosupremus.com\/index.php?rest_route=\/wp\/v2\/media\/15837"}],"wp:attachment":[{"href":"https:\/\/acuariosupremus.com\/index.php?rest_route=%2Fwp%2Fv2%2Fmedia&parent=15836"}],"wp:term":[{"taxonomy":"product_brand","embeddable":true,"href":"https:\/\/acuariosupremus.com\/index.php?rest_route=%2Fwp%2Fv2%2Fproduct_brand&post=15836"},{"taxonomy":"product_cat","embeddable":true,"href":"https:\/\/acuariosupremus.com\/index.php?rest_route=%2Fwp%2Fv2%2Fproduct_cat&post=15836"},{"taxonomy":"product_tag","embeddable":true,"href":"https:\/\/acuariosupremus.com\/index.php?rest_route=%2Fwp%2Fv2%2Fproduct_tag&post=15836"}],"curies":[{"name":"wp","href":"https:\/\/api.w.org\/{rel}","templated":true}]}}