{"id":15841,"date":"2026-04-16T18:30:35","date_gmt":"2026-04-17T00:30:35","guid":{"rendered":"https:\/\/acuariosupremus.com\/?post_type=product&#038;p=15841"},"modified":"2026-04-16T18:30:36","modified_gmt":"2026-04-17T00:30:36","slug":"ps-dentashield-premios-dentales-p-perro-200g","status":"publish","type":"product","link":"https:\/\/acuariosupremus.com\/?product=ps-dentashield-premios-dentales-p-perro-200g","title":{"rendered":"PS &#8211; DENTASHIELD PREMIOS DENTALES P\/PERRO 200G"},"content":{"rendered":"<div id=\"tab-label-product.info.ingredientes.formulacion\" class=\"data item title active\" tabindex=\"0\" role=\"tab\" aria-labeledby=\"tab-label-product.info.ingredientes.formulacion-title\" data-role=\"collapsible\" data-collapsible=\"true\" aria-controls=\"product.info.ingredientes.formulacion\" aria-selected=\"true\" aria-expanded=\"true\">INGREDIENTES\/FORMULACI\u00d3N:<\/div>\n<div id=\"product.info.ingredientes.formulacion\" class=\"data item content\" role=\"tabpanel\" data-role=\"content\" aria-labelledby=\"tab-label-product.info.ingredientes.formulacion\" aria-hidden=\"false\">\n<div class=\"product attribute ingredientes_formulacion\">\n<div class=\"value\">Arroz, ma\u00edz, grenetina, glicerina, agua, prote\u00edna vegetal, palatante (hidrolizado de h\u00edgado de pollo y\/o cerdo, levadura inactiva (Saccharomyces cerevisiae), BHT, \u00e1cido c\u00edtrico, \u00e1cido fosf\u00f3rico, sorbato de potasio, benzoato de sodio, \u00e1cido asc\u00f3rbico y agua), sorbitol, aceite vegetal, fibra de acacia, extracto de clorofila, sal, pulpa de aloe vera, extracto de romero, lecitina de soya, di\u00f3xido de titanio, hexametafosfato de sodio, propionato de calcio, sorbato de potasio, aceite esencial de hierbabuena, BHA y BHT como antioxidantes.rnHexametafosfato de sodio M\u00edn. 0.55%rnProte\u00edna cruda M\u00edn. 16%rnGrasa Cruda M\u00edn. 4%rnFibra Cruda M\u00e1x. 2%rnHumedad M\u00e1x. 16%<\/div>\n<div>\n<div id=\"tab-label-product.info.ingredientes.modo.de.uso\" class=\"data item title active\" tabindex=\"0\" role=\"tab\" aria-labeledby=\"tab-label-product.info.ingredientes.modo.de.uso-title\" data-role=\"collapsible\" data-collapsible=\"true\" aria-controls=\"product.info.ingredientes.modo.de.uso\" aria-selected=\"true\" aria-expanded=\"true\">MODO DE USO \/ PRECAUCIONES Y ADVERTENCIAS<\/div>\n<div id=\"product.info.ingredientes.modo.de.uso\" class=\"data item content\" role=\"tabpanel\" data-role=\"content\" aria-labelledby=\"tab-label-product.info.ingredientes.modo.de.uso\" aria-hidden=\"false\">\n<div class=\"product attribute modo_de_uso_precuaciones_y_adv\">\n<div class=\"value\">OSIS Y V\u00cdA DE ADMINISTRACI\u00d3N: Oral. Proporcione una pieza al d\u00eda. Administre diariamente para \u00f3ptimos resultados. rnADVERTENCIAS: Este producto no reemplaza la limpieza dental rutinaria de la mascota. Se pueden observar mejoras notables entre 3 y 8 semanas de uso continuo. No administre a cachorros menores a 9 meses de edad de razas chicas o cachorros menores a 6 meses de edad de razas medianas y grandes. La administraci\u00f3n de este producto es bajo supervisi\u00f3n y responsabilidad del due\u00f1o de la mascota. Ofrezca siempre agua fresca y potable al alcance de su mascota. Conserve el producto en su envase original. Mantenga el envase cerrado en un lugar limpio, seco y fresco. Prohibido el uso de este producto en la alimentaci\u00f3n de rumiantes. La acumulaci\u00f3n previa de placa dentobacteriana puede causar sangrado en las enc\u00edas; esto no es un efecto del producto. CONSULTE AL M\u00c9DICO VETERINARIO.<\/div>\n<\/div>\n<\/div>\n<\/div>\n<\/div>\n<\/div>\n","protected":false},"excerpt":{"rendered":"<div id=\"tab-label-description\" class=\"data item title active\" tabindex=\"0\" role=\"tab\" aria-labeledby=\"tab-label-description-title\" data-role=\"collapsible\" data-collapsible=\"true\" aria-controls=\"description\" aria-selected=\"false\" aria-expanded=\"true\">DESCRIPCI\u00d3N:<\/div>\n<div id=\"description\" class=\"data item content\" role=\"tabpanel\" data-role=\"content\" aria-labelledby=\"tab-label-description\" aria-hidden=\"false\">\n<div class=\"product attribute description\">\n<div class=\"value\">\n<p>Perfect Sense\u00ae DentaShield\u00ae es el premio dental s\u00faper premium que transforma la higiene bucal en un momento delicioso e irresistible para su perro. Fuente de prote\u00edna y formulado con ingredientes y activos de alta calidad, DentaShield va m\u00e1s all\u00e1 de un simple premio: ofrece cuidado avanzado para la salud oral de f\u00e1cil digesti\u00f3n, ayudando a su perro a mantener un aliento fresco y libre de sarro. Cada premio aporta 78.66kcal. N\u00famero de autorizaci\u00f3n: A \u2013 7290 \u2013 112<\/p>\n<div id=\"tab-label-product.info.beneficios\" class=\"data item title active\" tabindex=\"0\" role=\"tab\" aria-labeledby=\"tab-label-product.info.beneficios-title\" data-role=\"collapsible\" data-collapsible=\"true\" aria-controls=\"product.info.beneficios\" aria-selected=\"true\" aria-expanded=\"true\">BENEFICIOS:<\/div>\n<div id=\"product.info.beneficios\" class=\"data item content\" role=\"tabpanel\" data-role=\"content\" aria-labelledby=\"tab-label-product.info.beneficios\" aria-hidden=\"false\">\n<div class=\"product attribute beneficios\">\n<div class=\"value\">Salud Bucal integral: Ayuda a prevenir y reducir la formaci\u00f3n de sarro y placa bacteriana, previniendo las enfermedades bucales m\u00e1s comunes. Aliento fresco: Con hierbabuena, aloe vera y clorofila que garantizan un aliento notablemente fresco y duradero. Sabor irresistible y alta palatabilidad: 7 de cada 10 perros lo prefieren vs la marca l\u00edder. Limpieza integral: Forma y consistencia que promueven la masticaci\u00f3n y limpieza dental.<\/div>\n<\/div>\n<\/div>\n<\/div>\n<\/div>\n<\/div>\n","protected":false},"featured_media":15842,"template":"","meta":[],"product_brand":[107],"product_cat":[73,80],"product_tag":[1043,1042,480],"class_list":{"0":"post-15841","1":"product","2":"type-product","3":"status-publish","4":"has-post-thumbnail","6":"product_brand-perfectsense","7":"product_cat-perros","8":"product_cat-premios","9":"product_tag-dentashield","10":"product_tag-premios-dentales","11":"product_tag-premios-para-perros","13":"first","14":"instock","15":"sale","16":"shipping-taxable","17":"purchasable","18":"product-type-simple"},"yoast_head":"<!-- This site is optimized with the Yoast SEO plugin v27.4 - https:\/\/yoast.com\/product\/yoast-seo-wordpress\/ -->\n<title>PS - DENTASHIELD PREMIOS DENTALES P\/PERRO 200G | Acuario Supremus<\/title>\n<meta name=\"description\" content=\"Perfect Sense\u00ae DentaShield\u00ae es el premio dental s\u00faper premium que transforma la higiene bucal en un momento delicioso e irresistible para su perro.\" \/>\n<meta name=\"robots\" content=\"index, follow, max-snippet:-1, max-image-preview:large, max-video-preview:-1\" \/>\n<link rel=\"canonical\" href=\"https:\/\/acuariosupremus.com\/?product=ps-dentashield-premios-dentales-p-perro-200g\" \/>\n<meta property=\"og:locale\" content=\"es_MX\" \/>\n<meta property=\"og:type\" content=\"article\" \/>\n<meta property=\"og:title\" content=\"PS - DENTASHIELD PREMIOS DENTALES P\/PERRO 200G | Acuario Supremus\" \/>\n<meta property=\"og:description\" content=\"Perfect Sense\u00ae DentaShield\u00ae es el premio dental s\u00faper premium que transforma la higiene bucal en un momento delicioso e irresistible para su perro.\" \/>\n<meta property=\"og:url\" content=\"https:\/\/acuariosupremus.com\/?product=ps-dentashield-premios-dentales-p-perro-200g\" \/>\n<meta property=\"og:site_name\" content=\"Acuario Supremus\" \/>\n<meta property=\"article:publisher\" content=\"https:\/\/www.facebook.com\/AcuarioSupremus\" \/>\n<meta property=\"article:modified_time\" content=\"2026-04-17T00:30:36+00:00\" \/>\n<meta property=\"og:image\" content=\"https:\/\/acuariosupremus.com\/wp-content\/uploads\/2026\/04\/PS5301.jpg\" \/>\n\t<meta property=\"og:image:width\" content=\"1000\" \/>\n\t<meta property=\"og:image:height\" content=\"1000\" \/>\n\t<meta property=\"og:image:type\" content=\"image\/jpeg\" \/>\n<meta name=\"twitter:card\" content=\"summary_large_image\" \/>\n<meta name=\"twitter:site\" content=\"@AcuarioSupremus\" \/>\n<meta name=\"twitter:label1\" content=\"Tiempo de lectura\" \/>\n\t<meta name=\"twitter:data1\" content=\"2 minutos\" \/>\n<script type=\"application\/ld+json\" class=\"yoast-schema-graph\">{\"@context\":\"https:\\\/\\\/schema.org\",\"@graph\":[{\"@type\":\"WebPage\",\"@id\":\"https:\\\/\\\/acuariosupremus.com\\\/?product=ps-dentashield-premios-dentales-p-perro-200g\",\"url\":\"https:\\\/\\\/acuariosupremus.com\\\/?product=ps-dentashield-premios-dentales-p-perro-200g\",\"name\":\"PS - DENTASHIELD PREMIOS DENTALES P\\\/PERRO 200G | Acuario Supremus\",\"isPartOf\":{\"@id\":\"https:\\\/\\\/acuariosupremus.com\\\/#website\"},\"primaryImageOfPage\":{\"@id\":\"https:\\\/\\\/acuariosupremus.com\\\/?product=ps-dentashield-premios-dentales-p-perro-200g#primaryimage\"},\"image\":{\"@id\":\"https:\\\/\\\/acuariosupremus.com\\\/?product=ps-dentashield-premios-dentales-p-perro-200g#primaryimage\"},\"thumbnailUrl\":\"https:\\\/\\\/acuariosupremus.com\\\/wp-content\\\/uploads\\\/2026\\\/04\\\/PS5301.jpg\",\"datePublished\":\"2026-04-17T00:30:35+00:00\",\"dateModified\":\"2026-04-17T00:30:36+00:00\",\"description\":\"Perfect Sense\u00ae DentaShield\u00ae es el premio dental s\u00faper premium que transforma la higiene bucal en un momento delicioso e irresistible para su perro.\",\"breadcrumb\":{\"@id\":\"https:\\\/\\\/acuariosupremus.com\\\/?product=ps-dentashield-premios-dentales-p-perro-200g#breadcrumb\"},\"inLanguage\":\"es\",\"potentialAction\":[{\"@type\":\"ReadAction\",\"target\":[\"https:\\\/\\\/acuariosupremus.com\\\/?product=ps-dentashield-premios-dentales-p-perro-200g\"]}]},{\"@type\":\"ImageObject\",\"inLanguage\":\"es\",\"@id\":\"https:\\\/\\\/acuariosupremus.com\\\/?product=ps-dentashield-premios-dentales-p-perro-200g#primaryimage\",\"url\":\"https:\\\/\\\/acuariosupremus.com\\\/wp-content\\\/uploads\\\/2026\\\/04\\\/PS5301.jpg\",\"contentUrl\":\"https:\\\/\\\/acuariosupremus.com\\\/wp-content\\\/uploads\\\/2026\\\/04\\\/PS5301.jpg\",\"width\":1000,\"height\":1000},{\"@type\":\"BreadcrumbList\",\"@id\":\"https:\\\/\\\/acuariosupremus.com\\\/?product=ps-dentashield-premios-dentales-p-perro-200g#breadcrumb\",\"itemListElement\":[{\"@type\":\"ListItem\",\"position\":1,\"name\":\"Portada\",\"item\":\"https:\\\/\\\/acuariosupremus.com\\\/\"},{\"@type\":\"ListItem\",\"position\":2,\"name\":\"Tienda\",\"item\":\"https:\\\/\\\/acuariosupremus.com\\\/tienda\\\/\"},{\"@type\":\"ListItem\",\"position\":3,\"name\":\"PS &#8211; DENTASHIELD PREMIOS DENTALES P\\\/PERRO 200G\"}]},{\"@type\":\"WebSite\",\"@id\":\"https:\\\/\\\/acuariosupremus.com\\\/#website\",\"url\":\"https:\\\/\\\/acuariosupremus.com\\\/\",\"name\":\"Acuario Supremus\",\"description\":\"Peces, Peceras y Mascotas.\",\"publisher\":{\"@id\":\"https:\\\/\\\/acuariosupremus.com\\\/#organization\"},\"potentialAction\":[{\"@type\":\"SearchAction\",\"target\":{\"@type\":\"EntryPoint\",\"urlTemplate\":\"https:\\\/\\\/acuariosupremus.com\\\/?s={search_term_string}\"},\"query-input\":{\"@type\":\"PropertyValueSpecification\",\"valueRequired\":true,\"valueName\":\"search_term_string\"}}],\"inLanguage\":\"es\"},{\"@type\":\"Organization\",\"@id\":\"https:\\\/\\\/acuariosupremus.com\\\/#organization\",\"name\":\"Acuario Supremus\",\"url\":\"https:\\\/\\\/acuariosupremus.com\\\/\",\"logo\":{\"@type\":\"ImageObject\",\"inLanguage\":\"es\",\"@id\":\"https:\\\/\\\/acuariosupremus.com\\\/#\\\/schema\\\/logo\\\/image\\\/\",\"url\":\"https:\\\/\\\/acuariosupremus.com\\\/wp-content\\\/uploads\\\/2021\\\/12\\\/cropped-logo_acuario_supremus_fn-2.png\",\"contentUrl\":\"https:\\\/\\\/acuariosupremus.com\\\/wp-content\\\/uploads\\\/2021\\\/12\\\/cropped-logo_acuario_supremus_fn-2.png\",\"width\":1000,\"height\":318,\"caption\":\"Acuario Supremus\"},\"image\":{\"@id\":\"https:\\\/\\\/acuariosupremus.com\\\/#\\\/schema\\\/logo\\\/image\\\/\"},\"sameAs\":[\"https:\\\/\\\/www.facebook.com\\\/AcuarioSupremus\",\"https:\\\/\\\/x.com\\\/AcuarioSupremus\",\"https:\\\/\\\/www.instagram.com\\\/acuariosupremus\\\/?hl=es\"]}]}<\/script>\n<!-- \/ Yoast SEO plugin. -->","yoast_head_json":{"title":"PS - DENTASHIELD PREMIOS DENTALES P\/PERRO 200G | Acuario Supremus","description":"Perfect Sense\u00ae DentaShield\u00ae es el premio dental s\u00faper premium que transforma la higiene bucal en un momento delicioso e irresistible para su perro.","robots":{"index":"index","follow":"follow","max-snippet":"max-snippet:-1","max-image-preview":"max-image-preview:large","max-video-preview":"max-video-preview:-1"},"canonical":"https:\/\/acuariosupremus.com\/?product=ps-dentashield-premios-dentales-p-perro-200g","og_locale":"es_MX","og_type":"article","og_title":"PS - DENTASHIELD PREMIOS DENTALES P\/PERRO 200G | Acuario Supremus","og_description":"Perfect Sense\u00ae DentaShield\u00ae es el premio dental s\u00faper premium que transforma la higiene bucal en un momento delicioso e irresistible para su perro.","og_url":"https:\/\/acuariosupremus.com\/?product=ps-dentashield-premios-dentales-p-perro-200g","og_site_name":"Acuario Supremus","article_publisher":"https:\/\/www.facebook.com\/AcuarioSupremus","article_modified_time":"2026-04-17T00:30:36+00:00","og_image":[{"width":1000,"height":1000,"url":"https:\/\/acuariosupremus.com\/wp-content\/uploads\/2026\/04\/PS5301.jpg","type":"image\/jpeg"}],"twitter_card":"summary_large_image","twitter_site":"@AcuarioSupremus","twitter_misc":{"Tiempo de lectura":"2 minutos"},"schema":{"@context":"https:\/\/schema.org","@graph":[{"@type":"WebPage","@id":"https:\/\/acuariosupremus.com\/?product=ps-dentashield-premios-dentales-p-perro-200g","url":"https:\/\/acuariosupremus.com\/?product=ps-dentashield-premios-dentales-p-perro-200g","name":"PS - DENTASHIELD PREMIOS DENTALES P\/PERRO 200G | Acuario Supremus","isPartOf":{"@id":"https:\/\/acuariosupremus.com\/#website"},"primaryImageOfPage":{"@id":"https:\/\/acuariosupremus.com\/?product=ps-dentashield-premios-dentales-p-perro-200g#primaryimage"},"image":{"@id":"https:\/\/acuariosupremus.com\/?product=ps-dentashield-premios-dentales-p-perro-200g#primaryimage"},"thumbnailUrl":"https:\/\/acuariosupremus.com\/wp-content\/uploads\/2026\/04\/PS5301.jpg","datePublished":"2026-04-17T00:30:35+00:00","dateModified":"2026-04-17T00:30:36+00:00","description":"Perfect Sense\u00ae DentaShield\u00ae es el premio dental s\u00faper premium que transforma la higiene bucal en un momento delicioso e irresistible para su perro.","breadcrumb":{"@id":"https:\/\/acuariosupremus.com\/?product=ps-dentashield-premios-dentales-p-perro-200g#breadcrumb"},"inLanguage":"es","potentialAction":[{"@type":"ReadAction","target":["https:\/\/acuariosupremus.com\/?product=ps-dentashield-premios-dentales-p-perro-200g"]}]},{"@type":"ImageObject","inLanguage":"es","@id":"https:\/\/acuariosupremus.com\/?product=ps-dentashield-premios-dentales-p-perro-200g#primaryimage","url":"https:\/\/acuariosupremus.com\/wp-content\/uploads\/2026\/04\/PS5301.jpg","contentUrl":"https:\/\/acuariosupremus.com\/wp-content\/uploads\/2026\/04\/PS5301.jpg","width":1000,"height":1000},{"@type":"BreadcrumbList","@id":"https:\/\/acuariosupremus.com\/?product=ps-dentashield-premios-dentales-p-perro-200g#breadcrumb","itemListElement":[{"@type":"ListItem","position":1,"name":"Portada","item":"https:\/\/acuariosupremus.com\/"},{"@type":"ListItem","position":2,"name":"Tienda","item":"https:\/\/acuariosupremus.com\/tienda\/"},{"@type":"ListItem","position":3,"name":"PS &#8211; DENTASHIELD PREMIOS DENTALES P\/PERRO 200G"}]},{"@type":"WebSite","@id":"https:\/\/acuariosupremus.com\/#website","url":"https:\/\/acuariosupremus.com\/","name":"Acuario Supremus","description":"Peces, Peceras y Mascotas.","publisher":{"@id":"https:\/\/acuariosupremus.com\/#organization"},"potentialAction":[{"@type":"SearchAction","target":{"@type":"EntryPoint","urlTemplate":"https:\/\/acuariosupremus.com\/?s={search_term_string}"},"query-input":{"@type":"PropertyValueSpecification","valueRequired":true,"valueName":"search_term_string"}}],"inLanguage":"es"},{"@type":"Organization","@id":"https:\/\/acuariosupremus.com\/#organization","name":"Acuario Supremus","url":"https:\/\/acuariosupremus.com\/","logo":{"@type":"ImageObject","inLanguage":"es","@id":"https:\/\/acuariosupremus.com\/#\/schema\/logo\/image\/","url":"https:\/\/acuariosupremus.com\/wp-content\/uploads\/2021\/12\/cropped-logo_acuario_supremus_fn-2.png","contentUrl":"https:\/\/acuariosupremus.com\/wp-content\/uploads\/2021\/12\/cropped-logo_acuario_supremus_fn-2.png","width":1000,"height":318,"caption":"Acuario Supremus"},"image":{"@id":"https:\/\/acuariosupremus.com\/#\/schema\/logo\/image\/"},"sameAs":["https:\/\/www.facebook.com\/AcuarioSupremus","https:\/\/x.com\/AcuarioSupremus","https:\/\/www.instagram.com\/acuariosupremus\/?hl=es"]}]}},"jetpack_sharing_enabled":true,"_links":{"self":[{"href":"https:\/\/acuariosupremus.com\/index.php?rest_route=\/wp\/v2\/product\/15841","targetHints":{"allow":["GET"]}}],"collection":[{"href":"https:\/\/acuariosupremus.com\/index.php?rest_route=\/wp\/v2\/product"}],"about":[{"href":"https:\/\/acuariosupremus.com\/index.php?rest_route=\/wp\/v2\/types\/product"}],"wp:featuredmedia":[{"embeddable":true,"href":"https:\/\/acuariosupremus.com\/index.php?rest_route=\/wp\/v2\/media\/15842"}],"wp:attachment":[{"href":"https:\/\/acuariosupremus.com\/index.php?rest_route=%2Fwp%2Fv2%2Fmedia&parent=15841"}],"wp:term":[{"taxonomy":"product_brand","embeddable":true,"href":"https:\/\/acuariosupremus.com\/index.php?rest_route=%2Fwp%2Fv2%2Fproduct_brand&post=15841"},{"taxonomy":"product_cat","embeddable":true,"href":"https:\/\/acuariosupremus.com\/index.php?rest_route=%2Fwp%2Fv2%2Fproduct_cat&post=15841"},{"taxonomy":"product_tag","embeddable":true,"href":"https:\/\/acuariosupremus.com\/index.php?rest_route=%2Fwp%2Fv2%2Fproduct_tag&post=15841"}],"curies":[{"name":"wp","href":"https:\/\/api.w.org\/{rel}","templated":true}]}}