{"id":1637,"date":"2022-01-31T18:23:14","date_gmt":"2022-02-01T00:23:14","guid":{"rendered":"https:\/\/acuariosupremus.com\/?post_type=product&#038;p=1637"},"modified":"2025-12-15T15:55:03","modified_gmt":"2025-12-15T21:55:03","slug":"cabeza-de-poder-c-filtro-rapido-aquaflow-20","status":"publish","type":"product","link":"https:\/\/acuariosupremus.com\/?product=cabeza-de-poder-c-filtro-rapido-aquaflow-20","title":{"rendered":"CABEZA DE PODER C\/FILTRO RAPIDO AQUAFLOW 20"},"content":{"rendered":"<p>Rendimiento:<br \/>\nModelo: Aqua Flow 20F.<br \/>\nWatts: 6.5 watts.<br \/>\nVolts: 110-120V-60 Hz.<br \/>\nL x hr: 750 L\/hr.<br \/>\nBeneficios:<br \/>\nSe obtiene un buen control de desechos, manteniendo y mejorando la calidad del agua.<br \/>\nRecomendaciones:<br \/>\nPrecauciones:<br \/>\nLa bomba debe permanecer sumergida constantemente mientras opera. Al limpiar la bomba, aseg\u00farese de desconectarla del suministro el\u00e9ctrico, para uso en interiores \u00fanicamente. Para uso exclusivo en acuarios, no utilizar en estanques.<\/p>\n","protected":false},"excerpt":{"rendered":"<p>Dise\u00f1o compacto, completamente sumergible, proporciona filtraci\u00f3n mec\u00e1nica y biol\u00f3gica, montura ajustable para cualquier acuario, cartucho modular expandible, para uso en acuarios de agua dulce o marinos.<br \/>\nRecomendado para acuarios de 150 a 250 litros<\/p>\n","protected":false},"featured_media":1638,"template":"","meta":[],"product_brand":[105],"product_cat":[40,46],"product_tag":[194,193],"class_list":{"0":"post-1637","1":"product","2":"type-product","3":"status-publish","4":"has-post-thumbnail","6":"product_brand-lomas","7":"product_cat-peces","8":"product_cat-filtros-internos","9":"product_tag-filtro-interno","10":"product_tag-filtro-rapido","12":"first","13":"instock","14":"sale","15":"shipping-taxable","16":"purchasable","17":"product-type-simple"},"yoast_head":"<!-- This site is optimized with the Yoast SEO plugin v27.4 - https:\/\/yoast.com\/product\/yoast-seo-wordpress\/ -->\n<title>CABEZA DE PODER C\/FILTRO RAPIDO AQUAFLOW 20 | Acuario Supremus<\/title>\n<meta name=\"description\" content=\"Dise\u00f1o compacto, completamente sumergible, Recomendado para acuarios de 150 a 250 litros, para uso en acuarios de agua dulce o marinos.\" \/>\n<meta name=\"robots\" content=\"index, follow, max-snippet:-1, max-image-preview:large, max-video-preview:-1\" \/>\n<link rel=\"canonical\" href=\"https:\/\/acuariosupremus.com\/?product=cabeza-de-poder-c-filtro-rapido-aquaflow-20\" \/>\n<meta property=\"og:locale\" content=\"es_MX\" \/>\n<meta property=\"og:type\" content=\"article\" \/>\n<meta property=\"og:title\" content=\"CABEZA DE PODER C\/FILTRO RAPIDO AQUAFLOW 20 | Acuario Supremus\" \/>\n<meta property=\"og:description\" content=\"Dise\u00f1o compacto, completamente sumergible, Recomendado para acuarios de 150 a 250 litros, para uso en acuarios de agua dulce o marinos.\" \/>\n<meta property=\"og:url\" content=\"https:\/\/acuariosupremus.com\/?product=cabeza-de-poder-c-filtro-rapido-aquaflow-20\" \/>\n<meta property=\"og:site_name\" content=\"Acuario Supremus\" \/>\n<meta property=\"article:publisher\" content=\"https:\/\/www.facebook.com\/AcuarioSupremus\" \/>\n<meta property=\"article:modified_time\" content=\"2025-12-15T21:55:03+00:00\" \/>\n<meta property=\"og:image\" content=\"https:\/\/acuariosupremus.com\/wp-content\/uploads\/2022\/01\/FL7972.jpg\" \/>\n\t<meta property=\"og:image:width\" content=\"1000\" \/>\n\t<meta property=\"og:image:height\" content=\"1000\" \/>\n\t<meta property=\"og:image:type\" content=\"image\/jpeg\" \/>\n<meta name=\"twitter:card\" content=\"summary_large_image\" \/>\n<meta name=\"twitter:site\" content=\"@AcuarioSupremus\" \/>\n<script type=\"application\/ld+json\" class=\"yoast-schema-graph\">{\"@context\":\"https:\\\/\\\/schema.org\",\"@graph\":[{\"@type\":\"WebPage\",\"@id\":\"https:\\\/\\\/acuariosupremus.com\\\/?product=cabeza-de-poder-c-filtro-rapido-aquaflow-20\",\"url\":\"https:\\\/\\\/acuariosupremus.com\\\/?product=cabeza-de-poder-c-filtro-rapido-aquaflow-20\",\"name\":\"CABEZA DE PODER C\\\/FILTRO RAPIDO AQUAFLOW 20 | Acuario Supremus\",\"isPartOf\":{\"@id\":\"https:\\\/\\\/acuariosupremus.com\\\/#website\"},\"primaryImageOfPage\":{\"@id\":\"https:\\\/\\\/acuariosupremus.com\\\/?product=cabeza-de-poder-c-filtro-rapido-aquaflow-20#primaryimage\"},\"image\":{\"@id\":\"https:\\\/\\\/acuariosupremus.com\\\/?product=cabeza-de-poder-c-filtro-rapido-aquaflow-20#primaryimage\"},\"thumbnailUrl\":\"https:\\\/\\\/acuariosupremus.com\\\/wp-content\\\/uploads\\\/2022\\\/01\\\/FL7972.jpg\",\"datePublished\":\"2022-02-01T00:23:14+00:00\",\"dateModified\":\"2025-12-15T21:55:03+00:00\",\"description\":\"Dise\u00f1o compacto, completamente sumergible, Recomendado para acuarios de 150 a 250 litros, para uso en acuarios de agua dulce o marinos.\",\"breadcrumb\":{\"@id\":\"https:\\\/\\\/acuariosupremus.com\\\/?product=cabeza-de-poder-c-filtro-rapido-aquaflow-20#breadcrumb\"},\"inLanguage\":\"es\",\"potentialAction\":[{\"@type\":\"ReadAction\",\"target\":[\"https:\\\/\\\/acuariosupremus.com\\\/?product=cabeza-de-poder-c-filtro-rapido-aquaflow-20\"]}]},{\"@type\":\"ImageObject\",\"inLanguage\":\"es\",\"@id\":\"https:\\\/\\\/acuariosupremus.com\\\/?product=cabeza-de-poder-c-filtro-rapido-aquaflow-20#primaryimage\",\"url\":\"https:\\\/\\\/acuariosupremus.com\\\/wp-content\\\/uploads\\\/2022\\\/01\\\/FL7972.jpg\",\"contentUrl\":\"https:\\\/\\\/acuariosupremus.com\\\/wp-content\\\/uploads\\\/2022\\\/01\\\/FL7972.jpg\",\"width\":1000,\"height\":1000},{\"@type\":\"BreadcrumbList\",\"@id\":\"https:\\\/\\\/acuariosupremus.com\\\/?product=cabeza-de-poder-c-filtro-rapido-aquaflow-20#breadcrumb\",\"itemListElement\":[{\"@type\":\"ListItem\",\"position\":1,\"name\":\"Portada\",\"item\":\"https:\\\/\\\/acuariosupremus.com\\\/\"},{\"@type\":\"ListItem\",\"position\":2,\"name\":\"Tienda\",\"item\":\"https:\\\/\\\/acuariosupremus.com\\\/tienda\\\/\"},{\"@type\":\"ListItem\",\"position\":3,\"name\":\"CABEZA DE PODER C\\\/FILTRO RAPIDO AQUAFLOW 20\"}]},{\"@type\":\"WebSite\",\"@id\":\"https:\\\/\\\/acuariosupremus.com\\\/#website\",\"url\":\"https:\\\/\\\/acuariosupremus.com\\\/\",\"name\":\"Acuario Supremus\",\"description\":\"Peces, Peceras y Mascotas.\",\"publisher\":{\"@id\":\"https:\\\/\\\/acuariosupremus.com\\\/#organization\"},\"potentialAction\":[{\"@type\":\"SearchAction\",\"target\":{\"@type\":\"EntryPoint\",\"urlTemplate\":\"https:\\\/\\\/acuariosupremus.com\\\/?s={search_term_string}\"},\"query-input\":{\"@type\":\"PropertyValueSpecification\",\"valueRequired\":true,\"valueName\":\"search_term_string\"}}],\"inLanguage\":\"es\"},{\"@type\":\"Organization\",\"@id\":\"https:\\\/\\\/acuariosupremus.com\\\/#organization\",\"name\":\"Acuario Supremus\",\"url\":\"https:\\\/\\\/acuariosupremus.com\\\/\",\"logo\":{\"@type\":\"ImageObject\",\"inLanguage\":\"es\",\"@id\":\"https:\\\/\\\/acuariosupremus.com\\\/#\\\/schema\\\/logo\\\/image\\\/\",\"url\":\"https:\\\/\\\/acuariosupremus.com\\\/wp-content\\\/uploads\\\/2021\\\/12\\\/cropped-logo_acuario_supremus_fn-2.png\",\"contentUrl\":\"https:\\\/\\\/acuariosupremus.com\\\/wp-content\\\/uploads\\\/2021\\\/12\\\/cropped-logo_acuario_supremus_fn-2.png\",\"width\":1000,\"height\":318,\"caption\":\"Acuario Supremus\"},\"image\":{\"@id\":\"https:\\\/\\\/acuariosupremus.com\\\/#\\\/schema\\\/logo\\\/image\\\/\"},\"sameAs\":[\"https:\\\/\\\/www.facebook.com\\\/AcuarioSupremus\",\"https:\\\/\\\/x.com\\\/AcuarioSupremus\",\"https:\\\/\\\/www.instagram.com\\\/acuariosupremus\\\/?hl=es\"]}]}<\/script>\n<!-- \/ Yoast SEO plugin. -->","yoast_head_json":{"title":"CABEZA DE PODER C\/FILTRO RAPIDO AQUAFLOW 20 | Acuario Supremus","description":"Dise\u00f1o compacto, completamente sumergible, Recomendado para acuarios de 150 a 250 litros, para uso en acuarios de agua dulce o marinos.","robots":{"index":"index","follow":"follow","max-snippet":"max-snippet:-1","max-image-preview":"max-image-preview:large","max-video-preview":"max-video-preview:-1"},"canonical":"https:\/\/acuariosupremus.com\/?product=cabeza-de-poder-c-filtro-rapido-aquaflow-20","og_locale":"es_MX","og_type":"article","og_title":"CABEZA DE PODER C\/FILTRO RAPIDO AQUAFLOW 20 | Acuario Supremus","og_description":"Dise\u00f1o compacto, completamente sumergible, Recomendado para acuarios de 150 a 250 litros, para uso en acuarios de agua dulce o marinos.","og_url":"https:\/\/acuariosupremus.com\/?product=cabeza-de-poder-c-filtro-rapido-aquaflow-20","og_site_name":"Acuario Supremus","article_publisher":"https:\/\/www.facebook.com\/AcuarioSupremus","article_modified_time":"2025-12-15T21:55:03+00:00","og_image":[{"width":1000,"height":1000,"url":"https:\/\/acuariosupremus.com\/wp-content\/uploads\/2022\/01\/FL7972.jpg","type":"image\/jpeg"}],"twitter_card":"summary_large_image","twitter_site":"@AcuarioSupremus","schema":{"@context":"https:\/\/schema.org","@graph":[{"@type":"WebPage","@id":"https:\/\/acuariosupremus.com\/?product=cabeza-de-poder-c-filtro-rapido-aquaflow-20","url":"https:\/\/acuariosupremus.com\/?product=cabeza-de-poder-c-filtro-rapido-aquaflow-20","name":"CABEZA DE PODER C\/FILTRO RAPIDO AQUAFLOW 20 | Acuario Supremus","isPartOf":{"@id":"https:\/\/acuariosupremus.com\/#website"},"primaryImageOfPage":{"@id":"https:\/\/acuariosupremus.com\/?product=cabeza-de-poder-c-filtro-rapido-aquaflow-20#primaryimage"},"image":{"@id":"https:\/\/acuariosupremus.com\/?product=cabeza-de-poder-c-filtro-rapido-aquaflow-20#primaryimage"},"thumbnailUrl":"https:\/\/acuariosupremus.com\/wp-content\/uploads\/2022\/01\/FL7972.jpg","datePublished":"2022-02-01T00:23:14+00:00","dateModified":"2025-12-15T21:55:03+00:00","description":"Dise\u00f1o compacto, completamente sumergible, Recomendado para acuarios de 150 a 250 litros, para uso en acuarios de agua dulce o marinos.","breadcrumb":{"@id":"https:\/\/acuariosupremus.com\/?product=cabeza-de-poder-c-filtro-rapido-aquaflow-20#breadcrumb"},"inLanguage":"es","potentialAction":[{"@type":"ReadAction","target":["https:\/\/acuariosupremus.com\/?product=cabeza-de-poder-c-filtro-rapido-aquaflow-20"]}]},{"@type":"ImageObject","inLanguage":"es","@id":"https:\/\/acuariosupremus.com\/?product=cabeza-de-poder-c-filtro-rapido-aquaflow-20#primaryimage","url":"https:\/\/acuariosupremus.com\/wp-content\/uploads\/2022\/01\/FL7972.jpg","contentUrl":"https:\/\/acuariosupremus.com\/wp-content\/uploads\/2022\/01\/FL7972.jpg","width":1000,"height":1000},{"@type":"BreadcrumbList","@id":"https:\/\/acuariosupremus.com\/?product=cabeza-de-poder-c-filtro-rapido-aquaflow-20#breadcrumb","itemListElement":[{"@type":"ListItem","position":1,"name":"Portada","item":"https:\/\/acuariosupremus.com\/"},{"@type":"ListItem","position":2,"name":"Tienda","item":"https:\/\/acuariosupremus.com\/tienda\/"},{"@type":"ListItem","position":3,"name":"CABEZA DE PODER C\/FILTRO RAPIDO AQUAFLOW 20"}]},{"@type":"WebSite","@id":"https:\/\/acuariosupremus.com\/#website","url":"https:\/\/acuariosupremus.com\/","name":"Acuario Supremus","description":"Peces, Peceras y Mascotas.","publisher":{"@id":"https:\/\/acuariosupremus.com\/#organization"},"potentialAction":[{"@type":"SearchAction","target":{"@type":"EntryPoint","urlTemplate":"https:\/\/acuariosupremus.com\/?s={search_term_string}"},"query-input":{"@type":"PropertyValueSpecification","valueRequired":true,"valueName":"search_term_string"}}],"inLanguage":"es"},{"@type":"Organization","@id":"https:\/\/acuariosupremus.com\/#organization","name":"Acuario Supremus","url":"https:\/\/acuariosupremus.com\/","logo":{"@type":"ImageObject","inLanguage":"es","@id":"https:\/\/acuariosupremus.com\/#\/schema\/logo\/image\/","url":"https:\/\/acuariosupremus.com\/wp-content\/uploads\/2021\/12\/cropped-logo_acuario_supremus_fn-2.png","contentUrl":"https:\/\/acuariosupremus.com\/wp-content\/uploads\/2021\/12\/cropped-logo_acuario_supremus_fn-2.png","width":1000,"height":318,"caption":"Acuario Supremus"},"image":{"@id":"https:\/\/acuariosupremus.com\/#\/schema\/logo\/image\/"},"sameAs":["https:\/\/www.facebook.com\/AcuarioSupremus","https:\/\/x.com\/AcuarioSupremus","https:\/\/www.instagram.com\/acuariosupremus\/?hl=es"]}]}},"jetpack_sharing_enabled":true,"_links":{"self":[{"href":"https:\/\/acuariosupremus.com\/index.php?rest_route=\/wp\/v2\/product\/1637","targetHints":{"allow":["GET"]}}],"collection":[{"href":"https:\/\/acuariosupremus.com\/index.php?rest_route=\/wp\/v2\/product"}],"about":[{"href":"https:\/\/acuariosupremus.com\/index.php?rest_route=\/wp\/v2\/types\/product"}],"wp:featuredmedia":[{"embeddable":true,"href":"https:\/\/acuariosupremus.com\/index.php?rest_route=\/wp\/v2\/media\/1638"}],"wp:attachment":[{"href":"https:\/\/acuariosupremus.com\/index.php?rest_route=%2Fwp%2Fv2%2Fmedia&parent=1637"}],"wp:term":[{"taxonomy":"product_brand","embeddable":true,"href":"https:\/\/acuariosupremus.com\/index.php?rest_route=%2Fwp%2Fv2%2Fproduct_brand&post=1637"},{"taxonomy":"product_cat","embeddable":true,"href":"https:\/\/acuariosupremus.com\/index.php?rest_route=%2Fwp%2Fv2%2Fproduct_cat&post=1637"},{"taxonomy":"product_tag","embeddable":true,"href":"https:\/\/acuariosupremus.com\/index.php?rest_route=%2Fwp%2Fv2%2Fproduct_tag&post=1637"}],"curies":[{"name":"wp","href":"https:\/\/api.w.org\/{rel}","templated":true}]}}