{"id":1641,"date":"2022-01-31T18:38:12","date_gmt":"2022-02-01T00:38:12","guid":{"rendered":"https:\/\/acuariosupremus.com\/?post_type=product&#038;p=1641"},"modified":"2025-12-15T15:57:23","modified_gmt":"2025-12-15T21:57:23","slug":"filtro-interno-de-caja-25-lts-azul","status":"publish","type":"product","link":"https:\/\/acuariosupremus.com\/?product=filtro-interno-de-caja-25-lts-azul","title":{"rendered":"FILTRO INTERNO DE CAJA 25 LTS AZUL"},"content":{"rendered":"<p>Color:<br \/>\nAzul<br \/>\n*Repuestos se venden por separado : clave FL8444.<br \/>\nRecomendaciones:<br \/>\nLave el filtro con agua corriente antes de colocarlo.<br \/>\nNo utilice detergentes ni limpiadores.<br \/>\nComo parte del mantenimiento, enjuague el filtro con agua del acuario una vez que este saturado de materia org\u00e1nica.<br \/>\nPara mantener la efectividad de los materiales filtrantes* se sugiere reemplazarlos cada 6 semanas o cada que sea necesario<br \/>\nde acuerdo a las condiciones de su acuario.<\/p>\n","protected":false},"excerpt":{"rendered":"<p>El filtro interno de caja 25 favorece la filtraci\u00f3n y oxigenaci\u00f3n del agua.<br \/>\nEs ideal para acuarios de hasta 25 litros peces peque\u00f1os y de crianza.<br \/>\nContiene material filtrante (fibra, carb\u00f3n activado y zeolita) que permite absorber impurezas y olores, elimina materia org\u00e1nica y proporciona un filtrado con poca turbulencia.<br \/>\nPara su funcionamiento requiere de una bomba de aire lo que permite mejorar el nivel de oxigenaci\u00f3n y filtraci\u00f3n (No incluida).<br \/>\nSu dise\u00f1o evita la succi\u00f3n de especies peque\u00f1as.<br \/>\nIdeal para especies que no requieren corrientes intensas.<br \/>\nIncluye ventosas para adherirse a la base del acuario.<\/p>\n","protected":false},"featured_media":1642,"template":"","meta":[],"product_brand":[105],"product_cat":[40,46],"product_tag":[196,194],"class_list":{"0":"post-1641","1":"product","2":"type-product","3":"status-publish","4":"has-post-thumbnail","6":"product_brand-lomas","7":"product_cat-peces","8":"product_cat-filtros-internos","9":"product_tag-filtro-de-caja","10":"product_tag-filtro-interno","12":"first","13":"instock","14":"sale","15":"shipping-taxable","16":"purchasable","17":"product-type-simple"},"yoast_head":"<!-- This site is optimized with the Yoast SEO plugin v27.4 - https:\/\/yoast.com\/product\/yoast-seo-wordpress\/ -->\n<title>FILTRO INTERNO DE CAJA 25 LTS AZUL | Acuario Supremus<\/title>\n<meta name=\"description\" content=\"Es ideal para acuarios de hasta 25 litros peces peque\u00f1os y de crianza, Contiene material filtrante (fibra, carb\u00f3n activado y zeolita).\" \/>\n<meta name=\"robots\" content=\"index, follow, max-snippet:-1, max-image-preview:large, max-video-preview:-1\" \/>\n<link rel=\"canonical\" href=\"https:\/\/acuariosupremus.com\/?product=filtro-interno-de-caja-25-lts-azul\" \/>\n<meta property=\"og:locale\" content=\"es_MX\" \/>\n<meta property=\"og:type\" content=\"article\" \/>\n<meta property=\"og:title\" content=\"FILTRO INTERNO DE CAJA 25 LTS AZUL | Acuario Supremus\" \/>\n<meta property=\"og:description\" content=\"Es ideal para acuarios de hasta 25 litros peces peque\u00f1os y de crianza, Contiene material filtrante (fibra, carb\u00f3n activado y zeolita).\" \/>\n<meta property=\"og:url\" content=\"https:\/\/acuariosupremus.com\/?product=filtro-interno-de-caja-25-lts-azul\" \/>\n<meta property=\"og:site_name\" content=\"Acuario Supremus\" \/>\n<meta property=\"article:publisher\" content=\"https:\/\/www.facebook.com\/AcuarioSupremus\" \/>\n<meta property=\"article:modified_time\" content=\"2025-12-15T21:57:23+00:00\" \/>\n<meta property=\"og:image\" content=\"https:\/\/acuariosupremus.com\/wp-content\/uploads\/2022\/01\/FL8441.jpg\" \/>\n\t<meta property=\"og:image:width\" content=\"1000\" \/>\n\t<meta property=\"og:image:height\" content=\"1000\" \/>\n\t<meta property=\"og:image:type\" content=\"image\/jpeg\" \/>\n<meta name=\"twitter:card\" content=\"summary_large_image\" \/>\n<meta name=\"twitter:site\" content=\"@AcuarioSupremus\" \/>\n<script type=\"application\/ld+json\" class=\"yoast-schema-graph\">{\"@context\":\"https:\\\/\\\/schema.org\",\"@graph\":[{\"@type\":\"WebPage\",\"@id\":\"https:\\\/\\\/acuariosupremus.com\\\/?product=filtro-interno-de-caja-25-lts-azul\",\"url\":\"https:\\\/\\\/acuariosupremus.com\\\/?product=filtro-interno-de-caja-25-lts-azul\",\"name\":\"FILTRO INTERNO DE CAJA 25 LTS AZUL | Acuario Supremus\",\"isPartOf\":{\"@id\":\"https:\\\/\\\/acuariosupremus.com\\\/#website\"},\"primaryImageOfPage\":{\"@id\":\"https:\\\/\\\/acuariosupremus.com\\\/?product=filtro-interno-de-caja-25-lts-azul#primaryimage\"},\"image\":{\"@id\":\"https:\\\/\\\/acuariosupremus.com\\\/?product=filtro-interno-de-caja-25-lts-azul#primaryimage\"},\"thumbnailUrl\":\"https:\\\/\\\/acuariosupremus.com\\\/wp-content\\\/uploads\\\/2022\\\/01\\\/FL8441.jpg\",\"datePublished\":\"2022-02-01T00:38:12+00:00\",\"dateModified\":\"2025-12-15T21:57:23+00:00\",\"description\":\"Es ideal para acuarios de hasta 25 litros peces peque\u00f1os y de crianza, Contiene material filtrante (fibra, carb\u00f3n activado y zeolita).\",\"breadcrumb\":{\"@id\":\"https:\\\/\\\/acuariosupremus.com\\\/?product=filtro-interno-de-caja-25-lts-azul#breadcrumb\"},\"inLanguage\":\"es\",\"potentialAction\":[{\"@type\":\"ReadAction\",\"target\":[\"https:\\\/\\\/acuariosupremus.com\\\/?product=filtro-interno-de-caja-25-lts-azul\"]}]},{\"@type\":\"ImageObject\",\"inLanguage\":\"es\",\"@id\":\"https:\\\/\\\/acuariosupremus.com\\\/?product=filtro-interno-de-caja-25-lts-azul#primaryimage\",\"url\":\"https:\\\/\\\/acuariosupremus.com\\\/wp-content\\\/uploads\\\/2022\\\/01\\\/FL8441.jpg\",\"contentUrl\":\"https:\\\/\\\/acuariosupremus.com\\\/wp-content\\\/uploads\\\/2022\\\/01\\\/FL8441.jpg\",\"width\":1000,\"height\":1000},{\"@type\":\"BreadcrumbList\",\"@id\":\"https:\\\/\\\/acuariosupremus.com\\\/?product=filtro-interno-de-caja-25-lts-azul#breadcrumb\",\"itemListElement\":[{\"@type\":\"ListItem\",\"position\":1,\"name\":\"Portada\",\"item\":\"https:\\\/\\\/acuariosupremus.com\\\/\"},{\"@type\":\"ListItem\",\"position\":2,\"name\":\"Tienda\",\"item\":\"https:\\\/\\\/acuariosupremus.com\\\/tienda\\\/\"},{\"@type\":\"ListItem\",\"position\":3,\"name\":\"FILTRO INTERNO DE CAJA 25 LTS AZUL\"}]},{\"@type\":\"WebSite\",\"@id\":\"https:\\\/\\\/acuariosupremus.com\\\/#website\",\"url\":\"https:\\\/\\\/acuariosupremus.com\\\/\",\"name\":\"Acuario Supremus\",\"description\":\"Peces, Peceras y Mascotas.\",\"publisher\":{\"@id\":\"https:\\\/\\\/acuariosupremus.com\\\/#organization\"},\"potentialAction\":[{\"@type\":\"SearchAction\",\"target\":{\"@type\":\"EntryPoint\",\"urlTemplate\":\"https:\\\/\\\/acuariosupremus.com\\\/?s={search_term_string}\"},\"query-input\":{\"@type\":\"PropertyValueSpecification\",\"valueRequired\":true,\"valueName\":\"search_term_string\"}}],\"inLanguage\":\"es\"},{\"@type\":\"Organization\",\"@id\":\"https:\\\/\\\/acuariosupremus.com\\\/#organization\",\"name\":\"Acuario Supremus\",\"url\":\"https:\\\/\\\/acuariosupremus.com\\\/\",\"logo\":{\"@type\":\"ImageObject\",\"inLanguage\":\"es\",\"@id\":\"https:\\\/\\\/acuariosupremus.com\\\/#\\\/schema\\\/logo\\\/image\\\/\",\"url\":\"https:\\\/\\\/acuariosupremus.com\\\/wp-content\\\/uploads\\\/2021\\\/12\\\/cropped-logo_acuario_supremus_fn-2.png\",\"contentUrl\":\"https:\\\/\\\/acuariosupremus.com\\\/wp-content\\\/uploads\\\/2021\\\/12\\\/cropped-logo_acuario_supremus_fn-2.png\",\"width\":1000,\"height\":318,\"caption\":\"Acuario Supremus\"},\"image\":{\"@id\":\"https:\\\/\\\/acuariosupremus.com\\\/#\\\/schema\\\/logo\\\/image\\\/\"},\"sameAs\":[\"https:\\\/\\\/www.facebook.com\\\/AcuarioSupremus\",\"https:\\\/\\\/x.com\\\/AcuarioSupremus\",\"https:\\\/\\\/www.instagram.com\\\/acuariosupremus\\\/?hl=es\"]}]}<\/script>\n<!-- \/ Yoast SEO plugin. -->","yoast_head_json":{"title":"FILTRO INTERNO DE CAJA 25 LTS AZUL | Acuario Supremus","description":"Es ideal para acuarios de hasta 25 litros peces peque\u00f1os y de crianza, Contiene material filtrante (fibra, carb\u00f3n activado y zeolita).","robots":{"index":"index","follow":"follow","max-snippet":"max-snippet:-1","max-image-preview":"max-image-preview:large","max-video-preview":"max-video-preview:-1"},"canonical":"https:\/\/acuariosupremus.com\/?product=filtro-interno-de-caja-25-lts-azul","og_locale":"es_MX","og_type":"article","og_title":"FILTRO INTERNO DE CAJA 25 LTS AZUL | Acuario Supremus","og_description":"Es ideal para acuarios de hasta 25 litros peces peque\u00f1os y de crianza, Contiene material filtrante (fibra, carb\u00f3n activado y zeolita).","og_url":"https:\/\/acuariosupremus.com\/?product=filtro-interno-de-caja-25-lts-azul","og_site_name":"Acuario Supremus","article_publisher":"https:\/\/www.facebook.com\/AcuarioSupremus","article_modified_time":"2025-12-15T21:57:23+00:00","og_image":[{"width":1000,"height":1000,"url":"https:\/\/acuariosupremus.com\/wp-content\/uploads\/2022\/01\/FL8441.jpg","type":"image\/jpeg"}],"twitter_card":"summary_large_image","twitter_site":"@AcuarioSupremus","schema":{"@context":"https:\/\/schema.org","@graph":[{"@type":"WebPage","@id":"https:\/\/acuariosupremus.com\/?product=filtro-interno-de-caja-25-lts-azul","url":"https:\/\/acuariosupremus.com\/?product=filtro-interno-de-caja-25-lts-azul","name":"FILTRO INTERNO DE CAJA 25 LTS AZUL | Acuario Supremus","isPartOf":{"@id":"https:\/\/acuariosupremus.com\/#website"},"primaryImageOfPage":{"@id":"https:\/\/acuariosupremus.com\/?product=filtro-interno-de-caja-25-lts-azul#primaryimage"},"image":{"@id":"https:\/\/acuariosupremus.com\/?product=filtro-interno-de-caja-25-lts-azul#primaryimage"},"thumbnailUrl":"https:\/\/acuariosupremus.com\/wp-content\/uploads\/2022\/01\/FL8441.jpg","datePublished":"2022-02-01T00:38:12+00:00","dateModified":"2025-12-15T21:57:23+00:00","description":"Es ideal para acuarios de hasta 25 litros peces peque\u00f1os y de crianza, Contiene material filtrante (fibra, carb\u00f3n activado y zeolita).","breadcrumb":{"@id":"https:\/\/acuariosupremus.com\/?product=filtro-interno-de-caja-25-lts-azul#breadcrumb"},"inLanguage":"es","potentialAction":[{"@type":"ReadAction","target":["https:\/\/acuariosupremus.com\/?product=filtro-interno-de-caja-25-lts-azul"]}]},{"@type":"ImageObject","inLanguage":"es","@id":"https:\/\/acuariosupremus.com\/?product=filtro-interno-de-caja-25-lts-azul#primaryimage","url":"https:\/\/acuariosupremus.com\/wp-content\/uploads\/2022\/01\/FL8441.jpg","contentUrl":"https:\/\/acuariosupremus.com\/wp-content\/uploads\/2022\/01\/FL8441.jpg","width":1000,"height":1000},{"@type":"BreadcrumbList","@id":"https:\/\/acuariosupremus.com\/?product=filtro-interno-de-caja-25-lts-azul#breadcrumb","itemListElement":[{"@type":"ListItem","position":1,"name":"Portada","item":"https:\/\/acuariosupremus.com\/"},{"@type":"ListItem","position":2,"name":"Tienda","item":"https:\/\/acuariosupremus.com\/tienda\/"},{"@type":"ListItem","position":3,"name":"FILTRO INTERNO DE CAJA 25 LTS AZUL"}]},{"@type":"WebSite","@id":"https:\/\/acuariosupremus.com\/#website","url":"https:\/\/acuariosupremus.com\/","name":"Acuario Supremus","description":"Peces, Peceras y Mascotas.","publisher":{"@id":"https:\/\/acuariosupremus.com\/#organization"},"potentialAction":[{"@type":"SearchAction","target":{"@type":"EntryPoint","urlTemplate":"https:\/\/acuariosupremus.com\/?s={search_term_string}"},"query-input":{"@type":"PropertyValueSpecification","valueRequired":true,"valueName":"search_term_string"}}],"inLanguage":"es"},{"@type":"Organization","@id":"https:\/\/acuariosupremus.com\/#organization","name":"Acuario Supremus","url":"https:\/\/acuariosupremus.com\/","logo":{"@type":"ImageObject","inLanguage":"es","@id":"https:\/\/acuariosupremus.com\/#\/schema\/logo\/image\/","url":"https:\/\/acuariosupremus.com\/wp-content\/uploads\/2021\/12\/cropped-logo_acuario_supremus_fn-2.png","contentUrl":"https:\/\/acuariosupremus.com\/wp-content\/uploads\/2021\/12\/cropped-logo_acuario_supremus_fn-2.png","width":1000,"height":318,"caption":"Acuario Supremus"},"image":{"@id":"https:\/\/acuariosupremus.com\/#\/schema\/logo\/image\/"},"sameAs":["https:\/\/www.facebook.com\/AcuarioSupremus","https:\/\/x.com\/AcuarioSupremus","https:\/\/www.instagram.com\/acuariosupremus\/?hl=es"]}]}},"jetpack_sharing_enabled":true,"_links":{"self":[{"href":"https:\/\/acuariosupremus.com\/index.php?rest_route=\/wp\/v2\/product\/1641","targetHints":{"allow":["GET"]}}],"collection":[{"href":"https:\/\/acuariosupremus.com\/index.php?rest_route=\/wp\/v2\/product"}],"about":[{"href":"https:\/\/acuariosupremus.com\/index.php?rest_route=\/wp\/v2\/types\/product"}],"wp:featuredmedia":[{"embeddable":true,"href":"https:\/\/acuariosupremus.com\/index.php?rest_route=\/wp\/v2\/media\/1642"}],"wp:attachment":[{"href":"https:\/\/acuariosupremus.com\/index.php?rest_route=%2Fwp%2Fv2%2Fmedia&parent=1641"}],"wp:term":[{"taxonomy":"product_brand","embeddable":true,"href":"https:\/\/acuariosupremus.com\/index.php?rest_route=%2Fwp%2Fv2%2Fproduct_brand&post=1641"},{"taxonomy":"product_cat","embeddable":true,"href":"https:\/\/acuariosupremus.com\/index.php?rest_route=%2Fwp%2Fv2%2Fproduct_cat&post=1641"},{"taxonomy":"product_tag","embeddable":true,"href":"https:\/\/acuariosupremus.com\/index.php?rest_route=%2Fwp%2Fv2%2Fproduct_tag&post=1641"}],"curies":[{"name":"wp","href":"https:\/\/api.w.org\/{rel}","templated":true}]}}