{"id":1672,"date":"2022-02-01T15:45:08","date_gmt":"2022-02-01T21:45:08","guid":{"rendered":"https:\/\/acuariosupremus.com\/?post_type=product&#038;p=1672"},"modified":"2025-12-16T13:59:27","modified_gmt":"2025-12-16T19:59:27","slug":"luminario-spectrum-ii-led-5-w-60-cm","status":"publish","type":"product","link":"https:\/\/acuariosupremus.com\/?product=luminario-spectrum-ii-led-5-w-60-cm","title":{"rendered":"LUMINARIO SPECTRUM II LED 5 W 60 CM"},"content":{"rendered":"<p>Especificaciones el\u00e9ctricas:<br \/>\n100-240V ~ 50-60Hz 5W<br \/>\nConsumo de energ\u00eda en operaci\u00f3n del aparato:0,015 KWh.<br \/>\nL\u00famenes: 569 lm.<br \/>\nTemperatura de color: 8440 \u00b0K.<\/p>\n<p>Instrucciones:<br \/>\n1. Evite el contacto directo del equipo con el agua; si llegara a suceder, descon\u00e9ctelo inmediato del tomacorriente.<br \/>\n2. No utilice el equipo si tiene el cable o la clavija da\u00f1ados, sino funciona correctamente, si se ha golpeado o da\u00f1ado de<br \/>\ncualquier manera.<br \/>\n3. Para evitar riesgos de corto circuito, conecte la clavija en un contacto de pared de manera que una parte del cable quede por debajo del nivel del tomacorriente (ver imagen 1). Esto impedir\u00e1 que un goteo accidental moje el enchufe.<br \/>\n4. Si llegara a mojarse la clavija o el tomacorriente, no toque el cable hasta haber desconectado la corriente el\u00e9ctrica desde un tablero de control o una caja de fusibles. Una vez que haya cortado la corriente el\u00e9ctrica, examine el enchufe para ver si hay agua presente.<br \/>\n5. Siempre desconecte el equipo del tomacorriente cuando no lo est\u00e9 utilizando. Nunca tire del cable para desconectar el<br \/>\naparato; tome la clavija con la mano y tire de ella.<br \/>\n6. No le d\u00e9 al equipo otro uso que no sea el descrito. Utilice siempre accesorios de marca SPECTRUM II LED.<br \/>\n7. No guarde o instale el equipo a la intemperie.<br \/>\n8. Si es necesario a\u00f1adir una extensi\u00f3n, utilice una de igual o mayor capacidad que la del equipo. Es posible que las<br \/>\nextensiones con capacidades de amperaje o potencia en vatios menor se sobrecalienten.<br \/>\n<strong>Advertencia:<\/strong><br \/>\nPara evitar da\u00f1os o lesiones es necesario tomar ciertas medidas ya que los equipos el\u00e9ctricos se encuentran expuestos al<br \/>\nagua.<br \/>\nLEA CUIDADOSAMENTE LAS INSTRUCCIONES ANTES DE UTILIZAR \u00c9STE PRODUCTO.<br \/>\nMedidas:<br \/>\n<strong>60 cm<\/strong><\/p>\n","protected":false},"excerpt":{"rendered":"<p>Spectrum de aluminio.<br \/>\nLuminario de Led para acuario.<br \/>\nTecnolog\u00eda Led de alta densidad y larga duraci\u00f3n.<br \/>\nDise\u00f1o delgado y elegante.<br \/>\nHasta un 60% de ahorro de energ\u00eda.<\/p>\n","protected":false},"featured_media":1673,"template":"","meta":[],"product_brand":[105],"product_cat":[40,50],"product_tag":[200,201,198],"class_list":{"0":"post-1672","1":"product","2":"type-product","3":"status-publish","4":"has-post-thumbnail","6":"product_brand-lomas","7":"product_cat-peces","8":"product_cat-lamparas-luz-uv-y-focos","9":"product_tag-60-cm","10":"product_tag-lampara-spectrum-ii","11":"product_tag-led","13":"first","14":"instock","15":"sale","16":"shipping-taxable","17":"purchasable","18":"product-type-simple"},"yoast_head":"<!-- This site is optimized with the Yoast SEO plugin v27.4 - https:\/\/yoast.com\/product\/yoast-seo-wordpress\/ -->\n<title>LUMINARIO SPECTRUM II LED 5 W 60 CM | Acuario Supremus<\/title>\n<meta name=\"description\" content=\"Tecnolog\u00eda Led de alta densidad y larga duraci\u00f3n, Dise\u00f1o delgado y elegante, Hasta un 60% de ahorro de energ\u00eda, 60 cent\u00edmetros.\" \/>\n<meta name=\"robots\" content=\"index, follow, max-snippet:-1, max-image-preview:large, max-video-preview:-1\" \/>\n<link rel=\"canonical\" href=\"https:\/\/acuariosupremus.com\/?product=luminario-spectrum-ii-led-5-w-60-cm\" \/>\n<meta property=\"og:locale\" content=\"es_MX\" \/>\n<meta property=\"og:type\" content=\"article\" \/>\n<meta property=\"og:title\" content=\"LUMINARIO SPECTRUM II LED 5 W 60 CM | Acuario Supremus\" \/>\n<meta property=\"og:description\" content=\"Tecnolog\u00eda Led de alta densidad y larga duraci\u00f3n, Dise\u00f1o delgado y elegante, Hasta un 60% de ahorro de energ\u00eda, 60 cent\u00edmetros.\" \/>\n<meta property=\"og:url\" content=\"https:\/\/acuariosupremus.com\/?product=luminario-spectrum-ii-led-5-w-60-cm\" \/>\n<meta property=\"og:site_name\" content=\"Acuario Supremus\" \/>\n<meta property=\"article:publisher\" content=\"https:\/\/www.facebook.com\/AcuarioSupremus\" \/>\n<meta property=\"article:modified_time\" content=\"2025-12-16T19:59:27+00:00\" \/>\n<meta property=\"og:image\" content=\"https:\/\/acuariosupremus.com\/wp-content\/uploads\/2022\/02\/FL7356.jpg\" \/>\n\t<meta property=\"og:image:width\" content=\"1000\" \/>\n\t<meta property=\"og:image:height\" content=\"1000\" \/>\n\t<meta property=\"og:image:type\" content=\"image\/jpeg\" \/>\n<meta name=\"twitter:card\" content=\"summary_large_image\" \/>\n<meta name=\"twitter:site\" content=\"@AcuarioSupremus\" \/>\n<meta name=\"twitter:label1\" content=\"Tiempo de lectura\" \/>\n\t<meta name=\"twitter:data1\" content=\"2 minutos\" \/>\n<script type=\"application\/ld+json\" class=\"yoast-schema-graph\">{\"@context\":\"https:\\\/\\\/schema.org\",\"@graph\":[{\"@type\":\"WebPage\",\"@id\":\"https:\\\/\\\/acuariosupremus.com\\\/?product=luminario-spectrum-ii-led-5-w-60-cm\",\"url\":\"https:\\\/\\\/acuariosupremus.com\\\/?product=luminario-spectrum-ii-led-5-w-60-cm\",\"name\":\"LUMINARIO SPECTRUM II LED 5 W 60 CM | Acuario Supremus\",\"isPartOf\":{\"@id\":\"https:\\\/\\\/acuariosupremus.com\\\/#website\"},\"primaryImageOfPage\":{\"@id\":\"https:\\\/\\\/acuariosupremus.com\\\/?product=luminario-spectrum-ii-led-5-w-60-cm#primaryimage\"},\"image\":{\"@id\":\"https:\\\/\\\/acuariosupremus.com\\\/?product=luminario-spectrum-ii-led-5-w-60-cm#primaryimage\"},\"thumbnailUrl\":\"https:\\\/\\\/acuariosupremus.com\\\/wp-content\\\/uploads\\\/2022\\\/02\\\/FL7356.jpg\",\"datePublished\":\"2022-02-01T21:45:08+00:00\",\"dateModified\":\"2025-12-16T19:59:27+00:00\",\"description\":\"Tecnolog\u00eda Led de alta densidad y larga duraci\u00f3n, Dise\u00f1o delgado y elegante, Hasta un 60% de ahorro de energ\u00eda, 60 cent\u00edmetros.\",\"breadcrumb\":{\"@id\":\"https:\\\/\\\/acuariosupremus.com\\\/?product=luminario-spectrum-ii-led-5-w-60-cm#breadcrumb\"},\"inLanguage\":\"es\",\"potentialAction\":[{\"@type\":\"ReadAction\",\"target\":[\"https:\\\/\\\/acuariosupremus.com\\\/?product=luminario-spectrum-ii-led-5-w-60-cm\"]}]},{\"@type\":\"ImageObject\",\"inLanguage\":\"es\",\"@id\":\"https:\\\/\\\/acuariosupremus.com\\\/?product=luminario-spectrum-ii-led-5-w-60-cm#primaryimage\",\"url\":\"https:\\\/\\\/acuariosupremus.com\\\/wp-content\\\/uploads\\\/2022\\\/02\\\/FL7356.jpg\",\"contentUrl\":\"https:\\\/\\\/acuariosupremus.com\\\/wp-content\\\/uploads\\\/2022\\\/02\\\/FL7356.jpg\",\"width\":1000,\"height\":1000},{\"@type\":\"BreadcrumbList\",\"@id\":\"https:\\\/\\\/acuariosupremus.com\\\/?product=luminario-spectrum-ii-led-5-w-60-cm#breadcrumb\",\"itemListElement\":[{\"@type\":\"ListItem\",\"position\":1,\"name\":\"Portada\",\"item\":\"https:\\\/\\\/acuariosupremus.com\\\/\"},{\"@type\":\"ListItem\",\"position\":2,\"name\":\"Tienda\",\"item\":\"https:\\\/\\\/acuariosupremus.com\\\/tienda\\\/\"},{\"@type\":\"ListItem\",\"position\":3,\"name\":\"LUMINARIO SPECTRUM II LED 5 W 60 CM\"}]},{\"@type\":\"WebSite\",\"@id\":\"https:\\\/\\\/acuariosupremus.com\\\/#website\",\"url\":\"https:\\\/\\\/acuariosupremus.com\\\/\",\"name\":\"Acuario Supremus\",\"description\":\"Peces, Peceras y Mascotas.\",\"publisher\":{\"@id\":\"https:\\\/\\\/acuariosupremus.com\\\/#organization\"},\"potentialAction\":[{\"@type\":\"SearchAction\",\"target\":{\"@type\":\"EntryPoint\",\"urlTemplate\":\"https:\\\/\\\/acuariosupremus.com\\\/?s={search_term_string}\"},\"query-input\":{\"@type\":\"PropertyValueSpecification\",\"valueRequired\":true,\"valueName\":\"search_term_string\"}}],\"inLanguage\":\"es\"},{\"@type\":\"Organization\",\"@id\":\"https:\\\/\\\/acuariosupremus.com\\\/#organization\",\"name\":\"Acuario Supremus\",\"url\":\"https:\\\/\\\/acuariosupremus.com\\\/\",\"logo\":{\"@type\":\"ImageObject\",\"inLanguage\":\"es\",\"@id\":\"https:\\\/\\\/acuariosupremus.com\\\/#\\\/schema\\\/logo\\\/image\\\/\",\"url\":\"https:\\\/\\\/acuariosupremus.com\\\/wp-content\\\/uploads\\\/2021\\\/12\\\/cropped-logo_acuario_supremus_fn-2.png\",\"contentUrl\":\"https:\\\/\\\/acuariosupremus.com\\\/wp-content\\\/uploads\\\/2021\\\/12\\\/cropped-logo_acuario_supremus_fn-2.png\",\"width\":1000,\"height\":318,\"caption\":\"Acuario Supremus\"},\"image\":{\"@id\":\"https:\\\/\\\/acuariosupremus.com\\\/#\\\/schema\\\/logo\\\/image\\\/\"},\"sameAs\":[\"https:\\\/\\\/www.facebook.com\\\/AcuarioSupremus\",\"https:\\\/\\\/x.com\\\/AcuarioSupremus\",\"https:\\\/\\\/www.instagram.com\\\/acuariosupremus\\\/?hl=es\"]}]}<\/script>\n<!-- \/ Yoast SEO plugin. -->","yoast_head_json":{"title":"LUMINARIO SPECTRUM II LED 5 W 60 CM | Acuario Supremus","description":"Tecnolog\u00eda Led de alta densidad y larga duraci\u00f3n, Dise\u00f1o delgado y elegante, Hasta un 60% de ahorro de energ\u00eda, 60 cent\u00edmetros.","robots":{"index":"index","follow":"follow","max-snippet":"max-snippet:-1","max-image-preview":"max-image-preview:large","max-video-preview":"max-video-preview:-1"},"canonical":"https:\/\/acuariosupremus.com\/?product=luminario-spectrum-ii-led-5-w-60-cm","og_locale":"es_MX","og_type":"article","og_title":"LUMINARIO SPECTRUM II LED 5 W 60 CM | Acuario Supremus","og_description":"Tecnolog\u00eda Led de alta densidad y larga duraci\u00f3n, Dise\u00f1o delgado y elegante, Hasta un 60% de ahorro de energ\u00eda, 60 cent\u00edmetros.","og_url":"https:\/\/acuariosupremus.com\/?product=luminario-spectrum-ii-led-5-w-60-cm","og_site_name":"Acuario Supremus","article_publisher":"https:\/\/www.facebook.com\/AcuarioSupremus","article_modified_time":"2025-12-16T19:59:27+00:00","og_image":[{"width":1000,"height":1000,"url":"https:\/\/acuariosupremus.com\/wp-content\/uploads\/2022\/02\/FL7356.jpg","type":"image\/jpeg"}],"twitter_card":"summary_large_image","twitter_site":"@AcuarioSupremus","twitter_misc":{"Tiempo de lectura":"2 minutos"},"schema":{"@context":"https:\/\/schema.org","@graph":[{"@type":"WebPage","@id":"https:\/\/acuariosupremus.com\/?product=luminario-spectrum-ii-led-5-w-60-cm","url":"https:\/\/acuariosupremus.com\/?product=luminario-spectrum-ii-led-5-w-60-cm","name":"LUMINARIO SPECTRUM II LED 5 W 60 CM | Acuario Supremus","isPartOf":{"@id":"https:\/\/acuariosupremus.com\/#website"},"primaryImageOfPage":{"@id":"https:\/\/acuariosupremus.com\/?product=luminario-spectrum-ii-led-5-w-60-cm#primaryimage"},"image":{"@id":"https:\/\/acuariosupremus.com\/?product=luminario-spectrum-ii-led-5-w-60-cm#primaryimage"},"thumbnailUrl":"https:\/\/acuariosupremus.com\/wp-content\/uploads\/2022\/02\/FL7356.jpg","datePublished":"2022-02-01T21:45:08+00:00","dateModified":"2025-12-16T19:59:27+00:00","description":"Tecnolog\u00eda Led de alta densidad y larga duraci\u00f3n, Dise\u00f1o delgado y elegante, Hasta un 60% de ahorro de energ\u00eda, 60 cent\u00edmetros.","breadcrumb":{"@id":"https:\/\/acuariosupremus.com\/?product=luminario-spectrum-ii-led-5-w-60-cm#breadcrumb"},"inLanguage":"es","potentialAction":[{"@type":"ReadAction","target":["https:\/\/acuariosupremus.com\/?product=luminario-spectrum-ii-led-5-w-60-cm"]}]},{"@type":"ImageObject","inLanguage":"es","@id":"https:\/\/acuariosupremus.com\/?product=luminario-spectrum-ii-led-5-w-60-cm#primaryimage","url":"https:\/\/acuariosupremus.com\/wp-content\/uploads\/2022\/02\/FL7356.jpg","contentUrl":"https:\/\/acuariosupremus.com\/wp-content\/uploads\/2022\/02\/FL7356.jpg","width":1000,"height":1000},{"@type":"BreadcrumbList","@id":"https:\/\/acuariosupremus.com\/?product=luminario-spectrum-ii-led-5-w-60-cm#breadcrumb","itemListElement":[{"@type":"ListItem","position":1,"name":"Portada","item":"https:\/\/acuariosupremus.com\/"},{"@type":"ListItem","position":2,"name":"Tienda","item":"https:\/\/acuariosupremus.com\/tienda\/"},{"@type":"ListItem","position":3,"name":"LUMINARIO SPECTRUM II LED 5 W 60 CM"}]},{"@type":"WebSite","@id":"https:\/\/acuariosupremus.com\/#website","url":"https:\/\/acuariosupremus.com\/","name":"Acuario Supremus","description":"Peces, Peceras y Mascotas.","publisher":{"@id":"https:\/\/acuariosupremus.com\/#organization"},"potentialAction":[{"@type":"SearchAction","target":{"@type":"EntryPoint","urlTemplate":"https:\/\/acuariosupremus.com\/?s={search_term_string}"},"query-input":{"@type":"PropertyValueSpecification","valueRequired":true,"valueName":"search_term_string"}}],"inLanguage":"es"},{"@type":"Organization","@id":"https:\/\/acuariosupremus.com\/#organization","name":"Acuario Supremus","url":"https:\/\/acuariosupremus.com\/","logo":{"@type":"ImageObject","inLanguage":"es","@id":"https:\/\/acuariosupremus.com\/#\/schema\/logo\/image\/","url":"https:\/\/acuariosupremus.com\/wp-content\/uploads\/2021\/12\/cropped-logo_acuario_supremus_fn-2.png","contentUrl":"https:\/\/acuariosupremus.com\/wp-content\/uploads\/2021\/12\/cropped-logo_acuario_supremus_fn-2.png","width":1000,"height":318,"caption":"Acuario Supremus"},"image":{"@id":"https:\/\/acuariosupremus.com\/#\/schema\/logo\/image\/"},"sameAs":["https:\/\/www.facebook.com\/AcuarioSupremus","https:\/\/x.com\/AcuarioSupremus","https:\/\/www.instagram.com\/acuariosupremus\/?hl=es"]}]}},"jetpack_sharing_enabled":true,"_links":{"self":[{"href":"https:\/\/acuariosupremus.com\/index.php?rest_route=\/wp\/v2\/product\/1672","targetHints":{"allow":["GET"]}}],"collection":[{"href":"https:\/\/acuariosupremus.com\/index.php?rest_route=\/wp\/v2\/product"}],"about":[{"href":"https:\/\/acuariosupremus.com\/index.php?rest_route=\/wp\/v2\/types\/product"}],"wp:featuredmedia":[{"embeddable":true,"href":"https:\/\/acuariosupremus.com\/index.php?rest_route=\/wp\/v2\/media\/1673"}],"wp:attachment":[{"href":"https:\/\/acuariosupremus.com\/index.php?rest_route=%2Fwp%2Fv2%2Fmedia&parent=1672"}],"wp:term":[{"taxonomy":"product_brand","embeddable":true,"href":"https:\/\/acuariosupremus.com\/index.php?rest_route=%2Fwp%2Fv2%2Fproduct_brand&post=1672"},{"taxonomy":"product_cat","embeddable":true,"href":"https:\/\/acuariosupremus.com\/index.php?rest_route=%2Fwp%2Fv2%2Fproduct_cat&post=1672"},{"taxonomy":"product_tag","embeddable":true,"href":"https:\/\/acuariosupremus.com\/index.php?rest_route=%2Fwp%2Fv2%2Fproduct_tag&post=1672"}],"curies":[{"name":"wp","href":"https:\/\/api.w.org\/{rel}","templated":true}]}}