{"id":1685,"date":"2022-02-01T16:16:12","date_gmt":"2022-02-01T22:16:12","guid":{"rendered":"https:\/\/acuariosupremus.com\/?post_type=product&#038;p=1685"},"modified":"2026-04-22T15:50:57","modified_gmt":"2026-04-22T21:50:57","slug":"sistema-esterilizador-uv-aquajet-18-w","status":"publish","type":"product","link":"https:\/\/acuariosupremus.com\/?product=sistema-esterilizador-uv-aquajet-18-w","title":{"rendered":"SISTEMA ESTERILIZADOR UV AQUAJET 18 W"},"content":{"rendered":"<p>&#8211; Ayuda a controlar la proliferaci\u00f3n excesiva de algas y agentes pat\u00f3genos.<br \/>\n&#8211; Previene la propagaci\u00f3n de enfermedades.<br \/>\n&#8211; Ayuda a mantener el agua cristalina.<br \/>\n&#8211; No es nocivo para los peces o plantas del acuario.<br \/>\n&#8211; Dise\u00f1o con cuerpo giratorio 360\u00b0<br \/>\nEspecificaciones t\u00e9cnicas:<br \/>\nVoltaje: 110-120 V ~ 60 Hz<br \/>\nPotencia: 18 W<br \/>\nInstrucciones:<br \/>\nConsulte el manual anexo.<\/p>\n<p>Recomendaciones:<br \/>\nConsidere 5 mil horas de efectividad de la l\u00e1mpara UV y reempl\u00e1cela transcurrido este tiempo para asegurar su buen funcionamiento. Se aconseja no utilizar el sistema esterilizador UV en acuarios medicados, nuevos o en cambios<br \/>\nde agua. No haga trabajar el filtro en seco.<br \/>\n<a href=\"https:\/\/acuariosupremus.com\/producto\/foco-p-sistema-esterilizador-uv-18-w\/\">USE S\u00d3LO EL REPUESTO ORIGINAL DE LA L\u00c1MPARA UV 18 W :\u00a0 FL7698.<\/a><br \/>\n<strong>Advertencias:<\/strong><br \/>\nNunca exponga la luz UV directamente sobre la piel u ojos. La radiaci\u00f3n es da\u00f1ina. Por medida de seguridad la luz UV encender\u00e1 por medio de un interruptor \u00fanicamente cuando el equipo est\u00e9 completamente cerrado.<\/p>\n","protected":false},"excerpt":{"rendered":"<p>El esterilizador UV es un eficaz aliado para prevenir enfermedades y reducir probabilidades de contagio, as\u00ed como para evitar la propagaci\u00f3n descontrolada de algas unicelulares, bacterias y virus, ayudando a preservar la salud general del h\u00e1bitat.<\/p>\n","protected":false},"featured_media":1686,"template":"","meta":[],"product_brand":[105],"product_cat":[40,50],"product_tag":[178,158,205,190,185,206],"class_list":{"0":"post-1685","1":"product","2":"type-product","3":"status-publish","4":"has-post-thumbnail","6":"product_brand-lomas","7":"product_cat-peces","8":"product_cat-lamparas-luz-uv-y-focos","9":"product_tag-arrecife","10":"product_tag-estanque","11":"product_tag-esterilizador-uv","12":"product_tag-luz-uv","13":"product_tag-peces-marinos","14":"product_tag-peces-tropicales","16":"first","17":"instock","18":"sale","19":"shipping-taxable","20":"purchasable","21":"product-type-simple"},"yoast_head":"<!-- This site is optimized with the Yoast SEO plugin v27.4 - https:\/\/yoast.com\/product\/yoast-seo-wordpress\/ -->\n<title>SISTEMA ESTERILIZADOR UV AQUAJET 18 W | Acuario Supremus<\/title>\n<meta name=\"description\" content=\"Ayuda a controlar la proliferaci\u00f3n de algas y agentes pat\u00f3genos, Previene la propagaci\u00f3n de enfermedades y ayuda a mantener el agua cristalina.\" \/>\n<meta name=\"robots\" content=\"index, follow, max-snippet:-1, max-image-preview:large, max-video-preview:-1\" \/>\n<link rel=\"canonical\" href=\"https:\/\/acuariosupremus.com\/?product=sistema-esterilizador-uv-aquajet-18-w\" \/>\n<meta property=\"og:locale\" content=\"es_MX\" \/>\n<meta property=\"og:type\" content=\"article\" \/>\n<meta property=\"og:title\" content=\"SISTEMA ESTERILIZADOR UV AQUAJET 18 W | Acuario Supremus\" \/>\n<meta property=\"og:description\" content=\"Ayuda a controlar la proliferaci\u00f3n de algas y agentes pat\u00f3genos, Previene la propagaci\u00f3n de enfermedades y ayuda a mantener el agua cristalina.\" \/>\n<meta property=\"og:url\" content=\"https:\/\/acuariosupremus.com\/?product=sistema-esterilizador-uv-aquajet-18-w\" \/>\n<meta property=\"og:site_name\" content=\"Acuario Supremus\" \/>\n<meta property=\"article:publisher\" content=\"https:\/\/www.facebook.com\/AcuarioSupremus\" \/>\n<meta property=\"article:modified_time\" content=\"2026-04-22T21:50:57+00:00\" \/>\n<meta property=\"og:image\" content=\"https:\/\/acuariosupremus.com\/wp-content\/uploads\/2022\/02\/FL7688.jpg\" \/>\n\t<meta property=\"og:image:width\" content=\"1000\" \/>\n\t<meta property=\"og:image:height\" content=\"1000\" \/>\n\t<meta property=\"og:image:type\" content=\"image\/jpeg\" \/>\n<meta name=\"twitter:card\" content=\"summary_large_image\" \/>\n<meta name=\"twitter:site\" content=\"@AcuarioSupremus\" \/>\n<meta name=\"twitter:label1\" content=\"Tiempo de lectura\" \/>\n\t<meta name=\"twitter:data1\" content=\"1 minuto\" \/>\n<script type=\"application\/ld+json\" class=\"yoast-schema-graph\">{\"@context\":\"https:\\\/\\\/schema.org\",\"@graph\":[{\"@type\":\"WebPage\",\"@id\":\"https:\\\/\\\/acuariosupremus.com\\\/?product=sistema-esterilizador-uv-aquajet-18-w\",\"url\":\"https:\\\/\\\/acuariosupremus.com\\\/?product=sistema-esterilizador-uv-aquajet-18-w\",\"name\":\"SISTEMA ESTERILIZADOR UV AQUAJET 18 W | Acuario Supremus\",\"isPartOf\":{\"@id\":\"https:\\\/\\\/acuariosupremus.com\\\/#website\"},\"primaryImageOfPage\":{\"@id\":\"https:\\\/\\\/acuariosupremus.com\\\/?product=sistema-esterilizador-uv-aquajet-18-w#primaryimage\"},\"image\":{\"@id\":\"https:\\\/\\\/acuariosupremus.com\\\/?product=sistema-esterilizador-uv-aquajet-18-w#primaryimage\"},\"thumbnailUrl\":\"https:\\\/\\\/acuariosupremus.com\\\/wp-content\\\/uploads\\\/2022\\\/02\\\/FL7688.jpg\",\"datePublished\":\"2022-02-01T22:16:12+00:00\",\"dateModified\":\"2026-04-22T21:50:57+00:00\",\"description\":\"Ayuda a controlar la proliferaci\u00f3n de algas y agentes pat\u00f3genos, Previene la propagaci\u00f3n de enfermedades y ayuda a mantener el agua cristalina.\",\"breadcrumb\":{\"@id\":\"https:\\\/\\\/acuariosupremus.com\\\/?product=sistema-esterilizador-uv-aquajet-18-w#breadcrumb\"},\"inLanguage\":\"es\",\"potentialAction\":[{\"@type\":\"ReadAction\",\"target\":[\"https:\\\/\\\/acuariosupremus.com\\\/?product=sistema-esterilizador-uv-aquajet-18-w\"]}]},{\"@type\":\"ImageObject\",\"inLanguage\":\"es\",\"@id\":\"https:\\\/\\\/acuariosupremus.com\\\/?product=sistema-esterilizador-uv-aquajet-18-w#primaryimage\",\"url\":\"https:\\\/\\\/acuariosupremus.com\\\/wp-content\\\/uploads\\\/2022\\\/02\\\/FL7688.jpg\",\"contentUrl\":\"https:\\\/\\\/acuariosupremus.com\\\/wp-content\\\/uploads\\\/2022\\\/02\\\/FL7688.jpg\",\"width\":1000,\"height\":1000},{\"@type\":\"BreadcrumbList\",\"@id\":\"https:\\\/\\\/acuariosupremus.com\\\/?product=sistema-esterilizador-uv-aquajet-18-w#breadcrumb\",\"itemListElement\":[{\"@type\":\"ListItem\",\"position\":1,\"name\":\"Portada\",\"item\":\"https:\\\/\\\/acuariosupremus.com\\\/\"},{\"@type\":\"ListItem\",\"position\":2,\"name\":\"Tienda\",\"item\":\"https:\\\/\\\/acuariosupremus.com\\\/tienda\\\/\"},{\"@type\":\"ListItem\",\"position\":3,\"name\":\"SISTEMA ESTERILIZADOR UV AQUAJET 18 W\"}]},{\"@type\":\"WebSite\",\"@id\":\"https:\\\/\\\/acuariosupremus.com\\\/#website\",\"url\":\"https:\\\/\\\/acuariosupremus.com\\\/\",\"name\":\"Acuario Supremus\",\"description\":\"Peces, Peceras y Mascotas.\",\"publisher\":{\"@id\":\"https:\\\/\\\/acuariosupremus.com\\\/#organization\"},\"potentialAction\":[{\"@type\":\"SearchAction\",\"target\":{\"@type\":\"EntryPoint\",\"urlTemplate\":\"https:\\\/\\\/acuariosupremus.com\\\/?s={search_term_string}\"},\"query-input\":{\"@type\":\"PropertyValueSpecification\",\"valueRequired\":true,\"valueName\":\"search_term_string\"}}],\"inLanguage\":\"es\"},{\"@type\":\"Organization\",\"@id\":\"https:\\\/\\\/acuariosupremus.com\\\/#organization\",\"name\":\"Acuario Supremus\",\"url\":\"https:\\\/\\\/acuariosupremus.com\\\/\",\"logo\":{\"@type\":\"ImageObject\",\"inLanguage\":\"es\",\"@id\":\"https:\\\/\\\/acuariosupremus.com\\\/#\\\/schema\\\/logo\\\/image\\\/\",\"url\":\"https:\\\/\\\/acuariosupremus.com\\\/wp-content\\\/uploads\\\/2021\\\/12\\\/cropped-logo_acuario_supremus_fn-2.png\",\"contentUrl\":\"https:\\\/\\\/acuariosupremus.com\\\/wp-content\\\/uploads\\\/2021\\\/12\\\/cropped-logo_acuario_supremus_fn-2.png\",\"width\":1000,\"height\":318,\"caption\":\"Acuario Supremus\"},\"image\":{\"@id\":\"https:\\\/\\\/acuariosupremus.com\\\/#\\\/schema\\\/logo\\\/image\\\/\"},\"sameAs\":[\"https:\\\/\\\/www.facebook.com\\\/AcuarioSupremus\",\"https:\\\/\\\/x.com\\\/AcuarioSupremus\",\"https:\\\/\\\/www.instagram.com\\\/acuariosupremus\\\/?hl=es\"]}]}<\/script>\n<!-- \/ Yoast SEO plugin. -->","yoast_head_json":{"title":"SISTEMA ESTERILIZADOR UV AQUAJET 18 W | Acuario Supremus","description":"Ayuda a controlar la proliferaci\u00f3n de algas y agentes pat\u00f3genos, Previene la propagaci\u00f3n de enfermedades y ayuda a mantener el agua cristalina.","robots":{"index":"index","follow":"follow","max-snippet":"max-snippet:-1","max-image-preview":"max-image-preview:large","max-video-preview":"max-video-preview:-1"},"canonical":"https:\/\/acuariosupremus.com\/?product=sistema-esterilizador-uv-aquajet-18-w","og_locale":"es_MX","og_type":"article","og_title":"SISTEMA ESTERILIZADOR UV AQUAJET 18 W | Acuario Supremus","og_description":"Ayuda a controlar la proliferaci\u00f3n de algas y agentes pat\u00f3genos, Previene la propagaci\u00f3n de enfermedades y ayuda a mantener el agua cristalina.","og_url":"https:\/\/acuariosupremus.com\/?product=sistema-esterilizador-uv-aquajet-18-w","og_site_name":"Acuario Supremus","article_publisher":"https:\/\/www.facebook.com\/AcuarioSupremus","article_modified_time":"2026-04-22T21:50:57+00:00","og_image":[{"width":1000,"height":1000,"url":"https:\/\/acuariosupremus.com\/wp-content\/uploads\/2022\/02\/FL7688.jpg","type":"image\/jpeg"}],"twitter_card":"summary_large_image","twitter_site":"@AcuarioSupremus","twitter_misc":{"Tiempo de lectura":"1 minuto"},"schema":{"@context":"https:\/\/schema.org","@graph":[{"@type":"WebPage","@id":"https:\/\/acuariosupremus.com\/?product=sistema-esterilizador-uv-aquajet-18-w","url":"https:\/\/acuariosupremus.com\/?product=sistema-esterilizador-uv-aquajet-18-w","name":"SISTEMA ESTERILIZADOR UV AQUAJET 18 W | Acuario Supremus","isPartOf":{"@id":"https:\/\/acuariosupremus.com\/#website"},"primaryImageOfPage":{"@id":"https:\/\/acuariosupremus.com\/?product=sistema-esterilizador-uv-aquajet-18-w#primaryimage"},"image":{"@id":"https:\/\/acuariosupremus.com\/?product=sistema-esterilizador-uv-aquajet-18-w#primaryimage"},"thumbnailUrl":"https:\/\/acuariosupremus.com\/wp-content\/uploads\/2022\/02\/FL7688.jpg","datePublished":"2022-02-01T22:16:12+00:00","dateModified":"2026-04-22T21:50:57+00:00","description":"Ayuda a controlar la proliferaci\u00f3n de algas y agentes pat\u00f3genos, Previene la propagaci\u00f3n de enfermedades y ayuda a mantener el agua cristalina.","breadcrumb":{"@id":"https:\/\/acuariosupremus.com\/?product=sistema-esterilizador-uv-aquajet-18-w#breadcrumb"},"inLanguage":"es","potentialAction":[{"@type":"ReadAction","target":["https:\/\/acuariosupremus.com\/?product=sistema-esterilizador-uv-aquajet-18-w"]}]},{"@type":"ImageObject","inLanguage":"es","@id":"https:\/\/acuariosupremus.com\/?product=sistema-esterilizador-uv-aquajet-18-w#primaryimage","url":"https:\/\/acuariosupremus.com\/wp-content\/uploads\/2022\/02\/FL7688.jpg","contentUrl":"https:\/\/acuariosupremus.com\/wp-content\/uploads\/2022\/02\/FL7688.jpg","width":1000,"height":1000},{"@type":"BreadcrumbList","@id":"https:\/\/acuariosupremus.com\/?product=sistema-esterilizador-uv-aquajet-18-w#breadcrumb","itemListElement":[{"@type":"ListItem","position":1,"name":"Portada","item":"https:\/\/acuariosupremus.com\/"},{"@type":"ListItem","position":2,"name":"Tienda","item":"https:\/\/acuariosupremus.com\/tienda\/"},{"@type":"ListItem","position":3,"name":"SISTEMA ESTERILIZADOR UV AQUAJET 18 W"}]},{"@type":"WebSite","@id":"https:\/\/acuariosupremus.com\/#website","url":"https:\/\/acuariosupremus.com\/","name":"Acuario Supremus","description":"Peces, Peceras y Mascotas.","publisher":{"@id":"https:\/\/acuariosupremus.com\/#organization"},"potentialAction":[{"@type":"SearchAction","target":{"@type":"EntryPoint","urlTemplate":"https:\/\/acuariosupremus.com\/?s={search_term_string}"},"query-input":{"@type":"PropertyValueSpecification","valueRequired":true,"valueName":"search_term_string"}}],"inLanguage":"es"},{"@type":"Organization","@id":"https:\/\/acuariosupremus.com\/#organization","name":"Acuario Supremus","url":"https:\/\/acuariosupremus.com\/","logo":{"@type":"ImageObject","inLanguage":"es","@id":"https:\/\/acuariosupremus.com\/#\/schema\/logo\/image\/","url":"https:\/\/acuariosupremus.com\/wp-content\/uploads\/2021\/12\/cropped-logo_acuario_supremus_fn-2.png","contentUrl":"https:\/\/acuariosupremus.com\/wp-content\/uploads\/2021\/12\/cropped-logo_acuario_supremus_fn-2.png","width":1000,"height":318,"caption":"Acuario Supremus"},"image":{"@id":"https:\/\/acuariosupremus.com\/#\/schema\/logo\/image\/"},"sameAs":["https:\/\/www.facebook.com\/AcuarioSupremus","https:\/\/x.com\/AcuarioSupremus","https:\/\/www.instagram.com\/acuariosupremus\/?hl=es"]}]}},"jetpack_sharing_enabled":true,"_links":{"self":[{"href":"https:\/\/acuariosupremus.com\/index.php?rest_route=\/wp\/v2\/product\/1685","targetHints":{"allow":["GET"]}}],"collection":[{"href":"https:\/\/acuariosupremus.com\/index.php?rest_route=\/wp\/v2\/product"}],"about":[{"href":"https:\/\/acuariosupremus.com\/index.php?rest_route=\/wp\/v2\/types\/product"}],"wp:featuredmedia":[{"embeddable":true,"href":"https:\/\/acuariosupremus.com\/index.php?rest_route=\/wp\/v2\/media\/1686"}],"wp:attachment":[{"href":"https:\/\/acuariosupremus.com\/index.php?rest_route=%2Fwp%2Fv2%2Fmedia&parent=1685"}],"wp:term":[{"taxonomy":"product_brand","embeddable":true,"href":"https:\/\/acuariosupremus.com\/index.php?rest_route=%2Fwp%2Fv2%2Fproduct_brand&post=1685"},{"taxonomy":"product_cat","embeddable":true,"href":"https:\/\/acuariosupremus.com\/index.php?rest_route=%2Fwp%2Fv2%2Fproduct_cat&post=1685"},{"taxonomy":"product_tag","embeddable":true,"href":"https:\/\/acuariosupremus.com\/index.php?rest_route=%2Fwp%2Fv2%2Fproduct_tag&post=1685"}],"curies":[{"name":"wp","href":"https:\/\/api.w.org\/{rel}","templated":true}]}}