{"id":1695,"date":"2022-02-01T16:31:45","date_gmt":"2022-02-01T22:31:45","guid":{"rendered":"https:\/\/acuariosupremus.com\/?post_type=product&#038;p=1695"},"modified":"2026-04-22T15:58:02","modified_gmt":"2026-04-22T21:58:02","slug":"luminario-led-nano-spectrum-3-w-15-cm","status":"publish","type":"product","link":"https:\/\/acuariosupremus.com\/?product=luminario-led-nano-spectrum-3-w-15-cm","title":{"rendered":"LUMINARIO LED NANO SPECTRUM 3 W 15 CM"},"content":{"rendered":"<p>Especificaciones el\u00e9ctricas: 127 V ~ 60 Hz 0.05 A. L\u00famenes: 180 lm. Temperatura de color: 3000\u00b0 K.<br \/>\nAdaptador: Entrada : 110-240 V ~ 50-60 Hz 0.3 A. 12 V&#8212; 500 mA<\/p>\n<p>Instrucciones de seguridad:<br \/>\nEvite el contacto directo del equipo con el agua; si llegara a suceder, desconecte de inmediato del tomacorrientes.<br \/>\nNo utilice el equipo si tiene el cable o la clavija da\u00f1ados, si no funciona correctamente, si se ha golpeado o da\u00f1ado de cualquier manera.<br \/>\nNo le d\u00e9 al equipo otro uso que no sea el descrito.<br \/>\nNo guarde o instale el equipo a la intemperie.<br \/>\nPara evitar riesgos de corto circuito, conecte la clavija en un contacto de pared de manera que una parte del cable quede por<br \/>\ndebajo del nivel del tomacorrientes. Esto impedir\u00e1 que un goteo accidental moje el enchufe.<br \/>\nRecomendaciones:<br \/>\nLea cuidadosamente las instrucciones antes de utilizar su producto.<br \/>\nAdvertencia:<br \/>\nPara evitar da\u00f1os o lesiones, es necesario tomar ciertas medidas ya que los equipos el\u00e9ctricos para acuario se encuentran<br \/>\nexpuestos al agua.<br \/>\nMedidas:<br \/>\n<strong>15 cm.<\/strong><\/p>\n","protected":false},"excerpt":{"rendered":"<ul>\n<li>Luminario LED para acuario.<\/li>\n<li>Brazo articulado ajustable.<\/li>\n<li>F\u00e1cil instalaci\u00f3n.<\/li>\n<li>Ideal para peque\u00f1os acuarios.<\/li>\n<li>Equipado con bombillas LED bicolor.<\/li>\n<li>Interruptor externo de luz.<\/li>\n<li>3 W<\/li>\n<\/ul>\n","protected":false},"featured_media":1696,"template":"","meta":[],"product_brand":[105],"product_cat":[40,50],"product_tag":[208,172,207,198,185,206],"class_list":{"0":"post-1695","1":"product","2":"type-product","3":"status-publish","4":"has-post-thumbnail","6":"product_brand-lomas","7":"product_cat-peces","8":"product_cat-lamparas-luz-uv-y-focos","9":"product_tag-beteras","10":"product_tag-bettas","11":"product_tag-lampara-nano","12":"product_tag-led","13":"product_tag-peces-marinos","14":"product_tag-peces-tropicales","16":"first","17":"instock","18":"sale","19":"shipping-taxable","20":"purchasable","21":"product-type-simple"},"yoast_head":"<!-- This site is optimized with the Yoast SEO plugin v27.4 - https:\/\/yoast.com\/product\/yoast-seo-wordpress\/ -->\n<title>LUMINARIO LED NANO SPECTRUM 3 W 15 CM | Acuario Supremus<\/title>\n<meta name=\"description\" content=\"F\u00e1cil instalaci\u00f3n, Ideal para peque\u00f1os acuarios, Equipado con bombillas LED bicolor, Interruptor externo de luz, 3 Watts.\" \/>\n<meta name=\"robots\" content=\"index, follow, max-snippet:-1, max-image-preview:large, max-video-preview:-1\" \/>\n<link rel=\"canonical\" href=\"https:\/\/acuariosupremus.com\/?product=luminario-led-nano-spectrum-3-w-15-cm\" \/>\n<meta property=\"og:locale\" content=\"es_MX\" \/>\n<meta property=\"og:type\" content=\"article\" \/>\n<meta property=\"og:title\" content=\"LUMINARIO LED NANO SPECTRUM 3 W 15 CM | Acuario Supremus\" \/>\n<meta property=\"og:description\" content=\"F\u00e1cil instalaci\u00f3n, Ideal para peque\u00f1os acuarios, Equipado con bombillas LED bicolor, Interruptor externo de luz, 3 Watts.\" \/>\n<meta property=\"og:url\" content=\"https:\/\/acuariosupremus.com\/?product=luminario-led-nano-spectrum-3-w-15-cm\" \/>\n<meta property=\"og:site_name\" content=\"Acuario Supremus\" \/>\n<meta property=\"article:publisher\" content=\"https:\/\/www.facebook.com\/AcuarioSupremus\" \/>\n<meta property=\"article:modified_time\" content=\"2026-04-22T21:58:02+00:00\" \/>\n<meta property=\"og:image\" content=\"https:\/\/acuariosupremus.com\/wp-content\/uploads\/2022\/02\/FL7958_L.jpg\" \/>\n\t<meta property=\"og:image:width\" content=\"1000\" \/>\n\t<meta property=\"og:image:height\" content=\"1000\" \/>\n\t<meta property=\"og:image:type\" content=\"image\/jpeg\" \/>\n<meta name=\"twitter:card\" content=\"summary_large_image\" \/>\n<meta name=\"twitter:site\" content=\"@AcuarioSupremus\" \/>\n<meta name=\"twitter:label1\" content=\"Tiempo de lectura\" \/>\n\t<meta name=\"twitter:data1\" content=\"1 minuto\" \/>\n<script type=\"application\/ld+json\" class=\"yoast-schema-graph\">{\"@context\":\"https:\\\/\\\/schema.org\",\"@graph\":[{\"@type\":\"WebPage\",\"@id\":\"https:\\\/\\\/acuariosupremus.com\\\/?product=luminario-led-nano-spectrum-3-w-15-cm\",\"url\":\"https:\\\/\\\/acuariosupremus.com\\\/?product=luminario-led-nano-spectrum-3-w-15-cm\",\"name\":\"LUMINARIO LED NANO SPECTRUM 3 W 15 CM | Acuario Supremus\",\"isPartOf\":{\"@id\":\"https:\\\/\\\/acuariosupremus.com\\\/#website\"},\"primaryImageOfPage\":{\"@id\":\"https:\\\/\\\/acuariosupremus.com\\\/?product=luminario-led-nano-spectrum-3-w-15-cm#primaryimage\"},\"image\":{\"@id\":\"https:\\\/\\\/acuariosupremus.com\\\/?product=luminario-led-nano-spectrum-3-w-15-cm#primaryimage\"},\"thumbnailUrl\":\"https:\\\/\\\/acuariosupremus.com\\\/wp-content\\\/uploads\\\/2022\\\/02\\\/FL7958_L.jpg\",\"datePublished\":\"2022-02-01T22:31:45+00:00\",\"dateModified\":\"2026-04-22T21:58:02+00:00\",\"description\":\"F\u00e1cil instalaci\u00f3n, Ideal para peque\u00f1os acuarios, Equipado con bombillas LED bicolor, Interruptor externo de luz, 3 Watts.\",\"breadcrumb\":{\"@id\":\"https:\\\/\\\/acuariosupremus.com\\\/?product=luminario-led-nano-spectrum-3-w-15-cm#breadcrumb\"},\"inLanguage\":\"es\",\"potentialAction\":[{\"@type\":\"ReadAction\",\"target\":[\"https:\\\/\\\/acuariosupremus.com\\\/?product=luminario-led-nano-spectrum-3-w-15-cm\"]}]},{\"@type\":\"ImageObject\",\"inLanguage\":\"es\",\"@id\":\"https:\\\/\\\/acuariosupremus.com\\\/?product=luminario-led-nano-spectrum-3-w-15-cm#primaryimage\",\"url\":\"https:\\\/\\\/acuariosupremus.com\\\/wp-content\\\/uploads\\\/2022\\\/02\\\/FL7958_L.jpg\",\"contentUrl\":\"https:\\\/\\\/acuariosupremus.com\\\/wp-content\\\/uploads\\\/2022\\\/02\\\/FL7958_L.jpg\",\"width\":1000,\"height\":1000},{\"@type\":\"BreadcrumbList\",\"@id\":\"https:\\\/\\\/acuariosupremus.com\\\/?product=luminario-led-nano-spectrum-3-w-15-cm#breadcrumb\",\"itemListElement\":[{\"@type\":\"ListItem\",\"position\":1,\"name\":\"Portada\",\"item\":\"https:\\\/\\\/acuariosupremus.com\\\/\"},{\"@type\":\"ListItem\",\"position\":2,\"name\":\"Tienda\",\"item\":\"https:\\\/\\\/acuariosupremus.com\\\/tienda\\\/\"},{\"@type\":\"ListItem\",\"position\":3,\"name\":\"LUMINARIO LED NANO SPECTRUM 3 W 15 CM\"}]},{\"@type\":\"WebSite\",\"@id\":\"https:\\\/\\\/acuariosupremus.com\\\/#website\",\"url\":\"https:\\\/\\\/acuariosupremus.com\\\/\",\"name\":\"Acuario Supremus\",\"description\":\"Peces, Peceras y Mascotas.\",\"publisher\":{\"@id\":\"https:\\\/\\\/acuariosupremus.com\\\/#organization\"},\"potentialAction\":[{\"@type\":\"SearchAction\",\"target\":{\"@type\":\"EntryPoint\",\"urlTemplate\":\"https:\\\/\\\/acuariosupremus.com\\\/?s={search_term_string}\"},\"query-input\":{\"@type\":\"PropertyValueSpecification\",\"valueRequired\":true,\"valueName\":\"search_term_string\"}}],\"inLanguage\":\"es\"},{\"@type\":\"Organization\",\"@id\":\"https:\\\/\\\/acuariosupremus.com\\\/#organization\",\"name\":\"Acuario Supremus\",\"url\":\"https:\\\/\\\/acuariosupremus.com\\\/\",\"logo\":{\"@type\":\"ImageObject\",\"inLanguage\":\"es\",\"@id\":\"https:\\\/\\\/acuariosupremus.com\\\/#\\\/schema\\\/logo\\\/image\\\/\",\"url\":\"https:\\\/\\\/acuariosupremus.com\\\/wp-content\\\/uploads\\\/2021\\\/12\\\/cropped-logo_acuario_supremus_fn-2.png\",\"contentUrl\":\"https:\\\/\\\/acuariosupremus.com\\\/wp-content\\\/uploads\\\/2021\\\/12\\\/cropped-logo_acuario_supremus_fn-2.png\",\"width\":1000,\"height\":318,\"caption\":\"Acuario Supremus\"},\"image\":{\"@id\":\"https:\\\/\\\/acuariosupremus.com\\\/#\\\/schema\\\/logo\\\/image\\\/\"},\"sameAs\":[\"https:\\\/\\\/www.facebook.com\\\/AcuarioSupremus\",\"https:\\\/\\\/x.com\\\/AcuarioSupremus\",\"https:\\\/\\\/www.instagram.com\\\/acuariosupremus\\\/?hl=es\"]}]}<\/script>\n<!-- \/ Yoast SEO plugin. -->","yoast_head_json":{"title":"LUMINARIO LED NANO SPECTRUM 3 W 15 CM | Acuario Supremus","description":"F\u00e1cil instalaci\u00f3n, Ideal para peque\u00f1os acuarios, Equipado con bombillas LED bicolor, Interruptor externo de luz, 3 Watts.","robots":{"index":"index","follow":"follow","max-snippet":"max-snippet:-1","max-image-preview":"max-image-preview:large","max-video-preview":"max-video-preview:-1"},"canonical":"https:\/\/acuariosupremus.com\/?product=luminario-led-nano-spectrum-3-w-15-cm","og_locale":"es_MX","og_type":"article","og_title":"LUMINARIO LED NANO SPECTRUM 3 W 15 CM | Acuario Supremus","og_description":"F\u00e1cil instalaci\u00f3n, Ideal para peque\u00f1os acuarios, Equipado con bombillas LED bicolor, Interruptor externo de luz, 3 Watts.","og_url":"https:\/\/acuariosupremus.com\/?product=luminario-led-nano-spectrum-3-w-15-cm","og_site_name":"Acuario Supremus","article_publisher":"https:\/\/www.facebook.com\/AcuarioSupremus","article_modified_time":"2026-04-22T21:58:02+00:00","og_image":[{"width":1000,"height":1000,"url":"https:\/\/acuariosupremus.com\/wp-content\/uploads\/2022\/02\/FL7958_L.jpg","type":"image\/jpeg"}],"twitter_card":"summary_large_image","twitter_site":"@AcuarioSupremus","twitter_misc":{"Tiempo de lectura":"1 minuto"},"schema":{"@context":"https:\/\/schema.org","@graph":[{"@type":"WebPage","@id":"https:\/\/acuariosupremus.com\/?product=luminario-led-nano-spectrum-3-w-15-cm","url":"https:\/\/acuariosupremus.com\/?product=luminario-led-nano-spectrum-3-w-15-cm","name":"LUMINARIO LED NANO SPECTRUM 3 W 15 CM | Acuario Supremus","isPartOf":{"@id":"https:\/\/acuariosupremus.com\/#website"},"primaryImageOfPage":{"@id":"https:\/\/acuariosupremus.com\/?product=luminario-led-nano-spectrum-3-w-15-cm#primaryimage"},"image":{"@id":"https:\/\/acuariosupremus.com\/?product=luminario-led-nano-spectrum-3-w-15-cm#primaryimage"},"thumbnailUrl":"https:\/\/acuariosupremus.com\/wp-content\/uploads\/2022\/02\/FL7958_L.jpg","datePublished":"2022-02-01T22:31:45+00:00","dateModified":"2026-04-22T21:58:02+00:00","description":"F\u00e1cil instalaci\u00f3n, Ideal para peque\u00f1os acuarios, Equipado con bombillas LED bicolor, Interruptor externo de luz, 3 Watts.","breadcrumb":{"@id":"https:\/\/acuariosupremus.com\/?product=luminario-led-nano-spectrum-3-w-15-cm#breadcrumb"},"inLanguage":"es","potentialAction":[{"@type":"ReadAction","target":["https:\/\/acuariosupremus.com\/?product=luminario-led-nano-spectrum-3-w-15-cm"]}]},{"@type":"ImageObject","inLanguage":"es","@id":"https:\/\/acuariosupremus.com\/?product=luminario-led-nano-spectrum-3-w-15-cm#primaryimage","url":"https:\/\/acuariosupremus.com\/wp-content\/uploads\/2022\/02\/FL7958_L.jpg","contentUrl":"https:\/\/acuariosupremus.com\/wp-content\/uploads\/2022\/02\/FL7958_L.jpg","width":1000,"height":1000},{"@type":"BreadcrumbList","@id":"https:\/\/acuariosupremus.com\/?product=luminario-led-nano-spectrum-3-w-15-cm#breadcrumb","itemListElement":[{"@type":"ListItem","position":1,"name":"Portada","item":"https:\/\/acuariosupremus.com\/"},{"@type":"ListItem","position":2,"name":"Tienda","item":"https:\/\/acuariosupremus.com\/tienda\/"},{"@type":"ListItem","position":3,"name":"LUMINARIO LED NANO SPECTRUM 3 W 15 CM"}]},{"@type":"WebSite","@id":"https:\/\/acuariosupremus.com\/#website","url":"https:\/\/acuariosupremus.com\/","name":"Acuario Supremus","description":"Peces, Peceras y Mascotas.","publisher":{"@id":"https:\/\/acuariosupremus.com\/#organization"},"potentialAction":[{"@type":"SearchAction","target":{"@type":"EntryPoint","urlTemplate":"https:\/\/acuariosupremus.com\/?s={search_term_string}"},"query-input":{"@type":"PropertyValueSpecification","valueRequired":true,"valueName":"search_term_string"}}],"inLanguage":"es"},{"@type":"Organization","@id":"https:\/\/acuariosupremus.com\/#organization","name":"Acuario Supremus","url":"https:\/\/acuariosupremus.com\/","logo":{"@type":"ImageObject","inLanguage":"es","@id":"https:\/\/acuariosupremus.com\/#\/schema\/logo\/image\/","url":"https:\/\/acuariosupremus.com\/wp-content\/uploads\/2021\/12\/cropped-logo_acuario_supremus_fn-2.png","contentUrl":"https:\/\/acuariosupremus.com\/wp-content\/uploads\/2021\/12\/cropped-logo_acuario_supremus_fn-2.png","width":1000,"height":318,"caption":"Acuario Supremus"},"image":{"@id":"https:\/\/acuariosupremus.com\/#\/schema\/logo\/image\/"},"sameAs":["https:\/\/www.facebook.com\/AcuarioSupremus","https:\/\/x.com\/AcuarioSupremus","https:\/\/www.instagram.com\/acuariosupremus\/?hl=es"]}]}},"jetpack_sharing_enabled":true,"_links":{"self":[{"href":"https:\/\/acuariosupremus.com\/index.php?rest_route=\/wp\/v2\/product\/1695","targetHints":{"allow":["GET"]}}],"collection":[{"href":"https:\/\/acuariosupremus.com\/index.php?rest_route=\/wp\/v2\/product"}],"about":[{"href":"https:\/\/acuariosupremus.com\/index.php?rest_route=\/wp\/v2\/types\/product"}],"wp:featuredmedia":[{"embeddable":true,"href":"https:\/\/acuariosupremus.com\/index.php?rest_route=\/wp\/v2\/media\/1696"}],"wp:attachment":[{"href":"https:\/\/acuariosupremus.com\/index.php?rest_route=%2Fwp%2Fv2%2Fmedia&parent=1695"}],"wp:term":[{"taxonomy":"product_brand","embeddable":true,"href":"https:\/\/acuariosupremus.com\/index.php?rest_route=%2Fwp%2Fv2%2Fproduct_brand&post=1695"},{"taxonomy":"product_cat","embeddable":true,"href":"https:\/\/acuariosupremus.com\/index.php?rest_route=%2Fwp%2Fv2%2Fproduct_cat&post=1695"},{"taxonomy":"product_tag","embeddable":true,"href":"https:\/\/acuariosupremus.com\/index.php?rest_route=%2Fwp%2Fv2%2Fproduct_tag&post=1695"}],"curies":[{"name":"wp","href":"https:\/\/api.w.org\/{rel}","templated":true}]}}