{"id":1837,"date":"2022-02-02T19:12:12","date_gmt":"2022-02-03T01:12:12","guid":{"rendered":"https:\/\/acuariosupremus.com\/?post_type=product&#038;p=1837"},"modified":"2025-12-16T15:08:59","modified_gmt":"2025-12-16T21:08:59","slug":"furan-2-100-capsulas","status":"publish","type":"product","link":"https:\/\/acuariosupremus.com\/?product=furan-2-100-capsulas","title":{"rendered":"FURAN 2 &#8211; 100 CAPSULAS"},"content":{"rendered":"<p>Instrucciones:<br \/>\n1) De ser posible, prepare un acuario hospital para iniciar el tratamiento.<br \/>\n2) Retire el carb\u00f3n activado y aumente el intercambio de ox\u00edgeno del agua con una bomba aireadora.<br \/>\n3) Vierta el contenido de una c\u00e1psula por cada 20 litros (5 galones) de agua del acuario.<br \/>\n4) Espere 48 horas y repita la dosis (una c\u00e1psula).<br \/>\n5) Espere otras 48 horas y haga un reemplazo de al menos un 25% del agua del acuario y reanude el uso de carb\u00f3n activado.<\/p>\n<p>Recomendaciones adicionales:<br \/>\nLa mayor\u00eda de las bacterias causantes de enfermedades en peces tienen un rango \u00f3ptimo de temperatura por debajo de los 15\u00b0C, y una temperatura igual o mayor a 30\u00b0C impide su crecimiento. Si las especies que habitan el acuario son<br \/>\nde aguas c\u00e1lidas y toleran ese rango de temperatura, se recomienda aplicar termoterapia hasta llegar a 30\u00b0C. El aumento de temperatura debe ser gradual (+1\u00b0C por d\u00eda) para no provocar un shock t\u00e9rmico en los ejemplares; si la infestaci\u00f3n es muy severa, se puede incrementar la temperatura 1\u00b0C en un lapso de 8 a 12 horas hasta llegar a la temperatura recomendada.<br \/>\nPara peces de agua fr\u00eda, la termoterapia no es recomendada, ya que su rango de tolerancia es por debajo de los 25\u00b0C.<br \/>\nDurante este proceso, debe asegurarse de que no haya presencia de contaminantes antes de realizar este incremento de temperatura (metales pesados o exceso de amoniaco, por ejemplo) y de tener muy buena oxigenaci\u00f3n en el agua (ya que la temperatura es inversamente proporcional al ox\u00edgeno disuelto) para que sus peces no sufran de hipoxia.<br \/>\nUna vez finalizado el tratamiento, mantenga la temperatura alta por una semana m\u00e1s para asegurar la eliminaci\u00f3n de microorganismos pat\u00f3genos del h\u00e1bitat.<br \/>\nPasado ese tiempo, disminuya la temperatura gradualmente (-1\u00b0C por d\u00eda) hasta llegar al rango ideal para sus peces de ornato.<br \/>\nEn caso de que la enfermedad causante sea por HONGOS, NO SE APLIQUE TERMOTERAPIA (aumento de temperatura), ya que el crecimiento de los hongos se ven favorecidos por altas temperaturas (&gt;30\u00b0C).<br \/>\n<strong>Advertencias:<\/strong><br \/>\nPara uso exclusivo en peces de ornato. Mant\u00e9ngase en un lugar seco y fresco.<br \/>\nMant\u00e9ngase fuera del alcance de los ni\u00f1os o mascotas.<br \/>\nEn caso de ingesti\u00f3n, consulte a su M\u00e9dico.<br \/>\nIngredientes:<br \/>\nF\u00f3rmula (1 c\u00e1psula):<br \/>\nNitrofurazona 30 mg, furaltadona 13 mg, azul de metileno 1 mg, excipiente c.b.p.<\/p>\n","protected":false},"excerpt":{"rendered":"<p>Tratamiento contra enfermedades causadas por bacterias grampositivas y gramnegativas para acuarios de agua dulce o marina.<br \/>\n&#8211; Enfermedad bacteriana de las branquias<br \/>\n&#8211; Llagas abiertas (aeromonas)<br \/>\n&#8211; Limo en la piel<br \/>\n&#8211; Nube en el ojo<br \/>\n&#8211; Enfermedad del Molly (Flavobacterium columnaris)<br \/>\n&#8211; Cola podrida.<br \/>\nPARA USO EN ACUARIOS DE AGUA DULCE O MARINA.<\/p>\n","protected":false},"featured_media":1838,"template":"","meta":[],"product_brand":[],"product_cat":[40,51],"product_tag":[224],"class_list":{"0":"post-1837","1":"product","2":"type-product","3":"status-publish","4":"has-post-thumbnail","6":"product_cat-peces","7":"product_cat-medicamentos","8":"product_tag-medicamento-peces","10":"first","11":"outofstock","12":"sale","13":"shipping-taxable","14":"purchasable","15":"product-type-simple"},"yoast_head":"<!-- This site is optimized with the Yoast SEO plugin v27.4 - https:\/\/yoast.com\/product\/yoast-seo-wordpress\/ -->\n<title>FURAN 2 - 100 CAPSULAS | Acuario Supremus<\/title>\n<meta name=\"description\" content=\"Tratamiento contra enfermedades causadas por bacterias grampositivas y gramnegativas para acuarios de agua dulce o marina.\" \/>\n<meta name=\"robots\" content=\"index, follow, max-snippet:-1, max-image-preview:large, max-video-preview:-1\" \/>\n<link rel=\"canonical\" href=\"https:\/\/acuariosupremus.com\/?product=furan-2-100-capsulas\" \/>\n<meta property=\"og:locale\" content=\"es_MX\" \/>\n<meta property=\"og:type\" content=\"article\" \/>\n<meta property=\"og:title\" content=\"FURAN 2 - 100 CAPSULAS | Acuario Supremus\" \/>\n<meta property=\"og:description\" content=\"Tratamiento contra enfermedades causadas por bacterias grampositivas y gramnegativas para acuarios de agua dulce o marina.\" \/>\n<meta property=\"og:url\" content=\"https:\/\/acuariosupremus.com\/?product=furan-2-100-capsulas\" \/>\n<meta property=\"og:site_name\" content=\"Acuario Supremus\" \/>\n<meta property=\"article:publisher\" content=\"https:\/\/www.facebook.com\/AcuarioSupremus\" \/>\n<meta property=\"article:modified_time\" content=\"2025-12-16T21:08:59+00:00\" \/>\n<meta property=\"og:image\" content=\"https:\/\/acuariosupremus.com\/wp-content\/uploads\/2022\/02\/FL1314.jpg\" \/>\n\t<meta property=\"og:image:width\" content=\"1000\" \/>\n\t<meta property=\"og:image:height\" content=\"1000\" \/>\n\t<meta property=\"og:image:type\" content=\"image\/jpeg\" \/>\n<meta name=\"twitter:card\" content=\"summary_large_image\" \/>\n<meta name=\"twitter:site\" content=\"@AcuarioSupremus\" \/>\n<meta name=\"twitter:label1\" content=\"Tiempo de lectura\" \/>\n\t<meta name=\"twitter:data1\" content=\"2 minutos\" \/>\n<script type=\"application\/ld+json\" class=\"yoast-schema-graph\">{\"@context\":\"https:\\\/\\\/schema.org\",\"@graph\":[{\"@type\":\"WebPage\",\"@id\":\"https:\\\/\\\/acuariosupremus.com\\\/?product=furan-2-100-capsulas\",\"url\":\"https:\\\/\\\/acuariosupremus.com\\\/?product=furan-2-100-capsulas\",\"name\":\"FURAN 2 - 100 CAPSULAS | Acuario Supremus\",\"isPartOf\":{\"@id\":\"https:\\\/\\\/acuariosupremus.com\\\/#website\"},\"primaryImageOfPage\":{\"@id\":\"https:\\\/\\\/acuariosupremus.com\\\/?product=furan-2-100-capsulas#primaryimage\"},\"image\":{\"@id\":\"https:\\\/\\\/acuariosupremus.com\\\/?product=furan-2-100-capsulas#primaryimage\"},\"thumbnailUrl\":\"https:\\\/\\\/acuariosupremus.com\\\/wp-content\\\/uploads\\\/2022\\\/02\\\/FL1314.jpg\",\"datePublished\":\"2022-02-03T01:12:12+00:00\",\"dateModified\":\"2025-12-16T21:08:59+00:00\",\"description\":\"Tratamiento contra enfermedades causadas por bacterias grampositivas y gramnegativas para acuarios de agua dulce o marina.\",\"breadcrumb\":{\"@id\":\"https:\\\/\\\/acuariosupremus.com\\\/?product=furan-2-100-capsulas#breadcrumb\"},\"inLanguage\":\"es\",\"potentialAction\":[{\"@type\":\"ReadAction\",\"target\":[\"https:\\\/\\\/acuariosupremus.com\\\/?product=furan-2-100-capsulas\"]}]},{\"@type\":\"ImageObject\",\"inLanguage\":\"es\",\"@id\":\"https:\\\/\\\/acuariosupremus.com\\\/?product=furan-2-100-capsulas#primaryimage\",\"url\":\"https:\\\/\\\/acuariosupremus.com\\\/wp-content\\\/uploads\\\/2022\\\/02\\\/FL1314.jpg\",\"contentUrl\":\"https:\\\/\\\/acuariosupremus.com\\\/wp-content\\\/uploads\\\/2022\\\/02\\\/FL1314.jpg\",\"width\":1000,\"height\":1000},{\"@type\":\"BreadcrumbList\",\"@id\":\"https:\\\/\\\/acuariosupremus.com\\\/?product=furan-2-100-capsulas#breadcrumb\",\"itemListElement\":[{\"@type\":\"ListItem\",\"position\":1,\"name\":\"Portada\",\"item\":\"https:\\\/\\\/acuariosupremus.com\\\/\"},{\"@type\":\"ListItem\",\"position\":2,\"name\":\"Tienda\",\"item\":\"https:\\\/\\\/acuariosupremus.com\\\/tienda\\\/\"},{\"@type\":\"ListItem\",\"position\":3,\"name\":\"FURAN 2 &#8211; 100 CAPSULAS\"}]},{\"@type\":\"WebSite\",\"@id\":\"https:\\\/\\\/acuariosupremus.com\\\/#website\",\"url\":\"https:\\\/\\\/acuariosupremus.com\\\/\",\"name\":\"Acuario Supremus\",\"description\":\"Peces, Peceras y Mascotas.\",\"publisher\":{\"@id\":\"https:\\\/\\\/acuariosupremus.com\\\/#organization\"},\"potentialAction\":[{\"@type\":\"SearchAction\",\"target\":{\"@type\":\"EntryPoint\",\"urlTemplate\":\"https:\\\/\\\/acuariosupremus.com\\\/?s={search_term_string}\"},\"query-input\":{\"@type\":\"PropertyValueSpecification\",\"valueRequired\":true,\"valueName\":\"search_term_string\"}}],\"inLanguage\":\"es\"},{\"@type\":\"Organization\",\"@id\":\"https:\\\/\\\/acuariosupremus.com\\\/#organization\",\"name\":\"Acuario Supremus\",\"url\":\"https:\\\/\\\/acuariosupremus.com\\\/\",\"logo\":{\"@type\":\"ImageObject\",\"inLanguage\":\"es\",\"@id\":\"https:\\\/\\\/acuariosupremus.com\\\/#\\\/schema\\\/logo\\\/image\\\/\",\"url\":\"https:\\\/\\\/acuariosupremus.com\\\/wp-content\\\/uploads\\\/2021\\\/12\\\/cropped-logo_acuario_supremus_fn-2.png\",\"contentUrl\":\"https:\\\/\\\/acuariosupremus.com\\\/wp-content\\\/uploads\\\/2021\\\/12\\\/cropped-logo_acuario_supremus_fn-2.png\",\"width\":1000,\"height\":318,\"caption\":\"Acuario Supremus\"},\"image\":{\"@id\":\"https:\\\/\\\/acuariosupremus.com\\\/#\\\/schema\\\/logo\\\/image\\\/\"},\"sameAs\":[\"https:\\\/\\\/www.facebook.com\\\/AcuarioSupremus\",\"https:\\\/\\\/x.com\\\/AcuarioSupremus\",\"https:\\\/\\\/www.instagram.com\\\/acuariosupremus\\\/?hl=es\"]}]}<\/script>\n<!-- \/ Yoast SEO plugin. -->","yoast_head_json":{"title":"FURAN 2 - 100 CAPSULAS | Acuario Supremus","description":"Tratamiento contra enfermedades causadas por bacterias grampositivas y gramnegativas para acuarios de agua dulce o marina.","robots":{"index":"index","follow":"follow","max-snippet":"max-snippet:-1","max-image-preview":"max-image-preview:large","max-video-preview":"max-video-preview:-1"},"canonical":"https:\/\/acuariosupremus.com\/?product=furan-2-100-capsulas","og_locale":"es_MX","og_type":"article","og_title":"FURAN 2 - 100 CAPSULAS | Acuario Supremus","og_description":"Tratamiento contra enfermedades causadas por bacterias grampositivas y gramnegativas para acuarios de agua dulce o marina.","og_url":"https:\/\/acuariosupremus.com\/?product=furan-2-100-capsulas","og_site_name":"Acuario Supremus","article_publisher":"https:\/\/www.facebook.com\/AcuarioSupremus","article_modified_time":"2025-12-16T21:08:59+00:00","og_image":[{"width":1000,"height":1000,"url":"https:\/\/acuariosupremus.com\/wp-content\/uploads\/2022\/02\/FL1314.jpg","type":"image\/jpeg"}],"twitter_card":"summary_large_image","twitter_site":"@AcuarioSupremus","twitter_misc":{"Tiempo de lectura":"2 minutos"},"schema":{"@context":"https:\/\/schema.org","@graph":[{"@type":"WebPage","@id":"https:\/\/acuariosupremus.com\/?product=furan-2-100-capsulas","url":"https:\/\/acuariosupremus.com\/?product=furan-2-100-capsulas","name":"FURAN 2 - 100 CAPSULAS | Acuario Supremus","isPartOf":{"@id":"https:\/\/acuariosupremus.com\/#website"},"primaryImageOfPage":{"@id":"https:\/\/acuariosupremus.com\/?product=furan-2-100-capsulas#primaryimage"},"image":{"@id":"https:\/\/acuariosupremus.com\/?product=furan-2-100-capsulas#primaryimage"},"thumbnailUrl":"https:\/\/acuariosupremus.com\/wp-content\/uploads\/2022\/02\/FL1314.jpg","datePublished":"2022-02-03T01:12:12+00:00","dateModified":"2025-12-16T21:08:59+00:00","description":"Tratamiento contra enfermedades causadas por bacterias grampositivas y gramnegativas para acuarios de agua dulce o marina.","breadcrumb":{"@id":"https:\/\/acuariosupremus.com\/?product=furan-2-100-capsulas#breadcrumb"},"inLanguage":"es","potentialAction":[{"@type":"ReadAction","target":["https:\/\/acuariosupremus.com\/?product=furan-2-100-capsulas"]}]},{"@type":"ImageObject","inLanguage":"es","@id":"https:\/\/acuariosupremus.com\/?product=furan-2-100-capsulas#primaryimage","url":"https:\/\/acuariosupremus.com\/wp-content\/uploads\/2022\/02\/FL1314.jpg","contentUrl":"https:\/\/acuariosupremus.com\/wp-content\/uploads\/2022\/02\/FL1314.jpg","width":1000,"height":1000},{"@type":"BreadcrumbList","@id":"https:\/\/acuariosupremus.com\/?product=furan-2-100-capsulas#breadcrumb","itemListElement":[{"@type":"ListItem","position":1,"name":"Portada","item":"https:\/\/acuariosupremus.com\/"},{"@type":"ListItem","position":2,"name":"Tienda","item":"https:\/\/acuariosupremus.com\/tienda\/"},{"@type":"ListItem","position":3,"name":"FURAN 2 &#8211; 100 CAPSULAS"}]},{"@type":"WebSite","@id":"https:\/\/acuariosupremus.com\/#website","url":"https:\/\/acuariosupremus.com\/","name":"Acuario Supremus","description":"Peces, Peceras y Mascotas.","publisher":{"@id":"https:\/\/acuariosupremus.com\/#organization"},"potentialAction":[{"@type":"SearchAction","target":{"@type":"EntryPoint","urlTemplate":"https:\/\/acuariosupremus.com\/?s={search_term_string}"},"query-input":{"@type":"PropertyValueSpecification","valueRequired":true,"valueName":"search_term_string"}}],"inLanguage":"es"},{"@type":"Organization","@id":"https:\/\/acuariosupremus.com\/#organization","name":"Acuario Supremus","url":"https:\/\/acuariosupremus.com\/","logo":{"@type":"ImageObject","inLanguage":"es","@id":"https:\/\/acuariosupremus.com\/#\/schema\/logo\/image\/","url":"https:\/\/acuariosupremus.com\/wp-content\/uploads\/2021\/12\/cropped-logo_acuario_supremus_fn-2.png","contentUrl":"https:\/\/acuariosupremus.com\/wp-content\/uploads\/2021\/12\/cropped-logo_acuario_supremus_fn-2.png","width":1000,"height":318,"caption":"Acuario Supremus"},"image":{"@id":"https:\/\/acuariosupremus.com\/#\/schema\/logo\/image\/"},"sameAs":["https:\/\/www.facebook.com\/AcuarioSupremus","https:\/\/x.com\/AcuarioSupremus","https:\/\/www.instagram.com\/acuariosupremus\/?hl=es"]}]}},"jetpack_sharing_enabled":true,"_links":{"self":[{"href":"https:\/\/acuariosupremus.com\/index.php?rest_route=\/wp\/v2\/product\/1837","targetHints":{"allow":["GET"]}}],"collection":[{"href":"https:\/\/acuariosupremus.com\/index.php?rest_route=\/wp\/v2\/product"}],"about":[{"href":"https:\/\/acuariosupremus.com\/index.php?rest_route=\/wp\/v2\/types\/product"}],"wp:featuredmedia":[{"embeddable":true,"href":"https:\/\/acuariosupremus.com\/index.php?rest_route=\/wp\/v2\/media\/1838"}],"wp:attachment":[{"href":"https:\/\/acuariosupremus.com\/index.php?rest_route=%2Fwp%2Fv2%2Fmedia&parent=1837"}],"wp:term":[{"taxonomy":"product_brand","embeddable":true,"href":"https:\/\/acuariosupremus.com\/index.php?rest_route=%2Fwp%2Fv2%2Fproduct_brand&post=1837"},{"taxonomy":"product_cat","embeddable":true,"href":"https:\/\/acuariosupremus.com\/index.php?rest_route=%2Fwp%2Fv2%2Fproduct_cat&post=1837"},{"taxonomy":"product_tag","embeddable":true,"href":"https:\/\/acuariosupremus.com\/index.php?rest_route=%2Fwp%2Fv2%2Fproduct_tag&post=1837"}],"curies":[{"name":"wp","href":"https:\/\/api.w.org\/{rel}","templated":true}]}}