{"id":1860,"date":"2022-02-02T21:26:55","date_gmt":"2022-02-03T03:26:55","guid":{"rendered":"https:\/\/acuariosupremus.com\/?post_type=product&#038;p=1860"},"modified":"2025-12-16T15:16:56","modified_gmt":"2025-12-16T21:16:56","slug":"medidor-ph-espectro-inferior-6-0-7-6-dulce","status":"publish","type":"product","link":"https:\/\/acuariosupremus.com\/?product=medidor-ph-espectro-inferior-6-0-7-6-dulce","title":{"rendered":"MEDIDOR PH ESPECTRO INFERIOR (6.0-7.6) DULCE"},"content":{"rendered":"<p>Instrucciones:<br \/>\nTome con la pipeta una muestra del agua que quiere analizar y llene con ella un tubo de ensayo limpio hasta la l\u00ednea de 5 ml.<br \/>\nA\u00f1ada 2 gotas de reactivo en el tubo de ensayo. Ponga el tap\u00f3n. Mantenga con el dedo y agite bien. Atenci\u00f3n: Use siempre el<br \/>\ntap\u00f3n. Evite el contacto con la piel.<br \/>\nIdentifique inmediatamente el color del resultado con el color mas parecido en la tabla. Para obtener el mejor resultado,<br \/>\nsostenga el tubo de ensayo contra el papel y lea con una fuente de luz detr\u00e1s de usted.<br \/>\nDespu\u00e9s de usarlo, lave el tubo con agua corriente para asegurarse de que este limpio para su pr\u00f3ximo uso.<br \/>\nContenido:<br \/>\n1 Botella (18ml) de reactivo para pH (6.0 ? 7.6)<br \/>\n1 Tubo de ensayo de vidrio con tap\u00f3n.<br \/>\n1 Pipeta.<br \/>\n1 Base de laboratorio.<br \/>\n1 Manual de instrucciones.<\/p>\n<p>Precauciones:<br \/>\nContiene ingredientes que pueden ser nocivos. Lea las Advertencias de cada recipiente.<br \/>\nMantener fuera del alcance de los ni\u00f1os.<br \/>\nSe recomienda la supervisi\u00f3n por parte de los adultos.<br \/>\nContiene ingredientes que pueden ser nocivos si se ingieren.<br \/>\nPara mas informaci\u00f3n, consultar el manual adjunto.<\/p>\n","protected":false},"excerpt":{"rendered":"<p>Esencial para mantener el agua en condiciones optimas, para acuarios de agua dulce.<br \/>\nTest \u00fatil para acuarios con peces tropicales como los tetras, discos, \u00e1ngeles, etc. Los niveles de pH deber\u00edan controlarse<br \/>\nregularmente porque afectan directamente la salud de los peces.<\/p>\n","protected":false},"featured_media":1861,"template":"","meta":[],"product_brand":[120],"product_cat":[40,52],"product_tag":[227],"class_list":{"0":"post-1860","1":"product","2":"type-product","3":"status-publish","4":"has-post-thumbnail","6":"product_brand-fluval","7":"product_cat-peces","8":"product_cat-medidores","9":"product_tag-medidor-ph","11":"first","12":"outofstock","13":"sale","14":"shipping-taxable","15":"purchasable","16":"product-type-simple"},"yoast_head":"<!-- This site is optimized with the Yoast SEO plugin v27.4 - https:\/\/yoast.com\/product\/yoast-seo-wordpress\/ -->\n<title>MEDIDOR PH ESPECTRO INFERIOR (6.0-7.6) DULCE | Acuario Supremus<\/title>\n<meta name=\"description\" content=\"Test Ph agua dulce amaz\u00f3nico, \u00fatil para acuarios con peces tropicales como los tetras, discos, \u00e1ngeles, etc.\" \/>\n<meta name=\"robots\" content=\"index, follow, max-snippet:-1, max-image-preview:large, max-video-preview:-1\" \/>\n<link rel=\"canonical\" href=\"https:\/\/acuariosupremus.com\/?product=medidor-ph-espectro-inferior-6-0-7-6-dulce\" \/>\n<meta property=\"og:locale\" content=\"es_MX\" \/>\n<meta property=\"og:type\" content=\"article\" \/>\n<meta property=\"og:title\" content=\"MEDIDOR PH ESPECTRO INFERIOR (6.0-7.6) DULCE | Acuario Supremus\" \/>\n<meta property=\"og:description\" content=\"Test Ph agua dulce amaz\u00f3nico, \u00fatil para acuarios con peces tropicales como los tetras, discos, \u00e1ngeles, etc.\" \/>\n<meta property=\"og:url\" content=\"https:\/\/acuariosupremus.com\/?product=medidor-ph-espectro-inferior-6-0-7-6-dulce\" \/>\n<meta property=\"og:site_name\" content=\"Acuario Supremus\" \/>\n<meta property=\"article:publisher\" content=\"https:\/\/www.facebook.com\/AcuarioSupremus\" \/>\n<meta property=\"article:modified_time\" content=\"2025-12-16T21:16:56+00:00\" \/>\n<meta property=\"og:image\" content=\"https:\/\/acuariosupremus.com\/wp-content\/uploads\/2022\/02\/HA7810.jpg\" \/>\n\t<meta property=\"og:image:width\" content=\"2362\" \/>\n\t<meta property=\"og:image:height\" content=\"2362\" \/>\n\t<meta property=\"og:image:type\" content=\"image\/jpeg\" \/>\n<meta name=\"twitter:card\" content=\"summary_large_image\" \/>\n<meta name=\"twitter:site\" content=\"@AcuarioSupremus\" \/>\n<meta name=\"twitter:label1\" content=\"Tiempo de lectura\" \/>\n\t<meta name=\"twitter:data1\" content=\"1 minuto\" \/>\n<script type=\"application\/ld+json\" class=\"yoast-schema-graph\">{\"@context\":\"https:\\\/\\\/schema.org\",\"@graph\":[{\"@type\":\"WebPage\",\"@id\":\"https:\\\/\\\/acuariosupremus.com\\\/?product=medidor-ph-espectro-inferior-6-0-7-6-dulce\",\"url\":\"https:\\\/\\\/acuariosupremus.com\\\/?product=medidor-ph-espectro-inferior-6-0-7-6-dulce\",\"name\":\"MEDIDOR PH ESPECTRO INFERIOR (6.0-7.6) DULCE | Acuario Supremus\",\"isPartOf\":{\"@id\":\"https:\\\/\\\/acuariosupremus.com\\\/#website\"},\"primaryImageOfPage\":{\"@id\":\"https:\\\/\\\/acuariosupremus.com\\\/?product=medidor-ph-espectro-inferior-6-0-7-6-dulce#primaryimage\"},\"image\":{\"@id\":\"https:\\\/\\\/acuariosupremus.com\\\/?product=medidor-ph-espectro-inferior-6-0-7-6-dulce#primaryimage\"},\"thumbnailUrl\":\"https:\\\/\\\/acuariosupremus.com\\\/wp-content\\\/uploads\\\/2022\\\/02\\\/HA7810.jpg\",\"datePublished\":\"2022-02-03T03:26:55+00:00\",\"dateModified\":\"2025-12-16T21:16:56+00:00\",\"description\":\"Test Ph agua dulce amaz\u00f3nico, \u00fatil para acuarios con peces tropicales como los tetras, discos, \u00e1ngeles, etc.\",\"breadcrumb\":{\"@id\":\"https:\\\/\\\/acuariosupremus.com\\\/?product=medidor-ph-espectro-inferior-6-0-7-6-dulce#breadcrumb\"},\"inLanguage\":\"es\",\"potentialAction\":[{\"@type\":\"ReadAction\",\"target\":[\"https:\\\/\\\/acuariosupremus.com\\\/?product=medidor-ph-espectro-inferior-6-0-7-6-dulce\"]}]},{\"@type\":\"ImageObject\",\"inLanguage\":\"es\",\"@id\":\"https:\\\/\\\/acuariosupremus.com\\\/?product=medidor-ph-espectro-inferior-6-0-7-6-dulce#primaryimage\",\"url\":\"https:\\\/\\\/acuariosupremus.com\\\/wp-content\\\/uploads\\\/2022\\\/02\\\/HA7810.jpg\",\"contentUrl\":\"https:\\\/\\\/acuariosupremus.com\\\/wp-content\\\/uploads\\\/2022\\\/02\\\/HA7810.jpg\",\"width\":2362,\"height\":2362},{\"@type\":\"BreadcrumbList\",\"@id\":\"https:\\\/\\\/acuariosupremus.com\\\/?product=medidor-ph-espectro-inferior-6-0-7-6-dulce#breadcrumb\",\"itemListElement\":[{\"@type\":\"ListItem\",\"position\":1,\"name\":\"Portada\",\"item\":\"https:\\\/\\\/acuariosupremus.com\\\/\"},{\"@type\":\"ListItem\",\"position\":2,\"name\":\"Tienda\",\"item\":\"https:\\\/\\\/acuariosupremus.com\\\/tienda\\\/\"},{\"@type\":\"ListItem\",\"position\":3,\"name\":\"MEDIDOR PH ESPECTRO INFERIOR (6.0-7.6) DULCE\"}]},{\"@type\":\"WebSite\",\"@id\":\"https:\\\/\\\/acuariosupremus.com\\\/#website\",\"url\":\"https:\\\/\\\/acuariosupremus.com\\\/\",\"name\":\"Acuario Supremus\",\"description\":\"Peces, Peceras y Mascotas.\",\"publisher\":{\"@id\":\"https:\\\/\\\/acuariosupremus.com\\\/#organization\"},\"potentialAction\":[{\"@type\":\"SearchAction\",\"target\":{\"@type\":\"EntryPoint\",\"urlTemplate\":\"https:\\\/\\\/acuariosupremus.com\\\/?s={search_term_string}\"},\"query-input\":{\"@type\":\"PropertyValueSpecification\",\"valueRequired\":true,\"valueName\":\"search_term_string\"}}],\"inLanguage\":\"es\"},{\"@type\":\"Organization\",\"@id\":\"https:\\\/\\\/acuariosupremus.com\\\/#organization\",\"name\":\"Acuario Supremus\",\"url\":\"https:\\\/\\\/acuariosupremus.com\\\/\",\"logo\":{\"@type\":\"ImageObject\",\"inLanguage\":\"es\",\"@id\":\"https:\\\/\\\/acuariosupremus.com\\\/#\\\/schema\\\/logo\\\/image\\\/\",\"url\":\"https:\\\/\\\/acuariosupremus.com\\\/wp-content\\\/uploads\\\/2021\\\/12\\\/cropped-logo_acuario_supremus_fn-2.png\",\"contentUrl\":\"https:\\\/\\\/acuariosupremus.com\\\/wp-content\\\/uploads\\\/2021\\\/12\\\/cropped-logo_acuario_supremus_fn-2.png\",\"width\":1000,\"height\":318,\"caption\":\"Acuario Supremus\"},\"image\":{\"@id\":\"https:\\\/\\\/acuariosupremus.com\\\/#\\\/schema\\\/logo\\\/image\\\/\"},\"sameAs\":[\"https:\\\/\\\/www.facebook.com\\\/AcuarioSupremus\",\"https:\\\/\\\/x.com\\\/AcuarioSupremus\",\"https:\\\/\\\/www.instagram.com\\\/acuariosupremus\\\/?hl=es\"]}]}<\/script>\n<!-- \/ Yoast SEO plugin. -->","yoast_head_json":{"title":"MEDIDOR PH ESPECTRO INFERIOR (6.0-7.6) DULCE | Acuario Supremus","description":"Test Ph agua dulce amaz\u00f3nico, \u00fatil para acuarios con peces tropicales como los tetras, discos, \u00e1ngeles, etc.","robots":{"index":"index","follow":"follow","max-snippet":"max-snippet:-1","max-image-preview":"max-image-preview:large","max-video-preview":"max-video-preview:-1"},"canonical":"https:\/\/acuariosupremus.com\/?product=medidor-ph-espectro-inferior-6-0-7-6-dulce","og_locale":"es_MX","og_type":"article","og_title":"MEDIDOR PH ESPECTRO INFERIOR (6.0-7.6) DULCE | Acuario Supremus","og_description":"Test Ph agua dulce amaz\u00f3nico, \u00fatil para acuarios con peces tropicales como los tetras, discos, \u00e1ngeles, etc.","og_url":"https:\/\/acuariosupremus.com\/?product=medidor-ph-espectro-inferior-6-0-7-6-dulce","og_site_name":"Acuario Supremus","article_publisher":"https:\/\/www.facebook.com\/AcuarioSupremus","article_modified_time":"2025-12-16T21:16:56+00:00","og_image":[{"width":2362,"height":2362,"url":"https:\/\/acuariosupremus.com\/wp-content\/uploads\/2022\/02\/HA7810.jpg","type":"image\/jpeg"}],"twitter_card":"summary_large_image","twitter_site":"@AcuarioSupremus","twitter_misc":{"Tiempo de lectura":"1 minuto"},"schema":{"@context":"https:\/\/schema.org","@graph":[{"@type":"WebPage","@id":"https:\/\/acuariosupremus.com\/?product=medidor-ph-espectro-inferior-6-0-7-6-dulce","url":"https:\/\/acuariosupremus.com\/?product=medidor-ph-espectro-inferior-6-0-7-6-dulce","name":"MEDIDOR PH ESPECTRO INFERIOR (6.0-7.6) DULCE | Acuario Supremus","isPartOf":{"@id":"https:\/\/acuariosupremus.com\/#website"},"primaryImageOfPage":{"@id":"https:\/\/acuariosupremus.com\/?product=medidor-ph-espectro-inferior-6-0-7-6-dulce#primaryimage"},"image":{"@id":"https:\/\/acuariosupremus.com\/?product=medidor-ph-espectro-inferior-6-0-7-6-dulce#primaryimage"},"thumbnailUrl":"https:\/\/acuariosupremus.com\/wp-content\/uploads\/2022\/02\/HA7810.jpg","datePublished":"2022-02-03T03:26:55+00:00","dateModified":"2025-12-16T21:16:56+00:00","description":"Test Ph agua dulce amaz\u00f3nico, \u00fatil para acuarios con peces tropicales como los tetras, discos, \u00e1ngeles, etc.","breadcrumb":{"@id":"https:\/\/acuariosupremus.com\/?product=medidor-ph-espectro-inferior-6-0-7-6-dulce#breadcrumb"},"inLanguage":"es","potentialAction":[{"@type":"ReadAction","target":["https:\/\/acuariosupremus.com\/?product=medidor-ph-espectro-inferior-6-0-7-6-dulce"]}]},{"@type":"ImageObject","inLanguage":"es","@id":"https:\/\/acuariosupremus.com\/?product=medidor-ph-espectro-inferior-6-0-7-6-dulce#primaryimage","url":"https:\/\/acuariosupremus.com\/wp-content\/uploads\/2022\/02\/HA7810.jpg","contentUrl":"https:\/\/acuariosupremus.com\/wp-content\/uploads\/2022\/02\/HA7810.jpg","width":2362,"height":2362},{"@type":"BreadcrumbList","@id":"https:\/\/acuariosupremus.com\/?product=medidor-ph-espectro-inferior-6-0-7-6-dulce#breadcrumb","itemListElement":[{"@type":"ListItem","position":1,"name":"Portada","item":"https:\/\/acuariosupremus.com\/"},{"@type":"ListItem","position":2,"name":"Tienda","item":"https:\/\/acuariosupremus.com\/tienda\/"},{"@type":"ListItem","position":3,"name":"MEDIDOR PH ESPECTRO INFERIOR (6.0-7.6) DULCE"}]},{"@type":"WebSite","@id":"https:\/\/acuariosupremus.com\/#website","url":"https:\/\/acuariosupremus.com\/","name":"Acuario Supremus","description":"Peces, Peceras y Mascotas.","publisher":{"@id":"https:\/\/acuariosupremus.com\/#organization"},"potentialAction":[{"@type":"SearchAction","target":{"@type":"EntryPoint","urlTemplate":"https:\/\/acuariosupremus.com\/?s={search_term_string}"},"query-input":{"@type":"PropertyValueSpecification","valueRequired":true,"valueName":"search_term_string"}}],"inLanguage":"es"},{"@type":"Organization","@id":"https:\/\/acuariosupremus.com\/#organization","name":"Acuario Supremus","url":"https:\/\/acuariosupremus.com\/","logo":{"@type":"ImageObject","inLanguage":"es","@id":"https:\/\/acuariosupremus.com\/#\/schema\/logo\/image\/","url":"https:\/\/acuariosupremus.com\/wp-content\/uploads\/2021\/12\/cropped-logo_acuario_supremus_fn-2.png","contentUrl":"https:\/\/acuariosupremus.com\/wp-content\/uploads\/2021\/12\/cropped-logo_acuario_supremus_fn-2.png","width":1000,"height":318,"caption":"Acuario Supremus"},"image":{"@id":"https:\/\/acuariosupremus.com\/#\/schema\/logo\/image\/"},"sameAs":["https:\/\/www.facebook.com\/AcuarioSupremus","https:\/\/x.com\/AcuarioSupremus","https:\/\/www.instagram.com\/acuariosupremus\/?hl=es"]}]}},"jetpack_sharing_enabled":true,"_links":{"self":[{"href":"https:\/\/acuariosupremus.com\/index.php?rest_route=\/wp\/v2\/product\/1860","targetHints":{"allow":["GET"]}}],"collection":[{"href":"https:\/\/acuariosupremus.com\/index.php?rest_route=\/wp\/v2\/product"}],"about":[{"href":"https:\/\/acuariosupremus.com\/index.php?rest_route=\/wp\/v2\/types\/product"}],"wp:featuredmedia":[{"embeddable":true,"href":"https:\/\/acuariosupremus.com\/index.php?rest_route=\/wp\/v2\/media\/1861"}],"wp:attachment":[{"href":"https:\/\/acuariosupremus.com\/index.php?rest_route=%2Fwp%2Fv2%2Fmedia&parent=1860"}],"wp:term":[{"taxonomy":"product_brand","embeddable":true,"href":"https:\/\/acuariosupremus.com\/index.php?rest_route=%2Fwp%2Fv2%2Fproduct_brand&post=1860"},{"taxonomy":"product_cat","embeddable":true,"href":"https:\/\/acuariosupremus.com\/index.php?rest_route=%2Fwp%2Fv2%2Fproduct_cat&post=1860"},{"taxonomy":"product_tag","embeddable":true,"href":"https:\/\/acuariosupremus.com\/index.php?rest_route=%2Fwp%2Fv2%2Fproduct_tag&post=1860"}],"curies":[{"name":"wp","href":"https:\/\/api.w.org\/{rel}","templated":true}]}}