{"id":1873,"date":"2022-02-02T21:39:57","date_gmt":"2022-02-03T03:39:57","guid":{"rendered":"https:\/\/acuariosupremus.com\/?post_type=product&#038;p=1873"},"modified":"2025-12-16T15:21:35","modified_gmt":"2025-12-16T21:21:35","slug":"medidor-de-dureza-general-y-carbonatada-dulce-salada","status":"publish","type":"product","link":"https:\/\/acuariosupremus.com\/?product=medidor-de-dureza-general-y-carbonatada-dulce-salada","title":{"rendered":"MEDIDOR DE DUREZA GENERAL Y CARBONATADA DULCE\/SALADA"},"content":{"rendered":"<p>Instrucciones:<br \/>\nTome con la pipeta una muestra del agua que quiere analizar y util\u00edcela para llenar un tubo de ensayo limpio hasta la l\u00ednea de 5 ml.<br \/>\nA\u00f1ada una gota de reactivo GP en el tubo de ensayo. Ponga el tap\u00f3n. Mantenga con el dedo y agite bien para hacer la mezcla.<br \/>\nDeber\u00eda resultar un color rosa. Atenci\u00f3n: Use siempre el tap\u00f3n. Evite el contacto con los ojos. Si el color de la mezcla cambia<br \/>\nazul despu\u00e9s de colocar la gota, la medida de la dureza esta por debajo de 20 mg\/L (ppm) CaC03.<br \/>\nSiga a\u00f1adiendo una gota cada vez y agite el tubo despu\u00e9s de cada una de ellas. Cuente las gotas y pare cuando el color<br \/>\ncambie de rosa a azul. Para obtener el mejor resultado, sostenga el tubo de ensayo bien contra el papel y lea con un fuente de luz de usted.<br \/>\nMultiplique el numero de gotas por 20 para determinar la dureza general en mg\/L (ppm) en forma de carbonato de calcio<br \/>\n(CaC03).<br \/>\nDespu\u00e9s de usarlo, lave el tubo de ensayo con agua corriente para asegurarse de que este limpio en el pr\u00f3ximo uso.<br \/>\nContenido:<br \/>\n1 Botella (15 ml.) de reactivo para dureza carbonatada.<br \/>\n1 frasco (10 ml.) de reactivo para dureza general<br \/>\n1 Tubo de ensayo de vidrio con tap\u00f3n.<br \/>\n1 Pipeta<br \/>\n1 Base de laboratorio<br \/>\n1 Manual de instrucciones.<\/p>\n<p>Precauciones:<br \/>\nContiene ingredientes que pueden ser nocivos. Lea las Advertencias de cada recipiente.<br \/>\nUtilice preferentemente dentro del a\u00f1o posterior a su apertura. Algunas sustancias qu\u00edmicas pueden oxidar ciertas superficies.<br \/>\nMantener fuera del alcance de los ni\u00f1os.<br \/>\nSe recomienda la supervisi\u00f3n por parte de los adultos.<br \/>\nEn caso de entrar en contacto con los ojos, enju\u00e1guelos inmediatamente con agua abundante y procure asistencia medica.<br \/>\nLleve guantes adecuados.<br \/>\nEn caso de indigesti\u00f3n, procure asistencia medica inmediatamente y ense\u00f1e este folleto.<br \/>\nContiene: A-7831- Alcohol et\u00edlico &#8211; inflamable<br \/>\nContiene: A-7882- Metanol<br \/>\nPara mas informaci\u00f3n, consultar el manual adjunto.<\/p>\n","protected":false},"excerpt":{"rendered":"<p>Esencial para un pH estable, corales y el crecimiento de plantas. Para acuarios de agua dulce y salada.<br \/>\nEs necesario controlar regularmente los niveles de dureza carbonatada (KH), porque fluct\u00faan con el tiempo y pueden afectar negativamente el equilibrio de pH del agua del acuario. Un bajo nivel de dureza carbonatada reducir\u00e1 el crecimiento de las plantas. Se deber\u00eda analizar la dureza general (GH) para determinar si los niveles de calcio (Ca) y magnesio (Mg) son los \u00f3ptimos para especies particulares de peces del acuario.<\/p>\n","protected":false},"featured_media":1874,"template":"","meta":[],"product_brand":[120],"product_cat":[40,52],"product_tag":[229],"class_list":{"0":"post-1873","1":"product","2":"type-product","3":"status-publish","4":"has-post-thumbnail","6":"product_brand-fluval","7":"product_cat-peces","8":"product_cat-medidores","9":"product_tag-medidor-dureza","11":"first","12":"outofstock","13":"sale","14":"shipping-taxable","15":"purchasable","16":"product-type-simple"},"yoast_head":"<!-- This site is optimized with the Yoast SEO plugin v27.4 - https:\/\/yoast.com\/product\/yoast-seo-wordpress\/ -->\n<title>MEDIDOR DE DUREZA GENERAL Y CARBONATADA DULCE\/SALADA | Acuario Supremus<\/title>\n<meta name=\"description\" content=\"Test Dureza general y carbonatada, esencial para un pH estable, corales y el crecimiento de plantas, acuarios de agua dulce y salada.\" \/>\n<meta name=\"robots\" content=\"index, follow, max-snippet:-1, max-image-preview:large, max-video-preview:-1\" \/>\n<link rel=\"canonical\" href=\"https:\/\/acuariosupremus.com\/?product=medidor-de-dureza-general-y-carbonatada-dulce-salada\" \/>\n<meta property=\"og:locale\" content=\"es_MX\" \/>\n<meta property=\"og:type\" content=\"article\" \/>\n<meta property=\"og:title\" content=\"MEDIDOR DE DUREZA GENERAL Y CARBONATADA DULCE\/SALADA | Acuario Supremus\" \/>\n<meta property=\"og:description\" content=\"Test Dureza general y carbonatada, esencial para un pH estable, corales y el crecimiento de plantas, acuarios de agua dulce y salada.\" \/>\n<meta property=\"og:url\" content=\"https:\/\/acuariosupremus.com\/?product=medidor-de-dureza-general-y-carbonatada-dulce-salada\" \/>\n<meta property=\"og:site_name\" content=\"Acuario Supremus\" \/>\n<meta property=\"article:publisher\" content=\"https:\/\/www.facebook.com\/AcuarioSupremus\" \/>\n<meta property=\"article:modified_time\" content=\"2025-12-16T21:21:35+00:00\" \/>\n<meta property=\"og:image\" content=\"https:\/\/acuariosupremus.com\/wp-content\/uploads\/2022\/02\/HA7830.jpg\" \/>\n\t<meta property=\"og:image:width\" content=\"1000\" \/>\n\t<meta property=\"og:image:height\" content=\"1000\" \/>\n\t<meta property=\"og:image:type\" content=\"image\/jpeg\" \/>\n<meta name=\"twitter:card\" content=\"summary_large_image\" \/>\n<meta name=\"twitter:site\" content=\"@AcuarioSupremus\" \/>\n<meta name=\"twitter:label1\" content=\"Tiempo de lectura\" \/>\n\t<meta name=\"twitter:data1\" content=\"2 minutos\" \/>\n<script type=\"application\/ld+json\" class=\"yoast-schema-graph\">{\"@context\":\"https:\\\/\\\/schema.org\",\"@graph\":[{\"@type\":\"WebPage\",\"@id\":\"https:\\\/\\\/acuariosupremus.com\\\/?product=medidor-de-dureza-general-y-carbonatada-dulce-salada\",\"url\":\"https:\\\/\\\/acuariosupremus.com\\\/?product=medidor-de-dureza-general-y-carbonatada-dulce-salada\",\"name\":\"MEDIDOR DE DUREZA GENERAL Y CARBONATADA DULCE\\\/SALADA | Acuario Supremus\",\"isPartOf\":{\"@id\":\"https:\\\/\\\/acuariosupremus.com\\\/#website\"},\"primaryImageOfPage\":{\"@id\":\"https:\\\/\\\/acuariosupremus.com\\\/?product=medidor-de-dureza-general-y-carbonatada-dulce-salada#primaryimage\"},\"image\":{\"@id\":\"https:\\\/\\\/acuariosupremus.com\\\/?product=medidor-de-dureza-general-y-carbonatada-dulce-salada#primaryimage\"},\"thumbnailUrl\":\"https:\\\/\\\/acuariosupremus.com\\\/wp-content\\\/uploads\\\/2022\\\/02\\\/HA7830.jpg\",\"datePublished\":\"2022-02-03T03:39:57+00:00\",\"dateModified\":\"2025-12-16T21:21:35+00:00\",\"description\":\"Test Dureza general y carbonatada, esencial para un pH estable, corales y el crecimiento de plantas, acuarios de agua dulce y salada.\",\"breadcrumb\":{\"@id\":\"https:\\\/\\\/acuariosupremus.com\\\/?product=medidor-de-dureza-general-y-carbonatada-dulce-salada#breadcrumb\"},\"inLanguage\":\"es\",\"potentialAction\":[{\"@type\":\"ReadAction\",\"target\":[\"https:\\\/\\\/acuariosupremus.com\\\/?product=medidor-de-dureza-general-y-carbonatada-dulce-salada\"]}]},{\"@type\":\"ImageObject\",\"inLanguage\":\"es\",\"@id\":\"https:\\\/\\\/acuariosupremus.com\\\/?product=medidor-de-dureza-general-y-carbonatada-dulce-salada#primaryimage\",\"url\":\"https:\\\/\\\/acuariosupremus.com\\\/wp-content\\\/uploads\\\/2022\\\/02\\\/HA7830.jpg\",\"contentUrl\":\"https:\\\/\\\/acuariosupremus.com\\\/wp-content\\\/uploads\\\/2022\\\/02\\\/HA7830.jpg\",\"width\":1000,\"height\":1000},{\"@type\":\"BreadcrumbList\",\"@id\":\"https:\\\/\\\/acuariosupremus.com\\\/?product=medidor-de-dureza-general-y-carbonatada-dulce-salada#breadcrumb\",\"itemListElement\":[{\"@type\":\"ListItem\",\"position\":1,\"name\":\"Portada\",\"item\":\"https:\\\/\\\/acuariosupremus.com\\\/\"},{\"@type\":\"ListItem\",\"position\":2,\"name\":\"Tienda\",\"item\":\"https:\\\/\\\/acuariosupremus.com\\\/tienda\\\/\"},{\"@type\":\"ListItem\",\"position\":3,\"name\":\"MEDIDOR DE DUREZA GENERAL Y CARBONATADA DULCE\\\/SALADA\"}]},{\"@type\":\"WebSite\",\"@id\":\"https:\\\/\\\/acuariosupremus.com\\\/#website\",\"url\":\"https:\\\/\\\/acuariosupremus.com\\\/\",\"name\":\"Acuario Supremus\",\"description\":\"Peces, Peceras y Mascotas.\",\"publisher\":{\"@id\":\"https:\\\/\\\/acuariosupremus.com\\\/#organization\"},\"potentialAction\":[{\"@type\":\"SearchAction\",\"target\":{\"@type\":\"EntryPoint\",\"urlTemplate\":\"https:\\\/\\\/acuariosupremus.com\\\/?s={search_term_string}\"},\"query-input\":{\"@type\":\"PropertyValueSpecification\",\"valueRequired\":true,\"valueName\":\"search_term_string\"}}],\"inLanguage\":\"es\"},{\"@type\":\"Organization\",\"@id\":\"https:\\\/\\\/acuariosupremus.com\\\/#organization\",\"name\":\"Acuario Supremus\",\"url\":\"https:\\\/\\\/acuariosupremus.com\\\/\",\"logo\":{\"@type\":\"ImageObject\",\"inLanguage\":\"es\",\"@id\":\"https:\\\/\\\/acuariosupremus.com\\\/#\\\/schema\\\/logo\\\/image\\\/\",\"url\":\"https:\\\/\\\/acuariosupremus.com\\\/wp-content\\\/uploads\\\/2021\\\/12\\\/cropped-logo_acuario_supremus_fn-2.png\",\"contentUrl\":\"https:\\\/\\\/acuariosupremus.com\\\/wp-content\\\/uploads\\\/2021\\\/12\\\/cropped-logo_acuario_supremus_fn-2.png\",\"width\":1000,\"height\":318,\"caption\":\"Acuario Supremus\"},\"image\":{\"@id\":\"https:\\\/\\\/acuariosupremus.com\\\/#\\\/schema\\\/logo\\\/image\\\/\"},\"sameAs\":[\"https:\\\/\\\/www.facebook.com\\\/AcuarioSupremus\",\"https:\\\/\\\/x.com\\\/AcuarioSupremus\",\"https:\\\/\\\/www.instagram.com\\\/acuariosupremus\\\/?hl=es\"]}]}<\/script>\n<!-- \/ Yoast SEO plugin. -->","yoast_head_json":{"title":"MEDIDOR DE DUREZA GENERAL Y CARBONATADA DULCE\/SALADA | Acuario Supremus","description":"Test Dureza general y carbonatada, esencial para un pH estable, corales y el crecimiento de plantas, acuarios de agua dulce y salada.","robots":{"index":"index","follow":"follow","max-snippet":"max-snippet:-1","max-image-preview":"max-image-preview:large","max-video-preview":"max-video-preview:-1"},"canonical":"https:\/\/acuariosupremus.com\/?product=medidor-de-dureza-general-y-carbonatada-dulce-salada","og_locale":"es_MX","og_type":"article","og_title":"MEDIDOR DE DUREZA GENERAL Y CARBONATADA DULCE\/SALADA | Acuario Supremus","og_description":"Test Dureza general y carbonatada, esencial para un pH estable, corales y el crecimiento de plantas, acuarios de agua dulce y salada.","og_url":"https:\/\/acuariosupremus.com\/?product=medidor-de-dureza-general-y-carbonatada-dulce-salada","og_site_name":"Acuario Supremus","article_publisher":"https:\/\/www.facebook.com\/AcuarioSupremus","article_modified_time":"2025-12-16T21:21:35+00:00","og_image":[{"width":1000,"height":1000,"url":"https:\/\/acuariosupremus.com\/wp-content\/uploads\/2022\/02\/HA7830.jpg","type":"image\/jpeg"}],"twitter_card":"summary_large_image","twitter_site":"@AcuarioSupremus","twitter_misc":{"Tiempo de lectura":"2 minutos"},"schema":{"@context":"https:\/\/schema.org","@graph":[{"@type":"WebPage","@id":"https:\/\/acuariosupremus.com\/?product=medidor-de-dureza-general-y-carbonatada-dulce-salada","url":"https:\/\/acuariosupremus.com\/?product=medidor-de-dureza-general-y-carbonatada-dulce-salada","name":"MEDIDOR DE DUREZA GENERAL Y CARBONATADA DULCE\/SALADA | Acuario Supremus","isPartOf":{"@id":"https:\/\/acuariosupremus.com\/#website"},"primaryImageOfPage":{"@id":"https:\/\/acuariosupremus.com\/?product=medidor-de-dureza-general-y-carbonatada-dulce-salada#primaryimage"},"image":{"@id":"https:\/\/acuariosupremus.com\/?product=medidor-de-dureza-general-y-carbonatada-dulce-salada#primaryimage"},"thumbnailUrl":"https:\/\/acuariosupremus.com\/wp-content\/uploads\/2022\/02\/HA7830.jpg","datePublished":"2022-02-03T03:39:57+00:00","dateModified":"2025-12-16T21:21:35+00:00","description":"Test Dureza general y carbonatada, esencial para un pH estable, corales y el crecimiento de plantas, acuarios de agua dulce y salada.","breadcrumb":{"@id":"https:\/\/acuariosupremus.com\/?product=medidor-de-dureza-general-y-carbonatada-dulce-salada#breadcrumb"},"inLanguage":"es","potentialAction":[{"@type":"ReadAction","target":["https:\/\/acuariosupremus.com\/?product=medidor-de-dureza-general-y-carbonatada-dulce-salada"]}]},{"@type":"ImageObject","inLanguage":"es","@id":"https:\/\/acuariosupremus.com\/?product=medidor-de-dureza-general-y-carbonatada-dulce-salada#primaryimage","url":"https:\/\/acuariosupremus.com\/wp-content\/uploads\/2022\/02\/HA7830.jpg","contentUrl":"https:\/\/acuariosupremus.com\/wp-content\/uploads\/2022\/02\/HA7830.jpg","width":1000,"height":1000},{"@type":"BreadcrumbList","@id":"https:\/\/acuariosupremus.com\/?product=medidor-de-dureza-general-y-carbonatada-dulce-salada#breadcrumb","itemListElement":[{"@type":"ListItem","position":1,"name":"Portada","item":"https:\/\/acuariosupremus.com\/"},{"@type":"ListItem","position":2,"name":"Tienda","item":"https:\/\/acuariosupremus.com\/tienda\/"},{"@type":"ListItem","position":3,"name":"MEDIDOR DE DUREZA GENERAL Y CARBONATADA DULCE\/SALADA"}]},{"@type":"WebSite","@id":"https:\/\/acuariosupremus.com\/#website","url":"https:\/\/acuariosupremus.com\/","name":"Acuario Supremus","description":"Peces, Peceras y Mascotas.","publisher":{"@id":"https:\/\/acuariosupremus.com\/#organization"},"potentialAction":[{"@type":"SearchAction","target":{"@type":"EntryPoint","urlTemplate":"https:\/\/acuariosupremus.com\/?s={search_term_string}"},"query-input":{"@type":"PropertyValueSpecification","valueRequired":true,"valueName":"search_term_string"}}],"inLanguage":"es"},{"@type":"Organization","@id":"https:\/\/acuariosupremus.com\/#organization","name":"Acuario Supremus","url":"https:\/\/acuariosupremus.com\/","logo":{"@type":"ImageObject","inLanguage":"es","@id":"https:\/\/acuariosupremus.com\/#\/schema\/logo\/image\/","url":"https:\/\/acuariosupremus.com\/wp-content\/uploads\/2021\/12\/cropped-logo_acuario_supremus_fn-2.png","contentUrl":"https:\/\/acuariosupremus.com\/wp-content\/uploads\/2021\/12\/cropped-logo_acuario_supremus_fn-2.png","width":1000,"height":318,"caption":"Acuario Supremus"},"image":{"@id":"https:\/\/acuariosupremus.com\/#\/schema\/logo\/image\/"},"sameAs":["https:\/\/www.facebook.com\/AcuarioSupremus","https:\/\/x.com\/AcuarioSupremus","https:\/\/www.instagram.com\/acuariosupremus\/?hl=es"]}]}},"jetpack_sharing_enabled":true,"_links":{"self":[{"href":"https:\/\/acuariosupremus.com\/index.php?rest_route=\/wp\/v2\/product\/1873","targetHints":{"allow":["GET"]}}],"collection":[{"href":"https:\/\/acuariosupremus.com\/index.php?rest_route=\/wp\/v2\/product"}],"about":[{"href":"https:\/\/acuariosupremus.com\/index.php?rest_route=\/wp\/v2\/types\/product"}],"wp:featuredmedia":[{"embeddable":true,"href":"https:\/\/acuariosupremus.com\/index.php?rest_route=\/wp\/v2\/media\/1874"}],"wp:attachment":[{"href":"https:\/\/acuariosupremus.com\/index.php?rest_route=%2Fwp%2Fv2%2Fmedia&parent=1873"}],"wp:term":[{"taxonomy":"product_brand","embeddable":true,"href":"https:\/\/acuariosupremus.com\/index.php?rest_route=%2Fwp%2Fv2%2Fproduct_brand&post=1873"},{"taxonomy":"product_cat","embeddable":true,"href":"https:\/\/acuariosupremus.com\/index.php?rest_route=%2Fwp%2Fv2%2Fproduct_cat&post=1873"},{"taxonomy":"product_tag","embeddable":true,"href":"https:\/\/acuariosupremus.com\/index.php?rest_route=%2Fwp%2Fv2%2Fproduct_tag&post=1873"}],"curies":[{"name":"wp","href":"https:\/\/api.w.org\/{rel}","templated":true}]}}